{"id":34047,"date":"2025-04-08T21:35:39","date_gmt":"2025-04-09T03:35:39","guid":{"rendered":"https:\/\/www.mexicanguitarplayers.com\/tienda\/sin categor\u00eda\/lampara-adj-mega-go-par64-rgba\/"},"modified":"2026-01-22T04:19:03","modified_gmt":"2026-01-22T10:19:03","slug":"lampara-adj-mega-go-par64-rgba","status":"publish","type":"product","link":"https:\/\/www.mexicanguitarplayers.com\/en\/tienda\/iluminacion\/leds\/pares\/lampara-adj-mega-go-par64-rgba\/","title":{"rendered":"LAMPARA ADJ MEGA GO PAR64 RGBA"},"content":{"rendered":"<div style=\"text-align: justify\">\n<div>\n<h3>Disfruta la fiesta con este potente par.<\/h3>\n<\/div>\n<div>El Mega Go Par 64 RGBA de American DJ es un LED par con bater\u00eda recargable de litio de bajo perfil que ofrece la creatividad de la mezcla de colores RGBA para wash o stage, adem\u00e1s de libertad para configurar el dispositivo donde lo desees sin restricciones de energ\u00eda. La bater\u00eda incluida mantendr\u00e1 una carga de hasta 8 horas (cargado totalmente) de una sola carga completa. Este accesorio utiliza LEDs de larga vida de aproximadamente 50,000 horas con un consumo m\u00e1ximo de energ\u00eda de 22 watts, el direccionamiento DMX puede ser cambiado desde la pantalla LED de 4 botones de la unidad o controlado por un controlador DMX o con el control remoto RFC (ambos se venden por separado).<\/div>\n<div>\n<h4>Quick look<\/h4>\n<\/div>\n<ul style=\"margin: 0px 0px 0px 25px\">\n<li style=\"list-style-type: circle;margin: 5px\">Mega GO Par64 RGBA.<\/li>\n<li style=\"list-style-type: circle;margin: 5px\">Operaci\u00f3n de cambio de color.<\/li>\n<li style=\"list-style-type: circle;margin: 5px\">LEDs de larga vida.<\/li>\n<li style=\"list-style-type: circle;margin: 5px\">7 canales DMX.<\/li>\n<li style=\"list-style-type: circle;margin: 5px\">5 modos de operaci\u00f3n.<\/li>\n<li style=\"list-style-type: circle;margin: 5px\">\u00c1ngulo de haz.<\/li>\n<li style=\"list-style-type: circle;margin: 5px\">Atenuaci\u00f3n.<\/li>\n<li style=\"list-style-type: circle;margin: 5px\">Conexi\u00f3n en cadena.<\/li>\n<li style=\"list-style-type: circle;margin: 5px\">Display.<\/li>\n<li style=\"list-style-type: circle;margin: 5px\">Energy consumption.<\/li>\n<li style=\"list-style-type: circle;margin: 5px\">Control remoto compatible.<\/li>\n<li style=\"list-style-type: circle;margin: 5px\">Vida de la bater\u00eda.<\/li>\n<li style=\"list-style-type: circle;margin: 5px\">Operaci\u00f3n multi voltaje.<\/li>\n<li style=\"list-style-type: circle;margin: 5px\">Dimensions.<\/li>\n<li style=\"list-style-type: circle;margin: 5px\">Weight.<\/li>\n<\/ul>\n<div>\n<div style=\"font-weight: bold\">Mega GO Par64 RGBA.<\/div>\n<div>\n<p>Par 64 ultra brillante alimentado por bater\u00eda, 177 LEDs de 10 mm (36 rojos, 54 verdes, 53 azules y 34 \u00e1mbar).<\/p>\n<\/div>\n<div style=\"font-weight: bold\">Operaci\u00f3n de cambio de color.<\/div>\n<div>\n<p>Suave mezcla de color RGBA con una rica paleta de colores creada por la mezcla de los LEDs.<\/p>\n<\/div>\n<div style=\"font-weight: bold\">LEDs de larga vida.<\/div>\n<div>\n<p>Aproximadamente 50,000 horas.<\/p>\n<\/div>\n<div style=\"font-weight: bold\">7 canales DMX.<\/div>\n<div>\n<p>1, 2, 4, 5, 6, 7 &amp; 8 canales.<\/p>\n<\/div>\n<div style=\"font-weight: bold\">5 modos de operaci\u00f3n.<\/div>\n<div>\n<p>Auto (Program Run), Activado por sonido, Dimmer RGBA, color est\u00e1tico y modo DMX 512.<\/p>\n<\/div>\n<div style=\"font-weight: bold\">\u00c1ngulo de haz.<\/div>\n<div>\n<p>30 grados.<\/p>\n<\/div>\n<div style=\"font-weight: bold\">Atenuaci\u00f3n.<\/div>\n<div>\n<p>0 &#8211; 100%.<\/p>\n<\/div>\n<div style=\"font-weight: bold\">Conexi\u00f3n en cadena.<\/div>\n<div>\n<p>IEC AC Power E\/S para conectar en cadena (Hasta 30 Mega Go Par64 RGBA\u2019s).<\/p>\n<\/div>\n<div style=\"font-weight: bold\">Display.<\/div>\n<div>\n<p>Pantalla LED de 4 botones en la parte posterior.<\/p>\n<\/div>\n<div style=\"font-weight: bold\">Energy consumption.<\/div>\n<div>\n<p>22 watts m\u00e1ximo.<\/p>\n<\/div>\n<div style=\"font-weight: bold\">Control remoto compatible.<\/div>\n<div>\n<p>Compatible con el control remoto RFC de American DJ con alcance de hasta 10 metros (no incluido).<\/p>\n<\/div>\n<div style=\"font-weight: bold\">Vida de la bater\u00eda.<\/div>\n<div>\n<p>8 horas con carga completa.Tiempo de carga: 6.5 horas.<\/p>\n<\/div>\n<div style=\"font-weight: bold\">Operaci\u00f3n multi voltaje.<\/div>\n<div>\n<p>AC 100V\/60Hz &#8211; 240V\/50Hz.<\/p>\n<\/div>\n<div style=\"font-weight: bold\">Dimensions.<\/div>\n<div>\n<p>262 x 260 x 110 mm.<\/p>\n<\/div>\n<div style=\"font-weight: bold\">Weight.<\/div>\n<div>\n<p>2.2 kg.<\/p>\n<\/div>\n<\/div>\n<div>\n<h4>Characteristics<\/h4>\n<\/div>\n<div>\n<ul style=\"margin: 0px 0px 0px 25px\">\n<li style=\"list-style-type: circle;margin: 5px\">Bater\u00eda de litio recargable incorporada al accesorio.<\/li>\n<li style=\"list-style-type: circle;margin: 5px\">Libre de parpadeos.<\/li>\n<li style=\"list-style-type: circle;margin: 5px\">48 macros de color incorporados.<\/li>\n<li style=\"list-style-type: circle;margin: 5px\">Pulso LED y efecto de estrobo.<\/li>\n<li style=\"list-style-type: circle;margin: 5px\">Enlazable por medio de cable DMX XLR de 3 pines.<\/li>\n<li style=\"list-style-type: circle;margin: 5px\">Sistema de yugo dual para colgar o instalarlo en el suelo.<\/li>\n<\/ul>\n<\/div>\n<\/div>","protected":false},"excerpt":{"rendered":"<p>Par 64 ultra brillante alimentado por bater\u00eda de litio, 177 LEDs de 10 mm (36 rojos, 54 verdes, 53 azules y 34 \u00e1mbar), 7 canales DMX.1, 2, 4, 5, 6, 7 &amp; 8 canales, 5 modos de operaci\u00f3n: Auto (Program Run), Activado por sonido, Dimmer RGBA, color est\u00e1tico y modo DMX 512, libre de parpadeos, 48 macros de color incorporados, \u00e1ngulo de haz: 30 grados, pantalla LED de 4 botones en la parte posterior, sistema de yugo dual para colgar o instalarlo en el suelo, consumo de energ\u00eda:22 watts m\u00e1ximo.&hellip; <a class=\"kt-excerpt-readmore more-link\" href=\"https:\/\/www.mexicanguitarplayers.com\/en\/tienda\/iluminacion\/leds\/pares\/lampara-adj-mega-go-par64-rgba\/\">Read more<\/a><\/p>","protected":false},"featured_media":34046,"comment_status":"open","ping_status":"closed","template":"","meta":{"kt_blocks_editor_width":""},"pwb-brand":[556],"product_brand":[],"product_cat":[406,408,409],"product_tag":[],"class_list":{"0":"post-34047","1":"product","2":"type-product","3":"status-publish","4":"has-post-thumbnail","6":"pwb-brand-adj","7":"product_cat-iluminacion","8":"product_cat-leds","9":"product_cat-pares","10":"product_shipping_class-0-5-kg","12":"first","13":"outofstock","14":"taxable","15":"shipping-taxable","16":"purchasable","17":"product-type-simple"},"yoast_head":"<!-- This site is optimized with the Yoast SEO plugin v27.3 - https:\/\/yoast.com\/product\/yoast-seo-wordpress\/ -->\n<title>LAMPARA ADJ MEGA GO PAR64 RGBA - Mexican Guitar Players<\/title>\n<meta name=\"description\" content=\"Par 64 ultra brillante alimentado por bater\u00eda de litio, 177 LEDs de 10 mm (36 rojos, 54 verdes, 53 azules y 34 \u00e1mbar), 7 canales DMX.1, 2, 4, 5, 6, 7 &amp; 8 canales, 5 modos de operaci\u00f3n: Auto (Program Run), Activado por sonido, Dimmer RGBA, color est\u00e1tico y modo DMX 512, libre de parpadeos, 48 macros de color incorporados, \u00e1ngulo de haz: 30 grados, pantalla LED de 4 botones en la parte posterior, sistema de yugo dual para colgar o instalarlo en el suelo, consumo de energ\u00eda:22 watts m\u00e1ximo.\" \/>\n<meta name=\"robots\" content=\"index, follow, max-snippet:-1, max-image-preview:large, max-video-preview:-1\" \/>\n<link rel=\"canonical\" href=\"https:\/\/www.mexicanguitarplayers.com\/en\/tienda\/sin%20categor\u00eda\/lampara-adj-mega-go-par64-rgba\/\" \/>\n<meta property=\"og:locale\" content=\"en_US\" \/>\n<meta property=\"og:type\" content=\"article\" \/>\n<meta property=\"og:title\" content=\"LAMPARA ADJ MEGA GO PAR64 RGBA - Mexican Guitar Players\" \/>\n<meta property=\"og:description\" content=\"Par 64 ultra brillante alimentado por bater\u00eda de litio, 177 LEDs de 10 mm (36 rojos, 54 verdes, 53 azules y 34 \u00e1mbar), 7 canales DMX.1, 2, 4, 5, 6, 7 &amp; 8 canales, 5 modos de operaci\u00f3n: Auto (Program Run), Activado por sonido, Dimmer RGBA, color est\u00e1tico y modo DMX 512, libre de parpadeos, 48 macros de color incorporados, \u00e1ngulo de haz: 30 grados, pantalla LED de 4 botones en la parte posterior, sistema de yugo dual para colgar o instalarlo en el suelo, consumo de energ\u00eda:22 watts m\u00e1ximo.\" \/>\n<meta property=\"og:url\" content=\"https:\/\/www.mexicanguitarplayers.com\/en\/tienda\/sin categor\u00eda\/lampara-adj-mega-go-par64-rgba\/\" \/>\n<meta property=\"og:site_name\" content=\"Mexican Guitar Players\" \/>\n<meta property=\"article:modified_time\" content=\"2026-01-22T10:19:03+00:00\" \/>\n<meta name=\"twitter:card\" content=\"summary_large_image\" \/>\n<meta name=\"twitter:label1\" content=\"Est. reading time\" \/>\n\t<meta name=\"twitter:data1\" content=\"2 minutes\" \/>\n<script type=\"application\/ld+json\" class=\"yoast-schema-graph\">{\"@context\":\"https:\\\/\\\/schema.org\",\"@graph\":[{\"@type\":[\"WebPage\",\"ItemPage\"],\"@id\":\"https:\\\/\\\/www.mexicanguitarplayers.com\\\/tienda\\\/sin categor\u00eda\\\/lampara-adj-mega-go-par64-rgba\\\/\",\"url\":\"https:\\\/\\\/www.mexicanguitarplayers.com\\\/tienda\\\/sin categor\u00eda\\\/lampara-adj-mega-go-par64-rgba\\\/\",\"name\":\"LAMPARA ADJ MEGA GO PAR64 RGBA - Mexican Guitar Players\",\"isPartOf\":{\"@id\":\"https:\\\/\\\/www.mexicanguitarplayers.com\\\/#website\"},\"primaryImageOfPage\":{\"@id\":\"https:\\\/\\\/www.mexicanguitarplayers.com\\\/tienda\\\/sin categor\u00eda\\\/lampara-adj-mega-go-par64-rgba\\\/#primaryimage\"},\"image\":{\"@id\":\"https:\\\/\\\/www.mexicanguitarplayers.com\\\/tienda\\\/sin categor\u00eda\\\/lampara-adj-mega-go-par64-rgba\\\/#primaryimage\"},\"thumbnailUrl\":\"https:\\\/\\\/www.mexicanguitarplayers.com\\\/wp-content\\\/uploads\\\/2025\\\/04\\\/LUADJMEG236.jpg\",\"datePublished\":\"2025-04-09T03:35:39+00:00\",\"dateModified\":\"2026-01-22T10:19:03+00:00\",\"description\":\"Par 64 ultra brillante alimentado por bater\u00eda de litio, 177 LEDs de 10 mm (36 rojos, 54 verdes, 53 azules y 34 \u00e1mbar), 7 canales DMX.1, 2, 4, 5, 6, 7 &amp; 8 canales, 5 modos de operaci\u00f3n: Auto (Program Run), Activado por sonido, Dimmer RGBA, color est\u00e1tico y modo DMX 512, libre de parpadeos, 48 macros de color incorporados, \u00e1ngulo de haz: 30 grados, pantalla LED de 4 botones en la parte posterior, sistema de yugo dual para colgar o instalarlo en el suelo, consumo de energ\u00eda:22 watts m\u00e1ximo.\",\"breadcrumb\":{\"@id\":\"https:\\\/\\\/www.mexicanguitarplayers.com\\\/tienda\\\/sin categor\u00eda\\\/lampara-adj-mega-go-par64-rgba\\\/#breadcrumb\"},\"inLanguage\":\"en-US\",\"potentialAction\":[{\"@type\":\"ReadAction\",\"target\":[\"https:\\\/\\\/www.mexicanguitarplayers.com\\\/tienda\\\/sin categor\u00eda\\\/lampara-adj-mega-go-par64-rgba\\\/\"]}]},{\"@type\":\"ImageObject\",\"inLanguage\":\"en-US\",\"@id\":\"https:\\\/\\\/www.mexicanguitarplayers.com\\\/tienda\\\/sin categor\u00eda\\\/lampara-adj-mega-go-par64-rgba\\\/#primaryimage\",\"url\":\"https:\\\/\\\/www.mexicanguitarplayers.com\\\/wp-content\\\/uploads\\\/2025\\\/04\\\/LUADJMEG236.jpg\",\"contentUrl\":\"https:\\\/\\\/www.mexicanguitarplayers.com\\\/wp-content\\\/uploads\\\/2025\\\/04\\\/LUADJMEG236.jpg\",\"width\":1200,\"height\":1200},{\"@type\":\"BreadcrumbList\",\"@id\":\"https:\\\/\\\/www.mexicanguitarplayers.com\\\/tienda\\\/sin categor\u00eda\\\/lampara-adj-mega-go-par64-rgba\\\/#breadcrumb\",\"itemListElement\":[{\"@type\":\"ListItem\",\"position\":1,\"name\":\"Portada\",\"item\":\"https:\\\/\\\/www.mexicanguitarplayers.com\\\/\"},{\"@type\":\"ListItem\",\"position\":2,\"name\":\"Tienda\",\"item\":\"https:\\\/\\\/www.mexicanguitarplayers.com\\\/tienda\\\/\"},{\"@type\":\"ListItem\",\"position\":3,\"name\":\"LAMPARA ADJ MEGA GO PAR64 RGBA\"}]},{\"@type\":\"WebSite\",\"@id\":\"https:\\\/\\\/www.mexicanguitarplayers.com\\\/#website\",\"url\":\"https:\\\/\\\/www.mexicanguitarplayers.com\\\/\",\"name\":\"Mexican Guitar Players\",\"description\":\"Website\",\"publisher\":{\"@id\":\"https:\\\/\\\/www.mexicanguitarplayers.com\\\/#organization\"},\"potentialAction\":[{\"@type\":\"SearchAction\",\"target\":{\"@type\":\"EntryPoint\",\"urlTemplate\":\"https:\\\/\\\/www.mexicanguitarplayers.com\\\/?s={search_term_string}\"},\"query-input\":{\"@type\":\"PropertyValueSpecification\",\"valueRequired\":true,\"valueName\":\"search_term_string\"}}],\"inLanguage\":\"en-US\"},{\"@type\":\"Organization\",\"@id\":\"https:\\\/\\\/www.mexicanguitarplayers.com\\\/#organization\",\"name\":\"Mexican Guitar Players\",\"url\":\"https:\\\/\\\/www.mexicanguitarplayers.com\\\/\",\"logo\":{\"@type\":\"ImageObject\",\"inLanguage\":\"en-US\",\"@id\":\"https:\\\/\\\/www.mexicanguitarplayers.com\\\/#\\\/schema\\\/logo\\\/image\\\/\",\"url\":\"\",\"contentUrl\":\"\",\"caption\":\"Mexican Guitar Players\"},\"image\":{\"@id\":\"https:\\\/\\\/www.mexicanguitarplayers.com\\\/#\\\/schema\\\/logo\\\/image\\\/\"}}]}<\/script>\n<!-- \/ Yoast SEO plugin. -->","yoast_head_json":{"title":"LAMPARA ADJ MEGA GO PAR64 RGBA - Mexican Guitar Players","description":"Par 64 ultra brillante alimentado por bater\u00eda de litio, 177 LEDs de 10 mm (36 rojos, 54 verdes, 53 azules y 34 \u00e1mbar), 7 canales DMX.1, 2, 4, 5, 6, 7 &amp; 8 canales, 5 modos de operaci\u00f3n: Auto (Program Run), Activado por sonido, Dimmer RGBA, color est\u00e1tico y modo DMX 512, libre de parpadeos, 48 macros de color incorporados, \u00e1ngulo de haz: 30 grados, pantalla LED de 4 botones en la parte posterior, sistema de yugo dual para colgar o instalarlo en el suelo, consumo de energ\u00eda:22 watts m\u00e1ximo.","robots":{"index":"index","follow":"follow","max-snippet":"max-snippet:-1","max-image-preview":"max-image-preview:large","max-video-preview":"max-video-preview:-1"},"canonical":"https:\/\/www.mexicanguitarplayers.com\/en\/tienda\/sin categor\u00eda\/lampara-adj-mega-go-par64-rgba\/","og_locale":"en_US","og_type":"article","og_title":"LAMPARA ADJ MEGA GO PAR64 RGBA - Mexican Guitar Players","og_description":"Par 64 ultra brillante alimentado por bater\u00eda de litio, 177 LEDs de 10 mm (36 rojos, 54 verdes, 53 azules y 34 \u00e1mbar), 7 canales DMX.1, 2, 4, 5, 6, 7 &amp; 8 canales, 5 modos de operaci\u00f3n: Auto (Program Run), Activado por sonido, Dimmer RGBA, color est\u00e1tico y modo DMX 512, libre de parpadeos, 48 macros de color incorporados, \u00e1ngulo de haz: 30 grados, pantalla LED de 4 botones en la parte posterior, sistema de yugo dual para colgar o instalarlo en el suelo, consumo de energ\u00eda:22 watts m\u00e1ximo.","og_url":"https:\/\/www.mexicanguitarplayers.com\/en\/tienda\/sin categor\u00eda\/lampara-adj-mega-go-par64-rgba\/","og_site_name":"Mexican Guitar Players","article_modified_time":"2026-01-22T10:19:03+00:00","twitter_card":"summary_large_image","twitter_misc":{"Est. reading time":"2 minutes"},"schema":{"@context":"https:\/\/schema.org","@graph":[{"@type":["WebPage","ItemPage"],"@id":"https:\/\/www.mexicanguitarplayers.com\/tienda\/sin categor\u00eda\/lampara-adj-mega-go-par64-rgba\/","url":"https:\/\/www.mexicanguitarplayers.com\/tienda\/sin categor\u00eda\/lampara-adj-mega-go-par64-rgba\/","name":"LAMPARA ADJ MEGA GO PAR64 RGBA - Mexican Guitar Players","isPartOf":{"@id":"https:\/\/www.mexicanguitarplayers.com\/#website"},"primaryImageOfPage":{"@id":"https:\/\/www.mexicanguitarplayers.com\/tienda\/sin categor\u00eda\/lampara-adj-mega-go-par64-rgba\/#primaryimage"},"image":{"@id":"https:\/\/www.mexicanguitarplayers.com\/tienda\/sin categor\u00eda\/lampara-adj-mega-go-par64-rgba\/#primaryimage"},"thumbnailUrl":"https:\/\/www.mexicanguitarplayers.com\/wp-content\/uploads\/2025\/04\/LUADJMEG236.jpg","datePublished":"2025-04-09T03:35:39+00:00","dateModified":"2026-01-22T10:19:03+00:00","description":"Par 64 ultra brillante alimentado por bater\u00eda de litio, 177 LEDs de 10 mm (36 rojos, 54 verdes, 53 azules y 34 \u00e1mbar), 7 canales DMX.1, 2, 4, 5, 6, 7 &amp; 8 canales, 5 modos de operaci\u00f3n: Auto (Program Run), Activado por sonido, Dimmer RGBA, color est\u00e1tico y modo DMX 512, libre de parpadeos, 48 macros de color incorporados, \u00e1ngulo de haz: 30 grados, pantalla LED de 4 botones en la parte posterior, sistema de yugo dual para colgar o instalarlo en el suelo, consumo de energ\u00eda:22 watts m\u00e1ximo.","breadcrumb":{"@id":"https:\/\/www.mexicanguitarplayers.com\/tienda\/sin categor\u00eda\/lampara-adj-mega-go-par64-rgba\/#breadcrumb"},"inLanguage":"en-US","potentialAction":[{"@type":"ReadAction","target":["https:\/\/www.mexicanguitarplayers.com\/tienda\/sin categor\u00eda\/lampara-adj-mega-go-par64-rgba\/"]}]},{"@type":"ImageObject","inLanguage":"en-US","@id":"https:\/\/www.mexicanguitarplayers.com\/tienda\/sin categor\u00eda\/lampara-adj-mega-go-par64-rgba\/#primaryimage","url":"https:\/\/www.mexicanguitarplayers.com\/wp-content\/uploads\/2025\/04\/LUADJMEG236.jpg","contentUrl":"https:\/\/www.mexicanguitarplayers.com\/wp-content\/uploads\/2025\/04\/LUADJMEG236.jpg","width":1200,"height":1200},{"@type":"BreadcrumbList","@id":"https:\/\/www.mexicanguitarplayers.com\/tienda\/sin categor\u00eda\/lampara-adj-mega-go-par64-rgba\/#breadcrumb","itemListElement":[{"@type":"ListItem","position":1,"name":"Portada","item":"https:\/\/www.mexicanguitarplayers.com\/"},{"@type":"ListItem","position":2,"name":"Tienda","item":"https:\/\/www.mexicanguitarplayers.com\/tienda\/"},{"@type":"ListItem","position":3,"name":"LAMPARA ADJ MEGA GO PAR64 RGBA"}]},{"@type":"WebSite","@id":"https:\/\/www.mexicanguitarplayers.com\/#website","url":"https:\/\/www.mexicanguitarplayers.com\/","name":"Mexican Guitar Players","description":"Website","publisher":{"@id":"https:\/\/www.mexicanguitarplayers.com\/#organization"},"potentialAction":[{"@type":"SearchAction","target":{"@type":"EntryPoint","urlTemplate":"https:\/\/www.mexicanguitarplayers.com\/?s={search_term_string}"},"query-input":{"@type":"PropertyValueSpecification","valueRequired":true,"valueName":"search_term_string"}}],"inLanguage":"en-US"},{"@type":"Organization","@id":"https:\/\/www.mexicanguitarplayers.com\/#organization","name":"Mexican Guitar Players","url":"https:\/\/www.mexicanguitarplayers.com\/","logo":{"@type":"ImageObject","inLanguage":"en-US","@id":"https:\/\/www.mexicanguitarplayers.com\/#\/schema\/logo\/image\/","url":"","contentUrl":"","caption":"Mexican Guitar Players"},"image":{"@id":"https:\/\/www.mexicanguitarplayers.com\/#\/schema\/logo\/image\/"}}]}},"brands":[{"id":556,"name":"ADJ","slug":"adj"}],"_links":{"self":[{"href":"https:\/\/www.mexicanguitarplayers.com\/en\/wp-json\/wp\/v2\/product\/34047","targetHints":{"allow":["GET"]}}],"collection":[{"href":"https:\/\/www.mexicanguitarplayers.com\/en\/wp-json\/wp\/v2\/product"}],"about":[{"href":"https:\/\/www.mexicanguitarplayers.com\/en\/wp-json\/wp\/v2\/types\/product"}],"replies":[{"embeddable":true,"href":"https:\/\/www.mexicanguitarplayers.com\/en\/wp-json\/wp\/v2\/comments?post=34047"}],"wp:featuredmedia":[{"embeddable":true,"href":"https:\/\/www.mexicanguitarplayers.com\/en\/wp-json\/wp\/v2\/media\/34046"}],"wp:attachment":[{"href":"https:\/\/www.mexicanguitarplayers.com\/en\/wp-json\/wp\/v2\/media?parent=34047"}],"wp:term":[{"taxonomy":"pwb-brand","embeddable":true,"href":"https:\/\/www.mexicanguitarplayers.com\/en\/wp-json\/wp\/v2\/pwb-brand?post=34047"},{"taxonomy":"product_brand","embeddable":true,"href":"https:\/\/www.mexicanguitarplayers.com\/en\/wp-json\/wp\/v2\/product_brand?post=34047"},{"taxonomy":"product_cat","embeddable":true,"href":"https:\/\/www.mexicanguitarplayers.com\/en\/wp-json\/wp\/v2\/product_cat?post=34047"},{"taxonomy":"product_tag","embeddable":true,"href":"https:\/\/www.mexicanguitarplayers.com\/en\/wp-json\/wp\/v2\/product_tag?post=34047"}],"curies":[{"name":"wp","href":"https:\/\/api.w.org\/{rel}","templated":true}]}}