{"id":34138,"date":"2025-04-08T21:38:02","date_gmt":"2025-04-09T03:38:02","guid":{"rendered":"https:\/\/www.mexicanguitarplayers.com\/tienda\/sin categor\u00eda\/pastilla-fishman-p-guitarra-pro-sbt-cla\/"},"modified":"2026-05-01T07:22:21","modified_gmt":"2026-05-01T13:22:21","slug":"pastilla-fishman-p-guitarra-pro-sbt-cla","status":"publish","type":"product","link":"https:\/\/www.mexicanguitarplayers.com\/en\/tienda\/accesorios\/para-guitarras\/pastillas-para-guitarra-acustica\/pastilla-fishman-p-guitarra-pro-sbt-cla\/","title":{"rendered":"PASTILLA FISHMAN P\/GUITARRA  PRO-SBT-CLA"},"content":{"rendered":"<div style=\"text-align: justify\">\n<div>\n<h3>Transductor para guitarra cl\u00e1sica y ac\u00fastica<\/h3>\n<\/div>\n<div>Pastilla Fishman mod. PRO-SBT-CLA de contacto para guitarra cl\u00e1sica y ac\u00fastica. Incluye cable largo con jack de 1\/4&#8243; para colocarse en cualquier parte del instrumento mediante una presilla adhesiva. Produce un sonido pleno, transparente y natural y puede montarse sobre cualquier superficie vibrante plana. Capta todas las micro-vibraciones de dicha superficie y son una alternativa muy pr\u00e1ctica ante unidades m\u00e1s costosas, mismas que requieren de un instalador profesional. Se recomienda (pero no es imprescindible) el uso de un preamp con impedancia compatible. Desde 1981, Fishman es la compa\u00f1\u00eda que dise\u00f1a y fabrica los mejores y m\u00e1s finos dispositivos de captaci\u00f3n de sonido para instrumentos ac\u00fasticos del mercado.<\/div>\n<div>\n<h4>Quick look<\/h4>\n<\/div>\n<ul style=\"margin: 0px 0px 0px 25px\">\n<li style=\"list-style-type: circle;margin: 5px\">Pastilla de contacto para guitarra cl\u00e1sica, ac\u00fastica y cualquier otro instrumento similar.<\/li>\n<li style=\"list-style-type: circle;margin: 5px\">Jack de 1\/4&#8243; con presilla adhesiva.<\/li>\n<\/ul>\n<div>\n<div style=\"font-weight: bold\">Pastilla de contacto para guitarra cl\u00e1sica, ac\u00fastica y cualquier otro instrumento similar.<\/div>\n<div>\n<p>Se coloca f\u00e1cilmente debajo del puente y la presilla adherible puede ubicarse en cualquier parte del instrumento.<\/p>\n<\/div>\n<div style=\"font-weight: bold\">Jack de 1\/4&#8243; con presilla adhesiva.<\/div>\n<div>\n<p>Gran versatilidad de conexi\u00f3n.<\/p>\n<\/div>\n<\/div>\n<div>\n<h4>Characteristics<\/h4>\n<\/div>\n<div>\n<ul style=\"margin: 0px 0px 0px 25px\">\n<li style=\"list-style-type: circle;margin: 5px\">Peque\u00f1o y discreto.<\/li>\n<\/ul>\n<\/div>\n<\/div>","protected":false},"excerpt":{"rendered":"<p>Pastilla Fishman mod. PRO-SBT-CLA de contacto para guitarra cl\u00e1sica y ac\u00fastica.Incluye cable largo con jack de 1\/4\u201d para colocarse en una superficie vibrante y plana un instrumento ac\u00fastico.&hellip; <a class=\"kt-excerpt-readmore more-link\" href=\"https:\/\/www.mexicanguitarplayers.com\/en\/tienda\/accesorios\/para-guitarras\/pastillas-para-guitarra-acustica\/pastilla-fishman-p-guitarra-pro-sbt-cla\/\">Read more<\/a><\/p>","protected":false},"featured_media":34134,"comment_status":"open","ping_status":"closed","template":"","meta":{"kt_blocks_editor_width":""},"pwb-brand":[248],"product_brand":[],"product_cat":[85,336,357],"product_tag":[],"class_list":{"0":"post-34138","1":"product","2":"type-product","3":"status-publish","4":"has-post-thumbnail","6":"pwb-brand-fishman","7":"product_cat-accesorios","8":"product_cat-para-guitarras","9":"product_cat-pastillas-para-guitarra-acustica","10":"product_shipping_class-0-5-kg","12":"first","13":"instock","14":"taxable","15":"shipping-taxable","16":"purchasable","17":"product-type-simple"},"yoast_head":"<!-- This site is optimized with the Yoast SEO plugin v27.6 - https:\/\/yoast.com\/product\/yoast-seo-wordpress\/ -->\n<title>PASTILLA FISHMAN P\/GUITARRA PRO-SBT-CLA - Mexican Guitar Players<\/title>\n<meta name=\"description\" content=\"Pastilla Fishman mod. PRO-SBT-CLA de contacto para guitarra cl\u00e1sica y ac\u00fastica.Incluye cable largo con jack de 1\/4\u201d para colocarse en una superficie vibrante y plana un instrumento ac\u00fastico.\" \/>\n<meta name=\"robots\" content=\"index, follow, max-snippet:-1, max-image-preview:large, max-video-preview:-1\" \/>\n<link rel=\"canonical\" href=\"https:\/\/www.mexicanguitarplayers.com\/en\/tienda\/sin%20categor\u00eda\/pastilla-fishman-p-guitarra-pro-sbt-cla\/\" \/>\n<meta property=\"og:locale\" content=\"en_US\" \/>\n<meta property=\"og:type\" content=\"article\" \/>\n<meta property=\"og:title\" content=\"PASTILLA FISHMAN P\/GUITARRA PRO-SBT-CLA - Mexican Guitar Players\" \/>\n<meta property=\"og:description\" content=\"Pastilla Fishman mod. PRO-SBT-CLA de contacto para guitarra cl\u00e1sica y ac\u00fastica.Incluye cable largo con jack de 1\/4\u201d para colocarse en una superficie vibrante y plana un instrumento ac\u00fastico.\" \/>\n<meta property=\"og:url\" content=\"https:\/\/www.mexicanguitarplayers.com\/en\/tienda\/sin categor\u00eda\/pastilla-fishman-p-guitarra-pro-sbt-cla\/\" \/>\n<meta property=\"og:site_name\" content=\"Mexican Guitar Players\" \/>\n<meta property=\"article:modified_time\" content=\"2026-05-01T13:22:21+00:00\" \/>\n<meta name=\"twitter:card\" content=\"summary_large_image\" \/>\n<meta name=\"twitter:label1\" content=\"Est. reading time\" \/>\n\t<meta name=\"twitter:data1\" content=\"1 minute\" \/>\n<script type=\"application\/ld+json\" class=\"yoast-schema-graph\">{\"@context\":\"https:\\\/\\\/schema.org\",\"@graph\":[{\"@type\":[\"WebPage\",\"ItemPage\"],\"@id\":\"https:\\\/\\\/www.mexicanguitarplayers.com\\\/tienda\\\/sin categor\u00eda\\\/pastilla-fishman-p-guitarra-pro-sbt-cla\\\/\",\"url\":\"https:\\\/\\\/www.mexicanguitarplayers.com\\\/tienda\\\/sin categor\u00eda\\\/pastilla-fishman-p-guitarra-pro-sbt-cla\\\/\",\"name\":\"PASTILLA FISHMAN P\\\/GUITARRA PRO-SBT-CLA - Mexican Guitar Players\",\"isPartOf\":{\"@id\":\"https:\\\/\\\/www.mexicanguitarplayers.com\\\/#website\"},\"primaryImageOfPage\":{\"@id\":\"https:\\\/\\\/www.mexicanguitarplayers.com\\\/tienda\\\/sin categor\u00eda\\\/pastilla-fishman-p-guitarra-pro-sbt-cla\\\/#primaryimage\"},\"image\":{\"@id\":\"https:\\\/\\\/www.mexicanguitarplayers.com\\\/tienda\\\/sin categor\u00eda\\\/pastilla-fishman-p-guitarra-pro-sbt-cla\\\/#primaryimage\"},\"thumbnailUrl\":\"https:\\\/\\\/www.mexicanguitarplayers.com\\\/wp-content\\\/uploads\\\/2025\\\/04\\\/RAFISPROSBTCLA.jpg\",\"datePublished\":\"2025-04-09T03:38:02+00:00\",\"dateModified\":\"2026-05-01T13:22:21+00:00\",\"description\":\"Pastilla Fishman mod. PRO-SBT-CLA de contacto para guitarra cl\u00e1sica y ac\u00fastica.Incluye cable largo con jack de 1\\\/4\u201d para colocarse en una superficie vibrante y plana un instrumento ac\u00fastico.\",\"breadcrumb\":{\"@id\":\"https:\\\/\\\/www.mexicanguitarplayers.com\\\/tienda\\\/sin categor\u00eda\\\/pastilla-fishman-p-guitarra-pro-sbt-cla\\\/#breadcrumb\"},\"inLanguage\":\"en-US\",\"potentialAction\":[{\"@type\":\"ReadAction\",\"target\":[\"https:\\\/\\\/www.mexicanguitarplayers.com\\\/tienda\\\/sin categor\u00eda\\\/pastilla-fishman-p-guitarra-pro-sbt-cla\\\/\"]}]},{\"@type\":\"ImageObject\",\"inLanguage\":\"en-US\",\"@id\":\"https:\\\/\\\/www.mexicanguitarplayers.com\\\/tienda\\\/sin categor\u00eda\\\/pastilla-fishman-p-guitarra-pro-sbt-cla\\\/#primaryimage\",\"url\":\"https:\\\/\\\/www.mexicanguitarplayers.com\\\/wp-content\\\/uploads\\\/2025\\\/04\\\/RAFISPROSBTCLA.jpg\",\"contentUrl\":\"https:\\\/\\\/www.mexicanguitarplayers.com\\\/wp-content\\\/uploads\\\/2025\\\/04\\\/RAFISPROSBTCLA.jpg\",\"width\":1200,\"height\":1200},{\"@type\":\"BreadcrumbList\",\"@id\":\"https:\\\/\\\/www.mexicanguitarplayers.com\\\/tienda\\\/sin categor\u00eda\\\/pastilla-fishman-p-guitarra-pro-sbt-cla\\\/#breadcrumb\",\"itemListElement\":[{\"@type\":\"ListItem\",\"position\":1,\"name\":\"Portada\",\"item\":\"https:\\\/\\\/www.mexicanguitarplayers.com\\\/\"},{\"@type\":\"ListItem\",\"position\":2,\"name\":\"Tienda\",\"item\":\"https:\\\/\\\/www.mexicanguitarplayers.com\\\/tienda\\\/\"},{\"@type\":\"ListItem\",\"position\":3,\"name\":\"PASTILLA FISHMAN P\\\/GUITARRA PRO-SBT-CLA\"}]},{\"@type\":\"WebSite\",\"@id\":\"https:\\\/\\\/www.mexicanguitarplayers.com\\\/#website\",\"url\":\"https:\\\/\\\/www.mexicanguitarplayers.com\\\/\",\"name\":\"Mexican Guitar Players\",\"description\":\"Website\",\"publisher\":{\"@id\":\"https:\\\/\\\/www.mexicanguitarplayers.com\\\/#organization\"},\"potentialAction\":[{\"@type\":\"SearchAction\",\"target\":{\"@type\":\"EntryPoint\",\"urlTemplate\":\"https:\\\/\\\/www.mexicanguitarplayers.com\\\/?s={search_term_string}\"},\"query-input\":{\"@type\":\"PropertyValueSpecification\",\"valueRequired\":true,\"valueName\":\"search_term_string\"}}],\"inLanguage\":\"en-US\"},{\"@type\":\"Organization\",\"@id\":\"https:\\\/\\\/www.mexicanguitarplayers.com\\\/#organization\",\"name\":\"Mexican Guitar Players\",\"url\":\"https:\\\/\\\/www.mexicanguitarplayers.com\\\/\",\"logo\":{\"@type\":\"ImageObject\",\"inLanguage\":\"en-US\",\"@id\":\"https:\\\/\\\/www.mexicanguitarplayers.com\\\/#\\\/schema\\\/logo\\\/image\\\/\",\"url\":\"\",\"contentUrl\":\"\",\"caption\":\"Mexican Guitar Players\"},\"image\":{\"@id\":\"https:\\\/\\\/www.mexicanguitarplayers.com\\\/#\\\/schema\\\/logo\\\/image\\\/\"}}]}<\/script>\n<!-- \/ Yoast SEO plugin. -->","yoast_head_json":{"title":"PASTILLA FISHMAN P\/GUITARRA PRO-SBT-CLA - Mexican Guitar Players","description":"Pastilla Fishman mod. PRO-SBT-CLA de contacto para guitarra cl\u00e1sica y ac\u00fastica.Incluye cable largo con jack de 1\/4\u201d para colocarse en una superficie vibrante y plana un instrumento ac\u00fastico.","robots":{"index":"index","follow":"follow","max-snippet":"max-snippet:-1","max-image-preview":"max-image-preview:large","max-video-preview":"max-video-preview:-1"},"canonical":"https:\/\/www.mexicanguitarplayers.com\/en\/tienda\/sin categor\u00eda\/pastilla-fishman-p-guitarra-pro-sbt-cla\/","og_locale":"en_US","og_type":"article","og_title":"PASTILLA FISHMAN P\/GUITARRA PRO-SBT-CLA - Mexican Guitar Players","og_description":"Pastilla Fishman mod. PRO-SBT-CLA de contacto para guitarra cl\u00e1sica y ac\u00fastica.Incluye cable largo con jack de 1\/4\u201d para colocarse en una superficie vibrante y plana un instrumento ac\u00fastico.","og_url":"https:\/\/www.mexicanguitarplayers.com\/en\/tienda\/sin categor\u00eda\/pastilla-fishman-p-guitarra-pro-sbt-cla\/","og_site_name":"Mexican Guitar Players","article_modified_time":"2026-05-01T13:22:21+00:00","twitter_card":"summary_large_image","twitter_misc":{"Est. reading time":"1 minute"},"schema":{"@context":"https:\/\/schema.org","@graph":[{"@type":["WebPage","ItemPage"],"@id":"https:\/\/www.mexicanguitarplayers.com\/tienda\/sin categor\u00eda\/pastilla-fishman-p-guitarra-pro-sbt-cla\/","url":"https:\/\/www.mexicanguitarplayers.com\/tienda\/sin categor\u00eda\/pastilla-fishman-p-guitarra-pro-sbt-cla\/","name":"PASTILLA FISHMAN P\/GUITARRA PRO-SBT-CLA - Mexican Guitar Players","isPartOf":{"@id":"https:\/\/www.mexicanguitarplayers.com\/#website"},"primaryImageOfPage":{"@id":"https:\/\/www.mexicanguitarplayers.com\/tienda\/sin categor\u00eda\/pastilla-fishman-p-guitarra-pro-sbt-cla\/#primaryimage"},"image":{"@id":"https:\/\/www.mexicanguitarplayers.com\/tienda\/sin categor\u00eda\/pastilla-fishman-p-guitarra-pro-sbt-cla\/#primaryimage"},"thumbnailUrl":"https:\/\/www.mexicanguitarplayers.com\/wp-content\/uploads\/2025\/04\/RAFISPROSBTCLA.jpg","datePublished":"2025-04-09T03:38:02+00:00","dateModified":"2026-05-01T13:22:21+00:00","description":"Pastilla Fishman mod. PRO-SBT-CLA de contacto para guitarra cl\u00e1sica y ac\u00fastica.Incluye cable largo con jack de 1\/4\u201d para colocarse en una superficie vibrante y plana un instrumento ac\u00fastico.","breadcrumb":{"@id":"https:\/\/www.mexicanguitarplayers.com\/tienda\/sin categor\u00eda\/pastilla-fishman-p-guitarra-pro-sbt-cla\/#breadcrumb"},"inLanguage":"en-US","potentialAction":[{"@type":"ReadAction","target":["https:\/\/www.mexicanguitarplayers.com\/tienda\/sin categor\u00eda\/pastilla-fishman-p-guitarra-pro-sbt-cla\/"]}]},{"@type":"ImageObject","inLanguage":"en-US","@id":"https:\/\/www.mexicanguitarplayers.com\/tienda\/sin categor\u00eda\/pastilla-fishman-p-guitarra-pro-sbt-cla\/#primaryimage","url":"https:\/\/www.mexicanguitarplayers.com\/wp-content\/uploads\/2025\/04\/RAFISPROSBTCLA.jpg","contentUrl":"https:\/\/www.mexicanguitarplayers.com\/wp-content\/uploads\/2025\/04\/RAFISPROSBTCLA.jpg","width":1200,"height":1200},{"@type":"BreadcrumbList","@id":"https:\/\/www.mexicanguitarplayers.com\/tienda\/sin categor\u00eda\/pastilla-fishman-p-guitarra-pro-sbt-cla\/#breadcrumb","itemListElement":[{"@type":"ListItem","position":1,"name":"Portada","item":"https:\/\/www.mexicanguitarplayers.com\/"},{"@type":"ListItem","position":2,"name":"Tienda","item":"https:\/\/www.mexicanguitarplayers.com\/tienda\/"},{"@type":"ListItem","position":3,"name":"PASTILLA FISHMAN P\/GUITARRA PRO-SBT-CLA"}]},{"@type":"WebSite","@id":"https:\/\/www.mexicanguitarplayers.com\/#website","url":"https:\/\/www.mexicanguitarplayers.com\/","name":"Mexican Guitar Players","description":"Website","publisher":{"@id":"https:\/\/www.mexicanguitarplayers.com\/#organization"},"potentialAction":[{"@type":"SearchAction","target":{"@type":"EntryPoint","urlTemplate":"https:\/\/www.mexicanguitarplayers.com\/?s={search_term_string}"},"query-input":{"@type":"PropertyValueSpecification","valueRequired":true,"valueName":"search_term_string"}}],"inLanguage":"en-US"},{"@type":"Organization","@id":"https:\/\/www.mexicanguitarplayers.com\/#organization","name":"Mexican Guitar Players","url":"https:\/\/www.mexicanguitarplayers.com\/","logo":{"@type":"ImageObject","inLanguage":"en-US","@id":"https:\/\/www.mexicanguitarplayers.com\/#\/schema\/logo\/image\/","url":"","contentUrl":"","caption":"Mexican Guitar Players"},"image":{"@id":"https:\/\/www.mexicanguitarplayers.com\/#\/schema\/logo\/image\/"}}]}},"brands":[{"id":248,"name":"FISHMAN","slug":"fishman"}],"_links":{"self":[{"href":"https:\/\/www.mexicanguitarplayers.com\/en\/wp-json\/wp\/v2\/product\/34138","targetHints":{"allow":["GET"]}}],"collection":[{"href":"https:\/\/www.mexicanguitarplayers.com\/en\/wp-json\/wp\/v2\/product"}],"about":[{"href":"https:\/\/www.mexicanguitarplayers.com\/en\/wp-json\/wp\/v2\/types\/product"}],"replies":[{"embeddable":true,"href":"https:\/\/www.mexicanguitarplayers.com\/en\/wp-json\/wp\/v2\/comments?post=34138"}],"wp:featuredmedia":[{"embeddable":true,"href":"https:\/\/www.mexicanguitarplayers.com\/en\/wp-json\/wp\/v2\/media\/34134"}],"wp:attachment":[{"href":"https:\/\/www.mexicanguitarplayers.com\/en\/wp-json\/wp\/v2\/media?parent=34138"}],"wp:term":[{"taxonomy":"pwb-brand","embeddable":true,"href":"https:\/\/www.mexicanguitarplayers.com\/en\/wp-json\/wp\/v2\/pwb-brand?post=34138"},{"taxonomy":"product_brand","embeddable":true,"href":"https:\/\/www.mexicanguitarplayers.com\/en\/wp-json\/wp\/v2\/product_brand?post=34138"},{"taxonomy":"product_cat","embeddable":true,"href":"https:\/\/www.mexicanguitarplayers.com\/en\/wp-json\/wp\/v2\/product_cat?post=34138"},{"taxonomy":"product_tag","embeddable":true,"href":"https:\/\/www.mexicanguitarplayers.com\/en\/wp-json\/wp\/v2\/product_tag?post=34138"}],"curies":[{"name":"wp","href":"https:\/\/api.w.org\/{rel}","templated":true}]}}