{"id":34144,"date":"2025-04-08T21:38:11","date_gmt":"2025-04-09T03:38:11","guid":{"rendered":"https:\/\/www.mexicanguitarplayers.com\/tienda\/sin categor\u00eda\/audifonos-behringer-mod-sd251-ck\/"},"modified":"2026-04-10T04:30:38","modified_gmt":"2026-04-10T10:30:38","slug":"audifonos-behringer-mod-sd251-ck","status":"publish","type":"product","link":"https:\/\/www.mexicanguitarplayers.com\/en\/tienda\/audio\/audifonos\/audifono-alambrico\/audifono-para-estudio\/audifonos-behringer-mod-sd251-ck\/","title":{"rendered":"AUDIFONOS BEHRINGER MOD. SD251-CK"},"content":{"rendered":"<div style=\"text-align: justify\">\n<div>\n<h3>Monitores in ears de extraordinario valor.<\/h3>\n<\/div>\n<div>Ya sea que est\u00e9s mezclando una grabaci\u00f3n o monitoreando una l\u00ednea de bajo, deseas aud\u00edfonos que ofrezcan graves de alta definici\u00f3n y agudos s\u00faper transparentes en un rango din\u00e1mico ultra amplio. Nuestros monitores internos SD251-CK cumplen con sus necesidades de componer tus propias melod\u00edas en paz, sin importar d\u00f3nde te encuentres a un precio que se adapta a todos los presupuestos. El dise\u00f1o ultra ligero y seguro para colocar sobre la oreja de los monitores SD251-CK te permite mantenerlos encendidos durante sesiones prolongadas de estudio, chat y juegos sin sentir ning\u00fan peso sobre tu cabeza. Los tres sets de tapones ultra suaves para los o\u00eddos brindan un ajuste perfecto para todos los o\u00eddos con una comodidad duradera. El deslizador de cable en l\u00ednea brinda ayuda adicional para mantener tus aud\u00edfonos seguros y sin enredos. Es el verdadero compa\u00f1ero de m\u00fasicos y compositores, el cable blindado electromagn\u00e9ticamente de alta calidad a\u00edsla todos los ruidos cercanos presentes en un entorno de estudio lleno de dispositivos electr\u00f3nicos. Los microcontroladores de neodimio de primer nivel brindan audio de alta fidelidad para instrumentos y voces. El SD251-CK viene con un cable desmontable con un conector de cierre a presi\u00f3n MMCX chapado en oro giratorio de 360 grados, brinda opciones de conectividad vers\u00e1tiles para adaptadores MMCX compatibles. Puedes comprar el adaptador Behringer BT251-BK BT (no incluido) para tu libertad inal\u00e1mbrica. Se incluye un estuche Behringer de alta calidad con cierre y clip de metal para mayor comodidad y portabilidad. Con este paquete, obtienes una herramienta de limpieza de aud\u00edfonos para deshacerte de la cera que se acumula en los aud\u00edfonos despu\u00e9s de un uso prolongado.<\/div>\n<div>\n<h4>Quick look<\/h4>\n<\/div>\n<ul style=\"margin: 0px 0px 0px 25px\">\n<li style=\"list-style-type: circle;margin: 5px\">Driver.<\/li>\n<li style=\"list-style-type: circle;margin: 5px\">Impedance.<\/li>\n<li style=\"list-style-type: circle;margin: 5px\">Frequency response.<\/li>\n<li style=\"list-style-type: circle;margin: 5px\">Nivel de presi\u00f3n sonora (SPL).<\/li>\n<li style=\"list-style-type: circle;margin: 5px\">Potencia nominal.<\/li>\n<li style=\"list-style-type: circle;margin: 5px\">Potencia pico.<\/li>\n<li style=\"list-style-type: circle;margin: 5px\">Connector<\/li>\n<li style=\"list-style-type: circle;margin: 5px\">Cable.<\/li>\n<li style=\"list-style-type: circle;margin: 5px\">Plug.<\/li>\n<li style=\"list-style-type: circle;margin: 5px\">Adaptador.<\/li>\n<\/ul>\n<div>\n<div style=\"font-weight: bold\">Driver.<\/div>\n<div>\n<p>6.8 mm.<\/p>\n<\/div>\n<div style=\"font-weight: bold\">Impedance.<\/div>\n<div>\n<p>22 ohms.<\/p>\n<\/div>\n<div style=\"font-weight: bold\">Frequency response.<\/div>\n<div>\n<p>20 Hz a 20 kHz.<\/p>\n<\/div>\n<div style=\"font-weight: bold\">Nivel de presi\u00f3n sonora (SPL).<\/div>\n<div>\n<p>93 dB @ 1 kHz (105 dB pico).<\/p>\n<\/div>\n<div style=\"font-weight: bold\">Potencia nominal.<\/div>\n<div>\n<p>3 mW.<\/p>\n<\/div>\n<div style=\"font-weight: bold\">Potencia pico.<\/div>\n<div>\n<p>5 mW.<\/p>\n<\/div>\n<div style=\"font-weight: bold\">Connector<\/div>\n<div>\n<p>Conector MMCX desmontable.<\/p>\n<\/div>\n<div style=\"font-weight: bold\">Cable.<\/div>\n<div>\n<p>1.6 m (63&#8243; pulgadas).<\/p>\n<\/div>\n<div style=\"font-weight: bold\">Plug.<\/div>\n<div>\n<p>3.5 mm, est\u00e9reo.<\/p>\n<\/div>\n<div style=\"font-weight: bold\">Adaptador.<\/div>\n<div>\n<p>6.3 mm, chapado en oro.<\/p>\n<\/div>\n<\/div>\n<\/div>","protected":false},"excerpt":{"rendered":"<p>Aud\u00edfonos de monitoreo para estudio, microcontrolador din\u00e1mico que proporciona una respuesta de frecuencia amplia (20 Hz &#8211; 20 kHz) que ofrece graves completos y detallados, el dise\u00f1o de aislamiento de sonido bloquea el ruido exterior para una experiencia musical detallada, el dise\u00f1o de cable seguro sobre la oreja garantiza estabilidad y comodidad dentro de la oreja, rendimiento optimizado con una calidad de sonido excepcional para usar con una amplia gama de dispositivos de audio. Cable desmontable de 63\u201d pulgadas (160 cm) con conector de cierre a presi\u00f3n MMCX enchapado en oro giratorio de 360 grados para flexibilidad y opciones de conectividad vers\u00e1tiles. Estuche con cierre incluido para disfrutar de tu m\u00fasica mientras viajas. Incluye tapones para los o\u00eddos de espuma y silicona en 3 tama\u00f1os para garantizar un ajuste perfecto.&hellip; <a class=\"kt-excerpt-readmore more-link\" href=\"https:\/\/www.mexicanguitarplayers.com\/en\/tienda\/audio\/audifonos\/audifono-alambrico\/audifono-para-estudio\/audifonos-behringer-mod-sd251-ck\/\">Read more<\/a><\/p>","protected":false},"featured_media":34139,"comment_status":"open","ping_status":"closed","template":"","meta":{"kt_blocks_editor_width":""},"pwb-brand":[171],"product_brand":[],"product_cat":[506,507,505,213],"product_tag":[],"class_list":{"0":"post-34144","1":"product","2":"type-product","3":"status-publish","4":"has-post-thumbnail","6":"pwb-brand-behringer","7":"product_cat-audifono-alambrico","8":"product_cat-audifono-para-estudio","9":"product_cat-audifonos","10":"product_cat-audio","11":"product_shipping_class-0-5-kg","13":"first","14":"outofstock","15":"taxable","16":"shipping-taxable","17":"purchasable","18":"product-type-simple"},"yoast_head":"<!-- This site is optimized with the Yoast SEO plugin v27.5 - https:\/\/yoast.com\/product\/yoast-seo-wordpress\/ -->\n<title>AUDIFONOS BEHRINGER MOD. SD251-CK - Mexican Guitar Players<\/title>\n<meta name=\"description\" content=\"Aud\u00edfonos de monitoreo para estudio, microcontrolador din\u00e1mico que proporciona una respuesta de frecuencia amplia (20 Hz - 20 kHz) que ofrece graves completos y detallados, el dise\u00f1o de aislamiento de sonido bloquea el ruido exterior para una experiencia musical detallada, el dise\u00f1o de cable seguro sobre la oreja garantiza estabilidad y comodidad dentro de la oreja, rendimiento optimizado con una calidad de sonido excepcional para usar con una amplia gama de dispositivos de audio. Cable desmontable de 63\u201d pulgadas (160 cm) con conector de cierre a presi\u00f3n MMCX enchapado en oro giratorio de 360 grados para flexibilidad y opciones de conectividad vers\u00e1tiles. Estuche con cierre incluido para disfrutar de tu m\u00fasica mientras viajas. Incluye tapones para los o\u00eddos de espuma y silicona en 3 tama\u00f1os para garantizar un ajuste perfecto.\" \/>\n<meta name=\"robots\" content=\"index, follow, max-snippet:-1, max-image-preview:large, max-video-preview:-1\" \/>\n<link rel=\"canonical\" href=\"https:\/\/www.mexicanguitarplayers.com\/en\/tienda\/sin%20categor\u00eda\/audifonos-behringer-mod-sd251-ck\/\" \/>\n<meta property=\"og:locale\" content=\"en_US\" \/>\n<meta property=\"og:type\" content=\"article\" \/>\n<meta property=\"og:title\" content=\"AUDIFONOS BEHRINGER MOD. SD251-CK - Mexican Guitar Players\" \/>\n<meta property=\"og:description\" content=\"Aud\u00edfonos de monitoreo para estudio, microcontrolador din\u00e1mico que proporciona una respuesta de frecuencia amplia (20 Hz - 20 kHz) que ofrece graves completos y detallados, el dise\u00f1o de aislamiento de sonido bloquea el ruido exterior para una experiencia musical detallada, el dise\u00f1o de cable seguro sobre la oreja garantiza estabilidad y comodidad dentro de la oreja, rendimiento optimizado con una calidad de sonido excepcional para usar con una amplia gama de dispositivos de audio. Cable desmontable de 63\u201d pulgadas (160 cm) con conector de cierre a presi\u00f3n MMCX enchapado en oro giratorio de 360 grados para flexibilidad y opciones de conectividad vers\u00e1tiles. Estuche con cierre incluido para disfrutar de tu m\u00fasica mientras viajas. Incluye tapones para los o\u00eddos de espuma y silicona en 3 tama\u00f1os para garantizar un ajuste perfecto.\" \/>\n<meta property=\"og:url\" content=\"https:\/\/www.mexicanguitarplayers.com\/en\/tienda\/sin categor\u00eda\/audifonos-behringer-mod-sd251-ck\/\" \/>\n<meta property=\"og:site_name\" content=\"Mexican Guitar Players\" \/>\n<meta property=\"article:modified_time\" content=\"2026-04-10T10:30:38+00:00\" \/>\n<meta name=\"twitter:card\" content=\"summary_large_image\" \/>\n<meta name=\"twitter:label1\" content=\"Est. reading time\" \/>\n\t<meta name=\"twitter:data1\" content=\"2 minutes\" \/>\n<script type=\"application\/ld+json\" class=\"yoast-schema-graph\">{\"@context\":\"https:\\\/\\\/schema.org\",\"@graph\":[{\"@type\":[\"WebPage\",\"ItemPage\"],\"@id\":\"https:\\\/\\\/www.mexicanguitarplayers.com\\\/tienda\\\/sin categor\u00eda\\\/audifonos-behringer-mod-sd251-ck\\\/\",\"url\":\"https:\\\/\\\/www.mexicanguitarplayers.com\\\/tienda\\\/sin categor\u00eda\\\/audifonos-behringer-mod-sd251-ck\\\/\",\"name\":\"AUDIFONOS BEHRINGER MOD. SD251-CK - Mexican Guitar Players\",\"isPartOf\":{\"@id\":\"https:\\\/\\\/www.mexicanguitarplayers.com\\\/#website\"},\"primaryImageOfPage\":{\"@id\":\"https:\\\/\\\/www.mexicanguitarplayers.com\\\/tienda\\\/sin categor\u00eda\\\/audifonos-behringer-mod-sd251-ck\\\/#primaryimage\"},\"image\":{\"@id\":\"https:\\\/\\\/www.mexicanguitarplayers.com\\\/tienda\\\/sin categor\u00eda\\\/audifonos-behringer-mod-sd251-ck\\\/#primaryimage\"},\"thumbnailUrl\":\"https:\\\/\\\/www.mexicanguitarplayers.com\\\/wp-content\\\/uploads\\\/2025\\\/04\\\/VABEHSD251CK.jpg\",\"datePublished\":\"2025-04-09T03:38:11+00:00\",\"dateModified\":\"2026-04-10T10:30:38+00:00\",\"description\":\"Aud\u00edfonos de monitoreo para estudio, microcontrolador din\u00e1mico que proporciona una respuesta de frecuencia amplia (20 Hz - 20 kHz) que ofrece graves completos y detallados, el dise\u00f1o de aislamiento de sonido bloquea el ruido exterior para una experiencia musical detallada, el dise\u00f1o de cable seguro sobre la oreja garantiza estabilidad y comodidad dentro de la oreja, rendimiento optimizado con una calidad de sonido excepcional para usar con una amplia gama de dispositivos de audio. Cable desmontable de 63\u201d pulgadas (160 cm) con conector de cierre a presi\u00f3n MMCX enchapado en oro giratorio de 360 grados para flexibilidad y opciones de conectividad vers\u00e1tiles. Estuche con cierre incluido para disfrutar de tu m\u00fasica mientras viajas. Incluye tapones para los o\u00eddos de espuma y silicona en 3 tama\u00f1os para garantizar un ajuste perfecto.\",\"breadcrumb\":{\"@id\":\"https:\\\/\\\/www.mexicanguitarplayers.com\\\/tienda\\\/sin categor\u00eda\\\/audifonos-behringer-mod-sd251-ck\\\/#breadcrumb\"},\"inLanguage\":\"en-US\",\"potentialAction\":[{\"@type\":\"ReadAction\",\"target\":[\"https:\\\/\\\/www.mexicanguitarplayers.com\\\/tienda\\\/sin categor\u00eda\\\/audifonos-behringer-mod-sd251-ck\\\/\"]}]},{\"@type\":\"ImageObject\",\"inLanguage\":\"en-US\",\"@id\":\"https:\\\/\\\/www.mexicanguitarplayers.com\\\/tienda\\\/sin categor\u00eda\\\/audifonos-behringer-mod-sd251-ck\\\/#primaryimage\",\"url\":\"https:\\\/\\\/www.mexicanguitarplayers.com\\\/wp-content\\\/uploads\\\/2025\\\/04\\\/VABEHSD251CK.jpg\",\"contentUrl\":\"https:\\\/\\\/www.mexicanguitarplayers.com\\\/wp-content\\\/uploads\\\/2025\\\/04\\\/VABEHSD251CK.jpg\",\"width\":1200,\"height\":1200},{\"@type\":\"BreadcrumbList\",\"@id\":\"https:\\\/\\\/www.mexicanguitarplayers.com\\\/tienda\\\/sin categor\u00eda\\\/audifonos-behringer-mod-sd251-ck\\\/#breadcrumb\",\"itemListElement\":[{\"@type\":\"ListItem\",\"position\":1,\"name\":\"Portada\",\"item\":\"https:\\\/\\\/www.mexicanguitarplayers.com\\\/\"},{\"@type\":\"ListItem\",\"position\":2,\"name\":\"Tienda\",\"item\":\"https:\\\/\\\/www.mexicanguitarplayers.com\\\/tienda\\\/\"},{\"@type\":\"ListItem\",\"position\":3,\"name\":\"AUDIFONOS BEHRINGER MOD. SD251-CK\"}]},{\"@type\":\"WebSite\",\"@id\":\"https:\\\/\\\/www.mexicanguitarplayers.com\\\/#website\",\"url\":\"https:\\\/\\\/www.mexicanguitarplayers.com\\\/\",\"name\":\"Mexican Guitar Players\",\"description\":\"Website\",\"publisher\":{\"@id\":\"https:\\\/\\\/www.mexicanguitarplayers.com\\\/#organization\"},\"potentialAction\":[{\"@type\":\"SearchAction\",\"target\":{\"@type\":\"EntryPoint\",\"urlTemplate\":\"https:\\\/\\\/www.mexicanguitarplayers.com\\\/?s={search_term_string}\"},\"query-input\":{\"@type\":\"PropertyValueSpecification\",\"valueRequired\":true,\"valueName\":\"search_term_string\"}}],\"inLanguage\":\"en-US\"},{\"@type\":\"Organization\",\"@id\":\"https:\\\/\\\/www.mexicanguitarplayers.com\\\/#organization\",\"name\":\"Mexican Guitar Players\",\"url\":\"https:\\\/\\\/www.mexicanguitarplayers.com\\\/\",\"logo\":{\"@type\":\"ImageObject\",\"inLanguage\":\"en-US\",\"@id\":\"https:\\\/\\\/www.mexicanguitarplayers.com\\\/#\\\/schema\\\/logo\\\/image\\\/\",\"url\":\"\",\"contentUrl\":\"\",\"caption\":\"Mexican Guitar Players\"},\"image\":{\"@id\":\"https:\\\/\\\/www.mexicanguitarplayers.com\\\/#\\\/schema\\\/logo\\\/image\\\/\"}}]}<\/script>\n<!-- \/ Yoast SEO plugin. -->","yoast_head_json":{"title":"AUDIFONOS BEHRINGER MOD. SD251-CK - Mexican Guitar Players","description":"Aud\u00edfonos de monitoreo para estudio, microcontrolador din\u00e1mico que proporciona una respuesta de frecuencia amplia (20 Hz - 20 kHz) que ofrece graves completos y detallados, el dise\u00f1o de aislamiento de sonido bloquea el ruido exterior para una experiencia musical detallada, el dise\u00f1o de cable seguro sobre la oreja garantiza estabilidad y comodidad dentro de la oreja, rendimiento optimizado con una calidad de sonido excepcional para usar con una amplia gama de dispositivos de audio. Cable desmontable de 63\u201d pulgadas (160 cm) con conector de cierre a presi\u00f3n MMCX enchapado en oro giratorio de 360 grados para flexibilidad y opciones de conectividad vers\u00e1tiles. Estuche con cierre incluido para disfrutar de tu m\u00fasica mientras viajas. Incluye tapones para los o\u00eddos de espuma y silicona en 3 tama\u00f1os para garantizar un ajuste perfecto.","robots":{"index":"index","follow":"follow","max-snippet":"max-snippet:-1","max-image-preview":"max-image-preview:large","max-video-preview":"max-video-preview:-1"},"canonical":"https:\/\/www.mexicanguitarplayers.com\/en\/tienda\/sin categor\u00eda\/audifonos-behringer-mod-sd251-ck\/","og_locale":"en_US","og_type":"article","og_title":"AUDIFONOS BEHRINGER MOD. SD251-CK - Mexican Guitar Players","og_description":"Aud\u00edfonos de monitoreo para estudio, microcontrolador din\u00e1mico que proporciona una respuesta de frecuencia amplia (20 Hz - 20 kHz) que ofrece graves completos y detallados, el dise\u00f1o de aislamiento de sonido bloquea el ruido exterior para una experiencia musical detallada, el dise\u00f1o de cable seguro sobre la oreja garantiza estabilidad y comodidad dentro de la oreja, rendimiento optimizado con una calidad de sonido excepcional para usar con una amplia gama de dispositivos de audio. Cable desmontable de 63\u201d pulgadas (160 cm) con conector de cierre a presi\u00f3n MMCX enchapado en oro giratorio de 360 grados para flexibilidad y opciones de conectividad vers\u00e1tiles. Estuche con cierre incluido para disfrutar de tu m\u00fasica mientras viajas. Incluye tapones para los o\u00eddos de espuma y silicona en 3 tama\u00f1os para garantizar un ajuste perfecto.","og_url":"https:\/\/www.mexicanguitarplayers.com\/en\/tienda\/sin categor\u00eda\/audifonos-behringer-mod-sd251-ck\/","og_site_name":"Mexican Guitar Players","article_modified_time":"2026-04-10T10:30:38+00:00","twitter_card":"summary_large_image","twitter_misc":{"Est. reading time":"2 minutes"},"schema":{"@context":"https:\/\/schema.org","@graph":[{"@type":["WebPage","ItemPage"],"@id":"https:\/\/www.mexicanguitarplayers.com\/tienda\/sin categor\u00eda\/audifonos-behringer-mod-sd251-ck\/","url":"https:\/\/www.mexicanguitarplayers.com\/tienda\/sin categor\u00eda\/audifonos-behringer-mod-sd251-ck\/","name":"AUDIFONOS BEHRINGER MOD. SD251-CK - Mexican Guitar Players","isPartOf":{"@id":"https:\/\/www.mexicanguitarplayers.com\/#website"},"primaryImageOfPage":{"@id":"https:\/\/www.mexicanguitarplayers.com\/tienda\/sin categor\u00eda\/audifonos-behringer-mod-sd251-ck\/#primaryimage"},"image":{"@id":"https:\/\/www.mexicanguitarplayers.com\/tienda\/sin categor\u00eda\/audifonos-behringer-mod-sd251-ck\/#primaryimage"},"thumbnailUrl":"https:\/\/www.mexicanguitarplayers.com\/wp-content\/uploads\/2025\/04\/VABEHSD251CK.jpg","datePublished":"2025-04-09T03:38:11+00:00","dateModified":"2026-04-10T10:30:38+00:00","description":"Aud\u00edfonos de monitoreo para estudio, microcontrolador din\u00e1mico que proporciona una respuesta de frecuencia amplia (20 Hz - 20 kHz) que ofrece graves completos y detallados, el dise\u00f1o de aislamiento de sonido bloquea el ruido exterior para una experiencia musical detallada, el dise\u00f1o de cable seguro sobre la oreja garantiza estabilidad y comodidad dentro de la oreja, rendimiento optimizado con una calidad de sonido excepcional para usar con una amplia gama de dispositivos de audio. Cable desmontable de 63\u201d pulgadas (160 cm) con conector de cierre a presi\u00f3n MMCX enchapado en oro giratorio de 360 grados para flexibilidad y opciones de conectividad vers\u00e1tiles. Estuche con cierre incluido para disfrutar de tu m\u00fasica mientras viajas. Incluye tapones para los o\u00eddos de espuma y silicona en 3 tama\u00f1os para garantizar un ajuste perfecto.","breadcrumb":{"@id":"https:\/\/www.mexicanguitarplayers.com\/tienda\/sin categor\u00eda\/audifonos-behringer-mod-sd251-ck\/#breadcrumb"},"inLanguage":"en-US","potentialAction":[{"@type":"ReadAction","target":["https:\/\/www.mexicanguitarplayers.com\/tienda\/sin categor\u00eda\/audifonos-behringer-mod-sd251-ck\/"]}]},{"@type":"ImageObject","inLanguage":"en-US","@id":"https:\/\/www.mexicanguitarplayers.com\/tienda\/sin categor\u00eda\/audifonos-behringer-mod-sd251-ck\/#primaryimage","url":"https:\/\/www.mexicanguitarplayers.com\/wp-content\/uploads\/2025\/04\/VABEHSD251CK.jpg","contentUrl":"https:\/\/www.mexicanguitarplayers.com\/wp-content\/uploads\/2025\/04\/VABEHSD251CK.jpg","width":1200,"height":1200},{"@type":"BreadcrumbList","@id":"https:\/\/www.mexicanguitarplayers.com\/tienda\/sin categor\u00eda\/audifonos-behringer-mod-sd251-ck\/#breadcrumb","itemListElement":[{"@type":"ListItem","position":1,"name":"Portada","item":"https:\/\/www.mexicanguitarplayers.com\/"},{"@type":"ListItem","position":2,"name":"Tienda","item":"https:\/\/www.mexicanguitarplayers.com\/tienda\/"},{"@type":"ListItem","position":3,"name":"AUDIFONOS BEHRINGER MOD. SD251-CK"}]},{"@type":"WebSite","@id":"https:\/\/www.mexicanguitarplayers.com\/#website","url":"https:\/\/www.mexicanguitarplayers.com\/","name":"Mexican Guitar Players","description":"Website","publisher":{"@id":"https:\/\/www.mexicanguitarplayers.com\/#organization"},"potentialAction":[{"@type":"SearchAction","target":{"@type":"EntryPoint","urlTemplate":"https:\/\/www.mexicanguitarplayers.com\/?s={search_term_string}"},"query-input":{"@type":"PropertyValueSpecification","valueRequired":true,"valueName":"search_term_string"}}],"inLanguage":"en-US"},{"@type":"Organization","@id":"https:\/\/www.mexicanguitarplayers.com\/#organization","name":"Mexican Guitar Players","url":"https:\/\/www.mexicanguitarplayers.com\/","logo":{"@type":"ImageObject","inLanguage":"en-US","@id":"https:\/\/www.mexicanguitarplayers.com\/#\/schema\/logo\/image\/","url":"","contentUrl":"","caption":"Mexican Guitar Players"},"image":{"@id":"https:\/\/www.mexicanguitarplayers.com\/#\/schema\/logo\/image\/"}}]}},"brands":[{"id":171,"name":"BEHRINGER","slug":"behringer"}],"_links":{"self":[{"href":"https:\/\/www.mexicanguitarplayers.com\/en\/wp-json\/wp\/v2\/product\/34144","targetHints":{"allow":["GET"]}}],"collection":[{"href":"https:\/\/www.mexicanguitarplayers.com\/en\/wp-json\/wp\/v2\/product"}],"about":[{"href":"https:\/\/www.mexicanguitarplayers.com\/en\/wp-json\/wp\/v2\/types\/product"}],"replies":[{"embeddable":true,"href":"https:\/\/www.mexicanguitarplayers.com\/en\/wp-json\/wp\/v2\/comments?post=34144"}],"wp:featuredmedia":[{"embeddable":true,"href":"https:\/\/www.mexicanguitarplayers.com\/en\/wp-json\/wp\/v2\/media\/34139"}],"wp:attachment":[{"href":"https:\/\/www.mexicanguitarplayers.com\/en\/wp-json\/wp\/v2\/media?parent=34144"}],"wp:term":[{"taxonomy":"pwb-brand","embeddable":true,"href":"https:\/\/www.mexicanguitarplayers.com\/en\/wp-json\/wp\/v2\/pwb-brand?post=34144"},{"taxonomy":"product_brand","embeddable":true,"href":"https:\/\/www.mexicanguitarplayers.com\/en\/wp-json\/wp\/v2\/product_brand?post=34144"},{"taxonomy":"product_cat","embeddable":true,"href":"https:\/\/www.mexicanguitarplayers.com\/en\/wp-json\/wp\/v2\/product_cat?post=34144"},{"taxonomy":"product_tag","embeddable":true,"href":"https:\/\/www.mexicanguitarplayers.com\/en\/wp-json\/wp\/v2\/product_tag?post=34144"}],"curies":[{"name":"wp","href":"https:\/\/api.w.org\/{rel}","templated":true}]}}