{"id":34158,"date":"2025-04-08T21:38:33","date_gmt":"2025-04-09T03:38:33","guid":{"rendered":"https:\/\/www.mexicanguitarplayers.com\/tienda\/sin categor\u00eda\/tapete-meinl-p-bateria-mod-mdrs-bk\/"},"modified":"2026-04-10T04:30:37","modified_gmt":"2026-04-10T10:30:37","slug":"tapete-meinl-p-bateria-mod-mdrs-bk","status":"publish","type":"product","link":"https:\/\/www.mexicanguitarplayers.com\/en\/tienda\/accesorios\/para-bateria\/cuidado-y-proteccion\/tapete-meinl-p-bateria-mod-mdrs-bk\/","title":{"rendered":"TAPETE MEINL P\/BATERIA MOD. MDRS-BK"},"content":{"rendered":"<div style=\"text-align: justify\">\n<div>\n<h3>El mejor equipamiento para tu bater\u00eda.<\/h3>\n<\/div>\n<div>Las alfombras Meinl para bater\u00eda est\u00e1n dise\u00f1adas espec\u00edficamente para bateristas y percusionistas con una tela de tejido apretado en la que las espuelas y los soportes pueden clavarse para un agarre s\u00faper fuerte. Este dise\u00f1o de tama\u00f1o completo es ideal para pr\u00e1cticamente cualquier configuraci\u00f3n de bater\u00eda o percusi\u00f3n y los gr\u00e1ficos le brindas un ambiente m\u00e1s personalizado. Es lo suficientemente ancha como para acomodar un banco de bater\u00eda, por lo que las patas de todo el hardware estar\u00e1n en la misma superficie. Estas alfombras son ideales para cubrir totalmente un drum riser. Un fondo de goma antideslizante evita que la alfombra se arrastre mientras tocas en cualquier superficie y es duradera para evitar que las espuelas se pinchen. Incluye una funda y est\u00e1 equipada con una correa para enrollas la alfombra y facilitar su transporte.<\/div>\n<div>\n<h4>Characteristics<\/h4>\n<\/div>\n<div>\n<ul style=\"margin: 0px 0px 0px 25px\">\n<li style=\"list-style-type: circle;margin: 5px\">Alfombra para baterista o percusionista.<\/li>\n<li style=\"list-style-type: circle;margin: 5px\">Versi\u00f3n peque\u00f1a.<\/li>\n<li style=\"list-style-type: circle;margin: 5px\">Dise\u00f1o logotipo Meinl.<\/li>\n<li style=\"list-style-type: circle;margin: 5px\">Tela de tejido apretado de agarre fuerte.<\/li>\n<li style=\"list-style-type: circle;margin: 5px\">Ideal para cualquier configuraci\u00f3n de bater\u00eda o percusi\u00f3n.<\/li>\n<li style=\"list-style-type: circle;margin: 5px\">Fondo de goma antideslizante.<\/li>\n<li style=\"list-style-type: circle;margin: 5px\">Ideal para drum risers.<\/li>\n<li style=\"list-style-type: circle;margin: 5px\">Equipada con una correa.<\/li>\n<li style=\"list-style-type: circle;margin: 5px\">Incluye funda de transporte.<\/li>\n<li style=\"list-style-type: circle;margin: 5px\">Dimensiones: 1.6 x 1.4 metros.<\/li>\n<\/ul>\n<\/div>\n<\/div>","protected":false},"excerpt":{"rendered":"<p>Alfombra para baterista o percusionista, versi\u00f3n peque\u00f1a, dise\u00f1o logotipo Meinl, tela de tejido apretado que crea un agarre fuerte con espuelas y soportes, tama\u00f1o completo para cualquier configuraci\u00f3n de bater\u00eda o percusi\u00f3n, fondo de goma antideslizante duradera, ideal para drum risers, equipada con una correa, incluye una funda de transporte, dimensiones: 1.6 x 1.4 metros.&hellip; <a class=\"kt-excerpt-readmore more-link\" href=\"https:\/\/www.mexicanguitarplayers.com\/en\/tienda\/accesorios\/para-bateria\/cuidado-y-proteccion\/tapete-meinl-p-bateria-mod-mdrs-bk\/\">Read more<\/a><\/p>","protected":false},"featured_media":34152,"comment_status":"open","ping_status":"closed","template":"","meta":{"kt_blocks_editor_width":""},"pwb-brand":[290],"product_brand":[],"product_cat":[85,421,306],"product_tag":[],"class_list":{"0":"post-34158","1":"product","2":"type-product","3":"status-publish","4":"has-post-thumbnail","6":"pwb-brand-meinl","7":"product_cat-accesorios","8":"product_cat-cuidado-y-proteccion","9":"product_cat-para-bateria","10":"product_shipping_class-0-5-kg","12":"first","13":"outofstock","14":"taxable","15":"shipping-taxable","16":"purchasable","17":"product-type-simple"},"yoast_head":"<!-- This site is optimized with the Yoast SEO plugin v27.5 - https:\/\/yoast.com\/product\/yoast-seo-wordpress\/ -->\n<title>TAPETE MEINL P\/BATERIA MOD. MDRS-BK - Mexican Guitar Players<\/title>\n<meta name=\"description\" content=\"Alfombra para baterista o percusionista, versi\u00f3n peque\u00f1a, dise\u00f1o logotipo Meinl, tela de tejido apretado que crea un agarre fuerte con espuelas y soportes, tama\u00f1o completo para cualquier configuraci\u00f3n de bater\u00eda o percusi\u00f3n, fondo de goma antideslizante duradera, ideal para drum risers, equipada con una correa, incluye una funda de transporte, dimensiones: 1.6 x 1.4 metros.\" \/>\n<meta name=\"robots\" content=\"index, follow, max-snippet:-1, max-image-preview:large, max-video-preview:-1\" \/>\n<link rel=\"canonical\" href=\"https:\/\/www.mexicanguitarplayers.com\/en\/tienda\/sin%20categor\u00eda\/tapete-meinl-p-bateria-mod-mdrs-bk\/\" \/>\n<meta property=\"og:locale\" content=\"en_US\" \/>\n<meta property=\"og:type\" content=\"article\" \/>\n<meta property=\"og:title\" content=\"TAPETE MEINL P\/BATERIA MOD. MDRS-BK - Mexican Guitar Players\" \/>\n<meta property=\"og:description\" content=\"Alfombra para baterista o percusionista, versi\u00f3n peque\u00f1a, dise\u00f1o logotipo Meinl, tela de tejido apretado que crea un agarre fuerte con espuelas y soportes, tama\u00f1o completo para cualquier configuraci\u00f3n de bater\u00eda o percusi\u00f3n, fondo de goma antideslizante duradera, ideal para drum risers, equipada con una correa, incluye una funda de transporte, dimensiones: 1.6 x 1.4 metros.\" \/>\n<meta property=\"og:url\" content=\"https:\/\/www.mexicanguitarplayers.com\/en\/tienda\/sin categor\u00eda\/tapete-meinl-p-bateria-mod-mdrs-bk\/\" \/>\n<meta property=\"og:site_name\" content=\"Mexican Guitar Players\" \/>\n<meta property=\"article:modified_time\" content=\"2026-04-10T10:30:37+00:00\" \/>\n<meta name=\"twitter:card\" content=\"summary_large_image\" \/>\n<meta name=\"twitter:label1\" content=\"Est. reading time\" \/>\n\t<meta name=\"twitter:data1\" content=\"1 minute\" \/>\n<script type=\"application\/ld+json\" class=\"yoast-schema-graph\">{\"@context\":\"https:\\\/\\\/schema.org\",\"@graph\":[{\"@type\":[\"WebPage\",\"ItemPage\"],\"@id\":\"https:\\\/\\\/www.mexicanguitarplayers.com\\\/tienda\\\/sin categor\u00eda\\\/tapete-meinl-p-bateria-mod-mdrs-bk\\\/\",\"url\":\"https:\\\/\\\/www.mexicanguitarplayers.com\\\/tienda\\\/sin categor\u00eda\\\/tapete-meinl-p-bateria-mod-mdrs-bk\\\/\",\"name\":\"TAPETE MEINL P\\\/BATERIA MOD. MDRS-BK - Mexican Guitar Players\",\"isPartOf\":{\"@id\":\"https:\\\/\\\/www.mexicanguitarplayers.com\\\/#website\"},\"primaryImageOfPage\":{\"@id\":\"https:\\\/\\\/www.mexicanguitarplayers.com\\\/tienda\\\/sin categor\u00eda\\\/tapete-meinl-p-bateria-mod-mdrs-bk\\\/#primaryimage\"},\"image\":{\"@id\":\"https:\\\/\\\/www.mexicanguitarplayers.com\\\/tienda\\\/sin categor\u00eda\\\/tapete-meinl-p-bateria-mod-mdrs-bk\\\/#primaryimage\"},\"thumbnailUrl\":\"https:\\\/\\\/www.mexicanguitarplayers.com\\\/wp-content\\\/uploads\\\/2025\\\/04\\\/RAMEIMDRSBK.jpg\",\"datePublished\":\"2025-04-09T03:38:33+00:00\",\"dateModified\":\"2026-04-10T10:30:37+00:00\",\"description\":\"Alfombra para baterista o percusionista, versi\u00f3n peque\u00f1a, dise\u00f1o logotipo Meinl, tela de tejido apretado que crea un agarre fuerte con espuelas y soportes, tama\u00f1o completo para cualquier configuraci\u00f3n de bater\u00eda o percusi\u00f3n, fondo de goma antideslizante duradera, ideal para drum risers, equipada con una correa, incluye una funda de transporte, dimensiones: 1.6 x 1.4 metros.\",\"breadcrumb\":{\"@id\":\"https:\\\/\\\/www.mexicanguitarplayers.com\\\/tienda\\\/sin categor\u00eda\\\/tapete-meinl-p-bateria-mod-mdrs-bk\\\/#breadcrumb\"},\"inLanguage\":\"en-US\",\"potentialAction\":[{\"@type\":\"ReadAction\",\"target\":[\"https:\\\/\\\/www.mexicanguitarplayers.com\\\/tienda\\\/sin categor\u00eda\\\/tapete-meinl-p-bateria-mod-mdrs-bk\\\/\"]}]},{\"@type\":\"ImageObject\",\"inLanguage\":\"en-US\",\"@id\":\"https:\\\/\\\/www.mexicanguitarplayers.com\\\/tienda\\\/sin categor\u00eda\\\/tapete-meinl-p-bateria-mod-mdrs-bk\\\/#primaryimage\",\"url\":\"https:\\\/\\\/www.mexicanguitarplayers.com\\\/wp-content\\\/uploads\\\/2025\\\/04\\\/RAMEIMDRSBK.jpg\",\"contentUrl\":\"https:\\\/\\\/www.mexicanguitarplayers.com\\\/wp-content\\\/uploads\\\/2025\\\/04\\\/RAMEIMDRSBK.jpg\",\"width\":1200,\"height\":1200},{\"@type\":\"BreadcrumbList\",\"@id\":\"https:\\\/\\\/www.mexicanguitarplayers.com\\\/tienda\\\/sin categor\u00eda\\\/tapete-meinl-p-bateria-mod-mdrs-bk\\\/#breadcrumb\",\"itemListElement\":[{\"@type\":\"ListItem\",\"position\":1,\"name\":\"Portada\",\"item\":\"https:\\\/\\\/www.mexicanguitarplayers.com\\\/\"},{\"@type\":\"ListItem\",\"position\":2,\"name\":\"Tienda\",\"item\":\"https:\\\/\\\/www.mexicanguitarplayers.com\\\/tienda\\\/\"},{\"@type\":\"ListItem\",\"position\":3,\"name\":\"TAPETE MEINL P\\\/BATERIA MOD. MDRS-BK\"}]},{\"@type\":\"WebSite\",\"@id\":\"https:\\\/\\\/www.mexicanguitarplayers.com\\\/#website\",\"url\":\"https:\\\/\\\/www.mexicanguitarplayers.com\\\/\",\"name\":\"Mexican Guitar Players\",\"description\":\"Website\",\"publisher\":{\"@id\":\"https:\\\/\\\/www.mexicanguitarplayers.com\\\/#organization\"},\"potentialAction\":[{\"@type\":\"SearchAction\",\"target\":{\"@type\":\"EntryPoint\",\"urlTemplate\":\"https:\\\/\\\/www.mexicanguitarplayers.com\\\/?s={search_term_string}\"},\"query-input\":{\"@type\":\"PropertyValueSpecification\",\"valueRequired\":true,\"valueName\":\"search_term_string\"}}],\"inLanguage\":\"en-US\"},{\"@type\":\"Organization\",\"@id\":\"https:\\\/\\\/www.mexicanguitarplayers.com\\\/#organization\",\"name\":\"Mexican Guitar Players\",\"url\":\"https:\\\/\\\/www.mexicanguitarplayers.com\\\/\",\"logo\":{\"@type\":\"ImageObject\",\"inLanguage\":\"en-US\",\"@id\":\"https:\\\/\\\/www.mexicanguitarplayers.com\\\/#\\\/schema\\\/logo\\\/image\\\/\",\"url\":\"\",\"contentUrl\":\"\",\"caption\":\"Mexican Guitar Players\"},\"image\":{\"@id\":\"https:\\\/\\\/www.mexicanguitarplayers.com\\\/#\\\/schema\\\/logo\\\/image\\\/\"}}]}<\/script>\n<!-- \/ Yoast SEO plugin. -->","yoast_head_json":{"title":"TAPETE MEINL P\/BATERIA MOD. MDRS-BK - Mexican Guitar Players","description":"Alfombra para baterista o percusionista, versi\u00f3n peque\u00f1a, dise\u00f1o logotipo Meinl, tela de tejido apretado que crea un agarre fuerte con espuelas y soportes, tama\u00f1o completo para cualquier configuraci\u00f3n de bater\u00eda o percusi\u00f3n, fondo de goma antideslizante duradera, ideal para drum risers, equipada con una correa, incluye una funda de transporte, dimensiones: 1.6 x 1.4 metros.","robots":{"index":"index","follow":"follow","max-snippet":"max-snippet:-1","max-image-preview":"max-image-preview:large","max-video-preview":"max-video-preview:-1"},"canonical":"https:\/\/www.mexicanguitarplayers.com\/en\/tienda\/sin categor\u00eda\/tapete-meinl-p-bateria-mod-mdrs-bk\/","og_locale":"en_US","og_type":"article","og_title":"TAPETE MEINL P\/BATERIA MOD. MDRS-BK - Mexican Guitar Players","og_description":"Alfombra para baterista o percusionista, versi\u00f3n peque\u00f1a, dise\u00f1o logotipo Meinl, tela de tejido apretado que crea un agarre fuerte con espuelas y soportes, tama\u00f1o completo para cualquier configuraci\u00f3n de bater\u00eda o percusi\u00f3n, fondo de goma antideslizante duradera, ideal para drum risers, equipada con una correa, incluye una funda de transporte, dimensiones: 1.6 x 1.4 metros.","og_url":"https:\/\/www.mexicanguitarplayers.com\/en\/tienda\/sin categor\u00eda\/tapete-meinl-p-bateria-mod-mdrs-bk\/","og_site_name":"Mexican Guitar Players","article_modified_time":"2026-04-10T10:30:37+00:00","twitter_card":"summary_large_image","twitter_misc":{"Est. reading time":"1 minute"},"schema":{"@context":"https:\/\/schema.org","@graph":[{"@type":["WebPage","ItemPage"],"@id":"https:\/\/www.mexicanguitarplayers.com\/tienda\/sin categor\u00eda\/tapete-meinl-p-bateria-mod-mdrs-bk\/","url":"https:\/\/www.mexicanguitarplayers.com\/tienda\/sin categor\u00eda\/tapete-meinl-p-bateria-mod-mdrs-bk\/","name":"TAPETE MEINL P\/BATERIA MOD. MDRS-BK - Mexican Guitar Players","isPartOf":{"@id":"https:\/\/www.mexicanguitarplayers.com\/#website"},"primaryImageOfPage":{"@id":"https:\/\/www.mexicanguitarplayers.com\/tienda\/sin categor\u00eda\/tapete-meinl-p-bateria-mod-mdrs-bk\/#primaryimage"},"image":{"@id":"https:\/\/www.mexicanguitarplayers.com\/tienda\/sin categor\u00eda\/tapete-meinl-p-bateria-mod-mdrs-bk\/#primaryimage"},"thumbnailUrl":"https:\/\/www.mexicanguitarplayers.com\/wp-content\/uploads\/2025\/04\/RAMEIMDRSBK.jpg","datePublished":"2025-04-09T03:38:33+00:00","dateModified":"2026-04-10T10:30:37+00:00","description":"Alfombra para baterista o percusionista, versi\u00f3n peque\u00f1a, dise\u00f1o logotipo Meinl, tela de tejido apretado que crea un agarre fuerte con espuelas y soportes, tama\u00f1o completo para cualquier configuraci\u00f3n de bater\u00eda o percusi\u00f3n, fondo de goma antideslizante duradera, ideal para drum risers, equipada con una correa, incluye una funda de transporte, dimensiones: 1.6 x 1.4 metros.","breadcrumb":{"@id":"https:\/\/www.mexicanguitarplayers.com\/tienda\/sin categor\u00eda\/tapete-meinl-p-bateria-mod-mdrs-bk\/#breadcrumb"},"inLanguage":"en-US","potentialAction":[{"@type":"ReadAction","target":["https:\/\/www.mexicanguitarplayers.com\/tienda\/sin categor\u00eda\/tapete-meinl-p-bateria-mod-mdrs-bk\/"]}]},{"@type":"ImageObject","inLanguage":"en-US","@id":"https:\/\/www.mexicanguitarplayers.com\/tienda\/sin categor\u00eda\/tapete-meinl-p-bateria-mod-mdrs-bk\/#primaryimage","url":"https:\/\/www.mexicanguitarplayers.com\/wp-content\/uploads\/2025\/04\/RAMEIMDRSBK.jpg","contentUrl":"https:\/\/www.mexicanguitarplayers.com\/wp-content\/uploads\/2025\/04\/RAMEIMDRSBK.jpg","width":1200,"height":1200},{"@type":"BreadcrumbList","@id":"https:\/\/www.mexicanguitarplayers.com\/tienda\/sin categor\u00eda\/tapete-meinl-p-bateria-mod-mdrs-bk\/#breadcrumb","itemListElement":[{"@type":"ListItem","position":1,"name":"Portada","item":"https:\/\/www.mexicanguitarplayers.com\/"},{"@type":"ListItem","position":2,"name":"Tienda","item":"https:\/\/www.mexicanguitarplayers.com\/tienda\/"},{"@type":"ListItem","position":3,"name":"TAPETE MEINL P\/BATERIA MOD. MDRS-BK"}]},{"@type":"WebSite","@id":"https:\/\/www.mexicanguitarplayers.com\/#website","url":"https:\/\/www.mexicanguitarplayers.com\/","name":"Mexican Guitar Players","description":"Website","publisher":{"@id":"https:\/\/www.mexicanguitarplayers.com\/#organization"},"potentialAction":[{"@type":"SearchAction","target":{"@type":"EntryPoint","urlTemplate":"https:\/\/www.mexicanguitarplayers.com\/?s={search_term_string}"},"query-input":{"@type":"PropertyValueSpecification","valueRequired":true,"valueName":"search_term_string"}}],"inLanguage":"en-US"},{"@type":"Organization","@id":"https:\/\/www.mexicanguitarplayers.com\/#organization","name":"Mexican Guitar Players","url":"https:\/\/www.mexicanguitarplayers.com\/","logo":{"@type":"ImageObject","inLanguage":"en-US","@id":"https:\/\/www.mexicanguitarplayers.com\/#\/schema\/logo\/image\/","url":"","contentUrl":"","caption":"Mexican Guitar Players"},"image":{"@id":"https:\/\/www.mexicanguitarplayers.com\/#\/schema\/logo\/image\/"}}]}},"brands":[{"id":290,"name":"MEINL","slug":"meinl"}],"_links":{"self":[{"href":"https:\/\/www.mexicanguitarplayers.com\/en\/wp-json\/wp\/v2\/product\/34158","targetHints":{"allow":["GET"]}}],"collection":[{"href":"https:\/\/www.mexicanguitarplayers.com\/en\/wp-json\/wp\/v2\/product"}],"about":[{"href":"https:\/\/www.mexicanguitarplayers.com\/en\/wp-json\/wp\/v2\/types\/product"}],"replies":[{"embeddable":true,"href":"https:\/\/www.mexicanguitarplayers.com\/en\/wp-json\/wp\/v2\/comments?post=34158"}],"wp:featuredmedia":[{"embeddable":true,"href":"https:\/\/www.mexicanguitarplayers.com\/en\/wp-json\/wp\/v2\/media\/34152"}],"wp:attachment":[{"href":"https:\/\/www.mexicanguitarplayers.com\/en\/wp-json\/wp\/v2\/media?parent=34158"}],"wp:term":[{"taxonomy":"pwb-brand","embeddable":true,"href":"https:\/\/www.mexicanguitarplayers.com\/en\/wp-json\/wp\/v2\/pwb-brand?post=34158"},{"taxonomy":"product_brand","embeddable":true,"href":"https:\/\/www.mexicanguitarplayers.com\/en\/wp-json\/wp\/v2\/product_brand?post=34158"},{"taxonomy":"product_cat","embeddable":true,"href":"https:\/\/www.mexicanguitarplayers.com\/en\/wp-json\/wp\/v2\/product_cat?post=34158"},{"taxonomy":"product_tag","embeddable":true,"href":"https:\/\/www.mexicanguitarplayers.com\/en\/wp-json\/wp\/v2\/product_tag?post=34158"}],"curies":[{"name":"wp","href":"https:\/\/api.w.org\/{rel}","templated":true}]}}