{"id":34172,"date":"2025-04-08T21:39:12","date_gmt":"2025-04-09T03:39:12","guid":{"rendered":"https:\/\/www.mexicanguitarplayers.com\/tienda\/sin categor\u00eda\/mezcladora-behringer-mod-wing-bk\/"},"modified":"2026-05-01T07:22:21","modified_gmt":"2026-05-01T13:22:21","slug":"mezcladora-behringer-mod-wing-bk","status":"publish","type":"product","link":"https:\/\/www.mexicanguitarplayers.com\/en\/tienda\/audio\/mezcladoras\/mezcladoras-digitales\/superficies-de-control\/mezcladora-behringer-mod-wing-bk\/","title":{"rendered":"MEZCLADORA BEHRINGER MOD. WING-BK"},"content":{"rendered":"<div style=\"text-align: justify\">\n<div>\n<h3>WING Digital Mixing Console: Potencia, Precisi\u00f3n y Creatividad para el Sonido Profesional<\/h3>\n<\/div>\n<div>La WING Digital Mixing Console es una consola de mezcla de 48 canales est\u00e9reo y 28 buses, equipada con 8 preamplificadores Midas PRO y 8 salidas Midas PRO, ofreciendo una calidad de sonido de referencia en la industria. Con una pantalla t\u00e1ctil de 10.1&#8243; y una superficie de control con 24 faders motorizados de 100 mm, proporciona un control completo y personalizable. Con 3 puertos AES50, la consola admite hasta 144 se\u00f1ales de entrada y salida con conexiones SuperMac CAT5 de ultra-bajo jitter y latencia de solo 6 muestras. Adem\u00e1s, cuenta con un interfaz USB Audio\/MIDI para 48 canales de audio, grabador de tarjetas SD dual con hasta 64 pistas y una interfaz AoIP interna que permite la integraci\u00f3n con redes Dante y Waves SoundGrid. La WING tambi\u00e9n incluye 16 motores de efectos est\u00e9reo con m\u00e1s de 80 algoritmos de efectos de clase mundial, y 3 ranuras de plug-ins (Gate, Dynamics y EQ) en cada canal, sin reducir la potencia de procesamiento de efectos. Adem\u00e1s, ofrece 40 canales est\u00e9reo de entrada, 8 canales est\u00e9reo de auxilio, y soporte para control remoto DAW. Con una capacidad de hasta 374 entradas y 376 salidas, esta consola es ideal para eventos en vivo complejos, grabaciones, y proyectos de teatro musical. La WING tambi\u00e9n permite guardar y recuperar configuraciones espec\u00edficas de efectos, canales y shows completos, ofreciendo una herramienta extremadamente flexible y precisa para cualquier tipo de producci\u00f3n.<\/div>\n<div>\n<h4>Characteristics<\/h4>\n<\/div>\n<div>\n<ul style=\"margin: 0px 0px 0px 25px\">\n<li style=\"list-style-type: circle;margin: 5px\">48 canales est\u00e9reo y 28 buses est\u00e9reo.<\/li>\n<li style=\"list-style-type: circle;margin: 5px\">8 preamplificadores Midas PRO y 8 salidas Midas PRO<\/li>\n<li style=\"list-style-type: circle;margin: 5px\">24 faders motorizados de 100 mm<\/li>\n<li style=\"list-style-type: circle;margin: 5px\">3 puertos AES50 para un total de 144 se\u00f1ales de entrada\/salida en conexiones SuperMac CAT5<\/li>\n<li style=\"list-style-type: circle;margin: 5px\">Pantalla t\u00e1ctil de 10.1&#8243;<\/li>\n<li style=\"list-style-type: circle;margin: 5px\">16 botones configurables, 4 controles rotatorios y 1 rueda de control grande.<\/li>\n<li style=\"list-style-type: circle;margin: 5px\">Interfaz USB Audio\/MIDI<\/li>\n<li style=\"list-style-type: circle;margin: 5px\">Grabadora\/reproductora Dual-SD<\/li>\n<li style=\"list-style-type: circle;margin: 5px\">40 canales est\u00e9reo de entrada<\/li>\n<li style=\"list-style-type: circle;margin: 5px\">8 canales est\u00e9reo de auxilio<\/li>\n<li style=\"list-style-type: circle;margin: 5px\">4 canales GPIO<\/li>\n<li style=\"list-style-type: circle;margin: 5px\">Control remoto DAW<\/li>\n<\/ul>\n<\/div>\n<\/div>","protected":false},"excerpt":{"rendered":"<p>La WING Digital Mixing Console es una consola de mezcla de 48 canales est\u00e9reo y 28 buses, con 8 preamplificadores Midas PRO y 8 salidas Midas PRO para una calidad de sonido excepcional. Su pantalla t\u00e1ctil de 10.1\u201d y 24 faders motorizados ofrecen un control preciso y personalizado. Incluye 3 puertos AES50, 144 se\u00f1ales de entrada\/salida con conexiones CAT5, y un interfaz USB Audio\/MIDI para 48 canales. Adem\u00e1s, cuenta con 16 motores de efectos est\u00e9reo y 80+ algoritmos de efectos, y es compatible con redes Dante y Waves SoundGrid.&hellip; <a class=\"kt-excerpt-readmore more-link\" href=\"https:\/\/www.mexicanguitarplayers.com\/en\/tienda\/audio\/mezcladoras\/mezcladoras-digitales\/superficies-de-control\/mezcladora-behringer-mod-wing-bk\/\">Read more<\/a><\/p>","protected":false},"featured_media":34165,"comment_status":"open","ping_status":"closed","template":"","meta":{"kt_blocks_editor_width":""},"pwb-brand":[171],"product_brand":[],"product_cat":[213,491,526,537],"product_tag":[],"class_list":{"0":"post-34172","1":"product","2":"type-product","3":"status-publish","4":"has-post-thumbnail","6":"pwb-brand-behringer","7":"product_cat-audio","8":"product_cat-mezcladoras","9":"product_cat-mezcladoras-digitales","10":"product_cat-superficies-de-control","12":"first","13":"instock","14":"taxable","15":"shipping-taxable","16":"purchasable","17":"product-type-simple"},"yoast_head":"<!-- This site is optimized with the Yoast SEO plugin v27.5 - https:\/\/yoast.com\/product\/yoast-seo-wordpress\/ -->\n<title>MEZCLADORA BEHRINGER MOD. WING-BK - Mexican Guitar Players<\/title>\n<meta name=\"description\" content=\"La WING Digital Mixing Console es una consola de mezcla de 48 canales est\u00e9reo y 28 buses, con 8 preamplificadores Midas PRO y 8 salidas Midas PRO para una calidad de sonido excepcional. Su pantalla t\u00e1ctil de 10.1\u201d y 24 faders motorizados ofrecen un control preciso y personalizado. Incluye 3 puertos AES50, 144 se\u00f1ales de entrada\/salida con conexiones CAT5, y un interfaz USB Audio\/MIDI para 48 canales. Adem\u00e1s, cuenta con 16 motores de efectos est\u00e9reo y 80+ algoritmos de efectos, y es compatible con redes Dante y Waves SoundGrid.\" \/>\n<meta name=\"robots\" content=\"index, follow, max-snippet:-1, max-image-preview:large, max-video-preview:-1\" \/>\n<link rel=\"canonical\" href=\"https:\/\/www.mexicanguitarplayers.com\/en\/tienda\/sin%20categor\u00eda\/mezcladora-behringer-mod-wing-bk\/\" \/>\n<meta property=\"og:locale\" content=\"en_US\" \/>\n<meta property=\"og:type\" content=\"article\" \/>\n<meta property=\"og:title\" content=\"MEZCLADORA BEHRINGER MOD. WING-BK - Mexican Guitar Players\" \/>\n<meta property=\"og:description\" content=\"La WING Digital Mixing Console es una consola de mezcla de 48 canales est\u00e9reo y 28 buses, con 8 preamplificadores Midas PRO y 8 salidas Midas PRO para una calidad de sonido excepcional. Su pantalla t\u00e1ctil de 10.1\u201d y 24 faders motorizados ofrecen un control preciso y personalizado. Incluye 3 puertos AES50, 144 se\u00f1ales de entrada\/salida con conexiones CAT5, y un interfaz USB Audio\/MIDI para 48 canales. Adem\u00e1s, cuenta con 16 motores de efectos est\u00e9reo y 80+ algoritmos de efectos, y es compatible con redes Dante y Waves SoundGrid.\" \/>\n<meta property=\"og:url\" content=\"https:\/\/www.mexicanguitarplayers.com\/en\/tienda\/sin categor\u00eda\/mezcladora-behringer-mod-wing-bk\/\" \/>\n<meta property=\"og:site_name\" content=\"Mexican Guitar Players\" \/>\n<meta property=\"article:modified_time\" content=\"2026-05-01T13:22:21+00:00\" \/>\n<meta name=\"twitter:card\" content=\"summary_large_image\" \/>\n<meta name=\"twitter:label1\" content=\"Est. reading time\" \/>\n\t<meta name=\"twitter:data1\" content=\"2 minutes\" \/>\n<script type=\"application\/ld+json\" class=\"yoast-schema-graph\">{\"@context\":\"https:\\\/\\\/schema.org\",\"@graph\":[{\"@type\":[\"WebPage\",\"ItemPage\"],\"@id\":\"https:\\\/\\\/www.mexicanguitarplayers.com\\\/tienda\\\/sin categor\u00eda\\\/mezcladora-behringer-mod-wing-bk\\\/\",\"url\":\"https:\\\/\\\/www.mexicanguitarplayers.com\\\/tienda\\\/sin categor\u00eda\\\/mezcladora-behringer-mod-wing-bk\\\/\",\"name\":\"MEZCLADORA BEHRINGER MOD. WING-BK - Mexican Guitar Players\",\"isPartOf\":{\"@id\":\"https:\\\/\\\/www.mexicanguitarplayers.com\\\/#website\"},\"primaryImageOfPage\":{\"@id\":\"https:\\\/\\\/www.mexicanguitarplayers.com\\\/tienda\\\/sin categor\u00eda\\\/mezcladora-behringer-mod-wing-bk\\\/#primaryimage\"},\"image\":{\"@id\":\"https:\\\/\\\/www.mexicanguitarplayers.com\\\/tienda\\\/sin categor\u00eda\\\/mezcladora-behringer-mod-wing-bk\\\/#primaryimage\"},\"thumbnailUrl\":\"https:\\\/\\\/www.mexicanguitarplayers.com\\\/wp-content\\\/uploads\\\/2025\\\/04\\\/IABEHWINGBK.png\",\"datePublished\":\"2025-04-09T03:39:12+00:00\",\"dateModified\":\"2026-05-01T13:22:21+00:00\",\"description\":\"La WING Digital Mixing Console es una consola de mezcla de 48 canales est\u00e9reo y 28 buses, con 8 preamplificadores Midas PRO y 8 salidas Midas PRO para una calidad de sonido excepcional. Su pantalla t\u00e1ctil de 10.1\u201d y 24 faders motorizados ofrecen un control preciso y personalizado. Incluye 3 puertos AES50, 144 se\u00f1ales de entrada\\\/salida con conexiones CAT5, y un interfaz USB Audio\\\/MIDI para 48 canales. Adem\u00e1s, cuenta con 16 motores de efectos est\u00e9reo y 80+ algoritmos de efectos, y es compatible con redes Dante y Waves SoundGrid.\",\"breadcrumb\":{\"@id\":\"https:\\\/\\\/www.mexicanguitarplayers.com\\\/tienda\\\/sin categor\u00eda\\\/mezcladora-behringer-mod-wing-bk\\\/#breadcrumb\"},\"inLanguage\":\"en-US\",\"potentialAction\":[{\"@type\":\"ReadAction\",\"target\":[\"https:\\\/\\\/www.mexicanguitarplayers.com\\\/tienda\\\/sin categor\u00eda\\\/mezcladora-behringer-mod-wing-bk\\\/\"]}]},{\"@type\":\"ImageObject\",\"inLanguage\":\"en-US\",\"@id\":\"https:\\\/\\\/www.mexicanguitarplayers.com\\\/tienda\\\/sin categor\u00eda\\\/mezcladora-behringer-mod-wing-bk\\\/#primaryimage\",\"url\":\"https:\\\/\\\/www.mexicanguitarplayers.com\\\/wp-content\\\/uploads\\\/2025\\\/04\\\/IABEHWINGBK.png\",\"contentUrl\":\"https:\\\/\\\/www.mexicanguitarplayers.com\\\/wp-content\\\/uploads\\\/2025\\\/04\\\/IABEHWINGBK.png\",\"width\":1600,\"height\":800},{\"@type\":\"BreadcrumbList\",\"@id\":\"https:\\\/\\\/www.mexicanguitarplayers.com\\\/tienda\\\/sin categor\u00eda\\\/mezcladora-behringer-mod-wing-bk\\\/#breadcrumb\",\"itemListElement\":[{\"@type\":\"ListItem\",\"position\":1,\"name\":\"Portada\",\"item\":\"https:\\\/\\\/www.mexicanguitarplayers.com\\\/\"},{\"@type\":\"ListItem\",\"position\":2,\"name\":\"Tienda\",\"item\":\"https:\\\/\\\/www.mexicanguitarplayers.com\\\/tienda\\\/\"},{\"@type\":\"ListItem\",\"position\":3,\"name\":\"MEZCLADORA BEHRINGER MOD. WING-BK\"}]},{\"@type\":\"WebSite\",\"@id\":\"https:\\\/\\\/www.mexicanguitarplayers.com\\\/#website\",\"url\":\"https:\\\/\\\/www.mexicanguitarplayers.com\\\/\",\"name\":\"Mexican Guitar Players\",\"description\":\"Website\",\"publisher\":{\"@id\":\"https:\\\/\\\/www.mexicanguitarplayers.com\\\/#organization\"},\"potentialAction\":[{\"@type\":\"SearchAction\",\"target\":{\"@type\":\"EntryPoint\",\"urlTemplate\":\"https:\\\/\\\/www.mexicanguitarplayers.com\\\/?s={search_term_string}\"},\"query-input\":{\"@type\":\"PropertyValueSpecification\",\"valueRequired\":true,\"valueName\":\"search_term_string\"}}],\"inLanguage\":\"en-US\"},{\"@type\":\"Organization\",\"@id\":\"https:\\\/\\\/www.mexicanguitarplayers.com\\\/#organization\",\"name\":\"Mexican Guitar Players\",\"url\":\"https:\\\/\\\/www.mexicanguitarplayers.com\\\/\",\"logo\":{\"@type\":\"ImageObject\",\"inLanguage\":\"en-US\",\"@id\":\"https:\\\/\\\/www.mexicanguitarplayers.com\\\/#\\\/schema\\\/logo\\\/image\\\/\",\"url\":\"\",\"contentUrl\":\"\",\"caption\":\"Mexican Guitar Players\"},\"image\":{\"@id\":\"https:\\\/\\\/www.mexicanguitarplayers.com\\\/#\\\/schema\\\/logo\\\/image\\\/\"}}]}<\/script>\n<!-- \/ Yoast SEO plugin. -->","yoast_head_json":{"title":"MEZCLADORA BEHRINGER MOD. WING-BK - Mexican Guitar Players","description":"La WING Digital Mixing Console es una consola de mezcla de 48 canales est\u00e9reo y 28 buses, con 8 preamplificadores Midas PRO y 8 salidas Midas PRO para una calidad de sonido excepcional. Su pantalla t\u00e1ctil de 10.1\u201d y 24 faders motorizados ofrecen un control preciso y personalizado. Incluye 3 puertos AES50, 144 se\u00f1ales de entrada\/salida con conexiones CAT5, y un interfaz USB Audio\/MIDI para 48 canales. Adem\u00e1s, cuenta con 16 motores de efectos est\u00e9reo y 80+ algoritmos de efectos, y es compatible con redes Dante y Waves SoundGrid.","robots":{"index":"index","follow":"follow","max-snippet":"max-snippet:-1","max-image-preview":"max-image-preview:large","max-video-preview":"max-video-preview:-1"},"canonical":"https:\/\/www.mexicanguitarplayers.com\/en\/tienda\/sin categor\u00eda\/mezcladora-behringer-mod-wing-bk\/","og_locale":"en_US","og_type":"article","og_title":"MEZCLADORA BEHRINGER MOD. WING-BK - Mexican Guitar Players","og_description":"La WING Digital Mixing Console es una consola de mezcla de 48 canales est\u00e9reo y 28 buses, con 8 preamplificadores Midas PRO y 8 salidas Midas PRO para una calidad de sonido excepcional. Su pantalla t\u00e1ctil de 10.1\u201d y 24 faders motorizados ofrecen un control preciso y personalizado. Incluye 3 puertos AES50, 144 se\u00f1ales de entrada\/salida con conexiones CAT5, y un interfaz USB Audio\/MIDI para 48 canales. Adem\u00e1s, cuenta con 16 motores de efectos est\u00e9reo y 80+ algoritmos de efectos, y es compatible con redes Dante y Waves SoundGrid.","og_url":"https:\/\/www.mexicanguitarplayers.com\/en\/tienda\/sin categor\u00eda\/mezcladora-behringer-mod-wing-bk\/","og_site_name":"Mexican Guitar Players","article_modified_time":"2026-05-01T13:22:21+00:00","twitter_card":"summary_large_image","twitter_misc":{"Est. reading time":"2 minutes"},"schema":{"@context":"https:\/\/schema.org","@graph":[{"@type":["WebPage","ItemPage"],"@id":"https:\/\/www.mexicanguitarplayers.com\/tienda\/sin categor\u00eda\/mezcladora-behringer-mod-wing-bk\/","url":"https:\/\/www.mexicanguitarplayers.com\/tienda\/sin categor\u00eda\/mezcladora-behringer-mod-wing-bk\/","name":"MEZCLADORA BEHRINGER MOD. WING-BK - Mexican Guitar Players","isPartOf":{"@id":"https:\/\/www.mexicanguitarplayers.com\/#website"},"primaryImageOfPage":{"@id":"https:\/\/www.mexicanguitarplayers.com\/tienda\/sin categor\u00eda\/mezcladora-behringer-mod-wing-bk\/#primaryimage"},"image":{"@id":"https:\/\/www.mexicanguitarplayers.com\/tienda\/sin categor\u00eda\/mezcladora-behringer-mod-wing-bk\/#primaryimage"},"thumbnailUrl":"https:\/\/www.mexicanguitarplayers.com\/wp-content\/uploads\/2025\/04\/IABEHWINGBK.png","datePublished":"2025-04-09T03:39:12+00:00","dateModified":"2026-05-01T13:22:21+00:00","description":"La WING Digital Mixing Console es una consola de mezcla de 48 canales est\u00e9reo y 28 buses, con 8 preamplificadores Midas PRO y 8 salidas Midas PRO para una calidad de sonido excepcional. Su pantalla t\u00e1ctil de 10.1\u201d y 24 faders motorizados ofrecen un control preciso y personalizado. Incluye 3 puertos AES50, 144 se\u00f1ales de entrada\/salida con conexiones CAT5, y un interfaz USB Audio\/MIDI para 48 canales. Adem\u00e1s, cuenta con 16 motores de efectos est\u00e9reo y 80+ algoritmos de efectos, y es compatible con redes Dante y Waves SoundGrid.","breadcrumb":{"@id":"https:\/\/www.mexicanguitarplayers.com\/tienda\/sin categor\u00eda\/mezcladora-behringer-mod-wing-bk\/#breadcrumb"},"inLanguage":"en-US","potentialAction":[{"@type":"ReadAction","target":["https:\/\/www.mexicanguitarplayers.com\/tienda\/sin categor\u00eda\/mezcladora-behringer-mod-wing-bk\/"]}]},{"@type":"ImageObject","inLanguage":"en-US","@id":"https:\/\/www.mexicanguitarplayers.com\/tienda\/sin categor\u00eda\/mezcladora-behringer-mod-wing-bk\/#primaryimage","url":"https:\/\/www.mexicanguitarplayers.com\/wp-content\/uploads\/2025\/04\/IABEHWINGBK.png","contentUrl":"https:\/\/www.mexicanguitarplayers.com\/wp-content\/uploads\/2025\/04\/IABEHWINGBK.png","width":1600,"height":800},{"@type":"BreadcrumbList","@id":"https:\/\/www.mexicanguitarplayers.com\/tienda\/sin categor\u00eda\/mezcladora-behringer-mod-wing-bk\/#breadcrumb","itemListElement":[{"@type":"ListItem","position":1,"name":"Portada","item":"https:\/\/www.mexicanguitarplayers.com\/"},{"@type":"ListItem","position":2,"name":"Tienda","item":"https:\/\/www.mexicanguitarplayers.com\/tienda\/"},{"@type":"ListItem","position":3,"name":"MEZCLADORA BEHRINGER MOD. WING-BK"}]},{"@type":"WebSite","@id":"https:\/\/www.mexicanguitarplayers.com\/#website","url":"https:\/\/www.mexicanguitarplayers.com\/","name":"Mexican Guitar Players","description":"Website","publisher":{"@id":"https:\/\/www.mexicanguitarplayers.com\/#organization"},"potentialAction":[{"@type":"SearchAction","target":{"@type":"EntryPoint","urlTemplate":"https:\/\/www.mexicanguitarplayers.com\/?s={search_term_string}"},"query-input":{"@type":"PropertyValueSpecification","valueRequired":true,"valueName":"search_term_string"}}],"inLanguage":"en-US"},{"@type":"Organization","@id":"https:\/\/www.mexicanguitarplayers.com\/#organization","name":"Mexican Guitar Players","url":"https:\/\/www.mexicanguitarplayers.com\/","logo":{"@type":"ImageObject","inLanguage":"en-US","@id":"https:\/\/www.mexicanguitarplayers.com\/#\/schema\/logo\/image\/","url":"","contentUrl":"","caption":"Mexican Guitar Players"},"image":{"@id":"https:\/\/www.mexicanguitarplayers.com\/#\/schema\/logo\/image\/"}}]}},"brands":[{"id":171,"name":"BEHRINGER","slug":"behringer"}],"_links":{"self":[{"href":"https:\/\/www.mexicanguitarplayers.com\/en\/wp-json\/wp\/v2\/product\/34172","targetHints":{"allow":["GET"]}}],"collection":[{"href":"https:\/\/www.mexicanguitarplayers.com\/en\/wp-json\/wp\/v2\/product"}],"about":[{"href":"https:\/\/www.mexicanguitarplayers.com\/en\/wp-json\/wp\/v2\/types\/product"}],"replies":[{"embeddable":true,"href":"https:\/\/www.mexicanguitarplayers.com\/en\/wp-json\/wp\/v2\/comments?post=34172"}],"wp:featuredmedia":[{"embeddable":true,"href":"https:\/\/www.mexicanguitarplayers.com\/en\/wp-json\/wp\/v2\/media\/34165"}],"wp:attachment":[{"href":"https:\/\/www.mexicanguitarplayers.com\/en\/wp-json\/wp\/v2\/media?parent=34172"}],"wp:term":[{"taxonomy":"pwb-brand","embeddable":true,"href":"https:\/\/www.mexicanguitarplayers.com\/en\/wp-json\/wp\/v2\/pwb-brand?post=34172"},{"taxonomy":"product_brand","embeddable":true,"href":"https:\/\/www.mexicanguitarplayers.com\/en\/wp-json\/wp\/v2\/product_brand?post=34172"},{"taxonomy":"product_cat","embeddable":true,"href":"https:\/\/www.mexicanguitarplayers.com\/en\/wp-json\/wp\/v2\/product_cat?post=34172"},{"taxonomy":"product_tag","embeddable":true,"href":"https:\/\/www.mexicanguitarplayers.com\/en\/wp-json\/wp\/v2\/product_tag?post=34172"}],"curies":[{"name":"wp","href":"https:\/\/api.w.org\/{rel}","templated":true}]}}