{"id":34242,"date":"2025-04-08T21:41:55","date_gmt":"2025-04-09T03:41:55","guid":{"rendered":"https:\/\/www.mexicanguitarplayers.com\/tienda\/sin categor\u00eda\/parche-evans-14-mod-b14uv1\/"},"modified":"2026-03-31T19:15:05","modified_gmt":"2026-04-01T01:15:05","slug":"parche-evans-14-mod-b14uv1","status":"publish","type":"product","link":"https:\/\/www.mexicanguitarplayers.com\/en\/tienda\/accesorios\/para-bateria\/parches\/para-tarola\/parche-evans-14-mod-b14uv1\/","title":{"rendered":"PARCHE EVANS 14      MOD. B14UV1"},"content":{"rendered":"<div style=\"text-align: justify\">\n<div>\n<h3>Recubrimiento ultra violeta.<\/h3>\n<\/div>\n<div>La serie UV1 est\u00e1 dise\u00f1ada para una amplia gama de posibilidades sonoras siendo el parche de una sola capa m\u00e1s durable disponible hasta ahora. El recubrimiento patentado de curado UV proporciona una durabilidad sin igual y una gran consistencia en la textura mientras que su capa de pel\u00edcula de 10 mil\u00e9simas de pulgada ofrece una resistencia excepcional y una gran versatilidad para una amplia gama de aplicaciones musicales. Estos parches son la soluci\u00f3n n\u00famero uno para los bateristas cansados de escamas, astillas y levantamiento del recubrimiento. Tambi\u00e9n cuentan con una mayor textura de la superficie que los hace extremadamente sensibles para tocarlos con escobillas. Combinado con la tecnolog\u00eda Level 360, la serie de parches UV1 es la m\u00e1s vers\u00e1til y duradera que jam\u00e1s hayas tocado.<\/div>\n<div>\n<h4>Quick look<\/h4>\n<\/div>\n<ul style=\"margin: 0px 0px 0px 25px\">\n<li style=\"list-style-type: circle;margin: 5px\">Terminado rugoso.<\/li>\n<li style=\"list-style-type: circle;margin: 5px\">Tecnolog\u00eda Level 360.<\/li>\n<\/ul>\n<div>\n<div style=\"font-weight: bold\">Terminado rugoso.<\/div>\n<div>\n<p>Recubrimiento de UV curado patentado que proporciona una durabilidad sin igual y una gran consistencia, ofrece un sonido c\u00e1lido y expresivo, extremadamente vers\u00e1til para una amplia variedad de aplicaciones musicales.<\/p>\n<\/div>\n<div style=\"font-weight: bold\">Tecnolog\u00eda Level 360.<\/div>\n<div>\n<p>Garantiza un adecuado contacto entre el parche y el cuerpo del tambor.<\/p>\n<\/div>\n<\/div>\n<div>\n<h4>Characteristics<\/h4>\n<\/div>\n<div>\n<ul style=\"margin: 0px 0px 0px 25px\">\n<li style=\"list-style-type: circle;margin: 5px\">Parche para tarola o tom de 14&#8243; pulgadas.<\/li>\n<li style=\"list-style-type: circle;margin: 5px\">Una sola capa de pel\u00edcula de 10 mil\u00e9simas de pulgada.<\/li>\n<li style=\"list-style-type: circle;margin: 5px\">Fabricado en USA.<\/li>\n<\/ul>\n<\/div>\n<\/div>","protected":false},"excerpt":{"rendered":"<p>Parche para tarola o tom de 14\u201d pulgadas, una sola capa de pel\u00edcula de 10 mil\u00e9simas de pulgada, terminado rugoso, recubrimiento de UV curado patentado que proporciona una durabilidad sin igual y una gran consistencia, ofrece un sonido c\u00e1lido y expresivo, extremadamente vers\u00e1til para una amplia variedad de aplicaciones musicales, fabricado en USA.&hellip; <a class=\"kt-excerpt-readmore more-link\" href=\"https:\/\/www.mexicanguitarplayers.com\/en\/tienda\/accesorios\/para-bateria\/parches\/para-tarola\/parche-evans-14-mod-b14uv1\/\">Read more<\/a><\/p>","protected":false},"featured_media":34241,"comment_status":"open","ping_status":"closed","template":"","meta":{"kt_blocks_editor_width":""},"pwb-brand":[366],"product_brand":[],"product_cat":[85,306,365,363],"product_tag":[],"class_list":{"0":"post-34242","1":"product","2":"type-product","3":"status-publish","4":"has-post-thumbnail","6":"pwb-brand-evans","7":"product_cat-accesorios","8":"product_cat-para-bateria","9":"product_cat-para-tarola","10":"product_cat-parches","11":"product_shipping_class-0-5-kg","13":"first","14":"outofstock","15":"taxable","16":"shipping-taxable","17":"purchasable","18":"product-type-simple"},"yoast_head":"<!-- This site is optimized with the Yoast SEO plugin v27.3 - https:\/\/yoast.com\/product\/yoast-seo-wordpress\/ -->\n<title>PARCHE EVANS 14   MOD. B14UV1 - Mexican Guitar Players<\/title>\n<meta name=\"description\" content=\"Parche para tarola o tom de 14\u201d pulgadas, una sola capa de pel\u00edcula de 10 mil\u00e9simas de pulgada, terminado rugoso, recubrimiento de UV curado patentado que proporciona una durabilidad sin igual y una gran consistencia, ofrece un sonido c\u00e1lido y expresivo, extremadamente vers\u00e1til para una amplia variedad de aplicaciones musicales, fabricado en USA.\" \/>\n<meta name=\"robots\" content=\"index, follow, max-snippet:-1, max-image-preview:large, max-video-preview:-1\" \/>\n<link rel=\"canonical\" href=\"https:\/\/www.mexicanguitarplayers.com\/en\/tienda\/sin%20categor\u00eda\/parche-evans-14-mod-b14uv1\/\" \/>\n<meta property=\"og:locale\" content=\"en_US\" \/>\n<meta property=\"og:type\" content=\"article\" \/>\n<meta property=\"og:title\" content=\"PARCHE EVANS 14   MOD. B14UV1 - Mexican Guitar Players\" \/>\n<meta property=\"og:description\" content=\"Parche para tarola o tom de 14\u201d pulgadas, una sola capa de pel\u00edcula de 10 mil\u00e9simas de pulgada, terminado rugoso, recubrimiento de UV curado patentado que proporciona una durabilidad sin igual y una gran consistencia, ofrece un sonido c\u00e1lido y expresivo, extremadamente vers\u00e1til para una amplia variedad de aplicaciones musicales, fabricado en USA.\" \/>\n<meta property=\"og:url\" content=\"https:\/\/www.mexicanguitarplayers.com\/en\/tienda\/sin categor\u00eda\/parche-evans-14-mod-b14uv1\/\" \/>\n<meta property=\"og:site_name\" content=\"Mexican Guitar Players\" \/>\n<meta property=\"article:modified_time\" content=\"2026-04-01T01:15:05+00:00\" \/>\n<meta name=\"twitter:card\" content=\"summary_large_image\" \/>\n<meta name=\"twitter:label1\" content=\"Est. reading time\" \/>\n\t<meta name=\"twitter:data1\" content=\"1 minute\" \/>\n<script type=\"application\/ld+json\" class=\"yoast-schema-graph\">{\"@context\":\"https:\\\/\\\/schema.org\",\"@graph\":[{\"@type\":[\"WebPage\",\"ItemPage\"],\"@id\":\"https:\\\/\\\/www.mexicanguitarplayers.com\\\/tienda\\\/sin categor\u00eda\\\/parche-evans-14-mod-b14uv1\\\/\",\"url\":\"https:\\\/\\\/www.mexicanguitarplayers.com\\\/tienda\\\/sin categor\u00eda\\\/parche-evans-14-mod-b14uv1\\\/\",\"name\":\"PARCHE EVANS 14 MOD. B14UV1 - Mexican Guitar Players\",\"isPartOf\":{\"@id\":\"https:\\\/\\\/www.mexicanguitarplayers.com\\\/#website\"},\"primaryImageOfPage\":{\"@id\":\"https:\\\/\\\/www.mexicanguitarplayers.com\\\/tienda\\\/sin categor\u00eda\\\/parche-evans-14-mod-b14uv1\\\/#primaryimage\"},\"image\":{\"@id\":\"https:\\\/\\\/www.mexicanguitarplayers.com\\\/tienda\\\/sin categor\u00eda\\\/parche-evans-14-mod-b14uv1\\\/#primaryimage\"},\"thumbnailUrl\":\"https:\\\/\\\/www.mexicanguitarplayers.com\\\/wp-content\\\/uploads\\\/2025\\\/04\\\/RAEVAB14UV1.jpg\",\"datePublished\":\"2025-04-09T03:41:55+00:00\",\"dateModified\":\"2026-04-01T01:15:05+00:00\",\"description\":\"Parche para tarola o tom de 14\u201d pulgadas, una sola capa de pel\u00edcula de 10 mil\u00e9simas de pulgada, terminado rugoso, recubrimiento de UV curado patentado que proporciona una durabilidad sin igual y una gran consistencia, ofrece un sonido c\u00e1lido y expresivo, extremadamente vers\u00e1til para una amplia variedad de aplicaciones musicales, fabricado en USA.\",\"breadcrumb\":{\"@id\":\"https:\\\/\\\/www.mexicanguitarplayers.com\\\/tienda\\\/sin categor\u00eda\\\/parche-evans-14-mod-b14uv1\\\/#breadcrumb\"},\"inLanguage\":\"en-US\",\"potentialAction\":[{\"@type\":\"ReadAction\",\"target\":[\"https:\\\/\\\/www.mexicanguitarplayers.com\\\/tienda\\\/sin categor\u00eda\\\/parche-evans-14-mod-b14uv1\\\/\"]}]},{\"@type\":\"ImageObject\",\"inLanguage\":\"en-US\",\"@id\":\"https:\\\/\\\/www.mexicanguitarplayers.com\\\/tienda\\\/sin categor\u00eda\\\/parche-evans-14-mod-b14uv1\\\/#primaryimage\",\"url\":\"https:\\\/\\\/www.mexicanguitarplayers.com\\\/wp-content\\\/uploads\\\/2025\\\/04\\\/RAEVAB14UV1.jpg\",\"contentUrl\":\"https:\\\/\\\/www.mexicanguitarplayers.com\\\/wp-content\\\/uploads\\\/2025\\\/04\\\/RAEVAB14UV1.jpg\",\"width\":1200,\"height\":1200},{\"@type\":\"BreadcrumbList\",\"@id\":\"https:\\\/\\\/www.mexicanguitarplayers.com\\\/tienda\\\/sin categor\u00eda\\\/parche-evans-14-mod-b14uv1\\\/#breadcrumb\",\"itemListElement\":[{\"@type\":\"ListItem\",\"position\":1,\"name\":\"Portada\",\"item\":\"https:\\\/\\\/www.mexicanguitarplayers.com\\\/\"},{\"@type\":\"ListItem\",\"position\":2,\"name\":\"Tienda\",\"item\":\"https:\\\/\\\/www.mexicanguitarplayers.com\\\/tienda\\\/\"},{\"@type\":\"ListItem\",\"position\":3,\"name\":\"PARCHE EVANS 14 MOD. B14UV1\"}]},{\"@type\":\"WebSite\",\"@id\":\"https:\\\/\\\/www.mexicanguitarplayers.com\\\/#website\",\"url\":\"https:\\\/\\\/www.mexicanguitarplayers.com\\\/\",\"name\":\"Mexican Guitar Players\",\"description\":\"Website\",\"publisher\":{\"@id\":\"https:\\\/\\\/www.mexicanguitarplayers.com\\\/#organization\"},\"potentialAction\":[{\"@type\":\"SearchAction\",\"target\":{\"@type\":\"EntryPoint\",\"urlTemplate\":\"https:\\\/\\\/www.mexicanguitarplayers.com\\\/?s={search_term_string}\"},\"query-input\":{\"@type\":\"PropertyValueSpecification\",\"valueRequired\":true,\"valueName\":\"search_term_string\"}}],\"inLanguage\":\"en-US\"},{\"@type\":\"Organization\",\"@id\":\"https:\\\/\\\/www.mexicanguitarplayers.com\\\/#organization\",\"name\":\"Mexican Guitar Players\",\"url\":\"https:\\\/\\\/www.mexicanguitarplayers.com\\\/\",\"logo\":{\"@type\":\"ImageObject\",\"inLanguage\":\"en-US\",\"@id\":\"https:\\\/\\\/www.mexicanguitarplayers.com\\\/#\\\/schema\\\/logo\\\/image\\\/\",\"url\":\"\",\"contentUrl\":\"\",\"caption\":\"Mexican Guitar Players\"},\"image\":{\"@id\":\"https:\\\/\\\/www.mexicanguitarplayers.com\\\/#\\\/schema\\\/logo\\\/image\\\/\"}}]}<\/script>\n<!-- \/ Yoast SEO plugin. -->","yoast_head_json":{"title":"PARCHE EVANS 14   MOD. B14UV1 - Mexican Guitar Players","description":"Parche para tarola o tom de 14\u201d pulgadas, una sola capa de pel\u00edcula de 10 mil\u00e9simas de pulgada, terminado rugoso, recubrimiento de UV curado patentado que proporciona una durabilidad sin igual y una gran consistencia, ofrece un sonido c\u00e1lido y expresivo, extremadamente vers\u00e1til para una amplia variedad de aplicaciones musicales, fabricado en USA.","robots":{"index":"index","follow":"follow","max-snippet":"max-snippet:-1","max-image-preview":"max-image-preview:large","max-video-preview":"max-video-preview:-1"},"canonical":"https:\/\/www.mexicanguitarplayers.com\/en\/tienda\/sin categor\u00eda\/parche-evans-14-mod-b14uv1\/","og_locale":"en_US","og_type":"article","og_title":"PARCHE EVANS 14   MOD. B14UV1 - Mexican Guitar Players","og_description":"Parche para tarola o tom de 14\u201d pulgadas, una sola capa de pel\u00edcula de 10 mil\u00e9simas de pulgada, terminado rugoso, recubrimiento de UV curado patentado que proporciona una durabilidad sin igual y una gran consistencia, ofrece un sonido c\u00e1lido y expresivo, extremadamente vers\u00e1til para una amplia variedad de aplicaciones musicales, fabricado en USA.","og_url":"https:\/\/www.mexicanguitarplayers.com\/en\/tienda\/sin categor\u00eda\/parche-evans-14-mod-b14uv1\/","og_site_name":"Mexican Guitar Players","article_modified_time":"2026-04-01T01:15:05+00:00","twitter_card":"summary_large_image","twitter_misc":{"Est. reading time":"1 minute"},"schema":{"@context":"https:\/\/schema.org","@graph":[{"@type":["WebPage","ItemPage"],"@id":"https:\/\/www.mexicanguitarplayers.com\/tienda\/sin categor\u00eda\/parche-evans-14-mod-b14uv1\/","url":"https:\/\/www.mexicanguitarplayers.com\/tienda\/sin categor\u00eda\/parche-evans-14-mod-b14uv1\/","name":"PARCHE EVANS 14 MOD. B14UV1 - Mexican Guitar Players","isPartOf":{"@id":"https:\/\/www.mexicanguitarplayers.com\/#website"},"primaryImageOfPage":{"@id":"https:\/\/www.mexicanguitarplayers.com\/tienda\/sin categor\u00eda\/parche-evans-14-mod-b14uv1\/#primaryimage"},"image":{"@id":"https:\/\/www.mexicanguitarplayers.com\/tienda\/sin categor\u00eda\/parche-evans-14-mod-b14uv1\/#primaryimage"},"thumbnailUrl":"https:\/\/www.mexicanguitarplayers.com\/wp-content\/uploads\/2025\/04\/RAEVAB14UV1.jpg","datePublished":"2025-04-09T03:41:55+00:00","dateModified":"2026-04-01T01:15:05+00:00","description":"Parche para tarola o tom de 14\u201d pulgadas, una sola capa de pel\u00edcula de 10 mil\u00e9simas de pulgada, terminado rugoso, recubrimiento de UV curado patentado que proporciona una durabilidad sin igual y una gran consistencia, ofrece un sonido c\u00e1lido y expresivo, extremadamente vers\u00e1til para una amplia variedad de aplicaciones musicales, fabricado en USA.","breadcrumb":{"@id":"https:\/\/www.mexicanguitarplayers.com\/tienda\/sin categor\u00eda\/parche-evans-14-mod-b14uv1\/#breadcrumb"},"inLanguage":"en-US","potentialAction":[{"@type":"ReadAction","target":["https:\/\/www.mexicanguitarplayers.com\/tienda\/sin categor\u00eda\/parche-evans-14-mod-b14uv1\/"]}]},{"@type":"ImageObject","inLanguage":"en-US","@id":"https:\/\/www.mexicanguitarplayers.com\/tienda\/sin categor\u00eda\/parche-evans-14-mod-b14uv1\/#primaryimage","url":"https:\/\/www.mexicanguitarplayers.com\/wp-content\/uploads\/2025\/04\/RAEVAB14UV1.jpg","contentUrl":"https:\/\/www.mexicanguitarplayers.com\/wp-content\/uploads\/2025\/04\/RAEVAB14UV1.jpg","width":1200,"height":1200},{"@type":"BreadcrumbList","@id":"https:\/\/www.mexicanguitarplayers.com\/tienda\/sin categor\u00eda\/parche-evans-14-mod-b14uv1\/#breadcrumb","itemListElement":[{"@type":"ListItem","position":1,"name":"Portada","item":"https:\/\/www.mexicanguitarplayers.com\/"},{"@type":"ListItem","position":2,"name":"Tienda","item":"https:\/\/www.mexicanguitarplayers.com\/tienda\/"},{"@type":"ListItem","position":3,"name":"PARCHE EVANS 14 MOD. B14UV1"}]},{"@type":"WebSite","@id":"https:\/\/www.mexicanguitarplayers.com\/#website","url":"https:\/\/www.mexicanguitarplayers.com\/","name":"Mexican Guitar Players","description":"Website","publisher":{"@id":"https:\/\/www.mexicanguitarplayers.com\/#organization"},"potentialAction":[{"@type":"SearchAction","target":{"@type":"EntryPoint","urlTemplate":"https:\/\/www.mexicanguitarplayers.com\/?s={search_term_string}"},"query-input":{"@type":"PropertyValueSpecification","valueRequired":true,"valueName":"search_term_string"}}],"inLanguage":"en-US"},{"@type":"Organization","@id":"https:\/\/www.mexicanguitarplayers.com\/#organization","name":"Mexican Guitar Players","url":"https:\/\/www.mexicanguitarplayers.com\/","logo":{"@type":"ImageObject","inLanguage":"en-US","@id":"https:\/\/www.mexicanguitarplayers.com\/#\/schema\/logo\/image\/","url":"","contentUrl":"","caption":"Mexican Guitar Players"},"image":{"@id":"https:\/\/www.mexicanguitarplayers.com\/#\/schema\/logo\/image\/"}}]}},"brands":[{"id":366,"name":"EVANS","slug":"evans"}],"_links":{"self":[{"href":"https:\/\/www.mexicanguitarplayers.com\/en\/wp-json\/wp\/v2\/product\/34242","targetHints":{"allow":["GET"]}}],"collection":[{"href":"https:\/\/www.mexicanguitarplayers.com\/en\/wp-json\/wp\/v2\/product"}],"about":[{"href":"https:\/\/www.mexicanguitarplayers.com\/en\/wp-json\/wp\/v2\/types\/product"}],"replies":[{"embeddable":true,"href":"https:\/\/www.mexicanguitarplayers.com\/en\/wp-json\/wp\/v2\/comments?post=34242"}],"wp:featuredmedia":[{"embeddable":true,"href":"https:\/\/www.mexicanguitarplayers.com\/en\/wp-json\/wp\/v2\/media\/34241"}],"wp:attachment":[{"href":"https:\/\/www.mexicanguitarplayers.com\/en\/wp-json\/wp\/v2\/media?parent=34242"}],"wp:term":[{"taxonomy":"pwb-brand","embeddable":true,"href":"https:\/\/www.mexicanguitarplayers.com\/en\/wp-json\/wp\/v2\/pwb-brand?post=34242"},{"taxonomy":"product_brand","embeddable":true,"href":"https:\/\/www.mexicanguitarplayers.com\/en\/wp-json\/wp\/v2\/product_brand?post=34242"},{"taxonomy":"product_cat","embeddable":true,"href":"https:\/\/www.mexicanguitarplayers.com\/en\/wp-json\/wp\/v2\/product_cat?post=34242"},{"taxonomy":"product_tag","embeddable":true,"href":"https:\/\/www.mexicanguitarplayers.com\/en\/wp-json\/wp\/v2\/product_tag?post=34242"}],"curies":[{"name":"wp","href":"https:\/\/api.w.org\/{rel}","templated":true}]}}