{"id":34249,"date":"2025-04-08T21:42:03","date_gmt":"2025-04-09T03:42:03","guid":{"rendered":"https:\/\/www.mexicanguitarplayers.com\/tienda\/sin categor\u00eda\/bafle-turbosound-subwoofer-mod-m15b\/"},"modified":"2026-03-02T07:17:13","modified_gmt":"2026-03-02T13:17:13","slug":"bafle-turbosound-subwoofer-mod-m15b","status":"publish","type":"product","link":"https:\/\/www.mexicanguitarplayers.com\/en\/tienda\/audio\/bafles-y-bocinas\/bafles\/bafles-activos\/bafle-turbosound-subwoofer-mod-m15b\/","title":{"rendered":"BAFLE TURBOSOUND SUBWOOFER MOD. M15B"},"content":{"rendered":"<div style=\"text-align: justify\">\n<div>\n<h3>Subwoofer activo de 15&#8243; pulgadas con 2200 watts de potencia.<\/h3>\n<\/div>\n<div>El Milan M15B es un subwoofer compacto de 15&#8243; pulgadas de paso de banda que extiende el rango de frecuencias y aumenta la intensidad general de cualquier sistema Milan. El dise\u00f1o paso de banda produce alta energ\u00eda de graves para ajustar el refuerzo de las frecuencias graves de instrumentos y garantizar una transici\u00f3n ac\u00fastica eficaz en los bafles Milan de rango completo. El amplificador integrado proporciona m\u00e1s de 2200 watts de potencia de salida m\u00e1xima.<\/div>\n<div>\n<h4>Characteristics<\/h4>\n<\/div>\n<div>\n<ul style=\"margin: 0px 0px 0px 25px\">\n<li style=\"list-style-type: circle;margin: 5px\">Subwoofer de paso de banda de alto rendimiento de 2200 watts.<\/li>\n<li style=\"list-style-type: circle;margin: 5px\">Sofisticado amplificador Clase D.<\/li>\n<li style=\"list-style-type: circle;margin: 5px\">Entradas y salidas est\u00e9reo izquierdas y derechas.<\/li>\n<li style=\"list-style-type: circle;margin: 5px\">Peso neto. 37 Kg.<\/li>\n<li style=\"list-style-type: circle;margin: 5px\">Dimensiones. 495 mm x 530 mm x 480 mm.<\/li>\n<li style=\"list-style-type: circle;margin: 5px\">Componentes.Driver LF 1 x 15&#8243; (381 mm).<\/li>\n<li style=\"list-style-type: circle;margin: 5px\">Respuesta de frecuencia. 45 Hz &#8211; 100 Hz \u00b1 3 dB.<\/li>\n<li style=\"list-style-type: circle;margin: 5px\">SPL m\u00e1ximo. 134 dB pico (espacio medio).<\/li>\n<li style=\"list-style-type: circle;margin: 5px\">Construcci\u00f3n. Gabinete de madera contrachapada de abedul de peso ligero, atornillado y pegado.<\/li>\n<\/ul>\n<\/div>\n<\/div>","protected":false},"excerpt":{"rendered":"<p>Subwoofer activo de 15\u201d pulgadas, potencia: 2,200 watts, amplificador Clase D, entradas y salidas est\u00e9reo izquierdas y derechas, driver LF 1 x 15\u201d (381 mm), respuesta de frecuencia: 45 Hz &#8211; 100 Hz (\u00b13 dB), SPL m\u00e1ximo: 134 dB pico, gabinete de madera contrachapada de abedul de peso ligero, dimensiones: 495 x 530 x 480 mm, peso: 37 kg.&hellip; <a class=\"kt-excerpt-readmore more-link\" href=\"https:\/\/www.mexicanguitarplayers.com\/en\/tienda\/audio\/bafles-y-bocinas\/bafles\/bafles-activos\/bafle-turbosound-subwoofer-mod-m15b\/\">Read more<\/a><\/p>","protected":false},"featured_media":34243,"comment_status":"open","ping_status":"closed","template":"","meta":{"kt_blocks_editor_width":""},"pwb-brand":[498],"product_brand":[],"product_cat":[213,222,472,221],"product_tag":[],"class_list":{"0":"post-34249","1":"product","2":"type-product","3":"status-publish","4":"has-post-thumbnail","6":"pwb-brand-turbosound","7":"product_cat-audio","8":"product_cat-bafles","9":"product_cat-bafles-activos","10":"product_cat-bafles-y-bocinas","12":"first","13":"instock","14":"taxable","15":"shipping-taxable","16":"purchasable","17":"product-type-simple"},"yoast_head":"<!-- This site is optimized with the Yoast SEO plugin v27.3 - https:\/\/yoast.com\/product\/yoast-seo-wordpress\/ -->\n<title>BAFLE TURBOSOUND SUBWOOFER MOD. M15B - Mexican Guitar Players<\/title>\n<meta name=\"description\" content=\"Subwoofer activo de 15\u201d pulgadas, potencia: 2,200 watts, amplificador Clase D, entradas y salidas est\u00e9reo izquierdas y derechas, driver LF 1 x 15\u201d (381 mm), respuesta de frecuencia: 45 Hz - 100 Hz (\u00b13 dB), SPL m\u00e1ximo: 134 dB pico, gabinete de madera contrachapada de abedul de peso ligero, dimensiones: 495 x 530 x 480 mm, peso: 37 kg.\" \/>\n<meta name=\"robots\" content=\"index, follow, max-snippet:-1, max-image-preview:large, max-video-preview:-1\" \/>\n<link rel=\"canonical\" href=\"https:\/\/www.mexicanguitarplayers.com\/en\/tienda\/sin%20categor\u00eda\/bafle-turbosound-subwoofer-mod-m15b\/\" \/>\n<meta property=\"og:locale\" content=\"en_US\" \/>\n<meta property=\"og:type\" content=\"article\" \/>\n<meta property=\"og:title\" content=\"BAFLE TURBOSOUND SUBWOOFER MOD. M15B - Mexican Guitar Players\" \/>\n<meta property=\"og:description\" content=\"Subwoofer activo de 15\u201d pulgadas, potencia: 2,200 watts, amplificador Clase D, entradas y salidas est\u00e9reo izquierdas y derechas, driver LF 1 x 15\u201d (381 mm), respuesta de frecuencia: 45 Hz - 100 Hz (\u00b13 dB), SPL m\u00e1ximo: 134 dB pico, gabinete de madera contrachapada de abedul de peso ligero, dimensiones: 495 x 530 x 480 mm, peso: 37 kg.\" \/>\n<meta property=\"og:url\" content=\"https:\/\/www.mexicanguitarplayers.com\/en\/tienda\/sin categor\u00eda\/bafle-turbosound-subwoofer-mod-m15b\/\" \/>\n<meta property=\"og:site_name\" content=\"Mexican Guitar Players\" \/>\n<meta property=\"article:modified_time\" content=\"2026-03-02T13:17:13+00:00\" \/>\n<meta name=\"twitter:card\" content=\"summary_large_image\" \/>\n<meta name=\"twitter:label1\" content=\"Est. reading time\" \/>\n\t<meta name=\"twitter:data1\" content=\"1 minute\" \/>\n<script type=\"application\/ld+json\" class=\"yoast-schema-graph\">{\"@context\":\"https:\\\/\\\/schema.org\",\"@graph\":[{\"@type\":[\"WebPage\",\"ItemPage\"],\"@id\":\"https:\\\/\\\/www.mexicanguitarplayers.com\\\/tienda\\\/sin categor\u00eda\\\/bafle-turbosound-subwoofer-mod-m15b\\\/\",\"url\":\"https:\\\/\\\/www.mexicanguitarplayers.com\\\/tienda\\\/sin categor\u00eda\\\/bafle-turbosound-subwoofer-mod-m15b\\\/\",\"name\":\"BAFLE TURBOSOUND SUBWOOFER MOD. M15B - Mexican Guitar Players\",\"isPartOf\":{\"@id\":\"https:\\\/\\\/www.mexicanguitarplayers.com\\\/#website\"},\"primaryImageOfPage\":{\"@id\":\"https:\\\/\\\/www.mexicanguitarplayers.com\\\/tienda\\\/sin categor\u00eda\\\/bafle-turbosound-subwoofer-mod-m15b\\\/#primaryimage\"},\"image\":{\"@id\":\"https:\\\/\\\/www.mexicanguitarplayers.com\\\/tienda\\\/sin categor\u00eda\\\/bafle-turbosound-subwoofer-mod-m15b\\\/#primaryimage\"},\"thumbnailUrl\":\"https:\\\/\\\/www.mexicanguitarplayers.com\\\/wp-content\\\/uploads\\\/2025\\\/04\\\/IATURM15B.jpg\",\"datePublished\":\"2025-04-09T03:42:03+00:00\",\"dateModified\":\"2026-03-02T13:17:13+00:00\",\"description\":\"Subwoofer activo de 15\u201d pulgadas, potencia: 2,200 watts, amplificador Clase D, entradas y salidas est\u00e9reo izquierdas y derechas, driver LF 1 x 15\u201d (381 mm), respuesta de frecuencia: 45 Hz - 100 Hz (\u00b13 dB), SPL m\u00e1ximo: 134 dB pico, gabinete de madera contrachapada de abedul de peso ligero, dimensiones: 495 x 530 x 480 mm, peso: 37 kg.\",\"breadcrumb\":{\"@id\":\"https:\\\/\\\/www.mexicanguitarplayers.com\\\/tienda\\\/sin categor\u00eda\\\/bafle-turbosound-subwoofer-mod-m15b\\\/#breadcrumb\"},\"inLanguage\":\"en-US\",\"potentialAction\":[{\"@type\":\"ReadAction\",\"target\":[\"https:\\\/\\\/www.mexicanguitarplayers.com\\\/tienda\\\/sin categor\u00eda\\\/bafle-turbosound-subwoofer-mod-m15b\\\/\"]}]},{\"@type\":\"ImageObject\",\"inLanguage\":\"en-US\",\"@id\":\"https:\\\/\\\/www.mexicanguitarplayers.com\\\/tienda\\\/sin categor\u00eda\\\/bafle-turbosound-subwoofer-mod-m15b\\\/#primaryimage\",\"url\":\"https:\\\/\\\/www.mexicanguitarplayers.com\\\/wp-content\\\/uploads\\\/2025\\\/04\\\/IATURM15B.jpg\",\"contentUrl\":\"https:\\\/\\\/www.mexicanguitarplayers.com\\\/wp-content\\\/uploads\\\/2025\\\/04\\\/IATURM15B.jpg\",\"width\":1200,\"height\":1200},{\"@type\":\"BreadcrumbList\",\"@id\":\"https:\\\/\\\/www.mexicanguitarplayers.com\\\/tienda\\\/sin categor\u00eda\\\/bafle-turbosound-subwoofer-mod-m15b\\\/#breadcrumb\",\"itemListElement\":[{\"@type\":\"ListItem\",\"position\":1,\"name\":\"Portada\",\"item\":\"https:\\\/\\\/www.mexicanguitarplayers.com\\\/\"},{\"@type\":\"ListItem\",\"position\":2,\"name\":\"Tienda\",\"item\":\"https:\\\/\\\/www.mexicanguitarplayers.com\\\/tienda\\\/\"},{\"@type\":\"ListItem\",\"position\":3,\"name\":\"BAFLE TURBOSOUND SUBWOOFER MOD. M15B\"}]},{\"@type\":\"WebSite\",\"@id\":\"https:\\\/\\\/www.mexicanguitarplayers.com\\\/#website\",\"url\":\"https:\\\/\\\/www.mexicanguitarplayers.com\\\/\",\"name\":\"Mexican Guitar Players\",\"description\":\"Website\",\"publisher\":{\"@id\":\"https:\\\/\\\/www.mexicanguitarplayers.com\\\/#organization\"},\"potentialAction\":[{\"@type\":\"SearchAction\",\"target\":{\"@type\":\"EntryPoint\",\"urlTemplate\":\"https:\\\/\\\/www.mexicanguitarplayers.com\\\/?s={search_term_string}\"},\"query-input\":{\"@type\":\"PropertyValueSpecification\",\"valueRequired\":true,\"valueName\":\"search_term_string\"}}],\"inLanguage\":\"en-US\"},{\"@type\":\"Organization\",\"@id\":\"https:\\\/\\\/www.mexicanguitarplayers.com\\\/#organization\",\"name\":\"Mexican Guitar Players\",\"url\":\"https:\\\/\\\/www.mexicanguitarplayers.com\\\/\",\"logo\":{\"@type\":\"ImageObject\",\"inLanguage\":\"en-US\",\"@id\":\"https:\\\/\\\/www.mexicanguitarplayers.com\\\/#\\\/schema\\\/logo\\\/image\\\/\",\"url\":\"\",\"contentUrl\":\"\",\"caption\":\"Mexican Guitar Players\"},\"image\":{\"@id\":\"https:\\\/\\\/www.mexicanguitarplayers.com\\\/#\\\/schema\\\/logo\\\/image\\\/\"}}]}<\/script>\n<!-- \/ Yoast SEO plugin. -->","yoast_head_json":{"title":"BAFLE TURBOSOUND SUBWOOFER MOD. M15B - Mexican Guitar Players","description":"Subwoofer activo de 15\u201d pulgadas, potencia: 2,200 watts, amplificador Clase D, entradas y salidas est\u00e9reo izquierdas y derechas, driver LF 1 x 15\u201d (381 mm), respuesta de frecuencia: 45 Hz - 100 Hz (\u00b13 dB), SPL m\u00e1ximo: 134 dB pico, gabinete de madera contrachapada de abedul de peso ligero, dimensiones: 495 x 530 x 480 mm, peso: 37 kg.","robots":{"index":"index","follow":"follow","max-snippet":"max-snippet:-1","max-image-preview":"max-image-preview:large","max-video-preview":"max-video-preview:-1"},"canonical":"https:\/\/www.mexicanguitarplayers.com\/en\/tienda\/sin categor\u00eda\/bafle-turbosound-subwoofer-mod-m15b\/","og_locale":"en_US","og_type":"article","og_title":"BAFLE TURBOSOUND SUBWOOFER MOD. M15B - Mexican Guitar Players","og_description":"Subwoofer activo de 15\u201d pulgadas, potencia: 2,200 watts, amplificador Clase D, entradas y salidas est\u00e9reo izquierdas y derechas, driver LF 1 x 15\u201d (381 mm), respuesta de frecuencia: 45 Hz - 100 Hz (\u00b13 dB), SPL m\u00e1ximo: 134 dB pico, gabinete de madera contrachapada de abedul de peso ligero, dimensiones: 495 x 530 x 480 mm, peso: 37 kg.","og_url":"https:\/\/www.mexicanguitarplayers.com\/en\/tienda\/sin categor\u00eda\/bafle-turbosound-subwoofer-mod-m15b\/","og_site_name":"Mexican Guitar Players","article_modified_time":"2026-03-02T13:17:13+00:00","twitter_card":"summary_large_image","twitter_misc":{"Est. reading time":"1 minute"},"schema":{"@context":"https:\/\/schema.org","@graph":[{"@type":["WebPage","ItemPage"],"@id":"https:\/\/www.mexicanguitarplayers.com\/tienda\/sin categor\u00eda\/bafle-turbosound-subwoofer-mod-m15b\/","url":"https:\/\/www.mexicanguitarplayers.com\/tienda\/sin categor\u00eda\/bafle-turbosound-subwoofer-mod-m15b\/","name":"BAFLE TURBOSOUND SUBWOOFER MOD. M15B - Mexican Guitar Players","isPartOf":{"@id":"https:\/\/www.mexicanguitarplayers.com\/#website"},"primaryImageOfPage":{"@id":"https:\/\/www.mexicanguitarplayers.com\/tienda\/sin categor\u00eda\/bafle-turbosound-subwoofer-mod-m15b\/#primaryimage"},"image":{"@id":"https:\/\/www.mexicanguitarplayers.com\/tienda\/sin categor\u00eda\/bafle-turbosound-subwoofer-mod-m15b\/#primaryimage"},"thumbnailUrl":"https:\/\/www.mexicanguitarplayers.com\/wp-content\/uploads\/2025\/04\/IATURM15B.jpg","datePublished":"2025-04-09T03:42:03+00:00","dateModified":"2026-03-02T13:17:13+00:00","description":"Subwoofer activo de 15\u201d pulgadas, potencia: 2,200 watts, amplificador Clase D, entradas y salidas est\u00e9reo izquierdas y derechas, driver LF 1 x 15\u201d (381 mm), respuesta de frecuencia: 45 Hz - 100 Hz (\u00b13 dB), SPL m\u00e1ximo: 134 dB pico, gabinete de madera contrachapada de abedul de peso ligero, dimensiones: 495 x 530 x 480 mm, peso: 37 kg.","breadcrumb":{"@id":"https:\/\/www.mexicanguitarplayers.com\/tienda\/sin categor\u00eda\/bafle-turbosound-subwoofer-mod-m15b\/#breadcrumb"},"inLanguage":"en-US","potentialAction":[{"@type":"ReadAction","target":["https:\/\/www.mexicanguitarplayers.com\/tienda\/sin categor\u00eda\/bafle-turbosound-subwoofer-mod-m15b\/"]}]},{"@type":"ImageObject","inLanguage":"en-US","@id":"https:\/\/www.mexicanguitarplayers.com\/tienda\/sin categor\u00eda\/bafle-turbosound-subwoofer-mod-m15b\/#primaryimage","url":"https:\/\/www.mexicanguitarplayers.com\/wp-content\/uploads\/2025\/04\/IATURM15B.jpg","contentUrl":"https:\/\/www.mexicanguitarplayers.com\/wp-content\/uploads\/2025\/04\/IATURM15B.jpg","width":1200,"height":1200},{"@type":"BreadcrumbList","@id":"https:\/\/www.mexicanguitarplayers.com\/tienda\/sin categor\u00eda\/bafle-turbosound-subwoofer-mod-m15b\/#breadcrumb","itemListElement":[{"@type":"ListItem","position":1,"name":"Portada","item":"https:\/\/www.mexicanguitarplayers.com\/"},{"@type":"ListItem","position":2,"name":"Tienda","item":"https:\/\/www.mexicanguitarplayers.com\/tienda\/"},{"@type":"ListItem","position":3,"name":"BAFLE TURBOSOUND SUBWOOFER MOD. M15B"}]},{"@type":"WebSite","@id":"https:\/\/www.mexicanguitarplayers.com\/#website","url":"https:\/\/www.mexicanguitarplayers.com\/","name":"Mexican Guitar Players","description":"Website","publisher":{"@id":"https:\/\/www.mexicanguitarplayers.com\/#organization"},"potentialAction":[{"@type":"SearchAction","target":{"@type":"EntryPoint","urlTemplate":"https:\/\/www.mexicanguitarplayers.com\/?s={search_term_string}"},"query-input":{"@type":"PropertyValueSpecification","valueRequired":true,"valueName":"search_term_string"}}],"inLanguage":"en-US"},{"@type":"Organization","@id":"https:\/\/www.mexicanguitarplayers.com\/#organization","name":"Mexican Guitar Players","url":"https:\/\/www.mexicanguitarplayers.com\/","logo":{"@type":"ImageObject","inLanguage":"en-US","@id":"https:\/\/www.mexicanguitarplayers.com\/#\/schema\/logo\/image\/","url":"","contentUrl":"","caption":"Mexican Guitar Players"},"image":{"@id":"https:\/\/www.mexicanguitarplayers.com\/#\/schema\/logo\/image\/"}}]}},"brands":[{"id":498,"name":"TURBO SOUND","slug":"turbosound"}],"_links":{"self":[{"href":"https:\/\/www.mexicanguitarplayers.com\/en\/wp-json\/wp\/v2\/product\/34249","targetHints":{"allow":["GET"]}}],"collection":[{"href":"https:\/\/www.mexicanguitarplayers.com\/en\/wp-json\/wp\/v2\/product"}],"about":[{"href":"https:\/\/www.mexicanguitarplayers.com\/en\/wp-json\/wp\/v2\/types\/product"}],"replies":[{"embeddable":true,"href":"https:\/\/www.mexicanguitarplayers.com\/en\/wp-json\/wp\/v2\/comments?post=34249"}],"wp:featuredmedia":[{"embeddable":true,"href":"https:\/\/www.mexicanguitarplayers.com\/en\/wp-json\/wp\/v2\/media\/34243"}],"wp:attachment":[{"href":"https:\/\/www.mexicanguitarplayers.com\/en\/wp-json\/wp\/v2\/media?parent=34249"}],"wp:term":[{"taxonomy":"pwb-brand","embeddable":true,"href":"https:\/\/www.mexicanguitarplayers.com\/en\/wp-json\/wp\/v2\/pwb-brand?post=34249"},{"taxonomy":"product_brand","embeddable":true,"href":"https:\/\/www.mexicanguitarplayers.com\/en\/wp-json\/wp\/v2\/product_brand?post=34249"},{"taxonomy":"product_cat","embeddable":true,"href":"https:\/\/www.mexicanguitarplayers.com\/en\/wp-json\/wp\/v2\/product_cat?post=34249"},{"taxonomy":"product_tag","embeddable":true,"href":"https:\/\/www.mexicanguitarplayers.com\/en\/wp-json\/wp\/v2\/product_tag?post=34249"}],"curies":[{"name":"wp","href":"https:\/\/api.w.org\/{rel}","templated":true}]}}