{"id":34298,"date":"2025-04-08T21:43:11","date_gmt":"2025-04-09T03:43:11","guid":{"rendered":"https:\/\/www.mexicanguitarplayers.com\/tienda\/sin categor\u00eda\/bafle-behringer-monitor-mod-truth-3-5-bt\/"},"modified":"2026-05-01T07:22:13","modified_gmt":"2026-05-01T13:22:13","slug":"bafle-behringer-monitor-mod-truth-3-5-bt","status":"publish","type":"product","link":"https:\/\/www.mexicanguitarplayers.com\/en\/tienda\/audio\/bafles-y-bocinas\/bafles\/bafles-activos\/bafle-behringer-monitor-mod-truth-3-5-bt\/","title":{"rendered":"BAFLE BEHRINGER MONITOR MOD. TRUTH 3.5 BT"},"content":{"rendered":"<div style=\"text-align: justify\">\n<div>\n<h3>TRUTH 3.5 BT<\/h3>\n<\/div>\n<div>El TRUTH 3.5 BT es un altavoz de monitor digital ultra lineal de 64 vatios que combina una excepcional conectividad Bluetooth y anal\u00f3gica, ofreciendo una configuraci\u00f3n de altavoces de 2 v\u00edas para una actualizaci\u00f3n sonora perfecta en cualquier aplicaci\u00f3n de estudio, multimedia y gaming. Con woofers de fibra de vidrio de 3.5&#8243; y tweeters de domo de seda de 1&#8243;, estos altavoces ofrecen una reproducci\u00f3n de audio de alta calidad, perfecta para m\u00fasicos que graban sus \u00faltimas obras maestras o simplemente para disfrutar de canciones favoritas en el trabajo. Los controles de volumen, graves y agudos frontales facilitan los ajustes de sonido precisos, mientras que la conectividad Bluetooth integrada permite transmitir m\u00fasica desde cualquier dispositivo equipado con Bluetooth, como smartphones, tablets o laptops, eliminando la necesidad de cables y adaptadores adicionales. Con el TRUTH 3.5 BT, cada detalle de tu mezcla se escucha con claridad pr\u00edstina, brindando una experiencia de sonido de grado de estudio con la comodidad de la conectividad Bluetooth.<\/div>\n<div>\n<h4>Characteristics<\/h4>\n<\/div>\n<div>\n<ul style=\"margin: 0px 0px 0px 25px\">\n<li style=\"list-style-type: circle;margin: 5px\">Maximum output<\/li>\n<li style=\"list-style-type: circle;margin: 5px\">Type<\/li>\n<li style=\"list-style-type: circle;margin: 5px\">Proteccion<\/li>\n<li style=\"list-style-type: circle;margin: 5px\">Conexiones de audio <\/li>\n<li style=\"list-style-type: circle;margin: 5px\">Datos del altavoz\/sistema<\/li>\n<li style=\"list-style-type: circle;margin: 5px\">Control<\/li>\n<li style=\"list-style-type: circle;margin: 5px\">Bluetooth<\/li>\n<\/ul>\n<\/div>\n<\/div>","protected":false},"excerpt":{"rendered":"<p>Los monitores de estudio de la serie TRUTH son altavoces de referencia de clase ultra lineal con una potencia de 64 vatios, que ofrecen una calidad de sonido excepcional y transmisi\u00f3n de audio Bluetooth 5.3 de alta calidad. Ampliamente reconocidos en los estudios m\u00e1s exigentes, estos altavoces son ideales para grabaciones en casa, gaming y estaciones de trabajo multimedia. Incorporan tecnolog\u00eda avanzada de gu\u00eda de ondas para una dispersi\u00f3n ac\u00fastica \u00f3ptima y una zona de escucha amplia, junto con tweeters de domo de seda de 1\u201d para una reproducci\u00f3n de sonido definitiva.Adem\u00e1s, cuentan con woofers de 3.5\u201d con cono de fibra de vidrio resistente a la deformaci\u00f3n para una reproducci\u00f3n precisa de los graves. Con dos entradas anal\u00f3gicas est\u00e9reo que pueden utilizarse simult\u00e1neamente o mezcladas con una fuente est\u00e9reo digital, controles de volumen, graves y agudos en el panel frontal para un acceso conveniente, y controles de frecuencia baja y alta para ajuste ac\u00fastico. Su carcasa de alta densidad reduce la difracci\u00f3n y la distorsi\u00f3n de baja frecuencia para una experiencia de audio excepcional.&hellip; <a class=\"kt-excerpt-readmore more-link\" href=\"https:\/\/www.mexicanguitarplayers.com\/en\/tienda\/audio\/bafles-y-bocinas\/bafles\/bafles-activos\/bafle-behringer-monitor-mod-truth-3-5-bt\/\">Read more<\/a><\/p>","protected":false},"featured_media":34293,"comment_status":"open","ping_status":"closed","template":"","meta":{"kt_blocks_editor_width":""},"pwb-brand":[171],"product_brand":[],"product_cat":[213,222,472,221],"product_tag":[],"class_list":{"0":"post-34298","1":"product","2":"type-product","3":"status-publish","4":"has-post-thumbnail","6":"pwb-brand-behringer","7":"product_cat-audio","8":"product_cat-bafles","9":"product_cat-bafles-activos","10":"product_cat-bafles-y-bocinas","11":"product_shipping_class-0-5-kg","13":"first","14":"instock","15":"taxable","16":"shipping-taxable","17":"purchasable","18":"product-type-simple"},"yoast_head":"<!-- This site is optimized with the Yoast SEO plugin v27.5 - https:\/\/yoast.com\/product\/yoast-seo-wordpress\/ -->\n<title>BAFLE BEHRINGER MONITOR MOD. TRUTH 3.5 BT - Mexican Guitar Players<\/title>\n<meta name=\"description\" content=\"Los monitores de estudio de la serie TRUTH son altavoces de referencia de clase ultra lineal con una potencia de 64 vatios, que ofrecen una calidad de sonido excepcional y transmisi\u00f3n de audio Bluetooth 5.3 de alta calidad. Ampliamente reconocidos en los estudios m\u00e1s exigentes, estos altavoces son ideales para grabaciones en casa, gaming y estaciones de trabajo multimedia. Incorporan tecnolog\u00eda avanzada de gu\u00eda de ondas para una dispersi\u00f3n ac\u00fastica \u00f3ptima y una zona de escucha amplia, junto con tweeters de domo de seda de 1\u201d para una reproducci\u00f3n de sonido definitiva.Adem\u00e1s, cuentan con woofers de 3.5\u201d con cono de fibra de vidrio resistente a la deformaci\u00f3n para una reproducci\u00f3n precisa de los graves. Con dos entradas anal\u00f3gicas est\u00e9reo que pueden utilizarse simult\u00e1neamente o mezcladas con una fuente est\u00e9reo digital, controles de volumen, graves y agudos en el panel frontal para un acceso conveniente, y controles de frecuencia baja y alta para ajuste ac\u00fastico. Su carcasa de alta densidad reduce la difracci\u00f3n y la distorsi\u00f3n de baja frecuencia para una experiencia de audio excepcional.\" \/>\n<meta name=\"robots\" content=\"index, follow, max-snippet:-1, max-image-preview:large, max-video-preview:-1\" \/>\n<link rel=\"canonical\" href=\"https:\/\/www.mexicanguitarplayers.com\/en\/tienda\/sin%20categor\u00eda\/bafle-behringer-monitor-mod-truth-3-5-bt\/\" \/>\n<meta property=\"og:locale\" content=\"en_US\" \/>\n<meta property=\"og:type\" content=\"article\" \/>\n<meta property=\"og:title\" content=\"BAFLE BEHRINGER MONITOR MOD. TRUTH 3.5 BT - Mexican Guitar Players\" \/>\n<meta property=\"og:description\" content=\"Los monitores de estudio de la serie TRUTH son altavoces de referencia de clase ultra lineal con una potencia de 64 vatios, que ofrecen una calidad de sonido excepcional y transmisi\u00f3n de audio Bluetooth 5.3 de alta calidad. Ampliamente reconocidos en los estudios m\u00e1s exigentes, estos altavoces son ideales para grabaciones en casa, gaming y estaciones de trabajo multimedia. Incorporan tecnolog\u00eda avanzada de gu\u00eda de ondas para una dispersi\u00f3n ac\u00fastica \u00f3ptima y una zona de escucha amplia, junto con tweeters de domo de seda de 1\u201d para una reproducci\u00f3n de sonido definitiva.Adem\u00e1s, cuentan con woofers de 3.5\u201d con cono de fibra de vidrio resistente a la deformaci\u00f3n para una reproducci\u00f3n precisa de los graves. Con dos entradas anal\u00f3gicas est\u00e9reo que pueden utilizarse simult\u00e1neamente o mezcladas con una fuente est\u00e9reo digital, controles de volumen, graves y agudos en el panel frontal para un acceso conveniente, y controles de frecuencia baja y alta para ajuste ac\u00fastico. Su carcasa de alta densidad reduce la difracci\u00f3n y la distorsi\u00f3n de baja frecuencia para una experiencia de audio excepcional.\" \/>\n<meta property=\"og:url\" content=\"https:\/\/www.mexicanguitarplayers.com\/en\/tienda\/sin categor\u00eda\/bafle-behringer-monitor-mod-truth-3-5-bt\/\" \/>\n<meta property=\"og:site_name\" content=\"Mexican Guitar Players\" \/>\n<meta property=\"article:modified_time\" content=\"2026-05-01T13:22:13+00:00\" \/>\n<meta name=\"twitter:card\" content=\"summary_large_image\" \/>\n<meta name=\"twitter:label1\" content=\"Est. reading time\" \/>\n\t<meta name=\"twitter:data1\" content=\"1 minute\" \/>\n<script type=\"application\/ld+json\" class=\"yoast-schema-graph\">{\"@context\":\"https:\\\/\\\/schema.org\",\"@graph\":[{\"@type\":[\"WebPage\",\"ItemPage\"],\"@id\":\"https:\\\/\\\/www.mexicanguitarplayers.com\\\/tienda\\\/sin categor\u00eda\\\/bafle-behringer-monitor-mod-truth-3-5-bt\\\/\",\"url\":\"https:\\\/\\\/www.mexicanguitarplayers.com\\\/tienda\\\/sin categor\u00eda\\\/bafle-behringer-monitor-mod-truth-3-5-bt\\\/\",\"name\":\"BAFLE BEHRINGER MONITOR MOD. TRUTH 3.5 BT - Mexican Guitar Players\",\"isPartOf\":{\"@id\":\"https:\\\/\\\/www.mexicanguitarplayers.com\\\/#website\"},\"primaryImageOfPage\":{\"@id\":\"https:\\\/\\\/www.mexicanguitarplayers.com\\\/tienda\\\/sin categor\u00eda\\\/bafle-behringer-monitor-mod-truth-3-5-bt\\\/#primaryimage\"},\"image\":{\"@id\":\"https:\\\/\\\/www.mexicanguitarplayers.com\\\/tienda\\\/sin categor\u00eda\\\/bafle-behringer-monitor-mod-truth-3-5-bt\\\/#primaryimage\"},\"thumbnailUrl\":\"https:\\\/\\\/www.mexicanguitarplayers.com\\\/wp-content\\\/uploads\\\/2025\\\/04\\\/IABEHTRUTH35BT.jpg\",\"datePublished\":\"2025-04-09T03:43:11+00:00\",\"dateModified\":\"2026-05-01T13:22:13+00:00\",\"description\":\"Los monitores de estudio de la serie TRUTH son altavoces de referencia de clase ultra lineal con una potencia de 64 vatios, que ofrecen una calidad de sonido excepcional y transmisi\u00f3n de audio Bluetooth 5.3 de alta calidad. Ampliamente reconocidos en los estudios m\u00e1s exigentes, estos altavoces son ideales para grabaciones en casa, gaming y estaciones de trabajo multimedia. Incorporan tecnolog\u00eda avanzada de gu\u00eda de ondas para una dispersi\u00f3n ac\u00fastica \u00f3ptima y una zona de escucha amplia, junto con tweeters de domo de seda de 1\u201d para una reproducci\u00f3n de sonido definitiva.Adem\u00e1s, cuentan con woofers de 3.5\u201d con cono de fibra de vidrio resistente a la deformaci\u00f3n para una reproducci\u00f3n precisa de los graves. Con dos entradas anal\u00f3gicas est\u00e9reo que pueden utilizarse simult\u00e1neamente o mezcladas con una fuente est\u00e9reo digital, controles de volumen, graves y agudos en el panel frontal para un acceso conveniente, y controles de frecuencia baja y alta para ajuste ac\u00fastico. Su carcasa de alta densidad reduce la difracci\u00f3n y la distorsi\u00f3n de baja frecuencia para una experiencia de audio excepcional.\",\"breadcrumb\":{\"@id\":\"https:\\\/\\\/www.mexicanguitarplayers.com\\\/tienda\\\/sin categor\u00eda\\\/bafle-behringer-monitor-mod-truth-3-5-bt\\\/#breadcrumb\"},\"inLanguage\":\"en-US\",\"potentialAction\":[{\"@type\":\"ReadAction\",\"target\":[\"https:\\\/\\\/www.mexicanguitarplayers.com\\\/tienda\\\/sin categor\u00eda\\\/bafle-behringer-monitor-mod-truth-3-5-bt\\\/\"]}]},{\"@type\":\"ImageObject\",\"inLanguage\":\"en-US\",\"@id\":\"https:\\\/\\\/www.mexicanguitarplayers.com\\\/tienda\\\/sin categor\u00eda\\\/bafle-behringer-monitor-mod-truth-3-5-bt\\\/#primaryimage\",\"url\":\"https:\\\/\\\/www.mexicanguitarplayers.com\\\/wp-content\\\/uploads\\\/2025\\\/04\\\/IABEHTRUTH35BT.jpg\",\"contentUrl\":\"https:\\\/\\\/www.mexicanguitarplayers.com\\\/wp-content\\\/uploads\\\/2025\\\/04\\\/IABEHTRUTH35BT.jpg\",\"width\":1200,\"height\":1200},{\"@type\":\"BreadcrumbList\",\"@id\":\"https:\\\/\\\/www.mexicanguitarplayers.com\\\/tienda\\\/sin categor\u00eda\\\/bafle-behringer-monitor-mod-truth-3-5-bt\\\/#breadcrumb\",\"itemListElement\":[{\"@type\":\"ListItem\",\"position\":1,\"name\":\"Portada\",\"item\":\"https:\\\/\\\/www.mexicanguitarplayers.com\\\/\"},{\"@type\":\"ListItem\",\"position\":2,\"name\":\"Tienda\",\"item\":\"https:\\\/\\\/www.mexicanguitarplayers.com\\\/tienda\\\/\"},{\"@type\":\"ListItem\",\"position\":3,\"name\":\"BAFLE BEHRINGER MONITOR MOD. TRUTH 3.5 BT\"}]},{\"@type\":\"WebSite\",\"@id\":\"https:\\\/\\\/www.mexicanguitarplayers.com\\\/#website\",\"url\":\"https:\\\/\\\/www.mexicanguitarplayers.com\\\/\",\"name\":\"Mexican Guitar Players\",\"description\":\"Website\",\"publisher\":{\"@id\":\"https:\\\/\\\/www.mexicanguitarplayers.com\\\/#organization\"},\"potentialAction\":[{\"@type\":\"SearchAction\",\"target\":{\"@type\":\"EntryPoint\",\"urlTemplate\":\"https:\\\/\\\/www.mexicanguitarplayers.com\\\/?s={search_term_string}\"},\"query-input\":{\"@type\":\"PropertyValueSpecification\",\"valueRequired\":true,\"valueName\":\"search_term_string\"}}],\"inLanguage\":\"en-US\"},{\"@type\":\"Organization\",\"@id\":\"https:\\\/\\\/www.mexicanguitarplayers.com\\\/#organization\",\"name\":\"Mexican Guitar Players\",\"url\":\"https:\\\/\\\/www.mexicanguitarplayers.com\\\/\",\"logo\":{\"@type\":\"ImageObject\",\"inLanguage\":\"en-US\",\"@id\":\"https:\\\/\\\/www.mexicanguitarplayers.com\\\/#\\\/schema\\\/logo\\\/image\\\/\",\"url\":\"\",\"contentUrl\":\"\",\"caption\":\"Mexican Guitar Players\"},\"image\":{\"@id\":\"https:\\\/\\\/www.mexicanguitarplayers.com\\\/#\\\/schema\\\/logo\\\/image\\\/\"}}]}<\/script>\n<!-- \/ Yoast SEO plugin. -->","yoast_head_json":{"title":"BAFLE BEHRINGER MONITOR MOD. TRUTH 3.5 BT - Mexican Guitar Players","description":"Los monitores de estudio de la serie TRUTH son altavoces de referencia de clase ultra lineal con una potencia de 64 vatios, que ofrecen una calidad de sonido excepcional y transmisi\u00f3n de audio Bluetooth 5.3 de alta calidad. Ampliamente reconocidos en los estudios m\u00e1s exigentes, estos altavoces son ideales para grabaciones en casa, gaming y estaciones de trabajo multimedia. Incorporan tecnolog\u00eda avanzada de gu\u00eda de ondas para una dispersi\u00f3n ac\u00fastica \u00f3ptima y una zona de escucha amplia, junto con tweeters de domo de seda de 1\u201d para una reproducci\u00f3n de sonido definitiva.Adem\u00e1s, cuentan con woofers de 3.5\u201d con cono de fibra de vidrio resistente a la deformaci\u00f3n para una reproducci\u00f3n precisa de los graves. Con dos entradas anal\u00f3gicas est\u00e9reo que pueden utilizarse simult\u00e1neamente o mezcladas con una fuente est\u00e9reo digital, controles de volumen, graves y agudos en el panel frontal para un acceso conveniente, y controles de frecuencia baja y alta para ajuste ac\u00fastico. Su carcasa de alta densidad reduce la difracci\u00f3n y la distorsi\u00f3n de baja frecuencia para una experiencia de audio excepcional.","robots":{"index":"index","follow":"follow","max-snippet":"max-snippet:-1","max-image-preview":"max-image-preview:large","max-video-preview":"max-video-preview:-1"},"canonical":"https:\/\/www.mexicanguitarplayers.com\/en\/tienda\/sin categor\u00eda\/bafle-behringer-monitor-mod-truth-3-5-bt\/","og_locale":"en_US","og_type":"article","og_title":"BAFLE BEHRINGER MONITOR MOD. TRUTH 3.5 BT - Mexican Guitar Players","og_description":"Los monitores de estudio de la serie TRUTH son altavoces de referencia de clase ultra lineal con una potencia de 64 vatios, que ofrecen una calidad de sonido excepcional y transmisi\u00f3n de audio Bluetooth 5.3 de alta calidad. Ampliamente reconocidos en los estudios m\u00e1s exigentes, estos altavoces son ideales para grabaciones en casa, gaming y estaciones de trabajo multimedia. Incorporan tecnolog\u00eda avanzada de gu\u00eda de ondas para una dispersi\u00f3n ac\u00fastica \u00f3ptima y una zona de escucha amplia, junto con tweeters de domo de seda de 1\u201d para una reproducci\u00f3n de sonido definitiva.Adem\u00e1s, cuentan con woofers de 3.5\u201d con cono de fibra de vidrio resistente a la deformaci\u00f3n para una reproducci\u00f3n precisa de los graves. Con dos entradas anal\u00f3gicas est\u00e9reo que pueden utilizarse simult\u00e1neamente o mezcladas con una fuente est\u00e9reo digital, controles de volumen, graves y agudos en el panel frontal para un acceso conveniente, y controles de frecuencia baja y alta para ajuste ac\u00fastico. Su carcasa de alta densidad reduce la difracci\u00f3n y la distorsi\u00f3n de baja frecuencia para una experiencia de audio excepcional.","og_url":"https:\/\/www.mexicanguitarplayers.com\/en\/tienda\/sin categor\u00eda\/bafle-behringer-monitor-mod-truth-3-5-bt\/","og_site_name":"Mexican Guitar Players","article_modified_time":"2026-05-01T13:22:13+00:00","twitter_card":"summary_large_image","twitter_misc":{"Est. reading time":"1 minute"},"schema":{"@context":"https:\/\/schema.org","@graph":[{"@type":["WebPage","ItemPage"],"@id":"https:\/\/www.mexicanguitarplayers.com\/tienda\/sin categor\u00eda\/bafle-behringer-monitor-mod-truth-3-5-bt\/","url":"https:\/\/www.mexicanguitarplayers.com\/tienda\/sin categor\u00eda\/bafle-behringer-monitor-mod-truth-3-5-bt\/","name":"BAFLE BEHRINGER MONITOR MOD. TRUTH 3.5 BT - Mexican Guitar Players","isPartOf":{"@id":"https:\/\/www.mexicanguitarplayers.com\/#website"},"primaryImageOfPage":{"@id":"https:\/\/www.mexicanguitarplayers.com\/tienda\/sin categor\u00eda\/bafle-behringer-monitor-mod-truth-3-5-bt\/#primaryimage"},"image":{"@id":"https:\/\/www.mexicanguitarplayers.com\/tienda\/sin categor\u00eda\/bafle-behringer-monitor-mod-truth-3-5-bt\/#primaryimage"},"thumbnailUrl":"https:\/\/www.mexicanguitarplayers.com\/wp-content\/uploads\/2025\/04\/IABEHTRUTH35BT.jpg","datePublished":"2025-04-09T03:43:11+00:00","dateModified":"2026-05-01T13:22:13+00:00","description":"Los monitores de estudio de la serie TRUTH son altavoces de referencia de clase ultra lineal con una potencia de 64 vatios, que ofrecen una calidad de sonido excepcional y transmisi\u00f3n de audio Bluetooth 5.3 de alta calidad. Ampliamente reconocidos en los estudios m\u00e1s exigentes, estos altavoces son ideales para grabaciones en casa, gaming y estaciones de trabajo multimedia. Incorporan tecnolog\u00eda avanzada de gu\u00eda de ondas para una dispersi\u00f3n ac\u00fastica \u00f3ptima y una zona de escucha amplia, junto con tweeters de domo de seda de 1\u201d para una reproducci\u00f3n de sonido definitiva.Adem\u00e1s, cuentan con woofers de 3.5\u201d con cono de fibra de vidrio resistente a la deformaci\u00f3n para una reproducci\u00f3n precisa de los graves. Con dos entradas anal\u00f3gicas est\u00e9reo que pueden utilizarse simult\u00e1neamente o mezcladas con una fuente est\u00e9reo digital, controles de volumen, graves y agudos en el panel frontal para un acceso conveniente, y controles de frecuencia baja y alta para ajuste ac\u00fastico. Su carcasa de alta densidad reduce la difracci\u00f3n y la distorsi\u00f3n de baja frecuencia para una experiencia de audio excepcional.","breadcrumb":{"@id":"https:\/\/www.mexicanguitarplayers.com\/tienda\/sin categor\u00eda\/bafle-behringer-monitor-mod-truth-3-5-bt\/#breadcrumb"},"inLanguage":"en-US","potentialAction":[{"@type":"ReadAction","target":["https:\/\/www.mexicanguitarplayers.com\/tienda\/sin categor\u00eda\/bafle-behringer-monitor-mod-truth-3-5-bt\/"]}]},{"@type":"ImageObject","inLanguage":"en-US","@id":"https:\/\/www.mexicanguitarplayers.com\/tienda\/sin categor\u00eda\/bafle-behringer-monitor-mod-truth-3-5-bt\/#primaryimage","url":"https:\/\/www.mexicanguitarplayers.com\/wp-content\/uploads\/2025\/04\/IABEHTRUTH35BT.jpg","contentUrl":"https:\/\/www.mexicanguitarplayers.com\/wp-content\/uploads\/2025\/04\/IABEHTRUTH35BT.jpg","width":1200,"height":1200},{"@type":"BreadcrumbList","@id":"https:\/\/www.mexicanguitarplayers.com\/tienda\/sin categor\u00eda\/bafle-behringer-monitor-mod-truth-3-5-bt\/#breadcrumb","itemListElement":[{"@type":"ListItem","position":1,"name":"Portada","item":"https:\/\/www.mexicanguitarplayers.com\/"},{"@type":"ListItem","position":2,"name":"Tienda","item":"https:\/\/www.mexicanguitarplayers.com\/tienda\/"},{"@type":"ListItem","position":3,"name":"BAFLE BEHRINGER MONITOR MOD. TRUTH 3.5 BT"}]},{"@type":"WebSite","@id":"https:\/\/www.mexicanguitarplayers.com\/#website","url":"https:\/\/www.mexicanguitarplayers.com\/","name":"Mexican Guitar Players","description":"Website","publisher":{"@id":"https:\/\/www.mexicanguitarplayers.com\/#organization"},"potentialAction":[{"@type":"SearchAction","target":{"@type":"EntryPoint","urlTemplate":"https:\/\/www.mexicanguitarplayers.com\/?s={search_term_string}"},"query-input":{"@type":"PropertyValueSpecification","valueRequired":true,"valueName":"search_term_string"}}],"inLanguage":"en-US"},{"@type":"Organization","@id":"https:\/\/www.mexicanguitarplayers.com\/#organization","name":"Mexican Guitar Players","url":"https:\/\/www.mexicanguitarplayers.com\/","logo":{"@type":"ImageObject","inLanguage":"en-US","@id":"https:\/\/www.mexicanguitarplayers.com\/#\/schema\/logo\/image\/","url":"","contentUrl":"","caption":"Mexican Guitar Players"},"image":{"@id":"https:\/\/www.mexicanguitarplayers.com\/#\/schema\/logo\/image\/"}}]}},"brands":[{"id":171,"name":"BEHRINGER","slug":"behringer"}],"_links":{"self":[{"href":"https:\/\/www.mexicanguitarplayers.com\/en\/wp-json\/wp\/v2\/product\/34298","targetHints":{"allow":["GET"]}}],"collection":[{"href":"https:\/\/www.mexicanguitarplayers.com\/en\/wp-json\/wp\/v2\/product"}],"about":[{"href":"https:\/\/www.mexicanguitarplayers.com\/en\/wp-json\/wp\/v2\/types\/product"}],"replies":[{"embeddable":true,"href":"https:\/\/www.mexicanguitarplayers.com\/en\/wp-json\/wp\/v2\/comments?post=34298"}],"wp:featuredmedia":[{"embeddable":true,"href":"https:\/\/www.mexicanguitarplayers.com\/en\/wp-json\/wp\/v2\/media\/34293"}],"wp:attachment":[{"href":"https:\/\/www.mexicanguitarplayers.com\/en\/wp-json\/wp\/v2\/media?parent=34298"}],"wp:term":[{"taxonomy":"pwb-brand","embeddable":true,"href":"https:\/\/www.mexicanguitarplayers.com\/en\/wp-json\/wp\/v2\/pwb-brand?post=34298"},{"taxonomy":"product_brand","embeddable":true,"href":"https:\/\/www.mexicanguitarplayers.com\/en\/wp-json\/wp\/v2\/product_brand?post=34298"},{"taxonomy":"product_cat","embeddable":true,"href":"https:\/\/www.mexicanguitarplayers.com\/en\/wp-json\/wp\/v2\/product_cat?post=34298"},{"taxonomy":"product_tag","embeddable":true,"href":"https:\/\/www.mexicanguitarplayers.com\/en\/wp-json\/wp\/v2\/product_tag?post=34298"}],"curies":[{"name":"wp","href":"https:\/\/api.w.org\/{rel}","templated":true}]}}