{"id":34302,"date":"2025-04-08T21:43:15","date_gmt":"2025-04-09T03:43:15","guid":{"rendered":"https:\/\/www.mexicanguitarplayers.com\/tienda\/sin categor\u00eda\/transmisor-akg-modulo-tm40kr3\/"},"modified":"2026-04-10T04:30:21","modified_gmt":"2026-04-10T10:30:21","slug":"transmisor-akg-modulo-tm40kr3","status":"publish","type":"product","link":"https:\/\/www.mexicanguitarplayers.com\/en\/tienda\/audio\/sistema-de-monitoreo-personal\/transmisores-y-receptores-sistema-de-monitoreo-personal\/transmisor-akg-modulo-tm40kr3\/","title":{"rendered":"TRANSMISOR AKG MODULO     TM40KR3"},"content":{"rendered":"<div style=\"text-align: justify\">\n<div>\n<h3>Potencializa tu sonido en vivo.<\/h3>\n<\/div>\n<div>El TM 40 es un m\u00f3dulo transmisor miniatura de la serie WMS 40 microtools, desarrollado especialmente para los micr\u00f3fonos D 880M, D 3700M, D 3800M, C 900M y C 5900M. El TM 40 funciona con una frecuencia portadora fija estabilizada por cuarzo en la gama de frecuencias portadoras UHF de 710 hasta 865 MHz.<\/div>\n<div>\n<h4>Quick look<\/h4>\n<\/div>\n<ul style=\"margin: 0px 0px 0px 25px\">\n<li style=\"list-style-type: circle;margin: 5px\">Frecuencia.<\/li>\n<li style=\"list-style-type: circle;margin: 5px\">Modulaci\u00f3n.<\/li>\n<li style=\"list-style-type: circle;margin: 5px\">Ancho de banda de transmisi\u00f3n audio.<\/li>\n<li style=\"list-style-type: circle;margin: 5px\">Estabilidad de frecuencia (-10\u00b0C hasta +50\u00b0C).<\/li>\n<li style=\"list-style-type: circle;margin: 5px\">Desviaci\u00f3n nominal.<\/li>\n<li style=\"list-style-type: circle;margin: 5px\">Factor de distorsi\u00f3n no lineal con 1 kHz t\u00edp.<\/li>\n<li style=\"list-style-type: circle;margin: 5px\">Compansor.<\/li>\n<li style=\"list-style-type: circle;margin: 5px\">Relaci\u00f3n se\u00f1al a ruido t\u00edp.<\/li>\n<li style=\"list-style-type: circle;margin: 5px\">Potencia de salida AF t\u00edp.<\/li>\n<li style=\"list-style-type: circle;margin: 5px\">Toma de corriente t\u00edp.<\/li>\n<li style=\"list-style-type: circle;margin: 5px\">Alimentaci\u00f3n de corriente.<\/li>\n<li style=\"list-style-type: circle;margin: 5px\">Horas de servicio.<\/li>\n<li style=\"list-style-type: circle;margin: 5px\">Nivel de entrada audio para desviaci\u00f3n nominal.<\/li>\n<li style=\"list-style-type: circle;margin: 5px\">Input impedance.<\/li>\n<li style=\"list-style-type: circle;margin: 5px\">Alimentaci\u00f3n para c\u00e1psula de micr\u00f3fono.<\/li>\n<li style=\"list-style-type: circle;margin: 5px\">Dimensions.<\/li>\n<li style=\"list-style-type: circle;margin: 5px\">Peso neto.<\/li>\n<\/ul>\n<div>\n<div style=\"font-weight: bold\">Frecuencia.<\/div>\n<div>\n<p>KR3 745.650 MHz.<\/p>\n<\/div>\n<div style=\"font-weight: bold\">Modulaci\u00f3n.<\/div>\n<div>\n<p>FM.<\/p>\n<\/div>\n<div style=\"font-weight: bold\">Ancho de banda de transmisi\u00f3n audio.<\/div>\n<div>\n<p>40-20,000 Hz.<\/p>\n<\/div>\n<div style=\"font-weight: bold\">Estabilidad de frecuencia (-10\u00b0C hasta +50\u00b0C).<\/div>\n<div>\n<p>\u00b115 kHz.<\/p>\n<\/div>\n<div style=\"font-weight: bold\">Desviaci\u00f3n nominal.<\/div>\n<div>\n<p>15 kHz (SP1, SP2: 13,5 kHz).<\/p>\n<\/div>\n<div style=\"font-weight: bold\">Factor de distorsi\u00f3n no lineal con 1 kHz t\u00edp.<\/div>\n<div>\n<p>0,8%.<\/p>\n<\/div>\n<div style=\"font-weight: bold\">Compansor.<\/div>\n<div>\n<p>Integrado.<\/p>\n<\/div>\n<div style=\"font-weight: bold\">Relaci\u00f3n se\u00f1al a ruido t\u00edp.<\/div>\n<div>\n<p>tip. 103 dB(A).<\/p>\n<\/div>\n<div style=\"font-weight: bold\">Potencia de salida AF t\u00edp.<\/div>\n<div>\n<p>10 mW.<\/p>\n<\/div>\n<div style=\"font-weight: bold\">Toma de corriente t\u00edp.<\/div>\n<div>\n<p>tip. 70 mA.<\/p>\n<\/div>\n<div style=\"font-weight: bold\">Alimentaci\u00f3n de corriente.<\/div>\n<div>\n<p>2 pilas de 1,5 V tama\u00f1o AA.<\/p>\n<\/div>\n<div style=\"font-weight: bold\">Horas de servicio.<\/div>\n<div>\n<p>tip. 30 h.<\/p>\n<\/div>\n<div style=\"font-weight: bold\">Nivel de entrada audio para desviaci\u00f3n nominal.<\/div>\n<div>\n<p>300 mV (MIC); 110 mV (LINE).<\/p>\n<\/div>\n<div style=\"font-weight: bold\">Input impedance.<\/div>\n<div>\n<p>tip. 140 kO\/\/450 pF (LINE).<\/p>\n<\/div>\n<div style=\"font-weight: bold\">Alimentaci\u00f3n para c\u00e1psula de micr\u00f3fono.<\/div>\n<div>\n<p>3,8 V\/4,7 kO (pin 3).<\/p>\n<\/div>\n<div style=\"font-weight: bold\">Dimensions.<\/div>\n<div>\n<p>64 x 22 x 96 mm.<\/p>\n<\/div>\n<div style=\"font-weight: bold\">Peso neto.<\/div>\n<div>\n<p>76 g.<\/p>\n<\/div>\n<\/div>\n<\/div>","protected":false},"excerpt":{"rendered":"<p>Transmisor AKG m\u00f3dulo. Modelo: TM40KR3. M\u00f3dulo transmisor miniatura de la serieWMS 40 microtools, desarrollado especialmente para los micr\u00f3fonos D 880M, D 3700M, D 3800M, C 900M y C 5900M. Funciona con una frecuencia portadora fija estabilizada por cuarzo en la gama de frecuencias portadoras UHF de 710 hasta 865 MHz.KR3 745.650 MHz.&hellip; <a class=\"kt-excerpt-readmore more-link\" href=\"https:\/\/www.mexicanguitarplayers.com\/en\/tienda\/audio\/sistema-de-monitoreo-personal\/transmisores-y-receptores-sistema-de-monitoreo-personal\/transmisor-akg-modulo-tm40kr3\/\">Read more<\/a><\/p>","protected":false},"featured_media":34301,"comment_status":"open","ping_status":"closed","template":"","meta":{"kt_blocks_editor_width":""},"pwb-brand":[528],"product_brand":[],"product_cat":[213,244,245],"product_tag":[],"class_list":{"0":"post-34302","1":"product","2":"type-product","3":"status-publish","4":"has-post-thumbnail","6":"pwb-brand-akg","7":"product_cat-audio","8":"product_cat-sistema-de-monitoreo-personal","9":"product_cat-transmisores-y-receptores-sistema-de-monitoreo-personal","10":"product_shipping_class-0-5-kg","12":"first","13":"instock","14":"taxable","15":"shipping-taxable","16":"purchasable","17":"product-type-simple"},"yoast_head":"<!-- This site is optimized with the Yoast SEO plugin v27.5 - https:\/\/yoast.com\/product\/yoast-seo-wordpress\/ -->\n<title>TRANSMISOR AKG MODULO   TM40KR3 - Mexican Guitar Players<\/title>\n<meta name=\"description\" content=\"Transmisor AKG m\u00f3dulo. Modelo: TM40KR3. M\u00f3dulo transmisor miniatura de la serieWMS 40 microtools, desarrollado especialmente para los micr\u00f3fonos D 880M, D 3700M, D 3800M, C 900M y C 5900M. Funciona con una frecuencia portadora fija estabilizada por cuarzo en la gama de frecuencias portadoras UHF de 710 hasta 865 MHz.KR3 745.650 MHz.\" \/>\n<meta name=\"robots\" content=\"index, follow, max-snippet:-1, max-image-preview:large, max-video-preview:-1\" \/>\n<link rel=\"canonical\" href=\"https:\/\/www.mexicanguitarplayers.com\/en\/tienda\/sin%20categor\u00eda\/transmisor-akg-modulo-tm40kr3\/\" \/>\n<meta property=\"og:locale\" content=\"en_US\" \/>\n<meta property=\"og:type\" content=\"article\" \/>\n<meta property=\"og:title\" content=\"TRANSMISOR AKG MODULO   TM40KR3 - Mexican Guitar Players\" \/>\n<meta property=\"og:description\" content=\"Transmisor AKG m\u00f3dulo. Modelo: TM40KR3. M\u00f3dulo transmisor miniatura de la serieWMS 40 microtools, desarrollado especialmente para los micr\u00f3fonos D 880M, D 3700M, D 3800M, C 900M y C 5900M. Funciona con una frecuencia portadora fija estabilizada por cuarzo en la gama de frecuencias portadoras UHF de 710 hasta 865 MHz.KR3 745.650 MHz.\" \/>\n<meta property=\"og:url\" content=\"https:\/\/www.mexicanguitarplayers.com\/en\/tienda\/sin categor\u00eda\/transmisor-akg-modulo-tm40kr3\/\" \/>\n<meta property=\"og:site_name\" content=\"Mexican Guitar Players\" \/>\n<meta property=\"article:modified_time\" content=\"2026-04-10T10:30:21+00:00\" \/>\n<meta name=\"twitter:card\" content=\"summary_large_image\" \/>\n<meta name=\"twitter:label1\" content=\"Est. reading time\" \/>\n\t<meta name=\"twitter:data1\" content=\"1 minute\" \/>\n<script type=\"application\/ld+json\" class=\"yoast-schema-graph\">{\"@context\":\"https:\\\/\\\/schema.org\",\"@graph\":[{\"@type\":[\"WebPage\",\"ItemPage\"],\"@id\":\"https:\\\/\\\/www.mexicanguitarplayers.com\\\/tienda\\\/sin categor\u00eda\\\/transmisor-akg-modulo-tm40kr3\\\/\",\"url\":\"https:\\\/\\\/www.mexicanguitarplayers.com\\\/tienda\\\/sin categor\u00eda\\\/transmisor-akg-modulo-tm40kr3\\\/\",\"name\":\"TRANSMISOR AKG MODULO TM40KR3 - Mexican Guitar Players\",\"isPartOf\":{\"@id\":\"https:\\\/\\\/www.mexicanguitarplayers.com\\\/#website\"},\"primaryImageOfPage\":{\"@id\":\"https:\\\/\\\/www.mexicanguitarplayers.com\\\/tienda\\\/sin categor\u00eda\\\/transmisor-akg-modulo-tm40kr3\\\/#primaryimage\"},\"image\":{\"@id\":\"https:\\\/\\\/www.mexicanguitarplayers.com\\\/tienda\\\/sin categor\u00eda\\\/transmisor-akg-modulo-tm40kr3\\\/#primaryimage\"},\"thumbnailUrl\":\"https:\\\/\\\/www.mexicanguitarplayers.com\\\/wp-content\\\/uploads\\\/2025\\\/04\\\/IAAKGTM40KR3.jpg\",\"datePublished\":\"2025-04-09T03:43:15+00:00\",\"dateModified\":\"2026-04-10T10:30:21+00:00\",\"description\":\"Transmisor AKG m\u00f3dulo. Modelo: TM40KR3. M\u00f3dulo transmisor miniatura de la serieWMS 40 microtools, desarrollado especialmente para los micr\u00f3fonos D 880M, D 3700M, D 3800M, C 900M y C 5900M. Funciona con una frecuencia portadora fija estabilizada por cuarzo en la gama de frecuencias portadoras UHF de 710 hasta 865 MHz.KR3 745.650 MHz.\",\"breadcrumb\":{\"@id\":\"https:\\\/\\\/www.mexicanguitarplayers.com\\\/tienda\\\/sin categor\u00eda\\\/transmisor-akg-modulo-tm40kr3\\\/#breadcrumb\"},\"inLanguage\":\"en-US\",\"potentialAction\":[{\"@type\":\"ReadAction\",\"target\":[\"https:\\\/\\\/www.mexicanguitarplayers.com\\\/tienda\\\/sin categor\u00eda\\\/transmisor-akg-modulo-tm40kr3\\\/\"]}]},{\"@type\":\"ImageObject\",\"inLanguage\":\"en-US\",\"@id\":\"https:\\\/\\\/www.mexicanguitarplayers.com\\\/tienda\\\/sin categor\u00eda\\\/transmisor-akg-modulo-tm40kr3\\\/#primaryimage\",\"url\":\"https:\\\/\\\/www.mexicanguitarplayers.com\\\/wp-content\\\/uploads\\\/2025\\\/04\\\/IAAKGTM40KR3.jpg\",\"contentUrl\":\"https:\\\/\\\/www.mexicanguitarplayers.com\\\/wp-content\\\/uploads\\\/2025\\\/04\\\/IAAKGTM40KR3.jpg\",\"width\":1200,\"height\":1200},{\"@type\":\"BreadcrumbList\",\"@id\":\"https:\\\/\\\/www.mexicanguitarplayers.com\\\/tienda\\\/sin categor\u00eda\\\/transmisor-akg-modulo-tm40kr3\\\/#breadcrumb\",\"itemListElement\":[{\"@type\":\"ListItem\",\"position\":1,\"name\":\"Portada\",\"item\":\"https:\\\/\\\/www.mexicanguitarplayers.com\\\/\"},{\"@type\":\"ListItem\",\"position\":2,\"name\":\"Tienda\",\"item\":\"https:\\\/\\\/www.mexicanguitarplayers.com\\\/tienda\\\/\"},{\"@type\":\"ListItem\",\"position\":3,\"name\":\"TRANSMISOR AKG MODULO TM40KR3\"}]},{\"@type\":\"WebSite\",\"@id\":\"https:\\\/\\\/www.mexicanguitarplayers.com\\\/#website\",\"url\":\"https:\\\/\\\/www.mexicanguitarplayers.com\\\/\",\"name\":\"Mexican Guitar Players\",\"description\":\"Website\",\"publisher\":{\"@id\":\"https:\\\/\\\/www.mexicanguitarplayers.com\\\/#organization\"},\"potentialAction\":[{\"@type\":\"SearchAction\",\"target\":{\"@type\":\"EntryPoint\",\"urlTemplate\":\"https:\\\/\\\/www.mexicanguitarplayers.com\\\/?s={search_term_string}\"},\"query-input\":{\"@type\":\"PropertyValueSpecification\",\"valueRequired\":true,\"valueName\":\"search_term_string\"}}],\"inLanguage\":\"en-US\"},{\"@type\":\"Organization\",\"@id\":\"https:\\\/\\\/www.mexicanguitarplayers.com\\\/#organization\",\"name\":\"Mexican Guitar Players\",\"url\":\"https:\\\/\\\/www.mexicanguitarplayers.com\\\/\",\"logo\":{\"@type\":\"ImageObject\",\"inLanguage\":\"en-US\",\"@id\":\"https:\\\/\\\/www.mexicanguitarplayers.com\\\/#\\\/schema\\\/logo\\\/image\\\/\",\"url\":\"\",\"contentUrl\":\"\",\"caption\":\"Mexican Guitar Players\"},\"image\":{\"@id\":\"https:\\\/\\\/www.mexicanguitarplayers.com\\\/#\\\/schema\\\/logo\\\/image\\\/\"}}]}<\/script>\n<!-- \/ Yoast SEO plugin. -->","yoast_head_json":{"title":"TRANSMISOR AKG MODULO   TM40KR3 - Mexican Guitar Players","description":"Transmisor AKG m\u00f3dulo. Modelo: TM40KR3. M\u00f3dulo transmisor miniatura de la serieWMS 40 microtools, desarrollado especialmente para los micr\u00f3fonos D 880M, D 3700M, D 3800M, C 900M y C 5900M. Funciona con una frecuencia portadora fija estabilizada por cuarzo en la gama de frecuencias portadoras UHF de 710 hasta 865 MHz.KR3 745.650 MHz.","robots":{"index":"index","follow":"follow","max-snippet":"max-snippet:-1","max-image-preview":"max-image-preview:large","max-video-preview":"max-video-preview:-1"},"canonical":"https:\/\/www.mexicanguitarplayers.com\/en\/tienda\/sin categor\u00eda\/transmisor-akg-modulo-tm40kr3\/","og_locale":"en_US","og_type":"article","og_title":"TRANSMISOR AKG MODULO   TM40KR3 - Mexican Guitar Players","og_description":"Transmisor AKG m\u00f3dulo. Modelo: TM40KR3. M\u00f3dulo transmisor miniatura de la serieWMS 40 microtools, desarrollado especialmente para los micr\u00f3fonos D 880M, D 3700M, D 3800M, C 900M y C 5900M. Funciona con una frecuencia portadora fija estabilizada por cuarzo en la gama de frecuencias portadoras UHF de 710 hasta 865 MHz.KR3 745.650 MHz.","og_url":"https:\/\/www.mexicanguitarplayers.com\/en\/tienda\/sin categor\u00eda\/transmisor-akg-modulo-tm40kr3\/","og_site_name":"Mexican Guitar Players","article_modified_time":"2026-04-10T10:30:21+00:00","twitter_card":"summary_large_image","twitter_misc":{"Est. reading time":"1 minute"},"schema":{"@context":"https:\/\/schema.org","@graph":[{"@type":["WebPage","ItemPage"],"@id":"https:\/\/www.mexicanguitarplayers.com\/tienda\/sin categor\u00eda\/transmisor-akg-modulo-tm40kr3\/","url":"https:\/\/www.mexicanguitarplayers.com\/tienda\/sin categor\u00eda\/transmisor-akg-modulo-tm40kr3\/","name":"TRANSMISOR AKG MODULO TM40KR3 - Mexican Guitar Players","isPartOf":{"@id":"https:\/\/www.mexicanguitarplayers.com\/#website"},"primaryImageOfPage":{"@id":"https:\/\/www.mexicanguitarplayers.com\/tienda\/sin categor\u00eda\/transmisor-akg-modulo-tm40kr3\/#primaryimage"},"image":{"@id":"https:\/\/www.mexicanguitarplayers.com\/tienda\/sin categor\u00eda\/transmisor-akg-modulo-tm40kr3\/#primaryimage"},"thumbnailUrl":"https:\/\/www.mexicanguitarplayers.com\/wp-content\/uploads\/2025\/04\/IAAKGTM40KR3.jpg","datePublished":"2025-04-09T03:43:15+00:00","dateModified":"2026-04-10T10:30:21+00:00","description":"Transmisor AKG m\u00f3dulo. Modelo: TM40KR3. M\u00f3dulo transmisor miniatura de la serieWMS 40 microtools, desarrollado especialmente para los micr\u00f3fonos D 880M, D 3700M, D 3800M, C 900M y C 5900M. Funciona con una frecuencia portadora fija estabilizada por cuarzo en la gama de frecuencias portadoras UHF de 710 hasta 865 MHz.KR3 745.650 MHz.","breadcrumb":{"@id":"https:\/\/www.mexicanguitarplayers.com\/tienda\/sin categor\u00eda\/transmisor-akg-modulo-tm40kr3\/#breadcrumb"},"inLanguage":"en-US","potentialAction":[{"@type":"ReadAction","target":["https:\/\/www.mexicanguitarplayers.com\/tienda\/sin categor\u00eda\/transmisor-akg-modulo-tm40kr3\/"]}]},{"@type":"ImageObject","inLanguage":"en-US","@id":"https:\/\/www.mexicanguitarplayers.com\/tienda\/sin categor\u00eda\/transmisor-akg-modulo-tm40kr3\/#primaryimage","url":"https:\/\/www.mexicanguitarplayers.com\/wp-content\/uploads\/2025\/04\/IAAKGTM40KR3.jpg","contentUrl":"https:\/\/www.mexicanguitarplayers.com\/wp-content\/uploads\/2025\/04\/IAAKGTM40KR3.jpg","width":1200,"height":1200},{"@type":"BreadcrumbList","@id":"https:\/\/www.mexicanguitarplayers.com\/tienda\/sin categor\u00eda\/transmisor-akg-modulo-tm40kr3\/#breadcrumb","itemListElement":[{"@type":"ListItem","position":1,"name":"Portada","item":"https:\/\/www.mexicanguitarplayers.com\/"},{"@type":"ListItem","position":2,"name":"Tienda","item":"https:\/\/www.mexicanguitarplayers.com\/tienda\/"},{"@type":"ListItem","position":3,"name":"TRANSMISOR AKG MODULO TM40KR3"}]},{"@type":"WebSite","@id":"https:\/\/www.mexicanguitarplayers.com\/#website","url":"https:\/\/www.mexicanguitarplayers.com\/","name":"Mexican Guitar Players","description":"Website","publisher":{"@id":"https:\/\/www.mexicanguitarplayers.com\/#organization"},"potentialAction":[{"@type":"SearchAction","target":{"@type":"EntryPoint","urlTemplate":"https:\/\/www.mexicanguitarplayers.com\/?s={search_term_string}"},"query-input":{"@type":"PropertyValueSpecification","valueRequired":true,"valueName":"search_term_string"}}],"inLanguage":"en-US"},{"@type":"Organization","@id":"https:\/\/www.mexicanguitarplayers.com\/#organization","name":"Mexican Guitar Players","url":"https:\/\/www.mexicanguitarplayers.com\/","logo":{"@type":"ImageObject","inLanguage":"en-US","@id":"https:\/\/www.mexicanguitarplayers.com\/#\/schema\/logo\/image\/","url":"","contentUrl":"","caption":"Mexican Guitar Players"},"image":{"@id":"https:\/\/www.mexicanguitarplayers.com\/#\/schema\/logo\/image\/"}}]}},"brands":[{"id":528,"name":"AKG","slug":"akg"}],"_links":{"self":[{"href":"https:\/\/www.mexicanguitarplayers.com\/en\/wp-json\/wp\/v2\/product\/34302","targetHints":{"allow":["GET"]}}],"collection":[{"href":"https:\/\/www.mexicanguitarplayers.com\/en\/wp-json\/wp\/v2\/product"}],"about":[{"href":"https:\/\/www.mexicanguitarplayers.com\/en\/wp-json\/wp\/v2\/types\/product"}],"replies":[{"embeddable":true,"href":"https:\/\/www.mexicanguitarplayers.com\/en\/wp-json\/wp\/v2\/comments?post=34302"}],"wp:featuredmedia":[{"embeddable":true,"href":"https:\/\/www.mexicanguitarplayers.com\/en\/wp-json\/wp\/v2\/media\/34301"}],"wp:attachment":[{"href":"https:\/\/www.mexicanguitarplayers.com\/en\/wp-json\/wp\/v2\/media?parent=34302"}],"wp:term":[{"taxonomy":"pwb-brand","embeddable":true,"href":"https:\/\/www.mexicanguitarplayers.com\/en\/wp-json\/wp\/v2\/pwb-brand?post=34302"},{"taxonomy":"product_brand","embeddable":true,"href":"https:\/\/www.mexicanguitarplayers.com\/en\/wp-json\/wp\/v2\/product_brand?post=34302"},{"taxonomy":"product_cat","embeddable":true,"href":"https:\/\/www.mexicanguitarplayers.com\/en\/wp-json\/wp\/v2\/product_cat?post=34302"},{"taxonomy":"product_tag","embeddable":true,"href":"https:\/\/www.mexicanguitarplayers.com\/en\/wp-json\/wp\/v2\/product_tag?post=34302"}],"curies":[{"name":"wp","href":"https:\/\/api.w.org\/{rel}","templated":true}]}}