{"id":34334,"date":"2025-04-08T21:44:00","date_gmt":"2025-04-09T03:44:00","guid":{"rendered":"https:\/\/www.mexicanguitarplayers.com\/tienda\/sin categor\u00eda\/driver-eighteen-sound-mod-hd1030\/"},"modified":"2026-01-14T04:23:59","modified_gmt":"2026-01-14T10:23:59","slug":"driver-eighteen-sound-mod-hd1030","status":"publish","type":"product","link":"https:\/\/www.mexicanguitarplayers.com\/en\/tienda\/audio\/bafles-y-bocinas\/bocinas-y-componentes\/agudos\/driver-eighteen-sound-mod-hd1030\/","title":{"rendered":"DRIVER EIGHTEEN SOUND MOD HD1030"},"content":{"rendered":"<div style=\"text-align: justify\">\n<div>\n<h3>Excelente sonido de alta frecuencia.<\/h3>\n<\/div>\n<div>El driver de compresi\u00f3n de alta frecuencia de salida HD1030 de 1&#8243; pulgada ha sido dise\u00f1ado para su uso en sistemas de audio bidireccionales. El transductor exhibe una respuesta de pendiente constante de 1.5 kHz a 18 kHz con un roll-off uniforme y suave. Con una frecuencia de resonancia de aire libre de 800 Hz, el HD1030 se puede cortar f\u00e1cilmente a 1800 Hz y es capaz de manejar potencia continua de 60W con una se\u00f1al de ruido rosa de 1800 Hz y un factor de cresta de 6 dB con una pendiente de crossover m\u00ednima de 12 dB\/octava. Equipado con una arquitectura \u00fanica de Phase Plug, el HD1030 ha sido dise\u00f1ado para proporcionar un frente de onda coherente y suave en la entrada de la bocina en todo el rango de frecuencia de trabajo, as\u00ed como una consistencia de fabricaci\u00f3n de alto nivel. El tap\u00f3n de fase con sus aberturas cortas y su valor de tasa de high flare aseguran una baja distorsi\u00f3n y demuestra mejoras notables en la reproducci\u00f3n de frecuencias medias-altas. El montaje de diafragma de titanio, con su forma de suspensi\u00f3n elipsoidal, exhibe una respuesta de pendiente constante desde 1.5 kHz hasta 18 kHz, con un comportamiento uniforme de deslizamiento suave. Una bobina m\u00f3vil de aluminio con borde enrollado, entorchada con Nomex tratado patentado, completa el ensamblaje del diafragma. Nomex muestra un valor 30% mayor de alargamiento a la tracci\u00f3n a una temperatura operativa de trabajo (200\u00b0C) en comparaci\u00f3n con Kapton. Esta caracter\u00edstica permite un control adecuado de la transferencia de energ\u00eda desde la bobina m\u00f3vil al domo en condiciones reales de trabajo. Adem\u00e1s, este material anterior patentado tambi\u00e9n es adecuado para su uso en entornos con mayor contenido de humedad. El potente conjunto de im\u00e1n cer\u00e1mico del HD1030 ha sido dise\u00f1ado para obtener 15 KGauss en el espacio dentro de una estructura compacta de motor de ferrita.<\/div>\n<div>\n<h4>Quick look<\/h4>\n<\/div>\n<ul style=\"margin: 0px 0px 0px 25px\">\n<li style=\"list-style-type: circle;margin: 5px\">Di\u00e1metro de la garganta.<\/li>\n<li style=\"list-style-type: circle;margin: 5px\">Nominal impedance.<\/li>\n<li style=\"list-style-type: circle;margin: 5px\">Impedancia m\u00ednima.<\/li>\n<li style=\"list-style-type: circle;margin: 5px\">Power.<\/li>\n<li style=\"list-style-type: circle;margin: 5px\">Sensitivity.<\/li>\n<li style=\"list-style-type: circle;margin: 5px\">Rango de frecuencia.<\/li>\n<li style=\"list-style-type: circle;margin: 5px\">Crossover recomendado.<\/li>\n<li style=\"list-style-type: circle;margin: 5px\">Di\u00e1metro de la bobina m\u00f3vil.<\/li>\n<li style=\"list-style-type: circle;margin: 5px\">Material del bobinado.<\/li>\n<li style=\"list-style-type: circle;margin: 5px\">Material del diafragma.<\/li>\n<li style=\"list-style-type: circle;margin: 5px\">Densidad de flujo.<\/li>\n<li style=\"list-style-type: circle;margin: 5px\">Im\u00e1n.<\/li>\n<li style=\"list-style-type: circle;margin: 5px\">Di\u00e1metro total.<\/li>\n<li style=\"list-style-type: circle;margin: 5px\">Profundidad.<\/li>\n<li style=\"list-style-type: circle;margin: 5px\">Weight.<\/li>\n<\/ul>\n<div>\n<div style=\"font-weight: bold\">Di\u00e1metro de la garganta.<\/div>\n<div>\n<p>25 mm (1\u201d pulgada).<\/p>\n<\/div>\n<div style=\"font-weight: bold\">Nominal impedance.<\/div>\n<div>\n<p>8 ohms.<\/p>\n<\/div>\n<div style=\"font-weight: bold\">Impedancia m\u00ednima.<\/div>\n<div>\n<p>6.5 ohms.<\/p>\n<\/div>\n<div style=\"font-weight: bold\">Power.<\/div>\n<div>\n<p>Nominal: 30 W. Continua: 60 W.<\/p>\n<\/div>\n<div style=\"font-weight: bold\">Sensitivity.<\/div>\n<div>\n<p>106 dB.<\/p>\n<\/div>\n<div style=\"font-weight: bold\">Rango de frecuencia.<\/div>\n<div>\n<p>1.8 &#8211; 20 kHz.<\/p>\n<\/div>\n<div style=\"font-weight: bold\">Crossover recomendado.<\/div>\n<div>\n<p>1.8 kHz.<\/p>\n<\/div>\n<div style=\"font-weight: bold\">Di\u00e1metro de la bobina m\u00f3vil.<\/div>\n<div>\n<p>34 mm (1.35\u201d pulgadas).<\/p>\n<\/div>\n<div style=\"font-weight: bold\">Material del bobinado.<\/div>\n<div>\n<p>Aluminio.<\/p>\n<\/div>\n<div style=\"font-weight: bold\">Material del diafragma.<\/div>\n<div>\n<p>Titanio.<\/p>\n<\/div>\n<div style=\"font-weight: bold\">Densidad de flujo.<\/div>\n<div>\n<p>1.5 T.<\/p>\n<\/div>\n<div style=\"font-weight: bold\">Im\u00e1n.<\/div>\n<div>\n<p>Ferrita.<\/p>\n<\/div>\n<div style=\"font-weight: bold\">Di\u00e1metro total.<\/div>\n<div>\n<p>91 mm (3.58\u201d pulgadas).<\/p>\n<\/div>\n<div style=\"font-weight: bold\">Profundidad.<\/div>\n<div>\n<p>51 mm (2.01\u201d pulgadas).<\/p>\n<\/div>\n<div style=\"font-weight: bold\">Weight.<\/div>\n<div>\n<p>1 kg.<\/p>\n<\/div>\n<\/div>\n<\/div>","protected":false},"excerpt":{"rendered":"<p>Driver HF, garganta de salida de 1\u201d pulgada, impedancia: 8 ohms, SPL: 106 dB, bobina m\u00f3vil: 34.4 mm (1.35\u201d pulgadas), potencia nominal de 30W, potencia continua de 60W, diafragma de titanio, dise\u00f1o phase plug patentado, rango de frecuencia: 1.8 &#8211; 20 kHz, crossover recomendado: 1.8 kHz, bobinado de aluminio, im\u00e1n de ferrita, peso: 1 kg.&hellip; <a class=\"kt-excerpt-readmore more-link\" href=\"https:\/\/www.mexicanguitarplayers.com\/en\/tienda\/audio\/bafles-y-bocinas\/bocinas-y-componentes\/agudos\/driver-eighteen-sound-mod-hd1030\/\">Read more<\/a><\/p>","protected":false},"featured_media":34332,"comment_status":"open","ping_status":"closed","template":"","meta":{"kt_blocks_editor_width":""},"pwb-brand":[533],"product_brand":[],"product_cat":[530,213,221,474],"product_tag":[],"class_list":{"0":"post-34334","1":"product","2":"type-product","3":"status-publish","4":"has-post-thumbnail","6":"pwb-brand-eighteen-sound","7":"product_cat-agudos","8":"product_cat-audio","9":"product_cat-bafles-y-bocinas","10":"product_cat-bocinas-y-componentes","11":"product_shipping_class-0-5-kg","13":"first","14":"instock","15":"taxable","16":"shipping-taxable","17":"purchasable","18":"product-type-simple"},"yoast_head":"<!-- This site is optimized with the Yoast SEO plugin v27.3 - https:\/\/yoast.com\/product\/yoast-seo-wordpress\/ -->\n<title>DRIVER EIGHTEEN SOUND MOD HD1030 - Mexican Guitar Players<\/title>\n<meta name=\"description\" content=\"Driver HF, garganta de salida de 1\u201d pulgada, impedancia: 8 ohms, SPL: 106 dB, bobina m\u00f3vil: 34.4 mm (1.35\u201d pulgadas), potencia nominal de 30W, potencia continua de 60W, diafragma de titanio, dise\u00f1o phase plug patentado, rango de frecuencia: 1.8 - 20 kHz, crossover recomendado: 1.8 kHz, bobinado de aluminio, im\u00e1n de ferrita, peso: 1 kg.\" \/>\n<meta name=\"robots\" content=\"index, follow, max-snippet:-1, max-image-preview:large, max-video-preview:-1\" \/>\n<link rel=\"canonical\" href=\"https:\/\/www.mexicanguitarplayers.com\/en\/tienda\/sin%20categor\u00eda\/driver-eighteen-sound-mod-hd1030\/\" \/>\n<meta property=\"og:locale\" content=\"en_US\" \/>\n<meta property=\"og:type\" content=\"article\" \/>\n<meta property=\"og:title\" content=\"DRIVER EIGHTEEN SOUND MOD HD1030 - Mexican Guitar Players\" \/>\n<meta property=\"og:description\" content=\"Driver HF, garganta de salida de 1\u201d pulgada, impedancia: 8 ohms, SPL: 106 dB, bobina m\u00f3vil: 34.4 mm (1.35\u201d pulgadas), potencia nominal de 30W, potencia continua de 60W, diafragma de titanio, dise\u00f1o phase plug patentado, rango de frecuencia: 1.8 - 20 kHz, crossover recomendado: 1.8 kHz, bobinado de aluminio, im\u00e1n de ferrita, peso: 1 kg.\" \/>\n<meta property=\"og:url\" content=\"https:\/\/www.mexicanguitarplayers.com\/en\/tienda\/sin categor\u00eda\/driver-eighteen-sound-mod-hd1030\/\" \/>\n<meta property=\"og:site_name\" content=\"Mexican Guitar Players\" \/>\n<meta property=\"article:modified_time\" content=\"2026-01-14T10:23:59+00:00\" \/>\n<meta name=\"twitter:card\" content=\"summary_large_image\" \/>\n<meta name=\"twitter:label1\" content=\"Est. reading time\" \/>\n\t<meta name=\"twitter:data1\" content=\"2 minutes\" \/>\n<script type=\"application\/ld+json\" class=\"yoast-schema-graph\">{\"@context\":\"https:\\\/\\\/schema.org\",\"@graph\":[{\"@type\":[\"WebPage\",\"ItemPage\"],\"@id\":\"https:\\\/\\\/www.mexicanguitarplayers.com\\\/tienda\\\/sin categor\u00eda\\\/driver-eighteen-sound-mod-hd1030\\\/\",\"url\":\"https:\\\/\\\/www.mexicanguitarplayers.com\\\/tienda\\\/sin categor\u00eda\\\/driver-eighteen-sound-mod-hd1030\\\/\",\"name\":\"DRIVER EIGHTEEN SOUND MOD HD1030 - Mexican Guitar Players\",\"isPartOf\":{\"@id\":\"https:\\\/\\\/www.mexicanguitarplayers.com\\\/#website\"},\"primaryImageOfPage\":{\"@id\":\"https:\\\/\\\/www.mexicanguitarplayers.com\\\/tienda\\\/sin categor\u00eda\\\/driver-eighteen-sound-mod-hd1030\\\/#primaryimage\"},\"image\":{\"@id\":\"https:\\\/\\\/www.mexicanguitarplayers.com\\\/tienda\\\/sin categor\u00eda\\\/driver-eighteen-sound-mod-hd1030\\\/#primaryimage\"},\"thumbnailUrl\":\"https:\\\/\\\/www.mexicanguitarplayers.com\\\/wp-content\\\/uploads\\\/2025\\\/04\\\/IAEIGHD1030.jpg\",\"datePublished\":\"2025-04-09T03:44:00+00:00\",\"dateModified\":\"2026-01-14T10:23:59+00:00\",\"description\":\"Driver HF, garganta de salida de 1\u201d pulgada, impedancia: 8 ohms, SPL: 106 dB, bobina m\u00f3vil: 34.4 mm (1.35\u201d pulgadas), potencia nominal de 30W, potencia continua de 60W, diafragma de titanio, dise\u00f1o phase plug patentado, rango de frecuencia: 1.8 - 20 kHz, crossover recomendado: 1.8 kHz, bobinado de aluminio, im\u00e1n de ferrita, peso: 1 kg.\",\"breadcrumb\":{\"@id\":\"https:\\\/\\\/www.mexicanguitarplayers.com\\\/tienda\\\/sin categor\u00eda\\\/driver-eighteen-sound-mod-hd1030\\\/#breadcrumb\"},\"inLanguage\":\"en-US\",\"potentialAction\":[{\"@type\":\"ReadAction\",\"target\":[\"https:\\\/\\\/www.mexicanguitarplayers.com\\\/tienda\\\/sin categor\u00eda\\\/driver-eighteen-sound-mod-hd1030\\\/\"]}]},{\"@type\":\"ImageObject\",\"inLanguage\":\"en-US\",\"@id\":\"https:\\\/\\\/www.mexicanguitarplayers.com\\\/tienda\\\/sin categor\u00eda\\\/driver-eighteen-sound-mod-hd1030\\\/#primaryimage\",\"url\":\"https:\\\/\\\/www.mexicanguitarplayers.com\\\/wp-content\\\/uploads\\\/2025\\\/04\\\/IAEIGHD1030.jpg\",\"contentUrl\":\"https:\\\/\\\/www.mexicanguitarplayers.com\\\/wp-content\\\/uploads\\\/2025\\\/04\\\/IAEIGHD1030.jpg\",\"width\":1200,\"height\":1200},{\"@type\":\"BreadcrumbList\",\"@id\":\"https:\\\/\\\/www.mexicanguitarplayers.com\\\/tienda\\\/sin categor\u00eda\\\/driver-eighteen-sound-mod-hd1030\\\/#breadcrumb\",\"itemListElement\":[{\"@type\":\"ListItem\",\"position\":1,\"name\":\"Portada\",\"item\":\"https:\\\/\\\/www.mexicanguitarplayers.com\\\/\"},{\"@type\":\"ListItem\",\"position\":2,\"name\":\"Tienda\",\"item\":\"https:\\\/\\\/www.mexicanguitarplayers.com\\\/tienda\\\/\"},{\"@type\":\"ListItem\",\"position\":3,\"name\":\"DRIVER EIGHTEEN SOUND MOD HD1030\"}]},{\"@type\":\"WebSite\",\"@id\":\"https:\\\/\\\/www.mexicanguitarplayers.com\\\/#website\",\"url\":\"https:\\\/\\\/www.mexicanguitarplayers.com\\\/\",\"name\":\"Mexican Guitar Players\",\"description\":\"Website\",\"publisher\":{\"@id\":\"https:\\\/\\\/www.mexicanguitarplayers.com\\\/#organization\"},\"potentialAction\":[{\"@type\":\"SearchAction\",\"target\":{\"@type\":\"EntryPoint\",\"urlTemplate\":\"https:\\\/\\\/www.mexicanguitarplayers.com\\\/?s={search_term_string}\"},\"query-input\":{\"@type\":\"PropertyValueSpecification\",\"valueRequired\":true,\"valueName\":\"search_term_string\"}}],\"inLanguage\":\"en-US\"},{\"@type\":\"Organization\",\"@id\":\"https:\\\/\\\/www.mexicanguitarplayers.com\\\/#organization\",\"name\":\"Mexican Guitar Players\",\"url\":\"https:\\\/\\\/www.mexicanguitarplayers.com\\\/\",\"logo\":{\"@type\":\"ImageObject\",\"inLanguage\":\"en-US\",\"@id\":\"https:\\\/\\\/www.mexicanguitarplayers.com\\\/#\\\/schema\\\/logo\\\/image\\\/\",\"url\":\"\",\"contentUrl\":\"\",\"caption\":\"Mexican Guitar Players\"},\"image\":{\"@id\":\"https:\\\/\\\/www.mexicanguitarplayers.com\\\/#\\\/schema\\\/logo\\\/image\\\/\"}}]}<\/script>\n<!-- \/ Yoast SEO plugin. -->","yoast_head_json":{"title":"DRIVER EIGHTEEN SOUND MOD HD1030 - Mexican Guitar Players","description":"Driver HF, garganta de salida de 1\u201d pulgada, impedancia: 8 ohms, SPL: 106 dB, bobina m\u00f3vil: 34.4 mm (1.35\u201d pulgadas), potencia nominal de 30W, potencia continua de 60W, diafragma de titanio, dise\u00f1o phase plug patentado, rango de frecuencia: 1.8 - 20 kHz, crossover recomendado: 1.8 kHz, bobinado de aluminio, im\u00e1n de ferrita, peso: 1 kg.","robots":{"index":"index","follow":"follow","max-snippet":"max-snippet:-1","max-image-preview":"max-image-preview:large","max-video-preview":"max-video-preview:-1"},"canonical":"https:\/\/www.mexicanguitarplayers.com\/en\/tienda\/sin categor\u00eda\/driver-eighteen-sound-mod-hd1030\/","og_locale":"en_US","og_type":"article","og_title":"DRIVER EIGHTEEN SOUND MOD HD1030 - Mexican Guitar Players","og_description":"Driver HF, garganta de salida de 1\u201d pulgada, impedancia: 8 ohms, SPL: 106 dB, bobina m\u00f3vil: 34.4 mm (1.35\u201d pulgadas), potencia nominal de 30W, potencia continua de 60W, diafragma de titanio, dise\u00f1o phase plug patentado, rango de frecuencia: 1.8 - 20 kHz, crossover recomendado: 1.8 kHz, bobinado de aluminio, im\u00e1n de ferrita, peso: 1 kg.","og_url":"https:\/\/www.mexicanguitarplayers.com\/en\/tienda\/sin categor\u00eda\/driver-eighteen-sound-mod-hd1030\/","og_site_name":"Mexican Guitar Players","article_modified_time":"2026-01-14T10:23:59+00:00","twitter_card":"summary_large_image","twitter_misc":{"Est. reading time":"2 minutes"},"schema":{"@context":"https:\/\/schema.org","@graph":[{"@type":["WebPage","ItemPage"],"@id":"https:\/\/www.mexicanguitarplayers.com\/tienda\/sin categor\u00eda\/driver-eighteen-sound-mod-hd1030\/","url":"https:\/\/www.mexicanguitarplayers.com\/tienda\/sin categor\u00eda\/driver-eighteen-sound-mod-hd1030\/","name":"DRIVER EIGHTEEN SOUND MOD HD1030 - Mexican Guitar Players","isPartOf":{"@id":"https:\/\/www.mexicanguitarplayers.com\/#website"},"primaryImageOfPage":{"@id":"https:\/\/www.mexicanguitarplayers.com\/tienda\/sin categor\u00eda\/driver-eighteen-sound-mod-hd1030\/#primaryimage"},"image":{"@id":"https:\/\/www.mexicanguitarplayers.com\/tienda\/sin categor\u00eda\/driver-eighteen-sound-mod-hd1030\/#primaryimage"},"thumbnailUrl":"https:\/\/www.mexicanguitarplayers.com\/wp-content\/uploads\/2025\/04\/IAEIGHD1030.jpg","datePublished":"2025-04-09T03:44:00+00:00","dateModified":"2026-01-14T10:23:59+00:00","description":"Driver HF, garganta de salida de 1\u201d pulgada, impedancia: 8 ohms, SPL: 106 dB, bobina m\u00f3vil: 34.4 mm (1.35\u201d pulgadas), potencia nominal de 30W, potencia continua de 60W, diafragma de titanio, dise\u00f1o phase plug patentado, rango de frecuencia: 1.8 - 20 kHz, crossover recomendado: 1.8 kHz, bobinado de aluminio, im\u00e1n de ferrita, peso: 1 kg.","breadcrumb":{"@id":"https:\/\/www.mexicanguitarplayers.com\/tienda\/sin categor\u00eda\/driver-eighteen-sound-mod-hd1030\/#breadcrumb"},"inLanguage":"en-US","potentialAction":[{"@type":"ReadAction","target":["https:\/\/www.mexicanguitarplayers.com\/tienda\/sin categor\u00eda\/driver-eighteen-sound-mod-hd1030\/"]}]},{"@type":"ImageObject","inLanguage":"en-US","@id":"https:\/\/www.mexicanguitarplayers.com\/tienda\/sin categor\u00eda\/driver-eighteen-sound-mod-hd1030\/#primaryimage","url":"https:\/\/www.mexicanguitarplayers.com\/wp-content\/uploads\/2025\/04\/IAEIGHD1030.jpg","contentUrl":"https:\/\/www.mexicanguitarplayers.com\/wp-content\/uploads\/2025\/04\/IAEIGHD1030.jpg","width":1200,"height":1200},{"@type":"BreadcrumbList","@id":"https:\/\/www.mexicanguitarplayers.com\/tienda\/sin categor\u00eda\/driver-eighteen-sound-mod-hd1030\/#breadcrumb","itemListElement":[{"@type":"ListItem","position":1,"name":"Portada","item":"https:\/\/www.mexicanguitarplayers.com\/"},{"@type":"ListItem","position":2,"name":"Tienda","item":"https:\/\/www.mexicanguitarplayers.com\/tienda\/"},{"@type":"ListItem","position":3,"name":"DRIVER EIGHTEEN SOUND MOD HD1030"}]},{"@type":"WebSite","@id":"https:\/\/www.mexicanguitarplayers.com\/#website","url":"https:\/\/www.mexicanguitarplayers.com\/","name":"Mexican Guitar Players","description":"Website","publisher":{"@id":"https:\/\/www.mexicanguitarplayers.com\/#organization"},"potentialAction":[{"@type":"SearchAction","target":{"@type":"EntryPoint","urlTemplate":"https:\/\/www.mexicanguitarplayers.com\/?s={search_term_string}"},"query-input":{"@type":"PropertyValueSpecification","valueRequired":true,"valueName":"search_term_string"}}],"inLanguage":"en-US"},{"@type":"Organization","@id":"https:\/\/www.mexicanguitarplayers.com\/#organization","name":"Mexican Guitar Players","url":"https:\/\/www.mexicanguitarplayers.com\/","logo":{"@type":"ImageObject","inLanguage":"en-US","@id":"https:\/\/www.mexicanguitarplayers.com\/#\/schema\/logo\/image\/","url":"","contentUrl":"","caption":"Mexican Guitar Players"},"image":{"@id":"https:\/\/www.mexicanguitarplayers.com\/#\/schema\/logo\/image\/"}}]}},"brands":[{"id":533,"name":"EIGHTEEN SOUND","slug":"eighteen-sound"}],"_links":{"self":[{"href":"https:\/\/www.mexicanguitarplayers.com\/en\/wp-json\/wp\/v2\/product\/34334","targetHints":{"allow":["GET"]}}],"collection":[{"href":"https:\/\/www.mexicanguitarplayers.com\/en\/wp-json\/wp\/v2\/product"}],"about":[{"href":"https:\/\/www.mexicanguitarplayers.com\/en\/wp-json\/wp\/v2\/types\/product"}],"replies":[{"embeddable":true,"href":"https:\/\/www.mexicanguitarplayers.com\/en\/wp-json\/wp\/v2\/comments?post=34334"}],"wp:featuredmedia":[{"embeddable":true,"href":"https:\/\/www.mexicanguitarplayers.com\/en\/wp-json\/wp\/v2\/media\/34332"}],"wp:attachment":[{"href":"https:\/\/www.mexicanguitarplayers.com\/en\/wp-json\/wp\/v2\/media?parent=34334"}],"wp:term":[{"taxonomy":"pwb-brand","embeddable":true,"href":"https:\/\/www.mexicanguitarplayers.com\/en\/wp-json\/wp\/v2\/pwb-brand?post=34334"},{"taxonomy":"product_brand","embeddable":true,"href":"https:\/\/www.mexicanguitarplayers.com\/en\/wp-json\/wp\/v2\/product_brand?post=34334"},{"taxonomy":"product_cat","embeddable":true,"href":"https:\/\/www.mexicanguitarplayers.com\/en\/wp-json\/wp\/v2\/product_cat?post=34334"},{"taxonomy":"product_tag","embeddable":true,"href":"https:\/\/www.mexicanguitarplayers.com\/en\/wp-json\/wp\/v2\/product_tag?post=34334"}],"curies":[{"name":"wp","href":"https:\/\/api.w.org\/{rel}","templated":true}]}}