{"id":34370,"date":"2025-04-08T21:44:48","date_gmt":"2025-04-09T03:44:48","guid":{"rendered":"https:\/\/www.mexicanguitarplayers.com\/tienda\/sin categor\u00eda\/microfono-behringer-diadema-mod-bo440\/"},"modified":"2026-05-01T07:22:09","modified_gmt":"2026-05-01T13:22:09","slug":"microfono-behringer-diadema-mod-bo440","status":"publish","type":"product","link":"https:\/\/www.mexicanguitarplayers.com\/en\/tienda\/audio\/microfonia\/microfonos-alambricos\/de-escritorio\/microfono-behringer-diadema-mod-bo440\/","title":{"rendered":"MICROFONO BEHRINGER DIADEMA MOD. BO440"},"content":{"rendered":"<div style=\"text-align: justify\">\n<div>\n<h3>Micr\u00f3fono profesional de diadema.<\/h3>\n<\/div>\n<div>Ya sea que est\u00e9s transmitiendo, presentando, dando una conferencia o actuando, el micr\u00f3fono de diadema BO440 satisface tu necesidad de un micr\u00f3fono manos libres muy capaz. EL BO440 funciona con transmisores de bolsillo que admiten conexiones mini XLR3 con alimentaci\u00f3n phantom para brindar interpretaciones vocales de alta calidad a un precio accesible y dentro del presupuesto de todos. El dise\u00f1o de marco ultra delgado de BO440 lo hace casi invisible para la audiencia, mientras que la c\u00e1psula omnidireccional captura la plenitud vocal. El marco ajustable se adapta a todas las cabezas y el micr\u00f3fono de brazo extensible se adapta a todas las caras para transmisiones claras. Los ganchos para la oreja s\u00faper c\u00f3modos y aislados brindan una gran comodidad para un d\u00eda completo de uso, y el brazo del micr\u00f3fono se puede desbloquear del marco y cambiar para usarlo con la mano derecha o la izquierda. El discreto parabrisas resulta \u00fatil para actuaciones al aire libre. Los ganchos para las orejas y un pr\u00e1ctico clip para camisa aseguran el cable del micr\u00f3fono en su lugar para brindarle libertad de movimiento para actuaciones en\u00e9rgicas en cualquier ocasi\u00f3n. BO440 ofrece flexibilidad y un gran sonido en un pr\u00e1ctico paquete de manos libres.<\/div>\n<div>\n<h4>Quick look<\/h4>\n<\/div>\n<ul style=\"margin: 0px 0px 0px 25px\">\n<li style=\"list-style-type: circle;margin: 5px\">Tipo de c\u00e1psula.<\/li>\n<li style=\"list-style-type: circle;margin: 5px\">Polar pattern.<\/li>\n<li style=\"list-style-type: circle;margin: 5px\">Frequency response.<\/li>\n<li style=\"list-style-type: circle;margin: 5px\">Sensitivity.<\/li>\n<li style=\"list-style-type: circle;margin: 5px\">Impedance.<\/li>\n<li style=\"list-style-type: circle;margin: 5px\">Tensi\u00f3n m\u00e1xima de funcionamiento.&gt;<\/li>\n<li style=\"list-style-type: circle;margin: 5px\">Voltaje de funcionamiento est\u00e1ndar.<\/li>\n<li style=\"list-style-type: circle;margin: 5px\">Energy consumption.<\/li>\n<li style=\"list-style-type: circle;margin: 5px\">Longitud del cable.<\/li>\n<li style=\"list-style-type: circle;margin: 5px\">Connector<\/li>\n<li style=\"list-style-type: circle;margin: 5px\">Weight.<\/li>\n<\/ul>\n<div>\n<div style=\"font-weight: bold\">Tipo de c\u00e1psula.<\/div>\n<div>\n<p>Condensador.<\/p>\n<\/div>\n<div style=\"font-weight: bold\">Polar pattern.<\/div>\n<div>\n<p>Omnidireccional.<\/p>\n<\/div>\n<div style=\"font-weight: bold\">Frequency response.<\/div>\n<div>\n<p>20 Hz a 18 kHz.<\/p>\n<\/div>\n<div style=\"font-weight: bold\">Sensitivity.<\/div>\n<div>\n<p>-50 dB (0 dB = 1\/u Pa @ 1 KHz).<\/p>\n<\/div>\n<div style=\"font-weight: bold\">Impedance.<\/div>\n<div>\n<p>1.2 kilo-ohms.<\/p>\n<\/div>\n<div style=\"font-weight: bold\">Tensi\u00f3n m\u00e1xima de funcionamiento.&gt;<\/div>\n<div>\n<p>9 V DC.<\/p>\n<\/div>\n<div style=\"font-weight: bold\">Voltaje de funcionamiento est\u00e1ndar.<\/div>\n<div>\n<p>3 V DC (RL: 2.2 kilo-ohms).<\/p>\n<\/div>\n<div style=\"font-weight: bold\">Energy consumption.<\/div>\n<div>\n<p>0.5 mA.<\/p>\n<\/div>\n<div style=\"font-weight: bold\">Longitud del cable.<\/div>\n<div>\n<p>1.2 metros.<\/p>\n<\/div>\n<div style=\"font-weight: bold\">Connector<\/div>\n<div>\n<p>Mini 3-pin XLR.<\/p>\n<\/div>\n<div style=\"font-weight: bold\">Weight.<\/div>\n<div>\n<p>19.5 g.<\/p>\n<\/div>\n<\/div>\n<\/div>","protected":false},"excerpt":{"rendered":"<p>Micr\u00f3fono de condensador profesional de diadema para una reproducci\u00f3n de voz natural y precisa, ideal como micr\u00f3fono principal y de apoyo para grabaciones de estudio, presentaciones en vivo, lugares de culto, fitness y teatros, excelente opci\u00f3n para locutores, presentadores, conferencistas, cantantes, m\u00fasicos, actores e int\u00e9rpretes que requieren micr\u00f3fonos manos libres, respuesta de frecuencia optimizada especialmente para transmisores de bolsillo, patr\u00f3n polar omnidireccional para una calidad sonora c\u00e1lida y equilibrada con bajo efecto de proximidad, construcci\u00f3n met\u00e1lica robusta, confiable, de bajo perfil y liviana para actuaciones con micr\u00f3fono oculto, conector de salida mini XLR de 3 pines chapado en oro para una m\u00e1xima integridad de la se\u00f1al, ganchos integrados para las orejas para un ajuste c\u00f3modo y casi invisible, longitud del boom ajustable para un posicionamiento flexible, cable integrado de 1.2 metros con conector mini XLR, paravientos discreto y clip para cable incluidos.&hellip; <a class=\"kt-excerpt-readmore more-link\" href=\"https:\/\/www.mexicanguitarplayers.com\/en\/tienda\/audio\/microfonia\/microfonos-alambricos\/de-escritorio\/microfono-behringer-diadema-mod-bo440\/\">Read more<\/a><\/p>","protected":false},"featured_media":34367,"comment_status":"open","ping_status":"closed","template":"","meta":{"kt_blocks_editor_width":""},"pwb-brand":[171],"product_brand":[],"product_cat":[213,217,214,215],"product_tag":[],"class_list":{"0":"post-34370","1":"product","2":"type-product","3":"status-publish","4":"has-post-thumbnail","6":"pwb-brand-behringer","7":"product_cat-audio","8":"product_cat-de-escritorio","9":"product_cat-microfonia","10":"product_cat-microfonos-alambricos","11":"product_shipping_class-0-5-kg","13":"first","14":"instock","15":"taxable","16":"shipping-taxable","17":"purchasable","18":"product-type-simple"},"yoast_head":"<!-- This site is optimized with the Yoast SEO plugin v27.6 - https:\/\/yoast.com\/product\/yoast-seo-wordpress\/ -->\n<title>MICROFONO BEHRINGER DIADEMA MOD. BO440 - Mexican Guitar Players<\/title>\n<meta name=\"description\" content=\"Micr\u00f3fono de condensador profesional de diadema para una reproducci\u00f3n de voz natural y precisa, ideal como micr\u00f3fono principal y de apoyo para grabaciones de estudio, presentaciones en vivo, lugares de culto, fitness y teatros, excelente opci\u00f3n para locutores, presentadores, conferencistas, cantantes, m\u00fasicos, actores e int\u00e9rpretes que requieren micr\u00f3fonos manos libres, respuesta de frecuencia optimizada especialmente para transmisores de bolsillo, patr\u00f3n polar omnidireccional para una calidad sonora c\u00e1lida y equilibrada con bajo efecto de proximidad, construcci\u00f3n met\u00e1lica robusta, confiable, de bajo perfil y liviana para actuaciones con micr\u00f3fono oculto, conector de salida mini XLR de 3 pines chapado en oro para una m\u00e1xima integridad de la se\u00f1al, ganchos integrados para las orejas para un ajuste c\u00f3modo y casi invisible, longitud del boom ajustable para un posicionamiento flexible, cable integrado de 1.2 metros con conector mini XLR, paravientos discreto y clip para cable incluidos.\" \/>\n<meta name=\"robots\" content=\"index, follow, max-snippet:-1, max-image-preview:large, max-video-preview:-1\" \/>\n<link rel=\"canonical\" href=\"https:\/\/www.mexicanguitarplayers.com\/en\/tienda\/sin%20categor\u00eda\/microfono-behringer-diadema-mod-bo440\/\" \/>\n<meta property=\"og:locale\" content=\"en_US\" \/>\n<meta property=\"og:type\" content=\"article\" \/>\n<meta property=\"og:title\" content=\"MICROFONO BEHRINGER DIADEMA MOD. BO440 - Mexican Guitar Players\" \/>\n<meta property=\"og:description\" content=\"Micr\u00f3fono de condensador profesional de diadema para una reproducci\u00f3n de voz natural y precisa, ideal como micr\u00f3fono principal y de apoyo para grabaciones de estudio, presentaciones en vivo, lugares de culto, fitness y teatros, excelente opci\u00f3n para locutores, presentadores, conferencistas, cantantes, m\u00fasicos, actores e int\u00e9rpretes que requieren micr\u00f3fonos manos libres, respuesta de frecuencia optimizada especialmente para transmisores de bolsillo, patr\u00f3n polar omnidireccional para una calidad sonora c\u00e1lida y equilibrada con bajo efecto de proximidad, construcci\u00f3n met\u00e1lica robusta, confiable, de bajo perfil y liviana para actuaciones con micr\u00f3fono oculto, conector de salida mini XLR de 3 pines chapado en oro para una m\u00e1xima integridad de la se\u00f1al, ganchos integrados para las orejas para un ajuste c\u00f3modo y casi invisible, longitud del boom ajustable para un posicionamiento flexible, cable integrado de 1.2 metros con conector mini XLR, paravientos discreto y clip para cable incluidos.\" \/>\n<meta property=\"og:url\" content=\"https:\/\/www.mexicanguitarplayers.com\/en\/tienda\/sin categor\u00eda\/microfono-behringer-diadema-mod-bo440\/\" \/>\n<meta property=\"og:site_name\" content=\"Mexican Guitar Players\" \/>\n<meta property=\"article:modified_time\" content=\"2026-05-01T13:22:09+00:00\" \/>\n<meta name=\"twitter:card\" content=\"summary_large_image\" \/>\n<meta name=\"twitter:label1\" content=\"Est. reading time\" \/>\n\t<meta name=\"twitter:data1\" content=\"2 minutes\" \/>\n<script type=\"application\/ld+json\" class=\"yoast-schema-graph\">{\"@context\":\"https:\\\/\\\/schema.org\",\"@graph\":[{\"@type\":[\"WebPage\",\"ItemPage\"],\"@id\":\"https:\\\/\\\/www.mexicanguitarplayers.com\\\/tienda\\\/sin categor\u00eda\\\/microfono-behringer-diadema-mod-bo440\\\/\",\"url\":\"https:\\\/\\\/www.mexicanguitarplayers.com\\\/tienda\\\/sin categor\u00eda\\\/microfono-behringer-diadema-mod-bo440\\\/\",\"name\":\"MICROFONO BEHRINGER DIADEMA MOD. BO440 - Mexican Guitar Players\",\"isPartOf\":{\"@id\":\"https:\\\/\\\/www.mexicanguitarplayers.com\\\/#website\"},\"primaryImageOfPage\":{\"@id\":\"https:\\\/\\\/www.mexicanguitarplayers.com\\\/tienda\\\/sin categor\u00eda\\\/microfono-behringer-diadema-mod-bo440\\\/#primaryimage\"},\"image\":{\"@id\":\"https:\\\/\\\/www.mexicanguitarplayers.com\\\/tienda\\\/sin categor\u00eda\\\/microfono-behringer-diadema-mod-bo440\\\/#primaryimage\"},\"thumbnailUrl\":\"https:\\\/\\\/www.mexicanguitarplayers.com\\\/wp-content\\\/uploads\\\/2025\\\/04\\\/IABEHBO440.jpg\",\"datePublished\":\"2025-04-09T03:44:48+00:00\",\"dateModified\":\"2026-05-01T13:22:09+00:00\",\"description\":\"Micr\u00f3fono de condensador profesional de diadema para una reproducci\u00f3n de voz natural y precisa, ideal como micr\u00f3fono principal y de apoyo para grabaciones de estudio, presentaciones en vivo, lugares de culto, fitness y teatros, excelente opci\u00f3n para locutores, presentadores, conferencistas, cantantes, m\u00fasicos, actores e int\u00e9rpretes que requieren micr\u00f3fonos manos libres, respuesta de frecuencia optimizada especialmente para transmisores de bolsillo, patr\u00f3n polar omnidireccional para una calidad sonora c\u00e1lida y equilibrada con bajo efecto de proximidad, construcci\u00f3n met\u00e1lica robusta, confiable, de bajo perfil y liviana para actuaciones con micr\u00f3fono oculto, conector de salida mini XLR de 3 pines chapado en oro para una m\u00e1xima integridad de la se\u00f1al, ganchos integrados para las orejas para un ajuste c\u00f3modo y casi invisible, longitud del boom ajustable para un posicionamiento flexible, cable integrado de 1.2 metros con conector mini XLR, paravientos discreto y clip para cable incluidos.\",\"breadcrumb\":{\"@id\":\"https:\\\/\\\/www.mexicanguitarplayers.com\\\/tienda\\\/sin categor\u00eda\\\/microfono-behringer-diadema-mod-bo440\\\/#breadcrumb\"},\"inLanguage\":\"en-US\",\"potentialAction\":[{\"@type\":\"ReadAction\",\"target\":[\"https:\\\/\\\/www.mexicanguitarplayers.com\\\/tienda\\\/sin categor\u00eda\\\/microfono-behringer-diadema-mod-bo440\\\/\"]}]},{\"@type\":\"ImageObject\",\"inLanguage\":\"en-US\",\"@id\":\"https:\\\/\\\/www.mexicanguitarplayers.com\\\/tienda\\\/sin categor\u00eda\\\/microfono-behringer-diadema-mod-bo440\\\/#primaryimage\",\"url\":\"https:\\\/\\\/www.mexicanguitarplayers.com\\\/wp-content\\\/uploads\\\/2025\\\/04\\\/IABEHBO440.jpg\",\"contentUrl\":\"https:\\\/\\\/www.mexicanguitarplayers.com\\\/wp-content\\\/uploads\\\/2025\\\/04\\\/IABEHBO440.jpg\",\"width\":1200,\"height\":1200},{\"@type\":\"BreadcrumbList\",\"@id\":\"https:\\\/\\\/www.mexicanguitarplayers.com\\\/tienda\\\/sin categor\u00eda\\\/microfono-behringer-diadema-mod-bo440\\\/#breadcrumb\",\"itemListElement\":[{\"@type\":\"ListItem\",\"position\":1,\"name\":\"Portada\",\"item\":\"https:\\\/\\\/www.mexicanguitarplayers.com\\\/\"},{\"@type\":\"ListItem\",\"position\":2,\"name\":\"Tienda\",\"item\":\"https:\\\/\\\/www.mexicanguitarplayers.com\\\/tienda\\\/\"},{\"@type\":\"ListItem\",\"position\":3,\"name\":\"MICROFONO BEHRINGER DIADEMA MOD. BO440\"}]},{\"@type\":\"WebSite\",\"@id\":\"https:\\\/\\\/www.mexicanguitarplayers.com\\\/#website\",\"url\":\"https:\\\/\\\/www.mexicanguitarplayers.com\\\/\",\"name\":\"Mexican Guitar Players\",\"description\":\"Website\",\"publisher\":{\"@id\":\"https:\\\/\\\/www.mexicanguitarplayers.com\\\/#organization\"},\"potentialAction\":[{\"@type\":\"SearchAction\",\"target\":{\"@type\":\"EntryPoint\",\"urlTemplate\":\"https:\\\/\\\/www.mexicanguitarplayers.com\\\/?s={search_term_string}\"},\"query-input\":{\"@type\":\"PropertyValueSpecification\",\"valueRequired\":true,\"valueName\":\"search_term_string\"}}],\"inLanguage\":\"en-US\"},{\"@type\":\"Organization\",\"@id\":\"https:\\\/\\\/www.mexicanguitarplayers.com\\\/#organization\",\"name\":\"Mexican Guitar Players\",\"url\":\"https:\\\/\\\/www.mexicanguitarplayers.com\\\/\",\"logo\":{\"@type\":\"ImageObject\",\"inLanguage\":\"en-US\",\"@id\":\"https:\\\/\\\/www.mexicanguitarplayers.com\\\/#\\\/schema\\\/logo\\\/image\\\/\",\"url\":\"\",\"contentUrl\":\"\",\"caption\":\"Mexican Guitar Players\"},\"image\":{\"@id\":\"https:\\\/\\\/www.mexicanguitarplayers.com\\\/#\\\/schema\\\/logo\\\/image\\\/\"}}]}<\/script>\n<!-- \/ Yoast SEO plugin. -->","yoast_head_json":{"title":"MICROFONO BEHRINGER DIADEMA MOD. BO440 - Mexican Guitar Players","description":"Micr\u00f3fono de condensador profesional de diadema para una reproducci\u00f3n de voz natural y precisa, ideal como micr\u00f3fono principal y de apoyo para grabaciones de estudio, presentaciones en vivo, lugares de culto, fitness y teatros, excelente opci\u00f3n para locutores, presentadores, conferencistas, cantantes, m\u00fasicos, actores e int\u00e9rpretes que requieren micr\u00f3fonos manos libres, respuesta de frecuencia optimizada especialmente para transmisores de bolsillo, patr\u00f3n polar omnidireccional para una calidad sonora c\u00e1lida y equilibrada con bajo efecto de proximidad, construcci\u00f3n met\u00e1lica robusta, confiable, de bajo perfil y liviana para actuaciones con micr\u00f3fono oculto, conector de salida mini XLR de 3 pines chapado en oro para una m\u00e1xima integridad de la se\u00f1al, ganchos integrados para las orejas para un ajuste c\u00f3modo y casi invisible, longitud del boom ajustable para un posicionamiento flexible, cable integrado de 1.2 metros con conector mini XLR, paravientos discreto y clip para cable incluidos.","robots":{"index":"index","follow":"follow","max-snippet":"max-snippet:-1","max-image-preview":"max-image-preview:large","max-video-preview":"max-video-preview:-1"},"canonical":"https:\/\/www.mexicanguitarplayers.com\/en\/tienda\/sin categor\u00eda\/microfono-behringer-diadema-mod-bo440\/","og_locale":"en_US","og_type":"article","og_title":"MICROFONO BEHRINGER DIADEMA MOD. BO440 - Mexican Guitar Players","og_description":"Micr\u00f3fono de condensador profesional de diadema para una reproducci\u00f3n de voz natural y precisa, ideal como micr\u00f3fono principal y de apoyo para grabaciones de estudio, presentaciones en vivo, lugares de culto, fitness y teatros, excelente opci\u00f3n para locutores, presentadores, conferencistas, cantantes, m\u00fasicos, actores e int\u00e9rpretes que requieren micr\u00f3fonos manos libres, respuesta de frecuencia optimizada especialmente para transmisores de bolsillo, patr\u00f3n polar omnidireccional para una calidad sonora c\u00e1lida y equilibrada con bajo efecto de proximidad, construcci\u00f3n met\u00e1lica robusta, confiable, de bajo perfil y liviana para actuaciones con micr\u00f3fono oculto, conector de salida mini XLR de 3 pines chapado en oro para una m\u00e1xima integridad de la se\u00f1al, ganchos integrados para las orejas para un ajuste c\u00f3modo y casi invisible, longitud del boom ajustable para un posicionamiento flexible, cable integrado de 1.2 metros con conector mini XLR, paravientos discreto y clip para cable incluidos.","og_url":"https:\/\/www.mexicanguitarplayers.com\/en\/tienda\/sin categor\u00eda\/microfono-behringer-diadema-mod-bo440\/","og_site_name":"Mexican Guitar Players","article_modified_time":"2026-05-01T13:22:09+00:00","twitter_card":"summary_large_image","twitter_misc":{"Est. reading time":"2 minutes"},"schema":{"@context":"https:\/\/schema.org","@graph":[{"@type":["WebPage","ItemPage"],"@id":"https:\/\/www.mexicanguitarplayers.com\/tienda\/sin categor\u00eda\/microfono-behringer-diadema-mod-bo440\/","url":"https:\/\/www.mexicanguitarplayers.com\/tienda\/sin categor\u00eda\/microfono-behringer-diadema-mod-bo440\/","name":"MICROFONO BEHRINGER DIADEMA MOD. BO440 - Mexican Guitar Players","isPartOf":{"@id":"https:\/\/www.mexicanguitarplayers.com\/#website"},"primaryImageOfPage":{"@id":"https:\/\/www.mexicanguitarplayers.com\/tienda\/sin categor\u00eda\/microfono-behringer-diadema-mod-bo440\/#primaryimage"},"image":{"@id":"https:\/\/www.mexicanguitarplayers.com\/tienda\/sin categor\u00eda\/microfono-behringer-diadema-mod-bo440\/#primaryimage"},"thumbnailUrl":"https:\/\/www.mexicanguitarplayers.com\/wp-content\/uploads\/2025\/04\/IABEHBO440.jpg","datePublished":"2025-04-09T03:44:48+00:00","dateModified":"2026-05-01T13:22:09+00:00","description":"Micr\u00f3fono de condensador profesional de diadema para una reproducci\u00f3n de voz natural y precisa, ideal como micr\u00f3fono principal y de apoyo para grabaciones de estudio, presentaciones en vivo, lugares de culto, fitness y teatros, excelente opci\u00f3n para locutores, presentadores, conferencistas, cantantes, m\u00fasicos, actores e int\u00e9rpretes que requieren micr\u00f3fonos manos libres, respuesta de frecuencia optimizada especialmente para transmisores de bolsillo, patr\u00f3n polar omnidireccional para una calidad sonora c\u00e1lida y equilibrada con bajo efecto de proximidad, construcci\u00f3n met\u00e1lica robusta, confiable, de bajo perfil y liviana para actuaciones con micr\u00f3fono oculto, conector de salida mini XLR de 3 pines chapado en oro para una m\u00e1xima integridad de la se\u00f1al, ganchos integrados para las orejas para un ajuste c\u00f3modo y casi invisible, longitud del boom ajustable para un posicionamiento flexible, cable integrado de 1.2 metros con conector mini XLR, paravientos discreto y clip para cable incluidos.","breadcrumb":{"@id":"https:\/\/www.mexicanguitarplayers.com\/tienda\/sin categor\u00eda\/microfono-behringer-diadema-mod-bo440\/#breadcrumb"},"inLanguage":"en-US","potentialAction":[{"@type":"ReadAction","target":["https:\/\/www.mexicanguitarplayers.com\/tienda\/sin categor\u00eda\/microfono-behringer-diadema-mod-bo440\/"]}]},{"@type":"ImageObject","inLanguage":"en-US","@id":"https:\/\/www.mexicanguitarplayers.com\/tienda\/sin categor\u00eda\/microfono-behringer-diadema-mod-bo440\/#primaryimage","url":"https:\/\/www.mexicanguitarplayers.com\/wp-content\/uploads\/2025\/04\/IABEHBO440.jpg","contentUrl":"https:\/\/www.mexicanguitarplayers.com\/wp-content\/uploads\/2025\/04\/IABEHBO440.jpg","width":1200,"height":1200},{"@type":"BreadcrumbList","@id":"https:\/\/www.mexicanguitarplayers.com\/tienda\/sin categor\u00eda\/microfono-behringer-diadema-mod-bo440\/#breadcrumb","itemListElement":[{"@type":"ListItem","position":1,"name":"Portada","item":"https:\/\/www.mexicanguitarplayers.com\/"},{"@type":"ListItem","position":2,"name":"Tienda","item":"https:\/\/www.mexicanguitarplayers.com\/tienda\/"},{"@type":"ListItem","position":3,"name":"MICROFONO BEHRINGER DIADEMA MOD. BO440"}]},{"@type":"WebSite","@id":"https:\/\/www.mexicanguitarplayers.com\/#website","url":"https:\/\/www.mexicanguitarplayers.com\/","name":"Mexican Guitar Players","description":"Website","publisher":{"@id":"https:\/\/www.mexicanguitarplayers.com\/#organization"},"potentialAction":[{"@type":"SearchAction","target":{"@type":"EntryPoint","urlTemplate":"https:\/\/www.mexicanguitarplayers.com\/?s={search_term_string}"},"query-input":{"@type":"PropertyValueSpecification","valueRequired":true,"valueName":"search_term_string"}}],"inLanguage":"en-US"},{"@type":"Organization","@id":"https:\/\/www.mexicanguitarplayers.com\/#organization","name":"Mexican Guitar Players","url":"https:\/\/www.mexicanguitarplayers.com\/","logo":{"@type":"ImageObject","inLanguage":"en-US","@id":"https:\/\/www.mexicanguitarplayers.com\/#\/schema\/logo\/image\/","url":"","contentUrl":"","caption":"Mexican Guitar Players"},"image":{"@id":"https:\/\/www.mexicanguitarplayers.com\/#\/schema\/logo\/image\/"}}]}},"brands":[{"id":171,"name":"BEHRINGER","slug":"behringer"}],"_links":{"self":[{"href":"https:\/\/www.mexicanguitarplayers.com\/en\/wp-json\/wp\/v2\/product\/34370","targetHints":{"allow":["GET"]}}],"collection":[{"href":"https:\/\/www.mexicanguitarplayers.com\/en\/wp-json\/wp\/v2\/product"}],"about":[{"href":"https:\/\/www.mexicanguitarplayers.com\/en\/wp-json\/wp\/v2\/types\/product"}],"replies":[{"embeddable":true,"href":"https:\/\/www.mexicanguitarplayers.com\/en\/wp-json\/wp\/v2\/comments?post=34370"}],"wp:featuredmedia":[{"embeddable":true,"href":"https:\/\/www.mexicanguitarplayers.com\/en\/wp-json\/wp\/v2\/media\/34367"}],"wp:attachment":[{"href":"https:\/\/www.mexicanguitarplayers.com\/en\/wp-json\/wp\/v2\/media?parent=34370"}],"wp:term":[{"taxonomy":"pwb-brand","embeddable":true,"href":"https:\/\/www.mexicanguitarplayers.com\/en\/wp-json\/wp\/v2\/pwb-brand?post=34370"},{"taxonomy":"product_brand","embeddable":true,"href":"https:\/\/www.mexicanguitarplayers.com\/en\/wp-json\/wp\/v2\/product_brand?post=34370"},{"taxonomy":"product_cat","embeddable":true,"href":"https:\/\/www.mexicanguitarplayers.com\/en\/wp-json\/wp\/v2\/product_cat?post=34370"},{"taxonomy":"product_tag","embeddable":true,"href":"https:\/\/www.mexicanguitarplayers.com\/en\/wp-json\/wp\/v2\/product_tag?post=34370"}],"curies":[{"name":"wp","href":"https:\/\/api.w.org\/{rel}","templated":true}]}}