{"id":34376,"date":"2025-04-08T21:44:57","date_gmt":"2025-04-09T03:44:57","guid":{"rendered":"https:\/\/www.mexicanguitarplayers.com\/tienda\/sin categor\u00eda\/sistema-behringer-podcastudio-2-usb\/"},"modified":"2026-05-01T07:22:08","modified_gmt":"2026-05-01T13:22:08","slug":"sistema-behringer-podcastudio-2-usb","status":"publish","type":"product","link":"https:\/\/www.mexicanguitarplayers.com\/en\/tienda\/audio\/mezcladoras\/mezcladora-para-broadcast\/sistema-behringer-podcastudio-2-usb\/","title":{"rendered":"SISTEMA BEHRINGER PODCASTUDIO 2 USB"},"content":{"rendered":"<div style=\"text-align: justify\">\n<div>\n<h3>Excelente rendimiento a un precio s\u00faper asequible.<\/h3>\n<\/div>\n<div>\u00bfBuscas la forma ideal para expresarte? \u00bfAlguna vez so\u00f1aste con convertirte en un famoso productor? Entonces el podcasting es la respuesta y el paquete USB PODCASTUDIO 2 tiene todo lo que necesitas para hacer podcast de alta calidad, producir tu propia m\u00fasica y grabaciones en casa, adem\u00e1s funciona perfectamente con tu computadora, ya sea PC o MAC. Incluso proporcionamos todo el software que necesitar\u00e1s, una mezcladora XENYX 302USB con interfaz USB\/Audio, un micr\u00f3fono XM8500, unos aud\u00edfonos HPM1000 y mucho m\u00e1s, estar\u00e1 en funcionamiento en cuesti\u00f3n de segundos, apenas lo saques de su caja. No importa cu\u00e1les sean tus necesidades de mezcla de audio, la mezcladora XENYX 302USB proporciona el rendimiento y las caracter\u00edsticas que pueden llevar tu talento al siguiente nivel. Con su calidad de sonido profesional, 5 entradas con nuestro legendario preamplificador de micr\u00f3fono XENYX, interfaz USB\/Audio incorporada, adem\u00e1s de una robusta fiabilidad, la mezcladora XENYX 302USB es ideal tanto para tus presentaciones en vivo como para tus sesiones de grabaci\u00f3n. El micr\u00f3fono din\u00e1mico XM8500 es el sue\u00f1o hecho realidad de todo entusiasta de la grabaci\u00f3n en casa o shows en vivo. Este micr\u00f3fono de calidad profesional est\u00e1 dise\u00f1ado para capturar tu sonido con una sensibilidad y una precisi\u00f3n sobresalientes. Con un patr\u00f3n de captaci\u00f3n cardioide para una excelente separaci\u00f3n de la fuente de sonido y rechazo de retroalimentaci\u00f3n, este micr\u00f3fono de respuesta de frecuencia ultra ancha es una excelente opci\u00f3n para cualquier escenario en vivo o de grabaci\u00f3n y es lo suficientemente resistente como para aguantar el uso rudo. Con su sistema shock-mount integrado, adaptador de soporte de micr\u00f3fono, un filtro esf\u00e9rico de viento y pop, todo en un estuche resistente a los impactos, el XM8500 puede ser el \u00fanico micr\u00f3fono que necesitar\u00e1s. Los aud\u00edfonos HPM1000 proporcionan todo lo que necesitas para escuchar con comodidad. Los aud\u00edfonos de forma ovalada contienen c\u00e1psulas de alta resoluci\u00f3n que proporcionan todos los matrices de tu sonido. Con un cable single-sided resistente a los enredos, una diadema ultra c\u00f3moda y un adaptador de 1\/4&#8243; para conector de 1\/8&#8243;, los aud\u00edfonos HPM1000 son compatibles con todo, desde tu smartphone hasta tu mezcladora. Debido a que querr\u00e1s aprovechar al m\u00e1ximo el potencial de grabaci\u00f3n y podcasting de tu XENYX 302USB, hemos incluido todo el software que necesitar\u00e1s para la grabaci\u00f3n, edici\u00f3n e incluso podcasting de audio, todo sin cargo y descargable desde la p\u00e1gina de Behringer. Estar\u00e1s listo para lanzarte en vivo desde tu PC o MAC desde el primer momento. Tambi\u00e9n se proporciona descarga gratuita de m\u00e1s de 150 instrumentos virtuales y complementos de efectos, convirtiendo tu computadora en un potente estudio de grabaci\u00f3n.<\/div>\n<div>\n<h4>Quick look<\/h4>\n<\/div>\n<ul style=\"margin: 0px 0px 0px 25px\">\n<li style=\"list-style-type: circle;margin: 5px\">XENYX 302USB.<\/li>\n<li style=\"list-style-type: circle;margin: 5px\">XM8500.<\/li>\n<li style=\"list-style-type: circle;margin: 5px\">HPM1000.<\/li>\n<\/ul>\n<div>\n<div style=\"font-weight: bold\">XENYX 302USB.<\/div>\n<div>\n<p>Mezcladora an\u00e1loga premium ultra compacta de 5 entradas con preamplificador de micr\u00f3fono Xenyx, alimentaci\u00f3n phantom, interface de audio USB integrada, ruido ultra bajo y alto headroom, alimentada a trav\u00e9s de USB o adaptador de alimentaci\u00f3n externo (incluido), ecualizador neo brit\u00e1nico de 2 bandas para un sonido c\u00e1lido y musical, entrada de 2 tracks asignable para salida de Main Mix o aud\u00edfonos, Main Min m\u00e1s salida de aud\u00edfonos separada, dimensiones: 46 x 114 x 136 mm, peso: 0.38 kg.<\/p>\n<\/div>\n<div style=\"font-weight: bold\">XM8500.<\/div>\n<div>\n<p>Micr\u00f3fono din\u00e1mico vocal cardioide, suave aumento de presencia de frecuencia media para una excelente proyecci\u00f3n de la voz, respuesta de frecuencia ultra-ancha, salida extremadamente alta, sistema de montaje Shock Mount para reducir el ruido de manejo, filtro de aire esf\u00e9rico y anti pop integrados, incluye adaptador para stand y estuche resistente a impactos.<\/p>\n<\/div>\n<div style=\"font-weight: bold\">HPM1000.<\/div>\n<div>\n<p>Multi-purpose headphones with ultra-wide frequency response, high dynamic range, high-resolution capsules, 1\/8 connector and 1\/4 adapter included, 2-meter single-sided cable, oval ear cups and comfortable headband, frequency response: 20 Hz \u2013 20 kHz, 100 mW peak power, 32 ohm impedance, 105 dB sensitivity, @ 1 kHz.<\/p>\n<\/div>\n<\/div>\n<\/div>","protected":false},"excerpt":{"rendered":"<p>Paquete completo de podcast, todo lo que necesitas para un podcasting profesional, producci\u00f3n musical y grabaci\u00f3n digital en casa, incluye una mezcladora XENYX 302USB de 5 entradas con interfaz USB\/Audio incorporada y preamplificador XENYX de micr\u00f3fono, un micr\u00f3fono din\u00e1mico XM8500 tipo broadcast con filtro pop de 2 etapas y unos aud\u00edfonos HPM1000 de estudio de alto rendimiento con respuesta de frecuencia ultra ancha, incluye tambi\u00e9n un soporte de micr\u00f3fono de mesa, un cable XLR para micr\u00f3fono, un cable USB y una gu\u00eda ilustrada de inicio r\u00e1pido \u201cHow to Podcast\u201d.&hellip; <a class=\"kt-excerpt-readmore more-link\" href=\"https:\/\/www.mexicanguitarplayers.com\/en\/tienda\/audio\/mezcladoras\/mezcladora-para-broadcast\/sistema-behringer-podcastudio-2-usb\/\">Read more<\/a><\/p>","protected":false},"featured_media":34371,"comment_status":"open","ping_status":"closed","template":"","meta":{"kt_blocks_editor_width":""},"pwb-brand":[171],"product_brand":[],"product_cat":[213,492,491],"product_tag":[],"class_list":{"0":"post-34376","1":"product","2":"type-product","3":"status-publish","4":"has-post-thumbnail","6":"pwb-brand-behringer","7":"product_cat-audio","8":"product_cat-mezcladora-para-broadcast","9":"product_cat-mezcladoras","10":"product_shipping_class-0-5-kg","12":"first","13":"instock","14":"taxable","15":"shipping-taxable","16":"purchasable","17":"product-type-simple"},"yoast_head":"<!-- This site is optimized with the Yoast SEO plugin v27.6 - https:\/\/yoast.com\/product\/yoast-seo-wordpress\/ -->\n<title>SISTEMA BEHRINGER PODCASTUDIO 2 USB - Mexican Guitar Players<\/title>\n<meta name=\"description\" content=\"Paquete completo de podcast, todo lo que necesitas para un podcasting profesional, producci\u00f3n musical y grabaci\u00f3n digital en casa, incluye una mezcladora XENYX 302USB de 5 entradas con interfaz USB\/Audio incorporada y preamplificador XENYX de micr\u00f3fono, un micr\u00f3fono din\u00e1mico XM8500 tipo broadcast con filtro pop de 2 etapas y unos aud\u00edfonos HPM1000 de estudio de alto rendimiento con respuesta de frecuencia ultra ancha, incluye tambi\u00e9n un soporte de micr\u00f3fono de mesa, un cable XLR para micr\u00f3fono, un cable USB y una gu\u00eda ilustrada de inicio r\u00e1pido \u201cHow to Podcast\u201d.\" \/>\n<meta name=\"robots\" content=\"index, follow, max-snippet:-1, max-image-preview:large, max-video-preview:-1\" \/>\n<link rel=\"canonical\" href=\"https:\/\/www.mexicanguitarplayers.com\/en\/tienda\/sin%20categor\u00eda\/sistema-behringer-podcastudio-2-usb\/\" \/>\n<meta property=\"og:locale\" content=\"en_US\" \/>\n<meta property=\"og:type\" content=\"article\" \/>\n<meta property=\"og:title\" content=\"SISTEMA BEHRINGER PODCASTUDIO 2 USB - Mexican Guitar Players\" \/>\n<meta property=\"og:description\" content=\"Paquete completo de podcast, todo lo que necesitas para un podcasting profesional, producci\u00f3n musical y grabaci\u00f3n digital en casa, incluye una mezcladora XENYX 302USB de 5 entradas con interfaz USB\/Audio incorporada y preamplificador XENYX de micr\u00f3fono, un micr\u00f3fono din\u00e1mico XM8500 tipo broadcast con filtro pop de 2 etapas y unos aud\u00edfonos HPM1000 de estudio de alto rendimiento con respuesta de frecuencia ultra ancha, incluye tambi\u00e9n un soporte de micr\u00f3fono de mesa, un cable XLR para micr\u00f3fono, un cable USB y una gu\u00eda ilustrada de inicio r\u00e1pido \u201cHow to Podcast\u201d.\" \/>\n<meta property=\"og:url\" content=\"https:\/\/www.mexicanguitarplayers.com\/en\/tienda\/sin categor\u00eda\/sistema-behringer-podcastudio-2-usb\/\" \/>\n<meta property=\"og:site_name\" content=\"Mexican Guitar Players\" \/>\n<meta property=\"article:modified_time\" content=\"2026-05-01T13:22:08+00:00\" \/>\n<meta name=\"twitter:card\" content=\"summary_large_image\" \/>\n<meta name=\"twitter:label1\" content=\"Est. reading time\" \/>\n\t<meta name=\"twitter:data1\" content=\"3 minutes\" \/>\n<script type=\"application\/ld+json\" class=\"yoast-schema-graph\">{\"@context\":\"https:\\\/\\\/schema.org\",\"@graph\":[{\"@type\":[\"WebPage\",\"ItemPage\"],\"@id\":\"https:\\\/\\\/www.mexicanguitarplayers.com\\\/tienda\\\/sin categor\u00eda\\\/sistema-behringer-podcastudio-2-usb\\\/\",\"url\":\"https:\\\/\\\/www.mexicanguitarplayers.com\\\/tienda\\\/sin categor\u00eda\\\/sistema-behringer-podcastudio-2-usb\\\/\",\"name\":\"SISTEMA BEHRINGER PODCASTUDIO 2 USB - Mexican Guitar Players\",\"isPartOf\":{\"@id\":\"https:\\\/\\\/www.mexicanguitarplayers.com\\\/#website\"},\"primaryImageOfPage\":{\"@id\":\"https:\\\/\\\/www.mexicanguitarplayers.com\\\/tienda\\\/sin categor\u00eda\\\/sistema-behringer-podcastudio-2-usb\\\/#primaryimage\"},\"image\":{\"@id\":\"https:\\\/\\\/www.mexicanguitarplayers.com\\\/tienda\\\/sin categor\u00eda\\\/sistema-behringer-podcastudio-2-usb\\\/#primaryimage\"},\"thumbnailUrl\":\"https:\\\/\\\/www.mexicanguitarplayers.com\\\/wp-content\\\/uploads\\\/2025\\\/04\\\/IABEHPODCASTUD.jpg\",\"datePublished\":\"2025-04-09T03:44:57+00:00\",\"dateModified\":\"2026-05-01T13:22:08+00:00\",\"description\":\"Paquete completo de podcast, todo lo que necesitas para un podcasting profesional, producci\u00f3n musical y grabaci\u00f3n digital en casa, incluye una mezcladora XENYX 302USB de 5 entradas con interfaz USB\\\/Audio incorporada y preamplificador XENYX de micr\u00f3fono, un micr\u00f3fono din\u00e1mico XM8500 tipo broadcast con filtro pop de 2 etapas y unos aud\u00edfonos HPM1000 de estudio de alto rendimiento con respuesta de frecuencia ultra ancha, incluye tambi\u00e9n un soporte de micr\u00f3fono de mesa, un cable XLR para micr\u00f3fono, un cable USB y una gu\u00eda ilustrada de inicio r\u00e1pido \u201cHow to Podcast\u201d.\",\"breadcrumb\":{\"@id\":\"https:\\\/\\\/www.mexicanguitarplayers.com\\\/tienda\\\/sin categor\u00eda\\\/sistema-behringer-podcastudio-2-usb\\\/#breadcrumb\"},\"inLanguage\":\"en-US\",\"potentialAction\":[{\"@type\":\"ReadAction\",\"target\":[\"https:\\\/\\\/www.mexicanguitarplayers.com\\\/tienda\\\/sin categor\u00eda\\\/sistema-behringer-podcastudio-2-usb\\\/\"]}]},{\"@type\":\"ImageObject\",\"inLanguage\":\"en-US\",\"@id\":\"https:\\\/\\\/www.mexicanguitarplayers.com\\\/tienda\\\/sin categor\u00eda\\\/sistema-behringer-podcastudio-2-usb\\\/#primaryimage\",\"url\":\"https:\\\/\\\/www.mexicanguitarplayers.com\\\/wp-content\\\/uploads\\\/2025\\\/04\\\/IABEHPODCASTUD.jpg\",\"contentUrl\":\"https:\\\/\\\/www.mexicanguitarplayers.com\\\/wp-content\\\/uploads\\\/2025\\\/04\\\/IABEHPODCASTUD.jpg\",\"width\":1600,\"height\":800},{\"@type\":\"BreadcrumbList\",\"@id\":\"https:\\\/\\\/www.mexicanguitarplayers.com\\\/tienda\\\/sin categor\u00eda\\\/sistema-behringer-podcastudio-2-usb\\\/#breadcrumb\",\"itemListElement\":[{\"@type\":\"ListItem\",\"position\":1,\"name\":\"Portada\",\"item\":\"https:\\\/\\\/www.mexicanguitarplayers.com\\\/\"},{\"@type\":\"ListItem\",\"position\":2,\"name\":\"Tienda\",\"item\":\"https:\\\/\\\/www.mexicanguitarplayers.com\\\/tienda\\\/\"},{\"@type\":\"ListItem\",\"position\":3,\"name\":\"SISTEMA BEHRINGER PODCASTUDIO 2 USB\"}]},{\"@type\":\"WebSite\",\"@id\":\"https:\\\/\\\/www.mexicanguitarplayers.com\\\/#website\",\"url\":\"https:\\\/\\\/www.mexicanguitarplayers.com\\\/\",\"name\":\"Mexican Guitar Players\",\"description\":\"Website\",\"publisher\":{\"@id\":\"https:\\\/\\\/www.mexicanguitarplayers.com\\\/#organization\"},\"potentialAction\":[{\"@type\":\"SearchAction\",\"target\":{\"@type\":\"EntryPoint\",\"urlTemplate\":\"https:\\\/\\\/www.mexicanguitarplayers.com\\\/?s={search_term_string}\"},\"query-input\":{\"@type\":\"PropertyValueSpecification\",\"valueRequired\":true,\"valueName\":\"search_term_string\"}}],\"inLanguage\":\"en-US\"},{\"@type\":\"Organization\",\"@id\":\"https:\\\/\\\/www.mexicanguitarplayers.com\\\/#organization\",\"name\":\"Mexican Guitar Players\",\"url\":\"https:\\\/\\\/www.mexicanguitarplayers.com\\\/\",\"logo\":{\"@type\":\"ImageObject\",\"inLanguage\":\"en-US\",\"@id\":\"https:\\\/\\\/www.mexicanguitarplayers.com\\\/#\\\/schema\\\/logo\\\/image\\\/\",\"url\":\"\",\"contentUrl\":\"\",\"caption\":\"Mexican Guitar Players\"},\"image\":{\"@id\":\"https:\\\/\\\/www.mexicanguitarplayers.com\\\/#\\\/schema\\\/logo\\\/image\\\/\"}}]}<\/script>\n<!-- \/ Yoast SEO plugin. -->","yoast_head_json":{"title":"SISTEMA BEHRINGER PODCASTUDIO 2 USB - Mexican Guitar Players","description":"Paquete completo de podcast, todo lo que necesitas para un podcasting profesional, producci\u00f3n musical y grabaci\u00f3n digital en casa, incluye una mezcladora XENYX 302USB de 5 entradas con interfaz USB\/Audio incorporada y preamplificador XENYX de micr\u00f3fono, un micr\u00f3fono din\u00e1mico XM8500 tipo broadcast con filtro pop de 2 etapas y unos aud\u00edfonos HPM1000 de estudio de alto rendimiento con respuesta de frecuencia ultra ancha, incluye tambi\u00e9n un soporte de micr\u00f3fono de mesa, un cable XLR para micr\u00f3fono, un cable USB y una gu\u00eda ilustrada de inicio r\u00e1pido \u201cHow to Podcast\u201d.","robots":{"index":"index","follow":"follow","max-snippet":"max-snippet:-1","max-image-preview":"max-image-preview:large","max-video-preview":"max-video-preview:-1"},"canonical":"https:\/\/www.mexicanguitarplayers.com\/en\/tienda\/sin categor\u00eda\/sistema-behringer-podcastudio-2-usb\/","og_locale":"en_US","og_type":"article","og_title":"SISTEMA BEHRINGER PODCASTUDIO 2 USB - Mexican Guitar Players","og_description":"Paquete completo de podcast, todo lo que necesitas para un podcasting profesional, producci\u00f3n musical y grabaci\u00f3n digital en casa, incluye una mezcladora XENYX 302USB de 5 entradas con interfaz USB\/Audio incorporada y preamplificador XENYX de micr\u00f3fono, un micr\u00f3fono din\u00e1mico XM8500 tipo broadcast con filtro pop de 2 etapas y unos aud\u00edfonos HPM1000 de estudio de alto rendimiento con respuesta de frecuencia ultra ancha, incluye tambi\u00e9n un soporte de micr\u00f3fono de mesa, un cable XLR para micr\u00f3fono, un cable USB y una gu\u00eda ilustrada de inicio r\u00e1pido \u201cHow to Podcast\u201d.","og_url":"https:\/\/www.mexicanguitarplayers.com\/en\/tienda\/sin categor\u00eda\/sistema-behringer-podcastudio-2-usb\/","og_site_name":"Mexican Guitar Players","article_modified_time":"2026-05-01T13:22:08+00:00","twitter_card":"summary_large_image","twitter_misc":{"Est. reading time":"3 minutes"},"schema":{"@context":"https:\/\/schema.org","@graph":[{"@type":["WebPage","ItemPage"],"@id":"https:\/\/www.mexicanguitarplayers.com\/tienda\/sin categor\u00eda\/sistema-behringer-podcastudio-2-usb\/","url":"https:\/\/www.mexicanguitarplayers.com\/tienda\/sin categor\u00eda\/sistema-behringer-podcastudio-2-usb\/","name":"SISTEMA BEHRINGER PODCASTUDIO 2 USB - Mexican Guitar Players","isPartOf":{"@id":"https:\/\/www.mexicanguitarplayers.com\/#website"},"primaryImageOfPage":{"@id":"https:\/\/www.mexicanguitarplayers.com\/tienda\/sin categor\u00eda\/sistema-behringer-podcastudio-2-usb\/#primaryimage"},"image":{"@id":"https:\/\/www.mexicanguitarplayers.com\/tienda\/sin categor\u00eda\/sistema-behringer-podcastudio-2-usb\/#primaryimage"},"thumbnailUrl":"https:\/\/www.mexicanguitarplayers.com\/wp-content\/uploads\/2025\/04\/IABEHPODCASTUD.jpg","datePublished":"2025-04-09T03:44:57+00:00","dateModified":"2026-05-01T13:22:08+00:00","description":"Paquete completo de podcast, todo lo que necesitas para un podcasting profesional, producci\u00f3n musical y grabaci\u00f3n digital en casa, incluye una mezcladora XENYX 302USB de 5 entradas con interfaz USB\/Audio incorporada y preamplificador XENYX de micr\u00f3fono, un micr\u00f3fono din\u00e1mico XM8500 tipo broadcast con filtro pop de 2 etapas y unos aud\u00edfonos HPM1000 de estudio de alto rendimiento con respuesta de frecuencia ultra ancha, incluye tambi\u00e9n un soporte de micr\u00f3fono de mesa, un cable XLR para micr\u00f3fono, un cable USB y una gu\u00eda ilustrada de inicio r\u00e1pido \u201cHow to Podcast\u201d.","breadcrumb":{"@id":"https:\/\/www.mexicanguitarplayers.com\/tienda\/sin categor\u00eda\/sistema-behringer-podcastudio-2-usb\/#breadcrumb"},"inLanguage":"en-US","potentialAction":[{"@type":"ReadAction","target":["https:\/\/www.mexicanguitarplayers.com\/tienda\/sin categor\u00eda\/sistema-behringer-podcastudio-2-usb\/"]}]},{"@type":"ImageObject","inLanguage":"en-US","@id":"https:\/\/www.mexicanguitarplayers.com\/tienda\/sin categor\u00eda\/sistema-behringer-podcastudio-2-usb\/#primaryimage","url":"https:\/\/www.mexicanguitarplayers.com\/wp-content\/uploads\/2025\/04\/IABEHPODCASTUD.jpg","contentUrl":"https:\/\/www.mexicanguitarplayers.com\/wp-content\/uploads\/2025\/04\/IABEHPODCASTUD.jpg","width":1600,"height":800},{"@type":"BreadcrumbList","@id":"https:\/\/www.mexicanguitarplayers.com\/tienda\/sin categor\u00eda\/sistema-behringer-podcastudio-2-usb\/#breadcrumb","itemListElement":[{"@type":"ListItem","position":1,"name":"Portada","item":"https:\/\/www.mexicanguitarplayers.com\/"},{"@type":"ListItem","position":2,"name":"Tienda","item":"https:\/\/www.mexicanguitarplayers.com\/tienda\/"},{"@type":"ListItem","position":3,"name":"SISTEMA BEHRINGER PODCASTUDIO 2 USB"}]},{"@type":"WebSite","@id":"https:\/\/www.mexicanguitarplayers.com\/#website","url":"https:\/\/www.mexicanguitarplayers.com\/","name":"Mexican Guitar Players","description":"Website","publisher":{"@id":"https:\/\/www.mexicanguitarplayers.com\/#organization"},"potentialAction":[{"@type":"SearchAction","target":{"@type":"EntryPoint","urlTemplate":"https:\/\/www.mexicanguitarplayers.com\/?s={search_term_string}"},"query-input":{"@type":"PropertyValueSpecification","valueRequired":true,"valueName":"search_term_string"}}],"inLanguage":"en-US"},{"@type":"Organization","@id":"https:\/\/www.mexicanguitarplayers.com\/#organization","name":"Mexican Guitar Players","url":"https:\/\/www.mexicanguitarplayers.com\/","logo":{"@type":"ImageObject","inLanguage":"en-US","@id":"https:\/\/www.mexicanguitarplayers.com\/#\/schema\/logo\/image\/","url":"","contentUrl":"","caption":"Mexican Guitar Players"},"image":{"@id":"https:\/\/www.mexicanguitarplayers.com\/#\/schema\/logo\/image\/"}}]}},"brands":[{"id":171,"name":"BEHRINGER","slug":"behringer"}],"_links":{"self":[{"href":"https:\/\/www.mexicanguitarplayers.com\/en\/wp-json\/wp\/v2\/product\/34376","targetHints":{"allow":["GET"]}}],"collection":[{"href":"https:\/\/www.mexicanguitarplayers.com\/en\/wp-json\/wp\/v2\/product"}],"about":[{"href":"https:\/\/www.mexicanguitarplayers.com\/en\/wp-json\/wp\/v2\/types\/product"}],"replies":[{"embeddable":true,"href":"https:\/\/www.mexicanguitarplayers.com\/en\/wp-json\/wp\/v2\/comments?post=34376"}],"wp:featuredmedia":[{"embeddable":true,"href":"https:\/\/www.mexicanguitarplayers.com\/en\/wp-json\/wp\/v2\/media\/34371"}],"wp:attachment":[{"href":"https:\/\/www.mexicanguitarplayers.com\/en\/wp-json\/wp\/v2\/media?parent=34376"}],"wp:term":[{"taxonomy":"pwb-brand","embeddable":true,"href":"https:\/\/www.mexicanguitarplayers.com\/en\/wp-json\/wp\/v2\/pwb-brand?post=34376"},{"taxonomy":"product_brand","embeddable":true,"href":"https:\/\/www.mexicanguitarplayers.com\/en\/wp-json\/wp\/v2\/product_brand?post=34376"},{"taxonomy":"product_cat","embeddable":true,"href":"https:\/\/www.mexicanguitarplayers.com\/en\/wp-json\/wp\/v2\/product_cat?post=34376"},{"taxonomy":"product_tag","embeddable":true,"href":"https:\/\/www.mexicanguitarplayers.com\/en\/wp-json\/wp\/v2\/product_tag?post=34376"}],"curies":[{"name":"wp","href":"https:\/\/api.w.org\/{rel}","templated":true}]}}