{"id":34501,"date":"2025-04-08T21:48:43","date_gmt":"2025-04-09T03:48:43","guid":{"rendered":"https:\/\/www.mexicanguitarplayers.com\/tienda\/sin categor\u00eda\/combo-ashdown-p-bajo-mod-studio-junior\/"},"modified":"2026-05-01T07:22:02","modified_gmt":"2026-05-01T13:22:02","slug":"combo-ashdown-p-bajo-mod-studio-junior","status":"publish","type":"product","link":"https:\/\/www.mexicanguitarplayers.com\/en\/tienda\/cuerdas\/combos\/combos-para-bajo\/combo-ashdown-p-bajo-mod-studio-junior\/","title":{"rendered":"COMBO ASHDOWN P\/BAJO MOD. STUDIO JUNIOR"},"content":{"rendered":"<div style=\"text-align: justify\">\n<div>\n<h3>COMBO ASHDOWN P\/BAJO STUDIO JUNIOR<\/h3>\n<\/div>\n<div>Eleva tu juego de bajo con Ashdown Studio Jnr, el nuevo campe\u00f3n de peso pesado en el mundo de los amplificadores de bajo livianos. Con un peso sorprendente de 6,1 kg (13,4 lb), este amplificador est\u00e1 dise\u00f1ado desde cero para ser ultraport\u00e1til y al mismo tiempo ofrecer el tono caracter\u00edstico de Ashdown y la versatilidad que los bajistas de todo el mundo esperan. El Studio Jnr cuenta con una impresionante potencia de 15 vatios, canalizados a trav\u00e9s de un altavoz de 8&#8243; dise\u00f1ado a medida. No dejes que su tama\u00f1o compacto te enga\u00f1e: este amplificador tiene una gran potencia. Con un ecualizador de 3 bandas, puedes afinar tu suene a la perfecci\u00f3n, ya sea que est\u00e9 practicando en silencio con los auriculares puestos o tocando con amigos usando la entrada de l\u00ednea, Studio Jnr lo tiene cubierto.<\/div>\n<div>\n<h4>Quick look<\/h4>\n<\/div>\n<ul style=\"margin: 0px 0px 0px 25px\">\n<li style=\"list-style-type: circle;margin: 5px\">Output power.<\/li>\n<li style=\"list-style-type: circle;margin: 5px\">Unidad de altavoz.<\/li>\n<li style=\"list-style-type: circle;margin: 5px\">Entrances and exits.<\/li>\n<li style=\"list-style-type: circle;margin: 5px\">Controls<\/li>\n<li style=\"list-style-type: circle;margin: 5px\">Input impedance.<\/li>\n<li style=\"list-style-type: circle;margin: 5px\">Rango de se\u00f1al de entrada.<\/li>\n<li style=\"list-style-type: circle;margin: 5px\">Equalizer<\/li>\n<li style=\"list-style-type: circle;margin: 5px\">Dimensions.<\/li>\n<li style=\"list-style-type: circle;margin: 5px\">Weight.<\/li>\n<\/ul>\n<div>\n<div style=\"font-weight: bold\">Output power.<\/div>\n<div>\n<p>15W RMS a 8 ohms.<\/p>\n<\/div>\n<div style=\"font-weight: bold\">Unidad de altavoz.<\/div>\n<div>\n<p>Un driver Ashdown de 6&#8243; pulgadas.<\/p>\n<\/div>\n<div style=\"font-weight: bold\">Entrances and exits.<\/div>\n<div>\n<p>Entrada de l\u00ednea jack de 1\/4&#8243; (para usar con instrumento de nivel de l\u00ednea o dispositivos como reproductor MP3), salida de aud\u00edfonos (silencia el altavoz para practicar en silencio).<\/p>\n<\/div>\n<div style=\"font-weight: bold\">Controls<\/div>\n<div>\n<p>Volumen: Control giratorio para ajustar la salida general del amplificador. Bass: Control giratorio para ajustar la cantidad de graves (frecuencia) \u00b115 dB. Middle: Control giratorio para ajustar la cantidad de medios (frecuencia) \u00b115 dB. Treble: Control giratorio para ajustar la cantidad de agudos (frecuencia) \u00b115 dB. On: La luz indica que el amplificador est\u00e1 encendido. Power Switch: Enciende o apaga tu amplificador.<\/p>\n<\/div>\n<div style=\"font-weight: bold\">Input impedance.<\/div>\n<div>\n<p>1 Mega-ohm.<\/p>\n<\/div>\n<div style=\"font-weight: bold\">Rango de se\u00f1al de entrada.<\/div>\n<div>\n<p>100Mv a 10v.<\/p>\n<\/div>\n<div style=\"font-weight: bold\">Equalizer<\/div>\n<div>\n<p>Ecualizador pasivo de 3 bandas: Bass, Middle, Treble.<\/p>\n<\/div>\n<div style=\"font-weight: bold\">Dimensions.<\/div>\n<div>\n<p>300 x 200 x  300 mm.<\/p>\n<\/div>\n<div style=\"font-weight: bold\">Weight.<\/div>\n<div>\n<p>6 kg.<\/p>\n<\/div>\n<\/div>\n<\/div>","protected":false},"excerpt":{"rendered":"<p>El Ashdown Studio Jnr es un amplificador de bajo ultraport\u00e1til que pesa solo 5,5 kg (12,1 lb) y ofrece 15 vatios de potencia a trav\u00e9s de un altavoz personalizado de 8\u201d. Equipado con un ecualizador de 3 bandas, salida de auriculares y entrada de l\u00ednea, permite un ajuste preciso del sonido caracter\u00edstico de Ashdown, c\u00e1lido y articulado, directamente al sacarlo de la caja. Su dise\u00f1o robusto, con esquinas de metal cromado y tolex de alta resistencia, asegura durabilidad y elegancia.&hellip; <a class=\"kt-excerpt-readmore more-link\" href=\"https:\/\/www.mexicanguitarplayers.com\/en\/tienda\/cuerdas\/combos\/combos-para-bajo\/combo-ashdown-p-bajo-mod-studio-junior\/\">Read more<\/a><\/p>","protected":false},"featured_media":34494,"comment_status":"open","ping_status":"closed","template":"","meta":{"kt_blocks_editor_width":""},"pwb-brand":[257],"product_brand":[],"product_cat":[236,255,224],"product_tag":[],"class_list":{"0":"post-34501","1":"product","2":"type-product","3":"status-publish","4":"has-post-thumbnail","6":"pwb-brand-ashdown","7":"product_cat-combos","8":"product_cat-combos-para-bajo","9":"product_cat-cuerdas","10":"product_shipping_class-10-15-kg","12":"first","13":"instock","14":"taxable","15":"shipping-taxable","16":"purchasable","17":"product-type-simple"},"yoast_head":"<!-- This site is optimized with the Yoast SEO plugin v27.6 - https:\/\/yoast.com\/product\/yoast-seo-wordpress\/ -->\n<title>COMBO ASHDOWN P\/BAJO MOD. STUDIO JUNIOR - Mexican Guitar Players<\/title>\n<meta name=\"description\" content=\"El Ashdown Studio Jnr es un amplificador de bajo ultraport\u00e1til que pesa solo 5,5 kg (12,1 lb) y ofrece 15 vatios de potencia a trav\u00e9s de un altavoz personalizado de 8\u201d. Equipado con un ecualizador de 3 bandas, salida de auriculares y entrada de l\u00ednea, permite un ajuste preciso del sonido caracter\u00edstico de Ashdown, c\u00e1lido y articulado, directamente al sacarlo de la caja. Su dise\u00f1o robusto, con esquinas de metal cromado y tolex de alta resistencia, asegura durabilidad y elegancia.\" \/>\n<meta name=\"robots\" content=\"index, follow, max-snippet:-1, max-image-preview:large, max-video-preview:-1\" \/>\n<link rel=\"canonical\" href=\"https:\/\/www.mexicanguitarplayers.com\/en\/tienda\/sin%20categor\u00eda\/combo-ashdown-p-bajo-mod-studio-junior\/\" \/>\n<meta property=\"og:locale\" content=\"en_US\" \/>\n<meta property=\"og:type\" content=\"article\" \/>\n<meta property=\"og:title\" content=\"COMBO ASHDOWN P\/BAJO MOD. STUDIO JUNIOR - Mexican Guitar Players\" \/>\n<meta property=\"og:description\" content=\"El Ashdown Studio Jnr es un amplificador de bajo ultraport\u00e1til que pesa solo 5,5 kg (12,1 lb) y ofrece 15 vatios de potencia a trav\u00e9s de un altavoz personalizado de 8\u201d. Equipado con un ecualizador de 3 bandas, salida de auriculares y entrada de l\u00ednea, permite un ajuste preciso del sonido caracter\u00edstico de Ashdown, c\u00e1lido y articulado, directamente al sacarlo de la caja. Su dise\u00f1o robusto, con esquinas de metal cromado y tolex de alta resistencia, asegura durabilidad y elegancia.\" \/>\n<meta property=\"og:url\" content=\"https:\/\/www.mexicanguitarplayers.com\/en\/tienda\/sin categor\u00eda\/combo-ashdown-p-bajo-mod-studio-junior\/\" \/>\n<meta property=\"og:site_name\" content=\"Mexican Guitar Players\" \/>\n<meta property=\"article:modified_time\" content=\"2026-05-01T13:22:02+00:00\" \/>\n<meta name=\"twitter:card\" content=\"summary_large_image\" \/>\n<meta name=\"twitter:label1\" content=\"Est. reading time\" \/>\n\t<meta name=\"twitter:data1\" content=\"2 minutes\" \/>\n<script type=\"application\/ld+json\" class=\"yoast-schema-graph\">{\"@context\":\"https:\\\/\\\/schema.org\",\"@graph\":[{\"@type\":[\"WebPage\",\"ItemPage\"],\"@id\":\"https:\\\/\\\/www.mexicanguitarplayers.com\\\/tienda\\\/sin categor\u00eda\\\/combo-ashdown-p-bajo-mod-studio-junior\\\/\",\"url\":\"https:\\\/\\\/www.mexicanguitarplayers.com\\\/tienda\\\/sin categor\u00eda\\\/combo-ashdown-p-bajo-mod-studio-junior\\\/\",\"name\":\"COMBO ASHDOWN P\\\/BAJO MOD. STUDIO JUNIOR - Mexican Guitar Players\",\"isPartOf\":{\"@id\":\"https:\\\/\\\/www.mexicanguitarplayers.com\\\/#website\"},\"primaryImageOfPage\":{\"@id\":\"https:\\\/\\\/www.mexicanguitarplayers.com\\\/tienda\\\/sin categor\u00eda\\\/combo-ashdown-p-bajo-mod-studio-junior\\\/#primaryimage\"},\"image\":{\"@id\":\"https:\\\/\\\/www.mexicanguitarplayers.com\\\/tienda\\\/sin categor\u00eda\\\/combo-ashdown-p-bajo-mod-studio-junior\\\/#primaryimage\"},\"thumbnailUrl\":\"https:\\\/\\\/www.mexicanguitarplayers.com\\\/wp-content\\\/uploads\\\/2025\\\/04\\\/ICASOSTUDIOJNR.jpg\",\"datePublished\":\"2025-04-09T03:48:43+00:00\",\"dateModified\":\"2026-05-01T13:22:02+00:00\",\"description\":\"El Ashdown Studio Jnr es un amplificador de bajo ultraport\u00e1til que pesa solo 5,5 kg (12,1 lb) y ofrece 15 vatios de potencia a trav\u00e9s de un altavoz personalizado de 8\u201d. Equipado con un ecualizador de 3 bandas, salida de auriculares y entrada de l\u00ednea, permite un ajuste preciso del sonido caracter\u00edstico de Ashdown, c\u00e1lido y articulado, directamente al sacarlo de la caja. Su dise\u00f1o robusto, con esquinas de metal cromado y tolex de alta resistencia, asegura durabilidad y elegancia.\",\"breadcrumb\":{\"@id\":\"https:\\\/\\\/www.mexicanguitarplayers.com\\\/tienda\\\/sin categor\u00eda\\\/combo-ashdown-p-bajo-mod-studio-junior\\\/#breadcrumb\"},\"inLanguage\":\"en-US\",\"potentialAction\":[{\"@type\":\"ReadAction\",\"target\":[\"https:\\\/\\\/www.mexicanguitarplayers.com\\\/tienda\\\/sin categor\u00eda\\\/combo-ashdown-p-bajo-mod-studio-junior\\\/\"]}]},{\"@type\":\"ImageObject\",\"inLanguage\":\"en-US\",\"@id\":\"https:\\\/\\\/www.mexicanguitarplayers.com\\\/tienda\\\/sin categor\u00eda\\\/combo-ashdown-p-bajo-mod-studio-junior\\\/#primaryimage\",\"url\":\"https:\\\/\\\/www.mexicanguitarplayers.com\\\/wp-content\\\/uploads\\\/2025\\\/04\\\/ICASOSTUDIOJNR.jpg\",\"contentUrl\":\"https:\\\/\\\/www.mexicanguitarplayers.com\\\/wp-content\\\/uploads\\\/2025\\\/04\\\/ICASOSTUDIOJNR.jpg\",\"width\":1200,\"height\":1200},{\"@type\":\"BreadcrumbList\",\"@id\":\"https:\\\/\\\/www.mexicanguitarplayers.com\\\/tienda\\\/sin categor\u00eda\\\/combo-ashdown-p-bajo-mod-studio-junior\\\/#breadcrumb\",\"itemListElement\":[{\"@type\":\"ListItem\",\"position\":1,\"name\":\"Portada\",\"item\":\"https:\\\/\\\/www.mexicanguitarplayers.com\\\/\"},{\"@type\":\"ListItem\",\"position\":2,\"name\":\"Tienda\",\"item\":\"https:\\\/\\\/www.mexicanguitarplayers.com\\\/tienda\\\/\"},{\"@type\":\"ListItem\",\"position\":3,\"name\":\"COMBO ASHDOWN P\\\/BAJO MOD. STUDIO JUNIOR\"}]},{\"@type\":\"WebSite\",\"@id\":\"https:\\\/\\\/www.mexicanguitarplayers.com\\\/#website\",\"url\":\"https:\\\/\\\/www.mexicanguitarplayers.com\\\/\",\"name\":\"Mexican Guitar Players\",\"description\":\"Website\",\"publisher\":{\"@id\":\"https:\\\/\\\/www.mexicanguitarplayers.com\\\/#organization\"},\"potentialAction\":[{\"@type\":\"SearchAction\",\"target\":{\"@type\":\"EntryPoint\",\"urlTemplate\":\"https:\\\/\\\/www.mexicanguitarplayers.com\\\/?s={search_term_string}\"},\"query-input\":{\"@type\":\"PropertyValueSpecification\",\"valueRequired\":true,\"valueName\":\"search_term_string\"}}],\"inLanguage\":\"en-US\"},{\"@type\":\"Organization\",\"@id\":\"https:\\\/\\\/www.mexicanguitarplayers.com\\\/#organization\",\"name\":\"Mexican Guitar Players\",\"url\":\"https:\\\/\\\/www.mexicanguitarplayers.com\\\/\",\"logo\":{\"@type\":\"ImageObject\",\"inLanguage\":\"en-US\",\"@id\":\"https:\\\/\\\/www.mexicanguitarplayers.com\\\/#\\\/schema\\\/logo\\\/image\\\/\",\"url\":\"\",\"contentUrl\":\"\",\"caption\":\"Mexican Guitar Players\"},\"image\":{\"@id\":\"https:\\\/\\\/www.mexicanguitarplayers.com\\\/#\\\/schema\\\/logo\\\/image\\\/\"}}]}<\/script>\n<!-- \/ Yoast SEO plugin. -->","yoast_head_json":{"title":"COMBO ASHDOWN P\/BAJO MOD. STUDIO JUNIOR - Mexican Guitar Players","description":"El Ashdown Studio Jnr es un amplificador de bajo ultraport\u00e1til que pesa solo 5,5 kg (12,1 lb) y ofrece 15 vatios de potencia a trav\u00e9s de un altavoz personalizado de 8\u201d. Equipado con un ecualizador de 3 bandas, salida de auriculares y entrada de l\u00ednea, permite un ajuste preciso del sonido caracter\u00edstico de Ashdown, c\u00e1lido y articulado, directamente al sacarlo de la caja. Su dise\u00f1o robusto, con esquinas de metal cromado y tolex de alta resistencia, asegura durabilidad y elegancia.","robots":{"index":"index","follow":"follow","max-snippet":"max-snippet:-1","max-image-preview":"max-image-preview:large","max-video-preview":"max-video-preview:-1"},"canonical":"https:\/\/www.mexicanguitarplayers.com\/en\/tienda\/sin categor\u00eda\/combo-ashdown-p-bajo-mod-studio-junior\/","og_locale":"en_US","og_type":"article","og_title":"COMBO ASHDOWN P\/BAJO MOD. STUDIO JUNIOR - Mexican Guitar Players","og_description":"El Ashdown Studio Jnr es un amplificador de bajo ultraport\u00e1til que pesa solo 5,5 kg (12,1 lb) y ofrece 15 vatios de potencia a trav\u00e9s de un altavoz personalizado de 8\u201d. Equipado con un ecualizador de 3 bandas, salida de auriculares y entrada de l\u00ednea, permite un ajuste preciso del sonido caracter\u00edstico de Ashdown, c\u00e1lido y articulado, directamente al sacarlo de la caja. Su dise\u00f1o robusto, con esquinas de metal cromado y tolex de alta resistencia, asegura durabilidad y elegancia.","og_url":"https:\/\/www.mexicanguitarplayers.com\/en\/tienda\/sin categor\u00eda\/combo-ashdown-p-bajo-mod-studio-junior\/","og_site_name":"Mexican Guitar Players","article_modified_time":"2026-05-01T13:22:02+00:00","twitter_card":"summary_large_image","twitter_misc":{"Est. reading time":"2 minutes"},"schema":{"@context":"https:\/\/schema.org","@graph":[{"@type":["WebPage","ItemPage"],"@id":"https:\/\/www.mexicanguitarplayers.com\/tienda\/sin categor\u00eda\/combo-ashdown-p-bajo-mod-studio-junior\/","url":"https:\/\/www.mexicanguitarplayers.com\/tienda\/sin categor\u00eda\/combo-ashdown-p-bajo-mod-studio-junior\/","name":"COMBO ASHDOWN P\/BAJO MOD. STUDIO JUNIOR - Mexican Guitar Players","isPartOf":{"@id":"https:\/\/www.mexicanguitarplayers.com\/#website"},"primaryImageOfPage":{"@id":"https:\/\/www.mexicanguitarplayers.com\/tienda\/sin categor\u00eda\/combo-ashdown-p-bajo-mod-studio-junior\/#primaryimage"},"image":{"@id":"https:\/\/www.mexicanguitarplayers.com\/tienda\/sin categor\u00eda\/combo-ashdown-p-bajo-mod-studio-junior\/#primaryimage"},"thumbnailUrl":"https:\/\/www.mexicanguitarplayers.com\/wp-content\/uploads\/2025\/04\/ICASOSTUDIOJNR.jpg","datePublished":"2025-04-09T03:48:43+00:00","dateModified":"2026-05-01T13:22:02+00:00","description":"El Ashdown Studio Jnr es un amplificador de bajo ultraport\u00e1til que pesa solo 5,5 kg (12,1 lb) y ofrece 15 vatios de potencia a trav\u00e9s de un altavoz personalizado de 8\u201d. Equipado con un ecualizador de 3 bandas, salida de auriculares y entrada de l\u00ednea, permite un ajuste preciso del sonido caracter\u00edstico de Ashdown, c\u00e1lido y articulado, directamente al sacarlo de la caja. Su dise\u00f1o robusto, con esquinas de metal cromado y tolex de alta resistencia, asegura durabilidad y elegancia.","breadcrumb":{"@id":"https:\/\/www.mexicanguitarplayers.com\/tienda\/sin categor\u00eda\/combo-ashdown-p-bajo-mod-studio-junior\/#breadcrumb"},"inLanguage":"en-US","potentialAction":[{"@type":"ReadAction","target":["https:\/\/www.mexicanguitarplayers.com\/tienda\/sin categor\u00eda\/combo-ashdown-p-bajo-mod-studio-junior\/"]}]},{"@type":"ImageObject","inLanguage":"en-US","@id":"https:\/\/www.mexicanguitarplayers.com\/tienda\/sin categor\u00eda\/combo-ashdown-p-bajo-mod-studio-junior\/#primaryimage","url":"https:\/\/www.mexicanguitarplayers.com\/wp-content\/uploads\/2025\/04\/ICASOSTUDIOJNR.jpg","contentUrl":"https:\/\/www.mexicanguitarplayers.com\/wp-content\/uploads\/2025\/04\/ICASOSTUDIOJNR.jpg","width":1200,"height":1200},{"@type":"BreadcrumbList","@id":"https:\/\/www.mexicanguitarplayers.com\/tienda\/sin categor\u00eda\/combo-ashdown-p-bajo-mod-studio-junior\/#breadcrumb","itemListElement":[{"@type":"ListItem","position":1,"name":"Portada","item":"https:\/\/www.mexicanguitarplayers.com\/"},{"@type":"ListItem","position":2,"name":"Tienda","item":"https:\/\/www.mexicanguitarplayers.com\/tienda\/"},{"@type":"ListItem","position":3,"name":"COMBO ASHDOWN P\/BAJO MOD. STUDIO JUNIOR"}]},{"@type":"WebSite","@id":"https:\/\/www.mexicanguitarplayers.com\/#website","url":"https:\/\/www.mexicanguitarplayers.com\/","name":"Mexican Guitar Players","description":"Website","publisher":{"@id":"https:\/\/www.mexicanguitarplayers.com\/#organization"},"potentialAction":[{"@type":"SearchAction","target":{"@type":"EntryPoint","urlTemplate":"https:\/\/www.mexicanguitarplayers.com\/?s={search_term_string}"},"query-input":{"@type":"PropertyValueSpecification","valueRequired":true,"valueName":"search_term_string"}}],"inLanguage":"en-US"},{"@type":"Organization","@id":"https:\/\/www.mexicanguitarplayers.com\/#organization","name":"Mexican Guitar Players","url":"https:\/\/www.mexicanguitarplayers.com\/","logo":{"@type":"ImageObject","inLanguage":"en-US","@id":"https:\/\/www.mexicanguitarplayers.com\/#\/schema\/logo\/image\/","url":"","contentUrl":"","caption":"Mexican Guitar Players"},"image":{"@id":"https:\/\/www.mexicanguitarplayers.com\/#\/schema\/logo\/image\/"}}]}},"brands":[{"id":257,"name":"ASHDOWN","slug":"ashdown"}],"_links":{"self":[{"href":"https:\/\/www.mexicanguitarplayers.com\/en\/wp-json\/wp\/v2\/product\/34501","targetHints":{"allow":["GET"]}}],"collection":[{"href":"https:\/\/www.mexicanguitarplayers.com\/en\/wp-json\/wp\/v2\/product"}],"about":[{"href":"https:\/\/www.mexicanguitarplayers.com\/en\/wp-json\/wp\/v2\/types\/product"}],"replies":[{"embeddable":true,"href":"https:\/\/www.mexicanguitarplayers.com\/en\/wp-json\/wp\/v2\/comments?post=34501"}],"wp:featuredmedia":[{"embeddable":true,"href":"https:\/\/www.mexicanguitarplayers.com\/en\/wp-json\/wp\/v2\/media\/34494"}],"wp:attachment":[{"href":"https:\/\/www.mexicanguitarplayers.com\/en\/wp-json\/wp\/v2\/media?parent=34501"}],"wp:term":[{"taxonomy":"pwb-brand","embeddable":true,"href":"https:\/\/www.mexicanguitarplayers.com\/en\/wp-json\/wp\/v2\/pwb-brand?post=34501"},{"taxonomy":"product_brand","embeddable":true,"href":"https:\/\/www.mexicanguitarplayers.com\/en\/wp-json\/wp\/v2\/product_brand?post=34501"},{"taxonomy":"product_cat","embeddable":true,"href":"https:\/\/www.mexicanguitarplayers.com\/en\/wp-json\/wp\/v2\/product_cat?post=34501"},{"taxonomy":"product_tag","embeddable":true,"href":"https:\/\/www.mexicanguitarplayers.com\/en\/wp-json\/wp\/v2\/product_tag?post=34501"}],"curies":[{"name":"wp","href":"https:\/\/api.w.org\/{rel}","templated":true}]}}