{"id":34558,"date":"2025-04-08T21:49:58","date_gmt":"2025-04-09T03:49:58","guid":{"rendered":"https:\/\/www.mexicanguitarplayers.com\/tienda\/sin categor\u00eda\/pedal-t-c-mod-2290-p-dynamic-digital-delay\/"},"modified":"2026-05-01T07:21:58","modified_gmt":"2026-05-01T13:21:58","slug":"pedal-t-c-mod-2290-p-dynamic-digital-delay","status":"publish","type":"product","link":"https:\/\/www.mexicanguitarplayers.com\/en\/tienda\/accesorios\/para-guitarras\/pedales-conmutacion\/pedal-t-c-mod-2290-p-dynamic-digital-delay\/","title":{"rendered":"PEDAL T.C. MOD. 2290 P DYNAMIC DIGITAL DELAY"},"content":{"rendered":"<div style=\"text-align: justify\">\n<div>\n<h3>PEDAL T.C. MOD. 2290 P DYNAMIC DIGITAL DELAY<\/h3>\n<\/div>\n<div>El 2290 era conocido por su caracter\u00edstico delay din\u00e1mico, pero tambi\u00e9n ofrec\u00eda una gran cantidad de efectos de modulaci\u00f3n y amplias posibilidades de panoramizaci\u00f3n en una configuraci\u00f3n est\u00e9reo. Portamos todo esto al 2290 P. Un punto clave en ambos casos es que puedes controlar las notas retardadas de forma independiente del sonido original. Puedes agregar modulaci\u00f3n a las notas retardadas dentro del 2290 P, y en caso de que tengas un pedal externo o unidad de efectos que desees usar, puedes insertarlo en el Feedback Loop y tambi\u00e9n solo afectar\u00e1 a las notas retardadas. En cuanto a la panoramizaci\u00f3n, obtienes tres opciones: todo tu se\u00f1al, incluido el sonido original, se ver\u00e1 afectado; solo las notas retardadas se panoramizan entre los canales izquierdo y derecho; o solo la se\u00f1al original se ve afectada.<\/div>\n<div>\n<h4>Characteristics<\/h4>\n<\/div>\n<div>\n<ul style=\"margin: 0px 0px 0px 25px\">\n<li style=\"list-style-type: circle;margin: 5px\">Bypass mode<\/li>\n<li style=\"list-style-type: circle;margin: 5px\">Connectors<\/li>\n<li style=\"list-style-type: circle;margin: 5px\">Fuerza<\/li>\n<li style=\"list-style-type: circle;margin: 5px\">Physical<\/li>\n<li style=\"list-style-type: circle;margin: 5px\">Dimensions<\/li>\n<li style=\"list-style-type: circle;margin: 5px\">Weight<\/li>\n<\/ul>\n<\/div>\n<\/div>","protected":false},"excerpt":{"rendered":"<p>El 2290 P Dynamic Digital Delay es una fiel recreaci\u00f3n del legendario TC2290 en forma de un pedal de guitarra compacto. Ofrece una soluci\u00f3n completa de delay con amplias capacidades de modulaci\u00f3n y panoramizaci\u00f3n, todo ello con un est\u00e9tica retro que incluye pantallas digitales cl\u00e1sicas y teclas para controlar los par\u00e1metros. Con su \u201dperilla de marcaci\u00f3n r\u00e1pida\u201d, proporciona acceso r\u00e1pido para editar par\u00e1metros sobre la marcha, y cuenta con un inserto de efectos FX para a\u00f1adir efectos externos a las repeticiones del delay. Con tres interruptores de pie para presets A\/B, cambio de banco arriba\/abajo y un \u201dLearn\u201d dedicado para tempo de tap. Incluye una completa funcionalidad de tempo de tap con una amplia selecci\u00f3n de opciones de subdivisi\u00f3n, control preestablecido\/banco\/global y soporte para sincronizaci\u00f3n con reloj MIDI. Puede almacenar y recuperar hasta 128 presets y ofrece acceso a una biblioteca de presets de algunos de los mejores artistas y productores de la historia de la m\u00fasica a trav\u00e9s de la aplicaci\u00f3n de escritorio dedicada al 2290. Tambi\u00e9n incluye funciones MIDI IN, MIDI OUT\/THRU y mapeo MIDI a trav\u00e9s de la aplicaci\u00f3n de escritorio 2290. Con opciones de bypass verdadero o bufferizado para activar\/desactivar los trails, y un f\u00e1cil acceso a funciones especiales que antes estaban ocultas en el original TC2290.&hellip; <a class=\"kt-excerpt-readmore more-link\" href=\"https:\/\/www.mexicanguitarplayers.com\/en\/tienda\/accesorios\/para-guitarras\/pedales-conmutacion\/pedal-t-c-mod-2290-p-dynamic-digital-delay\/\">Read more<\/a><\/p>","protected":false},"featured_media":34553,"comment_status":"open","ping_status":"closed","template":"","meta":{"kt_blocks_editor_width":""},"pwb-brand":[170],"product_brand":[],"product_cat":[85,336,503],"product_tag":[],"class_list":{"0":"post-34558","1":"product","2":"type-product","3":"status-publish","4":"has-post-thumbnail","6":"pwb-brand-tc-electronic","7":"product_cat-accesorios","8":"product_cat-para-guitarras","9":"product_cat-pedales-conmutacion","10":"product_shipping_class-0-5-kg","12":"first","13":"instock","14":"taxable","15":"shipping-taxable","16":"purchasable","17":"product-type-simple"},"yoast_head":"<!-- This site is optimized with the Yoast SEO plugin v27.5 - https:\/\/yoast.com\/product\/yoast-seo-wordpress\/ -->\n<title>PEDAL T.C. MOD. 2290 P DYNAMIC DIGITAL DELAY - Mexican Guitar Players<\/title>\n<meta name=\"description\" content=\"El 2290 P Dynamic Digital Delay es una fiel recreaci\u00f3n del legendario TC2290 en forma de un pedal de guitarra compacto. Ofrece una soluci\u00f3n completa de delay con amplias capacidades de modulaci\u00f3n y panoramizaci\u00f3n, todo ello con un est\u00e9tica retro que incluye pantallas digitales cl\u00e1sicas y teclas para controlar los par\u00e1metros. Con su \u201dperilla de marcaci\u00f3n r\u00e1pida\u201d, proporciona acceso r\u00e1pido para editar par\u00e1metros sobre la marcha, y cuenta con un inserto de efectos FX para a\u00f1adir efectos externos a las repeticiones del delay. Con tres interruptores de pie para presets A\/B, cambio de banco arriba\/abajo y un \u201dLearn\u201d dedicado para tempo de tap. Incluye una completa funcionalidad de tempo de tap con una amplia selecci\u00f3n de opciones de subdivisi\u00f3n, control preestablecido\/banco\/global y soporte para sincronizaci\u00f3n con reloj MIDI. Puede almacenar y recuperar hasta 128 presets y ofrece acceso a una biblioteca de presets de algunos de los mejores artistas y productores de la historia de la m\u00fasica a trav\u00e9s de la aplicaci\u00f3n de escritorio dedicada al 2290. Tambi\u00e9n incluye funciones MIDI IN, MIDI OUT\/THRU y mapeo MIDI a trav\u00e9s de la aplicaci\u00f3n de escritorio 2290. Con opciones de bypass verdadero o bufferizado para activar\/desactivar los trails, y un f\u00e1cil acceso a funciones especiales que antes estaban ocultas en el original TC2290.\" \/>\n<meta name=\"robots\" content=\"index, follow, max-snippet:-1, max-image-preview:large, max-video-preview:-1\" \/>\n<link rel=\"canonical\" href=\"https:\/\/www.mexicanguitarplayers.com\/en\/tienda\/sin%20categor\u00eda\/pedal-t-c-mod-2290-p-dynamic-digital-delay\/\" \/>\n<meta property=\"og:locale\" content=\"en_US\" \/>\n<meta property=\"og:type\" content=\"article\" \/>\n<meta property=\"og:title\" content=\"PEDAL T.C. MOD. 2290 P DYNAMIC DIGITAL DELAY - Mexican Guitar Players\" \/>\n<meta property=\"og:description\" content=\"El 2290 P Dynamic Digital Delay es una fiel recreaci\u00f3n del legendario TC2290 en forma de un pedal de guitarra compacto. Ofrece una soluci\u00f3n completa de delay con amplias capacidades de modulaci\u00f3n y panoramizaci\u00f3n, todo ello con un est\u00e9tica retro que incluye pantallas digitales cl\u00e1sicas y teclas para controlar los par\u00e1metros. Con su \u201dperilla de marcaci\u00f3n r\u00e1pida\u201d, proporciona acceso r\u00e1pido para editar par\u00e1metros sobre la marcha, y cuenta con un inserto de efectos FX para a\u00f1adir efectos externos a las repeticiones del delay. Con tres interruptores de pie para presets A\/B, cambio de banco arriba\/abajo y un \u201dLearn\u201d dedicado para tempo de tap. Incluye una completa funcionalidad de tempo de tap con una amplia selecci\u00f3n de opciones de subdivisi\u00f3n, control preestablecido\/banco\/global y soporte para sincronizaci\u00f3n con reloj MIDI. Puede almacenar y recuperar hasta 128 presets y ofrece acceso a una biblioteca de presets de algunos de los mejores artistas y productores de la historia de la m\u00fasica a trav\u00e9s de la aplicaci\u00f3n de escritorio dedicada al 2290. Tambi\u00e9n incluye funciones MIDI IN, MIDI OUT\/THRU y mapeo MIDI a trav\u00e9s de la aplicaci\u00f3n de escritorio 2290. Con opciones de bypass verdadero o bufferizado para activar\/desactivar los trails, y un f\u00e1cil acceso a funciones especiales que antes estaban ocultas en el original TC2290.\" \/>\n<meta property=\"og:url\" content=\"https:\/\/www.mexicanguitarplayers.com\/en\/tienda\/sin categor\u00eda\/pedal-t-c-mod-2290-p-dynamic-digital-delay\/\" \/>\n<meta property=\"og:site_name\" content=\"Mexican Guitar Players\" \/>\n<meta property=\"article:modified_time\" content=\"2026-05-01T13:21:58+00:00\" \/>\n<meta name=\"twitter:card\" content=\"summary_large_image\" \/>\n<meta name=\"twitter:label1\" content=\"Est. reading time\" \/>\n\t<meta name=\"twitter:data1\" content=\"1 minute\" \/>\n<script type=\"application\/ld+json\" class=\"yoast-schema-graph\">{\"@context\":\"https:\\\/\\\/schema.org\",\"@graph\":[{\"@type\":[\"WebPage\",\"ItemPage\"],\"@id\":\"https:\\\/\\\/www.mexicanguitarplayers.com\\\/tienda\\\/sin categor\u00eda\\\/pedal-t-c-mod-2290-p-dynamic-digital-delay\\\/\",\"url\":\"https:\\\/\\\/www.mexicanguitarplayers.com\\\/tienda\\\/sin categor\u00eda\\\/pedal-t-c-mod-2290-p-dynamic-digital-delay\\\/\",\"name\":\"PEDAL T.C. MOD. 2290 P DYNAMIC DIGITAL DELAY - Mexican Guitar Players\",\"isPartOf\":{\"@id\":\"https:\\\/\\\/www.mexicanguitarplayers.com\\\/#website\"},\"primaryImageOfPage\":{\"@id\":\"https:\\\/\\\/www.mexicanguitarplayers.com\\\/tienda\\\/sin categor\u00eda\\\/pedal-t-c-mod-2290-p-dynamic-digital-delay\\\/#primaryimage\"},\"image\":{\"@id\":\"https:\\\/\\\/www.mexicanguitarplayers.com\\\/tienda\\\/sin categor\u00eda\\\/pedal-t-c-mod-2290-p-dynamic-digital-delay\\\/#primaryimage\"},\"thumbnailUrl\":\"https:\\\/\\\/www.mexicanguitarplayers.com\\\/wp-content\\\/uploads\\\/2025\\\/04\\\/VATCE2290PDYDD.jpg\",\"datePublished\":\"2025-04-09T03:49:58+00:00\",\"dateModified\":\"2026-05-01T13:21:58+00:00\",\"description\":\"El 2290 P Dynamic Digital Delay es una fiel recreaci\u00f3n del legendario TC2290 en forma de un pedal de guitarra compacto. Ofrece una soluci\u00f3n completa de delay con amplias capacidades de modulaci\u00f3n y panoramizaci\u00f3n, todo ello con un est\u00e9tica retro que incluye pantallas digitales cl\u00e1sicas y teclas para controlar los par\u00e1metros. Con su \u201dperilla de marcaci\u00f3n r\u00e1pida\u201d, proporciona acceso r\u00e1pido para editar par\u00e1metros sobre la marcha, y cuenta con un inserto de efectos FX para a\u00f1adir efectos externos a las repeticiones del delay. Con tres interruptores de pie para presets A\\\/B, cambio de banco arriba\\\/abajo y un \u201dLearn\u201d dedicado para tempo de tap. Incluye una completa funcionalidad de tempo de tap con una amplia selecci\u00f3n de opciones de subdivisi\u00f3n, control preestablecido\\\/banco\\\/global y soporte para sincronizaci\u00f3n con reloj MIDI. Puede almacenar y recuperar hasta 128 presets y ofrece acceso a una biblioteca de presets de algunos de los mejores artistas y productores de la historia de la m\u00fasica a trav\u00e9s de la aplicaci\u00f3n de escritorio dedicada al 2290. Tambi\u00e9n incluye funciones MIDI IN, MIDI OUT\\\/THRU y mapeo MIDI a trav\u00e9s de la aplicaci\u00f3n de escritorio 2290. Con opciones de bypass verdadero o bufferizado para activar\\\/desactivar los trails, y un f\u00e1cil acceso a funciones especiales que antes estaban ocultas en el original TC2290.\",\"breadcrumb\":{\"@id\":\"https:\\\/\\\/www.mexicanguitarplayers.com\\\/tienda\\\/sin categor\u00eda\\\/pedal-t-c-mod-2290-p-dynamic-digital-delay\\\/#breadcrumb\"},\"inLanguage\":\"en-US\",\"potentialAction\":[{\"@type\":\"ReadAction\",\"target\":[\"https:\\\/\\\/www.mexicanguitarplayers.com\\\/tienda\\\/sin categor\u00eda\\\/pedal-t-c-mod-2290-p-dynamic-digital-delay\\\/\"]}]},{\"@type\":\"ImageObject\",\"inLanguage\":\"en-US\",\"@id\":\"https:\\\/\\\/www.mexicanguitarplayers.com\\\/tienda\\\/sin categor\u00eda\\\/pedal-t-c-mod-2290-p-dynamic-digital-delay\\\/#primaryimage\",\"url\":\"https:\\\/\\\/www.mexicanguitarplayers.com\\\/wp-content\\\/uploads\\\/2025\\\/04\\\/VATCE2290PDYDD.jpg\",\"contentUrl\":\"https:\\\/\\\/www.mexicanguitarplayers.com\\\/wp-content\\\/uploads\\\/2025\\\/04\\\/VATCE2290PDYDD.jpg\",\"width\":1200,\"height\":1200},{\"@type\":\"BreadcrumbList\",\"@id\":\"https:\\\/\\\/www.mexicanguitarplayers.com\\\/tienda\\\/sin categor\u00eda\\\/pedal-t-c-mod-2290-p-dynamic-digital-delay\\\/#breadcrumb\",\"itemListElement\":[{\"@type\":\"ListItem\",\"position\":1,\"name\":\"Portada\",\"item\":\"https:\\\/\\\/www.mexicanguitarplayers.com\\\/\"},{\"@type\":\"ListItem\",\"position\":2,\"name\":\"Tienda\",\"item\":\"https:\\\/\\\/www.mexicanguitarplayers.com\\\/tienda\\\/\"},{\"@type\":\"ListItem\",\"position\":3,\"name\":\"PEDAL T.C. MOD. 2290 P DYNAMIC DIGITAL DELAY\"}]},{\"@type\":\"WebSite\",\"@id\":\"https:\\\/\\\/www.mexicanguitarplayers.com\\\/#website\",\"url\":\"https:\\\/\\\/www.mexicanguitarplayers.com\\\/\",\"name\":\"Mexican Guitar Players\",\"description\":\"Website\",\"publisher\":{\"@id\":\"https:\\\/\\\/www.mexicanguitarplayers.com\\\/#organization\"},\"potentialAction\":[{\"@type\":\"SearchAction\",\"target\":{\"@type\":\"EntryPoint\",\"urlTemplate\":\"https:\\\/\\\/www.mexicanguitarplayers.com\\\/?s={search_term_string}\"},\"query-input\":{\"@type\":\"PropertyValueSpecification\",\"valueRequired\":true,\"valueName\":\"search_term_string\"}}],\"inLanguage\":\"en-US\"},{\"@type\":\"Organization\",\"@id\":\"https:\\\/\\\/www.mexicanguitarplayers.com\\\/#organization\",\"name\":\"Mexican Guitar Players\",\"url\":\"https:\\\/\\\/www.mexicanguitarplayers.com\\\/\",\"logo\":{\"@type\":\"ImageObject\",\"inLanguage\":\"en-US\",\"@id\":\"https:\\\/\\\/www.mexicanguitarplayers.com\\\/#\\\/schema\\\/logo\\\/image\\\/\",\"url\":\"\",\"contentUrl\":\"\",\"caption\":\"Mexican Guitar Players\"},\"image\":{\"@id\":\"https:\\\/\\\/www.mexicanguitarplayers.com\\\/#\\\/schema\\\/logo\\\/image\\\/\"}}]}<\/script>\n<!-- \/ Yoast SEO plugin. -->","yoast_head_json":{"title":"PEDAL T.C. MOD. 2290 P DYNAMIC DIGITAL DELAY - Mexican Guitar Players","description":"El 2290 P Dynamic Digital Delay es una fiel recreaci\u00f3n del legendario TC2290 en forma de un pedal de guitarra compacto. Ofrece una soluci\u00f3n completa de delay con amplias capacidades de modulaci\u00f3n y panoramizaci\u00f3n, todo ello con un est\u00e9tica retro que incluye pantallas digitales cl\u00e1sicas y teclas para controlar los par\u00e1metros. Con su \u201dperilla de marcaci\u00f3n r\u00e1pida\u201d, proporciona acceso r\u00e1pido para editar par\u00e1metros sobre la marcha, y cuenta con un inserto de efectos FX para a\u00f1adir efectos externos a las repeticiones del delay. Con tres interruptores de pie para presets A\/B, cambio de banco arriba\/abajo y un \u201dLearn\u201d dedicado para tempo de tap. Incluye una completa funcionalidad de tempo de tap con una amplia selecci\u00f3n de opciones de subdivisi\u00f3n, control preestablecido\/banco\/global y soporte para sincronizaci\u00f3n con reloj MIDI. Puede almacenar y recuperar hasta 128 presets y ofrece acceso a una biblioteca de presets de algunos de los mejores artistas y productores de la historia de la m\u00fasica a trav\u00e9s de la aplicaci\u00f3n de escritorio dedicada al 2290. Tambi\u00e9n incluye funciones MIDI IN, MIDI OUT\/THRU y mapeo MIDI a trav\u00e9s de la aplicaci\u00f3n de escritorio 2290. Con opciones de bypass verdadero o bufferizado para activar\/desactivar los trails, y un f\u00e1cil acceso a funciones especiales que antes estaban ocultas en el original TC2290.","robots":{"index":"index","follow":"follow","max-snippet":"max-snippet:-1","max-image-preview":"max-image-preview:large","max-video-preview":"max-video-preview:-1"},"canonical":"https:\/\/www.mexicanguitarplayers.com\/en\/tienda\/sin categor\u00eda\/pedal-t-c-mod-2290-p-dynamic-digital-delay\/","og_locale":"en_US","og_type":"article","og_title":"PEDAL T.C. MOD. 2290 P DYNAMIC DIGITAL DELAY - Mexican Guitar Players","og_description":"El 2290 P Dynamic Digital Delay es una fiel recreaci\u00f3n del legendario TC2290 en forma de un pedal de guitarra compacto. Ofrece una soluci\u00f3n completa de delay con amplias capacidades de modulaci\u00f3n y panoramizaci\u00f3n, todo ello con un est\u00e9tica retro que incluye pantallas digitales cl\u00e1sicas y teclas para controlar los par\u00e1metros. Con su \u201dperilla de marcaci\u00f3n r\u00e1pida\u201d, proporciona acceso r\u00e1pido para editar par\u00e1metros sobre la marcha, y cuenta con un inserto de efectos FX para a\u00f1adir efectos externos a las repeticiones del delay. Con tres interruptores de pie para presets A\/B, cambio de banco arriba\/abajo y un \u201dLearn\u201d dedicado para tempo de tap. Incluye una completa funcionalidad de tempo de tap con una amplia selecci\u00f3n de opciones de subdivisi\u00f3n, control preestablecido\/banco\/global y soporte para sincronizaci\u00f3n con reloj MIDI. Puede almacenar y recuperar hasta 128 presets y ofrece acceso a una biblioteca de presets de algunos de los mejores artistas y productores de la historia de la m\u00fasica a trav\u00e9s de la aplicaci\u00f3n de escritorio dedicada al 2290. Tambi\u00e9n incluye funciones MIDI IN, MIDI OUT\/THRU y mapeo MIDI a trav\u00e9s de la aplicaci\u00f3n de escritorio 2290. Con opciones de bypass verdadero o bufferizado para activar\/desactivar los trails, y un f\u00e1cil acceso a funciones especiales que antes estaban ocultas en el original TC2290.","og_url":"https:\/\/www.mexicanguitarplayers.com\/en\/tienda\/sin categor\u00eda\/pedal-t-c-mod-2290-p-dynamic-digital-delay\/","og_site_name":"Mexican Guitar Players","article_modified_time":"2026-05-01T13:21:58+00:00","twitter_card":"summary_large_image","twitter_misc":{"Est. reading time":"1 minute"},"schema":{"@context":"https:\/\/schema.org","@graph":[{"@type":["WebPage","ItemPage"],"@id":"https:\/\/www.mexicanguitarplayers.com\/tienda\/sin categor\u00eda\/pedal-t-c-mod-2290-p-dynamic-digital-delay\/","url":"https:\/\/www.mexicanguitarplayers.com\/tienda\/sin categor\u00eda\/pedal-t-c-mod-2290-p-dynamic-digital-delay\/","name":"PEDAL T.C. MOD. 2290 P DYNAMIC DIGITAL DELAY - Mexican Guitar Players","isPartOf":{"@id":"https:\/\/www.mexicanguitarplayers.com\/#website"},"primaryImageOfPage":{"@id":"https:\/\/www.mexicanguitarplayers.com\/tienda\/sin categor\u00eda\/pedal-t-c-mod-2290-p-dynamic-digital-delay\/#primaryimage"},"image":{"@id":"https:\/\/www.mexicanguitarplayers.com\/tienda\/sin categor\u00eda\/pedal-t-c-mod-2290-p-dynamic-digital-delay\/#primaryimage"},"thumbnailUrl":"https:\/\/www.mexicanguitarplayers.com\/wp-content\/uploads\/2025\/04\/VATCE2290PDYDD.jpg","datePublished":"2025-04-09T03:49:58+00:00","dateModified":"2026-05-01T13:21:58+00:00","description":"El 2290 P Dynamic Digital Delay es una fiel recreaci\u00f3n del legendario TC2290 en forma de un pedal de guitarra compacto. Ofrece una soluci\u00f3n completa de delay con amplias capacidades de modulaci\u00f3n y panoramizaci\u00f3n, todo ello con un est\u00e9tica retro que incluye pantallas digitales cl\u00e1sicas y teclas para controlar los par\u00e1metros. Con su \u201dperilla de marcaci\u00f3n r\u00e1pida\u201d, proporciona acceso r\u00e1pido para editar par\u00e1metros sobre la marcha, y cuenta con un inserto de efectos FX para a\u00f1adir efectos externos a las repeticiones del delay. Con tres interruptores de pie para presets A\/B, cambio de banco arriba\/abajo y un \u201dLearn\u201d dedicado para tempo de tap. Incluye una completa funcionalidad de tempo de tap con una amplia selecci\u00f3n de opciones de subdivisi\u00f3n, control preestablecido\/banco\/global y soporte para sincronizaci\u00f3n con reloj MIDI. Puede almacenar y recuperar hasta 128 presets y ofrece acceso a una biblioteca de presets de algunos de los mejores artistas y productores de la historia de la m\u00fasica a trav\u00e9s de la aplicaci\u00f3n de escritorio dedicada al 2290. Tambi\u00e9n incluye funciones MIDI IN, MIDI OUT\/THRU y mapeo MIDI a trav\u00e9s de la aplicaci\u00f3n de escritorio 2290. Con opciones de bypass verdadero o bufferizado para activar\/desactivar los trails, y un f\u00e1cil acceso a funciones especiales que antes estaban ocultas en el original TC2290.","breadcrumb":{"@id":"https:\/\/www.mexicanguitarplayers.com\/tienda\/sin categor\u00eda\/pedal-t-c-mod-2290-p-dynamic-digital-delay\/#breadcrumb"},"inLanguage":"en-US","potentialAction":[{"@type":"ReadAction","target":["https:\/\/www.mexicanguitarplayers.com\/tienda\/sin categor\u00eda\/pedal-t-c-mod-2290-p-dynamic-digital-delay\/"]}]},{"@type":"ImageObject","inLanguage":"en-US","@id":"https:\/\/www.mexicanguitarplayers.com\/tienda\/sin categor\u00eda\/pedal-t-c-mod-2290-p-dynamic-digital-delay\/#primaryimage","url":"https:\/\/www.mexicanguitarplayers.com\/wp-content\/uploads\/2025\/04\/VATCE2290PDYDD.jpg","contentUrl":"https:\/\/www.mexicanguitarplayers.com\/wp-content\/uploads\/2025\/04\/VATCE2290PDYDD.jpg","width":1200,"height":1200},{"@type":"BreadcrumbList","@id":"https:\/\/www.mexicanguitarplayers.com\/tienda\/sin categor\u00eda\/pedal-t-c-mod-2290-p-dynamic-digital-delay\/#breadcrumb","itemListElement":[{"@type":"ListItem","position":1,"name":"Portada","item":"https:\/\/www.mexicanguitarplayers.com\/"},{"@type":"ListItem","position":2,"name":"Tienda","item":"https:\/\/www.mexicanguitarplayers.com\/tienda\/"},{"@type":"ListItem","position":3,"name":"PEDAL T.C. MOD. 2290 P DYNAMIC DIGITAL DELAY"}]},{"@type":"WebSite","@id":"https:\/\/www.mexicanguitarplayers.com\/#website","url":"https:\/\/www.mexicanguitarplayers.com\/","name":"Mexican Guitar Players","description":"Website","publisher":{"@id":"https:\/\/www.mexicanguitarplayers.com\/#organization"},"potentialAction":[{"@type":"SearchAction","target":{"@type":"EntryPoint","urlTemplate":"https:\/\/www.mexicanguitarplayers.com\/?s={search_term_string}"},"query-input":{"@type":"PropertyValueSpecification","valueRequired":true,"valueName":"search_term_string"}}],"inLanguage":"en-US"},{"@type":"Organization","@id":"https:\/\/www.mexicanguitarplayers.com\/#organization","name":"Mexican Guitar Players","url":"https:\/\/www.mexicanguitarplayers.com\/","logo":{"@type":"ImageObject","inLanguage":"en-US","@id":"https:\/\/www.mexicanguitarplayers.com\/#\/schema\/logo\/image\/","url":"","contentUrl":"","caption":"Mexican Guitar Players"},"image":{"@id":"https:\/\/www.mexicanguitarplayers.com\/#\/schema\/logo\/image\/"}}]}},"brands":[{"id":170,"name":"TC-ELECTRONIC","slug":"tc-electronic"}],"_links":{"self":[{"href":"https:\/\/www.mexicanguitarplayers.com\/en\/wp-json\/wp\/v2\/product\/34558","targetHints":{"allow":["GET"]}}],"collection":[{"href":"https:\/\/www.mexicanguitarplayers.com\/en\/wp-json\/wp\/v2\/product"}],"about":[{"href":"https:\/\/www.mexicanguitarplayers.com\/en\/wp-json\/wp\/v2\/types\/product"}],"replies":[{"embeddable":true,"href":"https:\/\/www.mexicanguitarplayers.com\/en\/wp-json\/wp\/v2\/comments?post=34558"}],"wp:featuredmedia":[{"embeddable":true,"href":"https:\/\/www.mexicanguitarplayers.com\/en\/wp-json\/wp\/v2\/media\/34553"}],"wp:attachment":[{"href":"https:\/\/www.mexicanguitarplayers.com\/en\/wp-json\/wp\/v2\/media?parent=34558"}],"wp:term":[{"taxonomy":"pwb-brand","embeddable":true,"href":"https:\/\/www.mexicanguitarplayers.com\/en\/wp-json\/wp\/v2\/pwb-brand?post=34558"},{"taxonomy":"product_brand","embeddable":true,"href":"https:\/\/www.mexicanguitarplayers.com\/en\/wp-json\/wp\/v2\/product_brand?post=34558"},{"taxonomy":"product_cat","embeddable":true,"href":"https:\/\/www.mexicanguitarplayers.com\/en\/wp-json\/wp\/v2\/product_cat?post=34558"},{"taxonomy":"product_tag","embeddable":true,"href":"https:\/\/www.mexicanguitarplayers.com\/en\/wp-json\/wp\/v2\/product_tag?post=34558"}],"curies":[{"name":"wp","href":"https:\/\/api.w.org\/{rel}","templated":true}]}}