{"id":34614,"date":"2025-04-08T21:51:11","date_gmt":"2025-04-09T03:51:11","guid":{"rendered":"https:\/\/www.mexicanguitarplayers.com\/tienda\/sin categor\u00eda\/pastilla-sd-brazo-sdbr-1n-duckbuckers-for-strat\/"},"modified":"2026-05-01T07:21:54","modified_gmt":"2026-05-01T13:21:54","slug":"pastilla-sd-brazo-sdbr-1n-duckbuckers-for-strat","status":"publish","type":"product","link":"https:\/\/www.mexicanguitarplayers.com\/en\/tienda\/accesorios\/para-guitarras\/pastillas-para-guitarra-electrica\/pastilla-sd-brazo-sdbr-1n-duckbuckers-for-strat\/","title":{"rendered":"PASTILLA SD BRAZO SDBR-1N DUCKBUCKERS FOR STRAT"},"content":{"rendered":"<div style=\"text-align: justify\">\n<div>\n<h3>SINGLE COIL SIZED HUMBUCKER PICKUPS Duckbuckers\u2122 Strat<\/h3>\n<\/div>\n<div>La Duckbucker Strat (SDBR-1) es una humbucker del tama\u00f1o de una bobina de salida vintage que est\u00e1 expresada espec\u00edficamente para el graznido total de la Strat.<\/div>\n<div>\n<h4>Characteristics<\/h4>\n<\/div>\n<div>\n<ul style=\"margin: 0px 0px 0px 25px\">\n<li style=\"list-style-type: circle;margin: 5px\">RCD<\/li>\n<li style=\"list-style-type: circle;margin: 5px\">Im\u00e1n<\/li>\n<li style=\"list-style-type: circle;margin: 5px\">Cable<\/li>\n<li style=\"list-style-type: circle;margin: 5px\">Kind<\/li>\n<\/ul>\n<\/div>\n<\/div>","protected":false},"excerpt":{"rendered":"<p>El Duckbucker es una pastilla humbucker del tama\u00f1o de una bobina simple dise\u00f1ado para conectarse en paralelo para brindarle un tono cl\u00e1sico, brillante y de bobina simple sin ning\u00fan zumbido. Dise\u00f1o de patr\u00f3n de polos divididos con tres piezas polares en cada bobina, tambi\u00e9n contribuye al rebote de bobina simple y al extremo bajo \u00e1gil. Como pastilla de m\u00e1stil, la Duckbucker es ideal para todo tipo de ritmos limpios. Construido a mano en Santa B\u00e1rbara, CA, el Duckbucker para Strat utiliza un im\u00e1n de barra de cer\u00e1mica, viene con un cable conductor de 4 conductores para m\u00faltiples opciones de cableado y est\u00e1 recubierto de cera para un funcionamiento sin chirridos.&hellip; <a class=\"kt-excerpt-readmore more-link\" href=\"https:\/\/www.mexicanguitarplayers.com\/en\/tienda\/accesorios\/para-guitarras\/pastillas-para-guitarra-electrica\/pastilla-sd-brazo-sdbr-1n-duckbuckers-for-strat\/\">Read more<\/a><\/p>","protected":false},"featured_media":34611,"comment_status":"open","ping_status":"closed","template":"","meta":{"kt_blocks_editor_width":""},"pwb-brand":[502],"product_brand":[],"product_cat":[85,336,353],"product_tag":[],"class_list":{"0":"post-34614","1":"product","2":"type-product","3":"status-publish","4":"has-post-thumbnail","6":"pwb-brand-seymour-duncan","7":"product_cat-accesorios","8":"product_cat-para-guitarras","9":"product_cat-pastillas-para-guitarra-electrica","10":"product_shipping_class-0-5-kg","12":"first","13":"instock","14":"taxable","15":"shipping-taxable","16":"purchasable","17":"product-type-simple"},"yoast_head":"<!-- This site is optimized with the Yoast SEO plugin v27.5 - https:\/\/yoast.com\/product\/yoast-seo-wordpress\/ -->\n<title>PASTILLA SD BRAZO SDBR-1N DUCKBUCKERS FOR STRAT - Mexican Guitar Players<\/title>\n<meta name=\"description\" content=\"El Duckbucker es una pastilla humbucker del tama\u00f1o de una bobina simple dise\u00f1ado para conectarse en paralelo para brindarle un tono cl\u00e1sico, brillante y de bobina simple sin ning\u00fan zumbido. Dise\u00f1o de patr\u00f3n de polos divididos con tres piezas polares en cada bobina, tambi\u00e9n contribuye al rebote de bobina simple y al extremo bajo \u00e1gil. Como pastilla de m\u00e1stil, la Duckbucker es ideal para todo tipo de ritmos limpios. Construido a mano en Santa B\u00e1rbara, CA, el Duckbucker para Strat utiliza un im\u00e1n de barra de cer\u00e1mica, viene con un cable conductor de 4 conductores para m\u00faltiples opciones de cableado y est\u00e1 recubierto de cera para un funcionamiento sin chirridos.\" \/>\n<meta name=\"robots\" content=\"index, follow, max-snippet:-1, max-image-preview:large, max-video-preview:-1\" \/>\n<link rel=\"canonical\" href=\"https:\/\/www.mexicanguitarplayers.com\/en\/tienda\/sin%20categor\u00eda\/pastilla-sd-brazo-sdbr-1n-duckbuckers-for-strat\/\" \/>\n<meta property=\"og:locale\" content=\"en_US\" \/>\n<meta property=\"og:type\" content=\"article\" \/>\n<meta property=\"og:title\" content=\"PASTILLA SD BRAZO SDBR-1N DUCKBUCKERS FOR STRAT - Mexican Guitar Players\" \/>\n<meta property=\"og:description\" content=\"El Duckbucker es una pastilla humbucker del tama\u00f1o de una bobina simple dise\u00f1ado para conectarse en paralelo para brindarle un tono cl\u00e1sico, brillante y de bobina simple sin ning\u00fan zumbido. Dise\u00f1o de patr\u00f3n de polos divididos con tres piezas polares en cada bobina, tambi\u00e9n contribuye al rebote de bobina simple y al extremo bajo \u00e1gil. Como pastilla de m\u00e1stil, la Duckbucker es ideal para todo tipo de ritmos limpios. Construido a mano en Santa B\u00e1rbara, CA, el Duckbucker para Strat utiliza un im\u00e1n de barra de cer\u00e1mica, viene con un cable conductor de 4 conductores para m\u00faltiples opciones de cableado y est\u00e1 recubierto de cera para un funcionamiento sin chirridos.\" \/>\n<meta property=\"og:url\" content=\"https:\/\/www.mexicanguitarplayers.com\/en\/tienda\/sin categor\u00eda\/pastilla-sd-brazo-sdbr-1n-duckbuckers-for-strat\/\" \/>\n<meta property=\"og:site_name\" content=\"Mexican Guitar Players\" \/>\n<meta property=\"article:modified_time\" content=\"2026-05-01T13:21:54+00:00\" \/>\n<meta name=\"twitter:card\" content=\"summary_large_image\" \/>\n<script type=\"application\/ld+json\" class=\"yoast-schema-graph\">{\"@context\":\"https:\\\/\\\/schema.org\",\"@graph\":[{\"@type\":[\"WebPage\",\"ItemPage\"],\"@id\":\"https:\\\/\\\/www.mexicanguitarplayers.com\\\/tienda\\\/sin categor\u00eda\\\/pastilla-sd-brazo-sdbr-1n-duckbuckers-for-strat\\\/\",\"url\":\"https:\\\/\\\/www.mexicanguitarplayers.com\\\/tienda\\\/sin categor\u00eda\\\/pastilla-sd-brazo-sdbr-1n-duckbuckers-for-strat\\\/\",\"name\":\"PASTILLA SD BRAZO SDBR-1N DUCKBUCKERS FOR STRAT - Mexican Guitar Players\",\"isPartOf\":{\"@id\":\"https:\\\/\\\/www.mexicanguitarplayers.com\\\/#website\"},\"primaryImageOfPage\":{\"@id\":\"https:\\\/\\\/www.mexicanguitarplayers.com\\\/tienda\\\/sin categor\u00eda\\\/pastilla-sd-brazo-sdbr-1n-duckbuckers-for-strat\\\/#primaryimage\"},\"image\":{\"@id\":\"https:\\\/\\\/www.mexicanguitarplayers.com\\\/tienda\\\/sin categor\u00eda\\\/pastilla-sd-brazo-sdbr-1n-duckbuckers-for-strat\\\/#primaryimage\"},\"thumbnailUrl\":\"https:\\\/\\\/www.mexicanguitarplayers.com\\\/wp-content\\\/uploads\\\/2025\\\/04\\\/RASEOSDBR1NDKS.jpg\",\"datePublished\":\"2025-04-09T03:51:11+00:00\",\"dateModified\":\"2026-05-01T13:21:54+00:00\",\"description\":\"El Duckbucker es una pastilla humbucker del tama\u00f1o de una bobina simple dise\u00f1ado para conectarse en paralelo para brindarle un tono cl\u00e1sico, brillante y de bobina simple sin ning\u00fan zumbido. Dise\u00f1o de patr\u00f3n de polos divididos con tres piezas polares en cada bobina, tambi\u00e9n contribuye al rebote de bobina simple y al extremo bajo \u00e1gil. Como pastilla de m\u00e1stil, la Duckbucker es ideal para todo tipo de ritmos limpios. Construido a mano en Santa B\u00e1rbara, CA, el Duckbucker para Strat utiliza un im\u00e1n de barra de cer\u00e1mica, viene con un cable conductor de 4 conductores para m\u00faltiples opciones de cableado y est\u00e1 recubierto de cera para un funcionamiento sin chirridos.\",\"breadcrumb\":{\"@id\":\"https:\\\/\\\/www.mexicanguitarplayers.com\\\/tienda\\\/sin categor\u00eda\\\/pastilla-sd-brazo-sdbr-1n-duckbuckers-for-strat\\\/#breadcrumb\"},\"inLanguage\":\"en-US\",\"potentialAction\":[{\"@type\":\"ReadAction\",\"target\":[\"https:\\\/\\\/www.mexicanguitarplayers.com\\\/tienda\\\/sin categor\u00eda\\\/pastilla-sd-brazo-sdbr-1n-duckbuckers-for-strat\\\/\"]}]},{\"@type\":\"ImageObject\",\"inLanguage\":\"en-US\",\"@id\":\"https:\\\/\\\/www.mexicanguitarplayers.com\\\/tienda\\\/sin categor\u00eda\\\/pastilla-sd-brazo-sdbr-1n-duckbuckers-for-strat\\\/#primaryimage\",\"url\":\"https:\\\/\\\/www.mexicanguitarplayers.com\\\/wp-content\\\/uploads\\\/2025\\\/04\\\/RASEOSDBR1NDKS.jpg\",\"contentUrl\":\"https:\\\/\\\/www.mexicanguitarplayers.com\\\/wp-content\\\/uploads\\\/2025\\\/04\\\/RASEOSDBR1NDKS.jpg\",\"width\":1200,\"height\":1200},{\"@type\":\"BreadcrumbList\",\"@id\":\"https:\\\/\\\/www.mexicanguitarplayers.com\\\/tienda\\\/sin categor\u00eda\\\/pastilla-sd-brazo-sdbr-1n-duckbuckers-for-strat\\\/#breadcrumb\",\"itemListElement\":[{\"@type\":\"ListItem\",\"position\":1,\"name\":\"Portada\",\"item\":\"https:\\\/\\\/www.mexicanguitarplayers.com\\\/\"},{\"@type\":\"ListItem\",\"position\":2,\"name\":\"Tienda\",\"item\":\"https:\\\/\\\/www.mexicanguitarplayers.com\\\/tienda\\\/\"},{\"@type\":\"ListItem\",\"position\":3,\"name\":\"PASTILLA SD BRAZO SDBR-1N DUCKBUCKERS FOR STRAT\"}]},{\"@type\":\"WebSite\",\"@id\":\"https:\\\/\\\/www.mexicanguitarplayers.com\\\/#website\",\"url\":\"https:\\\/\\\/www.mexicanguitarplayers.com\\\/\",\"name\":\"Mexican Guitar Players\",\"description\":\"Website\",\"publisher\":{\"@id\":\"https:\\\/\\\/www.mexicanguitarplayers.com\\\/#organization\"},\"potentialAction\":[{\"@type\":\"SearchAction\",\"target\":{\"@type\":\"EntryPoint\",\"urlTemplate\":\"https:\\\/\\\/www.mexicanguitarplayers.com\\\/?s={search_term_string}\"},\"query-input\":{\"@type\":\"PropertyValueSpecification\",\"valueRequired\":true,\"valueName\":\"search_term_string\"}}],\"inLanguage\":\"en-US\"},{\"@type\":\"Organization\",\"@id\":\"https:\\\/\\\/www.mexicanguitarplayers.com\\\/#organization\",\"name\":\"Mexican Guitar Players\",\"url\":\"https:\\\/\\\/www.mexicanguitarplayers.com\\\/\",\"logo\":{\"@type\":\"ImageObject\",\"inLanguage\":\"en-US\",\"@id\":\"https:\\\/\\\/www.mexicanguitarplayers.com\\\/#\\\/schema\\\/logo\\\/image\\\/\",\"url\":\"\",\"contentUrl\":\"\",\"caption\":\"Mexican Guitar Players\"},\"image\":{\"@id\":\"https:\\\/\\\/www.mexicanguitarplayers.com\\\/#\\\/schema\\\/logo\\\/image\\\/\"}}]}<\/script>\n<!-- \/ Yoast SEO plugin. -->","yoast_head_json":{"title":"PASTILLA SD BRAZO SDBR-1N DUCKBUCKERS FOR STRAT - Mexican Guitar Players","description":"El Duckbucker es una pastilla humbucker del tama\u00f1o de una bobina simple dise\u00f1ado para conectarse en paralelo para brindarle un tono cl\u00e1sico, brillante y de bobina simple sin ning\u00fan zumbido. Dise\u00f1o de patr\u00f3n de polos divididos con tres piezas polares en cada bobina, tambi\u00e9n contribuye al rebote de bobina simple y al extremo bajo \u00e1gil. Como pastilla de m\u00e1stil, la Duckbucker es ideal para todo tipo de ritmos limpios. Construido a mano en Santa B\u00e1rbara, CA, el Duckbucker para Strat utiliza un im\u00e1n de barra de cer\u00e1mica, viene con un cable conductor de 4 conductores para m\u00faltiples opciones de cableado y est\u00e1 recubierto de cera para un funcionamiento sin chirridos.","robots":{"index":"index","follow":"follow","max-snippet":"max-snippet:-1","max-image-preview":"max-image-preview:large","max-video-preview":"max-video-preview:-1"},"canonical":"https:\/\/www.mexicanguitarplayers.com\/en\/tienda\/sin categor\u00eda\/pastilla-sd-brazo-sdbr-1n-duckbuckers-for-strat\/","og_locale":"en_US","og_type":"article","og_title":"PASTILLA SD BRAZO SDBR-1N DUCKBUCKERS FOR STRAT - Mexican Guitar Players","og_description":"El Duckbucker es una pastilla humbucker del tama\u00f1o de una bobina simple dise\u00f1ado para conectarse en paralelo para brindarle un tono cl\u00e1sico, brillante y de bobina simple sin ning\u00fan zumbido. Dise\u00f1o de patr\u00f3n de polos divididos con tres piezas polares en cada bobina, tambi\u00e9n contribuye al rebote de bobina simple y al extremo bajo \u00e1gil. Como pastilla de m\u00e1stil, la Duckbucker es ideal para todo tipo de ritmos limpios. Construido a mano en Santa B\u00e1rbara, CA, el Duckbucker para Strat utiliza un im\u00e1n de barra de cer\u00e1mica, viene con un cable conductor de 4 conductores para m\u00faltiples opciones de cableado y est\u00e1 recubierto de cera para un funcionamiento sin chirridos.","og_url":"https:\/\/www.mexicanguitarplayers.com\/en\/tienda\/sin categor\u00eda\/pastilla-sd-brazo-sdbr-1n-duckbuckers-for-strat\/","og_site_name":"Mexican Guitar Players","article_modified_time":"2026-05-01T13:21:54+00:00","twitter_card":"summary_large_image","schema":{"@context":"https:\/\/schema.org","@graph":[{"@type":["WebPage","ItemPage"],"@id":"https:\/\/www.mexicanguitarplayers.com\/tienda\/sin categor\u00eda\/pastilla-sd-brazo-sdbr-1n-duckbuckers-for-strat\/","url":"https:\/\/www.mexicanguitarplayers.com\/tienda\/sin categor\u00eda\/pastilla-sd-brazo-sdbr-1n-duckbuckers-for-strat\/","name":"PASTILLA SD BRAZO SDBR-1N DUCKBUCKERS FOR STRAT - Mexican Guitar Players","isPartOf":{"@id":"https:\/\/www.mexicanguitarplayers.com\/#website"},"primaryImageOfPage":{"@id":"https:\/\/www.mexicanguitarplayers.com\/tienda\/sin categor\u00eda\/pastilla-sd-brazo-sdbr-1n-duckbuckers-for-strat\/#primaryimage"},"image":{"@id":"https:\/\/www.mexicanguitarplayers.com\/tienda\/sin categor\u00eda\/pastilla-sd-brazo-sdbr-1n-duckbuckers-for-strat\/#primaryimage"},"thumbnailUrl":"https:\/\/www.mexicanguitarplayers.com\/wp-content\/uploads\/2025\/04\/RASEOSDBR1NDKS.jpg","datePublished":"2025-04-09T03:51:11+00:00","dateModified":"2026-05-01T13:21:54+00:00","description":"El Duckbucker es una pastilla humbucker del tama\u00f1o de una bobina simple dise\u00f1ado para conectarse en paralelo para brindarle un tono cl\u00e1sico, brillante y de bobina simple sin ning\u00fan zumbido. Dise\u00f1o de patr\u00f3n de polos divididos con tres piezas polares en cada bobina, tambi\u00e9n contribuye al rebote de bobina simple y al extremo bajo \u00e1gil. Como pastilla de m\u00e1stil, la Duckbucker es ideal para todo tipo de ritmos limpios. Construido a mano en Santa B\u00e1rbara, CA, el Duckbucker para Strat utiliza un im\u00e1n de barra de cer\u00e1mica, viene con un cable conductor de 4 conductores para m\u00faltiples opciones de cableado y est\u00e1 recubierto de cera para un funcionamiento sin chirridos.","breadcrumb":{"@id":"https:\/\/www.mexicanguitarplayers.com\/tienda\/sin categor\u00eda\/pastilla-sd-brazo-sdbr-1n-duckbuckers-for-strat\/#breadcrumb"},"inLanguage":"en-US","potentialAction":[{"@type":"ReadAction","target":["https:\/\/www.mexicanguitarplayers.com\/tienda\/sin categor\u00eda\/pastilla-sd-brazo-sdbr-1n-duckbuckers-for-strat\/"]}]},{"@type":"ImageObject","inLanguage":"en-US","@id":"https:\/\/www.mexicanguitarplayers.com\/tienda\/sin categor\u00eda\/pastilla-sd-brazo-sdbr-1n-duckbuckers-for-strat\/#primaryimage","url":"https:\/\/www.mexicanguitarplayers.com\/wp-content\/uploads\/2025\/04\/RASEOSDBR1NDKS.jpg","contentUrl":"https:\/\/www.mexicanguitarplayers.com\/wp-content\/uploads\/2025\/04\/RASEOSDBR1NDKS.jpg","width":1200,"height":1200},{"@type":"BreadcrumbList","@id":"https:\/\/www.mexicanguitarplayers.com\/tienda\/sin categor\u00eda\/pastilla-sd-brazo-sdbr-1n-duckbuckers-for-strat\/#breadcrumb","itemListElement":[{"@type":"ListItem","position":1,"name":"Portada","item":"https:\/\/www.mexicanguitarplayers.com\/"},{"@type":"ListItem","position":2,"name":"Tienda","item":"https:\/\/www.mexicanguitarplayers.com\/tienda\/"},{"@type":"ListItem","position":3,"name":"PASTILLA SD BRAZO SDBR-1N DUCKBUCKERS FOR STRAT"}]},{"@type":"WebSite","@id":"https:\/\/www.mexicanguitarplayers.com\/#website","url":"https:\/\/www.mexicanguitarplayers.com\/","name":"Mexican Guitar Players","description":"Website","publisher":{"@id":"https:\/\/www.mexicanguitarplayers.com\/#organization"},"potentialAction":[{"@type":"SearchAction","target":{"@type":"EntryPoint","urlTemplate":"https:\/\/www.mexicanguitarplayers.com\/?s={search_term_string}"},"query-input":{"@type":"PropertyValueSpecification","valueRequired":true,"valueName":"search_term_string"}}],"inLanguage":"en-US"},{"@type":"Organization","@id":"https:\/\/www.mexicanguitarplayers.com\/#organization","name":"Mexican Guitar Players","url":"https:\/\/www.mexicanguitarplayers.com\/","logo":{"@type":"ImageObject","inLanguage":"en-US","@id":"https:\/\/www.mexicanguitarplayers.com\/#\/schema\/logo\/image\/","url":"","contentUrl":"","caption":"Mexican Guitar Players"},"image":{"@id":"https:\/\/www.mexicanguitarplayers.com\/#\/schema\/logo\/image\/"}}]}},"brands":[{"id":502,"name":"SEYMOUR DUNCAN","slug":"seymour-duncan"}],"_links":{"self":[{"href":"https:\/\/www.mexicanguitarplayers.com\/en\/wp-json\/wp\/v2\/product\/34614","targetHints":{"allow":["GET"]}}],"collection":[{"href":"https:\/\/www.mexicanguitarplayers.com\/en\/wp-json\/wp\/v2\/product"}],"about":[{"href":"https:\/\/www.mexicanguitarplayers.com\/en\/wp-json\/wp\/v2\/types\/product"}],"replies":[{"embeddable":true,"href":"https:\/\/www.mexicanguitarplayers.com\/en\/wp-json\/wp\/v2\/comments?post=34614"}],"wp:featuredmedia":[{"embeddable":true,"href":"https:\/\/www.mexicanguitarplayers.com\/en\/wp-json\/wp\/v2\/media\/34611"}],"wp:attachment":[{"href":"https:\/\/www.mexicanguitarplayers.com\/en\/wp-json\/wp\/v2\/media?parent=34614"}],"wp:term":[{"taxonomy":"pwb-brand","embeddable":true,"href":"https:\/\/www.mexicanguitarplayers.com\/en\/wp-json\/wp\/v2\/pwb-brand?post=34614"},{"taxonomy":"product_brand","embeddable":true,"href":"https:\/\/www.mexicanguitarplayers.com\/en\/wp-json\/wp\/v2\/product_brand?post=34614"},{"taxonomy":"product_cat","embeddable":true,"href":"https:\/\/www.mexicanguitarplayers.com\/en\/wp-json\/wp\/v2\/product_cat?post=34614"},{"taxonomy":"product_tag","embeddable":true,"href":"https:\/\/www.mexicanguitarplayers.com\/en\/wp-json\/wp\/v2\/product_tag?post=34614"}],"curies":[{"name":"wp","href":"https:\/\/api.w.org\/{rel}","templated":true}]}}