{"id":34616,"date":"2025-04-08T21:51:13","date_gmt":"2025-04-09T03:51:13","guid":{"rendered":"https:\/\/www.mexicanguitarplayers.com\/tienda\/sin categor\u00eda\/amplificador-blackstar-p-guit-ht-met-100\/"},"modified":"2026-04-10T04:29:53","modified_gmt":"2026-04-10T10:29:53","slug":"amplificador-blackstar-p-guit-ht-met-100","status":"publish","type":"product","link":"https:\/\/www.mexicanguitarplayers.com\/en\/tienda\/cuerdas\/amplificadores-cuerdas\/amps-para-guitarra\/amplificador-blackstar-p-guit-ht-met-100\/","title":{"rendered":"AMPLIFICADOR BLACKSTAR P\/GUIT HT-MET.100"},"content":{"rendered":"<div style=\"text-align: justify\">\n<div>\n<h3>Desgarradora potencia a bulbos.<\/h3>\n<\/div>\n<div>Los 4 bulbos del amplificador de guitarra HT-METAL-100 proporcionan 100 watts de potencia de bulbos, haci\u00e9ndolo un amplificador que te funcionar\u00e1 durante toda la noche, incluso en los ambientes en vivo m\u00e1s rudos. El canal Clean estilo boutique es extremadamente vers\u00e1til y cuenta con 2 modos: \u2018British Class-A\u2019 y \u2018Dynamic US\u2019. Cada uno de los canales Overdrive est\u00e1 equipado con un control ISF, que ofrece lo \u00faltimo en tonos de guitarras de metal.<\/div>\n<div>\n<h4>Quick look<\/h4>\n<\/div>\n<ul style=\"margin: 0px 0px 0px 25px\">\n<li style=\"list-style-type: circle;margin: 5px\">Kind.<\/li>\n<li style=\"list-style-type: circle;margin: 5px\">Bulbs<\/li>\n<li style=\"list-style-type: circle;margin: 5px\">Characteristics.<\/li>\n<li style=\"list-style-type: circle;margin: 5px\">Tickets.<\/li>\n<li style=\"list-style-type: circle;margin: 5px\">Controls<\/li>\n<li style=\"list-style-type: circle;margin: 5px\">Dise\u00f1o cosm\u00e9tico personalizado.<\/li>\n<li style=\"list-style-type: circle;margin: 5px\">3 canales seleccionables.<\/li>\n<li style=\"list-style-type: circle;margin: 5px\">Digital reverb.<\/li>\n<li style=\"list-style-type: circle;margin: 5px\">ISF control.<\/li>\n<li style=\"list-style-type: circle;margin: 5px\">Speaker emulation output.<\/li>\n<li style=\"list-style-type: circle;margin: 5px\">Loop de Efectos.<\/li>\n<li style=\"list-style-type: circle;margin: 5px\">Dimensions<\/li>\n<li style=\"list-style-type: circle;margin: 5px\">Weight.<\/li>\n<\/ul>\n<div>\n<div style=\"font-weight: bold\">Kind.<\/div>\n<div>\n<p>Cabezal de guitarra de 100 watts a bulbos.<\/p>\n<\/div>\n<div style=\"font-weight: bold\">Bulbs<\/div>\n<div>\n<p>Bulbos de preamp: 2 x ECC83, 1 x ECC82. Bulbos de potencia: 4 x 6L6.<\/p>\n<\/div>\n<div style=\"font-weight: bold\">Characteristics.<\/div>\n<div>\n<p>Ganancia y tono extremos. Controles de tono mejorados. Switch Clean Voice. Estilo metal. Reverb digital con switch Dark\/Bright. Incluye pedal footswitch de 4 v\u00edas. Rejilla met\u00e1lica.<\/p>\n<\/div>\n<div style=\"font-weight: bold\">Tickets.<\/div>\n<div>\n<p>Entrada de instrumento.<\/p>\n<\/div>\n<div style=\"font-weight: bold\">Controls<\/div>\n<div>\n<p>Clean Volume, Clean Bass, Clean Treble, OD 1 Gain, OD 1 Volume, OD 2 Gain, OD 2 Volume, Bass, Middle, Treble, ISF, Reverb, Presence, Resonance, Master Volume.<\/p>\n<\/div>\n<div style=\"font-weight: bold\">Dise\u00f1o cosm\u00e9tico personalizado.<\/div>\n<div>\n<p>La serie HT cuenta con dise\u00f1os cosm\u00e9ticos personalizados para guitarristas de metal. Todo el rango cuenta con perillas negras, panel met\u00e1lico, logo met\u00e1lico y en algunos modelos, con rejilla met\u00e1lica personalizada.<\/p>\n<\/div>\n<div style=\"font-weight: bold\">3 canales seleccionables.<\/div>\n<div>\n<p>Clean, Overdrive 1, Overdrive 2. El canal Clean tiene 2 modos: \u2018boutique\u2019 y \u2018modern\u2019 y sus propios controles de tono Treble y Bass, proporcionando el rango m\u00e1s amplio posible de sonidos limpios. El switch Voice reconfigura el preamplificador voicing y la estructura de la ganancia y tambi\u00e9n el amortiguamiento de amplificador de potencia para reproducir el funcionamiento de Clase A en el modo \u201cboutique\u201d o tonos muy limpios y apretados de Clase AB en el ajuste \u201cmodern\u201d. Cuenta tambi\u00e9n con 2 canales Overdrive que tienen en com\u00fan una secci\u00f3n EQ y como en el canal Clean, cada uno de estos canales tiene un switch Voice que permite cambiar el car\u00e1cter de cada canal, proporcionando una gran paleta de tonos Overdrive.<\/p>\n<\/div>\n<div style=\"font-weight: bold\">Digital reverb.<\/div>\n<div>\n<p>The reverb control adjusts the level of the reverb effect. With the control fully to the left you will not have reverb, but turning the control clockwise will increase the amount of reverb.<\/p>\n<\/div>\n<div style=\"font-weight: bold\">ISF control.<\/div>\n<div>\n<p>The ISF control works in conjunction with the tone controls. This control allows you to find the sound you are really looking for. Fully CCW gives you a tight and aggressive American sound, while fully CW gives you a characteristic British sound, more woody and less aggressive.<\/p>\n<\/div>\n<div style=\"font-weight: bold\">Speaker emulation output.<\/div>\n<div>\n<p>El dise\u00f1o de salida de emulaci\u00f3n de altavoz es un nuevo punto de referencia para la grabaci\u00f3n pro en directo. Este dise\u00f1o sin compromisos hace que sea sencillo obtener tu tono en discos o cintas. Puedes tambi\u00e9n usarlo para correr una l\u00ednea de salida a PA. Cuenta con voicing de 1&#215;12 o 4&#215;12.<\/p>\n<\/div>\n<div style=\"font-weight: bold\">Loop de Efectos.<\/div>\n<div>\n<p>El amplificador cuenta con Loop de Efectos, lo que te permite conectar pedales de efectos u otro equipo profesional utilizando las conexiones de env\u00edo y retorno. El switch de nivel del Loop de Efectos ajusta el loop de efectos a +4dBV\/-10dBV, lo que te permite utilizarlo con equipos profesionales (ajuste de 4 dBV) o con nivel de efectos de guitarra, tales como pedales de efectos (ajuste -10 dBV).<\/p>\n<\/div>\n<div style=\"font-weight: bold\">Dimensions<\/div>\n<div>\n<p>655 x 315 x 265 mm.<\/p>\n<\/div>\n<div style=\"font-weight: bold\">Weight.<\/div>\n<div>\n<p>19.6 kg.<\/p>\n<\/div>\n<\/div>\n<\/div>","protected":false},"excerpt":{"rendered":"<p>Amplificador de guitarra de 100 watts a bulbos, ganancia y tono extremos, controles de tono mejorados, reverb digital con switch Dark\/Bright, rejilla met\u00e1lica, bulbos de preamp: 2 x ECC83, 1 x ECC82, bulbos de potencia: 4 x 6L6, 3 canales seleccionables (Clean, Overdrive 1, Overdrive 2), control ISF (Infinite Shape Feature), salida de emulaci\u00f3n de altavoz, loop de efectos, incluye pedal footswitch de 4 v\u00edas, dimensiones: 655 x 315 x 265 mm, peso: 19.6 kg.&hellip; <a class=\"kt-excerpt-readmore more-link\" href=\"https:\/\/www.mexicanguitarplayers.com\/en\/tienda\/cuerdas\/amplificadores-cuerdas\/amps-para-guitarra\/amplificador-blackstar-p-guit-ht-met-100\/\">Read more<\/a><\/p>","protected":false},"featured_media":34615,"comment_status":"open","ping_status":"closed","template":"","meta":{"kt_blocks_editor_width":""},"pwb-brand":[172],"product_brand":[],"product_cat":[219,226,224],"product_tag":[],"class_list":{"0":"post-34616","1":"product","2":"type-product","3":"status-publish","4":"has-post-thumbnail","6":"pwb-brand-blackstar","7":"product_cat-amplificadores-audio","8":"product_cat-amps-para-guitarra","9":"product_cat-cuerdas","10":"product_shipping_class-25-30-kg","12":"first","13":"outofstock","14":"taxable","15":"shipping-taxable","16":"purchasable","17":"product-type-simple"},"yoast_head":"<!-- This site is optimized with the Yoast SEO plugin v27.6 - https:\/\/yoast.com\/product\/yoast-seo-wordpress\/ -->\n<title>AMPLIFICADOR BLACKSTAR P\/GUIT HT-MET.100 - Mexican Guitar Players<\/title>\n<meta name=\"description\" content=\"Amplificador de guitarra de 100 watts a bulbos, ganancia y tono extremos, controles de tono mejorados, reverb digital con switch Dark\/Bright, rejilla met\u00e1lica, bulbos de preamp: 2 x ECC83, 1 x ECC82, bulbos de potencia: 4 x 6L6, 3 canales seleccionables (Clean, Overdrive 1, Overdrive 2), control ISF (Infinite Shape Feature), salida de emulaci\u00f3n de altavoz, loop de efectos, incluye pedal footswitch de 4 v\u00edas, dimensiones: 655 x 315 x 265 mm, peso: 19.6 kg.\" \/>\n<meta name=\"robots\" content=\"index, follow, max-snippet:-1, max-image-preview:large, max-video-preview:-1\" \/>\n<link rel=\"canonical\" href=\"https:\/\/www.mexicanguitarplayers.com\/en\/tienda\/sin%20categor\u00eda\/amplificador-blackstar-p-guit-ht-met-100\/\" \/>\n<meta property=\"og:locale\" content=\"en_US\" \/>\n<meta property=\"og:type\" content=\"article\" \/>\n<meta property=\"og:title\" content=\"AMPLIFICADOR BLACKSTAR P\/GUIT HT-MET.100 - Mexican Guitar Players\" \/>\n<meta property=\"og:description\" content=\"Amplificador de guitarra de 100 watts a bulbos, ganancia y tono extremos, controles de tono mejorados, reverb digital con switch Dark\/Bright, rejilla met\u00e1lica, bulbos de preamp: 2 x ECC83, 1 x ECC82, bulbos de potencia: 4 x 6L6, 3 canales seleccionables (Clean, Overdrive 1, Overdrive 2), control ISF (Infinite Shape Feature), salida de emulaci\u00f3n de altavoz, loop de efectos, incluye pedal footswitch de 4 v\u00edas, dimensiones: 655 x 315 x 265 mm, peso: 19.6 kg.\" \/>\n<meta property=\"og:url\" content=\"https:\/\/www.mexicanguitarplayers.com\/en\/tienda\/sin categor\u00eda\/amplificador-blackstar-p-guit-ht-met-100\/\" \/>\n<meta property=\"og:site_name\" content=\"Mexican Guitar Players\" \/>\n<meta property=\"article:modified_time\" content=\"2026-04-10T10:29:53+00:00\" \/>\n<meta name=\"twitter:card\" content=\"summary_large_image\" \/>\n<meta name=\"twitter:label1\" content=\"Est. reading time\" \/>\n\t<meta name=\"twitter:data1\" content=\"3 minutes\" \/>\n<script type=\"application\/ld+json\" class=\"yoast-schema-graph\">{\"@context\":\"https:\\\/\\\/schema.org\",\"@graph\":[{\"@type\":[\"WebPage\",\"ItemPage\"],\"@id\":\"https:\\\/\\\/www.mexicanguitarplayers.com\\\/tienda\\\/sin categor\u00eda\\\/amplificador-blackstar-p-guit-ht-met-100\\\/\",\"url\":\"https:\\\/\\\/www.mexicanguitarplayers.com\\\/tienda\\\/sin categor\u00eda\\\/amplificador-blackstar-p-guit-ht-met-100\\\/\",\"name\":\"AMPLIFICADOR BLACKSTAR P\\\/GUIT HT-MET.100 - Mexican Guitar Players\",\"isPartOf\":{\"@id\":\"https:\\\/\\\/www.mexicanguitarplayers.com\\\/#website\"},\"primaryImageOfPage\":{\"@id\":\"https:\\\/\\\/www.mexicanguitarplayers.com\\\/tienda\\\/sin categor\u00eda\\\/amplificador-blackstar-p-guit-ht-met-100\\\/#primaryimage\"},\"image\":{\"@id\":\"https:\\\/\\\/www.mexicanguitarplayers.com\\\/tienda\\\/sin categor\u00eda\\\/amplificador-blackstar-p-guit-ht-met-100\\\/#primaryimage\"},\"thumbnailUrl\":\"https:\\\/\\\/www.mexicanguitarplayers.com\\\/wp-content\\\/uploads\\\/2025\\\/04\\\/ICBLSHTMET100.jpg\",\"datePublished\":\"2025-04-09T03:51:13+00:00\",\"dateModified\":\"2026-04-10T10:29:53+00:00\",\"description\":\"Amplificador de guitarra de 100 watts a bulbos, ganancia y tono extremos, controles de tono mejorados, reverb digital con switch Dark\\\/Bright, rejilla met\u00e1lica, bulbos de preamp: 2 x ECC83, 1 x ECC82, bulbos de potencia: 4 x 6L6, 3 canales seleccionables (Clean, Overdrive 1, Overdrive 2), control ISF (Infinite Shape Feature), salida de emulaci\u00f3n de altavoz, loop de efectos, incluye pedal footswitch de 4 v\u00edas, dimensiones: 655 x 315 x 265 mm, peso: 19.6 kg.\",\"breadcrumb\":{\"@id\":\"https:\\\/\\\/www.mexicanguitarplayers.com\\\/tienda\\\/sin categor\u00eda\\\/amplificador-blackstar-p-guit-ht-met-100\\\/#breadcrumb\"},\"inLanguage\":\"en-US\",\"potentialAction\":[{\"@type\":\"ReadAction\",\"target\":[\"https:\\\/\\\/www.mexicanguitarplayers.com\\\/tienda\\\/sin categor\u00eda\\\/amplificador-blackstar-p-guit-ht-met-100\\\/\"]}]},{\"@type\":\"ImageObject\",\"inLanguage\":\"en-US\",\"@id\":\"https:\\\/\\\/www.mexicanguitarplayers.com\\\/tienda\\\/sin categor\u00eda\\\/amplificador-blackstar-p-guit-ht-met-100\\\/#primaryimage\",\"url\":\"https:\\\/\\\/www.mexicanguitarplayers.com\\\/wp-content\\\/uploads\\\/2025\\\/04\\\/ICBLSHTMET100.jpg\",\"contentUrl\":\"https:\\\/\\\/www.mexicanguitarplayers.com\\\/wp-content\\\/uploads\\\/2025\\\/04\\\/ICBLSHTMET100.jpg\",\"width\":1600,\"height\":800},{\"@type\":\"BreadcrumbList\",\"@id\":\"https:\\\/\\\/www.mexicanguitarplayers.com\\\/tienda\\\/sin categor\u00eda\\\/amplificador-blackstar-p-guit-ht-met-100\\\/#breadcrumb\",\"itemListElement\":[{\"@type\":\"ListItem\",\"position\":1,\"name\":\"Portada\",\"item\":\"https:\\\/\\\/www.mexicanguitarplayers.com\\\/\"},{\"@type\":\"ListItem\",\"position\":2,\"name\":\"Tienda\",\"item\":\"https:\\\/\\\/www.mexicanguitarplayers.com\\\/tienda\\\/\"},{\"@type\":\"ListItem\",\"position\":3,\"name\":\"AMPLIFICADOR BLACKSTAR P\\\/GUIT HT-MET.100\"}]},{\"@type\":\"WebSite\",\"@id\":\"https:\\\/\\\/www.mexicanguitarplayers.com\\\/#website\",\"url\":\"https:\\\/\\\/www.mexicanguitarplayers.com\\\/\",\"name\":\"Mexican Guitar Players\",\"description\":\"Website\",\"publisher\":{\"@id\":\"https:\\\/\\\/www.mexicanguitarplayers.com\\\/#organization\"},\"potentialAction\":[{\"@type\":\"SearchAction\",\"target\":{\"@type\":\"EntryPoint\",\"urlTemplate\":\"https:\\\/\\\/www.mexicanguitarplayers.com\\\/?s={search_term_string}\"},\"query-input\":{\"@type\":\"PropertyValueSpecification\",\"valueRequired\":true,\"valueName\":\"search_term_string\"}}],\"inLanguage\":\"en-US\"},{\"@type\":\"Organization\",\"@id\":\"https:\\\/\\\/www.mexicanguitarplayers.com\\\/#organization\",\"name\":\"Mexican Guitar Players\",\"url\":\"https:\\\/\\\/www.mexicanguitarplayers.com\\\/\",\"logo\":{\"@type\":\"ImageObject\",\"inLanguage\":\"en-US\",\"@id\":\"https:\\\/\\\/www.mexicanguitarplayers.com\\\/#\\\/schema\\\/logo\\\/image\\\/\",\"url\":\"\",\"contentUrl\":\"\",\"caption\":\"Mexican Guitar Players\"},\"image\":{\"@id\":\"https:\\\/\\\/www.mexicanguitarplayers.com\\\/#\\\/schema\\\/logo\\\/image\\\/\"}}]}<\/script>\n<!-- \/ Yoast SEO plugin. -->","yoast_head_json":{"title":"AMPLIFICADOR BLACKSTAR P\/GUIT HT-MET.100 - Mexican Guitar Players","description":"Amplificador de guitarra de 100 watts a bulbos, ganancia y tono extremos, controles de tono mejorados, reverb digital con switch Dark\/Bright, rejilla met\u00e1lica, bulbos de preamp: 2 x ECC83, 1 x ECC82, bulbos de potencia: 4 x 6L6, 3 canales seleccionables (Clean, Overdrive 1, Overdrive 2), control ISF (Infinite Shape Feature), salida de emulaci\u00f3n de altavoz, loop de efectos, incluye pedal footswitch de 4 v\u00edas, dimensiones: 655 x 315 x 265 mm, peso: 19.6 kg.","robots":{"index":"index","follow":"follow","max-snippet":"max-snippet:-1","max-image-preview":"max-image-preview:large","max-video-preview":"max-video-preview:-1"},"canonical":"https:\/\/www.mexicanguitarplayers.com\/en\/tienda\/sin categor\u00eda\/amplificador-blackstar-p-guit-ht-met-100\/","og_locale":"en_US","og_type":"article","og_title":"AMPLIFICADOR BLACKSTAR P\/GUIT HT-MET.100 - Mexican Guitar Players","og_description":"Amplificador de guitarra de 100 watts a bulbos, ganancia y tono extremos, controles de tono mejorados, reverb digital con switch Dark\/Bright, rejilla met\u00e1lica, bulbos de preamp: 2 x ECC83, 1 x ECC82, bulbos de potencia: 4 x 6L6, 3 canales seleccionables (Clean, Overdrive 1, Overdrive 2), control ISF (Infinite Shape Feature), salida de emulaci\u00f3n de altavoz, loop de efectos, incluye pedal footswitch de 4 v\u00edas, dimensiones: 655 x 315 x 265 mm, peso: 19.6 kg.","og_url":"https:\/\/www.mexicanguitarplayers.com\/en\/tienda\/sin categor\u00eda\/amplificador-blackstar-p-guit-ht-met-100\/","og_site_name":"Mexican Guitar Players","article_modified_time":"2026-04-10T10:29:53+00:00","twitter_card":"summary_large_image","twitter_misc":{"Est. reading time":"3 minutes"},"schema":{"@context":"https:\/\/schema.org","@graph":[{"@type":["WebPage","ItemPage"],"@id":"https:\/\/www.mexicanguitarplayers.com\/tienda\/sin categor\u00eda\/amplificador-blackstar-p-guit-ht-met-100\/","url":"https:\/\/www.mexicanguitarplayers.com\/tienda\/sin categor\u00eda\/amplificador-blackstar-p-guit-ht-met-100\/","name":"AMPLIFICADOR BLACKSTAR P\/GUIT HT-MET.100 - Mexican Guitar Players","isPartOf":{"@id":"https:\/\/www.mexicanguitarplayers.com\/#website"},"primaryImageOfPage":{"@id":"https:\/\/www.mexicanguitarplayers.com\/tienda\/sin categor\u00eda\/amplificador-blackstar-p-guit-ht-met-100\/#primaryimage"},"image":{"@id":"https:\/\/www.mexicanguitarplayers.com\/tienda\/sin categor\u00eda\/amplificador-blackstar-p-guit-ht-met-100\/#primaryimage"},"thumbnailUrl":"https:\/\/www.mexicanguitarplayers.com\/wp-content\/uploads\/2025\/04\/ICBLSHTMET100.jpg","datePublished":"2025-04-09T03:51:13+00:00","dateModified":"2026-04-10T10:29:53+00:00","description":"Amplificador de guitarra de 100 watts a bulbos, ganancia y tono extremos, controles de tono mejorados, reverb digital con switch Dark\/Bright, rejilla met\u00e1lica, bulbos de preamp: 2 x ECC83, 1 x ECC82, bulbos de potencia: 4 x 6L6, 3 canales seleccionables (Clean, Overdrive 1, Overdrive 2), control ISF (Infinite Shape Feature), salida de emulaci\u00f3n de altavoz, loop de efectos, incluye pedal footswitch de 4 v\u00edas, dimensiones: 655 x 315 x 265 mm, peso: 19.6 kg.","breadcrumb":{"@id":"https:\/\/www.mexicanguitarplayers.com\/tienda\/sin categor\u00eda\/amplificador-blackstar-p-guit-ht-met-100\/#breadcrumb"},"inLanguage":"en-US","potentialAction":[{"@type":"ReadAction","target":["https:\/\/www.mexicanguitarplayers.com\/tienda\/sin categor\u00eda\/amplificador-blackstar-p-guit-ht-met-100\/"]}]},{"@type":"ImageObject","inLanguage":"en-US","@id":"https:\/\/www.mexicanguitarplayers.com\/tienda\/sin categor\u00eda\/amplificador-blackstar-p-guit-ht-met-100\/#primaryimage","url":"https:\/\/www.mexicanguitarplayers.com\/wp-content\/uploads\/2025\/04\/ICBLSHTMET100.jpg","contentUrl":"https:\/\/www.mexicanguitarplayers.com\/wp-content\/uploads\/2025\/04\/ICBLSHTMET100.jpg","width":1600,"height":800},{"@type":"BreadcrumbList","@id":"https:\/\/www.mexicanguitarplayers.com\/tienda\/sin categor\u00eda\/amplificador-blackstar-p-guit-ht-met-100\/#breadcrumb","itemListElement":[{"@type":"ListItem","position":1,"name":"Portada","item":"https:\/\/www.mexicanguitarplayers.com\/"},{"@type":"ListItem","position":2,"name":"Tienda","item":"https:\/\/www.mexicanguitarplayers.com\/tienda\/"},{"@type":"ListItem","position":3,"name":"AMPLIFICADOR BLACKSTAR P\/GUIT HT-MET.100"}]},{"@type":"WebSite","@id":"https:\/\/www.mexicanguitarplayers.com\/#website","url":"https:\/\/www.mexicanguitarplayers.com\/","name":"Mexican Guitar Players","description":"Website","publisher":{"@id":"https:\/\/www.mexicanguitarplayers.com\/#organization"},"potentialAction":[{"@type":"SearchAction","target":{"@type":"EntryPoint","urlTemplate":"https:\/\/www.mexicanguitarplayers.com\/?s={search_term_string}"},"query-input":{"@type":"PropertyValueSpecification","valueRequired":true,"valueName":"search_term_string"}}],"inLanguage":"en-US"},{"@type":"Organization","@id":"https:\/\/www.mexicanguitarplayers.com\/#organization","name":"Mexican Guitar Players","url":"https:\/\/www.mexicanguitarplayers.com\/","logo":{"@type":"ImageObject","inLanguage":"en-US","@id":"https:\/\/www.mexicanguitarplayers.com\/#\/schema\/logo\/image\/","url":"","contentUrl":"","caption":"Mexican Guitar Players"},"image":{"@id":"https:\/\/www.mexicanguitarplayers.com\/#\/schema\/logo\/image\/"}}]}},"brands":[{"id":172,"name":"BLACKSTAR","slug":"blackstar"}],"_links":{"self":[{"href":"https:\/\/www.mexicanguitarplayers.com\/en\/wp-json\/wp\/v2\/product\/34616","targetHints":{"allow":["GET"]}}],"collection":[{"href":"https:\/\/www.mexicanguitarplayers.com\/en\/wp-json\/wp\/v2\/product"}],"about":[{"href":"https:\/\/www.mexicanguitarplayers.com\/en\/wp-json\/wp\/v2\/types\/product"}],"replies":[{"embeddable":true,"href":"https:\/\/www.mexicanguitarplayers.com\/en\/wp-json\/wp\/v2\/comments?post=34616"}],"wp:featuredmedia":[{"embeddable":true,"href":"https:\/\/www.mexicanguitarplayers.com\/en\/wp-json\/wp\/v2\/media\/34615"}],"wp:attachment":[{"href":"https:\/\/www.mexicanguitarplayers.com\/en\/wp-json\/wp\/v2\/media?parent=34616"}],"wp:term":[{"taxonomy":"pwb-brand","embeddable":true,"href":"https:\/\/www.mexicanguitarplayers.com\/en\/wp-json\/wp\/v2\/pwb-brand?post=34616"},{"taxonomy":"product_brand","embeddable":true,"href":"https:\/\/www.mexicanguitarplayers.com\/en\/wp-json\/wp\/v2\/product_brand?post=34616"},{"taxonomy":"product_cat","embeddable":true,"href":"https:\/\/www.mexicanguitarplayers.com\/en\/wp-json\/wp\/v2\/product_cat?post=34616"},{"taxonomy":"product_tag","embeddable":true,"href":"https:\/\/www.mexicanguitarplayers.com\/en\/wp-json\/wp\/v2\/product_tag?post=34616"}],"curies":[{"name":"wp","href":"https:\/\/api.w.org\/{rel}","templated":true}]}}