{"id":34628,"date":"2025-04-08T21:51:30","date_gmt":"2025-04-09T03:51:30","guid":{"rendered":"https:\/\/www.mexicanguitarplayers.com\/tienda\/sin categor\u00eda\/guitarra-schecter-nick-johnston-trad-ds\/"},"modified":"2026-05-01T07:21:53","modified_gmt":"2026-05-01T13:21:53","slug":"guitarra-schecter-nick-johnston-trad-ds","status":"publish","type":"product","link":"https:\/\/www.mexicanguitarplayers.com\/en\/tienda\/cuerdas\/guitarras-cuerdas\/electricas\/guitarras-electricas-solidas\/guitarra-schecter-nick-johnston-trad-ds\/","title":{"rendered":"GUITARRA SCHECTER NICK JOHNSTON TRAD-DS"},"content":{"rendered":"<div style=\"text-align: justify\">\n<div>\n<h3>Dise\u00f1o cl\u00e1sico pero explosivo.<\/h3>\n<\/div>\n<div>Nick Johnston Traditional de Schecter es la guitarra so\u00f1ada de los guitarristas de metal y rock. Dise\u00f1ada junto con el virtuoso del rock progresivo Nick Johnston, esta guitarra el\u00e9ctrica de cuerpo s\u00f3lido est\u00e1 dise\u00f1ada para dar un gran tono. Con un cuerpo de aliso liviano y resonante y un brazo de maple tostado con diapas\u00f3n de \u00e9bano, esta guitarra brinda un gran sustain y se siente incre\u00edble en tus manos. Un tr\u00edo de pastillas Schecter Diamond Nick Johnston Single-coil tambi\u00e9n est\u00e1 instalada para un tono impecable y vibrante. Nick Johnston irrumpi\u00f3 en la escena del rock progresivo en la \u00faltima d\u00e9cada como un guitarrista joven y visionario que recurri\u00f3 a muchos estilos para producir sonidos verdaderamente innovadores e instrumentos mel\u00f3dicos. Es conocido por su incre\u00edble trabajo de brazo y la Nick Johnston Traditional presenta un delgado brazo de maple tostado en forma de C, ideal para explorar el tipo de arte agresivo por el que Johnston se ha hecho conocido. El diapas\u00f3n de \u00e9bano con 22 trastes extra jumbo produce una entonaci\u00f3n maravillosa y es suave y sensible. Y las incrustaciones de c\u00edrculo de lat\u00f3n son realmente geniales y agregan una imagen atractiva a este ya impresionante brazo.<\/div>\n<div>\n<h4>Quick look<\/h4>\n<\/div>\n<ul style=\"margin: 0px 0px 0px 25px\">\n<li style=\"list-style-type: circle;margin: 5px\">Kind.<\/li>\n<li style=\"list-style-type: circle;margin: 5px\">Cuerpo.<\/li>\n<li style=\"list-style-type: circle;margin: 5px\">Top.<\/li>\n<li style=\"list-style-type: circle;margin: 5px\">Bridge.<\/li>\n<li style=\"list-style-type: circle;margin: 5px\">Construcci\u00f3n.<\/li>\n<li style=\"list-style-type: circle;margin: 5px\">Hardware.<\/li>\n<li style=\"list-style-type: circle;margin: 5px\">Machinery.<\/li>\n<li style=\"list-style-type: circle;margin: 5px\">Arm.<\/li>\n<li style=\"list-style-type: circle;margin: 5px\">Forma del brazo.<\/li>\n<li style=\"list-style-type: circle;margin: 5px\">Diapason.<\/li>\n<li style=\"list-style-type: circle;margin: 5px\">Radio del diapas\u00f3n.<\/li>\n<li style=\"list-style-type: circle;margin: 5px\">Scale.<\/li>\n<li style=\"list-style-type: circle;margin: 5px\">Scale.<\/li>\n<li style=\"list-style-type: circle;margin: 5px\">Espesor.<\/li>\n<li style=\"list-style-type: circle;margin: 5px\">Frets<\/li>\n<li style=\"list-style-type: circle;margin: 5px\">Nut.<\/li>\n<li style=\"list-style-type: circle;margin: 5px\">Ancho de la cejuela.<\/li>\n<li style=\"list-style-type: circle;margin: 5px\">Soul.<\/li>\n<li style=\"list-style-type: circle;margin: 5px\">Controls<\/li>\n<li style=\"list-style-type: circle;margin: 5px\">Selector.<\/li>\n<li style=\"list-style-type: circle;margin: 5px\">Pastillas.<\/li>\n<li style=\"list-style-type: circle;margin: 5px\">Accesorios.<\/li>\n<\/ul>\n<div>\n<div style=\"font-weight: bold\">Kind.<\/div>\n<div>\n<p>Solid electric guitar.<\/p>\n<\/div>\n<div style=\"font-weight: bold\">Cuerpo.<\/div>\n<div>\n<p>Aliso.<\/p>\n<\/div>\n<div style=\"font-weight: bold\">Top.<\/div>\n<div>\n<p>Tapa plana.<\/p>\n<\/div>\n<div style=\"font-weight: bold\">Bridge.<\/div>\n<div>\n<p>Diamond Vintage Tremolo.<\/p>\n<\/div>\n<div style=\"font-weight: bold\">Construcci\u00f3n.<\/div>\n<div>\n<p>Bolt-on.<\/p>\n<\/div>\n<div style=\"font-weight: bold\">Hardware.<\/div>\n<div>\n<p>Cromado.<\/p>\n<\/div>\n<div style=\"font-weight: bold\">Machinery.<\/div>\n<div>\n<p>Schecter Locking.<\/p>\n<\/div>\n<div style=\"font-weight: bold\">Arm.<\/div>\n<div>\n<p>Maple asado.<\/p>\n<\/div>\n<div style=\"font-weight: bold\">Forma del brazo.<\/div>\n<div>\n<p>C thin.<\/p>\n<\/div>\n<div style=\"font-weight: bold\">Diapason.<\/div>\n<div>\n<p>Ebony.<\/p>\n<\/div>\n<div style=\"font-weight: bold\">Radio del diapas\u00f3n.<\/div>\n<div>\n<p>14 &quot;(355mm).<\/p>\n<\/div>\n<div style=\"font-weight: bold\">Scale.<\/div>\n<div>\n<p>C\u00edrculos de lat\u00f3n.<\/p>\n<\/div>\n<div style=\"font-weight: bold\">Scale.<\/div>\n<div>\n<p>25.5 &quot;(648 mm).<\/p>\n<\/div>\n<div style=\"font-weight: bold\">Espesor.<\/div>\n<div>\n<p>At the 1st fret: .787 \u201d(20mm) and at the 12th fret: .866\u201d (22mm).<\/p>\n<\/div>\n<div style=\"font-weight: bold\">Frets<\/div>\n<div>\n<p>22 X-Jumbo.<\/p>\n<\/div>\n<div style=\"font-weight: bold\">Nut.<\/div>\n<div>\n<p>Graph Tech XL Black Tusq.<\/p>\n<\/div>\n<div style=\"font-weight: bold\">Ancho de la cejuela.<\/div>\n<div>\n<p>1,653 \u201d(42mm).<\/p>\n<\/div>\n<div style=\"font-weight: bold\">Soul.<\/div>\n<div>\n<p>2-way adjustable web with Heel Access Spoke Wheel.<\/p>\n<\/div>\n<div style=\"font-weight: bold\">Controls<\/div>\n<div>\n<p>1 volumen y 1 tono.<\/p>\n<\/div>\n<div style=\"font-weight: bold\">Selector.<\/div>\n<div>\n<p>5 posiciones.<\/p>\n<\/div>\n<div style=\"font-weight: bold\">Pastillas.<\/div>\n<div>\n<p>Puente: Schecter Diamond Nick Johnston Single Coil. Medio: Schecter Diamond Nick Johnston Single Coil. Brazo: Schecter Diamond Nick Johnston Single Coil.<\/p>\n<\/div>\n<div style=\"font-weight: bold\">Accesorios.<\/div>\n<div>\n<p>Perillas vintage.<\/p>\n<\/div>\n<\/div>\n<\/div>","protected":false},"excerpt":{"rendered":"<p>Guitarra el\u00e9ctrica s\u00f3lida, cuerpo de aliso, tapa plana, puente Diamond Vintage Tremolo, construcci\u00f3n Bolt-on, hardware cromado, maquinaria Schecter Locking, brazo C delgado de maple asado, diapas\u00f3n de \u00e9bano, incrustaciones de c\u00edrculos de lat\u00f3n, escala: 25.5\u201d (648 mm), 22 trastes X-Jumbo, cejuela de Graph Tech XL Black Tusq de 1.653\u201d (42 mm) de ancho, alma ajustable de 2 v\u00edas con Heel Access Spoke Wheel, un volumen y un tono, selector de 5 posiciones, pastilla del puente: Schecter Diamond Nick Johnston Single Coil., pastilla al centro: Schecter Diamond Nick Johnston Single Coil, pastilla del brazo: Schecter Diamond Nick Johnston Single Coil, perillas vintage.&hellip; <a class=\"kt-excerpt-readmore more-link\" href=\"https:\/\/www.mexicanguitarplayers.com\/en\/tienda\/cuerdas\/guitarras-cuerdas\/electricas\/guitarras-electricas-solidas\/guitarra-schecter-nick-johnston-trad-ds\/\">Read more<\/a><\/p>","protected":false},"featured_media":34617,"comment_status":"open","ping_status":"closed","template":"","meta":{"kt_blocks_editor_width":""},"pwb-brand":[175],"product_brand":[],"product_cat":[224,313,312,314],"product_tag":[],"class_list":{"0":"post-34628","1":"product","2":"type-product","3":"status-publish","4":"has-post-thumbnail","6":"pwb-brand-schecter","7":"product_cat-cuerdas","8":"product_cat-electricas","9":"product_cat-guitarras-cuerdas","10":"product_cat-guitarras-electricas-solidas","11":"product_shipping_class-0-5-kg","13":"first","14":"instock","15":"taxable","16":"shipping-taxable","17":"purchasable","18":"product-type-simple"},"yoast_head":"<!-- This site is optimized with the Yoast SEO plugin v27.5 - https:\/\/yoast.com\/product\/yoast-seo-wordpress\/ -->\n<title>GUITARRA SCHECTER NICK JOHNSTON TRAD-DS - Mexican Guitar Players<\/title>\n<meta name=\"description\" content=\"Guitarra el\u00e9ctrica s\u00f3lida, cuerpo de aliso, tapa plana, puente Diamond Vintage Tremolo, construcci\u00f3n Bolt-on, hardware cromado, maquinaria Schecter Locking, brazo C delgado de maple asado, diapas\u00f3n de \u00e9bano, incrustaciones de c\u00edrculos de lat\u00f3n, escala: 25.5\u201d (648 mm), 22 trastes X-Jumbo, cejuela de Graph Tech XL Black Tusq de 1.653\u201d (42 mm) de ancho, alma ajustable de 2 v\u00edas con Heel Access Spoke Wheel, un volumen y un tono, selector de 5 posiciones, pastilla del puente: Schecter Diamond Nick Johnston Single Coil., pastilla al centro: Schecter Diamond Nick Johnston Single Coil, pastilla del brazo: Schecter Diamond Nick Johnston Single Coil, perillas vintage.\" \/>\n<meta name=\"robots\" content=\"index, follow, max-snippet:-1, max-image-preview:large, max-video-preview:-1\" \/>\n<link rel=\"canonical\" href=\"https:\/\/www.mexicanguitarplayers.com\/en\/tienda\/sin%20categor\u00eda\/guitarra-schecter-nick-johnston-trad-ds\/\" \/>\n<meta property=\"og:locale\" content=\"en_US\" \/>\n<meta property=\"og:type\" content=\"article\" \/>\n<meta property=\"og:title\" content=\"GUITARRA SCHECTER NICK JOHNSTON TRAD-DS - Mexican Guitar Players\" \/>\n<meta property=\"og:description\" content=\"Guitarra el\u00e9ctrica s\u00f3lida, cuerpo de aliso, tapa plana, puente Diamond Vintage Tremolo, construcci\u00f3n Bolt-on, hardware cromado, maquinaria Schecter Locking, brazo C delgado de maple asado, diapas\u00f3n de \u00e9bano, incrustaciones de c\u00edrculos de lat\u00f3n, escala: 25.5\u201d (648 mm), 22 trastes X-Jumbo, cejuela de Graph Tech XL Black Tusq de 1.653\u201d (42 mm) de ancho, alma ajustable de 2 v\u00edas con Heel Access Spoke Wheel, un volumen y un tono, selector de 5 posiciones, pastilla del puente: Schecter Diamond Nick Johnston Single Coil., pastilla al centro: Schecter Diamond Nick Johnston Single Coil, pastilla del brazo: Schecter Diamond Nick Johnston Single Coil, perillas vintage.\" \/>\n<meta property=\"og:url\" content=\"https:\/\/www.mexicanguitarplayers.com\/en\/tienda\/sin categor\u00eda\/guitarra-schecter-nick-johnston-trad-ds\/\" \/>\n<meta property=\"og:site_name\" content=\"Mexican Guitar Players\" \/>\n<meta property=\"article:modified_time\" content=\"2026-05-01T13:21:53+00:00\" \/>\n<meta name=\"twitter:card\" content=\"summary_large_image\" \/>\n<meta name=\"twitter:label1\" content=\"Est. reading time\" \/>\n\t<meta name=\"twitter:data1\" content=\"2 minutes\" \/>\n<script type=\"application\/ld+json\" class=\"yoast-schema-graph\">{\"@context\":\"https:\\\/\\\/schema.org\",\"@graph\":[{\"@type\":[\"WebPage\",\"ItemPage\"],\"@id\":\"https:\\\/\\\/www.mexicanguitarplayers.com\\\/tienda\\\/sin categor\u00eda\\\/guitarra-schecter-nick-johnston-trad-ds\\\/\",\"url\":\"https:\\\/\\\/www.mexicanguitarplayers.com\\\/tienda\\\/sin categor\u00eda\\\/guitarra-schecter-nick-johnston-trad-ds\\\/\",\"name\":\"GUITARRA SCHECTER NICK JOHNSTON TRAD-DS - Mexican Guitar Players\",\"isPartOf\":{\"@id\":\"https:\\\/\\\/www.mexicanguitarplayers.com\\\/#website\"},\"primaryImageOfPage\":{\"@id\":\"https:\\\/\\\/www.mexicanguitarplayers.com\\\/tienda\\\/sin categor\u00eda\\\/guitarra-schecter-nick-johnston-trad-ds\\\/#primaryimage\"},\"image\":{\"@id\":\"https:\\\/\\\/www.mexicanguitarplayers.com\\\/tienda\\\/sin categor\u00eda\\\/guitarra-schecter-nick-johnston-trad-ds\\\/#primaryimage\"},\"thumbnailUrl\":\"https:\\\/\\\/www.mexicanguitarplayers.com\\\/wp-content\\\/uploads\\\/2025\\\/04\\\/ISSCCNICKJOHNS.jpg\",\"datePublished\":\"2025-04-09T03:51:30+00:00\",\"dateModified\":\"2026-05-01T13:21:53+00:00\",\"description\":\"Guitarra el\u00e9ctrica s\u00f3lida, cuerpo de aliso, tapa plana, puente Diamond Vintage Tremolo, construcci\u00f3n Bolt-on, hardware cromado, maquinaria Schecter Locking, brazo C delgado de maple asado, diapas\u00f3n de \u00e9bano, incrustaciones de c\u00edrculos de lat\u00f3n, escala: 25.5\u201d (648 mm), 22 trastes X-Jumbo, cejuela de Graph Tech XL Black Tusq de 1.653\u201d (42 mm) de ancho, alma ajustable de 2 v\u00edas con Heel Access Spoke Wheel, un volumen y un tono, selector de 5 posiciones, pastilla del puente: Schecter Diamond Nick Johnston Single Coil., pastilla al centro: Schecter Diamond Nick Johnston Single Coil, pastilla del brazo: Schecter Diamond Nick Johnston Single Coil, perillas vintage.\",\"breadcrumb\":{\"@id\":\"https:\\\/\\\/www.mexicanguitarplayers.com\\\/tienda\\\/sin categor\u00eda\\\/guitarra-schecter-nick-johnston-trad-ds\\\/#breadcrumb\"},\"inLanguage\":\"en-US\",\"potentialAction\":[{\"@type\":\"ReadAction\",\"target\":[\"https:\\\/\\\/www.mexicanguitarplayers.com\\\/tienda\\\/sin categor\u00eda\\\/guitarra-schecter-nick-johnston-trad-ds\\\/\"]}]},{\"@type\":\"ImageObject\",\"inLanguage\":\"en-US\",\"@id\":\"https:\\\/\\\/www.mexicanguitarplayers.com\\\/tienda\\\/sin categor\u00eda\\\/guitarra-schecter-nick-johnston-trad-ds\\\/#primaryimage\",\"url\":\"https:\\\/\\\/www.mexicanguitarplayers.com\\\/wp-content\\\/uploads\\\/2025\\\/04\\\/ISSCCNICKJOHNS.jpg\",\"contentUrl\":\"https:\\\/\\\/www.mexicanguitarplayers.com\\\/wp-content\\\/uploads\\\/2025\\\/04\\\/ISSCCNICKJOHNS.jpg\",\"width\":800,\"height\":1600},{\"@type\":\"BreadcrumbList\",\"@id\":\"https:\\\/\\\/www.mexicanguitarplayers.com\\\/tienda\\\/sin categor\u00eda\\\/guitarra-schecter-nick-johnston-trad-ds\\\/#breadcrumb\",\"itemListElement\":[{\"@type\":\"ListItem\",\"position\":1,\"name\":\"Portada\",\"item\":\"https:\\\/\\\/www.mexicanguitarplayers.com\\\/\"},{\"@type\":\"ListItem\",\"position\":2,\"name\":\"Tienda\",\"item\":\"https:\\\/\\\/www.mexicanguitarplayers.com\\\/tienda\\\/\"},{\"@type\":\"ListItem\",\"position\":3,\"name\":\"GUITARRA SCHECTER NICK JOHNSTON TRAD-DS\"}]},{\"@type\":\"WebSite\",\"@id\":\"https:\\\/\\\/www.mexicanguitarplayers.com\\\/#website\",\"url\":\"https:\\\/\\\/www.mexicanguitarplayers.com\\\/\",\"name\":\"Mexican Guitar Players\",\"description\":\"Website\",\"publisher\":{\"@id\":\"https:\\\/\\\/www.mexicanguitarplayers.com\\\/#organization\"},\"potentialAction\":[{\"@type\":\"SearchAction\",\"target\":{\"@type\":\"EntryPoint\",\"urlTemplate\":\"https:\\\/\\\/www.mexicanguitarplayers.com\\\/?s={search_term_string}\"},\"query-input\":{\"@type\":\"PropertyValueSpecification\",\"valueRequired\":true,\"valueName\":\"search_term_string\"}}],\"inLanguage\":\"en-US\"},{\"@type\":\"Organization\",\"@id\":\"https:\\\/\\\/www.mexicanguitarplayers.com\\\/#organization\",\"name\":\"Mexican Guitar Players\",\"url\":\"https:\\\/\\\/www.mexicanguitarplayers.com\\\/\",\"logo\":{\"@type\":\"ImageObject\",\"inLanguage\":\"en-US\",\"@id\":\"https:\\\/\\\/www.mexicanguitarplayers.com\\\/#\\\/schema\\\/logo\\\/image\\\/\",\"url\":\"\",\"contentUrl\":\"\",\"caption\":\"Mexican Guitar Players\"},\"image\":{\"@id\":\"https:\\\/\\\/www.mexicanguitarplayers.com\\\/#\\\/schema\\\/logo\\\/image\\\/\"}}]}<\/script>\n<!-- \/ Yoast SEO plugin. -->","yoast_head_json":{"title":"GUITARRA SCHECTER NICK JOHNSTON TRAD-DS - Mexican Guitar Players","description":"Guitarra el\u00e9ctrica s\u00f3lida, cuerpo de aliso, tapa plana, puente Diamond Vintage Tremolo, construcci\u00f3n Bolt-on, hardware cromado, maquinaria Schecter Locking, brazo C delgado de maple asado, diapas\u00f3n de \u00e9bano, incrustaciones de c\u00edrculos de lat\u00f3n, escala: 25.5\u201d (648 mm), 22 trastes X-Jumbo, cejuela de Graph Tech XL Black Tusq de 1.653\u201d (42 mm) de ancho, alma ajustable de 2 v\u00edas con Heel Access Spoke Wheel, un volumen y un tono, selector de 5 posiciones, pastilla del puente: Schecter Diamond Nick Johnston Single Coil., pastilla al centro: Schecter Diamond Nick Johnston Single Coil, pastilla del brazo: Schecter Diamond Nick Johnston Single Coil, perillas vintage.","robots":{"index":"index","follow":"follow","max-snippet":"max-snippet:-1","max-image-preview":"max-image-preview:large","max-video-preview":"max-video-preview:-1"},"canonical":"https:\/\/www.mexicanguitarplayers.com\/en\/tienda\/sin categor\u00eda\/guitarra-schecter-nick-johnston-trad-ds\/","og_locale":"en_US","og_type":"article","og_title":"GUITARRA SCHECTER NICK JOHNSTON TRAD-DS - Mexican Guitar Players","og_description":"Guitarra el\u00e9ctrica s\u00f3lida, cuerpo de aliso, tapa plana, puente Diamond Vintage Tremolo, construcci\u00f3n Bolt-on, hardware cromado, maquinaria Schecter Locking, brazo C delgado de maple asado, diapas\u00f3n de \u00e9bano, incrustaciones de c\u00edrculos de lat\u00f3n, escala: 25.5\u201d (648 mm), 22 trastes X-Jumbo, cejuela de Graph Tech XL Black Tusq de 1.653\u201d (42 mm) de ancho, alma ajustable de 2 v\u00edas con Heel Access Spoke Wheel, un volumen y un tono, selector de 5 posiciones, pastilla del puente: Schecter Diamond Nick Johnston Single Coil., pastilla al centro: Schecter Diamond Nick Johnston Single Coil, pastilla del brazo: Schecter Diamond Nick Johnston Single Coil, perillas vintage.","og_url":"https:\/\/www.mexicanguitarplayers.com\/en\/tienda\/sin categor\u00eda\/guitarra-schecter-nick-johnston-trad-ds\/","og_site_name":"Mexican Guitar Players","article_modified_time":"2026-05-01T13:21:53+00:00","twitter_card":"summary_large_image","twitter_misc":{"Est. reading time":"2 minutes"},"schema":{"@context":"https:\/\/schema.org","@graph":[{"@type":["WebPage","ItemPage"],"@id":"https:\/\/www.mexicanguitarplayers.com\/tienda\/sin categor\u00eda\/guitarra-schecter-nick-johnston-trad-ds\/","url":"https:\/\/www.mexicanguitarplayers.com\/tienda\/sin categor\u00eda\/guitarra-schecter-nick-johnston-trad-ds\/","name":"GUITARRA SCHECTER NICK JOHNSTON TRAD-DS - Mexican Guitar Players","isPartOf":{"@id":"https:\/\/www.mexicanguitarplayers.com\/#website"},"primaryImageOfPage":{"@id":"https:\/\/www.mexicanguitarplayers.com\/tienda\/sin categor\u00eda\/guitarra-schecter-nick-johnston-trad-ds\/#primaryimage"},"image":{"@id":"https:\/\/www.mexicanguitarplayers.com\/tienda\/sin categor\u00eda\/guitarra-schecter-nick-johnston-trad-ds\/#primaryimage"},"thumbnailUrl":"https:\/\/www.mexicanguitarplayers.com\/wp-content\/uploads\/2025\/04\/ISSCCNICKJOHNS.jpg","datePublished":"2025-04-09T03:51:30+00:00","dateModified":"2026-05-01T13:21:53+00:00","description":"Guitarra el\u00e9ctrica s\u00f3lida, cuerpo de aliso, tapa plana, puente Diamond Vintage Tremolo, construcci\u00f3n Bolt-on, hardware cromado, maquinaria Schecter Locking, brazo C delgado de maple asado, diapas\u00f3n de \u00e9bano, incrustaciones de c\u00edrculos de lat\u00f3n, escala: 25.5\u201d (648 mm), 22 trastes X-Jumbo, cejuela de Graph Tech XL Black Tusq de 1.653\u201d (42 mm) de ancho, alma ajustable de 2 v\u00edas con Heel Access Spoke Wheel, un volumen y un tono, selector de 5 posiciones, pastilla del puente: Schecter Diamond Nick Johnston Single Coil., pastilla al centro: Schecter Diamond Nick Johnston Single Coil, pastilla del brazo: Schecter Diamond Nick Johnston Single Coil, perillas vintage.","breadcrumb":{"@id":"https:\/\/www.mexicanguitarplayers.com\/tienda\/sin categor\u00eda\/guitarra-schecter-nick-johnston-trad-ds\/#breadcrumb"},"inLanguage":"en-US","potentialAction":[{"@type":"ReadAction","target":["https:\/\/www.mexicanguitarplayers.com\/tienda\/sin categor\u00eda\/guitarra-schecter-nick-johnston-trad-ds\/"]}]},{"@type":"ImageObject","inLanguage":"en-US","@id":"https:\/\/www.mexicanguitarplayers.com\/tienda\/sin categor\u00eda\/guitarra-schecter-nick-johnston-trad-ds\/#primaryimage","url":"https:\/\/www.mexicanguitarplayers.com\/wp-content\/uploads\/2025\/04\/ISSCCNICKJOHNS.jpg","contentUrl":"https:\/\/www.mexicanguitarplayers.com\/wp-content\/uploads\/2025\/04\/ISSCCNICKJOHNS.jpg","width":800,"height":1600},{"@type":"BreadcrumbList","@id":"https:\/\/www.mexicanguitarplayers.com\/tienda\/sin categor\u00eda\/guitarra-schecter-nick-johnston-trad-ds\/#breadcrumb","itemListElement":[{"@type":"ListItem","position":1,"name":"Portada","item":"https:\/\/www.mexicanguitarplayers.com\/"},{"@type":"ListItem","position":2,"name":"Tienda","item":"https:\/\/www.mexicanguitarplayers.com\/tienda\/"},{"@type":"ListItem","position":3,"name":"GUITARRA SCHECTER NICK JOHNSTON TRAD-DS"}]},{"@type":"WebSite","@id":"https:\/\/www.mexicanguitarplayers.com\/#website","url":"https:\/\/www.mexicanguitarplayers.com\/","name":"Mexican Guitar Players","description":"Website","publisher":{"@id":"https:\/\/www.mexicanguitarplayers.com\/#organization"},"potentialAction":[{"@type":"SearchAction","target":{"@type":"EntryPoint","urlTemplate":"https:\/\/www.mexicanguitarplayers.com\/?s={search_term_string}"},"query-input":{"@type":"PropertyValueSpecification","valueRequired":true,"valueName":"search_term_string"}}],"inLanguage":"en-US"},{"@type":"Organization","@id":"https:\/\/www.mexicanguitarplayers.com\/#organization","name":"Mexican Guitar Players","url":"https:\/\/www.mexicanguitarplayers.com\/","logo":{"@type":"ImageObject","inLanguage":"en-US","@id":"https:\/\/www.mexicanguitarplayers.com\/#\/schema\/logo\/image\/","url":"","contentUrl":"","caption":"Mexican Guitar Players"},"image":{"@id":"https:\/\/www.mexicanguitarplayers.com\/#\/schema\/logo\/image\/"}}]}},"brands":[{"id":175,"name":"SCHECTER","slug":"schecter"}],"_links":{"self":[{"href":"https:\/\/www.mexicanguitarplayers.com\/en\/wp-json\/wp\/v2\/product\/34628","targetHints":{"allow":["GET"]}}],"collection":[{"href":"https:\/\/www.mexicanguitarplayers.com\/en\/wp-json\/wp\/v2\/product"}],"about":[{"href":"https:\/\/www.mexicanguitarplayers.com\/en\/wp-json\/wp\/v2\/types\/product"}],"replies":[{"embeddable":true,"href":"https:\/\/www.mexicanguitarplayers.com\/en\/wp-json\/wp\/v2\/comments?post=34628"}],"wp:featuredmedia":[{"embeddable":true,"href":"https:\/\/www.mexicanguitarplayers.com\/en\/wp-json\/wp\/v2\/media\/34617"}],"wp:attachment":[{"href":"https:\/\/www.mexicanguitarplayers.com\/en\/wp-json\/wp\/v2\/media?parent=34628"}],"wp:term":[{"taxonomy":"pwb-brand","embeddable":true,"href":"https:\/\/www.mexicanguitarplayers.com\/en\/wp-json\/wp\/v2\/pwb-brand?post=34628"},{"taxonomy":"product_brand","embeddable":true,"href":"https:\/\/www.mexicanguitarplayers.com\/en\/wp-json\/wp\/v2\/product_brand?post=34628"},{"taxonomy":"product_cat","embeddable":true,"href":"https:\/\/www.mexicanguitarplayers.com\/en\/wp-json\/wp\/v2\/product_cat?post=34628"},{"taxonomy":"product_tag","embeddable":true,"href":"https:\/\/www.mexicanguitarplayers.com\/en\/wp-json\/wp\/v2\/product_tag?post=34628"}],"curies":[{"name":"wp","href":"https:\/\/api.w.org\/{rel}","templated":true}]}}