{"id":34677,"date":"2025-04-08T21:53:26","date_gmt":"2025-04-09T03:53:26","guid":{"rendered":"https:\/\/www.mexicanguitarplayers.com\/tienda\/sin categor\u00eda\/procesador-nux-p-guitarra-mod-mg-300-mkii\/"},"modified":"2026-04-28T19:15:05","modified_gmt":"2026-04-29T01:15:05","slug":"procesador-nux-p-guitarra-mod-mg-300-mkii","status":"publish","type":"product","link":"https:\/\/www.mexicanguitarplayers.com\/en\/tienda\/cuerdas\/efectos\/multiefectos\/procesador-nux-p-guitarra-mod-mg-300-mkii\/","title":{"rendered":"PROCESADOR NUX P\/GUITARRA MOD. MG-300 MKII"},"content":{"rendered":"<div style=\"text-align: justify\">\n<div>\n<h3>NUX MG-300 MKII: Modelador de Amplificador y Multiefectos con Personalizaci\u00f3n Avanzada, Soporte IR y Conectividad USB-C<\/h3>\n<\/div>\n<div>El NUX MG-300 MKII se destaca como uno de los modeladores de amplificador m\u00e1s avanzados en su rango, ofreciendo un soporte de Respuestas de Impulso (IR) excepcional. Con 24 ranuras IR cargables por el usuario, puedes importar y ajustar cabinas personalizadas, lo que te permite crear tonos m\u00e1s realistas y profesionales que otros modeladores no pueden igualar. Esta personalizaci\u00f3n avanzada es una ventaja clave, brindando un control absoluto sobre tu sonido y una capacidad \u00fanica de adaptar el equipo a tus preferencias. Adem\u00e1s, el MG-300 MKII incorpora nuevos amplificadores que elevan la experiencia a otro nivel, incluyendo modelos como el Jazz Chorus para sonidos limpios y el ENGL Fireball para distorsiones de alto gain. Con un total de 25 amplificadores, la calidad de estudio est\u00e1 garantizada, permiti\u00e9ndote alcanzar una autenticidad sonora impresionante. Los efectos mejorados, como algoritmos de reverb &#8220;Studio Quality&#8221; y modulaciones m\u00e1s precisas, aseguran que cada detalle de tu tono se mantenga n\u00edtido y profesional, con un total de 73 efectos disponibles. Estos avances permiten crear sonidos complejos y detallados con facilidad. Entre las mejoras funcionales clave que ofrece el MG-300 MKII, destaca el puerto USB-C, que reemplaza al tradicional USB-B, ofreciendo mayor velocidad de transferencia y mejor compatibilidad con dispositivos modernos. Tambi\u00e9n se incluye un Looper extendido con 60 segundos de grabaci\u00f3n, lo que te permite crear capas sonoras y experimentar de manera m\u00e1s fluida en tus composiciones. Adem\u00e1s, cuenta con una bater\u00eda virtual ampliada que incluye 80 patrones r\u00edtmicos con m\u00e1s g\u00e9neros y control de tempo integrado, lo que facilita la creaci\u00f3n de ritmos y acompa\u00f1amientos perfectos para cualquier estilo. El procesamiento optimizado reduce la latencia, permiti\u00e9ndote combinar m\u00e1s efectos simult\u00e1neamente para una experiencia sonora m\u00e1s din\u00e1mica y fluida. En conjunto, el NUX MG-300 MKII es el aliado perfecto para los m\u00fasicos que buscan personalizaci\u00f3n avanzada, tonos profesionales y un equipo altamente funcional para sesiones de grabaci\u00f3n, presentaciones en vivo o ensayos.<\/div>\n<div>\n<h4>Quick look<\/h4>\n<\/div>\n<ul style=\"margin: 0px 0px 0px 25px\">\n<li style=\"list-style-type: circle;margin: 5px\">Sampling rate<\/li>\n<li style=\"list-style-type: circle;margin: 5px\">Convertidor AD<\/li>\n<li style=\"list-style-type: circle;margin: 5px\">Distorsi\u00f3n arm\u00f3nica total (THD+N)<\/li>\n<li style=\"list-style-type: circle;margin: 5px\">Rango din\u00e1mico<\/li>\n<li style=\"list-style-type: circle;margin: 5px\">Entrada<\/li>\n<li style=\"list-style-type: circle;margin: 5px\">Salida<\/li>\n<li style=\"list-style-type: circle;margin: 5px\">Feeding<\/li>\n<\/ul>\n<div>\n<div style=\"font-weight: bold\">Sampling rate<\/div>\n<div>\n<p>48 KHz<\/p>\n<\/div>\n<div style=\"font-weight: bold\">Convertidor AD<\/div>\n<div>\n<p>32 bits<\/p>\n<\/div>\n<div style=\"font-weight: bold\">Distorsi\u00f3n arm\u00f3nica total (THD+N)<\/div>\n<div>\n<p>&lt;1 %<\/p>\n<\/div>\n<div style=\"font-weight: bold\">Rango din\u00e1mico<\/div>\n<div>\n<p>106dB<\/p>\n<\/div>\n<div style=\"font-weight: bold\">Entrada<\/div>\n<div>\n<p>+8dBu<\/p>\n<\/div>\n<div style=\"font-weight: bold\">Salida<\/div>\n<div>\n<p>+8dBu<\/p>\n<\/div>\n<div style=\"font-weight: bold\">Feeding<\/div>\n<div>\n<p>CC 9 V<\/p>\n<\/div>\n<\/div>\n<\/div>","protected":false},"excerpt":{"rendered":"<p>El NUX MG-300 MKII es un modelador de amplificador compacto y potente, que ofrece personalizaci\u00f3n avanzada con soporte para Respuestas de Impulso (IR) y 24 ranuras cargables por el usuario, permitiendo crear tonos profesionales y realistas. Incluye nuevos amplificadores, como el Jazz Chorus y el ENGL Fireball, junto con efectos mejorados de calidad de estudio, como reverb y modulaciones precisas. Con USB-C para una mayor velocidad de transferencia y un Looper extendido de 60 segundos, es la herramienta ideal para grabaci\u00f3n, transmisi\u00f3n en vivo y ensayos.&hellip; <a class=\"kt-excerpt-readmore more-link\" href=\"https:\/\/www.mexicanguitarplayers.com\/en\/tienda\/cuerdas\/efectos\/multiefectos\/procesador-nux-p-guitarra-mod-mg-300-mkii\/\">Read more<\/a><\/p>","protected":false},"featured_media":34671,"comment_status":"open","ping_status":"closed","template":"","meta":{"kt_blocks_editor_width":""},"pwb-brand":[177],"product_brand":[],"product_cat":[224,241,242],"product_tag":[],"class_list":{"0":"post-34677","1":"product","2":"type-product","3":"status-publish","4":"has-post-thumbnail","6":"pwb-brand-nux","7":"product_cat-cuerdas","8":"product_cat-efectos","9":"product_cat-multiefectos","10":"product_shipping_class-0-5-kg","12":"first","13":"outofstock","14":"taxable","15":"shipping-taxable","16":"purchasable","17":"product-type-simple"},"yoast_head":"<!-- This site is optimized with the Yoast SEO plugin v27.5 - https:\/\/yoast.com\/product\/yoast-seo-wordpress\/ -->\n<title>PROCESADOR NUX P\/GUITARRA MOD. MG-300 MKII - Mexican Guitar Players<\/title>\n<meta name=\"description\" content=\"El NUX MG-300 MKII es un modelador de amplificador compacto y potente, que ofrece personalizaci\u00f3n avanzada con soporte para Respuestas de Impulso (IR) y 24 ranuras cargables por el usuario, permitiendo crear tonos profesionales y realistas. Incluye nuevos amplificadores, como el Jazz Chorus y el ENGL Fireball, junto con efectos mejorados de calidad de estudio, como reverb y modulaciones precisas. Con USB-C para una mayor velocidad de transferencia y un Looper extendido de 60 segundos, es la herramienta ideal para grabaci\u00f3n, transmisi\u00f3n en vivo y ensayos.\" \/>\n<meta name=\"robots\" content=\"index, follow, max-snippet:-1, max-image-preview:large, max-video-preview:-1\" \/>\n<link rel=\"canonical\" href=\"https:\/\/www.mexicanguitarplayers.com\/en\/tienda\/sin%20categor\u00eda\/procesador-nux-p-guitarra-mod-mg-300-mkii\/\" \/>\n<meta property=\"og:locale\" content=\"en_US\" \/>\n<meta property=\"og:type\" content=\"article\" \/>\n<meta property=\"og:title\" content=\"PROCESADOR NUX P\/GUITARRA MOD. MG-300 MKII - Mexican Guitar Players\" \/>\n<meta property=\"og:description\" content=\"El NUX MG-300 MKII es un modelador de amplificador compacto y potente, que ofrece personalizaci\u00f3n avanzada con soporte para Respuestas de Impulso (IR) y 24 ranuras cargables por el usuario, permitiendo crear tonos profesionales y realistas. Incluye nuevos amplificadores, como el Jazz Chorus y el ENGL Fireball, junto con efectos mejorados de calidad de estudio, como reverb y modulaciones precisas. Con USB-C para una mayor velocidad de transferencia y un Looper extendido de 60 segundos, es la herramienta ideal para grabaci\u00f3n, transmisi\u00f3n en vivo y ensayos.\" \/>\n<meta property=\"og:url\" content=\"https:\/\/www.mexicanguitarplayers.com\/en\/tienda\/sin categor\u00eda\/procesador-nux-p-guitarra-mod-mg-300-mkii\/\" \/>\n<meta property=\"og:site_name\" content=\"Mexican Guitar Players\" \/>\n<meta property=\"article:modified_time\" content=\"2026-04-29T01:15:05+00:00\" \/>\n<meta name=\"twitter:card\" content=\"summary_large_image\" \/>\n<meta name=\"twitter:label1\" content=\"Est. reading time\" \/>\n\t<meta name=\"twitter:data1\" content=\"2 minutes\" \/>\n<script type=\"application\/ld+json\" class=\"yoast-schema-graph\">{\"@context\":\"https:\\\/\\\/schema.org\",\"@graph\":[{\"@type\":[\"WebPage\",\"ItemPage\"],\"@id\":\"https:\\\/\\\/www.mexicanguitarplayers.com\\\/tienda\\\/sin categor\u00eda\\\/procesador-nux-p-guitarra-mod-mg-300-mkii\\\/\",\"url\":\"https:\\\/\\\/www.mexicanguitarplayers.com\\\/tienda\\\/sin categor\u00eda\\\/procesador-nux-p-guitarra-mod-mg-300-mkii\\\/\",\"name\":\"PROCESADOR NUX P\\\/GUITARRA MOD. MG-300 MKII - Mexican Guitar Players\",\"isPartOf\":{\"@id\":\"https:\\\/\\\/www.mexicanguitarplayers.com\\\/#website\"},\"primaryImageOfPage\":{\"@id\":\"https:\\\/\\\/www.mexicanguitarplayers.com\\\/tienda\\\/sin categor\u00eda\\\/procesador-nux-p-guitarra-mod-mg-300-mkii\\\/#primaryimage\"},\"image\":{\"@id\":\"https:\\\/\\\/www.mexicanguitarplayers.com\\\/tienda\\\/sin categor\u00eda\\\/procesador-nux-p-guitarra-mod-mg-300-mkii\\\/#primaryimage\"},\"thumbnailUrl\":\"https:\\\/\\\/www.mexicanguitarplayers.com\\\/wp-content\\\/uploads\\\/2025\\\/04\\\/IANUXMG300MKII.png\",\"datePublished\":\"2025-04-09T03:53:26+00:00\",\"dateModified\":\"2026-04-29T01:15:05+00:00\",\"description\":\"El NUX MG-300 MKII es un modelador de amplificador compacto y potente, que ofrece personalizaci\u00f3n avanzada con soporte para Respuestas de Impulso (IR) y 24 ranuras cargables por el usuario, permitiendo crear tonos profesionales y realistas. Incluye nuevos amplificadores, como el Jazz Chorus y el ENGL Fireball, junto con efectos mejorados de calidad de estudio, como reverb y modulaciones precisas. Con USB-C para una mayor velocidad de transferencia y un Looper extendido de 60 segundos, es la herramienta ideal para grabaci\u00f3n, transmisi\u00f3n en vivo y ensayos.\",\"breadcrumb\":{\"@id\":\"https:\\\/\\\/www.mexicanguitarplayers.com\\\/tienda\\\/sin categor\u00eda\\\/procesador-nux-p-guitarra-mod-mg-300-mkii\\\/#breadcrumb\"},\"inLanguage\":\"en-US\",\"potentialAction\":[{\"@type\":\"ReadAction\",\"target\":[\"https:\\\/\\\/www.mexicanguitarplayers.com\\\/tienda\\\/sin categor\u00eda\\\/procesador-nux-p-guitarra-mod-mg-300-mkii\\\/\"]}]},{\"@type\":\"ImageObject\",\"inLanguage\":\"en-US\",\"@id\":\"https:\\\/\\\/www.mexicanguitarplayers.com\\\/tienda\\\/sin categor\u00eda\\\/procesador-nux-p-guitarra-mod-mg-300-mkii\\\/#primaryimage\",\"url\":\"https:\\\/\\\/www.mexicanguitarplayers.com\\\/wp-content\\\/uploads\\\/2025\\\/04\\\/IANUXMG300MKII.png\",\"contentUrl\":\"https:\\\/\\\/www.mexicanguitarplayers.com\\\/wp-content\\\/uploads\\\/2025\\\/04\\\/IANUXMG300MKII.png\",\"width\":1600,\"height\":800},{\"@type\":\"BreadcrumbList\",\"@id\":\"https:\\\/\\\/www.mexicanguitarplayers.com\\\/tienda\\\/sin categor\u00eda\\\/procesador-nux-p-guitarra-mod-mg-300-mkii\\\/#breadcrumb\",\"itemListElement\":[{\"@type\":\"ListItem\",\"position\":1,\"name\":\"Portada\",\"item\":\"https:\\\/\\\/www.mexicanguitarplayers.com\\\/\"},{\"@type\":\"ListItem\",\"position\":2,\"name\":\"Tienda\",\"item\":\"https:\\\/\\\/www.mexicanguitarplayers.com\\\/tienda\\\/\"},{\"@type\":\"ListItem\",\"position\":3,\"name\":\"PROCESADOR NUX P\\\/GUITARRA MOD. MG-300 MKII\"}]},{\"@type\":\"WebSite\",\"@id\":\"https:\\\/\\\/www.mexicanguitarplayers.com\\\/#website\",\"url\":\"https:\\\/\\\/www.mexicanguitarplayers.com\\\/\",\"name\":\"Mexican Guitar Players\",\"description\":\"Website\",\"publisher\":{\"@id\":\"https:\\\/\\\/www.mexicanguitarplayers.com\\\/#organization\"},\"potentialAction\":[{\"@type\":\"SearchAction\",\"target\":{\"@type\":\"EntryPoint\",\"urlTemplate\":\"https:\\\/\\\/www.mexicanguitarplayers.com\\\/?s={search_term_string}\"},\"query-input\":{\"@type\":\"PropertyValueSpecification\",\"valueRequired\":true,\"valueName\":\"search_term_string\"}}],\"inLanguage\":\"en-US\"},{\"@type\":\"Organization\",\"@id\":\"https:\\\/\\\/www.mexicanguitarplayers.com\\\/#organization\",\"name\":\"Mexican Guitar Players\",\"url\":\"https:\\\/\\\/www.mexicanguitarplayers.com\\\/\",\"logo\":{\"@type\":\"ImageObject\",\"inLanguage\":\"en-US\",\"@id\":\"https:\\\/\\\/www.mexicanguitarplayers.com\\\/#\\\/schema\\\/logo\\\/image\\\/\",\"url\":\"\",\"contentUrl\":\"\",\"caption\":\"Mexican Guitar Players\"},\"image\":{\"@id\":\"https:\\\/\\\/www.mexicanguitarplayers.com\\\/#\\\/schema\\\/logo\\\/image\\\/\"}}]}<\/script>\n<!-- \/ Yoast SEO plugin. -->","yoast_head_json":{"title":"PROCESADOR NUX P\/GUITARRA MOD. MG-300 MKII - Mexican Guitar Players","description":"El NUX MG-300 MKII es un modelador de amplificador compacto y potente, que ofrece personalizaci\u00f3n avanzada con soporte para Respuestas de Impulso (IR) y 24 ranuras cargables por el usuario, permitiendo crear tonos profesionales y realistas. Incluye nuevos amplificadores, como el Jazz Chorus y el ENGL Fireball, junto con efectos mejorados de calidad de estudio, como reverb y modulaciones precisas. Con USB-C para una mayor velocidad de transferencia y un Looper extendido de 60 segundos, es la herramienta ideal para grabaci\u00f3n, transmisi\u00f3n en vivo y ensayos.","robots":{"index":"index","follow":"follow","max-snippet":"max-snippet:-1","max-image-preview":"max-image-preview:large","max-video-preview":"max-video-preview:-1"},"canonical":"https:\/\/www.mexicanguitarplayers.com\/en\/tienda\/sin categor\u00eda\/procesador-nux-p-guitarra-mod-mg-300-mkii\/","og_locale":"en_US","og_type":"article","og_title":"PROCESADOR NUX P\/GUITARRA MOD. MG-300 MKII - Mexican Guitar Players","og_description":"El NUX MG-300 MKII es un modelador de amplificador compacto y potente, que ofrece personalizaci\u00f3n avanzada con soporte para Respuestas de Impulso (IR) y 24 ranuras cargables por el usuario, permitiendo crear tonos profesionales y realistas. Incluye nuevos amplificadores, como el Jazz Chorus y el ENGL Fireball, junto con efectos mejorados de calidad de estudio, como reverb y modulaciones precisas. Con USB-C para una mayor velocidad de transferencia y un Looper extendido de 60 segundos, es la herramienta ideal para grabaci\u00f3n, transmisi\u00f3n en vivo y ensayos.","og_url":"https:\/\/www.mexicanguitarplayers.com\/en\/tienda\/sin categor\u00eda\/procesador-nux-p-guitarra-mod-mg-300-mkii\/","og_site_name":"Mexican Guitar Players","article_modified_time":"2026-04-29T01:15:05+00:00","twitter_card":"summary_large_image","twitter_misc":{"Est. reading time":"2 minutes"},"schema":{"@context":"https:\/\/schema.org","@graph":[{"@type":["WebPage","ItemPage"],"@id":"https:\/\/www.mexicanguitarplayers.com\/tienda\/sin categor\u00eda\/procesador-nux-p-guitarra-mod-mg-300-mkii\/","url":"https:\/\/www.mexicanguitarplayers.com\/tienda\/sin categor\u00eda\/procesador-nux-p-guitarra-mod-mg-300-mkii\/","name":"PROCESADOR NUX P\/GUITARRA MOD. MG-300 MKII - Mexican Guitar Players","isPartOf":{"@id":"https:\/\/www.mexicanguitarplayers.com\/#website"},"primaryImageOfPage":{"@id":"https:\/\/www.mexicanguitarplayers.com\/tienda\/sin categor\u00eda\/procesador-nux-p-guitarra-mod-mg-300-mkii\/#primaryimage"},"image":{"@id":"https:\/\/www.mexicanguitarplayers.com\/tienda\/sin categor\u00eda\/procesador-nux-p-guitarra-mod-mg-300-mkii\/#primaryimage"},"thumbnailUrl":"https:\/\/www.mexicanguitarplayers.com\/wp-content\/uploads\/2025\/04\/IANUXMG300MKII.png","datePublished":"2025-04-09T03:53:26+00:00","dateModified":"2026-04-29T01:15:05+00:00","description":"El NUX MG-300 MKII es un modelador de amplificador compacto y potente, que ofrece personalizaci\u00f3n avanzada con soporte para Respuestas de Impulso (IR) y 24 ranuras cargables por el usuario, permitiendo crear tonos profesionales y realistas. Incluye nuevos amplificadores, como el Jazz Chorus y el ENGL Fireball, junto con efectos mejorados de calidad de estudio, como reverb y modulaciones precisas. Con USB-C para una mayor velocidad de transferencia y un Looper extendido de 60 segundos, es la herramienta ideal para grabaci\u00f3n, transmisi\u00f3n en vivo y ensayos.","breadcrumb":{"@id":"https:\/\/www.mexicanguitarplayers.com\/tienda\/sin categor\u00eda\/procesador-nux-p-guitarra-mod-mg-300-mkii\/#breadcrumb"},"inLanguage":"en-US","potentialAction":[{"@type":"ReadAction","target":["https:\/\/www.mexicanguitarplayers.com\/tienda\/sin categor\u00eda\/procesador-nux-p-guitarra-mod-mg-300-mkii\/"]}]},{"@type":"ImageObject","inLanguage":"en-US","@id":"https:\/\/www.mexicanguitarplayers.com\/tienda\/sin categor\u00eda\/procesador-nux-p-guitarra-mod-mg-300-mkii\/#primaryimage","url":"https:\/\/www.mexicanguitarplayers.com\/wp-content\/uploads\/2025\/04\/IANUXMG300MKII.png","contentUrl":"https:\/\/www.mexicanguitarplayers.com\/wp-content\/uploads\/2025\/04\/IANUXMG300MKII.png","width":1600,"height":800},{"@type":"BreadcrumbList","@id":"https:\/\/www.mexicanguitarplayers.com\/tienda\/sin categor\u00eda\/procesador-nux-p-guitarra-mod-mg-300-mkii\/#breadcrumb","itemListElement":[{"@type":"ListItem","position":1,"name":"Portada","item":"https:\/\/www.mexicanguitarplayers.com\/"},{"@type":"ListItem","position":2,"name":"Tienda","item":"https:\/\/www.mexicanguitarplayers.com\/tienda\/"},{"@type":"ListItem","position":3,"name":"PROCESADOR NUX P\/GUITARRA MOD. MG-300 MKII"}]},{"@type":"WebSite","@id":"https:\/\/www.mexicanguitarplayers.com\/#website","url":"https:\/\/www.mexicanguitarplayers.com\/","name":"Mexican Guitar Players","description":"Website","publisher":{"@id":"https:\/\/www.mexicanguitarplayers.com\/#organization"},"potentialAction":[{"@type":"SearchAction","target":{"@type":"EntryPoint","urlTemplate":"https:\/\/www.mexicanguitarplayers.com\/?s={search_term_string}"},"query-input":{"@type":"PropertyValueSpecification","valueRequired":true,"valueName":"search_term_string"}}],"inLanguage":"en-US"},{"@type":"Organization","@id":"https:\/\/www.mexicanguitarplayers.com\/#organization","name":"Mexican Guitar Players","url":"https:\/\/www.mexicanguitarplayers.com\/","logo":{"@type":"ImageObject","inLanguage":"en-US","@id":"https:\/\/www.mexicanguitarplayers.com\/#\/schema\/logo\/image\/","url":"","contentUrl":"","caption":"Mexican Guitar Players"},"image":{"@id":"https:\/\/www.mexicanguitarplayers.com\/#\/schema\/logo\/image\/"}}]}},"brands":[{"id":177,"name":"NUX","slug":"nux"}],"_links":{"self":[{"href":"https:\/\/www.mexicanguitarplayers.com\/en\/wp-json\/wp\/v2\/product\/34677","targetHints":{"allow":["GET"]}}],"collection":[{"href":"https:\/\/www.mexicanguitarplayers.com\/en\/wp-json\/wp\/v2\/product"}],"about":[{"href":"https:\/\/www.mexicanguitarplayers.com\/en\/wp-json\/wp\/v2\/types\/product"}],"replies":[{"embeddable":true,"href":"https:\/\/www.mexicanguitarplayers.com\/en\/wp-json\/wp\/v2\/comments?post=34677"}],"wp:featuredmedia":[{"embeddable":true,"href":"https:\/\/www.mexicanguitarplayers.com\/en\/wp-json\/wp\/v2\/media\/34671"}],"wp:attachment":[{"href":"https:\/\/www.mexicanguitarplayers.com\/en\/wp-json\/wp\/v2\/media?parent=34677"}],"wp:term":[{"taxonomy":"pwb-brand","embeddable":true,"href":"https:\/\/www.mexicanguitarplayers.com\/en\/wp-json\/wp\/v2\/pwb-brand?post=34677"},{"taxonomy":"product_brand","embeddable":true,"href":"https:\/\/www.mexicanguitarplayers.com\/en\/wp-json\/wp\/v2\/product_brand?post=34677"},{"taxonomy":"product_cat","embeddable":true,"href":"https:\/\/www.mexicanguitarplayers.com\/en\/wp-json\/wp\/v2\/product_cat?post=34677"},{"taxonomy":"product_tag","embeddable":true,"href":"https:\/\/www.mexicanguitarplayers.com\/en\/wp-json\/wp\/v2\/product_tag?post=34677"}],"curies":[{"name":"wp","href":"https:\/\/api.w.org\/{rel}","templated":true}]}}