{"id":34694,"date":"2025-04-08T21:53:48","date_gmt":"2025-04-09T03:53:48","guid":{"rendered":"https:\/\/www.mexicanguitarplayers.com\/tienda\/sin categor\u00eda\/kit-music-nomad-6-pz-p-trompeta-mod-mn770\/"},"modified":"2026-04-10T04:29:44","modified_gmt":"2026-04-10T10:29:44","slug":"kit-music-nomad-6-pz-p-trompeta-mod-mn770","status":"publish","type":"product","link":"https:\/\/www.mexicanguitarplayers.com\/en\/tienda\/accesorios\/estuches-y-fundas\/para-alientos-estuches-y-fundas\/kit-music-nomad-6-pz-p-trompeta-mod-mn770\/","title":{"rendered":"KIT MUSIC NOMAD 6 PZ P\/TROMPETA MOD. MN770"},"content":{"rendered":"<div style=\"text-align: justify\">\n<div>\n<h3>Todo lo que necesitas para limpiar y cuidar toda tu trompeta.<\/h3>\n<\/div>\n<div>Este kit de MusicNomad ha establecido un nuevo est\u00e1ndar m\u00e1s alto para lo que debes esperar cuando compras un kit de limpieza y cuidado de trompeta. Cada producto est\u00e1 tan bien pensado que apreciar\u00e1s cada caracter\u00edstica y beneficio que te brindar\u00e1 tanto a ti como a tu trompeta. Comienza con nuestros innovadores dise\u00f1os de herramientas de limpieza (cepillo para boquilla y copa 2 en 1, cepillo para carcasa de v\u00e1lvula extra largo, cepillo premium tipo serpiente sin vinilo y un pa\u00f1o de microfibra sin bordes). No se pas\u00f3 por alto ning\u00fan detalle, desde las especificaciones del material de alta calidad hasta los mangos ergon\u00f3micos. Nuestras formulaciones de aceite de v\u00e1lvula sint\u00e9tico y grasa deslizante de ajuste, fabricados en USA, est\u00e1n cient\u00edficamente dise\u00f1ados para un rendimiento duradero para principiantes, profesionales o t\u00e9cnicos de reparaci\u00f3n. Incluimos instrucciones paso a paso que cualquiera puede seguir para que su trompeta pueda ser tocada y sonar de la mejor manera. Incluso viene con una pr\u00e1ctica bolsa de almacenamiento con cierre que est\u00e1 hecha con material PET\/PE reciclable. Esa es la calidad de MusicNomad: Elevar el nivel en el cuidado de tu equipo.<\/div>\n<div>\n<h4>Quick look<\/h4>\n<\/div>\n<ul style=\"margin: 0px 0px 0px 25px\">\n<li style=\"list-style-type: circle;margin: 5px\">Accessories included.<\/li>\n<\/ul>\n<div>\n<div style=\"font-weight: bold\">Accessories included.<\/div>\n<div>\n<p>Cepillo para boquilla y copa 2 en 1. Cepillo para carcasa de v\u00e1lvula extra largo. Cepillo tipo serpiente de 34&#8243; pulgadas (86 cm). Gamuza de microfibra premium de 12&#8243; x 12&#8243; pulgadas. Aceite de v\u00e1lvula sint\u00e9tico premium. Grasa sint\u00e9tica premium Tuning Slide Grease Bolsa de almacenamiento con cierre que est\u00e1 hecha con material PET\/PE reciclable.<\/p>\n<\/div>\n<\/div>\n<div>\n<h4>Characteristics<\/h4>\n<\/div>\n<div>\n<ul style=\"margin: 0px 0px 0px 25px\">\n<li style=\"list-style-type: circle;margin: 5px\">Kit para limpieza de trompeta.<\/li>\n<li style=\"list-style-type: circle;margin: 5px\">Dise\u00f1os exclusivos de herramientas de limpieza.<\/li>\n<\/ul>\n<\/div>\n<\/div>","protected":false},"excerpt":{"rendered":"<p>Kit para limpieza de 6 piezas para tromb\u00f3n, dise\u00f1os exclusivos de herramientas de limpieza, dise\u00f1ado por nuestro equipo en Sonoma, CA, cuenta con un cepillo para boquilla y copa 2 en 1 como ning\u00fan otro con fibras de primera calidad y mango ergon\u00f3mico, un cepillo para carcasa de v\u00e1lvula extra largo que cubre el 100% de la carcasa de la v\u00e1lvula con fibras de alta calidad y mango ergon\u00f3mico, un cepillo tipo serpiente de 34\u201d pulgadas (86 cm) con fibras de primera calidad con un innovador forro protector impermeable sin vinilo que se desenrolla recto, gamuza de microfibra premium grande de 12\u201d x 12\u201d pulgadas con 90,000 fibras por pulgada cuadrada, aceite de v\u00e1lvula sint\u00e9tico premium (2 onzas) cient\u00edficamente dise\u00f1ado para proporcionar una acci\u00f3n de v\u00e1lvula r\u00e1pida y duradera, grasa sint\u00e9tica premium Tuning Slide Grease (5 onzas) con la viscosidad ideal y que es duradera para ayudar a tu slide, ambas f\u00f3rmulas son inodoras, incluimos instrucciones impresas paso a paso que cualquiera puede seguir para que la limpieza y el cuidado con este kit sean muy sencillos, viene con una pr\u00e1ctica bolsa de almacenamiento con cierre que est\u00e1 hecha con material PET\/PE reciclable.&hellip; <a class=\"kt-excerpt-readmore more-link\" href=\"https:\/\/www.mexicanguitarplayers.com\/en\/tienda\/accesorios\/estuches-y-fundas\/para-alientos-estuches-y-fundas\/kit-music-nomad-6-pz-p-trompeta-mod-mn770\/\">Read more<\/a><\/p>","protected":false},"featured_media":34690,"comment_status":"open","ping_status":"closed","template":"","meta":{"kt_blocks_editor_width":""},"pwb-brand":[622],"product_brand":[],"product_cat":[85,421,607],"product_tag":[],"class_list":{"0":"post-34694","1":"product","2":"type-product","3":"status-publish","4":"has-post-thumbnail","6":"pwb-brand-music-nomad","7":"product_cat-accesorios","8":"product_cat-cuidado-y-proteccion","9":"product_cat-para-alientos-estuches-y-fundas","10":"product_shipping_class-0-5-kg","12":"first","13":"outofstock","14":"taxable","15":"shipping-taxable","16":"purchasable","17":"product-type-simple"},"yoast_head":"<!-- This site is optimized with the Yoast SEO plugin v27.5 - https:\/\/yoast.com\/product\/yoast-seo-wordpress\/ -->\n<title>KIT MUSIC NOMAD 6 PZ P\/TROMPETA MOD. MN770 - Mexican Guitar Players<\/title>\n<meta name=\"description\" content=\"Kit para limpieza de 6 piezas para tromb\u00f3n, dise\u00f1os exclusivos de herramientas de limpieza, dise\u00f1ado por nuestro equipo en Sonoma, CA, cuenta con un cepillo para boquilla y copa 2 en 1 como ning\u00fan otro con fibras de primera calidad y mango ergon\u00f3mico, un cepillo para carcasa de v\u00e1lvula extra largo que cubre el 100% de la carcasa de la v\u00e1lvula con fibras de alta calidad y mango ergon\u00f3mico, un cepillo tipo serpiente de 34\u201d pulgadas (86 cm) con fibras de primera calidad con un innovador forro protector impermeable sin vinilo que se desenrolla recto, gamuza de microfibra premium grande de 12\u201d x 12\u201d pulgadas con 90,000 fibras por pulgada cuadrada, aceite de v\u00e1lvula sint\u00e9tico premium (2 onzas) cient\u00edficamente dise\u00f1ado para proporcionar una acci\u00f3n de v\u00e1lvula r\u00e1pida y duradera, grasa sint\u00e9tica premium Tuning Slide Grease (5 onzas) con la viscosidad ideal y que es duradera para ayudar a tu slide, ambas f\u00f3rmulas son inodoras, incluimos instrucciones impresas paso a paso que cualquiera puede seguir para que la limpieza y el cuidado con este kit sean muy sencillos, viene con una pr\u00e1ctica bolsa de almacenamiento con cierre que est\u00e1 hecha con material PET\/PE reciclable.\" \/>\n<meta name=\"robots\" content=\"index, follow, max-snippet:-1, max-image-preview:large, max-video-preview:-1\" \/>\n<link rel=\"canonical\" href=\"https:\/\/www.mexicanguitarplayers.com\/en\/tienda\/sin%20categor\u00eda\/kit-music-nomad-6-pz-p-trompeta-mod-mn770\/\" \/>\n<meta property=\"og:locale\" content=\"en_US\" \/>\n<meta property=\"og:type\" content=\"article\" \/>\n<meta property=\"og:title\" content=\"KIT MUSIC NOMAD 6 PZ P\/TROMPETA MOD. MN770 - Mexican Guitar Players\" \/>\n<meta property=\"og:description\" content=\"Kit para limpieza de 6 piezas para tromb\u00f3n, dise\u00f1os exclusivos de herramientas de limpieza, dise\u00f1ado por nuestro equipo en Sonoma, CA, cuenta con un cepillo para boquilla y copa 2 en 1 como ning\u00fan otro con fibras de primera calidad y mango ergon\u00f3mico, un cepillo para carcasa de v\u00e1lvula extra largo que cubre el 100% de la carcasa de la v\u00e1lvula con fibras de alta calidad y mango ergon\u00f3mico, un cepillo tipo serpiente de 34\u201d pulgadas (86 cm) con fibras de primera calidad con un innovador forro protector impermeable sin vinilo que se desenrolla recto, gamuza de microfibra premium grande de 12\u201d x 12\u201d pulgadas con 90,000 fibras por pulgada cuadrada, aceite de v\u00e1lvula sint\u00e9tico premium (2 onzas) cient\u00edficamente dise\u00f1ado para proporcionar una acci\u00f3n de v\u00e1lvula r\u00e1pida y duradera, grasa sint\u00e9tica premium Tuning Slide Grease (5 onzas) con la viscosidad ideal y que es duradera para ayudar a tu slide, ambas f\u00f3rmulas son inodoras, incluimos instrucciones impresas paso a paso que cualquiera puede seguir para que la limpieza y el cuidado con este kit sean muy sencillos, viene con una pr\u00e1ctica bolsa de almacenamiento con cierre que est\u00e1 hecha con material PET\/PE reciclable.\" \/>\n<meta property=\"og:url\" content=\"https:\/\/www.mexicanguitarplayers.com\/en\/tienda\/sin categor\u00eda\/kit-music-nomad-6-pz-p-trompeta-mod-mn770\/\" \/>\n<meta property=\"og:site_name\" content=\"Mexican Guitar Players\" \/>\n<meta property=\"article:modified_time\" content=\"2026-04-10T10:29:44+00:00\" \/>\n<meta name=\"twitter:card\" content=\"summary_large_image\" \/>\n<meta name=\"twitter:label1\" content=\"Est. reading time\" \/>\n\t<meta name=\"twitter:data1\" content=\"1 minute\" \/>\n<script type=\"application\/ld+json\" class=\"yoast-schema-graph\">{\"@context\":\"https:\\\/\\\/schema.org\",\"@graph\":[{\"@type\":[\"WebPage\",\"ItemPage\"],\"@id\":\"https:\\\/\\\/www.mexicanguitarplayers.com\\\/tienda\\\/sin categor\u00eda\\\/kit-music-nomad-6-pz-p-trompeta-mod-mn770\\\/\",\"url\":\"https:\\\/\\\/www.mexicanguitarplayers.com\\\/tienda\\\/sin categor\u00eda\\\/kit-music-nomad-6-pz-p-trompeta-mod-mn770\\\/\",\"name\":\"KIT MUSIC NOMAD 6 PZ P\\\/TROMPETA MOD. MN770 - Mexican Guitar Players\",\"isPartOf\":{\"@id\":\"https:\\\/\\\/www.mexicanguitarplayers.com\\\/#website\"},\"primaryImageOfPage\":{\"@id\":\"https:\\\/\\\/www.mexicanguitarplayers.com\\\/tienda\\\/sin categor\u00eda\\\/kit-music-nomad-6-pz-p-trompeta-mod-mn770\\\/#primaryimage\"},\"image\":{\"@id\":\"https:\\\/\\\/www.mexicanguitarplayers.com\\\/tienda\\\/sin categor\u00eda\\\/kit-music-nomad-6-pz-p-trompeta-mod-mn770\\\/#primaryimage\"},\"thumbnailUrl\":\"https:\\\/\\\/www.mexicanguitarplayers.com\\\/wp-content\\\/uploads\\\/2025\\\/04\\\/RAMNDMN770.jpg\",\"datePublished\":\"2025-04-09T03:53:48+00:00\",\"dateModified\":\"2026-04-10T10:29:44+00:00\",\"description\":\"Kit para limpieza de 6 piezas para tromb\u00f3n, dise\u00f1os exclusivos de herramientas de limpieza, dise\u00f1ado por nuestro equipo en Sonoma, CA, cuenta con un cepillo para boquilla y copa 2 en 1 como ning\u00fan otro con fibras de primera calidad y mango ergon\u00f3mico, un cepillo para carcasa de v\u00e1lvula extra largo que cubre el 100% de la carcasa de la v\u00e1lvula con fibras de alta calidad y mango ergon\u00f3mico, un cepillo tipo serpiente de 34\u201d pulgadas (86 cm) con fibras de primera calidad con un innovador forro protector impermeable sin vinilo que se desenrolla recto, gamuza de microfibra premium grande de 12\u201d x 12\u201d pulgadas con 90,000 fibras por pulgada cuadrada, aceite de v\u00e1lvula sint\u00e9tico premium (2 onzas) cient\u00edficamente dise\u00f1ado para proporcionar una acci\u00f3n de v\u00e1lvula r\u00e1pida y duradera, grasa sint\u00e9tica premium Tuning Slide Grease (5 onzas) con la viscosidad ideal y que es duradera para ayudar a tu slide, ambas f\u00f3rmulas son inodoras, incluimos instrucciones impresas paso a paso que cualquiera puede seguir para que la limpieza y el cuidado con este kit sean muy sencillos, viene con una pr\u00e1ctica bolsa de almacenamiento con cierre que est\u00e1 hecha con material PET\\\/PE reciclable.\",\"breadcrumb\":{\"@id\":\"https:\\\/\\\/www.mexicanguitarplayers.com\\\/tienda\\\/sin categor\u00eda\\\/kit-music-nomad-6-pz-p-trompeta-mod-mn770\\\/#breadcrumb\"},\"inLanguage\":\"en-US\",\"potentialAction\":[{\"@type\":\"ReadAction\",\"target\":[\"https:\\\/\\\/www.mexicanguitarplayers.com\\\/tienda\\\/sin categor\u00eda\\\/kit-music-nomad-6-pz-p-trompeta-mod-mn770\\\/\"]}]},{\"@type\":\"ImageObject\",\"inLanguage\":\"en-US\",\"@id\":\"https:\\\/\\\/www.mexicanguitarplayers.com\\\/tienda\\\/sin categor\u00eda\\\/kit-music-nomad-6-pz-p-trompeta-mod-mn770\\\/#primaryimage\",\"url\":\"https:\\\/\\\/www.mexicanguitarplayers.com\\\/wp-content\\\/uploads\\\/2025\\\/04\\\/RAMNDMN770.jpg\",\"contentUrl\":\"https:\\\/\\\/www.mexicanguitarplayers.com\\\/wp-content\\\/uploads\\\/2025\\\/04\\\/RAMNDMN770.jpg\",\"width\":1200,\"height\":1200},{\"@type\":\"BreadcrumbList\",\"@id\":\"https:\\\/\\\/www.mexicanguitarplayers.com\\\/tienda\\\/sin categor\u00eda\\\/kit-music-nomad-6-pz-p-trompeta-mod-mn770\\\/#breadcrumb\",\"itemListElement\":[{\"@type\":\"ListItem\",\"position\":1,\"name\":\"Portada\",\"item\":\"https:\\\/\\\/www.mexicanguitarplayers.com\\\/\"},{\"@type\":\"ListItem\",\"position\":2,\"name\":\"Tienda\",\"item\":\"https:\\\/\\\/www.mexicanguitarplayers.com\\\/tienda\\\/\"},{\"@type\":\"ListItem\",\"position\":3,\"name\":\"KIT MUSIC NOMAD 6 PZ P\\\/TROMPETA MOD. MN770\"}]},{\"@type\":\"WebSite\",\"@id\":\"https:\\\/\\\/www.mexicanguitarplayers.com\\\/#website\",\"url\":\"https:\\\/\\\/www.mexicanguitarplayers.com\\\/\",\"name\":\"Mexican Guitar Players\",\"description\":\"Website\",\"publisher\":{\"@id\":\"https:\\\/\\\/www.mexicanguitarplayers.com\\\/#organization\"},\"potentialAction\":[{\"@type\":\"SearchAction\",\"target\":{\"@type\":\"EntryPoint\",\"urlTemplate\":\"https:\\\/\\\/www.mexicanguitarplayers.com\\\/?s={search_term_string}\"},\"query-input\":{\"@type\":\"PropertyValueSpecification\",\"valueRequired\":true,\"valueName\":\"search_term_string\"}}],\"inLanguage\":\"en-US\"},{\"@type\":\"Organization\",\"@id\":\"https:\\\/\\\/www.mexicanguitarplayers.com\\\/#organization\",\"name\":\"Mexican Guitar Players\",\"url\":\"https:\\\/\\\/www.mexicanguitarplayers.com\\\/\",\"logo\":{\"@type\":\"ImageObject\",\"inLanguage\":\"en-US\",\"@id\":\"https:\\\/\\\/www.mexicanguitarplayers.com\\\/#\\\/schema\\\/logo\\\/image\\\/\",\"url\":\"\",\"contentUrl\":\"\",\"caption\":\"Mexican Guitar Players\"},\"image\":{\"@id\":\"https:\\\/\\\/www.mexicanguitarplayers.com\\\/#\\\/schema\\\/logo\\\/image\\\/\"}}]}<\/script>\n<!-- \/ Yoast SEO plugin. -->","yoast_head_json":{"title":"KIT MUSIC NOMAD 6 PZ P\/TROMPETA MOD. MN770 - Mexican Guitar Players","description":"Kit para limpieza de 6 piezas para tromb\u00f3n, dise\u00f1os exclusivos de herramientas de limpieza, dise\u00f1ado por nuestro equipo en Sonoma, CA, cuenta con un cepillo para boquilla y copa 2 en 1 como ning\u00fan otro con fibras de primera calidad y mango ergon\u00f3mico, un cepillo para carcasa de v\u00e1lvula extra largo que cubre el 100% de la carcasa de la v\u00e1lvula con fibras de alta calidad y mango ergon\u00f3mico, un cepillo tipo serpiente de 34\u201d pulgadas (86 cm) con fibras de primera calidad con un innovador forro protector impermeable sin vinilo que se desenrolla recto, gamuza de microfibra premium grande de 12\u201d x 12\u201d pulgadas con 90,000 fibras por pulgada cuadrada, aceite de v\u00e1lvula sint\u00e9tico premium (2 onzas) cient\u00edficamente dise\u00f1ado para proporcionar una acci\u00f3n de v\u00e1lvula r\u00e1pida y duradera, grasa sint\u00e9tica premium Tuning Slide Grease (5 onzas) con la viscosidad ideal y que es duradera para ayudar a tu slide, ambas f\u00f3rmulas son inodoras, incluimos instrucciones impresas paso a paso que cualquiera puede seguir para que la limpieza y el cuidado con este kit sean muy sencillos, viene con una pr\u00e1ctica bolsa de almacenamiento con cierre que est\u00e1 hecha con material PET\/PE reciclable.","robots":{"index":"index","follow":"follow","max-snippet":"max-snippet:-1","max-image-preview":"max-image-preview:large","max-video-preview":"max-video-preview:-1"},"canonical":"https:\/\/www.mexicanguitarplayers.com\/en\/tienda\/sin categor\u00eda\/kit-music-nomad-6-pz-p-trompeta-mod-mn770\/","og_locale":"en_US","og_type":"article","og_title":"KIT MUSIC NOMAD 6 PZ P\/TROMPETA MOD. MN770 - Mexican Guitar Players","og_description":"Kit para limpieza de 6 piezas para tromb\u00f3n, dise\u00f1os exclusivos de herramientas de limpieza, dise\u00f1ado por nuestro equipo en Sonoma, CA, cuenta con un cepillo para boquilla y copa 2 en 1 como ning\u00fan otro con fibras de primera calidad y mango ergon\u00f3mico, un cepillo para carcasa de v\u00e1lvula extra largo que cubre el 100% de la carcasa de la v\u00e1lvula con fibras de alta calidad y mango ergon\u00f3mico, un cepillo tipo serpiente de 34\u201d pulgadas (86 cm) con fibras de primera calidad con un innovador forro protector impermeable sin vinilo que se desenrolla recto, gamuza de microfibra premium grande de 12\u201d x 12\u201d pulgadas con 90,000 fibras por pulgada cuadrada, aceite de v\u00e1lvula sint\u00e9tico premium (2 onzas) cient\u00edficamente dise\u00f1ado para proporcionar una acci\u00f3n de v\u00e1lvula r\u00e1pida y duradera, grasa sint\u00e9tica premium Tuning Slide Grease (5 onzas) con la viscosidad ideal y que es duradera para ayudar a tu slide, ambas f\u00f3rmulas son inodoras, incluimos instrucciones impresas paso a paso que cualquiera puede seguir para que la limpieza y el cuidado con este kit sean muy sencillos, viene con una pr\u00e1ctica bolsa de almacenamiento con cierre que est\u00e1 hecha con material PET\/PE reciclable.","og_url":"https:\/\/www.mexicanguitarplayers.com\/en\/tienda\/sin categor\u00eda\/kit-music-nomad-6-pz-p-trompeta-mod-mn770\/","og_site_name":"Mexican Guitar Players","article_modified_time":"2026-04-10T10:29:44+00:00","twitter_card":"summary_large_image","twitter_misc":{"Est. reading time":"1 minute"},"schema":{"@context":"https:\/\/schema.org","@graph":[{"@type":["WebPage","ItemPage"],"@id":"https:\/\/www.mexicanguitarplayers.com\/tienda\/sin categor\u00eda\/kit-music-nomad-6-pz-p-trompeta-mod-mn770\/","url":"https:\/\/www.mexicanguitarplayers.com\/tienda\/sin categor\u00eda\/kit-music-nomad-6-pz-p-trompeta-mod-mn770\/","name":"KIT MUSIC NOMAD 6 PZ P\/TROMPETA MOD. MN770 - Mexican Guitar Players","isPartOf":{"@id":"https:\/\/www.mexicanguitarplayers.com\/#website"},"primaryImageOfPage":{"@id":"https:\/\/www.mexicanguitarplayers.com\/tienda\/sin categor\u00eda\/kit-music-nomad-6-pz-p-trompeta-mod-mn770\/#primaryimage"},"image":{"@id":"https:\/\/www.mexicanguitarplayers.com\/tienda\/sin categor\u00eda\/kit-music-nomad-6-pz-p-trompeta-mod-mn770\/#primaryimage"},"thumbnailUrl":"https:\/\/www.mexicanguitarplayers.com\/wp-content\/uploads\/2025\/04\/RAMNDMN770.jpg","datePublished":"2025-04-09T03:53:48+00:00","dateModified":"2026-04-10T10:29:44+00:00","description":"Kit para limpieza de 6 piezas para tromb\u00f3n, dise\u00f1os exclusivos de herramientas de limpieza, dise\u00f1ado por nuestro equipo en Sonoma, CA, cuenta con un cepillo para boquilla y copa 2 en 1 como ning\u00fan otro con fibras de primera calidad y mango ergon\u00f3mico, un cepillo para carcasa de v\u00e1lvula extra largo que cubre el 100% de la carcasa de la v\u00e1lvula con fibras de alta calidad y mango ergon\u00f3mico, un cepillo tipo serpiente de 34\u201d pulgadas (86 cm) con fibras de primera calidad con un innovador forro protector impermeable sin vinilo que se desenrolla recto, gamuza de microfibra premium grande de 12\u201d x 12\u201d pulgadas con 90,000 fibras por pulgada cuadrada, aceite de v\u00e1lvula sint\u00e9tico premium (2 onzas) cient\u00edficamente dise\u00f1ado para proporcionar una acci\u00f3n de v\u00e1lvula r\u00e1pida y duradera, grasa sint\u00e9tica premium Tuning Slide Grease (5 onzas) con la viscosidad ideal y que es duradera para ayudar a tu slide, ambas f\u00f3rmulas son inodoras, incluimos instrucciones impresas paso a paso que cualquiera puede seguir para que la limpieza y el cuidado con este kit sean muy sencillos, viene con una pr\u00e1ctica bolsa de almacenamiento con cierre que est\u00e1 hecha con material PET\/PE reciclable.","breadcrumb":{"@id":"https:\/\/www.mexicanguitarplayers.com\/tienda\/sin categor\u00eda\/kit-music-nomad-6-pz-p-trompeta-mod-mn770\/#breadcrumb"},"inLanguage":"en-US","potentialAction":[{"@type":"ReadAction","target":["https:\/\/www.mexicanguitarplayers.com\/tienda\/sin categor\u00eda\/kit-music-nomad-6-pz-p-trompeta-mod-mn770\/"]}]},{"@type":"ImageObject","inLanguage":"en-US","@id":"https:\/\/www.mexicanguitarplayers.com\/tienda\/sin categor\u00eda\/kit-music-nomad-6-pz-p-trompeta-mod-mn770\/#primaryimage","url":"https:\/\/www.mexicanguitarplayers.com\/wp-content\/uploads\/2025\/04\/RAMNDMN770.jpg","contentUrl":"https:\/\/www.mexicanguitarplayers.com\/wp-content\/uploads\/2025\/04\/RAMNDMN770.jpg","width":1200,"height":1200},{"@type":"BreadcrumbList","@id":"https:\/\/www.mexicanguitarplayers.com\/tienda\/sin categor\u00eda\/kit-music-nomad-6-pz-p-trompeta-mod-mn770\/#breadcrumb","itemListElement":[{"@type":"ListItem","position":1,"name":"Portada","item":"https:\/\/www.mexicanguitarplayers.com\/"},{"@type":"ListItem","position":2,"name":"Tienda","item":"https:\/\/www.mexicanguitarplayers.com\/tienda\/"},{"@type":"ListItem","position":3,"name":"KIT MUSIC NOMAD 6 PZ P\/TROMPETA MOD. MN770"}]},{"@type":"WebSite","@id":"https:\/\/www.mexicanguitarplayers.com\/#website","url":"https:\/\/www.mexicanguitarplayers.com\/","name":"Mexican Guitar Players","description":"Website","publisher":{"@id":"https:\/\/www.mexicanguitarplayers.com\/#organization"},"potentialAction":[{"@type":"SearchAction","target":{"@type":"EntryPoint","urlTemplate":"https:\/\/www.mexicanguitarplayers.com\/?s={search_term_string}"},"query-input":{"@type":"PropertyValueSpecification","valueRequired":true,"valueName":"search_term_string"}}],"inLanguage":"en-US"},{"@type":"Organization","@id":"https:\/\/www.mexicanguitarplayers.com\/#organization","name":"Mexican Guitar Players","url":"https:\/\/www.mexicanguitarplayers.com\/","logo":{"@type":"ImageObject","inLanguage":"en-US","@id":"https:\/\/www.mexicanguitarplayers.com\/#\/schema\/logo\/image\/","url":"","contentUrl":"","caption":"Mexican Guitar Players"},"image":{"@id":"https:\/\/www.mexicanguitarplayers.com\/#\/schema\/logo\/image\/"}}]}},"brands":[{"id":622,"name":"MUSIC NOMAD","slug":"music-nomad"}],"_links":{"self":[{"href":"https:\/\/www.mexicanguitarplayers.com\/en\/wp-json\/wp\/v2\/product\/34694","targetHints":{"allow":["GET"]}}],"collection":[{"href":"https:\/\/www.mexicanguitarplayers.com\/en\/wp-json\/wp\/v2\/product"}],"about":[{"href":"https:\/\/www.mexicanguitarplayers.com\/en\/wp-json\/wp\/v2\/types\/product"}],"replies":[{"embeddable":true,"href":"https:\/\/www.mexicanguitarplayers.com\/en\/wp-json\/wp\/v2\/comments?post=34694"}],"wp:featuredmedia":[{"embeddable":true,"href":"https:\/\/www.mexicanguitarplayers.com\/en\/wp-json\/wp\/v2\/media\/34690"}],"wp:attachment":[{"href":"https:\/\/www.mexicanguitarplayers.com\/en\/wp-json\/wp\/v2\/media?parent=34694"}],"wp:term":[{"taxonomy":"pwb-brand","embeddable":true,"href":"https:\/\/www.mexicanguitarplayers.com\/en\/wp-json\/wp\/v2\/pwb-brand?post=34694"},{"taxonomy":"product_brand","embeddable":true,"href":"https:\/\/www.mexicanguitarplayers.com\/en\/wp-json\/wp\/v2\/product_brand?post=34694"},{"taxonomy":"product_cat","embeddable":true,"href":"https:\/\/www.mexicanguitarplayers.com\/en\/wp-json\/wp\/v2\/product_cat?post=34694"},{"taxonomy":"product_tag","embeddable":true,"href":"https:\/\/www.mexicanguitarplayers.com\/en\/wp-json\/wp\/v2\/product_tag?post=34694"}],"curies":[{"name":"wp","href":"https:\/\/api.w.org\/{rel}","templated":true}]}}