{"id":34696,"date":"2025-04-08T21:53:50","date_gmt":"2025-04-09T03:53:50","guid":{"rendered":"https:\/\/www.mexicanguitarplayers.com\/tienda\/sin categor\u00eda\/cuerdas-d-addario-mod-h311-4-4m\/"},"modified":"2026-04-10T04:29:43","modified_gmt":"2026-04-10T10:29:43","slug":"cuerdas-d-addario-mod-h311-4-4m","status":"publish","type":"product","link":"https:\/\/www.mexicanguitarplayers.com\/en\/tienda\/accesorios\/para-guitarras\/cuerdas-y-encordaduras\/cuerdas-d-addario-mod-h311-4-4m\/","title":{"rendered":"CUERDAS D ADDARIO    MOD. H311 4\/4M"},"content":{"rendered":"<div style=\"text-align: justify\">\n<div>\n<h3>Para m\u00fasicos avanzados.<\/h3>\n<\/div>\n<div>Aptas para violines de 4\/4 con una longitud de 13 pulgadas (328 mm), estas cuerdas de tensi\u00f3n media est\u00e1n optimizadas para satisfacer las necesidades de la mayor\u00eda de los m\u00fasicos. Es una cuerda Mi de acero (acero de alto carbono esta\u00f1ado) sin devanado. Se ofrecen en estuches sellados de dise\u00f1o exclusivo que proporcionan protecci\u00f3n inigualable contra los elementos que causan corrosi\u00f3n. Las cuerdas para viol\u00edn Helicore est\u00e1n fabricadas con un n\u00facleo de acero multitrenzado, que brinda facilidad de uso \u00f3ptima mientras produce un tono n\u00edtido y c\u00e1lido. El di\u00e1metro m\u00e1s peque\u00f1o de la cuerda permite una respuesta r\u00e1pida del arco. Materiales de m\u00e1xima calidad combinados con mano de obra especializada producen cuerdas reconocidas por su excelente estabilidad de tono y durabilidad.  D&#8217;Addario es la marca de cuerdas para instrumento m\u00e1s vendida del mundo. Sus productos son el resultado de m\u00e1s de un siglo de investigaci\u00f3n y desarrollo y son instaladas como equipo de serie en las mejores marcas de instrumentos. La pureza de sus materiales y la maquinaria de alta tecnolog\u00eda empleadas en la fabricaci\u00f3n de sus productos hacen de D&#8217;Addario la marca preferida por los m\u00fasicos m\u00e1s relevantes de la actualidad. Todas las encordaduras D&#8217;Addario vienen en empaques sellados con un gas especial que previene la corrosi\u00f3n y son amigables con el medio ambiente.<\/div>\n<div>\n<h4>Quick look<\/h4>\n<\/div>\n<ul style=\"margin: 0px 0px 0px 25px\">\n<li style=\"list-style-type: circle;margin: 5px\">N\u00facleo de multi-filamentos de acero trenzados<\/li>\n<li style=\"list-style-type: circle;margin: 5px\">N\u00facleo de acero trenzado.<\/li>\n<li style=\"list-style-type: circle;margin: 5px\">Ecological packaging.<\/li>\n<\/ul>\n<div>\n<div style=\"font-weight: bold\">N\u00facleo de multi-filamentos de acero trenzados<\/div>\n<div>\n<p>Gran estabilidad tonal y ataque. <\/p>\n<\/div>\n<div style=\"font-weight: bold\">N\u00facleo de acero trenzado.<\/div>\n<div>\n<p>El n\u00facleo de acero trenzado proporciona m\u00e1xima facilidad de uso y produce un tono n\u00edtido y c\u00e1lido,<\/p>\n<\/div>\n<div style=\"font-weight: bold\">Ecological packaging.<\/div>\n<div>\n<p>Ecological and corrosion resistant package to preserve the freshness of the strings.<\/p>\n<\/div>\n<\/div>\n<div>\n<h4>Characteristics<\/h4>\n<\/div>\n<div>\n<ul style=\"margin: 0px 0px 0px 25px\">\n<li style=\"list-style-type: circle;margin: 5px\">Tensi\u00f3n media.<\/li>\n<li style=\"list-style-type: circle;margin: 5px\">Escala 4\/4.<\/li>\n<li style=\"list-style-type: circle;margin: 5px\">Made in the USA.<\/li>\n<\/ul>\n<\/div>\n<\/div>","protected":false},"excerpt":{"rendered":"<p>Cuerda individual Mi para viol\u00edn Helicore de D&#8217;Addario, escala 4\/4, tensi\u00f3n media, aptas para violines de 4\/4 con una longitud de 13\u201d pulgadas (328 mm), cuerda Mi de acero (acero de alto carbono esta\u00f1ado) sin devanado, fabricadas con un n\u00facleo de acero multi trenzado, que brinda facilidad de uso \u00f3ptima mientras produce un tono n\u00edtido y c\u00e1lido, paquete ecol\u00f3gico y resistente a la corrosi\u00f3n para conservar la frescura de las cuerdas.&hellip; <a class=\"kt-excerpt-readmore more-link\" href=\"https:\/\/www.mexicanguitarplayers.com\/en\/tienda\/accesorios\/para-guitarras\/cuerdas-y-encordaduras\/cuerdas-d-addario-mod-h311-4-4m\/\">Read more<\/a><\/p>","protected":false},"featured_media":34695,"comment_status":"open","ping_status":"closed","template":"","meta":{"kt_blocks_editor_width":""},"pwb-brand":[347],"product_brand":[],"product_cat":[85,337,336],"product_tag":[],"class_list":{"0":"post-34696","1":"product","2":"type-product","3":"status-publish","4":"has-post-thumbnail","6":"pwb-brand-d-addario","7":"product_cat-accesorios","8":"product_cat-cuerdas-y-encordaduras","9":"product_cat-para-guitarras","10":"product_shipping_class-0-5-kg-cuerdas","12":"first","13":"outofstock","14":"taxable","15":"shipping-taxable","16":"purchasable","17":"product-type-simple"},"yoast_head":"<!-- This site is optimized with the Yoast SEO plugin v27.5 - https:\/\/yoast.com\/product\/yoast-seo-wordpress\/ -->\n<title>CUERDAS D ADDARIO  MOD. H311 4\/4M - Mexican Guitar Players<\/title>\n<meta name=\"description\" content=\"Cuerda individual Mi para viol\u00edn Helicore de D&#039;Addario, escala 4\/4, tensi\u00f3n media, aptas para violines de 4\/4 con una longitud de 13\u201d pulgadas (328 mm), cuerda Mi de acero (acero de alto carbono esta\u00f1ado) sin devanado, fabricadas con un n\u00facleo de acero multi trenzado, que brinda facilidad de uso \u00f3ptima mientras produce un tono n\u00edtido y c\u00e1lido, paquete ecol\u00f3gico y resistente a la corrosi\u00f3n para conservar la frescura de las cuerdas.\" \/>\n<meta name=\"robots\" content=\"index, follow, max-snippet:-1, max-image-preview:large, max-video-preview:-1\" \/>\n<link rel=\"canonical\" href=\"https:\/\/www.mexicanguitarplayers.com\/en\/tienda\/sin%20categor\u00eda\/cuerdas-d-addario-mod-h311-4-4m\/\" \/>\n<meta property=\"og:locale\" content=\"en_US\" \/>\n<meta property=\"og:type\" content=\"article\" \/>\n<meta property=\"og:title\" content=\"CUERDAS D ADDARIO  MOD. H311 4\/4M - Mexican Guitar Players\" \/>\n<meta property=\"og:description\" content=\"Cuerda individual Mi para viol\u00edn Helicore de D&#039;Addario, escala 4\/4, tensi\u00f3n media, aptas para violines de 4\/4 con una longitud de 13\u201d pulgadas (328 mm), cuerda Mi de acero (acero de alto carbono esta\u00f1ado) sin devanado, fabricadas con un n\u00facleo de acero multi trenzado, que brinda facilidad de uso \u00f3ptima mientras produce un tono n\u00edtido y c\u00e1lido, paquete ecol\u00f3gico y resistente a la corrosi\u00f3n para conservar la frescura de las cuerdas.\" \/>\n<meta property=\"og:url\" content=\"https:\/\/www.mexicanguitarplayers.com\/en\/tienda\/sin categor\u00eda\/cuerdas-d-addario-mod-h311-4-4m\/\" \/>\n<meta property=\"og:site_name\" content=\"Mexican Guitar Players\" \/>\n<meta property=\"article:modified_time\" content=\"2026-04-10T10:29:43+00:00\" \/>\n<meta name=\"twitter:card\" content=\"summary_large_image\" \/>\n<meta name=\"twitter:label1\" content=\"Est. reading time\" \/>\n\t<meta name=\"twitter:data1\" content=\"2 minutes\" \/>\n<script type=\"application\/ld+json\" class=\"yoast-schema-graph\">{\"@context\":\"https:\\\/\\\/schema.org\",\"@graph\":[{\"@type\":[\"WebPage\",\"ItemPage\"],\"@id\":\"https:\\\/\\\/www.mexicanguitarplayers.com\\\/tienda\\\/sin categor\u00eda\\\/cuerdas-d-addario-mod-h311-4-4m\\\/\",\"url\":\"https:\\\/\\\/www.mexicanguitarplayers.com\\\/tienda\\\/sin categor\u00eda\\\/cuerdas-d-addario-mod-h311-4-4m\\\/\",\"name\":\"CUERDAS D ADDARIO MOD. H311 4\\\/4M - Mexican Guitar Players\",\"isPartOf\":{\"@id\":\"https:\\\/\\\/www.mexicanguitarplayers.com\\\/#website\"},\"primaryImageOfPage\":{\"@id\":\"https:\\\/\\\/www.mexicanguitarplayers.com\\\/tienda\\\/sin categor\u00eda\\\/cuerdas-d-addario-mod-h311-4-4m\\\/#primaryimage\"},\"image\":{\"@id\":\"https:\\\/\\\/www.mexicanguitarplayers.com\\\/tienda\\\/sin categor\u00eda\\\/cuerdas-d-addario-mod-h311-4-4m\\\/#primaryimage\"},\"thumbnailUrl\":\"https:\\\/\\\/www.mexicanguitarplayers.com\\\/wp-content\\\/uploads\\\/2025\\\/04\\\/RADADH31144M.jpg\",\"datePublished\":\"2025-04-09T03:53:50+00:00\",\"dateModified\":\"2026-04-10T10:29:43+00:00\",\"description\":\"Cuerda individual Mi para viol\u00edn Helicore de D'Addario, escala 4\\\/4, tensi\u00f3n media, aptas para violines de 4\\\/4 con una longitud de 13\u201d pulgadas (328 mm), cuerda Mi de acero (acero de alto carbono esta\u00f1ado) sin devanado, fabricadas con un n\u00facleo de acero multi trenzado, que brinda facilidad de uso \u00f3ptima mientras produce un tono n\u00edtido y c\u00e1lido, paquete ecol\u00f3gico y resistente a la corrosi\u00f3n para conservar la frescura de las cuerdas.\",\"breadcrumb\":{\"@id\":\"https:\\\/\\\/www.mexicanguitarplayers.com\\\/tienda\\\/sin categor\u00eda\\\/cuerdas-d-addario-mod-h311-4-4m\\\/#breadcrumb\"},\"inLanguage\":\"en-US\",\"potentialAction\":[{\"@type\":\"ReadAction\",\"target\":[\"https:\\\/\\\/www.mexicanguitarplayers.com\\\/tienda\\\/sin categor\u00eda\\\/cuerdas-d-addario-mod-h311-4-4m\\\/\"]}]},{\"@type\":\"ImageObject\",\"inLanguage\":\"en-US\",\"@id\":\"https:\\\/\\\/www.mexicanguitarplayers.com\\\/tienda\\\/sin categor\u00eda\\\/cuerdas-d-addario-mod-h311-4-4m\\\/#primaryimage\",\"url\":\"https:\\\/\\\/www.mexicanguitarplayers.com\\\/wp-content\\\/uploads\\\/2025\\\/04\\\/RADADH31144M.jpg\",\"contentUrl\":\"https:\\\/\\\/www.mexicanguitarplayers.com\\\/wp-content\\\/uploads\\\/2025\\\/04\\\/RADADH31144M.jpg\",\"width\":1200,\"height\":1200},{\"@type\":\"BreadcrumbList\",\"@id\":\"https:\\\/\\\/www.mexicanguitarplayers.com\\\/tienda\\\/sin categor\u00eda\\\/cuerdas-d-addario-mod-h311-4-4m\\\/#breadcrumb\",\"itemListElement\":[{\"@type\":\"ListItem\",\"position\":1,\"name\":\"Portada\",\"item\":\"https:\\\/\\\/www.mexicanguitarplayers.com\\\/\"},{\"@type\":\"ListItem\",\"position\":2,\"name\":\"Tienda\",\"item\":\"https:\\\/\\\/www.mexicanguitarplayers.com\\\/tienda\\\/\"},{\"@type\":\"ListItem\",\"position\":3,\"name\":\"CUERDAS D ADDARIO MOD. H311 4\\\/4M\"}]},{\"@type\":\"WebSite\",\"@id\":\"https:\\\/\\\/www.mexicanguitarplayers.com\\\/#website\",\"url\":\"https:\\\/\\\/www.mexicanguitarplayers.com\\\/\",\"name\":\"Mexican Guitar Players\",\"description\":\"Website\",\"publisher\":{\"@id\":\"https:\\\/\\\/www.mexicanguitarplayers.com\\\/#organization\"},\"potentialAction\":[{\"@type\":\"SearchAction\",\"target\":{\"@type\":\"EntryPoint\",\"urlTemplate\":\"https:\\\/\\\/www.mexicanguitarplayers.com\\\/?s={search_term_string}\"},\"query-input\":{\"@type\":\"PropertyValueSpecification\",\"valueRequired\":true,\"valueName\":\"search_term_string\"}}],\"inLanguage\":\"en-US\"},{\"@type\":\"Organization\",\"@id\":\"https:\\\/\\\/www.mexicanguitarplayers.com\\\/#organization\",\"name\":\"Mexican Guitar Players\",\"url\":\"https:\\\/\\\/www.mexicanguitarplayers.com\\\/\",\"logo\":{\"@type\":\"ImageObject\",\"inLanguage\":\"en-US\",\"@id\":\"https:\\\/\\\/www.mexicanguitarplayers.com\\\/#\\\/schema\\\/logo\\\/image\\\/\",\"url\":\"\",\"contentUrl\":\"\",\"caption\":\"Mexican Guitar Players\"},\"image\":{\"@id\":\"https:\\\/\\\/www.mexicanguitarplayers.com\\\/#\\\/schema\\\/logo\\\/image\\\/\"}}]}<\/script>\n<!-- \/ Yoast SEO plugin. -->","yoast_head_json":{"title":"CUERDAS D ADDARIO  MOD. H311 4\/4M - Mexican Guitar Players","description":"Cuerda individual Mi para viol\u00edn Helicore de D'Addario, escala 4\/4, tensi\u00f3n media, aptas para violines de 4\/4 con una longitud de 13\u201d pulgadas (328 mm), cuerda Mi de acero (acero de alto carbono esta\u00f1ado) sin devanado, fabricadas con un n\u00facleo de acero multi trenzado, que brinda facilidad de uso \u00f3ptima mientras produce un tono n\u00edtido y c\u00e1lido, paquete ecol\u00f3gico y resistente a la corrosi\u00f3n para conservar la frescura de las cuerdas.","robots":{"index":"index","follow":"follow","max-snippet":"max-snippet:-1","max-image-preview":"max-image-preview:large","max-video-preview":"max-video-preview:-1"},"canonical":"https:\/\/www.mexicanguitarplayers.com\/en\/tienda\/sin categor\u00eda\/cuerdas-d-addario-mod-h311-4-4m\/","og_locale":"en_US","og_type":"article","og_title":"CUERDAS D ADDARIO  MOD. H311 4\/4M - Mexican Guitar Players","og_description":"Cuerda individual Mi para viol\u00edn Helicore de D'Addario, escala 4\/4, tensi\u00f3n media, aptas para violines de 4\/4 con una longitud de 13\u201d pulgadas (328 mm), cuerda Mi de acero (acero de alto carbono esta\u00f1ado) sin devanado, fabricadas con un n\u00facleo de acero multi trenzado, que brinda facilidad de uso \u00f3ptima mientras produce un tono n\u00edtido y c\u00e1lido, paquete ecol\u00f3gico y resistente a la corrosi\u00f3n para conservar la frescura de las cuerdas.","og_url":"https:\/\/www.mexicanguitarplayers.com\/en\/tienda\/sin categor\u00eda\/cuerdas-d-addario-mod-h311-4-4m\/","og_site_name":"Mexican Guitar Players","article_modified_time":"2026-04-10T10:29:43+00:00","twitter_card":"summary_large_image","twitter_misc":{"Est. reading time":"2 minutes"},"schema":{"@context":"https:\/\/schema.org","@graph":[{"@type":["WebPage","ItemPage"],"@id":"https:\/\/www.mexicanguitarplayers.com\/tienda\/sin categor\u00eda\/cuerdas-d-addario-mod-h311-4-4m\/","url":"https:\/\/www.mexicanguitarplayers.com\/tienda\/sin categor\u00eda\/cuerdas-d-addario-mod-h311-4-4m\/","name":"CUERDAS D ADDARIO MOD. H311 4\/4M - Mexican Guitar Players","isPartOf":{"@id":"https:\/\/www.mexicanguitarplayers.com\/#website"},"primaryImageOfPage":{"@id":"https:\/\/www.mexicanguitarplayers.com\/tienda\/sin categor\u00eda\/cuerdas-d-addario-mod-h311-4-4m\/#primaryimage"},"image":{"@id":"https:\/\/www.mexicanguitarplayers.com\/tienda\/sin categor\u00eda\/cuerdas-d-addario-mod-h311-4-4m\/#primaryimage"},"thumbnailUrl":"https:\/\/www.mexicanguitarplayers.com\/wp-content\/uploads\/2025\/04\/RADADH31144M.jpg","datePublished":"2025-04-09T03:53:50+00:00","dateModified":"2026-04-10T10:29:43+00:00","description":"Cuerda individual Mi para viol\u00edn Helicore de D'Addario, escala 4\/4, tensi\u00f3n media, aptas para violines de 4\/4 con una longitud de 13\u201d pulgadas (328 mm), cuerda Mi de acero (acero de alto carbono esta\u00f1ado) sin devanado, fabricadas con un n\u00facleo de acero multi trenzado, que brinda facilidad de uso \u00f3ptima mientras produce un tono n\u00edtido y c\u00e1lido, paquete ecol\u00f3gico y resistente a la corrosi\u00f3n para conservar la frescura de las cuerdas.","breadcrumb":{"@id":"https:\/\/www.mexicanguitarplayers.com\/tienda\/sin categor\u00eda\/cuerdas-d-addario-mod-h311-4-4m\/#breadcrumb"},"inLanguage":"en-US","potentialAction":[{"@type":"ReadAction","target":["https:\/\/www.mexicanguitarplayers.com\/tienda\/sin categor\u00eda\/cuerdas-d-addario-mod-h311-4-4m\/"]}]},{"@type":"ImageObject","inLanguage":"en-US","@id":"https:\/\/www.mexicanguitarplayers.com\/tienda\/sin categor\u00eda\/cuerdas-d-addario-mod-h311-4-4m\/#primaryimage","url":"https:\/\/www.mexicanguitarplayers.com\/wp-content\/uploads\/2025\/04\/RADADH31144M.jpg","contentUrl":"https:\/\/www.mexicanguitarplayers.com\/wp-content\/uploads\/2025\/04\/RADADH31144M.jpg","width":1200,"height":1200},{"@type":"BreadcrumbList","@id":"https:\/\/www.mexicanguitarplayers.com\/tienda\/sin categor\u00eda\/cuerdas-d-addario-mod-h311-4-4m\/#breadcrumb","itemListElement":[{"@type":"ListItem","position":1,"name":"Portada","item":"https:\/\/www.mexicanguitarplayers.com\/"},{"@type":"ListItem","position":2,"name":"Tienda","item":"https:\/\/www.mexicanguitarplayers.com\/tienda\/"},{"@type":"ListItem","position":3,"name":"CUERDAS D ADDARIO MOD. H311 4\/4M"}]},{"@type":"WebSite","@id":"https:\/\/www.mexicanguitarplayers.com\/#website","url":"https:\/\/www.mexicanguitarplayers.com\/","name":"Mexican Guitar Players","description":"Website","publisher":{"@id":"https:\/\/www.mexicanguitarplayers.com\/#organization"},"potentialAction":[{"@type":"SearchAction","target":{"@type":"EntryPoint","urlTemplate":"https:\/\/www.mexicanguitarplayers.com\/?s={search_term_string}"},"query-input":{"@type":"PropertyValueSpecification","valueRequired":true,"valueName":"search_term_string"}}],"inLanguage":"en-US"},{"@type":"Organization","@id":"https:\/\/www.mexicanguitarplayers.com\/#organization","name":"Mexican Guitar Players","url":"https:\/\/www.mexicanguitarplayers.com\/","logo":{"@type":"ImageObject","inLanguage":"en-US","@id":"https:\/\/www.mexicanguitarplayers.com\/#\/schema\/logo\/image\/","url":"","contentUrl":"","caption":"Mexican Guitar Players"},"image":{"@id":"https:\/\/www.mexicanguitarplayers.com\/#\/schema\/logo\/image\/"}}]}},"brands":[{"id":347,"name":"D ADDARIO","slug":"d-addario"}],"_links":{"self":[{"href":"https:\/\/www.mexicanguitarplayers.com\/en\/wp-json\/wp\/v2\/product\/34696","targetHints":{"allow":["GET"]}}],"collection":[{"href":"https:\/\/www.mexicanguitarplayers.com\/en\/wp-json\/wp\/v2\/product"}],"about":[{"href":"https:\/\/www.mexicanguitarplayers.com\/en\/wp-json\/wp\/v2\/types\/product"}],"replies":[{"embeddable":true,"href":"https:\/\/www.mexicanguitarplayers.com\/en\/wp-json\/wp\/v2\/comments?post=34696"}],"wp:featuredmedia":[{"embeddable":true,"href":"https:\/\/www.mexicanguitarplayers.com\/en\/wp-json\/wp\/v2\/media\/34695"}],"wp:attachment":[{"href":"https:\/\/www.mexicanguitarplayers.com\/en\/wp-json\/wp\/v2\/media?parent=34696"}],"wp:term":[{"taxonomy":"pwb-brand","embeddable":true,"href":"https:\/\/www.mexicanguitarplayers.com\/en\/wp-json\/wp\/v2\/pwb-brand?post=34696"},{"taxonomy":"product_brand","embeddable":true,"href":"https:\/\/www.mexicanguitarplayers.com\/en\/wp-json\/wp\/v2\/product_brand?post=34696"},{"taxonomy":"product_cat","embeddable":true,"href":"https:\/\/www.mexicanguitarplayers.com\/en\/wp-json\/wp\/v2\/product_cat?post=34696"},{"taxonomy":"product_tag","embeddable":true,"href":"https:\/\/www.mexicanguitarplayers.com\/en\/wp-json\/wp\/v2\/product_tag?post=34696"}],"curies":[{"name":"wp","href":"https:\/\/api.w.org\/{rel}","templated":true}]}}