{"id":34730,"date":"2025-04-08T21:54:50","date_gmt":"2025-04-09T03:54:50","guid":{"rendered":"https:\/\/www.mexicanguitarplayers.com\/tienda\/sin categor\u00eda\/teclado-controlador-behringer-motor-61\/"},"modified":"2025-04-08T21:54:50","modified_gmt":"2025-04-09T03:54:50","slug":"teclado-controlador-behringer-motor-61","status":"publish","type":"product","link":"https:\/\/www.mexicanguitarplayers.com\/en\/tienda\/teclas\/sintetizador-y-controlador\/controlador-midi\/teclado-controlador-behringer-motor-61\/","title":{"rendered":"TECLADO CONTROLADOR BEHRINGER MOTOR-61"},"content":{"rendered":"<div style=\"text-align: justify\">\n<div>\n<h3>Toma el control.<\/h3>\n<\/div>\n<div>El controlador Midi MOTOR 61 de Behringer te permite tomar el control total sobre tus instrumentos virtuales y DAW (Digital Audio Workstation). Con teclas de acci\u00f3n incre\u00edblemente suaves, faders motorizados y pads sensibles al tacto, el MOTOR 61 proporciona un nivel de control sin precedentes para lo \u00faltimo en expresi\u00f3n creativa. Las 61 teclas semi pesadas de tama\u00f1o completo, faders de 60 mm y pads de tambor retro iluminados te dan control total sobre todos los par\u00e1metros en tu DAW favorito. Un incre\u00edble arpegiador basado en hardware permite agregar al instante arpegios a sintetizadores de software y hardware y crear arreglos complejos sobre la marcha. Los codificadores giratorios sin fin del MOTOR 61 proporcionan informaci\u00f3n inmediata acerca del software, m\u00e1s la secci\u00f3n retro iluminada de transporte que pone todas las funciones de reproducci\u00f3n y grabaci\u00f3n al alcance de tus manos. Obtendr\u00e1s informaci\u00f3n r\u00e1pida y f\u00e1cil de leer en un s\u00f3lo vistazo, gracias a su pantalla con retroiluminaci\u00f3n.<\/div>\n<div>\n<h4>Characteristics<\/h4>\n<\/div>\n<div>\n<ul style=\"margin: 0px 0px 0px 25px\">\n<li style=\"list-style-type: circle;margin: 5px\">61 teclas semi pesadas.<\/li>\n<li style=\"list-style-type: circle;margin: 5px\">Pantalla LCD.<\/li>\n<li style=\"list-style-type: circle;margin: 5px\">8 pads.<\/li>\n<li style=\"list-style-type: circle;margin: 5px\">8 controles giratorios.<\/li>\n<li style=\"list-style-type: circle;margin: 5px\">9 faders motorizados de 60 mm.<\/li>\n<li style=\"list-style-type: circle;margin: 5px\">Entradas para pedal sustain y pedal de expresi\u00f3n.<\/li>\n<li style=\"list-style-type: circle;margin: 5px\">MIDI In\/Out\/Thru.<\/li>\n<li style=\"list-style-type: circle;margin: 5px\">USB port.<\/li>\n<li style=\"list-style-type: circle;margin: 5px\">Pitch bend.<\/li>\n<li style=\"list-style-type: circle;margin: 5px\">Modulation.<\/li>\n<\/ul>\n<\/div>\n<\/div>","protected":false},"excerpt":{"rendered":"<p>Controlador MIDI de 61 teclas semi pesadas, pantalla LCD, 8 pads, 8 controles giratorios, 9 faders, entradas para pedal sustain y pedal de expresi\u00f3n, MIDI In\/Out\/Thru, puerto USB, pitch bend, modulation.&hellip; <a class=\"kt-excerpt-readmore more-link\" href=\"https:\/\/www.mexicanguitarplayers.com\/en\/tienda\/teclas\/sintetizador-y-controlador\/controlador-midi\/teclado-controlador-behringer-motor-61\/\">Read more<\/a><\/p>","protected":false},"featured_media":34725,"comment_status":"open","ping_status":"closed","template":"","meta":{"kt_blocks_editor_width":""},"pwb-brand":[171],"product_brand":[],"product_cat":[387,386,376],"product_tag":[],"class_list":{"0":"post-34730","1":"product","2":"type-product","3":"status-publish","4":"has-post-thumbnail","6":"pwb-brand-behringer","7":"product_cat-controlador-midi","8":"product_cat-sintetizador-y-controlador","9":"product_cat-teclas","10":"product_shipping_class-5-10-kg","12":"first","13":"outofstock","14":"taxable","15":"shipping-taxable","16":"purchasable","17":"product-type-simple"},"yoast_head":"<!-- This site is optimized with the Yoast SEO plugin v27.3 - https:\/\/yoast.com\/product\/yoast-seo-wordpress\/ -->\n<title>TECLADO CONTROLADOR BEHRINGER MOTOR-61 - Mexican Guitar Players<\/title>\n<meta name=\"description\" content=\"Controlador MIDI de 61 teclas semi pesadas, pantalla LCD, 8 pads, 8 controles giratorios, 9 faders, entradas para pedal sustain y pedal de expresi\u00f3n, MIDI In\/Out\/Thru, puerto USB, pitch bend, modulation.\" \/>\n<meta name=\"robots\" content=\"index, follow, max-snippet:-1, max-image-preview:large, max-video-preview:-1\" \/>\n<link rel=\"canonical\" href=\"https:\/\/www.mexicanguitarplayers.com\/en\/tienda\/sin%20categor\u00eda\/teclado-controlador-behringer-motor-61\/\" \/>\n<meta property=\"og:locale\" content=\"en_US\" \/>\n<meta property=\"og:type\" content=\"article\" \/>\n<meta property=\"og:title\" content=\"TECLADO CONTROLADOR BEHRINGER MOTOR-61 - Mexican Guitar Players\" \/>\n<meta property=\"og:description\" content=\"Controlador MIDI de 61 teclas semi pesadas, pantalla LCD, 8 pads, 8 controles giratorios, 9 faders, entradas para pedal sustain y pedal de expresi\u00f3n, MIDI In\/Out\/Thru, puerto USB, pitch bend, modulation.\" \/>\n<meta property=\"og:url\" content=\"https:\/\/www.mexicanguitarplayers.com\/en\/tienda\/sin categor\u00eda\/teclado-controlador-behringer-motor-61\/\" \/>\n<meta property=\"og:site_name\" content=\"Mexican Guitar Players\" \/>\n<meta name=\"twitter:card\" content=\"summary_large_image\" \/>\n<meta name=\"twitter:label1\" content=\"Est. reading time\" \/>\n\t<meta name=\"twitter:data1\" content=\"1 minute\" \/>\n<script type=\"application\/ld+json\" class=\"yoast-schema-graph\">{\"@context\":\"https:\\\/\\\/schema.org\",\"@graph\":[{\"@type\":[\"WebPage\",\"ItemPage\"],\"@id\":\"https:\\\/\\\/www.mexicanguitarplayers.com\\\/tienda\\\/sin categor\u00eda\\\/teclado-controlador-behringer-motor-61\\\/\",\"url\":\"https:\\\/\\\/www.mexicanguitarplayers.com\\\/tienda\\\/sin categor\u00eda\\\/teclado-controlador-behringer-motor-61\\\/\",\"name\":\"TECLADO CONTROLADOR BEHRINGER MOTOR-61 - Mexican Guitar Players\",\"isPartOf\":{\"@id\":\"https:\\\/\\\/www.mexicanguitarplayers.com\\\/#website\"},\"primaryImageOfPage\":{\"@id\":\"https:\\\/\\\/www.mexicanguitarplayers.com\\\/tienda\\\/sin categor\u00eda\\\/teclado-controlador-behringer-motor-61\\\/#primaryimage\"},\"image\":{\"@id\":\"https:\\\/\\\/www.mexicanguitarplayers.com\\\/tienda\\\/sin categor\u00eda\\\/teclado-controlador-behringer-motor-61\\\/#primaryimage\"},\"thumbnailUrl\":\"https:\\\/\\\/www.mexicanguitarplayers.com\\\/wp-content\\\/uploads\\\/2025\\\/04\\\/ITBEHMOTOR61.jpg\",\"datePublished\":\"2025-04-09T03:54:50+00:00\",\"description\":\"Controlador MIDI de 61 teclas semi pesadas, pantalla LCD, 8 pads, 8 controles giratorios, 9 faders, entradas para pedal sustain y pedal de expresi\u00f3n, MIDI In\\\/Out\\\/Thru, puerto USB, pitch bend, modulation.\",\"breadcrumb\":{\"@id\":\"https:\\\/\\\/www.mexicanguitarplayers.com\\\/tienda\\\/sin categor\u00eda\\\/teclado-controlador-behringer-motor-61\\\/#breadcrumb\"},\"inLanguage\":\"en-US\",\"potentialAction\":[{\"@type\":\"ReadAction\",\"target\":[\"https:\\\/\\\/www.mexicanguitarplayers.com\\\/tienda\\\/sin categor\u00eda\\\/teclado-controlador-behringer-motor-61\\\/\"]}]},{\"@type\":\"ImageObject\",\"inLanguage\":\"en-US\",\"@id\":\"https:\\\/\\\/www.mexicanguitarplayers.com\\\/tienda\\\/sin categor\u00eda\\\/teclado-controlador-behringer-motor-61\\\/#primaryimage\",\"url\":\"https:\\\/\\\/www.mexicanguitarplayers.com\\\/wp-content\\\/uploads\\\/2025\\\/04\\\/ITBEHMOTOR61.jpg\",\"contentUrl\":\"https:\\\/\\\/www.mexicanguitarplayers.com\\\/wp-content\\\/uploads\\\/2025\\\/04\\\/ITBEHMOTOR61.jpg\",\"width\":1600,\"height\":800},{\"@type\":\"BreadcrumbList\",\"@id\":\"https:\\\/\\\/www.mexicanguitarplayers.com\\\/tienda\\\/sin categor\u00eda\\\/teclado-controlador-behringer-motor-61\\\/#breadcrumb\",\"itemListElement\":[{\"@type\":\"ListItem\",\"position\":1,\"name\":\"Portada\",\"item\":\"https:\\\/\\\/www.mexicanguitarplayers.com\\\/\"},{\"@type\":\"ListItem\",\"position\":2,\"name\":\"Tienda\",\"item\":\"https:\\\/\\\/www.mexicanguitarplayers.com\\\/tienda\\\/\"},{\"@type\":\"ListItem\",\"position\":3,\"name\":\"TECLADO CONTROLADOR BEHRINGER MOTOR-61\"}]},{\"@type\":\"WebSite\",\"@id\":\"https:\\\/\\\/www.mexicanguitarplayers.com\\\/#website\",\"url\":\"https:\\\/\\\/www.mexicanguitarplayers.com\\\/\",\"name\":\"Mexican Guitar Players\",\"description\":\"Website\",\"publisher\":{\"@id\":\"https:\\\/\\\/www.mexicanguitarplayers.com\\\/#organization\"},\"potentialAction\":[{\"@type\":\"SearchAction\",\"target\":{\"@type\":\"EntryPoint\",\"urlTemplate\":\"https:\\\/\\\/www.mexicanguitarplayers.com\\\/?s={search_term_string}\"},\"query-input\":{\"@type\":\"PropertyValueSpecification\",\"valueRequired\":true,\"valueName\":\"search_term_string\"}}],\"inLanguage\":\"en-US\"},{\"@type\":\"Organization\",\"@id\":\"https:\\\/\\\/www.mexicanguitarplayers.com\\\/#organization\",\"name\":\"Mexican Guitar Players\",\"url\":\"https:\\\/\\\/www.mexicanguitarplayers.com\\\/\",\"logo\":{\"@type\":\"ImageObject\",\"inLanguage\":\"en-US\",\"@id\":\"https:\\\/\\\/www.mexicanguitarplayers.com\\\/#\\\/schema\\\/logo\\\/image\\\/\",\"url\":\"\",\"contentUrl\":\"\",\"caption\":\"Mexican Guitar Players\"},\"image\":{\"@id\":\"https:\\\/\\\/www.mexicanguitarplayers.com\\\/#\\\/schema\\\/logo\\\/image\\\/\"}}]}<\/script>\n<!-- \/ Yoast SEO plugin. -->","yoast_head_json":{"title":"TECLADO CONTROLADOR BEHRINGER MOTOR-61 - Mexican Guitar Players","description":"Controlador MIDI de 61 teclas semi pesadas, pantalla LCD, 8 pads, 8 controles giratorios, 9 faders, entradas para pedal sustain y pedal de expresi\u00f3n, MIDI In\/Out\/Thru, puerto USB, pitch bend, modulation.","robots":{"index":"index","follow":"follow","max-snippet":"max-snippet:-1","max-image-preview":"max-image-preview:large","max-video-preview":"max-video-preview:-1"},"canonical":"https:\/\/www.mexicanguitarplayers.com\/en\/tienda\/sin categor\u00eda\/teclado-controlador-behringer-motor-61\/","og_locale":"en_US","og_type":"article","og_title":"TECLADO CONTROLADOR BEHRINGER MOTOR-61 - Mexican Guitar Players","og_description":"Controlador MIDI de 61 teclas semi pesadas, pantalla LCD, 8 pads, 8 controles giratorios, 9 faders, entradas para pedal sustain y pedal de expresi\u00f3n, MIDI In\/Out\/Thru, puerto USB, pitch bend, modulation.","og_url":"https:\/\/www.mexicanguitarplayers.com\/en\/tienda\/sin categor\u00eda\/teclado-controlador-behringer-motor-61\/","og_site_name":"Mexican Guitar Players","twitter_card":"summary_large_image","twitter_misc":{"Est. reading time":"1 minute"},"schema":{"@context":"https:\/\/schema.org","@graph":[{"@type":["WebPage","ItemPage"],"@id":"https:\/\/www.mexicanguitarplayers.com\/tienda\/sin categor\u00eda\/teclado-controlador-behringer-motor-61\/","url":"https:\/\/www.mexicanguitarplayers.com\/tienda\/sin categor\u00eda\/teclado-controlador-behringer-motor-61\/","name":"TECLADO CONTROLADOR BEHRINGER MOTOR-61 - Mexican Guitar Players","isPartOf":{"@id":"https:\/\/www.mexicanguitarplayers.com\/#website"},"primaryImageOfPage":{"@id":"https:\/\/www.mexicanguitarplayers.com\/tienda\/sin categor\u00eda\/teclado-controlador-behringer-motor-61\/#primaryimage"},"image":{"@id":"https:\/\/www.mexicanguitarplayers.com\/tienda\/sin categor\u00eda\/teclado-controlador-behringer-motor-61\/#primaryimage"},"thumbnailUrl":"https:\/\/www.mexicanguitarplayers.com\/wp-content\/uploads\/2025\/04\/ITBEHMOTOR61.jpg","datePublished":"2025-04-09T03:54:50+00:00","description":"Controlador MIDI de 61 teclas semi pesadas, pantalla LCD, 8 pads, 8 controles giratorios, 9 faders, entradas para pedal sustain y pedal de expresi\u00f3n, MIDI In\/Out\/Thru, puerto USB, pitch bend, modulation.","breadcrumb":{"@id":"https:\/\/www.mexicanguitarplayers.com\/tienda\/sin categor\u00eda\/teclado-controlador-behringer-motor-61\/#breadcrumb"},"inLanguage":"en-US","potentialAction":[{"@type":"ReadAction","target":["https:\/\/www.mexicanguitarplayers.com\/tienda\/sin categor\u00eda\/teclado-controlador-behringer-motor-61\/"]}]},{"@type":"ImageObject","inLanguage":"en-US","@id":"https:\/\/www.mexicanguitarplayers.com\/tienda\/sin categor\u00eda\/teclado-controlador-behringer-motor-61\/#primaryimage","url":"https:\/\/www.mexicanguitarplayers.com\/wp-content\/uploads\/2025\/04\/ITBEHMOTOR61.jpg","contentUrl":"https:\/\/www.mexicanguitarplayers.com\/wp-content\/uploads\/2025\/04\/ITBEHMOTOR61.jpg","width":1600,"height":800},{"@type":"BreadcrumbList","@id":"https:\/\/www.mexicanguitarplayers.com\/tienda\/sin categor\u00eda\/teclado-controlador-behringer-motor-61\/#breadcrumb","itemListElement":[{"@type":"ListItem","position":1,"name":"Portada","item":"https:\/\/www.mexicanguitarplayers.com\/"},{"@type":"ListItem","position":2,"name":"Tienda","item":"https:\/\/www.mexicanguitarplayers.com\/tienda\/"},{"@type":"ListItem","position":3,"name":"TECLADO CONTROLADOR BEHRINGER MOTOR-61"}]},{"@type":"WebSite","@id":"https:\/\/www.mexicanguitarplayers.com\/#website","url":"https:\/\/www.mexicanguitarplayers.com\/","name":"Mexican Guitar Players","description":"Website","publisher":{"@id":"https:\/\/www.mexicanguitarplayers.com\/#organization"},"potentialAction":[{"@type":"SearchAction","target":{"@type":"EntryPoint","urlTemplate":"https:\/\/www.mexicanguitarplayers.com\/?s={search_term_string}"},"query-input":{"@type":"PropertyValueSpecification","valueRequired":true,"valueName":"search_term_string"}}],"inLanguage":"en-US"},{"@type":"Organization","@id":"https:\/\/www.mexicanguitarplayers.com\/#organization","name":"Mexican Guitar Players","url":"https:\/\/www.mexicanguitarplayers.com\/","logo":{"@type":"ImageObject","inLanguage":"en-US","@id":"https:\/\/www.mexicanguitarplayers.com\/#\/schema\/logo\/image\/","url":"","contentUrl":"","caption":"Mexican Guitar Players"},"image":{"@id":"https:\/\/www.mexicanguitarplayers.com\/#\/schema\/logo\/image\/"}}]}},"brands":[{"id":171,"name":"BEHRINGER","slug":"behringer"}],"_links":{"self":[{"href":"https:\/\/www.mexicanguitarplayers.com\/en\/wp-json\/wp\/v2\/product\/34730","targetHints":{"allow":["GET"]}}],"collection":[{"href":"https:\/\/www.mexicanguitarplayers.com\/en\/wp-json\/wp\/v2\/product"}],"about":[{"href":"https:\/\/www.mexicanguitarplayers.com\/en\/wp-json\/wp\/v2\/types\/product"}],"replies":[{"embeddable":true,"href":"https:\/\/www.mexicanguitarplayers.com\/en\/wp-json\/wp\/v2\/comments?post=34730"}],"wp:featuredmedia":[{"embeddable":true,"href":"https:\/\/www.mexicanguitarplayers.com\/en\/wp-json\/wp\/v2\/media\/34725"}],"wp:attachment":[{"href":"https:\/\/www.mexicanguitarplayers.com\/en\/wp-json\/wp\/v2\/media?parent=34730"}],"wp:term":[{"taxonomy":"pwb-brand","embeddable":true,"href":"https:\/\/www.mexicanguitarplayers.com\/en\/wp-json\/wp\/v2\/pwb-brand?post=34730"},{"taxonomy":"product_brand","embeddable":true,"href":"https:\/\/www.mexicanguitarplayers.com\/en\/wp-json\/wp\/v2\/product_brand?post=34730"},{"taxonomy":"product_cat","embeddable":true,"href":"https:\/\/www.mexicanguitarplayers.com\/en\/wp-json\/wp\/v2\/product_cat?post=34730"},{"taxonomy":"product_tag","embeddable":true,"href":"https:\/\/www.mexicanguitarplayers.com\/en\/wp-json\/wp\/v2\/product_tag?post=34730"}],"curies":[{"name":"wp","href":"https:\/\/api.w.org\/{rel}","templated":true}]}}