{"id":34745,"date":"2025-04-08T21:55:08","date_gmt":"2025-04-09T03:55:08","guid":{"rendered":"https:\/\/www.mexicanguitarplayers.com\/tienda\/sin categor\u00eda\/bafle-ashdown-p-bajo-mod-abm-810h\/"},"modified":"2026-05-01T07:21:49","modified_gmt":"2026-05-01T13:21:49","slug":"bafle-ashdown-p-bajo-mod-abm-810h","status":"publish","type":"product","link":"https:\/\/www.mexicanguitarplayers.com\/en\/tienda\/cuerdas\/bafles-cuerdas\/bafles-para-bajo\/bafle-ashdown-p-bajo-mod-abm-810h\/","title":{"rendered":"BAFLE ASHDOWN P\/BAJO MOD. ABM-810H"},"content":{"rendered":"<div style=\"text-align: justify\">\n<div>\n<h3>Altavoz Blue Line de dise\u00f1o personalizado que proporciona graves muy definidos.<\/h3>\n<\/div>\n<div>Llena incluso los escenarios con tonos graves profundos y con punch con el gabinete ABM.801H. Fabricado para durar, el ABM 810H est\u00e1 construido utilizando madera contrachapada de abedul de alta calidad, resistente cubierta, esquinas met\u00e1licas y rejilla de acero. Un altavoz Blue Line de 10\u201d pulgadas de dise\u00f1o personalizado que proporciona un rango de sonido grueso y amplio con toneladas de punch y potencia. Desde clubes hasta estadios, el gabinete para bajo ABM 810H est\u00e1 listo para rockear. Hemos creado nuestros propios altavoces para los gabinetes de la serie ABM. El ABM 810H aloja un altavoz Blue Line de 10\u201d pulgadas junto con un tweeter conmutable (Hi, Low o Apagado), para dar un control total sobre los agudos. Estos altavoces proporcionan la potencia, transparencia y la profundidad de graves que necesitas sin sacrificar el ataque de medios y los agudos que necesitas para para los tonos modernos de bajo. No importa qu\u00e9 tipo de show tengas, el ABM 810H est\u00e1 listo para la acci\u00f3n.<\/div>\n<div>\n<h4>Quick look<\/h4>\n<\/div>\n<ul style=\"margin: 0px 0px 0px 25px\">\n<li style=\"list-style-type: circle;margin: 5px\">Power.<\/li>\n<li style=\"list-style-type: circle;margin: 5px\">Requerimiento de energ\u00eda.<\/li>\n<li style=\"list-style-type: circle;margin: 5px\">Speakers.<\/li>\n<li style=\"list-style-type: circle;margin: 5px\">Salida de altavoces:<\/li>\n<li style=\"list-style-type: circle;margin: 5px\">Frequency response.<\/li>\n<li style=\"list-style-type: circle;margin: 5px\">Impedance.<\/li>\n<li style=\"list-style-type: circle;margin: 5px\">SPL.<\/li>\n<li style=\"list-style-type: circle;margin: 5px\">Dimensions.<\/li>\n<li style=\"list-style-type: circle;margin: 5px\">Weight.<\/li>\n<\/ul>\n<div>\n<div style=\"font-weight: bold\">Power.<\/div>\n<div>\n<p>Continuo: 1200 watts. Pico: 2400 watts.<\/p>\n<\/div>\n<div style=\"font-weight: bold\">Requerimiento de energ\u00eda.<\/div>\n<div>\n<p>50 watts.<\/p>\n<\/div>\n<div style=\"font-weight: bold\">Speakers.<\/div>\n<div>\n<p>8 x 10.<\/p>\n<\/div>\n<div style=\"font-weight: bold\">Salida de altavoces:<\/div>\n<div>\n<p>2 x Speakon combi jack con switch HF.<\/p>\n<\/div>\n<div style=\"font-weight: bold\">Frequency response.<\/div>\n<div>\n<p>35 Hz &#8211; 20 kHz.<\/p>\n<\/div>\n<div style=\"font-weight: bold\">Impedance.<\/div>\n<div>\n<p>4 ohms nominal.<\/p>\n<\/div>\n<div style=\"font-weight: bold\">SPL.<\/div>\n<div>\n<p>100 dB (1w@1m @ 200 Hz).<\/p>\n<\/div>\n<div style=\"font-weight: bold\">Dimensions.<\/div>\n<div>\n<p>1150 x 610 x 420 (incluyendo ruedas).<\/p>\n<\/div>\n<div style=\"font-weight: bold\">Weight.<\/div>\n<div>\n<p>67 kg.<\/p>\n<\/div>\n<\/div>\n<\/div>","protected":false},"excerpt":{"rendered":"<p>Bafle para bajo, 8 altavoces de 10\u201d pulgadas, potencia continua: 1200 watts, potencia pico: 2400 watts, requerimiento de energ\u00eda: 50 watts, salida de altavoces: 2 x Speakon combi jack con switch HF, respuesta de frecuencia: 35 Hz &#8211; 20 kHz, impedancia: 4 ohms nominal, SPL: 100 dB (1w@1m @ 200 Hz), dimensiones: 1150 x 610 x 420 (incluyendo ruedas), peso: 67 kg.&hellip; <a class=\"kt-excerpt-readmore more-link\" href=\"https:\/\/www.mexicanguitarplayers.com\/en\/tienda\/cuerdas\/bafles-cuerdas\/bafles-para-bajo\/bafle-ashdown-p-bajo-mod-abm-810h\/\">Read more<\/a><\/p>","protected":false},"featured_media":34738,"comment_status":"open","ping_status":"closed","template":"","meta":{"kt_blocks_editor_width":""},"pwb-brand":[257],"product_brand":[],"product_cat":[222,251,224],"product_tag":[],"class_list":{"0":"post-34745","1":"product","2":"type-product","3":"status-publish","4":"has-post-thumbnail","6":"pwb-brand-ashdown","7":"product_cat-bafles","8":"product_cat-bafles-para-bajo","9":"product_cat-cuerdas","11":"first","12":"instock","13":"taxable","14":"shipping-taxable","15":"purchasable","16":"product-type-simple"},"yoast_head":"<!-- This site is optimized with the Yoast SEO plugin v27.5 - https:\/\/yoast.com\/product\/yoast-seo-wordpress\/ -->\n<title>BAFLE ASHDOWN P\/BAJO MOD. ABM-810H - Mexican Guitar Players<\/title>\n<meta name=\"description\" content=\"Bafle para bajo, 8 altavoces de 10\u201d pulgadas, potencia continua: 1200 watts, potencia pico: 2400 watts, requerimiento de energ\u00eda: 50 watts, salida de altavoces: 2 x Speakon combi jack con switch HF, respuesta de frecuencia: 35 Hz - 20 kHz, impedancia: 4 ohms nominal, SPL: 100 dB (1w@1m @ 200 Hz), dimensiones: 1150 x 610 x 420 (incluyendo ruedas), peso: 67 kg.\" \/>\n<meta name=\"robots\" content=\"index, follow, max-snippet:-1, max-image-preview:large, max-video-preview:-1\" \/>\n<link rel=\"canonical\" href=\"https:\/\/www.mexicanguitarplayers.com\/en\/tienda\/sin%20categor\u00eda\/bafle-ashdown-p-bajo-mod-abm-810h\/\" \/>\n<meta property=\"og:locale\" content=\"en_US\" \/>\n<meta property=\"og:type\" content=\"article\" \/>\n<meta property=\"og:title\" content=\"BAFLE ASHDOWN P\/BAJO MOD. ABM-810H - Mexican Guitar Players\" \/>\n<meta property=\"og:description\" content=\"Bafle para bajo, 8 altavoces de 10\u201d pulgadas, potencia continua: 1200 watts, potencia pico: 2400 watts, requerimiento de energ\u00eda: 50 watts, salida de altavoces: 2 x Speakon combi jack con switch HF, respuesta de frecuencia: 35 Hz - 20 kHz, impedancia: 4 ohms nominal, SPL: 100 dB (1w@1m @ 200 Hz), dimensiones: 1150 x 610 x 420 (incluyendo ruedas), peso: 67 kg.\" \/>\n<meta property=\"og:url\" content=\"https:\/\/www.mexicanguitarplayers.com\/en\/tienda\/sin categor\u00eda\/bafle-ashdown-p-bajo-mod-abm-810h\/\" \/>\n<meta property=\"og:site_name\" content=\"Mexican Guitar Players\" \/>\n<meta property=\"article:modified_time\" content=\"2026-05-01T13:21:49+00:00\" \/>\n<meta name=\"twitter:card\" content=\"summary_large_image\" \/>\n<meta name=\"twitter:label1\" content=\"Est. reading time\" \/>\n\t<meta name=\"twitter:data1\" content=\"1 minute\" \/>\n<script type=\"application\/ld+json\" class=\"yoast-schema-graph\">{\"@context\":\"https:\\\/\\\/schema.org\",\"@graph\":[{\"@type\":[\"WebPage\",\"ItemPage\"],\"@id\":\"https:\\\/\\\/www.mexicanguitarplayers.com\\\/tienda\\\/sin categor\u00eda\\\/bafle-ashdown-p-bajo-mod-abm-810h\\\/\",\"url\":\"https:\\\/\\\/www.mexicanguitarplayers.com\\\/tienda\\\/sin categor\u00eda\\\/bafle-ashdown-p-bajo-mod-abm-810h\\\/\",\"name\":\"BAFLE ASHDOWN P\\\/BAJO MOD. ABM-810H - Mexican Guitar Players\",\"isPartOf\":{\"@id\":\"https:\\\/\\\/www.mexicanguitarplayers.com\\\/#website\"},\"primaryImageOfPage\":{\"@id\":\"https:\\\/\\\/www.mexicanguitarplayers.com\\\/tienda\\\/sin categor\u00eda\\\/bafle-ashdown-p-bajo-mod-abm-810h\\\/#primaryimage\"},\"image\":{\"@id\":\"https:\\\/\\\/www.mexicanguitarplayers.com\\\/tienda\\\/sin categor\u00eda\\\/bafle-ashdown-p-bajo-mod-abm-810h\\\/#primaryimage\"},\"thumbnailUrl\":\"https:\\\/\\\/www.mexicanguitarplayers.com\\\/wp-content\\\/uploads\\\/2025\\\/04\\\/ICASOABM810H.jpg\",\"datePublished\":\"2025-04-09T03:55:08+00:00\",\"dateModified\":\"2026-05-01T13:21:49+00:00\",\"description\":\"Bafle para bajo, 8 altavoces de 10\u201d pulgadas, potencia continua: 1200 watts, potencia pico: 2400 watts, requerimiento de energ\u00eda: 50 watts, salida de altavoces: 2 x Speakon combi jack con switch HF, respuesta de frecuencia: 35 Hz - 20 kHz, impedancia: 4 ohms nominal, SPL: 100 dB (1w@1m @ 200 Hz), dimensiones: 1150 x 610 x 420 (incluyendo ruedas), peso: 67 kg.\",\"breadcrumb\":{\"@id\":\"https:\\\/\\\/www.mexicanguitarplayers.com\\\/tienda\\\/sin categor\u00eda\\\/bafle-ashdown-p-bajo-mod-abm-810h\\\/#breadcrumb\"},\"inLanguage\":\"en-US\",\"potentialAction\":[{\"@type\":\"ReadAction\",\"target\":[\"https:\\\/\\\/www.mexicanguitarplayers.com\\\/tienda\\\/sin categor\u00eda\\\/bafle-ashdown-p-bajo-mod-abm-810h\\\/\"]}]},{\"@type\":\"ImageObject\",\"inLanguage\":\"en-US\",\"@id\":\"https:\\\/\\\/www.mexicanguitarplayers.com\\\/tienda\\\/sin categor\u00eda\\\/bafle-ashdown-p-bajo-mod-abm-810h\\\/#primaryimage\",\"url\":\"https:\\\/\\\/www.mexicanguitarplayers.com\\\/wp-content\\\/uploads\\\/2025\\\/04\\\/ICASOABM810H.jpg\",\"contentUrl\":\"https:\\\/\\\/www.mexicanguitarplayers.com\\\/wp-content\\\/uploads\\\/2025\\\/04\\\/ICASOABM810H.jpg\",\"width\":1200,\"height\":1200},{\"@type\":\"BreadcrumbList\",\"@id\":\"https:\\\/\\\/www.mexicanguitarplayers.com\\\/tienda\\\/sin categor\u00eda\\\/bafle-ashdown-p-bajo-mod-abm-810h\\\/#breadcrumb\",\"itemListElement\":[{\"@type\":\"ListItem\",\"position\":1,\"name\":\"Portada\",\"item\":\"https:\\\/\\\/www.mexicanguitarplayers.com\\\/\"},{\"@type\":\"ListItem\",\"position\":2,\"name\":\"Tienda\",\"item\":\"https:\\\/\\\/www.mexicanguitarplayers.com\\\/tienda\\\/\"},{\"@type\":\"ListItem\",\"position\":3,\"name\":\"BAFLE ASHDOWN P\\\/BAJO MOD. ABM-810H\"}]},{\"@type\":\"WebSite\",\"@id\":\"https:\\\/\\\/www.mexicanguitarplayers.com\\\/#website\",\"url\":\"https:\\\/\\\/www.mexicanguitarplayers.com\\\/\",\"name\":\"Mexican Guitar Players\",\"description\":\"Website\",\"publisher\":{\"@id\":\"https:\\\/\\\/www.mexicanguitarplayers.com\\\/#organization\"},\"potentialAction\":[{\"@type\":\"SearchAction\",\"target\":{\"@type\":\"EntryPoint\",\"urlTemplate\":\"https:\\\/\\\/www.mexicanguitarplayers.com\\\/?s={search_term_string}\"},\"query-input\":{\"@type\":\"PropertyValueSpecification\",\"valueRequired\":true,\"valueName\":\"search_term_string\"}}],\"inLanguage\":\"en-US\"},{\"@type\":\"Organization\",\"@id\":\"https:\\\/\\\/www.mexicanguitarplayers.com\\\/#organization\",\"name\":\"Mexican Guitar Players\",\"url\":\"https:\\\/\\\/www.mexicanguitarplayers.com\\\/\",\"logo\":{\"@type\":\"ImageObject\",\"inLanguage\":\"en-US\",\"@id\":\"https:\\\/\\\/www.mexicanguitarplayers.com\\\/#\\\/schema\\\/logo\\\/image\\\/\",\"url\":\"\",\"contentUrl\":\"\",\"caption\":\"Mexican Guitar Players\"},\"image\":{\"@id\":\"https:\\\/\\\/www.mexicanguitarplayers.com\\\/#\\\/schema\\\/logo\\\/image\\\/\"}}]}<\/script>\n<!-- \/ Yoast SEO plugin. -->","yoast_head_json":{"title":"BAFLE ASHDOWN P\/BAJO MOD. ABM-810H - Mexican Guitar Players","description":"Bafle para bajo, 8 altavoces de 10\u201d pulgadas, potencia continua: 1200 watts, potencia pico: 2400 watts, requerimiento de energ\u00eda: 50 watts, salida de altavoces: 2 x Speakon combi jack con switch HF, respuesta de frecuencia: 35 Hz - 20 kHz, impedancia: 4 ohms nominal, SPL: 100 dB (1w@1m @ 200 Hz), dimensiones: 1150 x 610 x 420 (incluyendo ruedas), peso: 67 kg.","robots":{"index":"index","follow":"follow","max-snippet":"max-snippet:-1","max-image-preview":"max-image-preview:large","max-video-preview":"max-video-preview:-1"},"canonical":"https:\/\/www.mexicanguitarplayers.com\/en\/tienda\/sin categor\u00eda\/bafle-ashdown-p-bajo-mod-abm-810h\/","og_locale":"en_US","og_type":"article","og_title":"BAFLE ASHDOWN P\/BAJO MOD. ABM-810H - Mexican Guitar Players","og_description":"Bafle para bajo, 8 altavoces de 10\u201d pulgadas, potencia continua: 1200 watts, potencia pico: 2400 watts, requerimiento de energ\u00eda: 50 watts, salida de altavoces: 2 x Speakon combi jack con switch HF, respuesta de frecuencia: 35 Hz - 20 kHz, impedancia: 4 ohms nominal, SPL: 100 dB (1w@1m @ 200 Hz), dimensiones: 1150 x 610 x 420 (incluyendo ruedas), peso: 67 kg.","og_url":"https:\/\/www.mexicanguitarplayers.com\/en\/tienda\/sin categor\u00eda\/bafle-ashdown-p-bajo-mod-abm-810h\/","og_site_name":"Mexican Guitar Players","article_modified_time":"2026-05-01T13:21:49+00:00","twitter_card":"summary_large_image","twitter_misc":{"Est. reading time":"1 minute"},"schema":{"@context":"https:\/\/schema.org","@graph":[{"@type":["WebPage","ItemPage"],"@id":"https:\/\/www.mexicanguitarplayers.com\/tienda\/sin categor\u00eda\/bafle-ashdown-p-bajo-mod-abm-810h\/","url":"https:\/\/www.mexicanguitarplayers.com\/tienda\/sin categor\u00eda\/bafle-ashdown-p-bajo-mod-abm-810h\/","name":"BAFLE ASHDOWN P\/BAJO MOD. ABM-810H - Mexican Guitar Players","isPartOf":{"@id":"https:\/\/www.mexicanguitarplayers.com\/#website"},"primaryImageOfPage":{"@id":"https:\/\/www.mexicanguitarplayers.com\/tienda\/sin categor\u00eda\/bafle-ashdown-p-bajo-mod-abm-810h\/#primaryimage"},"image":{"@id":"https:\/\/www.mexicanguitarplayers.com\/tienda\/sin categor\u00eda\/bafle-ashdown-p-bajo-mod-abm-810h\/#primaryimage"},"thumbnailUrl":"https:\/\/www.mexicanguitarplayers.com\/wp-content\/uploads\/2025\/04\/ICASOABM810H.jpg","datePublished":"2025-04-09T03:55:08+00:00","dateModified":"2026-05-01T13:21:49+00:00","description":"Bafle para bajo, 8 altavoces de 10\u201d pulgadas, potencia continua: 1200 watts, potencia pico: 2400 watts, requerimiento de energ\u00eda: 50 watts, salida de altavoces: 2 x Speakon combi jack con switch HF, respuesta de frecuencia: 35 Hz - 20 kHz, impedancia: 4 ohms nominal, SPL: 100 dB (1w@1m @ 200 Hz), dimensiones: 1150 x 610 x 420 (incluyendo ruedas), peso: 67 kg.","breadcrumb":{"@id":"https:\/\/www.mexicanguitarplayers.com\/tienda\/sin categor\u00eda\/bafle-ashdown-p-bajo-mod-abm-810h\/#breadcrumb"},"inLanguage":"en-US","potentialAction":[{"@type":"ReadAction","target":["https:\/\/www.mexicanguitarplayers.com\/tienda\/sin categor\u00eda\/bafle-ashdown-p-bajo-mod-abm-810h\/"]}]},{"@type":"ImageObject","inLanguage":"en-US","@id":"https:\/\/www.mexicanguitarplayers.com\/tienda\/sin categor\u00eda\/bafle-ashdown-p-bajo-mod-abm-810h\/#primaryimage","url":"https:\/\/www.mexicanguitarplayers.com\/wp-content\/uploads\/2025\/04\/ICASOABM810H.jpg","contentUrl":"https:\/\/www.mexicanguitarplayers.com\/wp-content\/uploads\/2025\/04\/ICASOABM810H.jpg","width":1200,"height":1200},{"@type":"BreadcrumbList","@id":"https:\/\/www.mexicanguitarplayers.com\/tienda\/sin categor\u00eda\/bafle-ashdown-p-bajo-mod-abm-810h\/#breadcrumb","itemListElement":[{"@type":"ListItem","position":1,"name":"Portada","item":"https:\/\/www.mexicanguitarplayers.com\/"},{"@type":"ListItem","position":2,"name":"Tienda","item":"https:\/\/www.mexicanguitarplayers.com\/tienda\/"},{"@type":"ListItem","position":3,"name":"BAFLE ASHDOWN P\/BAJO MOD. ABM-810H"}]},{"@type":"WebSite","@id":"https:\/\/www.mexicanguitarplayers.com\/#website","url":"https:\/\/www.mexicanguitarplayers.com\/","name":"Mexican Guitar Players","description":"Website","publisher":{"@id":"https:\/\/www.mexicanguitarplayers.com\/#organization"},"potentialAction":[{"@type":"SearchAction","target":{"@type":"EntryPoint","urlTemplate":"https:\/\/www.mexicanguitarplayers.com\/?s={search_term_string}"},"query-input":{"@type":"PropertyValueSpecification","valueRequired":true,"valueName":"search_term_string"}}],"inLanguage":"en-US"},{"@type":"Organization","@id":"https:\/\/www.mexicanguitarplayers.com\/#organization","name":"Mexican Guitar Players","url":"https:\/\/www.mexicanguitarplayers.com\/","logo":{"@type":"ImageObject","inLanguage":"en-US","@id":"https:\/\/www.mexicanguitarplayers.com\/#\/schema\/logo\/image\/","url":"","contentUrl":"","caption":"Mexican Guitar Players"},"image":{"@id":"https:\/\/www.mexicanguitarplayers.com\/#\/schema\/logo\/image\/"}}]}},"brands":[{"id":257,"name":"ASHDOWN","slug":"ashdown"}],"_links":{"self":[{"href":"https:\/\/www.mexicanguitarplayers.com\/en\/wp-json\/wp\/v2\/product\/34745","targetHints":{"allow":["GET"]}}],"collection":[{"href":"https:\/\/www.mexicanguitarplayers.com\/en\/wp-json\/wp\/v2\/product"}],"about":[{"href":"https:\/\/www.mexicanguitarplayers.com\/en\/wp-json\/wp\/v2\/types\/product"}],"replies":[{"embeddable":true,"href":"https:\/\/www.mexicanguitarplayers.com\/en\/wp-json\/wp\/v2\/comments?post=34745"}],"wp:featuredmedia":[{"embeddable":true,"href":"https:\/\/www.mexicanguitarplayers.com\/en\/wp-json\/wp\/v2\/media\/34738"}],"wp:attachment":[{"href":"https:\/\/www.mexicanguitarplayers.com\/en\/wp-json\/wp\/v2\/media?parent=34745"}],"wp:term":[{"taxonomy":"pwb-brand","embeddable":true,"href":"https:\/\/www.mexicanguitarplayers.com\/en\/wp-json\/wp\/v2\/pwb-brand?post=34745"},{"taxonomy":"product_brand","embeddable":true,"href":"https:\/\/www.mexicanguitarplayers.com\/en\/wp-json\/wp\/v2\/product_brand?post=34745"},{"taxonomy":"product_cat","embeddable":true,"href":"https:\/\/www.mexicanguitarplayers.com\/en\/wp-json\/wp\/v2\/product_cat?post=34745"},{"taxonomy":"product_tag","embeddable":true,"href":"https:\/\/www.mexicanguitarplayers.com\/en\/wp-json\/wp\/v2\/product_tag?post=34745"}],"curies":[{"name":"wp","href":"https:\/\/api.w.org\/{rel}","templated":true}]}}