{"id":34762,"date":"2025-04-08T21:55:30","date_gmt":"2025-04-09T03:55:30","guid":{"rendered":"https:\/\/www.mexicanguitarplayers.com\/tienda\/sin categor\u00eda\/pastilla-sd-smb-4a-4-strg-for-music-man-alnc\/"},"modified":"2026-04-10T04:29:35","modified_gmt":"2026-04-10T10:29:35","slug":"pastilla-sd-smb-4a-4-strg-for-music-man-alnc","status":"publish","type":"product","link":"https:\/\/www.mexicanguitarplayers.com\/en\/tienda\/accesorios\/estuches-y-fundas\/para-bajo-estuches-y-fundas\/pastilla-sd-smb-4a-4-strg-for-music-man-alnc\/","title":{"rendered":"PASTILLA SD SMB-4A 4-STRG FOR MUSIC MAN ALNC"},"content":{"rendered":"<div style=\"text-align: justify\">\n<div>\n<h3>70\u2019s Music Man Alnico 5 4 String<\/h3>\n<\/div>\n<div>Pastilla de reemplazo Music Man Stingray de 4 cuerdas (SMB-4A) que cuenta con varillas de alnico 5 y se expresa como las Stingrays originales de los a\u00f1os 70, para una respuesta y una sensaci\u00f3n m\u00e1s org\u00e1nicas.<\/div>\n<div>\n<h4>Characteristics<\/h4>\n<\/div>\n<div>\n<ul style=\"margin: 0px 0px 0px 25px\">\n<li style=\"list-style-type: circle;margin: 5px\">cable<\/li>\n<li style=\"list-style-type: circle;margin: 5px\">Output<\/li>\n<li style=\"list-style-type: circle;margin: 5px\">Imanes<\/li>\n<li style=\"list-style-type: circle;margin: 5px\">DCR<\/li>\n<\/ul>\n<\/div>\n<\/div>","protected":false},"excerpt":{"rendered":"<p>La SMB-4A usa imanes de alnico de 5 varillas de gran tama\u00f1o, junto con devanados de bobina \u00fanicos para brindar una respuesta extendida tanto en los extremos agudos como graves del espectro de frecuencia, esta pastilla es m\u00e1s c\u00e1lida en la parte inferior y m\u00e1s detallada en la parte superior. Disponible en configuraciones de 4 o 5 cuerdas. Construida a mano en Santa B\u00e1rbara, CA, nuestra pastilla de repuesto Alnico Music Man utiliza imanes de 5 varillas de Alnico de gran tama\u00f1o, trabajo plano de Forbon, cable conductor de 4 conductores y est\u00e1 encapsulada en cera al vac\u00edo para un funcionamiento sin chirridos.&hellip; <a class=\"kt-excerpt-readmore more-link\" href=\"https:\/\/www.mexicanguitarplayers.com\/en\/tienda\/accesorios\/estuches-y-fundas\/para-bajo-estuches-y-fundas\/pastilla-sd-smb-4a-4-strg-for-music-man-alnc\/\">Read more<\/a><\/p>","protected":false},"featured_media":34758,"comment_status":"open","ping_status":"closed","template":"","meta":{"kt_blocks_editor_width":""},"pwb-brand":[502],"product_brand":[],"product_cat":[85,578,610],"product_tag":[],"class_list":{"0":"post-34762","1":"product","2":"type-product","3":"status-publish","4":"has-post-thumbnail","6":"pwb-brand-seymour-duncan","7":"product_cat-accesorios","8":"product_cat-para-bajo-estuches-y-fundas","9":"product_cat-pastillas-para-inst-orquestales","10":"product_shipping_class-0-5-kg","12":"first","13":"outofstock","14":"taxable","15":"shipping-taxable","16":"purchasable","17":"product-type-simple"},"yoast_head":"<!-- This site is optimized with the Yoast SEO plugin v27.5 - https:\/\/yoast.com\/product\/yoast-seo-wordpress\/ -->\n<title>PASTILLA SD SMB-4A 4-STRG FOR MUSIC MAN ALNC - Mexican Guitar Players<\/title>\n<meta name=\"description\" content=\"La SMB-4A usa imanes de alnico de 5 varillas de gran tama\u00f1o, junto con devanados de bobina \u00fanicos para brindar una respuesta extendida tanto en los extremos agudos como graves del espectro de frecuencia, esta pastilla es m\u00e1s c\u00e1lida en la parte inferior y m\u00e1s detallada en la parte superior. Disponible en configuraciones de 4 o 5 cuerdas. Construida a mano en Santa B\u00e1rbara, CA, nuestra pastilla de repuesto Alnico Music Man utiliza imanes de 5 varillas de Alnico de gran tama\u00f1o, trabajo plano de Forbon, cable conductor de 4 conductores y est\u00e1 encapsulada en cera al vac\u00edo para un funcionamiento sin chirridos.\" \/>\n<meta name=\"robots\" content=\"index, follow, max-snippet:-1, max-image-preview:large, max-video-preview:-1\" \/>\n<link rel=\"canonical\" href=\"https:\/\/www.mexicanguitarplayers.com\/en\/tienda\/sin%20categor\u00eda\/pastilla-sd-smb-4a-4-strg-for-music-man-alnc\/\" \/>\n<meta property=\"og:locale\" content=\"en_US\" \/>\n<meta property=\"og:type\" content=\"article\" \/>\n<meta property=\"og:title\" content=\"PASTILLA SD SMB-4A 4-STRG FOR MUSIC MAN ALNC - Mexican Guitar Players\" \/>\n<meta property=\"og:description\" content=\"La SMB-4A usa imanes de alnico de 5 varillas de gran tama\u00f1o, junto con devanados de bobina \u00fanicos para brindar una respuesta extendida tanto en los extremos agudos como graves del espectro de frecuencia, esta pastilla es m\u00e1s c\u00e1lida en la parte inferior y m\u00e1s detallada en la parte superior. Disponible en configuraciones de 4 o 5 cuerdas. Construida a mano en Santa B\u00e1rbara, CA, nuestra pastilla de repuesto Alnico Music Man utiliza imanes de 5 varillas de Alnico de gran tama\u00f1o, trabajo plano de Forbon, cable conductor de 4 conductores y est\u00e1 encapsulada en cera al vac\u00edo para un funcionamiento sin chirridos.\" \/>\n<meta property=\"og:url\" content=\"https:\/\/www.mexicanguitarplayers.com\/en\/tienda\/sin categor\u00eda\/pastilla-sd-smb-4a-4-strg-for-music-man-alnc\/\" \/>\n<meta property=\"og:site_name\" content=\"Mexican Guitar Players\" \/>\n<meta property=\"article:modified_time\" content=\"2026-04-10T10:29:35+00:00\" \/>\n<meta name=\"twitter:card\" content=\"summary_large_image\" \/>\n<script type=\"application\/ld+json\" class=\"yoast-schema-graph\">{\"@context\":\"https:\\\/\\\/schema.org\",\"@graph\":[{\"@type\":[\"WebPage\",\"ItemPage\"],\"@id\":\"https:\\\/\\\/www.mexicanguitarplayers.com\\\/tienda\\\/sin categor\u00eda\\\/pastilla-sd-smb-4a-4-strg-for-music-man-alnc\\\/\",\"url\":\"https:\\\/\\\/www.mexicanguitarplayers.com\\\/tienda\\\/sin categor\u00eda\\\/pastilla-sd-smb-4a-4-strg-for-music-man-alnc\\\/\",\"name\":\"PASTILLA SD SMB-4A 4-STRG FOR MUSIC MAN ALNC - Mexican Guitar Players\",\"isPartOf\":{\"@id\":\"https:\\\/\\\/www.mexicanguitarplayers.com\\\/#website\"},\"primaryImageOfPage\":{\"@id\":\"https:\\\/\\\/www.mexicanguitarplayers.com\\\/tienda\\\/sin categor\u00eda\\\/pastilla-sd-smb-4a-4-strg-for-music-man-alnc\\\/#primaryimage\"},\"image\":{\"@id\":\"https:\\\/\\\/www.mexicanguitarplayers.com\\\/tienda\\\/sin categor\u00eda\\\/pastilla-sd-smb-4a-4-strg-for-music-man-alnc\\\/#primaryimage\"},\"thumbnailUrl\":\"https:\\\/\\\/www.mexicanguitarplayers.com\\\/wp-content\\\/uploads\\\/2025\\\/04\\\/RASEOSMB4A4STA.jpg\",\"datePublished\":\"2025-04-09T03:55:30+00:00\",\"dateModified\":\"2026-04-10T10:29:35+00:00\",\"description\":\"La SMB-4A usa imanes de alnico de 5 varillas de gran tama\u00f1o, junto con devanados de bobina \u00fanicos para brindar una respuesta extendida tanto en los extremos agudos como graves del espectro de frecuencia, esta pastilla es m\u00e1s c\u00e1lida en la parte inferior y m\u00e1s detallada en la parte superior. Disponible en configuraciones de 4 o 5 cuerdas. Construida a mano en Santa B\u00e1rbara, CA, nuestra pastilla de repuesto Alnico Music Man utiliza imanes de 5 varillas de Alnico de gran tama\u00f1o, trabajo plano de Forbon, cable conductor de 4 conductores y est\u00e1 encapsulada en cera al vac\u00edo para un funcionamiento sin chirridos.\",\"breadcrumb\":{\"@id\":\"https:\\\/\\\/www.mexicanguitarplayers.com\\\/tienda\\\/sin categor\u00eda\\\/pastilla-sd-smb-4a-4-strg-for-music-man-alnc\\\/#breadcrumb\"},\"inLanguage\":\"en-US\",\"potentialAction\":[{\"@type\":\"ReadAction\",\"target\":[\"https:\\\/\\\/www.mexicanguitarplayers.com\\\/tienda\\\/sin categor\u00eda\\\/pastilla-sd-smb-4a-4-strg-for-music-man-alnc\\\/\"]}]},{\"@type\":\"ImageObject\",\"inLanguage\":\"en-US\",\"@id\":\"https:\\\/\\\/www.mexicanguitarplayers.com\\\/tienda\\\/sin categor\u00eda\\\/pastilla-sd-smb-4a-4-strg-for-music-man-alnc\\\/#primaryimage\",\"url\":\"https:\\\/\\\/www.mexicanguitarplayers.com\\\/wp-content\\\/uploads\\\/2025\\\/04\\\/RASEOSMB4A4STA.jpg\",\"contentUrl\":\"https:\\\/\\\/www.mexicanguitarplayers.com\\\/wp-content\\\/uploads\\\/2025\\\/04\\\/RASEOSMB4A4STA.jpg\",\"width\":1600,\"height\":800},{\"@type\":\"BreadcrumbList\",\"@id\":\"https:\\\/\\\/www.mexicanguitarplayers.com\\\/tienda\\\/sin categor\u00eda\\\/pastilla-sd-smb-4a-4-strg-for-music-man-alnc\\\/#breadcrumb\",\"itemListElement\":[{\"@type\":\"ListItem\",\"position\":1,\"name\":\"Portada\",\"item\":\"https:\\\/\\\/www.mexicanguitarplayers.com\\\/\"},{\"@type\":\"ListItem\",\"position\":2,\"name\":\"Tienda\",\"item\":\"https:\\\/\\\/www.mexicanguitarplayers.com\\\/tienda\\\/\"},{\"@type\":\"ListItem\",\"position\":3,\"name\":\"PASTILLA SD SMB-4A 4-STRG FOR MUSIC MAN ALNC\"}]},{\"@type\":\"WebSite\",\"@id\":\"https:\\\/\\\/www.mexicanguitarplayers.com\\\/#website\",\"url\":\"https:\\\/\\\/www.mexicanguitarplayers.com\\\/\",\"name\":\"Mexican Guitar Players\",\"description\":\"Website\",\"publisher\":{\"@id\":\"https:\\\/\\\/www.mexicanguitarplayers.com\\\/#organization\"},\"potentialAction\":[{\"@type\":\"SearchAction\",\"target\":{\"@type\":\"EntryPoint\",\"urlTemplate\":\"https:\\\/\\\/www.mexicanguitarplayers.com\\\/?s={search_term_string}\"},\"query-input\":{\"@type\":\"PropertyValueSpecification\",\"valueRequired\":true,\"valueName\":\"search_term_string\"}}],\"inLanguage\":\"en-US\"},{\"@type\":\"Organization\",\"@id\":\"https:\\\/\\\/www.mexicanguitarplayers.com\\\/#organization\",\"name\":\"Mexican Guitar Players\",\"url\":\"https:\\\/\\\/www.mexicanguitarplayers.com\\\/\",\"logo\":{\"@type\":\"ImageObject\",\"inLanguage\":\"en-US\",\"@id\":\"https:\\\/\\\/www.mexicanguitarplayers.com\\\/#\\\/schema\\\/logo\\\/image\\\/\",\"url\":\"\",\"contentUrl\":\"\",\"caption\":\"Mexican Guitar Players\"},\"image\":{\"@id\":\"https:\\\/\\\/www.mexicanguitarplayers.com\\\/#\\\/schema\\\/logo\\\/image\\\/\"}}]}<\/script>\n<!-- \/ Yoast SEO plugin. -->","yoast_head_json":{"title":"PASTILLA SD SMB-4A 4-STRG FOR MUSIC MAN ALNC - Mexican Guitar Players","description":"La SMB-4A usa imanes de alnico de 5 varillas de gran tama\u00f1o, junto con devanados de bobina \u00fanicos para brindar una respuesta extendida tanto en los extremos agudos como graves del espectro de frecuencia, esta pastilla es m\u00e1s c\u00e1lida en la parte inferior y m\u00e1s detallada en la parte superior. Disponible en configuraciones de 4 o 5 cuerdas. Construida a mano en Santa B\u00e1rbara, CA, nuestra pastilla de repuesto Alnico Music Man utiliza imanes de 5 varillas de Alnico de gran tama\u00f1o, trabajo plano de Forbon, cable conductor de 4 conductores y est\u00e1 encapsulada en cera al vac\u00edo para un funcionamiento sin chirridos.","robots":{"index":"index","follow":"follow","max-snippet":"max-snippet:-1","max-image-preview":"max-image-preview:large","max-video-preview":"max-video-preview:-1"},"canonical":"https:\/\/www.mexicanguitarplayers.com\/en\/tienda\/sin categor\u00eda\/pastilla-sd-smb-4a-4-strg-for-music-man-alnc\/","og_locale":"en_US","og_type":"article","og_title":"PASTILLA SD SMB-4A 4-STRG FOR MUSIC MAN ALNC - Mexican Guitar Players","og_description":"La SMB-4A usa imanes de alnico de 5 varillas de gran tama\u00f1o, junto con devanados de bobina \u00fanicos para brindar una respuesta extendida tanto en los extremos agudos como graves del espectro de frecuencia, esta pastilla es m\u00e1s c\u00e1lida en la parte inferior y m\u00e1s detallada en la parte superior. Disponible en configuraciones de 4 o 5 cuerdas. Construida a mano en Santa B\u00e1rbara, CA, nuestra pastilla de repuesto Alnico Music Man utiliza imanes de 5 varillas de Alnico de gran tama\u00f1o, trabajo plano de Forbon, cable conductor de 4 conductores y est\u00e1 encapsulada en cera al vac\u00edo para un funcionamiento sin chirridos.","og_url":"https:\/\/www.mexicanguitarplayers.com\/en\/tienda\/sin categor\u00eda\/pastilla-sd-smb-4a-4-strg-for-music-man-alnc\/","og_site_name":"Mexican Guitar Players","article_modified_time":"2026-04-10T10:29:35+00:00","twitter_card":"summary_large_image","schema":{"@context":"https:\/\/schema.org","@graph":[{"@type":["WebPage","ItemPage"],"@id":"https:\/\/www.mexicanguitarplayers.com\/tienda\/sin categor\u00eda\/pastilla-sd-smb-4a-4-strg-for-music-man-alnc\/","url":"https:\/\/www.mexicanguitarplayers.com\/tienda\/sin categor\u00eda\/pastilla-sd-smb-4a-4-strg-for-music-man-alnc\/","name":"PASTILLA SD SMB-4A 4-STRG FOR MUSIC MAN ALNC - Mexican Guitar Players","isPartOf":{"@id":"https:\/\/www.mexicanguitarplayers.com\/#website"},"primaryImageOfPage":{"@id":"https:\/\/www.mexicanguitarplayers.com\/tienda\/sin categor\u00eda\/pastilla-sd-smb-4a-4-strg-for-music-man-alnc\/#primaryimage"},"image":{"@id":"https:\/\/www.mexicanguitarplayers.com\/tienda\/sin categor\u00eda\/pastilla-sd-smb-4a-4-strg-for-music-man-alnc\/#primaryimage"},"thumbnailUrl":"https:\/\/www.mexicanguitarplayers.com\/wp-content\/uploads\/2025\/04\/RASEOSMB4A4STA.jpg","datePublished":"2025-04-09T03:55:30+00:00","dateModified":"2026-04-10T10:29:35+00:00","description":"La SMB-4A usa imanes de alnico de 5 varillas de gran tama\u00f1o, junto con devanados de bobina \u00fanicos para brindar una respuesta extendida tanto en los extremos agudos como graves del espectro de frecuencia, esta pastilla es m\u00e1s c\u00e1lida en la parte inferior y m\u00e1s detallada en la parte superior. Disponible en configuraciones de 4 o 5 cuerdas. Construida a mano en Santa B\u00e1rbara, CA, nuestra pastilla de repuesto Alnico Music Man utiliza imanes de 5 varillas de Alnico de gran tama\u00f1o, trabajo plano de Forbon, cable conductor de 4 conductores y est\u00e1 encapsulada en cera al vac\u00edo para un funcionamiento sin chirridos.","breadcrumb":{"@id":"https:\/\/www.mexicanguitarplayers.com\/tienda\/sin categor\u00eda\/pastilla-sd-smb-4a-4-strg-for-music-man-alnc\/#breadcrumb"},"inLanguage":"en-US","potentialAction":[{"@type":"ReadAction","target":["https:\/\/www.mexicanguitarplayers.com\/tienda\/sin categor\u00eda\/pastilla-sd-smb-4a-4-strg-for-music-man-alnc\/"]}]},{"@type":"ImageObject","inLanguage":"en-US","@id":"https:\/\/www.mexicanguitarplayers.com\/tienda\/sin categor\u00eda\/pastilla-sd-smb-4a-4-strg-for-music-man-alnc\/#primaryimage","url":"https:\/\/www.mexicanguitarplayers.com\/wp-content\/uploads\/2025\/04\/RASEOSMB4A4STA.jpg","contentUrl":"https:\/\/www.mexicanguitarplayers.com\/wp-content\/uploads\/2025\/04\/RASEOSMB4A4STA.jpg","width":1600,"height":800},{"@type":"BreadcrumbList","@id":"https:\/\/www.mexicanguitarplayers.com\/tienda\/sin categor\u00eda\/pastilla-sd-smb-4a-4-strg-for-music-man-alnc\/#breadcrumb","itemListElement":[{"@type":"ListItem","position":1,"name":"Portada","item":"https:\/\/www.mexicanguitarplayers.com\/"},{"@type":"ListItem","position":2,"name":"Tienda","item":"https:\/\/www.mexicanguitarplayers.com\/tienda\/"},{"@type":"ListItem","position":3,"name":"PASTILLA SD SMB-4A 4-STRG FOR MUSIC MAN ALNC"}]},{"@type":"WebSite","@id":"https:\/\/www.mexicanguitarplayers.com\/#website","url":"https:\/\/www.mexicanguitarplayers.com\/","name":"Mexican Guitar Players","description":"Website","publisher":{"@id":"https:\/\/www.mexicanguitarplayers.com\/#organization"},"potentialAction":[{"@type":"SearchAction","target":{"@type":"EntryPoint","urlTemplate":"https:\/\/www.mexicanguitarplayers.com\/?s={search_term_string}"},"query-input":{"@type":"PropertyValueSpecification","valueRequired":true,"valueName":"search_term_string"}}],"inLanguage":"en-US"},{"@type":"Organization","@id":"https:\/\/www.mexicanguitarplayers.com\/#organization","name":"Mexican Guitar Players","url":"https:\/\/www.mexicanguitarplayers.com\/","logo":{"@type":"ImageObject","inLanguage":"en-US","@id":"https:\/\/www.mexicanguitarplayers.com\/#\/schema\/logo\/image\/","url":"","contentUrl":"","caption":"Mexican Guitar Players"},"image":{"@id":"https:\/\/www.mexicanguitarplayers.com\/#\/schema\/logo\/image\/"}}]}},"brands":[{"id":502,"name":"SEYMOUR DUNCAN","slug":"seymour-duncan"}],"_links":{"self":[{"href":"https:\/\/www.mexicanguitarplayers.com\/en\/wp-json\/wp\/v2\/product\/34762","targetHints":{"allow":["GET"]}}],"collection":[{"href":"https:\/\/www.mexicanguitarplayers.com\/en\/wp-json\/wp\/v2\/product"}],"about":[{"href":"https:\/\/www.mexicanguitarplayers.com\/en\/wp-json\/wp\/v2\/types\/product"}],"replies":[{"embeddable":true,"href":"https:\/\/www.mexicanguitarplayers.com\/en\/wp-json\/wp\/v2\/comments?post=34762"}],"wp:featuredmedia":[{"embeddable":true,"href":"https:\/\/www.mexicanguitarplayers.com\/en\/wp-json\/wp\/v2\/media\/34758"}],"wp:attachment":[{"href":"https:\/\/www.mexicanguitarplayers.com\/en\/wp-json\/wp\/v2\/media?parent=34762"}],"wp:term":[{"taxonomy":"pwb-brand","embeddable":true,"href":"https:\/\/www.mexicanguitarplayers.com\/en\/wp-json\/wp\/v2\/pwb-brand?post=34762"},{"taxonomy":"product_brand","embeddable":true,"href":"https:\/\/www.mexicanguitarplayers.com\/en\/wp-json\/wp\/v2\/product_brand?post=34762"},{"taxonomy":"product_cat","embeddable":true,"href":"https:\/\/www.mexicanguitarplayers.com\/en\/wp-json\/wp\/v2\/product_cat?post=34762"},{"taxonomy":"product_tag","embeddable":true,"href":"https:\/\/www.mexicanguitarplayers.com\/en\/wp-json\/wp\/v2\/product_tag?post=34762"}],"curies":[{"name":"wp","href":"https:\/\/api.w.org\/{rel}","templated":true}]}}