{"id":34779,"date":"2025-04-08T21:55:50","date_gmt":"2025-04-09T03:55:50","guid":{"rendered":"https:\/\/www.mexicanguitarplayers.com\/tienda\/sin categor\u00eda\/bongo-meinl-cajon-mod-pbca1nt-ebk-m\/"},"modified":"2025-04-08T21:55:50","modified_gmt":"2025-04-09T03:55:50","slug":"bongo-meinl-cajon-mod-pbca1nt-ebk-m","status":"publish","type":"product","link":"https:\/\/www.mexicanguitarplayers.com\/en\/tienda\/percusiones\/percusiones-mayores\/bongos\/bongo-meinl-cajon-mod-pbca1nt-ebk-m\/","title":{"rendered":"BONGO MEINL CAJON    MOD. PBCA1NT\/EBK-M"},"content":{"rendered":"<div style=\"text-align: justify\">\n<div>\n<h3>El gran bongo caj\u00f3n.<\/h3>\n<\/div>\n<div>El bongo caj\u00f3n de Meinl se puede tocar como un bongo entre las piernas o en el regazo. La versi\u00f3n profesional tiene una proyecci\u00f3n de sonido hacia adelante.<\/div>\n<div>\n<h4>Quick look<\/h4>\n<\/div>\n<ul style=\"margin: 0px 0px 0px 25px\">\n<li style=\"list-style-type: circle;margin: 5px\">Dimensions.<\/li>\n<\/ul>\n<div>\n<div style=\"font-weight: bold\">Dimensions.<\/div>\n<div>\n<p>Ancho: 15 3\/4&#8243;. Altura: 5 1\/4&#8243;. Profundidad: 8 1\/2&#8243;.<\/p>\n<\/div>\n<\/div>\n<div>\n<h4>Characteristics<\/h4>\n<\/div>\n<div>\n<ul style=\"margin: 0px 0px 0px 25px\">\n<li style=\"list-style-type: circle;margin: 5px\">Bongo caj\u00f3n patentado de Meinl.<\/li>\n<li style=\"list-style-type: circle;margin: 5px\">Fabricado con roble.<\/li>\n<li style=\"list-style-type: circle;margin: 5px\">Superficie de toque con tono agudo y grave.<\/li>\n<li style=\"list-style-type: circle;margin: 5px\">Tama\u00f1o compacto.<\/li>\n<li style=\"list-style-type: circle;margin: 5px\">Peso ligero.<\/li>\n<li style=\"list-style-type: circle;margin: 5px\">Proyecci\u00f3n de sonido hacia adelante.<\/li>\n<li style=\"list-style-type: circle;margin: 5px\">Dise\u00f1o confortable.<\/li>\n<\/ul>\n<\/div>\n<\/div>","protected":false},"excerpt":{"rendered":"<p>Bongo caj\u00f3n patentado de Meinl, fabricado con roble, superficie de toque con tono agudo y grave, tama\u00f1o compacto, peso ligero, proyecci\u00f3n de sonido hacia adelante, dise\u00f1o confortable, ancho: 15 3\/4\u201d, altura: 5 1\/4\u201d, profundidad: 8 1\/2\u201d.&hellip; <a class=\"kt-excerpt-readmore more-link\" href=\"https:\/\/www.mexicanguitarplayers.com\/en\/tienda\/percusiones\/percusiones-mayores\/bongos\/bongo-meinl-cajon-mod-pbca1nt-ebk-m\/\">Read more<\/a><\/p>","protected":false},"featured_media":34778,"comment_status":"open","ping_status":"closed","template":"","meta":{"kt_blocks_editor_width":""},"pwb-brand":[290],"product_brand":[],"product_cat":[269,208,267],"product_tag":[],"class_list":{"0":"post-34779","1":"product","2":"type-product","3":"status-publish","4":"has-post-thumbnail","6":"pwb-brand-meinl","7":"product_cat-bongos","8":"product_cat-percusiones","9":"product_cat-percusiones-mayores","10":"product_shipping_class-0-5-kg","12":"first","13":"outofstock","14":"taxable","15":"shipping-taxable","16":"purchasable","17":"product-type-simple"},"yoast_head":"<!-- This site is optimized with the Yoast SEO plugin v27.3 - https:\/\/yoast.com\/product\/yoast-seo-wordpress\/ -->\n<title>BONGO MEINL CAJON  MOD. PBCA1NT\/EBK-M - Mexican Guitar Players<\/title>\n<meta name=\"description\" content=\"Bongo caj\u00f3n patentado de Meinl, fabricado con roble, superficie de toque con tono agudo y grave, tama\u00f1o compacto, peso ligero, proyecci\u00f3n de sonido hacia adelante, dise\u00f1o confortable, ancho: 15 3\/4\u201d, altura: 5 1\/4\u201d, profundidad: 8 1\/2\u201d.\" \/>\n<meta name=\"robots\" content=\"index, follow, max-snippet:-1, max-image-preview:large, max-video-preview:-1\" \/>\n<link rel=\"canonical\" href=\"https:\/\/www.mexicanguitarplayers.com\/en\/tienda\/sin%20categor\u00eda\/bongo-meinl-cajon-mod-pbca1nt-ebk-m\/\" \/>\n<meta property=\"og:locale\" content=\"en_US\" \/>\n<meta property=\"og:type\" content=\"article\" \/>\n<meta property=\"og:title\" content=\"BONGO MEINL CAJON  MOD. PBCA1NT\/EBK-M - Mexican Guitar Players\" \/>\n<meta property=\"og:description\" content=\"Bongo caj\u00f3n patentado de Meinl, fabricado con roble, superficie de toque con tono agudo y grave, tama\u00f1o compacto, peso ligero, proyecci\u00f3n de sonido hacia adelante, dise\u00f1o confortable, ancho: 15 3\/4\u201d, altura: 5 1\/4\u201d, profundidad: 8 1\/2\u201d.\" \/>\n<meta property=\"og:url\" content=\"https:\/\/www.mexicanguitarplayers.com\/en\/tienda\/sin categor\u00eda\/bongo-meinl-cajon-mod-pbca1nt-ebk-m\/\" \/>\n<meta property=\"og:site_name\" content=\"Mexican Guitar Players\" \/>\n<meta name=\"twitter:card\" content=\"summary_large_image\" \/>\n<script type=\"application\/ld+json\" class=\"yoast-schema-graph\">{\"@context\":\"https:\\\/\\\/schema.org\",\"@graph\":[{\"@type\":[\"WebPage\",\"ItemPage\"],\"@id\":\"https:\\\/\\\/www.mexicanguitarplayers.com\\\/tienda\\\/sin categor\u00eda\\\/bongo-meinl-cajon-mod-pbca1nt-ebk-m\\\/\",\"url\":\"https:\\\/\\\/www.mexicanguitarplayers.com\\\/tienda\\\/sin categor\u00eda\\\/bongo-meinl-cajon-mod-pbca1nt-ebk-m\\\/\",\"name\":\"BONGO MEINL CAJON MOD. PBCA1NT\\\/EBK-M - Mexican Guitar Players\",\"isPartOf\":{\"@id\":\"https:\\\/\\\/www.mexicanguitarplayers.com\\\/#website\"},\"primaryImageOfPage\":{\"@id\":\"https:\\\/\\\/www.mexicanguitarplayers.com\\\/tienda\\\/sin categor\u00eda\\\/bongo-meinl-cajon-mod-pbca1nt-ebk-m\\\/#primaryimage\"},\"image\":{\"@id\":\"https:\\\/\\\/www.mexicanguitarplayers.com\\\/tienda\\\/sin categor\u00eda\\\/bongo-meinl-cajon-mod-pbca1nt-ebk-m\\\/#primaryimage\"},\"thumbnailUrl\":\"https:\\\/\\\/www.mexicanguitarplayers.com\\\/wp-content\\\/uploads\\\/2025\\\/04\\\/IPMEIPBCA1NTEB.jpg\",\"datePublished\":\"2025-04-09T03:55:50+00:00\",\"description\":\"Bongo caj\u00f3n patentado de Meinl, fabricado con roble, superficie de toque con tono agudo y grave, tama\u00f1o compacto, peso ligero, proyecci\u00f3n de sonido hacia adelante, dise\u00f1o confortable, ancho: 15 3\\\/4\u201d, altura: 5 1\\\/4\u201d, profundidad: 8 1\\\/2\u201d.\",\"breadcrumb\":{\"@id\":\"https:\\\/\\\/www.mexicanguitarplayers.com\\\/tienda\\\/sin categor\u00eda\\\/bongo-meinl-cajon-mod-pbca1nt-ebk-m\\\/#breadcrumb\"},\"inLanguage\":\"en-US\",\"potentialAction\":[{\"@type\":\"ReadAction\",\"target\":[\"https:\\\/\\\/www.mexicanguitarplayers.com\\\/tienda\\\/sin categor\u00eda\\\/bongo-meinl-cajon-mod-pbca1nt-ebk-m\\\/\"]}]},{\"@type\":\"ImageObject\",\"inLanguage\":\"en-US\",\"@id\":\"https:\\\/\\\/www.mexicanguitarplayers.com\\\/tienda\\\/sin categor\u00eda\\\/bongo-meinl-cajon-mod-pbca1nt-ebk-m\\\/#primaryimage\",\"url\":\"https:\\\/\\\/www.mexicanguitarplayers.com\\\/wp-content\\\/uploads\\\/2025\\\/04\\\/IPMEIPBCA1NTEB.jpg\",\"contentUrl\":\"https:\\\/\\\/www.mexicanguitarplayers.com\\\/wp-content\\\/uploads\\\/2025\\\/04\\\/IPMEIPBCA1NTEB.jpg\",\"width\":1600,\"height\":800},{\"@type\":\"BreadcrumbList\",\"@id\":\"https:\\\/\\\/www.mexicanguitarplayers.com\\\/tienda\\\/sin categor\u00eda\\\/bongo-meinl-cajon-mod-pbca1nt-ebk-m\\\/#breadcrumb\",\"itemListElement\":[{\"@type\":\"ListItem\",\"position\":1,\"name\":\"Portada\",\"item\":\"https:\\\/\\\/www.mexicanguitarplayers.com\\\/\"},{\"@type\":\"ListItem\",\"position\":2,\"name\":\"Tienda\",\"item\":\"https:\\\/\\\/www.mexicanguitarplayers.com\\\/tienda\\\/\"},{\"@type\":\"ListItem\",\"position\":3,\"name\":\"BONGO MEINL CAJON MOD. PBCA1NT\\\/EBK-M\"}]},{\"@type\":\"WebSite\",\"@id\":\"https:\\\/\\\/www.mexicanguitarplayers.com\\\/#website\",\"url\":\"https:\\\/\\\/www.mexicanguitarplayers.com\\\/\",\"name\":\"Mexican Guitar Players\",\"description\":\"Website\",\"publisher\":{\"@id\":\"https:\\\/\\\/www.mexicanguitarplayers.com\\\/#organization\"},\"potentialAction\":[{\"@type\":\"SearchAction\",\"target\":{\"@type\":\"EntryPoint\",\"urlTemplate\":\"https:\\\/\\\/www.mexicanguitarplayers.com\\\/?s={search_term_string}\"},\"query-input\":{\"@type\":\"PropertyValueSpecification\",\"valueRequired\":true,\"valueName\":\"search_term_string\"}}],\"inLanguage\":\"en-US\"},{\"@type\":\"Organization\",\"@id\":\"https:\\\/\\\/www.mexicanguitarplayers.com\\\/#organization\",\"name\":\"Mexican Guitar Players\",\"url\":\"https:\\\/\\\/www.mexicanguitarplayers.com\\\/\",\"logo\":{\"@type\":\"ImageObject\",\"inLanguage\":\"en-US\",\"@id\":\"https:\\\/\\\/www.mexicanguitarplayers.com\\\/#\\\/schema\\\/logo\\\/image\\\/\",\"url\":\"\",\"contentUrl\":\"\",\"caption\":\"Mexican Guitar Players\"},\"image\":{\"@id\":\"https:\\\/\\\/www.mexicanguitarplayers.com\\\/#\\\/schema\\\/logo\\\/image\\\/\"}}]}<\/script>\n<!-- \/ Yoast SEO plugin. -->","yoast_head_json":{"title":"BONGO MEINL CAJON  MOD. PBCA1NT\/EBK-M - Mexican Guitar Players","description":"Bongo caj\u00f3n patentado de Meinl, fabricado con roble, superficie de toque con tono agudo y grave, tama\u00f1o compacto, peso ligero, proyecci\u00f3n de sonido hacia adelante, dise\u00f1o confortable, ancho: 15 3\/4\u201d, altura: 5 1\/4\u201d, profundidad: 8 1\/2\u201d.","robots":{"index":"index","follow":"follow","max-snippet":"max-snippet:-1","max-image-preview":"max-image-preview:large","max-video-preview":"max-video-preview:-1"},"canonical":"https:\/\/www.mexicanguitarplayers.com\/en\/tienda\/sin categor\u00eda\/bongo-meinl-cajon-mod-pbca1nt-ebk-m\/","og_locale":"en_US","og_type":"article","og_title":"BONGO MEINL CAJON  MOD. PBCA1NT\/EBK-M - Mexican Guitar Players","og_description":"Bongo caj\u00f3n patentado de Meinl, fabricado con roble, superficie de toque con tono agudo y grave, tama\u00f1o compacto, peso ligero, proyecci\u00f3n de sonido hacia adelante, dise\u00f1o confortable, ancho: 15 3\/4\u201d, altura: 5 1\/4\u201d, profundidad: 8 1\/2\u201d.","og_url":"https:\/\/www.mexicanguitarplayers.com\/en\/tienda\/sin categor\u00eda\/bongo-meinl-cajon-mod-pbca1nt-ebk-m\/","og_site_name":"Mexican Guitar Players","twitter_card":"summary_large_image","schema":{"@context":"https:\/\/schema.org","@graph":[{"@type":["WebPage","ItemPage"],"@id":"https:\/\/www.mexicanguitarplayers.com\/tienda\/sin categor\u00eda\/bongo-meinl-cajon-mod-pbca1nt-ebk-m\/","url":"https:\/\/www.mexicanguitarplayers.com\/tienda\/sin categor\u00eda\/bongo-meinl-cajon-mod-pbca1nt-ebk-m\/","name":"BONGO MEINL CAJON MOD. PBCA1NT\/EBK-M - Mexican Guitar Players","isPartOf":{"@id":"https:\/\/www.mexicanguitarplayers.com\/#website"},"primaryImageOfPage":{"@id":"https:\/\/www.mexicanguitarplayers.com\/tienda\/sin categor\u00eda\/bongo-meinl-cajon-mod-pbca1nt-ebk-m\/#primaryimage"},"image":{"@id":"https:\/\/www.mexicanguitarplayers.com\/tienda\/sin categor\u00eda\/bongo-meinl-cajon-mod-pbca1nt-ebk-m\/#primaryimage"},"thumbnailUrl":"https:\/\/www.mexicanguitarplayers.com\/wp-content\/uploads\/2025\/04\/IPMEIPBCA1NTEB.jpg","datePublished":"2025-04-09T03:55:50+00:00","description":"Bongo caj\u00f3n patentado de Meinl, fabricado con roble, superficie de toque con tono agudo y grave, tama\u00f1o compacto, peso ligero, proyecci\u00f3n de sonido hacia adelante, dise\u00f1o confortable, ancho: 15 3\/4\u201d, altura: 5 1\/4\u201d, profundidad: 8 1\/2\u201d.","breadcrumb":{"@id":"https:\/\/www.mexicanguitarplayers.com\/tienda\/sin categor\u00eda\/bongo-meinl-cajon-mod-pbca1nt-ebk-m\/#breadcrumb"},"inLanguage":"en-US","potentialAction":[{"@type":"ReadAction","target":["https:\/\/www.mexicanguitarplayers.com\/tienda\/sin categor\u00eda\/bongo-meinl-cajon-mod-pbca1nt-ebk-m\/"]}]},{"@type":"ImageObject","inLanguage":"en-US","@id":"https:\/\/www.mexicanguitarplayers.com\/tienda\/sin categor\u00eda\/bongo-meinl-cajon-mod-pbca1nt-ebk-m\/#primaryimage","url":"https:\/\/www.mexicanguitarplayers.com\/wp-content\/uploads\/2025\/04\/IPMEIPBCA1NTEB.jpg","contentUrl":"https:\/\/www.mexicanguitarplayers.com\/wp-content\/uploads\/2025\/04\/IPMEIPBCA1NTEB.jpg","width":1600,"height":800},{"@type":"BreadcrumbList","@id":"https:\/\/www.mexicanguitarplayers.com\/tienda\/sin categor\u00eda\/bongo-meinl-cajon-mod-pbca1nt-ebk-m\/#breadcrumb","itemListElement":[{"@type":"ListItem","position":1,"name":"Portada","item":"https:\/\/www.mexicanguitarplayers.com\/"},{"@type":"ListItem","position":2,"name":"Tienda","item":"https:\/\/www.mexicanguitarplayers.com\/tienda\/"},{"@type":"ListItem","position":3,"name":"BONGO MEINL CAJON MOD. PBCA1NT\/EBK-M"}]},{"@type":"WebSite","@id":"https:\/\/www.mexicanguitarplayers.com\/#website","url":"https:\/\/www.mexicanguitarplayers.com\/","name":"Mexican Guitar Players","description":"Website","publisher":{"@id":"https:\/\/www.mexicanguitarplayers.com\/#organization"},"potentialAction":[{"@type":"SearchAction","target":{"@type":"EntryPoint","urlTemplate":"https:\/\/www.mexicanguitarplayers.com\/?s={search_term_string}"},"query-input":{"@type":"PropertyValueSpecification","valueRequired":true,"valueName":"search_term_string"}}],"inLanguage":"en-US"},{"@type":"Organization","@id":"https:\/\/www.mexicanguitarplayers.com\/#organization","name":"Mexican Guitar Players","url":"https:\/\/www.mexicanguitarplayers.com\/","logo":{"@type":"ImageObject","inLanguage":"en-US","@id":"https:\/\/www.mexicanguitarplayers.com\/#\/schema\/logo\/image\/","url":"","contentUrl":"","caption":"Mexican Guitar Players"},"image":{"@id":"https:\/\/www.mexicanguitarplayers.com\/#\/schema\/logo\/image\/"}}]}},"brands":[{"id":290,"name":"MEINL","slug":"meinl"}],"_links":{"self":[{"href":"https:\/\/www.mexicanguitarplayers.com\/en\/wp-json\/wp\/v2\/product\/34779","targetHints":{"allow":["GET"]}}],"collection":[{"href":"https:\/\/www.mexicanguitarplayers.com\/en\/wp-json\/wp\/v2\/product"}],"about":[{"href":"https:\/\/www.mexicanguitarplayers.com\/en\/wp-json\/wp\/v2\/types\/product"}],"replies":[{"embeddable":true,"href":"https:\/\/www.mexicanguitarplayers.com\/en\/wp-json\/wp\/v2\/comments?post=34779"}],"wp:featuredmedia":[{"embeddable":true,"href":"https:\/\/www.mexicanguitarplayers.com\/en\/wp-json\/wp\/v2\/media\/34778"}],"wp:attachment":[{"href":"https:\/\/www.mexicanguitarplayers.com\/en\/wp-json\/wp\/v2\/media?parent=34779"}],"wp:term":[{"taxonomy":"pwb-brand","embeddable":true,"href":"https:\/\/www.mexicanguitarplayers.com\/en\/wp-json\/wp\/v2\/pwb-brand?post=34779"},{"taxonomy":"product_brand","embeddable":true,"href":"https:\/\/www.mexicanguitarplayers.com\/en\/wp-json\/wp\/v2\/product_brand?post=34779"},{"taxonomy":"product_cat","embeddable":true,"href":"https:\/\/www.mexicanguitarplayers.com\/en\/wp-json\/wp\/v2\/product_cat?post=34779"},{"taxonomy":"product_tag","embeddable":true,"href":"https:\/\/www.mexicanguitarplayers.com\/en\/wp-json\/wp\/v2\/product_tag?post=34779"}],"curies":[{"name":"wp","href":"https:\/\/api.w.org\/{rel}","templated":true}]}}