{"id":34802,"date":"2025-04-08T21:56:20","date_gmt":"2025-04-09T03:56:20","guid":{"rendered":"https:\/\/www.mexicanguitarplayers.com\/tienda\/sin categor\u00eda\/driver-eighteen-1-4-mod-nsd1480n\/"},"modified":"2026-01-14T04:23:41","modified_gmt":"2026-01-14T10:23:41","slug":"driver-eighteen-1-4-mod-nsd1480n","status":"publish","type":"product","link":"https:\/\/www.mexicanguitarplayers.com\/en\/tienda\/audio\/bafles-y-bocinas\/bocinas-y-componentes\/agudos\/driver-eighteen-1-4-mod-nsd1480n\/","title":{"rendered":"DRIVER EIGHTEEN 1.4  MOD. NSD1480N"},"content":{"rendered":"<div style=\"text-align: justify\">\n<div>\n<h3>Un sonido limpio y \u00fanico.<\/h3>\n<\/div>\n<div>El driver de compresi\u00f3n NSD1480N de 3&#8243; pulgadas con salida de 1.4&#8243; ha sido dise\u00f1ado para aplicarse en sistemas de sonido de la mejor calidad. Una gran innovaci\u00f3n en el NSD1480N es la c\u00fapula recubierta de nitruro de titanio, llamada tecnolog\u00eda de movimiento de pist\u00f3n verdadero (TPM) que mejora dram\u00e1ticamente la rigidez con beneficios obvios en la respuesta de distorsi\u00f3n transitoria y de intermodulaci\u00f3n. Con su  muy alto valor de m\u00f3dulo de elasticidad (seis veces m\u00e1s alto que el titanio y dos veces m\u00e1s alto que el berilio), la pel\u00edcula recubierta de nitruro es capaz de duplicar la rigidez del titanio. El movimiento del rango de frecuencia del pist\u00f3n, extiende la frecuencia hasta en un 25% mostrando una disminuci\u00f3n de respuesta de frecuencia ideal predecible y evitando resonancias espurias superiores. La forma de suspensi\u00f3n elipsoidal de nitruro ha sido dise\u00f1ada para mantener la rigidez del tercer arm\u00f3nico inferior al 0.05% en todo el rango de frecuencia de trabajo. El diafragma de titanio se produce internamente en Eighteen Sound y se ha desarrollado para garantizar una respuesta transitoria inigualable. El ensamblaje del diafragma se realiza uniendo el anterior directamente a la c\u00fapula de titanio en su borde superior doblado. En comparaci\u00f3n con una junta anterior recta habitual, el dise\u00f1o del driver asegura una transferencia de energ\u00eda de frecuencia extendida para una linealidad de respuesta mejorada y una confiabilidad sin paralelo. Esta caracter\u00edstica permite un control adecuado del movimiento del domo en condiciones reales de trabajo. Un embobinador de Nomex tratado patentado muestra un valor 30% m\u00e1s alto de alargamiento por tracci\u00f3n a una temperatura operativa de trabajo (200\u00b0 C) en comparaci\u00f3n con Kapton. Este material patentado de embobinador tambi\u00e9n es adecuado para su uso en entornos con mayor contenido de humedad. El conjunto de im\u00e1n del NSD1480N ha sido dise\u00f1ado para obtener 22 KGauss en el entrehierro para mayores beneficios en la respuesta transitoria. La estructura del motor a lo largo del plug de fase precisamente coherente con 3 ranuras circunferenciales y anillo de cobre en la pieza polar, reduce el efecto de inductancia y la distorsi\u00f3n. Los cuatro conductos de aire de la placa superior han sido dise\u00f1ados para actuar como una c\u00e1mara de carga para el diafragma, implementando las cifras de distorsi\u00f3n y respuesta de banda media. La junta t\u00f3rica dise\u00f1ada a medida, crea un sello herm\u00e9tico entre la placa y la cubierta de aluminio, que proporciona un valor de compresi\u00f3n de potencia m\u00e1s bajo. Se aplica un tratamiento al im\u00e1n y las placas superior y posterior de la estructura magn\u00e9tica, lo que lace al driver m\u00e1s resistente a los efectos corrosivos de las sales y la oxidaci\u00f3n.<\/div>\n<div>\n<h4>Quick look<\/h4>\n<\/div>\n<ul style=\"margin: 0px 0px 0px 25px\">\n<li style=\"list-style-type: circle;margin: 5px\">Di\u00e1metro de la garganta.<\/li>\n<li style=\"list-style-type: circle;margin: 5px\">Impedance.<\/li>\n<li style=\"list-style-type: circle;margin: 5px\">Resistencia DC.<\/li>\n<li style=\"list-style-type: circle;margin: 5px\">Impedancia m\u00ednima.<\/li>\n<li style=\"list-style-type: circle;margin: 5px\">Le (a 1 kHz).<\/li>\n<li style=\"list-style-type: circle;margin: 5px\">Power.<\/li>\n<li style=\"list-style-type: circle;margin: 5px\">Sensitivity.<\/li>\n<li style=\"list-style-type: circle;margin: 5px\">Rango de frecuencia.<\/li>\n<li style=\"list-style-type: circle;margin: 5px\">Frecuencia de crossover recomendada.<\/li>\n<li style=\"list-style-type: circle;margin: 5px\">Material del diafragma.<\/li>\n<li style=\"list-style-type: circle;margin: 5px\">Di\u00e1metro de la bobina de altavoz.<\/li>\n<li style=\"list-style-type: circle;margin: 5px\">Material de la bobina de altavoz.<\/li>\n<li style=\"list-style-type: circle;margin: 5px\">Material magn\u00e9tico.<\/li>\n<li style=\"list-style-type: circle;margin: 5px\">Densidad de flujo.<\/li>\n<li style=\"list-style-type: circle;margin: 5px\">Factor BL.<\/li>\n<li style=\"list-style-type: circle;margin: 5px\">Polaridad.<\/li>\n<li style=\"list-style-type: circle;margin: 5px\">Di\u00e1metro total.<\/li>\n<li style=\"list-style-type: circle;margin: 5px\">Profundidad total.<\/li>\n<li style=\"list-style-type: circle;margin: 5px\">Peso neto.<\/li>\n<\/ul>\n<div>\n<div style=\"font-weight: bold\">Di\u00e1metro de la garganta.<\/div>\n<div>\n<p>1.4&#8243; pulgadas (35.5 mm).<\/p>\n<\/div>\n<div style=\"font-weight: bold\">Impedance.<\/div>\n<div>\n<p>8 ohms.<\/p>\n<\/div>\n<div style=\"font-weight: bold\">Resistencia DC.<\/div>\n<div>\n<p>6.2 ohms.<\/p>\n<\/div>\n<div style=\"font-weight: bold\">Impedancia m\u00ednima.<\/div>\n<div>\n<p>8 ohms a 3500 Hz.<\/p>\n<\/div>\n<div style=\"font-weight: bold\">Le (a 1 kHz).<\/div>\n<div>\n<p>124 \u00b5H.<\/p>\n<\/div>\n<div style=\"font-weight: bold\">Power.<\/div>\n<div>\n<p>AES: 100 Watts por encima de los 1.2 kHz. PROGRAMA: 200 Watts por encima de los 1.2 kHz.<\/p>\n<\/div>\n<div style=\"font-weight: bold\">Sensitivity.<\/div>\n<div>\n<p>111 dB.<\/p>\n<\/div>\n<div style=\"font-weight: bold\">Rango de frecuencia.<\/div>\n<div>\n<p>500 Hz \u00f7 20 kHz.<\/p>\n<\/div>\n<div style=\"font-weight: bold\">Frecuencia de crossover recomendada.<\/div>\n<div>\n<p>Por encima de los 800 Hz (12 dB \/ octava).<\/p>\n<\/div>\n<div style=\"font-weight: bold\">Material del diafragma.<\/div>\n<div>\n<p>Titanio recubierto TiN.<\/p>\n<\/div>\n<div style=\"font-weight: bold\">Di\u00e1metro de la bobina de altavoz.<\/div>\n<div>\n<p>3&#8243; pulgadas (75 mm).<\/p>\n<\/div>\n<div style=\"font-weight: bold\">Material de la bobina de altavoz.<\/div>\n<div>\n<p>Borde de aluminio de cuerda.<\/p>\n<\/div>\n<div style=\"font-weight: bold\">Material magn\u00e9tico.<\/div>\n<div>\n<p>Neodimio.<\/p>\n<\/div>\n<div style=\"font-weight: bold\">Densidad de flujo.<\/div>\n<div>\n<p>2.2 T.<\/p>\n<\/div>\n<div style=\"font-weight: bold\">Factor BL.<\/div>\n<div>\n<p>15.5 N\/A.<\/p>\n<\/div>\n<div style=\"font-weight: bold\">Polaridad.<\/div>\n<div>\n<p>La tensi\u00f3n positiva en la terminal roja da una presi\u00f3n positiva en la garganta.<\/p>\n<\/div>\n<div style=\"font-weight: bold\">Di\u00e1metro total.<\/div>\n<div>\n<p>5.1&#8243; pulgadas (131 mm).<\/p>\n<\/div>\n<div style=\"font-weight: bold\">Profundidad total.<\/div>\n<div>\n<p>2.5&#8243; pulgadas (62 mm).<\/p>\n<\/div>\n<div style=\"font-weight: bold\">Peso neto.<\/div>\n<div>\n<p>3.1 Kg.<\/p>\n<\/div>\n<\/div>\n<\/div>","protected":false},"excerpt":{"rendered":"<p>Driver de compresi\u00f3n, garganta de 1.4\u201d, sensibilidad: 111 dB, bobina m\u00f3vil de borde de aluminio de 3\u201d pulgadas, potencia AES: 100W, potencia programa: 200W, c\u00fapula recubierta de nitruro de titanio, diafragma de titanio recubierto con True Piston Motion (TiN), estructura magn\u00e9tica de neodimio de alto grado, excelente intercambio t\u00e9rmico, impedancia: 8 ohms, rango de frecuencia: 500 Hz &#8211; 20 kHz, peso: 3.1 kg.&hellip; <a class=\"kt-excerpt-readmore more-link\" href=\"https:\/\/www.mexicanguitarplayers.com\/en\/tienda\/audio\/bafles-y-bocinas\/bocinas-y-componentes\/agudos\/driver-eighteen-1-4-mod-nsd1480n\/\">Read more<\/a><\/p>","protected":false},"featured_media":34799,"comment_status":"open","ping_status":"closed","template":"","meta":{"kt_blocks_editor_width":""},"pwb-brand":[533],"product_brand":[],"product_cat":[530,213,221,474],"product_tag":[],"class_list":{"0":"post-34802","1":"product","2":"type-product","3":"status-publish","4":"has-post-thumbnail","6":"pwb-brand-eighteen-sound","7":"product_cat-agudos","8":"product_cat-audio","9":"product_cat-bafles-y-bocinas","10":"product_cat-bocinas-y-componentes","11":"product_shipping_class-0-5-kg","13":"first","14":"instock","15":"taxable","16":"shipping-taxable","17":"purchasable","18":"product-type-simple"},"yoast_head":"<!-- This site is optimized with the Yoast SEO plugin v27.3 - https:\/\/yoast.com\/product\/yoast-seo-wordpress\/ -->\n<title>DRIVER EIGHTEEN 1.4 MOD. NSD1480N - Mexican Guitar Players<\/title>\n<meta name=\"description\" content=\"Driver de compresi\u00f3n, garganta de 1.4\u201d, sensibilidad: 111 dB, bobina m\u00f3vil de borde de aluminio de 3\u201d pulgadas, potencia AES: 100W, potencia programa: 200W, c\u00fapula recubierta de nitruro de titanio, diafragma de titanio recubierto con True Piston Motion (TiN), estructura magn\u00e9tica de neodimio de alto grado, excelente intercambio t\u00e9rmico, impedancia: 8 ohms, rango de frecuencia: 500 Hz - 20 kHz, peso: 3.1 kg.\" \/>\n<meta name=\"robots\" content=\"index, follow, max-snippet:-1, max-image-preview:large, max-video-preview:-1\" \/>\n<link rel=\"canonical\" href=\"https:\/\/www.mexicanguitarplayers.com\/en\/tienda\/sin%20categor\u00eda\/driver-eighteen-1-4-mod-nsd1480n\/\" \/>\n<meta property=\"og:locale\" content=\"en_US\" \/>\n<meta property=\"og:type\" content=\"article\" \/>\n<meta property=\"og:title\" content=\"DRIVER EIGHTEEN 1.4 MOD. NSD1480N - Mexican Guitar Players\" \/>\n<meta property=\"og:description\" content=\"Driver de compresi\u00f3n, garganta de 1.4\u201d, sensibilidad: 111 dB, bobina m\u00f3vil de borde de aluminio de 3\u201d pulgadas, potencia AES: 100W, potencia programa: 200W, c\u00fapula recubierta de nitruro de titanio, diafragma de titanio recubierto con True Piston Motion (TiN), estructura magn\u00e9tica de neodimio de alto grado, excelente intercambio t\u00e9rmico, impedancia: 8 ohms, rango de frecuencia: 500 Hz - 20 kHz, peso: 3.1 kg.\" \/>\n<meta property=\"og:url\" content=\"https:\/\/www.mexicanguitarplayers.com\/en\/tienda\/sin categor\u00eda\/driver-eighteen-1-4-mod-nsd1480n\/\" \/>\n<meta property=\"og:site_name\" content=\"Mexican Guitar Players\" \/>\n<meta property=\"article:modified_time\" content=\"2026-01-14T10:23:41+00:00\" \/>\n<meta name=\"twitter:card\" content=\"summary_large_image\" \/>\n<meta name=\"twitter:label1\" content=\"Est. reading time\" \/>\n\t<meta name=\"twitter:data1\" content=\"3 minutes\" \/>\n<script type=\"application\/ld+json\" class=\"yoast-schema-graph\">{\"@context\":\"https:\\\/\\\/schema.org\",\"@graph\":[{\"@type\":[\"WebPage\",\"ItemPage\"],\"@id\":\"https:\\\/\\\/www.mexicanguitarplayers.com\\\/tienda\\\/sin categor\u00eda\\\/driver-eighteen-1-4-mod-nsd1480n\\\/\",\"url\":\"https:\\\/\\\/www.mexicanguitarplayers.com\\\/tienda\\\/sin categor\u00eda\\\/driver-eighteen-1-4-mod-nsd1480n\\\/\",\"name\":\"DRIVER EIGHTEEN 1.4 MOD. NSD1480N - Mexican Guitar Players\",\"isPartOf\":{\"@id\":\"https:\\\/\\\/www.mexicanguitarplayers.com\\\/#website\"},\"primaryImageOfPage\":{\"@id\":\"https:\\\/\\\/www.mexicanguitarplayers.com\\\/tienda\\\/sin categor\u00eda\\\/driver-eighteen-1-4-mod-nsd1480n\\\/#primaryimage\"},\"image\":{\"@id\":\"https:\\\/\\\/www.mexicanguitarplayers.com\\\/tienda\\\/sin categor\u00eda\\\/driver-eighteen-1-4-mod-nsd1480n\\\/#primaryimage\"},\"thumbnailUrl\":\"https:\\\/\\\/www.mexicanguitarplayers.com\\\/wp-content\\\/uploads\\\/2025\\\/04\\\/IAEIGNSD1480N.jpg\",\"datePublished\":\"2025-04-09T03:56:20+00:00\",\"dateModified\":\"2026-01-14T10:23:41+00:00\",\"description\":\"Driver de compresi\u00f3n, garganta de 1.4\u201d, sensibilidad: 111 dB, bobina m\u00f3vil de borde de aluminio de 3\u201d pulgadas, potencia AES: 100W, potencia programa: 200W, c\u00fapula recubierta de nitruro de titanio, diafragma de titanio recubierto con True Piston Motion (TiN), estructura magn\u00e9tica de neodimio de alto grado, excelente intercambio t\u00e9rmico, impedancia: 8 ohms, rango de frecuencia: 500 Hz - 20 kHz, peso: 3.1 kg.\",\"breadcrumb\":{\"@id\":\"https:\\\/\\\/www.mexicanguitarplayers.com\\\/tienda\\\/sin categor\u00eda\\\/driver-eighteen-1-4-mod-nsd1480n\\\/#breadcrumb\"},\"inLanguage\":\"en-US\",\"potentialAction\":[{\"@type\":\"ReadAction\",\"target\":[\"https:\\\/\\\/www.mexicanguitarplayers.com\\\/tienda\\\/sin categor\u00eda\\\/driver-eighteen-1-4-mod-nsd1480n\\\/\"]}]},{\"@type\":\"ImageObject\",\"inLanguage\":\"en-US\",\"@id\":\"https:\\\/\\\/www.mexicanguitarplayers.com\\\/tienda\\\/sin categor\u00eda\\\/driver-eighteen-1-4-mod-nsd1480n\\\/#primaryimage\",\"url\":\"https:\\\/\\\/www.mexicanguitarplayers.com\\\/wp-content\\\/uploads\\\/2025\\\/04\\\/IAEIGNSD1480N.jpg\",\"contentUrl\":\"https:\\\/\\\/www.mexicanguitarplayers.com\\\/wp-content\\\/uploads\\\/2025\\\/04\\\/IAEIGNSD1480N.jpg\",\"width\":1200,\"height\":1200},{\"@type\":\"BreadcrumbList\",\"@id\":\"https:\\\/\\\/www.mexicanguitarplayers.com\\\/tienda\\\/sin categor\u00eda\\\/driver-eighteen-1-4-mod-nsd1480n\\\/#breadcrumb\",\"itemListElement\":[{\"@type\":\"ListItem\",\"position\":1,\"name\":\"Portada\",\"item\":\"https:\\\/\\\/www.mexicanguitarplayers.com\\\/\"},{\"@type\":\"ListItem\",\"position\":2,\"name\":\"Tienda\",\"item\":\"https:\\\/\\\/www.mexicanguitarplayers.com\\\/tienda\\\/\"},{\"@type\":\"ListItem\",\"position\":3,\"name\":\"DRIVER EIGHTEEN 1.4 MOD. NSD1480N\"}]},{\"@type\":\"WebSite\",\"@id\":\"https:\\\/\\\/www.mexicanguitarplayers.com\\\/#website\",\"url\":\"https:\\\/\\\/www.mexicanguitarplayers.com\\\/\",\"name\":\"Mexican Guitar Players\",\"description\":\"Website\",\"publisher\":{\"@id\":\"https:\\\/\\\/www.mexicanguitarplayers.com\\\/#organization\"},\"potentialAction\":[{\"@type\":\"SearchAction\",\"target\":{\"@type\":\"EntryPoint\",\"urlTemplate\":\"https:\\\/\\\/www.mexicanguitarplayers.com\\\/?s={search_term_string}\"},\"query-input\":{\"@type\":\"PropertyValueSpecification\",\"valueRequired\":true,\"valueName\":\"search_term_string\"}}],\"inLanguage\":\"en-US\"},{\"@type\":\"Organization\",\"@id\":\"https:\\\/\\\/www.mexicanguitarplayers.com\\\/#organization\",\"name\":\"Mexican Guitar Players\",\"url\":\"https:\\\/\\\/www.mexicanguitarplayers.com\\\/\",\"logo\":{\"@type\":\"ImageObject\",\"inLanguage\":\"en-US\",\"@id\":\"https:\\\/\\\/www.mexicanguitarplayers.com\\\/#\\\/schema\\\/logo\\\/image\\\/\",\"url\":\"\",\"contentUrl\":\"\",\"caption\":\"Mexican Guitar Players\"},\"image\":{\"@id\":\"https:\\\/\\\/www.mexicanguitarplayers.com\\\/#\\\/schema\\\/logo\\\/image\\\/\"}}]}<\/script>\n<!-- \/ Yoast SEO plugin. -->","yoast_head_json":{"title":"DRIVER EIGHTEEN 1.4 MOD. NSD1480N - Mexican Guitar Players","description":"Driver de compresi\u00f3n, garganta de 1.4\u201d, sensibilidad: 111 dB, bobina m\u00f3vil de borde de aluminio de 3\u201d pulgadas, potencia AES: 100W, potencia programa: 200W, c\u00fapula recubierta de nitruro de titanio, diafragma de titanio recubierto con True Piston Motion (TiN), estructura magn\u00e9tica de neodimio de alto grado, excelente intercambio t\u00e9rmico, impedancia: 8 ohms, rango de frecuencia: 500 Hz - 20 kHz, peso: 3.1 kg.","robots":{"index":"index","follow":"follow","max-snippet":"max-snippet:-1","max-image-preview":"max-image-preview:large","max-video-preview":"max-video-preview:-1"},"canonical":"https:\/\/www.mexicanguitarplayers.com\/en\/tienda\/sin categor\u00eda\/driver-eighteen-1-4-mod-nsd1480n\/","og_locale":"en_US","og_type":"article","og_title":"DRIVER EIGHTEEN 1.4 MOD. NSD1480N - Mexican Guitar Players","og_description":"Driver de compresi\u00f3n, garganta de 1.4\u201d, sensibilidad: 111 dB, bobina m\u00f3vil de borde de aluminio de 3\u201d pulgadas, potencia AES: 100W, potencia programa: 200W, c\u00fapula recubierta de nitruro de titanio, diafragma de titanio recubierto con True Piston Motion (TiN), estructura magn\u00e9tica de neodimio de alto grado, excelente intercambio t\u00e9rmico, impedancia: 8 ohms, rango de frecuencia: 500 Hz - 20 kHz, peso: 3.1 kg.","og_url":"https:\/\/www.mexicanguitarplayers.com\/en\/tienda\/sin categor\u00eda\/driver-eighteen-1-4-mod-nsd1480n\/","og_site_name":"Mexican Guitar Players","article_modified_time":"2026-01-14T10:23:41+00:00","twitter_card":"summary_large_image","twitter_misc":{"Est. reading time":"3 minutes"},"schema":{"@context":"https:\/\/schema.org","@graph":[{"@type":["WebPage","ItemPage"],"@id":"https:\/\/www.mexicanguitarplayers.com\/tienda\/sin categor\u00eda\/driver-eighteen-1-4-mod-nsd1480n\/","url":"https:\/\/www.mexicanguitarplayers.com\/tienda\/sin categor\u00eda\/driver-eighteen-1-4-mod-nsd1480n\/","name":"DRIVER EIGHTEEN 1.4 MOD. NSD1480N - Mexican Guitar Players","isPartOf":{"@id":"https:\/\/www.mexicanguitarplayers.com\/#website"},"primaryImageOfPage":{"@id":"https:\/\/www.mexicanguitarplayers.com\/tienda\/sin categor\u00eda\/driver-eighteen-1-4-mod-nsd1480n\/#primaryimage"},"image":{"@id":"https:\/\/www.mexicanguitarplayers.com\/tienda\/sin categor\u00eda\/driver-eighteen-1-4-mod-nsd1480n\/#primaryimage"},"thumbnailUrl":"https:\/\/www.mexicanguitarplayers.com\/wp-content\/uploads\/2025\/04\/IAEIGNSD1480N.jpg","datePublished":"2025-04-09T03:56:20+00:00","dateModified":"2026-01-14T10:23:41+00:00","description":"Driver de compresi\u00f3n, garganta de 1.4\u201d, sensibilidad: 111 dB, bobina m\u00f3vil de borde de aluminio de 3\u201d pulgadas, potencia AES: 100W, potencia programa: 200W, c\u00fapula recubierta de nitruro de titanio, diafragma de titanio recubierto con True Piston Motion (TiN), estructura magn\u00e9tica de neodimio de alto grado, excelente intercambio t\u00e9rmico, impedancia: 8 ohms, rango de frecuencia: 500 Hz - 20 kHz, peso: 3.1 kg.","breadcrumb":{"@id":"https:\/\/www.mexicanguitarplayers.com\/tienda\/sin categor\u00eda\/driver-eighteen-1-4-mod-nsd1480n\/#breadcrumb"},"inLanguage":"en-US","potentialAction":[{"@type":"ReadAction","target":["https:\/\/www.mexicanguitarplayers.com\/tienda\/sin categor\u00eda\/driver-eighteen-1-4-mod-nsd1480n\/"]}]},{"@type":"ImageObject","inLanguage":"en-US","@id":"https:\/\/www.mexicanguitarplayers.com\/tienda\/sin categor\u00eda\/driver-eighteen-1-4-mod-nsd1480n\/#primaryimage","url":"https:\/\/www.mexicanguitarplayers.com\/wp-content\/uploads\/2025\/04\/IAEIGNSD1480N.jpg","contentUrl":"https:\/\/www.mexicanguitarplayers.com\/wp-content\/uploads\/2025\/04\/IAEIGNSD1480N.jpg","width":1200,"height":1200},{"@type":"BreadcrumbList","@id":"https:\/\/www.mexicanguitarplayers.com\/tienda\/sin categor\u00eda\/driver-eighteen-1-4-mod-nsd1480n\/#breadcrumb","itemListElement":[{"@type":"ListItem","position":1,"name":"Portada","item":"https:\/\/www.mexicanguitarplayers.com\/"},{"@type":"ListItem","position":2,"name":"Tienda","item":"https:\/\/www.mexicanguitarplayers.com\/tienda\/"},{"@type":"ListItem","position":3,"name":"DRIVER EIGHTEEN 1.4 MOD. NSD1480N"}]},{"@type":"WebSite","@id":"https:\/\/www.mexicanguitarplayers.com\/#website","url":"https:\/\/www.mexicanguitarplayers.com\/","name":"Mexican Guitar Players","description":"Website","publisher":{"@id":"https:\/\/www.mexicanguitarplayers.com\/#organization"},"potentialAction":[{"@type":"SearchAction","target":{"@type":"EntryPoint","urlTemplate":"https:\/\/www.mexicanguitarplayers.com\/?s={search_term_string}"},"query-input":{"@type":"PropertyValueSpecification","valueRequired":true,"valueName":"search_term_string"}}],"inLanguage":"en-US"},{"@type":"Organization","@id":"https:\/\/www.mexicanguitarplayers.com\/#organization","name":"Mexican Guitar Players","url":"https:\/\/www.mexicanguitarplayers.com\/","logo":{"@type":"ImageObject","inLanguage":"en-US","@id":"https:\/\/www.mexicanguitarplayers.com\/#\/schema\/logo\/image\/","url":"","contentUrl":"","caption":"Mexican Guitar Players"},"image":{"@id":"https:\/\/www.mexicanguitarplayers.com\/#\/schema\/logo\/image\/"}}]}},"brands":[{"id":533,"name":"EIGHTEEN SOUND","slug":"eighteen-sound"}],"_links":{"self":[{"href":"https:\/\/www.mexicanguitarplayers.com\/en\/wp-json\/wp\/v2\/product\/34802","targetHints":{"allow":["GET"]}}],"collection":[{"href":"https:\/\/www.mexicanguitarplayers.com\/en\/wp-json\/wp\/v2\/product"}],"about":[{"href":"https:\/\/www.mexicanguitarplayers.com\/en\/wp-json\/wp\/v2\/types\/product"}],"replies":[{"embeddable":true,"href":"https:\/\/www.mexicanguitarplayers.com\/en\/wp-json\/wp\/v2\/comments?post=34802"}],"wp:featuredmedia":[{"embeddable":true,"href":"https:\/\/www.mexicanguitarplayers.com\/en\/wp-json\/wp\/v2\/media\/34799"}],"wp:attachment":[{"href":"https:\/\/www.mexicanguitarplayers.com\/en\/wp-json\/wp\/v2\/media?parent=34802"}],"wp:term":[{"taxonomy":"pwb-brand","embeddable":true,"href":"https:\/\/www.mexicanguitarplayers.com\/en\/wp-json\/wp\/v2\/pwb-brand?post=34802"},{"taxonomy":"product_brand","embeddable":true,"href":"https:\/\/www.mexicanguitarplayers.com\/en\/wp-json\/wp\/v2\/product_brand?post=34802"},{"taxonomy":"product_cat","embeddable":true,"href":"https:\/\/www.mexicanguitarplayers.com\/en\/wp-json\/wp\/v2\/product_cat?post=34802"},{"taxonomy":"product_tag","embeddable":true,"href":"https:\/\/www.mexicanguitarplayers.com\/en\/wp-json\/wp\/v2\/product_tag?post=34802"}],"curies":[{"name":"wp","href":"https:\/\/api.w.org\/{rel}","templated":true}]}}