{"id":34811,"date":"2025-04-08T21:56:33","date_gmt":"2025-04-09T03:56:33","guid":{"rendered":"https:\/\/www.mexicanguitarplayers.com\/tienda\/sin categor\u00eda\/pastilla-belcat-p-bajo-elect-bp-41\/"},"modified":"2026-05-01T07:21:44","modified_gmt":"2026-05-01T13:21:44","slug":"pastilla-belcat-p-bajo-elect-bp-41","status":"publish","type":"product","link":"https:\/\/www.mexicanguitarplayers.com\/en\/tienda\/accesorios\/estuches-y-fundas\/para-bajo-estuches-y-fundas\/pastilla-belcat-p-bajo-elect-bp-41\/","title":{"rendered":"PASTILLA BELCAT P\/BAJO ELECT. BP-41"},"content":{"rendered":"<div style=\"text-align: justify\">\n<div>\n<h3> Sonido fino  y  potente en tu bajo. <\/h3>\n<\/div>\n<div>La pastilla BP-41 de Belcat para bajo el\u00e9ctrico, te ofrece toda la potencia, fidelidad y nitidez que est\u00e1s buscando para tu bajo. Est\u00e1 dise\u00f1ada para dar una lectura especial en distorsiones agresivas y corpulentas (si es que las utilizas), tus arreglos estar\u00e1n libres de saturaci\u00f3n y tendr\u00e1n el cuerpo y la consistencia que necesitan graves controlados y agudos brillantes.  Belcat es una empresa que ha desarrollado una gran l\u00ednea de productos y accesorios muy bien fabricados, ofreciendo una gran relaci\u00f3n en cuanto a precio y calidad. Cuenta con afinadores, aud\u00edfonos, preamps, combos, metr\u00f3nomos, pastillas para guitarras el\u00e9ctricas, ac\u00fasticas y bajos de gran calidad y precisi\u00f3n.<\/div>\n<div>\n<h4>Characteristics<\/h4>\n<\/div>\n<div>\n<ul style=\"margin: 0px 0px 0px 25px\">\n<li style=\"list-style-type: circle;margin: 5px\">Pastilla para bajo el\u00e9ctrico.<\/li>\n<li style=\"list-style-type: circle;margin: 5px\">Tipo BP.<\/li>\n<li style=\"list-style-type: circle;margin: 5px\">Split coil.<\/li>\n<li style=\"list-style-type: circle;margin: 5px\">Posici\u00f3n: centro.<\/li>\n<li style=\"list-style-type: circle;margin: 5px\">Im\u00e1n: ferrita.<\/li>\n<li style=\"list-style-type: circle;margin: 5px\">Resistencia DC: 9.4 kohms.<\/li>\n<li style=\"list-style-type: circle;margin: 5px\">Inductancia: 5.31 H.<\/li>\n<\/ul>\n<\/div>\n<\/div>","protected":false},"excerpt":{"rendered":"<p>Pastilla para bajo el\u00e9ctrico, tipo BP, split coil, posici\u00f3n: centro, im\u00e1n: ferrita, resistencia DC: 9.4 kilo-ohms, inductancia: 5.31 H.&hellip; <a class=\"kt-excerpt-readmore more-link\" href=\"https:\/\/www.mexicanguitarplayers.com\/en\/tienda\/accesorios\/estuches-y-fundas\/para-bajo-estuches-y-fundas\/pastilla-belcat-p-bajo-elect-bp-41\/\">Read more<\/a><\/p>","protected":false},"featured_media":34810,"comment_status":"open","ping_status":"closed","template":"","meta":{"kt_blocks_editor_width":""},"pwb-brand":[258],"product_brand":[],"product_cat":[85,578,610],"product_tag":[],"class_list":{"0":"post-34811","1":"product","2":"type-product","3":"status-publish","4":"has-post-thumbnail","6":"pwb-brand-belcat","7":"product_cat-accesorios","8":"product_cat-para-bajo-estuches-y-fundas","9":"product_cat-pastillas-para-inst-orquestales","10":"product_shipping_class-0-5-kg","12":"first","13":"instock","14":"taxable","15":"shipping-taxable","16":"purchasable","17":"product-type-simple"},"yoast_head":"<!-- This site is optimized with the Yoast SEO plugin v27.5 - https:\/\/yoast.com\/product\/yoast-seo-wordpress\/ -->\n<title>PASTILLA BELCAT P\/BAJO ELECT. BP-41 - Mexican Guitar Players<\/title>\n<meta name=\"description\" content=\"Pastilla para bajo el\u00e9ctrico, tipo BP, split coil, posici\u00f3n: centro, im\u00e1n: ferrita, resistencia DC: 9.4 kilo-ohms, inductancia: 5.31 H.\" \/>\n<meta name=\"robots\" content=\"index, follow, max-snippet:-1, max-image-preview:large, max-video-preview:-1\" \/>\n<link rel=\"canonical\" href=\"https:\/\/www.mexicanguitarplayers.com\/en\/tienda\/sin%20categor\u00eda\/pastilla-belcat-p-bajo-elect-bp-41\/\" \/>\n<meta property=\"og:locale\" content=\"en_US\" \/>\n<meta property=\"og:type\" content=\"article\" \/>\n<meta property=\"og:title\" content=\"PASTILLA BELCAT P\/BAJO ELECT. BP-41 - Mexican Guitar Players\" \/>\n<meta property=\"og:description\" content=\"Pastilla para bajo el\u00e9ctrico, tipo BP, split coil, posici\u00f3n: centro, im\u00e1n: ferrita, resistencia DC: 9.4 kilo-ohms, inductancia: 5.31 H.\" \/>\n<meta property=\"og:url\" content=\"https:\/\/www.mexicanguitarplayers.com\/en\/tienda\/sin categor\u00eda\/pastilla-belcat-p-bajo-elect-bp-41\/\" \/>\n<meta property=\"og:site_name\" content=\"Mexican Guitar Players\" \/>\n<meta property=\"article:modified_time\" content=\"2026-05-01T13:21:44+00:00\" \/>\n<meta name=\"twitter:card\" content=\"summary_large_image\" \/>\n<meta name=\"twitter:label1\" content=\"Est. reading time\" \/>\n\t<meta name=\"twitter:data1\" content=\"1 minute\" \/>\n<script type=\"application\/ld+json\" class=\"yoast-schema-graph\">{\"@context\":\"https:\\\/\\\/schema.org\",\"@graph\":[{\"@type\":[\"WebPage\",\"ItemPage\"],\"@id\":\"https:\\\/\\\/www.mexicanguitarplayers.com\\\/tienda\\\/sin categor\u00eda\\\/pastilla-belcat-p-bajo-elect-bp-41\\\/\",\"url\":\"https:\\\/\\\/www.mexicanguitarplayers.com\\\/tienda\\\/sin categor\u00eda\\\/pastilla-belcat-p-bajo-elect-bp-41\\\/\",\"name\":\"PASTILLA BELCAT P\\\/BAJO ELECT. BP-41 - Mexican Guitar Players\",\"isPartOf\":{\"@id\":\"https:\\\/\\\/www.mexicanguitarplayers.com\\\/#website\"},\"primaryImageOfPage\":{\"@id\":\"https:\\\/\\\/www.mexicanguitarplayers.com\\\/tienda\\\/sin categor\u00eda\\\/pastilla-belcat-p-bajo-elect-bp-41\\\/#primaryimage\"},\"image\":{\"@id\":\"https:\\\/\\\/www.mexicanguitarplayers.com\\\/tienda\\\/sin categor\u00eda\\\/pastilla-belcat-p-bajo-elect-bp-41\\\/#primaryimage\"},\"thumbnailUrl\":\"https:\\\/\\\/www.mexicanguitarplayers.com\\\/wp-content\\\/uploads\\\/2025\\\/04\\\/RABELBP41.jpg\",\"datePublished\":\"2025-04-09T03:56:33+00:00\",\"dateModified\":\"2026-05-01T13:21:44+00:00\",\"description\":\"Pastilla para bajo el\u00e9ctrico, tipo BP, split coil, posici\u00f3n: centro, im\u00e1n: ferrita, resistencia DC: 9.4 kilo-ohms, inductancia: 5.31 H.\",\"breadcrumb\":{\"@id\":\"https:\\\/\\\/www.mexicanguitarplayers.com\\\/tienda\\\/sin categor\u00eda\\\/pastilla-belcat-p-bajo-elect-bp-41\\\/#breadcrumb\"},\"inLanguage\":\"en-US\",\"potentialAction\":[{\"@type\":\"ReadAction\",\"target\":[\"https:\\\/\\\/www.mexicanguitarplayers.com\\\/tienda\\\/sin categor\u00eda\\\/pastilla-belcat-p-bajo-elect-bp-41\\\/\"]}]},{\"@type\":\"ImageObject\",\"inLanguage\":\"en-US\",\"@id\":\"https:\\\/\\\/www.mexicanguitarplayers.com\\\/tienda\\\/sin categor\u00eda\\\/pastilla-belcat-p-bajo-elect-bp-41\\\/#primaryimage\",\"url\":\"https:\\\/\\\/www.mexicanguitarplayers.com\\\/wp-content\\\/uploads\\\/2025\\\/04\\\/RABELBP41.jpg\",\"contentUrl\":\"https:\\\/\\\/www.mexicanguitarplayers.com\\\/wp-content\\\/uploads\\\/2025\\\/04\\\/RABELBP41.jpg\",\"width\":1200,\"height\":1200},{\"@type\":\"BreadcrumbList\",\"@id\":\"https:\\\/\\\/www.mexicanguitarplayers.com\\\/tienda\\\/sin categor\u00eda\\\/pastilla-belcat-p-bajo-elect-bp-41\\\/#breadcrumb\",\"itemListElement\":[{\"@type\":\"ListItem\",\"position\":1,\"name\":\"Portada\",\"item\":\"https:\\\/\\\/www.mexicanguitarplayers.com\\\/\"},{\"@type\":\"ListItem\",\"position\":2,\"name\":\"Tienda\",\"item\":\"https:\\\/\\\/www.mexicanguitarplayers.com\\\/tienda\\\/\"},{\"@type\":\"ListItem\",\"position\":3,\"name\":\"PASTILLA BELCAT P\\\/BAJO ELECT. BP-41\"}]},{\"@type\":\"WebSite\",\"@id\":\"https:\\\/\\\/www.mexicanguitarplayers.com\\\/#website\",\"url\":\"https:\\\/\\\/www.mexicanguitarplayers.com\\\/\",\"name\":\"Mexican Guitar Players\",\"description\":\"Website\",\"publisher\":{\"@id\":\"https:\\\/\\\/www.mexicanguitarplayers.com\\\/#organization\"},\"potentialAction\":[{\"@type\":\"SearchAction\",\"target\":{\"@type\":\"EntryPoint\",\"urlTemplate\":\"https:\\\/\\\/www.mexicanguitarplayers.com\\\/?s={search_term_string}\"},\"query-input\":{\"@type\":\"PropertyValueSpecification\",\"valueRequired\":true,\"valueName\":\"search_term_string\"}}],\"inLanguage\":\"en-US\"},{\"@type\":\"Organization\",\"@id\":\"https:\\\/\\\/www.mexicanguitarplayers.com\\\/#organization\",\"name\":\"Mexican Guitar Players\",\"url\":\"https:\\\/\\\/www.mexicanguitarplayers.com\\\/\",\"logo\":{\"@type\":\"ImageObject\",\"inLanguage\":\"en-US\",\"@id\":\"https:\\\/\\\/www.mexicanguitarplayers.com\\\/#\\\/schema\\\/logo\\\/image\\\/\",\"url\":\"\",\"contentUrl\":\"\",\"caption\":\"Mexican Guitar Players\"},\"image\":{\"@id\":\"https:\\\/\\\/www.mexicanguitarplayers.com\\\/#\\\/schema\\\/logo\\\/image\\\/\"}}]}<\/script>\n<!-- \/ Yoast SEO plugin. -->","yoast_head_json":{"title":"PASTILLA BELCAT P\/BAJO ELECT. BP-41 - Mexican Guitar Players","description":"Pastilla para bajo el\u00e9ctrico, tipo BP, split coil, posici\u00f3n: centro, im\u00e1n: ferrita, resistencia DC: 9.4 kilo-ohms, inductancia: 5.31 H.","robots":{"index":"index","follow":"follow","max-snippet":"max-snippet:-1","max-image-preview":"max-image-preview:large","max-video-preview":"max-video-preview:-1"},"canonical":"https:\/\/www.mexicanguitarplayers.com\/en\/tienda\/sin categor\u00eda\/pastilla-belcat-p-bajo-elect-bp-41\/","og_locale":"en_US","og_type":"article","og_title":"PASTILLA BELCAT P\/BAJO ELECT. BP-41 - Mexican Guitar Players","og_description":"Pastilla para bajo el\u00e9ctrico, tipo BP, split coil, posici\u00f3n: centro, im\u00e1n: ferrita, resistencia DC: 9.4 kilo-ohms, inductancia: 5.31 H.","og_url":"https:\/\/www.mexicanguitarplayers.com\/en\/tienda\/sin categor\u00eda\/pastilla-belcat-p-bajo-elect-bp-41\/","og_site_name":"Mexican Guitar Players","article_modified_time":"2026-05-01T13:21:44+00:00","twitter_card":"summary_large_image","twitter_misc":{"Est. reading time":"1 minute"},"schema":{"@context":"https:\/\/schema.org","@graph":[{"@type":["WebPage","ItemPage"],"@id":"https:\/\/www.mexicanguitarplayers.com\/tienda\/sin categor\u00eda\/pastilla-belcat-p-bajo-elect-bp-41\/","url":"https:\/\/www.mexicanguitarplayers.com\/tienda\/sin categor\u00eda\/pastilla-belcat-p-bajo-elect-bp-41\/","name":"PASTILLA BELCAT P\/BAJO ELECT. BP-41 - Mexican Guitar Players","isPartOf":{"@id":"https:\/\/www.mexicanguitarplayers.com\/#website"},"primaryImageOfPage":{"@id":"https:\/\/www.mexicanguitarplayers.com\/tienda\/sin categor\u00eda\/pastilla-belcat-p-bajo-elect-bp-41\/#primaryimage"},"image":{"@id":"https:\/\/www.mexicanguitarplayers.com\/tienda\/sin categor\u00eda\/pastilla-belcat-p-bajo-elect-bp-41\/#primaryimage"},"thumbnailUrl":"https:\/\/www.mexicanguitarplayers.com\/wp-content\/uploads\/2025\/04\/RABELBP41.jpg","datePublished":"2025-04-09T03:56:33+00:00","dateModified":"2026-05-01T13:21:44+00:00","description":"Pastilla para bajo el\u00e9ctrico, tipo BP, split coil, posici\u00f3n: centro, im\u00e1n: ferrita, resistencia DC: 9.4 kilo-ohms, inductancia: 5.31 H.","breadcrumb":{"@id":"https:\/\/www.mexicanguitarplayers.com\/tienda\/sin categor\u00eda\/pastilla-belcat-p-bajo-elect-bp-41\/#breadcrumb"},"inLanguage":"en-US","potentialAction":[{"@type":"ReadAction","target":["https:\/\/www.mexicanguitarplayers.com\/tienda\/sin categor\u00eda\/pastilla-belcat-p-bajo-elect-bp-41\/"]}]},{"@type":"ImageObject","inLanguage":"en-US","@id":"https:\/\/www.mexicanguitarplayers.com\/tienda\/sin categor\u00eda\/pastilla-belcat-p-bajo-elect-bp-41\/#primaryimage","url":"https:\/\/www.mexicanguitarplayers.com\/wp-content\/uploads\/2025\/04\/RABELBP41.jpg","contentUrl":"https:\/\/www.mexicanguitarplayers.com\/wp-content\/uploads\/2025\/04\/RABELBP41.jpg","width":1200,"height":1200},{"@type":"BreadcrumbList","@id":"https:\/\/www.mexicanguitarplayers.com\/tienda\/sin categor\u00eda\/pastilla-belcat-p-bajo-elect-bp-41\/#breadcrumb","itemListElement":[{"@type":"ListItem","position":1,"name":"Portada","item":"https:\/\/www.mexicanguitarplayers.com\/"},{"@type":"ListItem","position":2,"name":"Tienda","item":"https:\/\/www.mexicanguitarplayers.com\/tienda\/"},{"@type":"ListItem","position":3,"name":"PASTILLA BELCAT P\/BAJO ELECT. BP-41"}]},{"@type":"WebSite","@id":"https:\/\/www.mexicanguitarplayers.com\/#website","url":"https:\/\/www.mexicanguitarplayers.com\/","name":"Mexican Guitar Players","description":"Website","publisher":{"@id":"https:\/\/www.mexicanguitarplayers.com\/#organization"},"potentialAction":[{"@type":"SearchAction","target":{"@type":"EntryPoint","urlTemplate":"https:\/\/www.mexicanguitarplayers.com\/?s={search_term_string}"},"query-input":{"@type":"PropertyValueSpecification","valueRequired":true,"valueName":"search_term_string"}}],"inLanguage":"en-US"},{"@type":"Organization","@id":"https:\/\/www.mexicanguitarplayers.com\/#organization","name":"Mexican Guitar Players","url":"https:\/\/www.mexicanguitarplayers.com\/","logo":{"@type":"ImageObject","inLanguage":"en-US","@id":"https:\/\/www.mexicanguitarplayers.com\/#\/schema\/logo\/image\/","url":"","contentUrl":"","caption":"Mexican Guitar Players"},"image":{"@id":"https:\/\/www.mexicanguitarplayers.com\/#\/schema\/logo\/image\/"}}]}},"brands":[{"id":258,"name":"BELCAT","slug":"belcat"}],"_links":{"self":[{"href":"https:\/\/www.mexicanguitarplayers.com\/en\/wp-json\/wp\/v2\/product\/34811","targetHints":{"allow":["GET"]}}],"collection":[{"href":"https:\/\/www.mexicanguitarplayers.com\/en\/wp-json\/wp\/v2\/product"}],"about":[{"href":"https:\/\/www.mexicanguitarplayers.com\/en\/wp-json\/wp\/v2\/types\/product"}],"replies":[{"embeddable":true,"href":"https:\/\/www.mexicanguitarplayers.com\/en\/wp-json\/wp\/v2\/comments?post=34811"}],"wp:featuredmedia":[{"embeddable":true,"href":"https:\/\/www.mexicanguitarplayers.com\/en\/wp-json\/wp\/v2\/media\/34810"}],"wp:attachment":[{"href":"https:\/\/www.mexicanguitarplayers.com\/en\/wp-json\/wp\/v2\/media?parent=34811"}],"wp:term":[{"taxonomy":"pwb-brand","embeddable":true,"href":"https:\/\/www.mexicanguitarplayers.com\/en\/wp-json\/wp\/v2\/pwb-brand?post=34811"},{"taxonomy":"product_brand","embeddable":true,"href":"https:\/\/www.mexicanguitarplayers.com\/en\/wp-json\/wp\/v2\/product_brand?post=34811"},{"taxonomy":"product_cat","embeddable":true,"href":"https:\/\/www.mexicanguitarplayers.com\/en\/wp-json\/wp\/v2\/product_cat?post=34811"},{"taxonomy":"product_tag","embeddable":true,"href":"https:\/\/www.mexicanguitarplayers.com\/en\/wp-json\/wp\/v2\/product_tag?post=34811"}],"curies":[{"name":"wp","href":"https:\/\/api.w.org\/{rel}","templated":true}]}}