{"id":34817,"date":"2025-04-08T21:56:41","date_gmt":"2025-04-09T03:56:41","guid":{"rendered":"https:\/\/www.mexicanguitarplayers.com\/tienda\/sin categor\u00eda\/combo-blackstar-p-guit-idcore-stereo10v3-sug\/"},"modified":"2026-04-10T04:29:28","modified_gmt":"2026-04-10T10:29:28","slug":"combo-blackstar-p-guit-idcore-stereo10v3-sug","status":"publish","type":"product","link":"https:\/\/www.mexicanguitarplayers.com\/en\/tienda\/cuerdas\/combos\/combos-para-guitarra\/combo-blackstar-p-guit-idcore-stereo10v3-sug\/","title":{"rendered":"COMBO BLACKSTAR P\/GUIT.IDCORE STEREO10V3 SUG"},"content":{"rendered":"<div style=\"text-align: justify\">\n<div>\n<h3>ID:CORE V3 Stereo 10 Sugar Skull<\/h3>\n<\/div>\n<div>ID:CORE V3 representa un logro verdaderamente innovador, que combina innovaciones \u00fanicas, un conjunto de controles intuitivos y tradicionales y la versatilidad de la capacidad de programaci\u00f3n. ID:CORE es uno de los amplificadores digitales m\u00e1s vendidos del mundo y ha establecido el est\u00e1ndar de amplificadores compactos, potentes y vers\u00e1tiles.<\/div>\n<div>\n<h4>Characteristics<\/h4>\n<\/div>\n<div>\n<ul style=\"margin: 0px 0px 0px 25px\">\n<li style=\"list-style-type: circle;margin: 5px\">10W<\/li>\n<li style=\"list-style-type: circle;margin: 5px\">6 Voices<\/li>\n<li style=\"list-style-type: circle;margin: 5px\">speakers<\/li>\n<li style=\"list-style-type: circle;margin: 5px\">Effects<\/li>\n<li style=\"list-style-type: circle;margin: 5px\">Patented ISF<\/li>\n<li style=\"list-style-type: circle;margin: 5px\">pedal<\/li>\n<\/ul>\n<\/div>\n<\/div>","protected":false},"excerpt":{"rendered":"<p>ID CORE STEREO 10 V3 SUGAR SKULL ofrece un tono incre\u00edble y el sonido Super Wide Stereo inmersivo. Los controles amigables para el guitarrista se combinan con el poder de la programabilidad para obtener un rango tonal asombrosamente vers\u00e1til, desde limpio pr\u00edstino hasta alta ganancia. La transmisi\u00f3n en vivo a su tel\u00e9fono inteligente es f\u00e1cil con un cable TRRS com\u00fan y la conectividad USB incorporada le permite grabar f\u00e1cilmente directamente en su computadora. Nuestro software Architect gratuito le brinda acceso a nuestro simulador de gabinete avanzado Cab Rig Lite de \u00faltima generaci\u00f3n, junto con edici\u00f3n profunda y administraci\u00f3n de parches.10W (est\u00e9reo s\u00faper ancho 2x5W)6 voces; Limpio c\u00e1lido, Limpio brillante, Crunch, Super Crunch, OD1, OD22 altavoces Blackstar de 3?efectos; Retardo x 4 Modulaci\u00f3n x 4 Reverberaci\u00f3n x 4ISF patentado (caracter\u00edstica de forma infinita)No conmutable por pedal&hellip; <a class=\"kt-excerpt-readmore more-link\" href=\"https:\/\/www.mexicanguitarplayers.com\/en\/tienda\/cuerdas\/combos\/combos-para-guitarra\/combo-blackstar-p-guit-idcore-stereo10v3-sug\/\">Read more<\/a><\/p>","protected":false},"featured_media":34812,"comment_status":"open","ping_status":"closed","template":"","meta":{"kt_blocks_editor_width":""},"pwb-brand":[172],"product_brand":[],"product_cat":[236,237,224],"product_tag":[],"class_list":{"0":"post-34817","1":"product","2":"type-product","3":"status-publish","4":"has-post-thumbnail","6":"pwb-brand-blackstar","7":"product_cat-combos","8":"product_cat-combos-para-guitarra","9":"product_cat-cuerdas","10":"product_shipping_class-5-10-kg","12":"first","13":"outofstock","14":"taxable","15":"shipping-taxable","16":"purchasable","17":"product-type-simple"},"yoast_head":"<!-- This site is optimized with the Yoast SEO plugin v27.6 - https:\/\/yoast.com\/product\/yoast-seo-wordpress\/ -->\n<title>COMBO BLACKSTAR P\/GUIT.IDCORE STEREO10V3 SUG - Mexican Guitar Players<\/title>\n<meta name=\"description\" content=\"ID CORE STEREO 10 V3 SUGAR SKULL ofrece un tono incre\u00edble y el sonido Super Wide Stereo inmersivo. Los controles amigables para el guitarrista se combinan con el poder de la programabilidad para obtener un rango tonal asombrosamente vers\u00e1til, desde limpio pr\u00edstino hasta alta ganancia. La transmisi\u00f3n en vivo a su tel\u00e9fono inteligente es f\u00e1cil con un cable TRRS com\u00fan y la conectividad USB incorporada le permite grabar f\u00e1cilmente directamente en su computadora. Nuestro software Architect gratuito le brinda acceso a nuestro simulador de gabinete avanzado Cab Rig Lite de \u00faltima generaci\u00f3n, junto con edici\u00f3n profunda y administraci\u00f3n de parches.10W (est\u00e9reo s\u00faper ancho 2x5W)6 voces; Limpio c\u00e1lido, Limpio brillante, Crunch, Super Crunch, OD1, OD22 altavoces Blackstar de 3?efectos; Retardo x 4 Modulaci\u00f3n x 4 Reverberaci\u00f3n x 4ISF patentado (caracter\u00edstica de forma infinita)No conmutable por pedal\" \/>\n<meta name=\"robots\" content=\"index, follow, max-snippet:-1, max-image-preview:large, max-video-preview:-1\" \/>\n<link rel=\"canonical\" href=\"https:\/\/www.mexicanguitarplayers.com\/en\/tienda\/sin%20categor\u00eda\/combo-blackstar-p-guit-idcore-stereo10v3-sug\/\" \/>\n<meta property=\"og:locale\" content=\"en_US\" \/>\n<meta property=\"og:type\" content=\"article\" \/>\n<meta property=\"og:title\" content=\"COMBO BLACKSTAR P\/GUIT.IDCORE STEREO10V3 SUG - Mexican Guitar Players\" \/>\n<meta property=\"og:description\" content=\"ID CORE STEREO 10 V3 SUGAR SKULL ofrece un tono incre\u00edble y el sonido Super Wide Stereo inmersivo. Los controles amigables para el guitarrista se combinan con el poder de la programabilidad para obtener un rango tonal asombrosamente vers\u00e1til, desde limpio pr\u00edstino hasta alta ganancia. La transmisi\u00f3n en vivo a su tel\u00e9fono inteligente es f\u00e1cil con un cable TRRS com\u00fan y la conectividad USB incorporada le permite grabar f\u00e1cilmente directamente en su computadora. Nuestro software Architect gratuito le brinda acceso a nuestro simulador de gabinete avanzado Cab Rig Lite de \u00faltima generaci\u00f3n, junto con edici\u00f3n profunda y administraci\u00f3n de parches.10W (est\u00e9reo s\u00faper ancho 2x5W)6 voces; Limpio c\u00e1lido, Limpio brillante, Crunch, Super Crunch, OD1, OD22 altavoces Blackstar de 3?efectos; Retardo x 4 Modulaci\u00f3n x 4 Reverberaci\u00f3n x 4ISF patentado (caracter\u00edstica de forma infinita)No conmutable por pedal\" \/>\n<meta property=\"og:url\" content=\"https:\/\/www.mexicanguitarplayers.com\/en\/tienda\/sin categor\u00eda\/combo-blackstar-p-guit-idcore-stereo10v3-sug\/\" \/>\n<meta property=\"og:site_name\" content=\"Mexican Guitar Players\" \/>\n<meta property=\"article:modified_time\" content=\"2026-04-10T10:29:28+00:00\" \/>\n<meta name=\"twitter:card\" content=\"summary_large_image\" \/>\n<script type=\"application\/ld+json\" class=\"yoast-schema-graph\">{\"@context\":\"https:\\\/\\\/schema.org\",\"@graph\":[{\"@type\":[\"WebPage\",\"ItemPage\"],\"@id\":\"https:\\\/\\\/www.mexicanguitarplayers.com\\\/tienda\\\/sin categor\u00eda\\\/combo-blackstar-p-guit-idcore-stereo10v3-sug\\\/\",\"url\":\"https:\\\/\\\/www.mexicanguitarplayers.com\\\/tienda\\\/sin categor\u00eda\\\/combo-blackstar-p-guit-idcore-stereo10v3-sug\\\/\",\"name\":\"COMBO BLACKSTAR P\\\/GUIT.IDCORE STEREO10V3 SUG - Mexican Guitar Players\",\"isPartOf\":{\"@id\":\"https:\\\/\\\/www.mexicanguitarplayers.com\\\/#website\"},\"primaryImageOfPage\":{\"@id\":\"https:\\\/\\\/www.mexicanguitarplayers.com\\\/tienda\\\/sin categor\u00eda\\\/combo-blackstar-p-guit-idcore-stereo10v3-sug\\\/#primaryimage\"},\"image\":{\"@id\":\"https:\\\/\\\/www.mexicanguitarplayers.com\\\/tienda\\\/sin categor\u00eda\\\/combo-blackstar-p-guit-idcore-stereo10v3-sug\\\/#primaryimage\"},\"thumbnailUrl\":\"https:\\\/\\\/www.mexicanguitarplayers.com\\\/wp-content\\\/uploads\\\/2025\\\/04\\\/ICBLSIDCOSSS3.jpg\",\"datePublished\":\"2025-04-09T03:56:41+00:00\",\"dateModified\":\"2026-04-10T10:29:28+00:00\",\"description\":\"ID CORE STEREO 10 V3 SUGAR SKULL ofrece un tono incre\u00edble y el sonido Super Wide Stereo inmersivo. Los controles amigables para el guitarrista se combinan con el poder de la programabilidad para obtener un rango tonal asombrosamente vers\u00e1til, desde limpio pr\u00edstino hasta alta ganancia. La transmisi\u00f3n en vivo a su tel\u00e9fono inteligente es f\u00e1cil con un cable TRRS com\u00fan y la conectividad USB incorporada le permite grabar f\u00e1cilmente directamente en su computadora. Nuestro software Architect gratuito le brinda acceso a nuestro simulador de gabinete avanzado Cab Rig Lite de \u00faltima generaci\u00f3n, junto con edici\u00f3n profunda y administraci\u00f3n de parches.10W (est\u00e9reo s\u00faper ancho 2x5W)6 voces; Limpio c\u00e1lido, Limpio brillante, Crunch, Super Crunch, OD1, OD22 altavoces Blackstar de 3?efectos; Retardo x 4 Modulaci\u00f3n x 4 Reverberaci\u00f3n x 4ISF patentado (caracter\u00edstica de forma infinita)No conmutable por pedal\",\"breadcrumb\":{\"@id\":\"https:\\\/\\\/www.mexicanguitarplayers.com\\\/tienda\\\/sin categor\u00eda\\\/combo-blackstar-p-guit-idcore-stereo10v3-sug\\\/#breadcrumb\"},\"inLanguage\":\"en-US\",\"potentialAction\":[{\"@type\":\"ReadAction\",\"target\":[\"https:\\\/\\\/www.mexicanguitarplayers.com\\\/tienda\\\/sin categor\u00eda\\\/combo-blackstar-p-guit-idcore-stereo10v3-sug\\\/\"]}]},{\"@type\":\"ImageObject\",\"inLanguage\":\"en-US\",\"@id\":\"https:\\\/\\\/www.mexicanguitarplayers.com\\\/tienda\\\/sin categor\u00eda\\\/combo-blackstar-p-guit-idcore-stereo10v3-sug\\\/#primaryimage\",\"url\":\"https:\\\/\\\/www.mexicanguitarplayers.com\\\/wp-content\\\/uploads\\\/2025\\\/04\\\/ICBLSIDCOSSS3.jpg\",\"contentUrl\":\"https:\\\/\\\/www.mexicanguitarplayers.com\\\/wp-content\\\/uploads\\\/2025\\\/04\\\/ICBLSIDCOSSS3.jpg\",\"width\":1200,\"height\":1200},{\"@type\":\"BreadcrumbList\",\"@id\":\"https:\\\/\\\/www.mexicanguitarplayers.com\\\/tienda\\\/sin categor\u00eda\\\/combo-blackstar-p-guit-idcore-stereo10v3-sug\\\/#breadcrumb\",\"itemListElement\":[{\"@type\":\"ListItem\",\"position\":1,\"name\":\"Portada\",\"item\":\"https:\\\/\\\/www.mexicanguitarplayers.com\\\/\"},{\"@type\":\"ListItem\",\"position\":2,\"name\":\"Tienda\",\"item\":\"https:\\\/\\\/www.mexicanguitarplayers.com\\\/tienda\\\/\"},{\"@type\":\"ListItem\",\"position\":3,\"name\":\"COMBO BLACKSTAR P\\\/GUIT.IDCORE STEREO10V3 SUG\"}]},{\"@type\":\"WebSite\",\"@id\":\"https:\\\/\\\/www.mexicanguitarplayers.com\\\/#website\",\"url\":\"https:\\\/\\\/www.mexicanguitarplayers.com\\\/\",\"name\":\"Mexican Guitar Players\",\"description\":\"Website\",\"publisher\":{\"@id\":\"https:\\\/\\\/www.mexicanguitarplayers.com\\\/#organization\"},\"potentialAction\":[{\"@type\":\"SearchAction\",\"target\":{\"@type\":\"EntryPoint\",\"urlTemplate\":\"https:\\\/\\\/www.mexicanguitarplayers.com\\\/?s={search_term_string}\"},\"query-input\":{\"@type\":\"PropertyValueSpecification\",\"valueRequired\":true,\"valueName\":\"search_term_string\"}}],\"inLanguage\":\"en-US\"},{\"@type\":\"Organization\",\"@id\":\"https:\\\/\\\/www.mexicanguitarplayers.com\\\/#organization\",\"name\":\"Mexican Guitar Players\",\"url\":\"https:\\\/\\\/www.mexicanguitarplayers.com\\\/\",\"logo\":{\"@type\":\"ImageObject\",\"inLanguage\":\"en-US\",\"@id\":\"https:\\\/\\\/www.mexicanguitarplayers.com\\\/#\\\/schema\\\/logo\\\/image\\\/\",\"url\":\"\",\"contentUrl\":\"\",\"caption\":\"Mexican Guitar Players\"},\"image\":{\"@id\":\"https:\\\/\\\/www.mexicanguitarplayers.com\\\/#\\\/schema\\\/logo\\\/image\\\/\"}}]}<\/script>\n<!-- \/ Yoast SEO plugin. -->","yoast_head_json":{"title":"COMBO BLACKSTAR P\/GUIT.IDCORE STEREO10V3 SUG - Mexican Guitar Players","description":"ID CORE STEREO 10 V3 SUGAR SKULL ofrece un tono incre\u00edble y el sonido Super Wide Stereo inmersivo. Los controles amigables para el guitarrista se combinan con el poder de la programabilidad para obtener un rango tonal asombrosamente vers\u00e1til, desde limpio pr\u00edstino hasta alta ganancia. La transmisi\u00f3n en vivo a su tel\u00e9fono inteligente es f\u00e1cil con un cable TRRS com\u00fan y la conectividad USB incorporada le permite grabar f\u00e1cilmente directamente en su computadora. Nuestro software Architect gratuito le brinda acceso a nuestro simulador de gabinete avanzado Cab Rig Lite de \u00faltima generaci\u00f3n, junto con edici\u00f3n profunda y administraci\u00f3n de parches.10W (est\u00e9reo s\u00faper ancho 2x5W)6 voces; Limpio c\u00e1lido, Limpio brillante, Crunch, Super Crunch, OD1, OD22 altavoces Blackstar de 3?efectos; Retardo x 4 Modulaci\u00f3n x 4 Reverberaci\u00f3n x 4ISF patentado (caracter\u00edstica de forma infinita)No conmutable por pedal","robots":{"index":"index","follow":"follow","max-snippet":"max-snippet:-1","max-image-preview":"max-image-preview:large","max-video-preview":"max-video-preview:-1"},"canonical":"https:\/\/www.mexicanguitarplayers.com\/en\/tienda\/sin categor\u00eda\/combo-blackstar-p-guit-idcore-stereo10v3-sug\/","og_locale":"en_US","og_type":"article","og_title":"COMBO BLACKSTAR P\/GUIT.IDCORE STEREO10V3 SUG - Mexican Guitar Players","og_description":"ID CORE STEREO 10 V3 SUGAR SKULL ofrece un tono incre\u00edble y el sonido Super Wide Stereo inmersivo. Los controles amigables para el guitarrista se combinan con el poder de la programabilidad para obtener un rango tonal asombrosamente vers\u00e1til, desde limpio pr\u00edstino hasta alta ganancia. La transmisi\u00f3n en vivo a su tel\u00e9fono inteligente es f\u00e1cil con un cable TRRS com\u00fan y la conectividad USB incorporada le permite grabar f\u00e1cilmente directamente en su computadora. Nuestro software Architect gratuito le brinda acceso a nuestro simulador de gabinete avanzado Cab Rig Lite de \u00faltima generaci\u00f3n, junto con edici\u00f3n profunda y administraci\u00f3n de parches.10W (est\u00e9reo s\u00faper ancho 2x5W)6 voces; Limpio c\u00e1lido, Limpio brillante, Crunch, Super Crunch, OD1, OD22 altavoces Blackstar de 3?efectos; Retardo x 4 Modulaci\u00f3n x 4 Reverberaci\u00f3n x 4ISF patentado (caracter\u00edstica de forma infinita)No conmutable por pedal","og_url":"https:\/\/www.mexicanguitarplayers.com\/en\/tienda\/sin categor\u00eda\/combo-blackstar-p-guit-idcore-stereo10v3-sug\/","og_site_name":"Mexican Guitar Players","article_modified_time":"2026-04-10T10:29:28+00:00","twitter_card":"summary_large_image","schema":{"@context":"https:\/\/schema.org","@graph":[{"@type":["WebPage","ItemPage"],"@id":"https:\/\/www.mexicanguitarplayers.com\/tienda\/sin categor\u00eda\/combo-blackstar-p-guit-idcore-stereo10v3-sug\/","url":"https:\/\/www.mexicanguitarplayers.com\/tienda\/sin categor\u00eda\/combo-blackstar-p-guit-idcore-stereo10v3-sug\/","name":"COMBO BLACKSTAR P\/GUIT.IDCORE STEREO10V3 SUG - Mexican Guitar Players","isPartOf":{"@id":"https:\/\/www.mexicanguitarplayers.com\/#website"},"primaryImageOfPage":{"@id":"https:\/\/www.mexicanguitarplayers.com\/tienda\/sin categor\u00eda\/combo-blackstar-p-guit-idcore-stereo10v3-sug\/#primaryimage"},"image":{"@id":"https:\/\/www.mexicanguitarplayers.com\/tienda\/sin categor\u00eda\/combo-blackstar-p-guit-idcore-stereo10v3-sug\/#primaryimage"},"thumbnailUrl":"https:\/\/www.mexicanguitarplayers.com\/wp-content\/uploads\/2025\/04\/ICBLSIDCOSSS3.jpg","datePublished":"2025-04-09T03:56:41+00:00","dateModified":"2026-04-10T10:29:28+00:00","description":"ID CORE STEREO 10 V3 SUGAR SKULL ofrece un tono incre\u00edble y el sonido Super Wide Stereo inmersivo. Los controles amigables para el guitarrista se combinan con el poder de la programabilidad para obtener un rango tonal asombrosamente vers\u00e1til, desde limpio pr\u00edstino hasta alta ganancia. La transmisi\u00f3n en vivo a su tel\u00e9fono inteligente es f\u00e1cil con un cable TRRS com\u00fan y la conectividad USB incorporada le permite grabar f\u00e1cilmente directamente en su computadora. Nuestro software Architect gratuito le brinda acceso a nuestro simulador de gabinete avanzado Cab Rig Lite de \u00faltima generaci\u00f3n, junto con edici\u00f3n profunda y administraci\u00f3n de parches.10W (est\u00e9reo s\u00faper ancho 2x5W)6 voces; Limpio c\u00e1lido, Limpio brillante, Crunch, Super Crunch, OD1, OD22 altavoces Blackstar de 3?efectos; Retardo x 4 Modulaci\u00f3n x 4 Reverberaci\u00f3n x 4ISF patentado (caracter\u00edstica de forma infinita)No conmutable por pedal","breadcrumb":{"@id":"https:\/\/www.mexicanguitarplayers.com\/tienda\/sin categor\u00eda\/combo-blackstar-p-guit-idcore-stereo10v3-sug\/#breadcrumb"},"inLanguage":"en-US","potentialAction":[{"@type":"ReadAction","target":["https:\/\/www.mexicanguitarplayers.com\/tienda\/sin categor\u00eda\/combo-blackstar-p-guit-idcore-stereo10v3-sug\/"]}]},{"@type":"ImageObject","inLanguage":"en-US","@id":"https:\/\/www.mexicanguitarplayers.com\/tienda\/sin categor\u00eda\/combo-blackstar-p-guit-idcore-stereo10v3-sug\/#primaryimage","url":"https:\/\/www.mexicanguitarplayers.com\/wp-content\/uploads\/2025\/04\/ICBLSIDCOSSS3.jpg","contentUrl":"https:\/\/www.mexicanguitarplayers.com\/wp-content\/uploads\/2025\/04\/ICBLSIDCOSSS3.jpg","width":1200,"height":1200},{"@type":"BreadcrumbList","@id":"https:\/\/www.mexicanguitarplayers.com\/tienda\/sin categor\u00eda\/combo-blackstar-p-guit-idcore-stereo10v3-sug\/#breadcrumb","itemListElement":[{"@type":"ListItem","position":1,"name":"Portada","item":"https:\/\/www.mexicanguitarplayers.com\/"},{"@type":"ListItem","position":2,"name":"Tienda","item":"https:\/\/www.mexicanguitarplayers.com\/tienda\/"},{"@type":"ListItem","position":3,"name":"COMBO BLACKSTAR P\/GUIT.IDCORE STEREO10V3 SUG"}]},{"@type":"WebSite","@id":"https:\/\/www.mexicanguitarplayers.com\/#website","url":"https:\/\/www.mexicanguitarplayers.com\/","name":"Mexican Guitar Players","description":"Website","publisher":{"@id":"https:\/\/www.mexicanguitarplayers.com\/#organization"},"potentialAction":[{"@type":"SearchAction","target":{"@type":"EntryPoint","urlTemplate":"https:\/\/www.mexicanguitarplayers.com\/?s={search_term_string}"},"query-input":{"@type":"PropertyValueSpecification","valueRequired":true,"valueName":"search_term_string"}}],"inLanguage":"en-US"},{"@type":"Organization","@id":"https:\/\/www.mexicanguitarplayers.com\/#organization","name":"Mexican Guitar Players","url":"https:\/\/www.mexicanguitarplayers.com\/","logo":{"@type":"ImageObject","inLanguage":"en-US","@id":"https:\/\/www.mexicanguitarplayers.com\/#\/schema\/logo\/image\/","url":"","contentUrl":"","caption":"Mexican Guitar Players"},"image":{"@id":"https:\/\/www.mexicanguitarplayers.com\/#\/schema\/logo\/image\/"}}]}},"brands":[{"id":172,"name":"BLACKSTAR","slug":"blackstar"}],"_links":{"self":[{"href":"https:\/\/www.mexicanguitarplayers.com\/en\/wp-json\/wp\/v2\/product\/34817","targetHints":{"allow":["GET"]}}],"collection":[{"href":"https:\/\/www.mexicanguitarplayers.com\/en\/wp-json\/wp\/v2\/product"}],"about":[{"href":"https:\/\/www.mexicanguitarplayers.com\/en\/wp-json\/wp\/v2\/types\/product"}],"replies":[{"embeddable":true,"href":"https:\/\/www.mexicanguitarplayers.com\/en\/wp-json\/wp\/v2\/comments?post=34817"}],"wp:featuredmedia":[{"embeddable":true,"href":"https:\/\/www.mexicanguitarplayers.com\/en\/wp-json\/wp\/v2\/media\/34812"}],"wp:attachment":[{"href":"https:\/\/www.mexicanguitarplayers.com\/en\/wp-json\/wp\/v2\/media?parent=34817"}],"wp:term":[{"taxonomy":"pwb-brand","embeddable":true,"href":"https:\/\/www.mexicanguitarplayers.com\/en\/wp-json\/wp\/v2\/pwb-brand?post=34817"},{"taxonomy":"product_brand","embeddable":true,"href":"https:\/\/www.mexicanguitarplayers.com\/en\/wp-json\/wp\/v2\/product_brand?post=34817"},{"taxonomy":"product_cat","embeddable":true,"href":"https:\/\/www.mexicanguitarplayers.com\/en\/wp-json\/wp\/v2\/product_cat?post=34817"},{"taxonomy":"product_tag","embeddable":true,"href":"https:\/\/www.mexicanguitarplayers.com\/en\/wp-json\/wp\/v2\/product_tag?post=34817"}],"curies":[{"name":"wp","href":"https:\/\/api.w.org\/{rel}","templated":true}]}}