{"id":34829,"date":"2025-04-08T21:56:57","date_gmt":"2025-04-09T03:56:57","guid":{"rendered":"https:\/\/www.mexicanguitarplayers.com\/tienda\/sin categor\u00eda\/armonica-hohner-1501-blues-band\/"},"modified":"2026-04-10T04:29:26","modified_gmt":"2026-04-10T10:29:26","slug":"armonica-hohner-1501-blues-band","status":"publish","type":"product","link":"https:\/\/www.mexicanguitarplayers.com\/en\/tienda\/alientos\/armonicas\/armonica-hohner-1501-blues-band\/","title":{"rendered":"ARMONICA HOHNER 1501      BLUES BAND"},"content":{"rendered":"<div style=\"text-align: justify\">\n<div>\n<h3>La mejor manera de iniciar.<\/h3>\n<\/div>\n<div>Soplando Blues con la Hohner Blues Band. Se trata de una arm\u00f3nica f\u00e1cil de tocar e ideal para principiantes o cualquiera que busque una arm\u00f3nica durable a un presupuesto ajustado. La serie Enthusiast incluye lecciones gratis de David Barrett de BluesHarmonica.com. Comienza a aprender desde ya en www.bluesharmonica.com\/hohner. Simplemente introduce el c\u00f3digo de Lecciones Gratuitas incluido en la caja de la arm\u00f3nica para recibir 30 d\u00edas de lecciones gratis. Esta arm\u00f3nica cuenta con un peine de pl\u00e1stico que produce un tono claro y brillante, placas de leng\u00fcetas empotradas para hermeticidad, tornillo de montaje para un f\u00e1cil mantenimiento y est\u00e1 disponible en C.<\/div>\n<div>\n<h4>Quick look<\/h4>\n<\/div>\n<ul style=\"margin: 0px 0px 0px 25px\">\n<li style=\"list-style-type: circle;margin: 5px\">Serie.<\/li>\n<li style=\"list-style-type: circle;margin: 5px\">Kind.<\/li>\n<li style=\"list-style-type: circle;margin: 5px\">Nota.<\/li>\n<li style=\"list-style-type: circle;margin: 5px\">Afinaci\u00f3n.<\/li>\n<li style=\"list-style-type: circle;margin: 5px\">N\u00famero de celdas.<\/li>\n<li style=\"list-style-type: circle;margin: 5px\">Leng\u00fcetas.<\/li>\n<li style=\"list-style-type: circle;margin: 5px\">Espesor de placa de leng\u00fcetas.<\/li>\n<li style=\"list-style-type: circle;margin: 5px\">Superficie de la cubierta.<\/li>\n<li style=\"list-style-type: circle;margin: 5px\">Peine.<\/li>\n<\/ul>\n<div>\n<div style=\"font-weight: bold\">Serie.<\/div>\n<div>\n<p>Enthusiast.<\/p>\n<\/div>\n<div style=\"font-weight: bold\">Kind.<\/div>\n<div>\n<p>Diat\u00f3nica.<\/p>\n<\/div>\n<div style=\"font-weight: bold\">Nota.<\/div>\n<div>\n<p>C.<\/p>\n<\/div>\n<div style=\"font-weight: bold\">Afinaci\u00f3n.<\/div>\n<div>\n<p>Richter.<\/p>\n<\/div>\n<div style=\"font-weight: bold\">N\u00famero de celdas.<\/div>\n<div>\n<p>10.<\/p>\n<\/div>\n<div style=\"font-weight: bold\">Leng\u00fcetas.<\/div>\n<div>\n<p>Lat\u00f3n, 20.<\/p>\n<\/div>\n<div style=\"font-weight: bold\">Espesor de placa de leng\u00fcetas.<\/div>\n<div>\n<p>0.9 mm.<\/p>\n<\/div>\n<div style=\"font-weight: bold\">Superficie de la cubierta.<\/div>\n<div>\n<p>Acero inoxidable.<\/p>\n<\/div>\n<div style=\"font-weight: bold\">Peine.<\/div>\n<div>\n<p>ABS, negro.<\/p>\n<\/div>\n<\/div>\n<\/div>","protected":false},"excerpt":{"rendered":"<p>Arm\u00f3nica Hohner 1501. Modelo: BLUES BAND. Serie Enthusiast. Diat\u00f3nica. Nota: C.Afinaci\u00f3n Richter. N\u00famero de celdas: 10. Leng\u00fcetas: Lat\u00f3n, 20. Espesor de placade leng\u00fcetas: 0.9 mm. Superficie de la cubierta: Acero inoxidable. Peine: ABS, negro.&hellip; <a class=\"kt-excerpt-readmore more-link\" href=\"https:\/\/www.mexicanguitarplayers.com\/en\/tienda\/alientos\/armonicas\/armonica-hohner-1501-blues-band\/\">Read more<\/a><\/p>","protected":false},"featured_media":34826,"comment_status":"open","ping_status":"closed","template":"","meta":{"kt_blocks_editor_width":""},"pwb-brand":[395],"product_brand":[],"product_cat":[388,401],"product_tag":[],"class_list":{"0":"post-34829","1":"product","2":"type-product","3":"status-publish","4":"has-post-thumbnail","6":"pwb-brand-hohner","7":"product_cat-alientos","8":"product_cat-armonicas","9":"product_shipping_class-0-5-kg","11":"first","12":"outofstock","13":"taxable","14":"shipping-taxable","15":"purchasable","16":"product-type-simple"},"yoast_head":"<!-- This site is optimized with the Yoast SEO plugin v27.6 - https:\/\/yoast.com\/product\/yoast-seo-wordpress\/ -->\n<title>ARMONICA HOHNER 1501   BLUES BAND - Mexican Guitar Players<\/title>\n<meta name=\"description\" content=\"Arm\u00f3nica Hohner 1501. Modelo: BLUES BAND. Serie Enthusiast. Diat\u00f3nica. Nota: C.Afinaci\u00f3n Richter. N\u00famero de celdas: 10. Leng\u00fcetas: Lat\u00f3n, 20. Espesor de placade leng\u00fcetas: 0.9 mm. Superficie de la cubierta: Acero inoxidable. Peine: ABS, negro.\" \/>\n<meta name=\"robots\" content=\"index, follow, max-snippet:-1, max-image-preview:large, max-video-preview:-1\" \/>\n<link rel=\"canonical\" href=\"https:\/\/www.mexicanguitarplayers.com\/en\/tienda\/sin%20categor\u00eda\/armonica-hohner-1501-blues-band\/\" \/>\n<meta property=\"og:locale\" content=\"en_US\" \/>\n<meta property=\"og:type\" content=\"article\" \/>\n<meta property=\"og:title\" content=\"ARMONICA HOHNER 1501   BLUES BAND - Mexican Guitar Players\" \/>\n<meta property=\"og:description\" content=\"Arm\u00f3nica Hohner 1501. Modelo: BLUES BAND. Serie Enthusiast. Diat\u00f3nica. Nota: C.Afinaci\u00f3n Richter. N\u00famero de celdas: 10. Leng\u00fcetas: Lat\u00f3n, 20. Espesor de placade leng\u00fcetas: 0.9 mm. Superficie de la cubierta: Acero inoxidable. Peine: ABS, negro.\" \/>\n<meta property=\"og:url\" content=\"https:\/\/www.mexicanguitarplayers.com\/en\/tienda\/sin categor\u00eda\/armonica-hohner-1501-blues-band\/\" \/>\n<meta property=\"og:site_name\" content=\"Mexican Guitar Players\" \/>\n<meta property=\"article:modified_time\" content=\"2026-04-10T10:29:26+00:00\" \/>\n<meta name=\"twitter:card\" content=\"summary_large_image\" \/>\n<meta name=\"twitter:label1\" content=\"Est. reading time\" \/>\n\t<meta name=\"twitter:data1\" content=\"1 minute\" \/>\n<script type=\"application\/ld+json\" class=\"yoast-schema-graph\">{\"@context\":\"https:\\\/\\\/schema.org\",\"@graph\":[{\"@type\":[\"WebPage\",\"ItemPage\"],\"@id\":\"https:\\\/\\\/www.mexicanguitarplayers.com\\\/tienda\\\/sin categor\u00eda\\\/armonica-hohner-1501-blues-band\\\/\",\"url\":\"https:\\\/\\\/www.mexicanguitarplayers.com\\\/tienda\\\/sin categor\u00eda\\\/armonica-hohner-1501-blues-band\\\/\",\"name\":\"ARMONICA HOHNER 1501 BLUES BAND - Mexican Guitar Players\",\"isPartOf\":{\"@id\":\"https:\\\/\\\/www.mexicanguitarplayers.com\\\/#website\"},\"primaryImageOfPage\":{\"@id\":\"https:\\\/\\\/www.mexicanguitarplayers.com\\\/tienda\\\/sin categor\u00eda\\\/armonica-hohner-1501-blues-band\\\/#primaryimage\"},\"image\":{\"@id\":\"https:\\\/\\\/www.mexicanguitarplayers.com\\\/tienda\\\/sin categor\u00eda\\\/armonica-hohner-1501-blues-band\\\/#primaryimage\"},\"thumbnailUrl\":\"https:\\\/\\\/www.mexicanguitarplayers.com\\\/wp-content\\\/uploads\\\/2025\\\/04\\\/IVHOH1501.jpg\",\"datePublished\":\"2025-04-09T03:56:57+00:00\",\"dateModified\":\"2026-04-10T10:29:26+00:00\",\"description\":\"Arm\u00f3nica Hohner 1501. Modelo: BLUES BAND. Serie Enthusiast. Diat\u00f3nica. Nota: C.Afinaci\u00f3n Richter. N\u00famero de celdas: 10. Leng\u00fcetas: Lat\u00f3n, 20. Espesor de placade leng\u00fcetas: 0.9 mm. Superficie de la cubierta: Acero inoxidable. Peine: ABS, negro.\",\"breadcrumb\":{\"@id\":\"https:\\\/\\\/www.mexicanguitarplayers.com\\\/tienda\\\/sin categor\u00eda\\\/armonica-hohner-1501-blues-band\\\/#breadcrumb\"},\"inLanguage\":\"en-US\",\"potentialAction\":[{\"@type\":\"ReadAction\",\"target\":[\"https:\\\/\\\/www.mexicanguitarplayers.com\\\/tienda\\\/sin categor\u00eda\\\/armonica-hohner-1501-blues-band\\\/\"]}]},{\"@type\":\"ImageObject\",\"inLanguage\":\"en-US\",\"@id\":\"https:\\\/\\\/www.mexicanguitarplayers.com\\\/tienda\\\/sin categor\u00eda\\\/armonica-hohner-1501-blues-band\\\/#primaryimage\",\"url\":\"https:\\\/\\\/www.mexicanguitarplayers.com\\\/wp-content\\\/uploads\\\/2025\\\/04\\\/IVHOH1501.jpg\",\"contentUrl\":\"https:\\\/\\\/www.mexicanguitarplayers.com\\\/wp-content\\\/uploads\\\/2025\\\/04\\\/IVHOH1501.jpg\",\"width\":1600,\"height\":800},{\"@type\":\"BreadcrumbList\",\"@id\":\"https:\\\/\\\/www.mexicanguitarplayers.com\\\/tienda\\\/sin categor\u00eda\\\/armonica-hohner-1501-blues-band\\\/#breadcrumb\",\"itemListElement\":[{\"@type\":\"ListItem\",\"position\":1,\"name\":\"Portada\",\"item\":\"https:\\\/\\\/www.mexicanguitarplayers.com\\\/\"},{\"@type\":\"ListItem\",\"position\":2,\"name\":\"Tienda\",\"item\":\"https:\\\/\\\/www.mexicanguitarplayers.com\\\/tienda\\\/\"},{\"@type\":\"ListItem\",\"position\":3,\"name\":\"ARMONICA HOHNER 1501 BLUES BAND\"}]},{\"@type\":\"WebSite\",\"@id\":\"https:\\\/\\\/www.mexicanguitarplayers.com\\\/#website\",\"url\":\"https:\\\/\\\/www.mexicanguitarplayers.com\\\/\",\"name\":\"Mexican Guitar Players\",\"description\":\"Website\",\"publisher\":{\"@id\":\"https:\\\/\\\/www.mexicanguitarplayers.com\\\/#organization\"},\"potentialAction\":[{\"@type\":\"SearchAction\",\"target\":{\"@type\":\"EntryPoint\",\"urlTemplate\":\"https:\\\/\\\/www.mexicanguitarplayers.com\\\/?s={search_term_string}\"},\"query-input\":{\"@type\":\"PropertyValueSpecification\",\"valueRequired\":true,\"valueName\":\"search_term_string\"}}],\"inLanguage\":\"en-US\"},{\"@type\":\"Organization\",\"@id\":\"https:\\\/\\\/www.mexicanguitarplayers.com\\\/#organization\",\"name\":\"Mexican Guitar Players\",\"url\":\"https:\\\/\\\/www.mexicanguitarplayers.com\\\/\",\"logo\":{\"@type\":\"ImageObject\",\"inLanguage\":\"en-US\",\"@id\":\"https:\\\/\\\/www.mexicanguitarplayers.com\\\/#\\\/schema\\\/logo\\\/image\\\/\",\"url\":\"\",\"contentUrl\":\"\",\"caption\":\"Mexican Guitar Players\"},\"image\":{\"@id\":\"https:\\\/\\\/www.mexicanguitarplayers.com\\\/#\\\/schema\\\/logo\\\/image\\\/\"}}]}<\/script>\n<!-- \/ Yoast SEO plugin. -->","yoast_head_json":{"title":"ARMONICA HOHNER 1501   BLUES BAND - Mexican Guitar Players","description":"Arm\u00f3nica Hohner 1501. Modelo: BLUES BAND. Serie Enthusiast. Diat\u00f3nica. Nota: C.Afinaci\u00f3n Richter. N\u00famero de celdas: 10. Leng\u00fcetas: Lat\u00f3n, 20. Espesor de placade leng\u00fcetas: 0.9 mm. Superficie de la cubierta: Acero inoxidable. Peine: ABS, negro.","robots":{"index":"index","follow":"follow","max-snippet":"max-snippet:-1","max-image-preview":"max-image-preview:large","max-video-preview":"max-video-preview:-1"},"canonical":"https:\/\/www.mexicanguitarplayers.com\/en\/tienda\/sin categor\u00eda\/armonica-hohner-1501-blues-band\/","og_locale":"en_US","og_type":"article","og_title":"ARMONICA HOHNER 1501   BLUES BAND - Mexican Guitar Players","og_description":"Arm\u00f3nica Hohner 1501. Modelo: BLUES BAND. Serie Enthusiast. Diat\u00f3nica. Nota: C.Afinaci\u00f3n Richter. N\u00famero de celdas: 10. Leng\u00fcetas: Lat\u00f3n, 20. Espesor de placade leng\u00fcetas: 0.9 mm. Superficie de la cubierta: Acero inoxidable. Peine: ABS, negro.","og_url":"https:\/\/www.mexicanguitarplayers.com\/en\/tienda\/sin categor\u00eda\/armonica-hohner-1501-blues-band\/","og_site_name":"Mexican Guitar Players","article_modified_time":"2026-04-10T10:29:26+00:00","twitter_card":"summary_large_image","twitter_misc":{"Est. reading time":"1 minute"},"schema":{"@context":"https:\/\/schema.org","@graph":[{"@type":["WebPage","ItemPage"],"@id":"https:\/\/www.mexicanguitarplayers.com\/tienda\/sin categor\u00eda\/armonica-hohner-1501-blues-band\/","url":"https:\/\/www.mexicanguitarplayers.com\/tienda\/sin categor\u00eda\/armonica-hohner-1501-blues-band\/","name":"ARMONICA HOHNER 1501 BLUES BAND - Mexican Guitar Players","isPartOf":{"@id":"https:\/\/www.mexicanguitarplayers.com\/#website"},"primaryImageOfPage":{"@id":"https:\/\/www.mexicanguitarplayers.com\/tienda\/sin categor\u00eda\/armonica-hohner-1501-blues-band\/#primaryimage"},"image":{"@id":"https:\/\/www.mexicanguitarplayers.com\/tienda\/sin categor\u00eda\/armonica-hohner-1501-blues-band\/#primaryimage"},"thumbnailUrl":"https:\/\/www.mexicanguitarplayers.com\/wp-content\/uploads\/2025\/04\/IVHOH1501.jpg","datePublished":"2025-04-09T03:56:57+00:00","dateModified":"2026-04-10T10:29:26+00:00","description":"Arm\u00f3nica Hohner 1501. Modelo: BLUES BAND. Serie Enthusiast. Diat\u00f3nica. Nota: C.Afinaci\u00f3n Richter. N\u00famero de celdas: 10. Leng\u00fcetas: Lat\u00f3n, 20. Espesor de placade leng\u00fcetas: 0.9 mm. Superficie de la cubierta: Acero inoxidable. Peine: ABS, negro.","breadcrumb":{"@id":"https:\/\/www.mexicanguitarplayers.com\/tienda\/sin categor\u00eda\/armonica-hohner-1501-blues-band\/#breadcrumb"},"inLanguage":"en-US","potentialAction":[{"@type":"ReadAction","target":["https:\/\/www.mexicanguitarplayers.com\/tienda\/sin categor\u00eda\/armonica-hohner-1501-blues-band\/"]}]},{"@type":"ImageObject","inLanguage":"en-US","@id":"https:\/\/www.mexicanguitarplayers.com\/tienda\/sin categor\u00eda\/armonica-hohner-1501-blues-band\/#primaryimage","url":"https:\/\/www.mexicanguitarplayers.com\/wp-content\/uploads\/2025\/04\/IVHOH1501.jpg","contentUrl":"https:\/\/www.mexicanguitarplayers.com\/wp-content\/uploads\/2025\/04\/IVHOH1501.jpg","width":1600,"height":800},{"@type":"BreadcrumbList","@id":"https:\/\/www.mexicanguitarplayers.com\/tienda\/sin categor\u00eda\/armonica-hohner-1501-blues-band\/#breadcrumb","itemListElement":[{"@type":"ListItem","position":1,"name":"Portada","item":"https:\/\/www.mexicanguitarplayers.com\/"},{"@type":"ListItem","position":2,"name":"Tienda","item":"https:\/\/www.mexicanguitarplayers.com\/tienda\/"},{"@type":"ListItem","position":3,"name":"ARMONICA HOHNER 1501 BLUES BAND"}]},{"@type":"WebSite","@id":"https:\/\/www.mexicanguitarplayers.com\/#website","url":"https:\/\/www.mexicanguitarplayers.com\/","name":"Mexican Guitar Players","description":"Website","publisher":{"@id":"https:\/\/www.mexicanguitarplayers.com\/#organization"},"potentialAction":[{"@type":"SearchAction","target":{"@type":"EntryPoint","urlTemplate":"https:\/\/www.mexicanguitarplayers.com\/?s={search_term_string}"},"query-input":{"@type":"PropertyValueSpecification","valueRequired":true,"valueName":"search_term_string"}}],"inLanguage":"en-US"},{"@type":"Organization","@id":"https:\/\/www.mexicanguitarplayers.com\/#organization","name":"Mexican Guitar Players","url":"https:\/\/www.mexicanguitarplayers.com\/","logo":{"@type":"ImageObject","inLanguage":"en-US","@id":"https:\/\/www.mexicanguitarplayers.com\/#\/schema\/logo\/image\/","url":"","contentUrl":"","caption":"Mexican Guitar Players"},"image":{"@id":"https:\/\/www.mexicanguitarplayers.com\/#\/schema\/logo\/image\/"}}]}},"brands":[{"id":395,"name":"HOHNER","slug":"hohner"}],"_links":{"self":[{"href":"https:\/\/www.mexicanguitarplayers.com\/en\/wp-json\/wp\/v2\/product\/34829","targetHints":{"allow":["GET"]}}],"collection":[{"href":"https:\/\/www.mexicanguitarplayers.com\/en\/wp-json\/wp\/v2\/product"}],"about":[{"href":"https:\/\/www.mexicanguitarplayers.com\/en\/wp-json\/wp\/v2\/types\/product"}],"replies":[{"embeddable":true,"href":"https:\/\/www.mexicanguitarplayers.com\/en\/wp-json\/wp\/v2\/comments?post=34829"}],"wp:featuredmedia":[{"embeddable":true,"href":"https:\/\/www.mexicanguitarplayers.com\/en\/wp-json\/wp\/v2\/media\/34826"}],"wp:attachment":[{"href":"https:\/\/www.mexicanguitarplayers.com\/en\/wp-json\/wp\/v2\/media?parent=34829"}],"wp:term":[{"taxonomy":"pwb-brand","embeddable":true,"href":"https:\/\/www.mexicanguitarplayers.com\/en\/wp-json\/wp\/v2\/pwb-brand?post=34829"},{"taxonomy":"product_brand","embeddable":true,"href":"https:\/\/www.mexicanguitarplayers.com\/en\/wp-json\/wp\/v2\/product_brand?post=34829"},{"taxonomy":"product_cat","embeddable":true,"href":"https:\/\/www.mexicanguitarplayers.com\/en\/wp-json\/wp\/v2\/product_cat?post=34829"},{"taxonomy":"product_tag","embeddable":true,"href":"https:\/\/www.mexicanguitarplayers.com\/en\/wp-json\/wp\/v2\/product_tag?post=34829"}],"curies":[{"name":"wp","href":"https:\/\/api.w.org\/{rel}","templated":true}]}}