{"id":34843,"date":"2025-04-08T21:57:13","date_gmt":"2025-04-09T03:57:13","guid":{"rendered":"https:\/\/www.mexicanguitarplayers.com\/tienda\/sin categor\u00eda\/microfono-behringer-mod-bm1\/"},"modified":"2026-04-10T04:29:25","modified_gmt":"2026-04-10T10:29:25","slug":"microfono-behringer-mod-bm1","status":"publish","type":"product","link":"https:\/\/www.mexicanguitarplayers.com\/en\/tienda\/audio\/microfonia\/microfonos-alambricos\/para-estudio\/microfono-behringer-mod-bm1\/","title":{"rendered":"MICROFONO BEHRINGER MOD. BM1"},"content":{"rendered":"<div style=\"text-align: justify\">\n<div>\n<h3>El sue\u00f1o de todo entusiasta de la grabaci\u00f3n hecho realidad.<\/h3>\n<\/div>\n<div>Estos micr\u00f3fonos de condensador de calidad profesional son dise\u00f1os de ruido ultra bajo, una excelente opci\u00f3n para cualquier escenario de grabaci\u00f3n y lo suficientemente resistentes como para llegar hasta el final con un resistente soporte de suspensi\u00f3n. Nuestro micr\u00f3fono BM1 proporciona un rendimiento incre\u00edble de alta calidad a un precio al alcance de todos los presupuestos. Pero \u00bfqu\u00e9 es un micr\u00f3fono de condensador? Los micr\u00f3fonos de condensador son la opci\u00f3n ideal para capturar voces e instrumentos ac\u00fasticos. Son el tipo principal de micr\u00f3fono utilizado en estudios de grabaci\u00f3n y estaciones de radio.  El micr\u00f3fono BM1 es capaz de capturar muchos m\u00e1s detalles que la mayor\u00eda de los micr\u00f3fonos din\u00e1micos debido a su respuesta de frecuencia m\u00e1s amplia y plana. Otra diferencia entre los micr\u00f3fonos de condensador y din\u00e1micos es que contienen un circuito activo que requiere alimentaci\u00f3n phantom para (+48 V) para funcionar. Puedes alimentar tu BM1 con cualquier mezcladora Behringer XENYX con alimentaci\u00f3n phantom, adem\u00e1s de disfrutar de los beneficios de nuestros preamplificadores de micr\u00f3fono XENYX de \u00faltima generaci\u00f3n. El BM1 es una forma asequible y de alta calidad de poner a trabajar esta herramienta esencial de estudio para ti. Con su excelente transductor y salida XLR chapada en oro, el BM1 tiene un sonido muy neutral y realmente cumple la promesa de una transmisi\u00f3n sin ruido. El amplio rango din\u00e1mico y el alto SPL brindan una ventaja a tus aplicaciones de grabaci\u00f3n. Este micr\u00f3fono viene con una bonita bolsa con cierre para facilitar su transporte.<\/div>\n<div>\n<h4>Quick look<\/h4>\n<\/div>\n<ul style=\"margin: 0px 0px 0px 25px\">\n<li style=\"list-style-type: circle;margin: 5px\">Kind.<\/li>\n<li style=\"list-style-type: circle;margin: 5px\">Frequency response.<\/li>\n<li style=\"list-style-type: circle;margin: 5px\">Impedance.<\/li>\n<li style=\"list-style-type: circle;margin: 5px\">Polar pattern.<\/li>\n<li style=\"list-style-type: circle;margin: 5px\">Sensitivity.<\/li>\n<li style=\"list-style-type: circle;margin: 5px\">Power supply.<\/li>\n<li style=\"list-style-type: circle;margin: 5px\">Maximum SPL.<\/li>\n<li style=\"list-style-type: circle;margin: 5px\">Ruido.<\/li>\n<li style=\"list-style-type: circle;margin: 5px\">Dimensions.<\/li>\n<li style=\"list-style-type: circle;margin: 5px\">Weight.<\/li>\n<\/ul>\n<div>\n<div style=\"font-weight: bold\">Kind.<\/div>\n<div>\n<p>Condensador.<\/p>\n<\/div>\n<div style=\"font-weight: bold\">Frequency response.<\/div>\n<div>\n<p>20 Hz a 20 kHz.<\/p>\n<\/div>\n<div style=\"font-weight: bold\">Impedance.<\/div>\n<div>\n<p>100 ohms.<\/p>\n<\/div>\n<div style=\"font-weight: bold\">Polar pattern.<\/div>\n<div>\n<p>Cardioid.<\/p>\n<\/div>\n<div style=\"font-weight: bold\">Sensitivity.<\/div>\n<div>\n<p>-37 dB \u00b13 dB @ 1 kHz (1 V \/ Pa).<\/p>\n<\/div>\n<div style=\"font-weight: bold\">Power supply.<\/div>\n<div>\n<p>Alimentaci\u00f3n phantom de +48V.<\/p>\n<\/div>\n<div style=\"font-weight: bold\">Maximum SPL.<\/div>\n<div>\n<p>144 dB.<\/p>\n<\/div>\n<div style=\"font-weight: bold\">Ruido.<\/div>\n<div>\n<p>20 dB (ponderaci\u00f3n A).<\/p>\n<\/div>\n<div style=\"font-weight: bold\">Dimensions.<\/div>\n<div>\n<p>52 x 140 mm.<\/p>\n<\/div>\n<div style=\"font-weight: bold\">Weight.<\/div>\n<div>\n<p>310 g.<\/p>\n<\/div>\n<\/div>\n<\/div>","protected":false},"excerpt":{"rendered":"<p>Micr\u00f3fono profesional de condensador de estudio de diafragma de baja masa pulverizado con oro, calidad de audio insuperable, ideal para aplicaciones de estudio en casa, transmisi\u00f3n en vivo, juegos y grabaci\u00f3n, patr\u00f3n de captaci\u00f3n cardioide para una excelente separaci\u00f3n de la fuente de sonido, transductor de gradiente de presi\u00f3n con c\u00e1psula suspendida, respuesta de frecuencia extremadamente lineal de 20 Hz a 20 kHz, transformador de ruido ultra bajo sin entrada FET que elimina la distorsi\u00f3n de baja frecuencia, construcci\u00f3n robusta con cuerpo de metal fundido a presi\u00f3n, conector de salida XLR de 3 pines chapado en oro para una m\u00e1xima integridad de la se\u00f1al, soporte de suspensi\u00f3n resistente y estuche con cierre incluido.&hellip; <a class=\"kt-excerpt-readmore more-link\" href=\"https:\/\/www.mexicanguitarplayers.com\/en\/tienda\/audio\/microfonia\/microfonos-alambricos\/para-estudio\/microfono-behringer-mod-bm1\/\">Read more<\/a><\/p>","protected":false},"featured_media":34839,"comment_status":"open","ping_status":"closed","template":"","meta":{"kt_blocks_editor_width":""},"pwb-brand":[171],"product_brand":[],"product_cat":[213,214,215,227],"product_tag":[],"class_list":{"0":"post-34843","1":"product","2":"type-product","3":"status-publish","4":"has-post-thumbnail","6":"pwb-brand-behringer","7":"product_cat-audio","8":"product_cat-microfonia","9":"product_cat-microfonos-alambricos","10":"product_cat-para-estudio","11":"product_shipping_class-0-5-kg","13":"first","14":"outofstock","15":"taxable","16":"shipping-taxable","17":"purchasable","18":"product-type-simple"},"yoast_head":"<!-- This site is optimized with the Yoast SEO plugin v27.5 - https:\/\/yoast.com\/product\/yoast-seo-wordpress\/ -->\n<title>MICROFONO BEHRINGER MOD. BM1 - Mexican Guitar Players<\/title>\n<meta name=\"description\" content=\"Micr\u00f3fono profesional de condensador de estudio de diafragma de baja masa pulverizado con oro, calidad de audio insuperable, ideal para aplicaciones de estudio en casa, transmisi\u00f3n en vivo, juegos y grabaci\u00f3n, patr\u00f3n de captaci\u00f3n cardioide para una excelente separaci\u00f3n de la fuente de sonido, transductor de gradiente de presi\u00f3n con c\u00e1psula suspendida, respuesta de frecuencia extremadamente lineal de 20 Hz a 20 kHz, transformador de ruido ultra bajo sin entrada FET que elimina la distorsi\u00f3n de baja frecuencia, construcci\u00f3n robusta con cuerpo de metal fundido a presi\u00f3n, conector de salida XLR de 3 pines chapado en oro para una m\u00e1xima integridad de la se\u00f1al, soporte de suspensi\u00f3n resistente y estuche con cierre incluido.\" \/>\n<meta name=\"robots\" content=\"index, follow, max-snippet:-1, max-image-preview:large, max-video-preview:-1\" \/>\n<link rel=\"canonical\" href=\"https:\/\/www.mexicanguitarplayers.com\/en\/tienda\/sin%20categor\u00eda\/microfono-behringer-mod-bm1\/\" \/>\n<meta property=\"og:locale\" content=\"en_US\" \/>\n<meta property=\"og:type\" content=\"article\" \/>\n<meta property=\"og:title\" content=\"MICROFONO BEHRINGER MOD. BM1 - Mexican Guitar Players\" \/>\n<meta property=\"og:description\" content=\"Micr\u00f3fono profesional de condensador de estudio de diafragma de baja masa pulverizado con oro, calidad de audio insuperable, ideal para aplicaciones de estudio en casa, transmisi\u00f3n en vivo, juegos y grabaci\u00f3n, patr\u00f3n de captaci\u00f3n cardioide para una excelente separaci\u00f3n de la fuente de sonido, transductor de gradiente de presi\u00f3n con c\u00e1psula suspendida, respuesta de frecuencia extremadamente lineal de 20 Hz a 20 kHz, transformador de ruido ultra bajo sin entrada FET que elimina la distorsi\u00f3n de baja frecuencia, construcci\u00f3n robusta con cuerpo de metal fundido a presi\u00f3n, conector de salida XLR de 3 pines chapado en oro para una m\u00e1xima integridad de la se\u00f1al, soporte de suspensi\u00f3n resistente y estuche con cierre incluido.\" \/>\n<meta property=\"og:url\" content=\"https:\/\/www.mexicanguitarplayers.com\/en\/tienda\/sin categor\u00eda\/microfono-behringer-mod-bm1\/\" \/>\n<meta property=\"og:site_name\" content=\"Mexican Guitar Players\" \/>\n<meta property=\"article:modified_time\" content=\"2026-04-10T10:29:25+00:00\" \/>\n<meta name=\"twitter:card\" content=\"summary_large_image\" \/>\n<meta name=\"twitter:label1\" content=\"Est. reading time\" \/>\n\t<meta name=\"twitter:data1\" content=\"2 minutes\" \/>\n<script type=\"application\/ld+json\" class=\"yoast-schema-graph\">{\"@context\":\"https:\\\/\\\/schema.org\",\"@graph\":[{\"@type\":[\"WebPage\",\"ItemPage\"],\"@id\":\"https:\\\/\\\/www.mexicanguitarplayers.com\\\/tienda\\\/sin categor\u00eda\\\/microfono-behringer-mod-bm1\\\/\",\"url\":\"https:\\\/\\\/www.mexicanguitarplayers.com\\\/tienda\\\/sin categor\u00eda\\\/microfono-behringer-mod-bm1\\\/\",\"name\":\"MICROFONO BEHRINGER MOD. BM1 - Mexican Guitar Players\",\"isPartOf\":{\"@id\":\"https:\\\/\\\/www.mexicanguitarplayers.com\\\/#website\"},\"primaryImageOfPage\":{\"@id\":\"https:\\\/\\\/www.mexicanguitarplayers.com\\\/tienda\\\/sin categor\u00eda\\\/microfono-behringer-mod-bm1\\\/#primaryimage\"},\"image\":{\"@id\":\"https:\\\/\\\/www.mexicanguitarplayers.com\\\/tienda\\\/sin categor\u00eda\\\/microfono-behringer-mod-bm1\\\/#primaryimage\"},\"thumbnailUrl\":\"https:\\\/\\\/www.mexicanguitarplayers.com\\\/wp-content\\\/uploads\\\/2025\\\/04\\\/IABEHBM1.jpg\",\"datePublished\":\"2025-04-09T03:57:13+00:00\",\"dateModified\":\"2026-04-10T10:29:25+00:00\",\"description\":\"Micr\u00f3fono profesional de condensador de estudio de diafragma de baja masa pulverizado con oro, calidad de audio insuperable, ideal para aplicaciones de estudio en casa, transmisi\u00f3n en vivo, juegos y grabaci\u00f3n, patr\u00f3n de captaci\u00f3n cardioide para una excelente separaci\u00f3n de la fuente de sonido, transductor de gradiente de presi\u00f3n con c\u00e1psula suspendida, respuesta de frecuencia extremadamente lineal de 20 Hz a 20 kHz, transformador de ruido ultra bajo sin entrada FET que elimina la distorsi\u00f3n de baja frecuencia, construcci\u00f3n robusta con cuerpo de metal fundido a presi\u00f3n, conector de salida XLR de 3 pines chapado en oro para una m\u00e1xima integridad de la se\u00f1al, soporte de suspensi\u00f3n resistente y estuche con cierre incluido.\",\"breadcrumb\":{\"@id\":\"https:\\\/\\\/www.mexicanguitarplayers.com\\\/tienda\\\/sin categor\u00eda\\\/microfono-behringer-mod-bm1\\\/#breadcrumb\"},\"inLanguage\":\"en-US\",\"potentialAction\":[{\"@type\":\"ReadAction\",\"target\":[\"https:\\\/\\\/www.mexicanguitarplayers.com\\\/tienda\\\/sin categor\u00eda\\\/microfono-behringer-mod-bm1\\\/\"]}]},{\"@type\":\"ImageObject\",\"inLanguage\":\"en-US\",\"@id\":\"https:\\\/\\\/www.mexicanguitarplayers.com\\\/tienda\\\/sin categor\u00eda\\\/microfono-behringer-mod-bm1\\\/#primaryimage\",\"url\":\"https:\\\/\\\/www.mexicanguitarplayers.com\\\/wp-content\\\/uploads\\\/2025\\\/04\\\/IABEHBM1.jpg\",\"contentUrl\":\"https:\\\/\\\/www.mexicanguitarplayers.com\\\/wp-content\\\/uploads\\\/2025\\\/04\\\/IABEHBM1.jpg\",\"width\":1200,\"height\":1200},{\"@type\":\"BreadcrumbList\",\"@id\":\"https:\\\/\\\/www.mexicanguitarplayers.com\\\/tienda\\\/sin categor\u00eda\\\/microfono-behringer-mod-bm1\\\/#breadcrumb\",\"itemListElement\":[{\"@type\":\"ListItem\",\"position\":1,\"name\":\"Portada\",\"item\":\"https:\\\/\\\/www.mexicanguitarplayers.com\\\/\"},{\"@type\":\"ListItem\",\"position\":2,\"name\":\"Tienda\",\"item\":\"https:\\\/\\\/www.mexicanguitarplayers.com\\\/tienda\\\/\"},{\"@type\":\"ListItem\",\"position\":3,\"name\":\"MICROFONO BEHRINGER MOD. BM1\"}]},{\"@type\":\"WebSite\",\"@id\":\"https:\\\/\\\/www.mexicanguitarplayers.com\\\/#website\",\"url\":\"https:\\\/\\\/www.mexicanguitarplayers.com\\\/\",\"name\":\"Mexican Guitar Players\",\"description\":\"Website\",\"publisher\":{\"@id\":\"https:\\\/\\\/www.mexicanguitarplayers.com\\\/#organization\"},\"potentialAction\":[{\"@type\":\"SearchAction\",\"target\":{\"@type\":\"EntryPoint\",\"urlTemplate\":\"https:\\\/\\\/www.mexicanguitarplayers.com\\\/?s={search_term_string}\"},\"query-input\":{\"@type\":\"PropertyValueSpecification\",\"valueRequired\":true,\"valueName\":\"search_term_string\"}}],\"inLanguage\":\"en-US\"},{\"@type\":\"Organization\",\"@id\":\"https:\\\/\\\/www.mexicanguitarplayers.com\\\/#organization\",\"name\":\"Mexican Guitar Players\",\"url\":\"https:\\\/\\\/www.mexicanguitarplayers.com\\\/\",\"logo\":{\"@type\":\"ImageObject\",\"inLanguage\":\"en-US\",\"@id\":\"https:\\\/\\\/www.mexicanguitarplayers.com\\\/#\\\/schema\\\/logo\\\/image\\\/\",\"url\":\"\",\"contentUrl\":\"\",\"caption\":\"Mexican Guitar Players\"},\"image\":{\"@id\":\"https:\\\/\\\/www.mexicanguitarplayers.com\\\/#\\\/schema\\\/logo\\\/image\\\/\"}}]}<\/script>\n<!-- \/ Yoast SEO plugin. -->","yoast_head_json":{"title":"MICROFONO BEHRINGER MOD. BM1 - Mexican Guitar Players","description":"Micr\u00f3fono profesional de condensador de estudio de diafragma de baja masa pulverizado con oro, calidad de audio insuperable, ideal para aplicaciones de estudio en casa, transmisi\u00f3n en vivo, juegos y grabaci\u00f3n, patr\u00f3n de captaci\u00f3n cardioide para una excelente separaci\u00f3n de la fuente de sonido, transductor de gradiente de presi\u00f3n con c\u00e1psula suspendida, respuesta de frecuencia extremadamente lineal de 20 Hz a 20 kHz, transformador de ruido ultra bajo sin entrada FET que elimina la distorsi\u00f3n de baja frecuencia, construcci\u00f3n robusta con cuerpo de metal fundido a presi\u00f3n, conector de salida XLR de 3 pines chapado en oro para una m\u00e1xima integridad de la se\u00f1al, soporte de suspensi\u00f3n resistente y estuche con cierre incluido.","robots":{"index":"index","follow":"follow","max-snippet":"max-snippet:-1","max-image-preview":"max-image-preview:large","max-video-preview":"max-video-preview:-1"},"canonical":"https:\/\/www.mexicanguitarplayers.com\/en\/tienda\/sin categor\u00eda\/microfono-behringer-mod-bm1\/","og_locale":"en_US","og_type":"article","og_title":"MICROFONO BEHRINGER MOD. BM1 - Mexican Guitar Players","og_description":"Micr\u00f3fono profesional de condensador de estudio de diafragma de baja masa pulverizado con oro, calidad de audio insuperable, ideal para aplicaciones de estudio en casa, transmisi\u00f3n en vivo, juegos y grabaci\u00f3n, patr\u00f3n de captaci\u00f3n cardioide para una excelente separaci\u00f3n de la fuente de sonido, transductor de gradiente de presi\u00f3n con c\u00e1psula suspendida, respuesta de frecuencia extremadamente lineal de 20 Hz a 20 kHz, transformador de ruido ultra bajo sin entrada FET que elimina la distorsi\u00f3n de baja frecuencia, construcci\u00f3n robusta con cuerpo de metal fundido a presi\u00f3n, conector de salida XLR de 3 pines chapado en oro para una m\u00e1xima integridad de la se\u00f1al, soporte de suspensi\u00f3n resistente y estuche con cierre incluido.","og_url":"https:\/\/www.mexicanguitarplayers.com\/en\/tienda\/sin categor\u00eda\/microfono-behringer-mod-bm1\/","og_site_name":"Mexican Guitar Players","article_modified_time":"2026-04-10T10:29:25+00:00","twitter_card":"summary_large_image","twitter_misc":{"Est. reading time":"2 minutes"},"schema":{"@context":"https:\/\/schema.org","@graph":[{"@type":["WebPage","ItemPage"],"@id":"https:\/\/www.mexicanguitarplayers.com\/tienda\/sin categor\u00eda\/microfono-behringer-mod-bm1\/","url":"https:\/\/www.mexicanguitarplayers.com\/tienda\/sin categor\u00eda\/microfono-behringer-mod-bm1\/","name":"MICROFONO BEHRINGER MOD. BM1 - Mexican Guitar Players","isPartOf":{"@id":"https:\/\/www.mexicanguitarplayers.com\/#website"},"primaryImageOfPage":{"@id":"https:\/\/www.mexicanguitarplayers.com\/tienda\/sin categor\u00eda\/microfono-behringer-mod-bm1\/#primaryimage"},"image":{"@id":"https:\/\/www.mexicanguitarplayers.com\/tienda\/sin categor\u00eda\/microfono-behringer-mod-bm1\/#primaryimage"},"thumbnailUrl":"https:\/\/www.mexicanguitarplayers.com\/wp-content\/uploads\/2025\/04\/IABEHBM1.jpg","datePublished":"2025-04-09T03:57:13+00:00","dateModified":"2026-04-10T10:29:25+00:00","description":"Micr\u00f3fono profesional de condensador de estudio de diafragma de baja masa pulverizado con oro, calidad de audio insuperable, ideal para aplicaciones de estudio en casa, transmisi\u00f3n en vivo, juegos y grabaci\u00f3n, patr\u00f3n de captaci\u00f3n cardioide para una excelente separaci\u00f3n de la fuente de sonido, transductor de gradiente de presi\u00f3n con c\u00e1psula suspendida, respuesta de frecuencia extremadamente lineal de 20 Hz a 20 kHz, transformador de ruido ultra bajo sin entrada FET que elimina la distorsi\u00f3n de baja frecuencia, construcci\u00f3n robusta con cuerpo de metal fundido a presi\u00f3n, conector de salida XLR de 3 pines chapado en oro para una m\u00e1xima integridad de la se\u00f1al, soporte de suspensi\u00f3n resistente y estuche con cierre incluido.","breadcrumb":{"@id":"https:\/\/www.mexicanguitarplayers.com\/tienda\/sin categor\u00eda\/microfono-behringer-mod-bm1\/#breadcrumb"},"inLanguage":"en-US","potentialAction":[{"@type":"ReadAction","target":["https:\/\/www.mexicanguitarplayers.com\/tienda\/sin categor\u00eda\/microfono-behringer-mod-bm1\/"]}]},{"@type":"ImageObject","inLanguage":"en-US","@id":"https:\/\/www.mexicanguitarplayers.com\/tienda\/sin categor\u00eda\/microfono-behringer-mod-bm1\/#primaryimage","url":"https:\/\/www.mexicanguitarplayers.com\/wp-content\/uploads\/2025\/04\/IABEHBM1.jpg","contentUrl":"https:\/\/www.mexicanguitarplayers.com\/wp-content\/uploads\/2025\/04\/IABEHBM1.jpg","width":1200,"height":1200},{"@type":"BreadcrumbList","@id":"https:\/\/www.mexicanguitarplayers.com\/tienda\/sin categor\u00eda\/microfono-behringer-mod-bm1\/#breadcrumb","itemListElement":[{"@type":"ListItem","position":1,"name":"Portada","item":"https:\/\/www.mexicanguitarplayers.com\/"},{"@type":"ListItem","position":2,"name":"Tienda","item":"https:\/\/www.mexicanguitarplayers.com\/tienda\/"},{"@type":"ListItem","position":3,"name":"MICROFONO BEHRINGER MOD. BM1"}]},{"@type":"WebSite","@id":"https:\/\/www.mexicanguitarplayers.com\/#website","url":"https:\/\/www.mexicanguitarplayers.com\/","name":"Mexican Guitar Players","description":"Website","publisher":{"@id":"https:\/\/www.mexicanguitarplayers.com\/#organization"},"potentialAction":[{"@type":"SearchAction","target":{"@type":"EntryPoint","urlTemplate":"https:\/\/www.mexicanguitarplayers.com\/?s={search_term_string}"},"query-input":{"@type":"PropertyValueSpecification","valueRequired":true,"valueName":"search_term_string"}}],"inLanguage":"en-US"},{"@type":"Organization","@id":"https:\/\/www.mexicanguitarplayers.com\/#organization","name":"Mexican Guitar Players","url":"https:\/\/www.mexicanguitarplayers.com\/","logo":{"@type":"ImageObject","inLanguage":"en-US","@id":"https:\/\/www.mexicanguitarplayers.com\/#\/schema\/logo\/image\/","url":"","contentUrl":"","caption":"Mexican Guitar Players"},"image":{"@id":"https:\/\/www.mexicanguitarplayers.com\/#\/schema\/logo\/image\/"}}]}},"brands":[{"id":171,"name":"BEHRINGER","slug":"behringer"}],"_links":{"self":[{"href":"https:\/\/www.mexicanguitarplayers.com\/en\/wp-json\/wp\/v2\/product\/34843","targetHints":{"allow":["GET"]}}],"collection":[{"href":"https:\/\/www.mexicanguitarplayers.com\/en\/wp-json\/wp\/v2\/product"}],"about":[{"href":"https:\/\/www.mexicanguitarplayers.com\/en\/wp-json\/wp\/v2\/types\/product"}],"replies":[{"embeddable":true,"href":"https:\/\/www.mexicanguitarplayers.com\/en\/wp-json\/wp\/v2\/comments?post=34843"}],"wp:featuredmedia":[{"embeddable":true,"href":"https:\/\/www.mexicanguitarplayers.com\/en\/wp-json\/wp\/v2\/media\/34839"}],"wp:attachment":[{"href":"https:\/\/www.mexicanguitarplayers.com\/en\/wp-json\/wp\/v2\/media?parent=34843"}],"wp:term":[{"taxonomy":"pwb-brand","embeddable":true,"href":"https:\/\/www.mexicanguitarplayers.com\/en\/wp-json\/wp\/v2\/pwb-brand?post=34843"},{"taxonomy":"product_brand","embeddable":true,"href":"https:\/\/www.mexicanguitarplayers.com\/en\/wp-json\/wp\/v2\/product_brand?post=34843"},{"taxonomy":"product_cat","embeddable":true,"href":"https:\/\/www.mexicanguitarplayers.com\/en\/wp-json\/wp\/v2\/product_cat?post=34843"},{"taxonomy":"product_tag","embeddable":true,"href":"https:\/\/www.mexicanguitarplayers.com\/en\/wp-json\/wp\/v2\/product_tag?post=34843"}],"curies":[{"name":"wp","href":"https:\/\/api.w.org\/{rel}","templated":true}]}}