{"id":34864,"date":"2025-04-08T21:57:38","date_gmt":"2025-04-09T03:57:38","guid":{"rendered":"https:\/\/www.mexicanguitarplayers.com\/tienda\/sin categor\u00eda\/estuche-gator-p-bajo-gl-bass\/"},"modified":"2026-04-15T04:18:35","modified_gmt":"2026-04-15T10:18:35","slug":"estuche-gator-p-bajo-gl-bass","status":"publish","type":"product","link":"https:\/\/www.mexicanguitarplayers.com\/en\/tienda\/accesorios\/estuches-y-fundas\/para-bajo-estuches-y-fundas\/estuche-gator-p-bajo-gl-bass\/","title":{"rendered":"ESTUCHE GATOR P\/BAJO GL-BASS"},"content":{"rendered":"<div style=\"text-align: justify\">\n<div>\n<h3>Gran resistencia a los impactos.<\/h3>\n<\/div>\n<div>Deja que el estuche r\u00edgido de poli espuma EPS Gator Lightweight GL Series para bajo se convierta en el nuevo segundo hogar de tu bajo. El resistente nylon Denier 600 ofrece un exterior duradero y resistente al agua, mientras que la densa espuma EPS y el forro de felpa mantienen tu bajo seguro y a salvo de cualquier da\u00f1o. La serie GL de Gator presenta dos bolsillos exteriores para mantener tus cuerdas, p\u00faas y accesorios organizados y un asa de transporte de nylon de alta resistencia te brinda un agarre firme. Simplemente coloca la correa de hombro extra\u00edble, cierra todo con cierre y ve a tocar. Tu bajo nunca estar\u00e1 en mejores manos que con el estuche GL-BASS.<\/div>\n<div>\n<h4>Quick look<\/h4>\n<\/div>\n<ul style=\"margin: 0px 0px 0px 25px\">\n<li style=\"list-style-type: circle;margin: 5px\">Dimensiones interiores.<\/li>\n<li style=\"list-style-type: circle;margin: 5px\">Dimensiones exteriores.<\/li>\n<li style=\"list-style-type: circle;margin: 5px\">Weight.<\/li>\n<\/ul>\n<div>\n<div style=\"font-weight: bold\">Dimensiones interiores.<\/div>\n<div>\n<p>Altura interior: 2.2&#8243; (55.88 mm). Longitud del cuerpo: 21.1&#8243; (535.94 mm). Ancho de la parte inferior: 13.6&#8243; (345.44 mm). Ancho de la parte del medio: 13.6&#8243; (345.44 mm). Ancho de la parte superior: 13.6&#8243; (345.44 mm). Longitud total: 47.4&#8243; (1203.96 mm).<\/p>\n<\/div>\n<div style=\"font-weight: bold\">Dimensiones exteriores.<\/div>\n<div>\n<p>Longitud exterior: 48.8&#8243; (1239.52 mm). Ancho exterior: 15.7&#8243; (398.78 mm). Altura exterior: 5.6&#8243; (142.24 mm).<\/p>\n<\/div>\n<div style=\"font-weight: bold\">Weight.<\/div>\n<div>\n<p>2.7 kg.<\/p>\n<\/div>\n<\/div>\n<div>\n<h4>Characteristics<\/h4>\n<\/div>\n<div>\n<ul style=\"margin: 0px 0px 0px 25px\">\n<li style=\"list-style-type: circle;margin: 5px\">Estuche r\u00edgido para bajo el\u00e9ctrico.<\/li>\n<li style=\"list-style-type: circle;margin: 5px\">Exterior de nylon Denier 600.<\/li>\n<li style=\"list-style-type: circle;margin: 5px\">N\u00facleo de espuma EPS.<\/li>\n<li style=\"list-style-type: circle;margin: 5px\">Forro de felpa.<\/li>\n<li style=\"list-style-type: circle;margin: 5px\">2 compartimentos interiores de almacenamiento.<\/li>\n<li style=\"list-style-type: circle;margin: 5px\">Asa de transporte de nylon.<\/li>\n<li style=\"list-style-type: circle;margin: 5px\">Correa extra\u00edble para hombro.<\/li>\n<li style=\"list-style-type: circle;margin: 5px\">Dean <\/li>\n<li style=\"list-style-type: circle;margin: 5px\">Fender <\/li>\n<li style=\"list-style-type: circle;margin: 5px\">Ibanez <\/li>\n<li style=\"list-style-type: circle;margin: 5px\">Yamaha <\/li>\n<\/ul>\n<\/div>\n<\/div>","protected":false},"excerpt":{"rendered":"<p>Estuche r\u00edgido para bajo el\u00e9ctrico, ofrece la portabilidad de una funda y cumple con la protecci\u00f3n resistente de un estuche r\u00edgido, exterior de resistente nylon Denier 600 que forma un escudo exterior duradero y resistente al agua, n\u00facleo de espuma EPS denso y forro de felpa que mantienen tu bajo a salvo de golpes y rasgu\u00f1os, dos espaciosos compartimentos interiores de almacenamiento que ofrecen escondites seguros para capos, cuerdas, p\u00faas y accesorios, asa de transporte de nylon de alta resistencia que te brinda un agarre firma, correa para hombro extra\u00edble que lo hace c\u00f3mo y f\u00e1cil de llevar.&hellip; <a class=\"kt-excerpt-readmore more-link\" href=\"https:\/\/www.mexicanguitarplayers.com\/en\/tienda\/accesorios\/estuches-y-fundas\/para-bajo-estuches-y-fundas\/estuche-gator-p-bajo-gl-bass\/\">Read more<\/a><\/p>","protected":false},"featured_media":34848,"comment_status":"open","ping_status":"closed","template":"","meta":{"kt_blocks_editor_width":""},"pwb-brand":[572],"product_brand":[],"product_cat":[85,517,578],"product_tag":[],"class_list":{"0":"post-34864","1":"product","2":"type-product","3":"status-publish","4":"has-post-thumbnail","6":"pwb-brand-gator","7":"product_cat-accesorios","8":"product_cat-estuches-y-fundas","9":"product_cat-para-bajo-estuches-y-fundas","10":"product_shipping_class-0-5-kg","12":"first","13":"outofstock","14":"taxable","15":"shipping-taxable","16":"purchasable","17":"product-type-simple"},"yoast_head":"<!-- This site is optimized with the Yoast SEO plugin v27.5 - https:\/\/yoast.com\/product\/yoast-seo-wordpress\/ -->\n<title>ESTUCHE GATOR P\/BAJO GL-BASS - Mexican Guitar Players<\/title>\n<meta name=\"description\" content=\"Estuche r\u00edgido para bajo el\u00e9ctrico, ofrece la portabilidad de una funda y cumple con la protecci\u00f3n resistente de un estuche r\u00edgido, exterior de resistente nylon Denier 600 que forma un escudo exterior duradero y resistente al agua, n\u00facleo de espuma EPS denso y forro de felpa que mantienen tu bajo a salvo de golpes y rasgu\u00f1os, dos espaciosos compartimentos interiores de almacenamiento que ofrecen escondites seguros para capos, cuerdas, p\u00faas y accesorios, asa de transporte de nylon de alta resistencia que te brinda un agarre firma, correa para hombro extra\u00edble que lo hace c\u00f3mo y f\u00e1cil de llevar.\" \/>\n<meta name=\"robots\" content=\"index, follow, max-snippet:-1, max-image-preview:large, max-video-preview:-1\" \/>\n<link rel=\"canonical\" href=\"https:\/\/www.mexicanguitarplayers.com\/en\/tienda\/sin%20categor\u00eda\/estuche-gator-p-bajo-gl-bass\/\" \/>\n<meta property=\"og:locale\" content=\"en_US\" \/>\n<meta property=\"og:type\" content=\"article\" \/>\n<meta property=\"og:title\" content=\"ESTUCHE GATOR P\/BAJO GL-BASS - Mexican Guitar Players\" \/>\n<meta property=\"og:description\" content=\"Estuche r\u00edgido para bajo el\u00e9ctrico, ofrece la portabilidad de una funda y cumple con la protecci\u00f3n resistente de un estuche r\u00edgido, exterior de resistente nylon Denier 600 que forma un escudo exterior duradero y resistente al agua, n\u00facleo de espuma EPS denso y forro de felpa que mantienen tu bajo a salvo de golpes y rasgu\u00f1os, dos espaciosos compartimentos interiores de almacenamiento que ofrecen escondites seguros para capos, cuerdas, p\u00faas y accesorios, asa de transporte de nylon de alta resistencia que te brinda un agarre firma, correa para hombro extra\u00edble que lo hace c\u00f3mo y f\u00e1cil de llevar.\" \/>\n<meta property=\"og:url\" content=\"https:\/\/www.mexicanguitarplayers.com\/en\/tienda\/sin categor\u00eda\/estuche-gator-p-bajo-gl-bass\/\" \/>\n<meta property=\"og:site_name\" content=\"Mexican Guitar Players\" \/>\n<meta property=\"article:modified_time\" content=\"2026-04-15T10:18:35+00:00\" \/>\n<meta name=\"twitter:card\" content=\"summary_large_image\" \/>\n<meta name=\"twitter:label1\" content=\"Est. reading time\" \/>\n\t<meta name=\"twitter:data1\" content=\"1 minute\" \/>\n<script type=\"application\/ld+json\" class=\"yoast-schema-graph\">{\"@context\":\"https:\\\/\\\/schema.org\",\"@graph\":[{\"@type\":[\"WebPage\",\"ItemPage\"],\"@id\":\"https:\\\/\\\/www.mexicanguitarplayers.com\\\/tienda\\\/sin categor\u00eda\\\/estuche-gator-p-bajo-gl-bass\\\/\",\"url\":\"https:\\\/\\\/www.mexicanguitarplayers.com\\\/tienda\\\/sin categor\u00eda\\\/estuche-gator-p-bajo-gl-bass\\\/\",\"name\":\"ESTUCHE GATOR P\\\/BAJO GL-BASS - Mexican Guitar Players\",\"isPartOf\":{\"@id\":\"https:\\\/\\\/www.mexicanguitarplayers.com\\\/#website\"},\"primaryImageOfPage\":{\"@id\":\"https:\\\/\\\/www.mexicanguitarplayers.com\\\/tienda\\\/sin categor\u00eda\\\/estuche-gator-p-bajo-gl-bass\\\/#primaryimage\"},\"image\":{\"@id\":\"https:\\\/\\\/www.mexicanguitarplayers.com\\\/tienda\\\/sin categor\u00eda\\\/estuche-gator-p-bajo-gl-bass\\\/#primaryimage\"},\"thumbnailUrl\":\"https:\\\/\\\/www.mexicanguitarplayers.com\\\/wp-content\\\/uploads\\\/2025\\\/04\\\/VAGATGLBASS.jpg\",\"datePublished\":\"2025-04-09T03:57:38+00:00\",\"dateModified\":\"2026-04-15T10:18:35+00:00\",\"description\":\"Estuche r\u00edgido para bajo el\u00e9ctrico, ofrece la portabilidad de una funda y cumple con la protecci\u00f3n resistente de un estuche r\u00edgido, exterior de resistente nylon Denier 600 que forma un escudo exterior duradero y resistente al agua, n\u00facleo de espuma EPS denso y forro de felpa que mantienen tu bajo a salvo de golpes y rasgu\u00f1os, dos espaciosos compartimentos interiores de almacenamiento que ofrecen escondites seguros para capos, cuerdas, p\u00faas y accesorios, asa de transporte de nylon de alta resistencia que te brinda un agarre firma, correa para hombro extra\u00edble que lo hace c\u00f3mo y f\u00e1cil de llevar.\",\"breadcrumb\":{\"@id\":\"https:\\\/\\\/www.mexicanguitarplayers.com\\\/tienda\\\/sin categor\u00eda\\\/estuche-gator-p-bajo-gl-bass\\\/#breadcrumb\"},\"inLanguage\":\"en-US\",\"potentialAction\":[{\"@type\":\"ReadAction\",\"target\":[\"https:\\\/\\\/www.mexicanguitarplayers.com\\\/tienda\\\/sin categor\u00eda\\\/estuche-gator-p-bajo-gl-bass\\\/\"]}]},{\"@type\":\"ImageObject\",\"inLanguage\":\"en-US\",\"@id\":\"https:\\\/\\\/www.mexicanguitarplayers.com\\\/tienda\\\/sin categor\u00eda\\\/estuche-gator-p-bajo-gl-bass\\\/#primaryimage\",\"url\":\"https:\\\/\\\/www.mexicanguitarplayers.com\\\/wp-content\\\/uploads\\\/2025\\\/04\\\/VAGATGLBASS.jpg\",\"contentUrl\":\"https:\\\/\\\/www.mexicanguitarplayers.com\\\/wp-content\\\/uploads\\\/2025\\\/04\\\/VAGATGLBASS.jpg\",\"width\":1600,\"height\":800},{\"@type\":\"BreadcrumbList\",\"@id\":\"https:\\\/\\\/www.mexicanguitarplayers.com\\\/tienda\\\/sin categor\u00eda\\\/estuche-gator-p-bajo-gl-bass\\\/#breadcrumb\",\"itemListElement\":[{\"@type\":\"ListItem\",\"position\":1,\"name\":\"Portada\",\"item\":\"https:\\\/\\\/www.mexicanguitarplayers.com\\\/\"},{\"@type\":\"ListItem\",\"position\":2,\"name\":\"Tienda\",\"item\":\"https:\\\/\\\/www.mexicanguitarplayers.com\\\/tienda\\\/\"},{\"@type\":\"ListItem\",\"position\":3,\"name\":\"ESTUCHE GATOR P\\\/BAJO GL-BASS\"}]},{\"@type\":\"WebSite\",\"@id\":\"https:\\\/\\\/www.mexicanguitarplayers.com\\\/#website\",\"url\":\"https:\\\/\\\/www.mexicanguitarplayers.com\\\/\",\"name\":\"Mexican Guitar Players\",\"description\":\"Website\",\"publisher\":{\"@id\":\"https:\\\/\\\/www.mexicanguitarplayers.com\\\/#organization\"},\"potentialAction\":[{\"@type\":\"SearchAction\",\"target\":{\"@type\":\"EntryPoint\",\"urlTemplate\":\"https:\\\/\\\/www.mexicanguitarplayers.com\\\/?s={search_term_string}\"},\"query-input\":{\"@type\":\"PropertyValueSpecification\",\"valueRequired\":true,\"valueName\":\"search_term_string\"}}],\"inLanguage\":\"en-US\"},{\"@type\":\"Organization\",\"@id\":\"https:\\\/\\\/www.mexicanguitarplayers.com\\\/#organization\",\"name\":\"Mexican Guitar Players\",\"url\":\"https:\\\/\\\/www.mexicanguitarplayers.com\\\/\",\"logo\":{\"@type\":\"ImageObject\",\"inLanguage\":\"en-US\",\"@id\":\"https:\\\/\\\/www.mexicanguitarplayers.com\\\/#\\\/schema\\\/logo\\\/image\\\/\",\"url\":\"\",\"contentUrl\":\"\",\"caption\":\"Mexican Guitar Players\"},\"image\":{\"@id\":\"https:\\\/\\\/www.mexicanguitarplayers.com\\\/#\\\/schema\\\/logo\\\/image\\\/\"}}]}<\/script>\n<!-- \/ Yoast SEO plugin. -->","yoast_head_json":{"title":"ESTUCHE GATOR P\/BAJO GL-BASS - Mexican Guitar Players","description":"Estuche r\u00edgido para bajo el\u00e9ctrico, ofrece la portabilidad de una funda y cumple con la protecci\u00f3n resistente de un estuche r\u00edgido, exterior de resistente nylon Denier 600 que forma un escudo exterior duradero y resistente al agua, n\u00facleo de espuma EPS denso y forro de felpa que mantienen tu bajo a salvo de golpes y rasgu\u00f1os, dos espaciosos compartimentos interiores de almacenamiento que ofrecen escondites seguros para capos, cuerdas, p\u00faas y accesorios, asa de transporte de nylon de alta resistencia que te brinda un agarre firma, correa para hombro extra\u00edble que lo hace c\u00f3mo y f\u00e1cil de llevar.","robots":{"index":"index","follow":"follow","max-snippet":"max-snippet:-1","max-image-preview":"max-image-preview:large","max-video-preview":"max-video-preview:-1"},"canonical":"https:\/\/www.mexicanguitarplayers.com\/en\/tienda\/sin categor\u00eda\/estuche-gator-p-bajo-gl-bass\/","og_locale":"en_US","og_type":"article","og_title":"ESTUCHE GATOR P\/BAJO GL-BASS - Mexican Guitar Players","og_description":"Estuche r\u00edgido para bajo el\u00e9ctrico, ofrece la portabilidad de una funda y cumple con la protecci\u00f3n resistente de un estuche r\u00edgido, exterior de resistente nylon Denier 600 que forma un escudo exterior duradero y resistente al agua, n\u00facleo de espuma EPS denso y forro de felpa que mantienen tu bajo a salvo de golpes y rasgu\u00f1os, dos espaciosos compartimentos interiores de almacenamiento que ofrecen escondites seguros para capos, cuerdas, p\u00faas y accesorios, asa de transporte de nylon de alta resistencia que te brinda un agarre firma, correa para hombro extra\u00edble que lo hace c\u00f3mo y f\u00e1cil de llevar.","og_url":"https:\/\/www.mexicanguitarplayers.com\/en\/tienda\/sin categor\u00eda\/estuche-gator-p-bajo-gl-bass\/","og_site_name":"Mexican Guitar Players","article_modified_time":"2026-04-15T10:18:35+00:00","twitter_card":"summary_large_image","twitter_misc":{"Est. reading time":"1 minute"},"schema":{"@context":"https:\/\/schema.org","@graph":[{"@type":["WebPage","ItemPage"],"@id":"https:\/\/www.mexicanguitarplayers.com\/tienda\/sin categor\u00eda\/estuche-gator-p-bajo-gl-bass\/","url":"https:\/\/www.mexicanguitarplayers.com\/tienda\/sin categor\u00eda\/estuche-gator-p-bajo-gl-bass\/","name":"ESTUCHE GATOR P\/BAJO GL-BASS - Mexican Guitar Players","isPartOf":{"@id":"https:\/\/www.mexicanguitarplayers.com\/#website"},"primaryImageOfPage":{"@id":"https:\/\/www.mexicanguitarplayers.com\/tienda\/sin categor\u00eda\/estuche-gator-p-bajo-gl-bass\/#primaryimage"},"image":{"@id":"https:\/\/www.mexicanguitarplayers.com\/tienda\/sin categor\u00eda\/estuche-gator-p-bajo-gl-bass\/#primaryimage"},"thumbnailUrl":"https:\/\/www.mexicanguitarplayers.com\/wp-content\/uploads\/2025\/04\/VAGATGLBASS.jpg","datePublished":"2025-04-09T03:57:38+00:00","dateModified":"2026-04-15T10:18:35+00:00","description":"Estuche r\u00edgido para bajo el\u00e9ctrico, ofrece la portabilidad de una funda y cumple con la protecci\u00f3n resistente de un estuche r\u00edgido, exterior de resistente nylon Denier 600 que forma un escudo exterior duradero y resistente al agua, n\u00facleo de espuma EPS denso y forro de felpa que mantienen tu bajo a salvo de golpes y rasgu\u00f1os, dos espaciosos compartimentos interiores de almacenamiento que ofrecen escondites seguros para capos, cuerdas, p\u00faas y accesorios, asa de transporte de nylon de alta resistencia que te brinda un agarre firma, correa para hombro extra\u00edble que lo hace c\u00f3mo y f\u00e1cil de llevar.","breadcrumb":{"@id":"https:\/\/www.mexicanguitarplayers.com\/tienda\/sin categor\u00eda\/estuche-gator-p-bajo-gl-bass\/#breadcrumb"},"inLanguage":"en-US","potentialAction":[{"@type":"ReadAction","target":["https:\/\/www.mexicanguitarplayers.com\/tienda\/sin categor\u00eda\/estuche-gator-p-bajo-gl-bass\/"]}]},{"@type":"ImageObject","inLanguage":"en-US","@id":"https:\/\/www.mexicanguitarplayers.com\/tienda\/sin categor\u00eda\/estuche-gator-p-bajo-gl-bass\/#primaryimage","url":"https:\/\/www.mexicanguitarplayers.com\/wp-content\/uploads\/2025\/04\/VAGATGLBASS.jpg","contentUrl":"https:\/\/www.mexicanguitarplayers.com\/wp-content\/uploads\/2025\/04\/VAGATGLBASS.jpg","width":1600,"height":800},{"@type":"BreadcrumbList","@id":"https:\/\/www.mexicanguitarplayers.com\/tienda\/sin categor\u00eda\/estuche-gator-p-bajo-gl-bass\/#breadcrumb","itemListElement":[{"@type":"ListItem","position":1,"name":"Portada","item":"https:\/\/www.mexicanguitarplayers.com\/"},{"@type":"ListItem","position":2,"name":"Tienda","item":"https:\/\/www.mexicanguitarplayers.com\/tienda\/"},{"@type":"ListItem","position":3,"name":"ESTUCHE GATOR P\/BAJO GL-BASS"}]},{"@type":"WebSite","@id":"https:\/\/www.mexicanguitarplayers.com\/#website","url":"https:\/\/www.mexicanguitarplayers.com\/","name":"Mexican Guitar Players","description":"Website","publisher":{"@id":"https:\/\/www.mexicanguitarplayers.com\/#organization"},"potentialAction":[{"@type":"SearchAction","target":{"@type":"EntryPoint","urlTemplate":"https:\/\/www.mexicanguitarplayers.com\/?s={search_term_string}"},"query-input":{"@type":"PropertyValueSpecification","valueRequired":true,"valueName":"search_term_string"}}],"inLanguage":"en-US"},{"@type":"Organization","@id":"https:\/\/www.mexicanguitarplayers.com\/#organization","name":"Mexican Guitar Players","url":"https:\/\/www.mexicanguitarplayers.com\/","logo":{"@type":"ImageObject","inLanguage":"en-US","@id":"https:\/\/www.mexicanguitarplayers.com\/#\/schema\/logo\/image\/","url":"","contentUrl":"","caption":"Mexican Guitar Players"},"image":{"@id":"https:\/\/www.mexicanguitarplayers.com\/#\/schema\/logo\/image\/"}}]}},"brands":[{"id":572,"name":"GATOR","slug":"gator"}],"_links":{"self":[{"href":"https:\/\/www.mexicanguitarplayers.com\/en\/wp-json\/wp\/v2\/product\/34864","targetHints":{"allow":["GET"]}}],"collection":[{"href":"https:\/\/www.mexicanguitarplayers.com\/en\/wp-json\/wp\/v2\/product"}],"about":[{"href":"https:\/\/www.mexicanguitarplayers.com\/en\/wp-json\/wp\/v2\/types\/product"}],"replies":[{"embeddable":true,"href":"https:\/\/www.mexicanguitarplayers.com\/en\/wp-json\/wp\/v2\/comments?post=34864"}],"wp:featuredmedia":[{"embeddable":true,"href":"https:\/\/www.mexicanguitarplayers.com\/en\/wp-json\/wp\/v2\/media\/34848"}],"wp:attachment":[{"href":"https:\/\/www.mexicanguitarplayers.com\/en\/wp-json\/wp\/v2\/media?parent=34864"}],"wp:term":[{"taxonomy":"pwb-brand","embeddable":true,"href":"https:\/\/www.mexicanguitarplayers.com\/en\/wp-json\/wp\/v2\/pwb-brand?post=34864"},{"taxonomy":"product_brand","embeddable":true,"href":"https:\/\/www.mexicanguitarplayers.com\/en\/wp-json\/wp\/v2\/product_brand?post=34864"},{"taxonomy":"product_cat","embeddable":true,"href":"https:\/\/www.mexicanguitarplayers.com\/en\/wp-json\/wp\/v2\/product_cat?post=34864"},{"taxonomy":"product_tag","embeddable":true,"href":"https:\/\/www.mexicanguitarplayers.com\/en\/wp-json\/wp\/v2\/product_tag?post=34864"}],"curies":[{"name":"wp","href":"https:\/\/api.w.org\/{rel}","templated":true}]}}