{"id":34868,"date":"2025-04-08T21:57:43","date_gmt":"2025-04-09T03:57:43","guid":{"rendered":"https:\/\/www.mexicanguitarplayers.com\/tienda\/sin categor\u00eda\/amplificador-gk-p-bajo-mod-700rb-ii\/"},"modified":"2025-04-08T21:57:43","modified_gmt":"2025-04-09T03:57:43","slug":"amplificador-gk-p-bajo-mod-700rb-ii","status":"publish","type":"product","link":"https:\/\/www.mexicanguitarplayers.com\/en\/tienda\/cuerdas\/amplificadores-cuerdas\/amps-para-bajo\/amplificador-gk-p-bajo-mod-700rb-ii\/","title":{"rendered":"AMPLIFICADOR GK P\/BAJO MOD. 700RB II"},"content":{"rendered":"<div style=\"text-align: justify\">\n<div>\n<h3>Mejorado para mayor potencia y un funcionamiento a\u00fan m\u00e1s silencioso<\/h3>\n<\/div>\n<div>Tome las riendas de la l\u00ednea de fondo con el Gallien-Krueger 700RB-II Bass Head &#8211; un monstruo de vanguardia dise\u00f1ado para ofrecer el m\u00e1ximo rendimiento con el m\u00ednimo esfuerzo. Una fuente de alimentaci\u00f3n de muy alta corriente y los circuitos del amplificador extraen cada gramo de la potencia de esta maravilla. Su dise\u00f1o de alta corriente elimina la necesidad de circuitos limitadores de corriente que enturbian su sonido. Sus 480W para el woofer y 50W para el driver junto con un crossover electr\u00f3nico garantizan una integraci\u00f3n de sonido de 2 v\u00edas. EQ activo de 4 bandas para un tono ultrapreciso. Sus vol\u00famenes separados de woofer y tweeter y sus 3 filtros de expresi\u00f3n te ayudar\u00e1n a modelar a\u00fan m\u00e1s tu sonido. GALLIEN-KRUEGER. Amplificadores para bajo de la Serie RB  Los amplificadores para bajo de la serie RB de GK han sido el est\u00e1ndar por m\u00e1s de dos d\u00e9cadas. Dentro de estas superestructuras compactas y ligeras, se alojan los circuitos para bajo m\u00e1s avanzados  del mundo disponibles en el mercado. En 1972, Bob Gallien desarroll\u00f3 lo que \u00e9l llama la Tecnolog\u00eda G.I.V.E. (Efecto de Compuerta Inducido por Bulbo). Este &#8220;efecto de bulbo &#8216;se integra en el dise\u00f1o de todos los amplificadores de la serie RB y es parte de lo que les da su sonido caracter\u00edstico. Los amplificadores de la serie RB proporcionan un tono c\u00e1lido y con punch, con una r\u00e1pida respuesta transitoria que no s\u00f3lo suena mejor, se siente mejor. Los reconocidos filtros de voicing de GK y un intuitivo EQ activo de cuatro bandas simplifican la creaci\u00f3n de un gran sonido. Cada d\u00eda miles de bajistas alrededor del mundo en estadios, clubes y s\u00f3tanos se conectan a un amplificador GK simplemente porque aman su sonido.  <\/div>\n<div>\n<h4>Quick look<\/h4>\n<\/div>\n<ul style=\"margin: 0px 0px 0px 25px\">\n<li style=\"list-style-type: circle;margin: 5px\">EQ de 4 bandas.<\/li>\n<li style=\"list-style-type: circle;margin: 5px\">Corriente de alimentaci\u00f3n de energ\u00eda extremadamente alta480W para el woofer y 50W para el tweeter.<\/li>\n<li style=\"list-style-type: circle;margin: 5px\">Biamplificado<\/li>\n<li style=\"list-style-type: circle;margin: 5px\">Parcheo<\/li>\n<\/ul>\n<div>\n<div style=\"font-weight: bold\">EQ de 4 bandas.<\/div>\n<div>\n<p>EQ activo de 4 bandas para un tono ultrapreciso tono. 3 filtros de expresi\u00f3n le ayudar\u00e1n a modelar a\u00fan m\u00e1s su sonido.<\/p>\n<\/div>\n<div style=\"font-weight: bold\">Corriente de alimentaci\u00f3n de energ\u00eda extremadamente alta480W para el woofer y 50W para el tweeter.<\/div>\n<div>\n<p>Para una incre\u00edble potencia y proyecci\u00f3n sonora.<\/p>\n<\/div>\n<div style=\"font-weight: bold\">Biamplificado<\/div>\n<div>\n<p>1 salida para woofer y otra para tweeter<\/p>\n<\/div>\n<div style=\"font-weight: bold\">Parcheo<\/div>\n<div>\n<p>Env\u00edo, Retorno y salida a afinador.2 conectores de 1\/4 &#8220;y 2 conectores Biamp <\/p>\n<\/div>\n<\/div>\n<div>\n<h4>Characteristics<\/h4>\n<\/div>\n<div>\n<ul style=\"margin: 0px 0px 0px 25px\">\n<li style=\"list-style-type: circle;margin: 5px\">Divisor electr\u00f3nico de frecuencias para una integraci\u00f3n de sonido de 2 v\u00edasEQ de 4 bandas  activo <\/li>\n<li style=\"list-style-type: circle;margin: 5px\">Interruptor de silencio con LED<\/li>\n<\/ul>\n<\/div>\n<\/div>","protected":false},"excerpt":{"rendered":"<p>Amplificador GK mod 700RB-II para bajo. Biamplificado, 480W para el woofer. 50Wpara el driver. Crossover de 2 v\u00edas. EQ activo de 4 bandas, Filtros de expresi\u00f3npara bajos de 4 o 5 cuerdas. Ultra bajo nivel de ruido  90dB S \/ N. Clip LED, Pad de 10dB. Interruptor de silencio con LED. Boost (efecto de bulbos).&hellip; <a class=\"kt-excerpt-readmore more-link\" href=\"https:\/\/www.mexicanguitarplayers.com\/en\/tienda\/cuerdas\/amplificadores-cuerdas\/amps-para-bajo\/amplificador-gk-p-bajo-mod-700rb-ii\/\">Read more<\/a><\/p>","protected":false},"featured_media":34865,"comment_status":"open","ping_status":"closed","template":"","meta":{"kt_blocks_editor_width":""},"pwb-brand":[265],"product_brand":[],"product_cat":[219,254,224],"product_tag":[],"class_list":{"0":"post-34868","1":"product","2":"type-product","3":"status-publish","4":"has-post-thumbnail","6":"pwb-brand-gallien-krueger","7":"product_cat-amplificadores-audio","8":"product_cat-amps-para-bajo","9":"product_cat-cuerdas","10":"product_shipping_class-10-15-kg","12":"first","13":"outofstock","14":"taxable","15":"shipping-taxable","16":"purchasable","17":"product-type-simple"},"yoast_head":"<!-- This site is optimized with the Yoast SEO plugin v27.3 - https:\/\/yoast.com\/product\/yoast-seo-wordpress\/ -->\n<title>AMPLIFICADOR GK P\/BAJO MOD. 700RB II - Mexican Guitar Players<\/title>\n<meta name=\"description\" content=\"Amplificador GK mod 700RB-II para bajo. Biamplificado, 480W para el woofer. 50Wpara el driver. Crossover de 2 v\u00edas. EQ activo de 4 bandas, Filtros de expresi\u00f3npara bajos de 4 o 5 cuerdas. Ultra bajo nivel de ruido 90dB S \/ N. Clip LED, Pad de 10dB. Interruptor de silencio con LED. Boost (efecto de bulbos).\" \/>\n<meta name=\"robots\" content=\"index, follow, max-snippet:-1, max-image-preview:large, max-video-preview:-1\" \/>\n<link rel=\"canonical\" href=\"https:\/\/www.mexicanguitarplayers.com\/en\/tienda\/sin%20categor\u00eda\/amplificador-gk-p-bajo-mod-700rb-ii\/\" \/>\n<meta property=\"og:locale\" content=\"en_US\" \/>\n<meta property=\"og:type\" content=\"article\" \/>\n<meta property=\"og:title\" content=\"AMPLIFICADOR GK P\/BAJO MOD. 700RB II - Mexican Guitar Players\" \/>\n<meta property=\"og:description\" content=\"Amplificador GK mod 700RB-II para bajo. Biamplificado, 480W para el woofer. 50Wpara el driver. Crossover de 2 v\u00edas. EQ activo de 4 bandas, Filtros de expresi\u00f3npara bajos de 4 o 5 cuerdas. Ultra bajo nivel de ruido 90dB S \/ N. Clip LED, Pad de 10dB. Interruptor de silencio con LED. Boost (efecto de bulbos).\" \/>\n<meta property=\"og:url\" content=\"https:\/\/www.mexicanguitarplayers.com\/en\/tienda\/sin categor\u00eda\/amplificador-gk-p-bajo-mod-700rb-ii\/\" \/>\n<meta property=\"og:site_name\" content=\"Mexican Guitar Players\" \/>\n<meta name=\"twitter:card\" content=\"summary_large_image\" \/>\n<meta name=\"twitter:label1\" content=\"Est. reading time\" \/>\n\t<meta name=\"twitter:data1\" content=\"2 minutes\" \/>\n<script type=\"application\/ld+json\" class=\"yoast-schema-graph\">{\"@context\":\"https:\\\/\\\/schema.org\",\"@graph\":[{\"@type\":[\"WebPage\",\"ItemPage\"],\"@id\":\"https:\\\/\\\/www.mexicanguitarplayers.com\\\/tienda\\\/sin categor\u00eda\\\/amplificador-gk-p-bajo-mod-700rb-ii\\\/\",\"url\":\"https:\\\/\\\/www.mexicanguitarplayers.com\\\/tienda\\\/sin categor\u00eda\\\/amplificador-gk-p-bajo-mod-700rb-ii\\\/\",\"name\":\"AMPLIFICADOR GK P\\\/BAJO MOD. 700RB II - Mexican Guitar Players\",\"isPartOf\":{\"@id\":\"https:\\\/\\\/www.mexicanguitarplayers.com\\\/#website\"},\"primaryImageOfPage\":{\"@id\":\"https:\\\/\\\/www.mexicanguitarplayers.com\\\/tienda\\\/sin categor\u00eda\\\/amplificador-gk-p-bajo-mod-700rb-ii\\\/#primaryimage\"},\"image\":{\"@id\":\"https:\\\/\\\/www.mexicanguitarplayers.com\\\/tienda\\\/sin categor\u00eda\\\/amplificador-gk-p-bajo-mod-700rb-ii\\\/#primaryimage\"},\"thumbnailUrl\":\"https:\\\/\\\/www.mexicanguitarplayers.com\\\/wp-content\\\/uploads\\\/2025\\\/04\\\/ICGKR700RBII.jpg\",\"datePublished\":\"2025-04-09T03:57:43+00:00\",\"description\":\"Amplificador GK mod 700RB-II para bajo. Biamplificado, 480W para el woofer. 50Wpara el driver. Crossover de 2 v\u00edas. EQ activo de 4 bandas, Filtros de expresi\u00f3npara bajos de 4 o 5 cuerdas. Ultra bajo nivel de ruido 90dB S \\\/ N. Clip LED, Pad de 10dB. Interruptor de silencio con LED. Boost (efecto de bulbos).\",\"breadcrumb\":{\"@id\":\"https:\\\/\\\/www.mexicanguitarplayers.com\\\/tienda\\\/sin categor\u00eda\\\/amplificador-gk-p-bajo-mod-700rb-ii\\\/#breadcrumb\"},\"inLanguage\":\"en-US\",\"potentialAction\":[{\"@type\":\"ReadAction\",\"target\":[\"https:\\\/\\\/www.mexicanguitarplayers.com\\\/tienda\\\/sin categor\u00eda\\\/amplificador-gk-p-bajo-mod-700rb-ii\\\/\"]}]},{\"@type\":\"ImageObject\",\"inLanguage\":\"en-US\",\"@id\":\"https:\\\/\\\/www.mexicanguitarplayers.com\\\/tienda\\\/sin categor\u00eda\\\/amplificador-gk-p-bajo-mod-700rb-ii\\\/#primaryimage\",\"url\":\"https:\\\/\\\/www.mexicanguitarplayers.com\\\/wp-content\\\/uploads\\\/2025\\\/04\\\/ICGKR700RBII.jpg\",\"contentUrl\":\"https:\\\/\\\/www.mexicanguitarplayers.com\\\/wp-content\\\/uploads\\\/2025\\\/04\\\/ICGKR700RBII.jpg\",\"width\":1600,\"height\":800},{\"@type\":\"BreadcrumbList\",\"@id\":\"https:\\\/\\\/www.mexicanguitarplayers.com\\\/tienda\\\/sin categor\u00eda\\\/amplificador-gk-p-bajo-mod-700rb-ii\\\/#breadcrumb\",\"itemListElement\":[{\"@type\":\"ListItem\",\"position\":1,\"name\":\"Portada\",\"item\":\"https:\\\/\\\/www.mexicanguitarplayers.com\\\/\"},{\"@type\":\"ListItem\",\"position\":2,\"name\":\"Tienda\",\"item\":\"https:\\\/\\\/www.mexicanguitarplayers.com\\\/tienda\\\/\"},{\"@type\":\"ListItem\",\"position\":3,\"name\":\"AMPLIFICADOR GK P\\\/BAJO MOD. 700RB II\"}]},{\"@type\":\"WebSite\",\"@id\":\"https:\\\/\\\/www.mexicanguitarplayers.com\\\/#website\",\"url\":\"https:\\\/\\\/www.mexicanguitarplayers.com\\\/\",\"name\":\"Mexican Guitar Players\",\"description\":\"Website\",\"publisher\":{\"@id\":\"https:\\\/\\\/www.mexicanguitarplayers.com\\\/#organization\"},\"potentialAction\":[{\"@type\":\"SearchAction\",\"target\":{\"@type\":\"EntryPoint\",\"urlTemplate\":\"https:\\\/\\\/www.mexicanguitarplayers.com\\\/?s={search_term_string}\"},\"query-input\":{\"@type\":\"PropertyValueSpecification\",\"valueRequired\":true,\"valueName\":\"search_term_string\"}}],\"inLanguage\":\"en-US\"},{\"@type\":\"Organization\",\"@id\":\"https:\\\/\\\/www.mexicanguitarplayers.com\\\/#organization\",\"name\":\"Mexican Guitar Players\",\"url\":\"https:\\\/\\\/www.mexicanguitarplayers.com\\\/\",\"logo\":{\"@type\":\"ImageObject\",\"inLanguage\":\"en-US\",\"@id\":\"https:\\\/\\\/www.mexicanguitarplayers.com\\\/#\\\/schema\\\/logo\\\/image\\\/\",\"url\":\"\",\"contentUrl\":\"\",\"caption\":\"Mexican Guitar Players\"},\"image\":{\"@id\":\"https:\\\/\\\/www.mexicanguitarplayers.com\\\/#\\\/schema\\\/logo\\\/image\\\/\"}}]}<\/script>\n<!-- \/ Yoast SEO plugin. -->","yoast_head_json":{"title":"AMPLIFICADOR GK P\/BAJO MOD. 700RB II - Mexican Guitar Players","description":"Amplificador GK mod 700RB-II para bajo. Biamplificado, 480W para el woofer. 50Wpara el driver. Crossover de 2 v\u00edas. EQ activo de 4 bandas, Filtros de expresi\u00f3npara bajos de 4 o 5 cuerdas. Ultra bajo nivel de ruido 90dB S \/ N. Clip LED, Pad de 10dB. Interruptor de silencio con LED. Boost (efecto de bulbos).","robots":{"index":"index","follow":"follow","max-snippet":"max-snippet:-1","max-image-preview":"max-image-preview:large","max-video-preview":"max-video-preview:-1"},"canonical":"https:\/\/www.mexicanguitarplayers.com\/en\/tienda\/sin categor\u00eda\/amplificador-gk-p-bajo-mod-700rb-ii\/","og_locale":"en_US","og_type":"article","og_title":"AMPLIFICADOR GK P\/BAJO MOD. 700RB II - Mexican Guitar Players","og_description":"Amplificador GK mod 700RB-II para bajo. Biamplificado, 480W para el woofer. 50Wpara el driver. Crossover de 2 v\u00edas. EQ activo de 4 bandas, Filtros de expresi\u00f3npara bajos de 4 o 5 cuerdas. Ultra bajo nivel de ruido 90dB S \/ N. Clip LED, Pad de 10dB. Interruptor de silencio con LED. Boost (efecto de bulbos).","og_url":"https:\/\/www.mexicanguitarplayers.com\/en\/tienda\/sin categor\u00eda\/amplificador-gk-p-bajo-mod-700rb-ii\/","og_site_name":"Mexican Guitar Players","twitter_card":"summary_large_image","twitter_misc":{"Est. reading time":"2 minutes"},"schema":{"@context":"https:\/\/schema.org","@graph":[{"@type":["WebPage","ItemPage"],"@id":"https:\/\/www.mexicanguitarplayers.com\/tienda\/sin categor\u00eda\/amplificador-gk-p-bajo-mod-700rb-ii\/","url":"https:\/\/www.mexicanguitarplayers.com\/tienda\/sin categor\u00eda\/amplificador-gk-p-bajo-mod-700rb-ii\/","name":"AMPLIFICADOR GK P\/BAJO MOD. 700RB II - Mexican Guitar Players","isPartOf":{"@id":"https:\/\/www.mexicanguitarplayers.com\/#website"},"primaryImageOfPage":{"@id":"https:\/\/www.mexicanguitarplayers.com\/tienda\/sin categor\u00eda\/amplificador-gk-p-bajo-mod-700rb-ii\/#primaryimage"},"image":{"@id":"https:\/\/www.mexicanguitarplayers.com\/tienda\/sin categor\u00eda\/amplificador-gk-p-bajo-mod-700rb-ii\/#primaryimage"},"thumbnailUrl":"https:\/\/www.mexicanguitarplayers.com\/wp-content\/uploads\/2025\/04\/ICGKR700RBII.jpg","datePublished":"2025-04-09T03:57:43+00:00","description":"Amplificador GK mod 700RB-II para bajo. Biamplificado, 480W para el woofer. 50Wpara el driver. Crossover de 2 v\u00edas. EQ activo de 4 bandas, Filtros de expresi\u00f3npara bajos de 4 o 5 cuerdas. Ultra bajo nivel de ruido 90dB S \/ N. Clip LED, Pad de 10dB. Interruptor de silencio con LED. Boost (efecto de bulbos).","breadcrumb":{"@id":"https:\/\/www.mexicanguitarplayers.com\/tienda\/sin categor\u00eda\/amplificador-gk-p-bajo-mod-700rb-ii\/#breadcrumb"},"inLanguage":"en-US","potentialAction":[{"@type":"ReadAction","target":["https:\/\/www.mexicanguitarplayers.com\/tienda\/sin categor\u00eda\/amplificador-gk-p-bajo-mod-700rb-ii\/"]}]},{"@type":"ImageObject","inLanguage":"en-US","@id":"https:\/\/www.mexicanguitarplayers.com\/tienda\/sin categor\u00eda\/amplificador-gk-p-bajo-mod-700rb-ii\/#primaryimage","url":"https:\/\/www.mexicanguitarplayers.com\/wp-content\/uploads\/2025\/04\/ICGKR700RBII.jpg","contentUrl":"https:\/\/www.mexicanguitarplayers.com\/wp-content\/uploads\/2025\/04\/ICGKR700RBII.jpg","width":1600,"height":800},{"@type":"BreadcrumbList","@id":"https:\/\/www.mexicanguitarplayers.com\/tienda\/sin categor\u00eda\/amplificador-gk-p-bajo-mod-700rb-ii\/#breadcrumb","itemListElement":[{"@type":"ListItem","position":1,"name":"Portada","item":"https:\/\/www.mexicanguitarplayers.com\/"},{"@type":"ListItem","position":2,"name":"Tienda","item":"https:\/\/www.mexicanguitarplayers.com\/tienda\/"},{"@type":"ListItem","position":3,"name":"AMPLIFICADOR GK P\/BAJO MOD. 700RB II"}]},{"@type":"WebSite","@id":"https:\/\/www.mexicanguitarplayers.com\/#website","url":"https:\/\/www.mexicanguitarplayers.com\/","name":"Mexican Guitar Players","description":"Website","publisher":{"@id":"https:\/\/www.mexicanguitarplayers.com\/#organization"},"potentialAction":[{"@type":"SearchAction","target":{"@type":"EntryPoint","urlTemplate":"https:\/\/www.mexicanguitarplayers.com\/?s={search_term_string}"},"query-input":{"@type":"PropertyValueSpecification","valueRequired":true,"valueName":"search_term_string"}}],"inLanguage":"en-US"},{"@type":"Organization","@id":"https:\/\/www.mexicanguitarplayers.com\/#organization","name":"Mexican Guitar Players","url":"https:\/\/www.mexicanguitarplayers.com\/","logo":{"@type":"ImageObject","inLanguage":"en-US","@id":"https:\/\/www.mexicanguitarplayers.com\/#\/schema\/logo\/image\/","url":"","contentUrl":"","caption":"Mexican Guitar Players"},"image":{"@id":"https:\/\/www.mexicanguitarplayers.com\/#\/schema\/logo\/image\/"}}]}},"brands":[{"id":265,"name":"GALLIEN-KRUEGER","slug":"gallien-krueger"}],"_links":{"self":[{"href":"https:\/\/www.mexicanguitarplayers.com\/en\/wp-json\/wp\/v2\/product\/34868","targetHints":{"allow":["GET"]}}],"collection":[{"href":"https:\/\/www.mexicanguitarplayers.com\/en\/wp-json\/wp\/v2\/product"}],"about":[{"href":"https:\/\/www.mexicanguitarplayers.com\/en\/wp-json\/wp\/v2\/types\/product"}],"replies":[{"embeddable":true,"href":"https:\/\/www.mexicanguitarplayers.com\/en\/wp-json\/wp\/v2\/comments?post=34868"}],"wp:featuredmedia":[{"embeddable":true,"href":"https:\/\/www.mexicanguitarplayers.com\/en\/wp-json\/wp\/v2\/media\/34865"}],"wp:attachment":[{"href":"https:\/\/www.mexicanguitarplayers.com\/en\/wp-json\/wp\/v2\/media?parent=34868"}],"wp:term":[{"taxonomy":"pwb-brand","embeddable":true,"href":"https:\/\/www.mexicanguitarplayers.com\/en\/wp-json\/wp\/v2\/pwb-brand?post=34868"},{"taxonomy":"product_brand","embeddable":true,"href":"https:\/\/www.mexicanguitarplayers.com\/en\/wp-json\/wp\/v2\/product_brand?post=34868"},{"taxonomy":"product_cat","embeddable":true,"href":"https:\/\/www.mexicanguitarplayers.com\/en\/wp-json\/wp\/v2\/product_cat?post=34868"},{"taxonomy":"product_tag","embeddable":true,"href":"https:\/\/www.mexicanguitarplayers.com\/en\/wp-json\/wp\/v2\/product_tag?post=34868"}],"curies":[{"name":"wp","href":"https:\/\/api.w.org\/{rel}","templated":true}]}}