{"id":34933,"date":"2025-04-08T21:59:06","date_gmt":"2025-04-09T03:59:06","guid":{"rendered":"https:\/\/www.mexicanguitarplayers.com\/tienda\/sin categor\u00eda\/bafle-ashdown-p-bajo-mod-abm-210h\/"},"modified":"2026-04-10T04:29:11","modified_gmt":"2026-04-10T10:29:11","slug":"bafle-ashdown-p-bajo-mod-abm-210h","status":"publish","type":"product","link":"https:\/\/www.mexicanguitarplayers.com\/en\/tienda\/cuerdas\/bafles-cuerdas\/bafles-para-bajo\/bafle-ashdown-p-bajo-mod-abm-210h\/","title":{"rendered":"BAFLE ASHDOWN P\/BAJO MOD. ABM-210H"},"content":{"rendered":"<div style=\"text-align: justify\">\n<div>\n<h3>ABM-210H-EVO IV COMPACT CABINET<\/h3>\n<\/div>\n<div>El Ashdown ABM-210H-EVO IV Compact Cabinet es un gabinete de bajo excepcional, dise\u00f1ado para ofrecer tonos profundos y resonantes que llenan el escenario. Con una construcci\u00f3n robusta de madera contrachapada de abedul de alta calidad, este gabinete est\u00e1 preparado para soportar las exigencias de la carretera. Sus altavoces Blue-Line personalizados de 10\u201d proporcionan un sonido amplio y potente, mientras que el tweeter de bocina conmutable permite un control preciso sobre las frecuencias altas. Con una capacidad de manejo de potencia de 300W a 8 ohms, un dise\u00f1o compacto y portado al frente para una dispersi\u00f3n m\u00e1xima, el ABM-210H combina funcionalidad y estilo, siendo ideal para espacios reducidos y actuaciones en diversos escenarios.<\/div>\n<div>\n<h4>Characteristics<\/h4>\n<\/div>\n<div>\n<ul style=\"margin: 0px 0px 0px 25px\">\n<li style=\"list-style-type: circle;margin: 5px\">Manejo de energ\u00eda<\/li>\n<li style=\"list-style-type: circle;margin: 5px\">Configuraci\u00f3n de altavoces<\/li>\n<li style=\"list-style-type: circle;margin: 5px\">Salidas de altavoz:<\/li>\n<li style=\"list-style-type: circle;margin: 5px\">Respuesta de frecuencia<\/li>\n<li style=\"list-style-type: circle;margin: 5px\">Impedancia <\/li>\n<li style=\"list-style-type: circle;margin: 5px\">SPL<\/li>\n<li style=\"list-style-type: circle;margin: 5px\">Alto x ancho x profundidad<\/li>\n<li style=\"list-style-type: circle;margin: 5px\">Peso (kg) <\/li>\n<\/ul>\n<\/div>\n<\/div>","protected":false},"excerpt":{"rendered":"<p>Gabinete de altavoz de graves de construcci\u00f3n robusta que ofrece graves claros y definidos. Maneja 300 vatios a 8 ohmiosConstruido con madera contrachapada de abedul de alta calidad. Cubierta de tela de cuero de b\u00fafalo duradera, esquinas met\u00e1licas y una rejilla de acero protegen sus altavoces. Asas laterales empotradas de acero de alta calidad. Dise\u00f1o personalizado Los parlantes Blue Line brindan definici\u00f3n, potencia y tono. El tweeter de bocina agrega brillo de alta gama. Puerto frontal para m\u00e1xima dispersi\u00f3n. Dos entradas Speakon\/Jack.&hellip; <a class=\"kt-excerpt-readmore more-link\" href=\"https:\/\/www.mexicanguitarplayers.com\/en\/tienda\/cuerdas\/bafles-cuerdas\/bafles-para-bajo\/bafle-ashdown-p-bajo-mod-abm-210h\/\">Read more<\/a><\/p>","protected":false},"featured_media":34927,"comment_status":"open","ping_status":"closed","template":"","meta":{"kt_blocks_editor_width":""},"pwb-brand":[257],"product_brand":[],"product_cat":[222,251,224],"product_tag":[],"class_list":{"0":"post-34933","1":"product","2":"type-product","3":"status-publish","4":"has-post-thumbnail","6":"pwb-brand-ashdown","7":"product_cat-bafles","8":"product_cat-bafles-para-bajo","9":"product_cat-cuerdas","10":"product_shipping_class-25-30-kg","12":"first","13":"outofstock","14":"taxable","15":"shipping-taxable","16":"purchasable","17":"product-type-simple"},"yoast_head":"<!-- This site is optimized with the Yoast SEO plugin v27.5 - https:\/\/yoast.com\/product\/yoast-seo-wordpress\/ -->\n<title>BAFLE ASHDOWN P\/BAJO MOD. ABM-210H - Mexican Guitar Players<\/title>\n<meta name=\"description\" content=\"Gabinete de altavoz de graves de construcci\u00f3n robusta que ofrece graves claros y definidos. Maneja 300 vatios a 8 ohmiosConstruido con madera contrachapada de abedul de alta calidad. Cubierta de tela de cuero de b\u00fafalo duradera, esquinas met\u00e1licas y una rejilla de acero protegen sus altavoces. Asas laterales empotradas de acero de alta calidad. Dise\u00f1o personalizado Los parlantes Blue Line brindan definici\u00f3n, potencia y tono. El tweeter de bocina agrega brillo de alta gama. Puerto frontal para m\u00e1xima dispersi\u00f3n. Dos entradas Speakon\/Jack.\" \/>\n<meta name=\"robots\" content=\"index, follow, max-snippet:-1, max-image-preview:large, max-video-preview:-1\" \/>\n<link rel=\"canonical\" href=\"https:\/\/www.mexicanguitarplayers.com\/en\/tienda\/sin%20categor\u00eda\/bafle-ashdown-p-bajo-mod-abm-210h\/\" \/>\n<meta property=\"og:locale\" content=\"en_US\" \/>\n<meta property=\"og:type\" content=\"article\" \/>\n<meta property=\"og:title\" content=\"BAFLE ASHDOWN P\/BAJO MOD. ABM-210H - Mexican Guitar Players\" \/>\n<meta property=\"og:description\" content=\"Gabinete de altavoz de graves de construcci\u00f3n robusta que ofrece graves claros y definidos. Maneja 300 vatios a 8 ohmiosConstruido con madera contrachapada de abedul de alta calidad. Cubierta de tela de cuero de b\u00fafalo duradera, esquinas met\u00e1licas y una rejilla de acero protegen sus altavoces. Asas laterales empotradas de acero de alta calidad. Dise\u00f1o personalizado Los parlantes Blue Line brindan definici\u00f3n, potencia y tono. El tweeter de bocina agrega brillo de alta gama. Puerto frontal para m\u00e1xima dispersi\u00f3n. Dos entradas Speakon\/Jack.\" \/>\n<meta property=\"og:url\" content=\"https:\/\/www.mexicanguitarplayers.com\/en\/tienda\/sin categor\u00eda\/bafle-ashdown-p-bajo-mod-abm-210h\/\" \/>\n<meta property=\"og:site_name\" content=\"Mexican Guitar Players\" \/>\n<meta property=\"article:modified_time\" content=\"2026-04-10T10:29:11+00:00\" \/>\n<meta name=\"twitter:card\" content=\"summary_large_image\" \/>\n<meta name=\"twitter:label1\" content=\"Est. reading time\" \/>\n\t<meta name=\"twitter:data1\" content=\"1 minute\" \/>\n<script type=\"application\/ld+json\" class=\"yoast-schema-graph\">{\"@context\":\"https:\\\/\\\/schema.org\",\"@graph\":[{\"@type\":[\"WebPage\",\"ItemPage\"],\"@id\":\"https:\\\/\\\/www.mexicanguitarplayers.com\\\/tienda\\\/sin categor\u00eda\\\/bafle-ashdown-p-bajo-mod-abm-210h\\\/\",\"url\":\"https:\\\/\\\/www.mexicanguitarplayers.com\\\/tienda\\\/sin categor\u00eda\\\/bafle-ashdown-p-bajo-mod-abm-210h\\\/\",\"name\":\"BAFLE ASHDOWN P\\\/BAJO MOD. ABM-210H - Mexican Guitar Players\",\"isPartOf\":{\"@id\":\"https:\\\/\\\/www.mexicanguitarplayers.com\\\/#website\"},\"primaryImageOfPage\":{\"@id\":\"https:\\\/\\\/www.mexicanguitarplayers.com\\\/tienda\\\/sin categor\u00eda\\\/bafle-ashdown-p-bajo-mod-abm-210h\\\/#primaryimage\"},\"image\":{\"@id\":\"https:\\\/\\\/www.mexicanguitarplayers.com\\\/tienda\\\/sin categor\u00eda\\\/bafle-ashdown-p-bajo-mod-abm-210h\\\/#primaryimage\"},\"thumbnailUrl\":\"https:\\\/\\\/www.mexicanguitarplayers.com\\\/wp-content\\\/uploads\\\/2025\\\/04\\\/ICASOABM210H.jpg\",\"datePublished\":\"2025-04-09T03:59:06+00:00\",\"dateModified\":\"2026-04-10T10:29:11+00:00\",\"description\":\"Gabinete de altavoz de graves de construcci\u00f3n robusta que ofrece graves claros y definidos. Maneja 300 vatios a 8 ohmiosConstruido con madera contrachapada de abedul de alta calidad. Cubierta de tela de cuero de b\u00fafalo duradera, esquinas met\u00e1licas y una rejilla de acero protegen sus altavoces. Asas laterales empotradas de acero de alta calidad. Dise\u00f1o personalizado Los parlantes Blue Line brindan definici\u00f3n, potencia y tono. El tweeter de bocina agrega brillo de alta gama. Puerto frontal para m\u00e1xima dispersi\u00f3n. Dos entradas Speakon\\\/Jack.\",\"breadcrumb\":{\"@id\":\"https:\\\/\\\/www.mexicanguitarplayers.com\\\/tienda\\\/sin categor\u00eda\\\/bafle-ashdown-p-bajo-mod-abm-210h\\\/#breadcrumb\"},\"inLanguage\":\"en-US\",\"potentialAction\":[{\"@type\":\"ReadAction\",\"target\":[\"https:\\\/\\\/www.mexicanguitarplayers.com\\\/tienda\\\/sin categor\u00eda\\\/bafle-ashdown-p-bajo-mod-abm-210h\\\/\"]}]},{\"@type\":\"ImageObject\",\"inLanguage\":\"en-US\",\"@id\":\"https:\\\/\\\/www.mexicanguitarplayers.com\\\/tienda\\\/sin categor\u00eda\\\/bafle-ashdown-p-bajo-mod-abm-210h\\\/#primaryimage\",\"url\":\"https:\\\/\\\/www.mexicanguitarplayers.com\\\/wp-content\\\/uploads\\\/2025\\\/04\\\/ICASOABM210H.jpg\",\"contentUrl\":\"https:\\\/\\\/www.mexicanguitarplayers.com\\\/wp-content\\\/uploads\\\/2025\\\/04\\\/ICASOABM210H.jpg\",\"width\":1200,\"height\":1200},{\"@type\":\"BreadcrumbList\",\"@id\":\"https:\\\/\\\/www.mexicanguitarplayers.com\\\/tienda\\\/sin categor\u00eda\\\/bafle-ashdown-p-bajo-mod-abm-210h\\\/#breadcrumb\",\"itemListElement\":[{\"@type\":\"ListItem\",\"position\":1,\"name\":\"Portada\",\"item\":\"https:\\\/\\\/www.mexicanguitarplayers.com\\\/\"},{\"@type\":\"ListItem\",\"position\":2,\"name\":\"Tienda\",\"item\":\"https:\\\/\\\/www.mexicanguitarplayers.com\\\/tienda\\\/\"},{\"@type\":\"ListItem\",\"position\":3,\"name\":\"BAFLE ASHDOWN P\\\/BAJO MOD. ABM-210H\"}]},{\"@type\":\"WebSite\",\"@id\":\"https:\\\/\\\/www.mexicanguitarplayers.com\\\/#website\",\"url\":\"https:\\\/\\\/www.mexicanguitarplayers.com\\\/\",\"name\":\"Mexican Guitar Players\",\"description\":\"Website\",\"publisher\":{\"@id\":\"https:\\\/\\\/www.mexicanguitarplayers.com\\\/#organization\"},\"potentialAction\":[{\"@type\":\"SearchAction\",\"target\":{\"@type\":\"EntryPoint\",\"urlTemplate\":\"https:\\\/\\\/www.mexicanguitarplayers.com\\\/?s={search_term_string}\"},\"query-input\":{\"@type\":\"PropertyValueSpecification\",\"valueRequired\":true,\"valueName\":\"search_term_string\"}}],\"inLanguage\":\"en-US\"},{\"@type\":\"Organization\",\"@id\":\"https:\\\/\\\/www.mexicanguitarplayers.com\\\/#organization\",\"name\":\"Mexican Guitar Players\",\"url\":\"https:\\\/\\\/www.mexicanguitarplayers.com\\\/\",\"logo\":{\"@type\":\"ImageObject\",\"inLanguage\":\"en-US\",\"@id\":\"https:\\\/\\\/www.mexicanguitarplayers.com\\\/#\\\/schema\\\/logo\\\/image\\\/\",\"url\":\"\",\"contentUrl\":\"\",\"caption\":\"Mexican Guitar Players\"},\"image\":{\"@id\":\"https:\\\/\\\/www.mexicanguitarplayers.com\\\/#\\\/schema\\\/logo\\\/image\\\/\"}}]}<\/script>\n<!-- \/ Yoast SEO plugin. -->","yoast_head_json":{"title":"BAFLE ASHDOWN P\/BAJO MOD. ABM-210H - Mexican Guitar Players","description":"Gabinete de altavoz de graves de construcci\u00f3n robusta que ofrece graves claros y definidos. Maneja 300 vatios a 8 ohmiosConstruido con madera contrachapada de abedul de alta calidad. Cubierta de tela de cuero de b\u00fafalo duradera, esquinas met\u00e1licas y una rejilla de acero protegen sus altavoces. Asas laterales empotradas de acero de alta calidad. Dise\u00f1o personalizado Los parlantes Blue Line brindan definici\u00f3n, potencia y tono. El tweeter de bocina agrega brillo de alta gama. Puerto frontal para m\u00e1xima dispersi\u00f3n. Dos entradas Speakon\/Jack.","robots":{"index":"index","follow":"follow","max-snippet":"max-snippet:-1","max-image-preview":"max-image-preview:large","max-video-preview":"max-video-preview:-1"},"canonical":"https:\/\/www.mexicanguitarplayers.com\/en\/tienda\/sin categor\u00eda\/bafle-ashdown-p-bajo-mod-abm-210h\/","og_locale":"en_US","og_type":"article","og_title":"BAFLE ASHDOWN P\/BAJO MOD. ABM-210H - Mexican Guitar Players","og_description":"Gabinete de altavoz de graves de construcci\u00f3n robusta que ofrece graves claros y definidos. Maneja 300 vatios a 8 ohmiosConstruido con madera contrachapada de abedul de alta calidad. Cubierta de tela de cuero de b\u00fafalo duradera, esquinas met\u00e1licas y una rejilla de acero protegen sus altavoces. Asas laterales empotradas de acero de alta calidad. Dise\u00f1o personalizado Los parlantes Blue Line brindan definici\u00f3n, potencia y tono. El tweeter de bocina agrega brillo de alta gama. Puerto frontal para m\u00e1xima dispersi\u00f3n. Dos entradas Speakon\/Jack.","og_url":"https:\/\/www.mexicanguitarplayers.com\/en\/tienda\/sin categor\u00eda\/bafle-ashdown-p-bajo-mod-abm-210h\/","og_site_name":"Mexican Guitar Players","article_modified_time":"2026-04-10T10:29:11+00:00","twitter_card":"summary_large_image","twitter_misc":{"Est. reading time":"1 minute"},"schema":{"@context":"https:\/\/schema.org","@graph":[{"@type":["WebPage","ItemPage"],"@id":"https:\/\/www.mexicanguitarplayers.com\/tienda\/sin categor\u00eda\/bafle-ashdown-p-bajo-mod-abm-210h\/","url":"https:\/\/www.mexicanguitarplayers.com\/tienda\/sin categor\u00eda\/bafle-ashdown-p-bajo-mod-abm-210h\/","name":"BAFLE ASHDOWN P\/BAJO MOD. ABM-210H - Mexican Guitar Players","isPartOf":{"@id":"https:\/\/www.mexicanguitarplayers.com\/#website"},"primaryImageOfPage":{"@id":"https:\/\/www.mexicanguitarplayers.com\/tienda\/sin categor\u00eda\/bafle-ashdown-p-bajo-mod-abm-210h\/#primaryimage"},"image":{"@id":"https:\/\/www.mexicanguitarplayers.com\/tienda\/sin categor\u00eda\/bafle-ashdown-p-bajo-mod-abm-210h\/#primaryimage"},"thumbnailUrl":"https:\/\/www.mexicanguitarplayers.com\/wp-content\/uploads\/2025\/04\/ICASOABM210H.jpg","datePublished":"2025-04-09T03:59:06+00:00","dateModified":"2026-04-10T10:29:11+00:00","description":"Gabinete de altavoz de graves de construcci\u00f3n robusta que ofrece graves claros y definidos. Maneja 300 vatios a 8 ohmiosConstruido con madera contrachapada de abedul de alta calidad. Cubierta de tela de cuero de b\u00fafalo duradera, esquinas met\u00e1licas y una rejilla de acero protegen sus altavoces. Asas laterales empotradas de acero de alta calidad. Dise\u00f1o personalizado Los parlantes Blue Line brindan definici\u00f3n, potencia y tono. El tweeter de bocina agrega brillo de alta gama. Puerto frontal para m\u00e1xima dispersi\u00f3n. Dos entradas Speakon\/Jack.","breadcrumb":{"@id":"https:\/\/www.mexicanguitarplayers.com\/tienda\/sin categor\u00eda\/bafle-ashdown-p-bajo-mod-abm-210h\/#breadcrumb"},"inLanguage":"en-US","potentialAction":[{"@type":"ReadAction","target":["https:\/\/www.mexicanguitarplayers.com\/tienda\/sin categor\u00eda\/bafle-ashdown-p-bajo-mod-abm-210h\/"]}]},{"@type":"ImageObject","inLanguage":"en-US","@id":"https:\/\/www.mexicanguitarplayers.com\/tienda\/sin categor\u00eda\/bafle-ashdown-p-bajo-mod-abm-210h\/#primaryimage","url":"https:\/\/www.mexicanguitarplayers.com\/wp-content\/uploads\/2025\/04\/ICASOABM210H.jpg","contentUrl":"https:\/\/www.mexicanguitarplayers.com\/wp-content\/uploads\/2025\/04\/ICASOABM210H.jpg","width":1200,"height":1200},{"@type":"BreadcrumbList","@id":"https:\/\/www.mexicanguitarplayers.com\/tienda\/sin categor\u00eda\/bafle-ashdown-p-bajo-mod-abm-210h\/#breadcrumb","itemListElement":[{"@type":"ListItem","position":1,"name":"Portada","item":"https:\/\/www.mexicanguitarplayers.com\/"},{"@type":"ListItem","position":2,"name":"Tienda","item":"https:\/\/www.mexicanguitarplayers.com\/tienda\/"},{"@type":"ListItem","position":3,"name":"BAFLE ASHDOWN P\/BAJO MOD. ABM-210H"}]},{"@type":"WebSite","@id":"https:\/\/www.mexicanguitarplayers.com\/#website","url":"https:\/\/www.mexicanguitarplayers.com\/","name":"Mexican Guitar Players","description":"Website","publisher":{"@id":"https:\/\/www.mexicanguitarplayers.com\/#organization"},"potentialAction":[{"@type":"SearchAction","target":{"@type":"EntryPoint","urlTemplate":"https:\/\/www.mexicanguitarplayers.com\/?s={search_term_string}"},"query-input":{"@type":"PropertyValueSpecification","valueRequired":true,"valueName":"search_term_string"}}],"inLanguage":"en-US"},{"@type":"Organization","@id":"https:\/\/www.mexicanguitarplayers.com\/#organization","name":"Mexican Guitar Players","url":"https:\/\/www.mexicanguitarplayers.com\/","logo":{"@type":"ImageObject","inLanguage":"en-US","@id":"https:\/\/www.mexicanguitarplayers.com\/#\/schema\/logo\/image\/","url":"","contentUrl":"","caption":"Mexican Guitar Players"},"image":{"@id":"https:\/\/www.mexicanguitarplayers.com\/#\/schema\/logo\/image\/"}}]}},"brands":[{"id":257,"name":"ASHDOWN","slug":"ashdown"}],"_links":{"self":[{"href":"https:\/\/www.mexicanguitarplayers.com\/en\/wp-json\/wp\/v2\/product\/34933","targetHints":{"allow":["GET"]}}],"collection":[{"href":"https:\/\/www.mexicanguitarplayers.com\/en\/wp-json\/wp\/v2\/product"}],"about":[{"href":"https:\/\/www.mexicanguitarplayers.com\/en\/wp-json\/wp\/v2\/types\/product"}],"replies":[{"embeddable":true,"href":"https:\/\/www.mexicanguitarplayers.com\/en\/wp-json\/wp\/v2\/comments?post=34933"}],"wp:featuredmedia":[{"embeddable":true,"href":"https:\/\/www.mexicanguitarplayers.com\/en\/wp-json\/wp\/v2\/media\/34927"}],"wp:attachment":[{"href":"https:\/\/www.mexicanguitarplayers.com\/en\/wp-json\/wp\/v2\/media?parent=34933"}],"wp:term":[{"taxonomy":"pwb-brand","embeddable":true,"href":"https:\/\/www.mexicanguitarplayers.com\/en\/wp-json\/wp\/v2\/pwb-brand?post=34933"},{"taxonomy":"product_brand","embeddable":true,"href":"https:\/\/www.mexicanguitarplayers.com\/en\/wp-json\/wp\/v2\/product_brand?post=34933"},{"taxonomy":"product_cat","embeddable":true,"href":"https:\/\/www.mexicanguitarplayers.com\/en\/wp-json\/wp\/v2\/product_cat?post=34933"},{"taxonomy":"product_tag","embeddable":true,"href":"https:\/\/www.mexicanguitarplayers.com\/en\/wp-json\/wp\/v2\/product_tag?post=34933"}],"curies":[{"name":"wp","href":"https:\/\/api.w.org\/{rel}","templated":true}]}}