{"id":34944,"date":"2025-04-08T21:59:20","date_gmt":"2025-04-09T03:59:20","guid":{"rendered":"https:\/\/www.mexicanguitarplayers.com\/tienda\/sin categor\u00eda\/bafle-electro-voice-mod-etx-10p\/"},"modified":"2026-02-17T01:15:50","modified_gmt":"2026-02-17T07:15:50","slug":"bafle-electro-voice-mod-etx-10p","status":"publish","type":"product","link":"https:\/\/www.mexicanguitarplayers.com\/en\/tienda\/audio\/bafles-y-bocinas\/bafles\/bafles-activos\/bafle-electro-voice-mod-etx-10p\/","title":{"rendered":"BAFLE ELECTRO VOICE  MOD. ETX-10P"},"content":{"rendered":"<div style=\"text-align: justify\">\n<div>\n<h3>Peque\u00f1o paquete con un gran golpe.<\/h3>\n<\/div>\n<div>La nueva familia de altavoces ETX Powered, se basa en la innovaci\u00f3n l\u00edder en la industria y la herencia de 85 a\u00f1os de la ingenier\u00eda de audio Electrovoice, para ofrecer los altavoces port\u00e1tiles m\u00e1s avanzados disponibles hoy en d\u00eda. Una gama vers\u00e1til de alta gama para los lugares de entretenimiento en vivo, compa\u00f1\u00edas de renta, profesionales de DJs e instalaci\u00f3n de audio, la familia de altavoces ETX Powered cuenta con 3 modelos de 2 v\u00edas (10&#8243;, 12&#8243; y 15&#8243; pulgadas, todos con un driver de compresi\u00f3n de titano HF) y 2 subs (15&#8243; y 18&#8243; pulgadas). Colocados por encima de las familias ZLX y LiveX respectivamente, los altavoces ETX Powered completan un tr\u00edo de ofertas de altavoces port\u00e1tiles EV recientes, cada uno de los cuales fue dise\u00f1ado para ofrecer el mejor rendimiento en su categor\u00eda. Dentro de cada gabinete de madera de bajo perfil de categor\u00eda tour-grade, hay una serie de nuevas caracter\u00edsticas que destacan los altavoces ETX Powered, combinando la tecnolog\u00eda inteligente y el dise\u00f1o industrial e innovador para resultados espectaculares en todas las aplicaciones.  Transductores EV de alta eficiencia y amplificadores Clase D de alta potencia, transductores sincr\u00f3nicos de se\u00f1al (SST) dise\u00f1o de gu\u00eda de ondas y DSP FIR-Drive inteligente, todos trabajan juntos para proporcionar una calidad de sonido EV sin igual y una cobertura precisa, incluso a altos niveles de SPL.<\/div>\n<div>\n<h4>Quick look<\/h4>\n<\/div>\n<ul style=\"margin: 0px 0px 0px 25px\">\n<li style=\"list-style-type: circle;margin: 5px\">Rango de frecuencia.<\/li>\n<li style=\"list-style-type: circle;margin: 5px\">Maximum SPL.<\/li>\n<li style=\"list-style-type: circle;margin: 5px\">Energy consumption.<\/li>\n<li style=\"list-style-type: circle;margin: 5px\">Potencia nominal.<\/li>\n<li style=\"list-style-type: circle;margin: 5px\">Frequency response.<\/li>\n<li style=\"list-style-type: circle;margin: 5px\">Cobertura nominal (-6 dB).<\/li>\n<li style=\"list-style-type: circle;margin: 5px\">Transductor LF.<\/li>\n<li style=\"list-style-type: circle;margin: 5px\">Transductor HF.<\/li>\n<li style=\"list-style-type: circle;margin: 5px\">Frecuencia de crossover.<\/li>\n<li style=\"list-style-type: circle;margin: 5px\">Tipo de conector.<\/li>\n<li style=\"list-style-type: circle;margin: 5px\">Material del gabinete.<\/li>\n<li style=\"list-style-type: circle;margin: 5px\">Rejilla.<\/li>\n<li style=\"list-style-type: circle;margin: 5px\">Suspensi\u00f3n.<\/li>\n<li style=\"list-style-type: circle;margin: 5px\">Dimensions.<\/li>\n<li style=\"list-style-type: circle;margin: 5px\">Weight.<\/li>\n<\/ul>\n<div>\n<div style=\"font-weight: bold\">Rango de frecuencia.<\/div>\n<div>\n<p>65 Hz &#8211; 20 kHzMedici\u00f3n a espacio completo usando el preset DSP de m\u00fasica y paso bajo de 150 Hz.<\/p>\n<\/div>\n<div style=\"font-weight: bold\">Maximum SPL.<\/div>\n<div>\n<p>134 dB pico, se mide a 1m usando el ruido rosa de banda ancha a la salida m\u00e1xima.<\/p>\n<\/div>\n<div style=\"font-weight: bold\">Energy consumption.<\/div>\n<div>\n<p>100 &#8211; 240V~, 50 &#8211; 60 Hz, 1.6 &#8211; 0.8 A, la corriente nominal es de 1\/8.<\/p>\n<\/div>\n<div style=\"font-weight: bold\">Potencia nominal.<\/div>\n<div>\n<p>2000 watts.<\/p>\n<\/div>\n<div style=\"font-weight: bold\">Frequency response.<\/div>\n<div>\n<p>85 Hz &#8211; 20 kHz.Medici\u00f3n a espacio completo usando el preset DSP de m\u00fasica y paso bajo de 150 Hz.<\/p>\n<\/div>\n<div style=\"font-weight: bold\">Cobertura nominal (-6 dB).<\/div>\n<div>\n<p>90\u00b0 x 60\u00b0.<\/p>\n<\/div>\n<div style=\"font-weight: bold\">Transductor LF.<\/div>\n<div>\n<p>10&#8243; pulgadas (254 mm) SMX2100.<\/p>\n<\/div>\n<div style=\"font-weight: bold\">Transductor HF.<\/div>\n<div>\n<p>Driver de compresi\u00f3n de titanio de 1.25&#8243; pulgadas (DH3-B).<\/p>\n<\/div>\n<div style=\"font-weight: bold\">Frecuencia de crossover.<\/div>\n<div>\n<p>1700 Hz.<\/p>\n<\/div>\n<div style=\"font-weight: bold\">Tipo de conector.<\/div>\n<div>\n<p>2 combo\/jacks XLR\/TRS y 1 XLR link output.<\/p>\n<\/div>\n<div style=\"font-weight: bold\">Material del gabinete.<\/div>\n<div>\n<p>13 capas de contrachapado de 18  mm con recubrimiento EVCoat.<\/p>\n<\/div>\n<div style=\"font-weight: bold\">Rejilla.<\/div>\n<div>\n<p>16AWG con pintura en polvo.<\/p>\n<\/div>\n<div style=\"font-weight: bold\">Suspensi\u00f3n.<\/div>\n<div>\n<p>8 puntos de suspensi\u00f3n M10.<\/p>\n<\/div>\n<div style=\"font-weight: bold\">Dimensions.<\/div>\n<div>\n<p>526 x 330 x 365 mm.<\/p>\n<\/div>\n<div style=\"font-weight: bold\">Weight.<\/div>\n<div>\n<p>20.3 kg.<\/p>\n<\/div>\n<\/div>\n<\/div>","protected":false},"excerpt":{"rendered":"<p>Bafle activo de 2 v\u00edas, de 10\u201d pulgadas (SMX2100), driver de compresi\u00f3n de titanio de 1.25\u201d pulgadas (DH3-B), amplificador de potencia Clase D de 2000 watts conDSP FIR-Drive integrado, SPL m\u00e1ximo: 134 dB,  rango de frecuencia: 85 Hz &#8211; 20 kHz, consumo de energ\u00eda: 100 &#8211; 240 V~, 50 &#8211; 60 Hz, cobertura nominal: 90\u00b0 x 60\u00b0,frecuencia de crossover: 1,700 Hz, conectores: 2 XLR\/TRS combo jack y 1 XLR linkoutput, material del gabinete: contrachapado de 18 mm, 13 capas con recubrimiento EVCoat, rejilla 16AWG de acero con pintura en polvo, 8 puntos de suspensi\u00f3n M10, dimensiones: 526 x 330 x 365 mm, peso: 20.3 kg.&hellip; <a class=\"kt-excerpt-readmore more-link\" href=\"https:\/\/www.mexicanguitarplayers.com\/en\/tienda\/audio\/bafles-y-bocinas\/bafles\/bafles-activos\/bafle-electro-voice-mod-etx-10p\/\">Read more<\/a><\/p>","protected":false},"featured_media":34941,"comment_status":"open","ping_status":"closed","template":"","meta":{"kt_blocks_editor_width":""},"pwb-brand":[535],"product_brand":[],"product_cat":[213,222,472,221],"product_tag":[],"class_list":{"0":"post-34944","1":"product","2":"type-product","3":"status-publish","4":"has-post-thumbnail","6":"pwb-brand-electrovoice","7":"product_cat-audio","8":"product_cat-bafles","9":"product_cat-bafles-activos","10":"product_cat-bafles-y-bocinas","11":"product_shipping_class-20-25-kg","13":"first","14":"outofstock","15":"taxable","16":"shipping-taxable","17":"purchasable","18":"product-type-simple"},"yoast_head":"<!-- This site is optimized with the Yoast SEO plugin v27.3 - https:\/\/yoast.com\/product\/yoast-seo-wordpress\/ -->\n<title>BAFLE ELECTRO VOICE MOD. ETX-10P - Mexican Guitar Players<\/title>\n<meta name=\"description\" content=\"Bafle activo de 2 v\u00edas, de 10\u201d pulgadas (SMX2100), driver de compresi\u00f3n de titanio de 1.25\u201d pulgadas (DH3-B), amplificador de potencia Clase D de 2000 watts conDSP FIR-Drive integrado, SPL m\u00e1ximo: 134 dB, rango de frecuencia: 85 Hz - 20 kHz, consumo de energ\u00eda: 100 - 240 V~, 50 - 60 Hz, cobertura nominal: 90\u00b0 x 60\u00b0,frecuencia de crossover: 1,700 Hz, conectores: 2 XLR\/TRS combo jack y 1 XLR linkoutput, material del gabinete: contrachapado de 18 mm, 13 capas con recubrimiento EVCoat, rejilla 16AWG de acero con pintura en polvo, 8 puntos de suspensi\u00f3n M10, dimensiones: 526 x 330 x 365 mm, peso: 20.3 kg.\" \/>\n<meta name=\"robots\" content=\"index, follow, max-snippet:-1, max-image-preview:large, max-video-preview:-1\" \/>\n<link rel=\"canonical\" href=\"https:\/\/www.mexicanguitarplayers.com\/en\/tienda\/sin%20categor\u00eda\/bafle-electro-voice-mod-etx-10p\/\" \/>\n<meta property=\"og:locale\" content=\"en_US\" \/>\n<meta property=\"og:type\" content=\"article\" \/>\n<meta property=\"og:title\" content=\"BAFLE ELECTRO VOICE MOD. ETX-10P - Mexican Guitar Players\" \/>\n<meta property=\"og:description\" content=\"Bafle activo de 2 v\u00edas, de 10\u201d pulgadas (SMX2100), driver de compresi\u00f3n de titanio de 1.25\u201d pulgadas (DH3-B), amplificador de potencia Clase D de 2000 watts conDSP FIR-Drive integrado, SPL m\u00e1ximo: 134 dB, rango de frecuencia: 85 Hz - 20 kHz, consumo de energ\u00eda: 100 - 240 V~, 50 - 60 Hz, cobertura nominal: 90\u00b0 x 60\u00b0,frecuencia de crossover: 1,700 Hz, conectores: 2 XLR\/TRS combo jack y 1 XLR linkoutput, material del gabinete: contrachapado de 18 mm, 13 capas con recubrimiento EVCoat, rejilla 16AWG de acero con pintura en polvo, 8 puntos de suspensi\u00f3n M10, dimensiones: 526 x 330 x 365 mm, peso: 20.3 kg.\" \/>\n<meta property=\"og:url\" content=\"https:\/\/www.mexicanguitarplayers.com\/en\/tienda\/sin categor\u00eda\/bafle-electro-voice-mod-etx-10p\/\" \/>\n<meta property=\"og:site_name\" content=\"Mexican Guitar Players\" \/>\n<meta property=\"article:modified_time\" content=\"2026-02-17T07:15:50+00:00\" \/>\n<meta name=\"twitter:card\" content=\"summary_large_image\" \/>\n<meta name=\"twitter:label1\" content=\"Est. reading time\" \/>\n\t<meta name=\"twitter:data1\" content=\"2 minutes\" \/>\n<script type=\"application\/ld+json\" class=\"yoast-schema-graph\">{\"@context\":\"https:\\\/\\\/schema.org\",\"@graph\":[{\"@type\":[\"WebPage\",\"ItemPage\"],\"@id\":\"https:\\\/\\\/www.mexicanguitarplayers.com\\\/tienda\\\/sin categor\u00eda\\\/bafle-electro-voice-mod-etx-10p\\\/\",\"url\":\"https:\\\/\\\/www.mexicanguitarplayers.com\\\/tienda\\\/sin categor\u00eda\\\/bafle-electro-voice-mod-etx-10p\\\/\",\"name\":\"BAFLE ELECTRO VOICE MOD. ETX-10P - Mexican Guitar Players\",\"isPartOf\":{\"@id\":\"https:\\\/\\\/www.mexicanguitarplayers.com\\\/#website\"},\"primaryImageOfPage\":{\"@id\":\"https:\\\/\\\/www.mexicanguitarplayers.com\\\/tienda\\\/sin categor\u00eda\\\/bafle-electro-voice-mod-etx-10p\\\/#primaryimage\"},\"image\":{\"@id\":\"https:\\\/\\\/www.mexicanguitarplayers.com\\\/tienda\\\/sin categor\u00eda\\\/bafle-electro-voice-mod-etx-10p\\\/#primaryimage\"},\"thumbnailUrl\":\"https:\\\/\\\/www.mexicanguitarplayers.com\\\/wp-content\\\/uploads\\\/2025\\\/04\\\/IAEVOETX10P.jpg\",\"datePublished\":\"2025-04-09T03:59:20+00:00\",\"dateModified\":\"2026-02-17T07:15:50+00:00\",\"description\":\"Bafle activo de 2 v\u00edas, de 10\u201d pulgadas (SMX2100), driver de compresi\u00f3n de titanio de 1.25\u201d pulgadas (DH3-B), amplificador de potencia Clase D de 2000 watts conDSP FIR-Drive integrado, SPL m\u00e1ximo: 134 dB, rango de frecuencia: 85 Hz - 20 kHz, consumo de energ\u00eda: 100 - 240 V~, 50 - 60 Hz, cobertura nominal: 90\u00b0 x 60\u00b0,frecuencia de crossover: 1,700 Hz, conectores: 2 XLR\\\/TRS combo jack y 1 XLR linkoutput, material del gabinete: contrachapado de 18 mm, 13 capas con recubrimiento EVCoat, rejilla 16AWG de acero con pintura en polvo, 8 puntos de suspensi\u00f3n M10, dimensiones: 526 x 330 x 365 mm, peso: 20.3 kg.\",\"breadcrumb\":{\"@id\":\"https:\\\/\\\/www.mexicanguitarplayers.com\\\/tienda\\\/sin categor\u00eda\\\/bafle-electro-voice-mod-etx-10p\\\/#breadcrumb\"},\"inLanguage\":\"en-US\",\"potentialAction\":[{\"@type\":\"ReadAction\",\"target\":[\"https:\\\/\\\/www.mexicanguitarplayers.com\\\/tienda\\\/sin categor\u00eda\\\/bafle-electro-voice-mod-etx-10p\\\/\"]}]},{\"@type\":\"ImageObject\",\"inLanguage\":\"en-US\",\"@id\":\"https:\\\/\\\/www.mexicanguitarplayers.com\\\/tienda\\\/sin categor\u00eda\\\/bafle-electro-voice-mod-etx-10p\\\/#primaryimage\",\"url\":\"https:\\\/\\\/www.mexicanguitarplayers.com\\\/wp-content\\\/uploads\\\/2025\\\/04\\\/IAEVOETX10P.jpg\",\"contentUrl\":\"https:\\\/\\\/www.mexicanguitarplayers.com\\\/wp-content\\\/uploads\\\/2025\\\/04\\\/IAEVOETX10P.jpg\",\"width\":1200,\"height\":1200},{\"@type\":\"BreadcrumbList\",\"@id\":\"https:\\\/\\\/www.mexicanguitarplayers.com\\\/tienda\\\/sin categor\u00eda\\\/bafle-electro-voice-mod-etx-10p\\\/#breadcrumb\",\"itemListElement\":[{\"@type\":\"ListItem\",\"position\":1,\"name\":\"Portada\",\"item\":\"https:\\\/\\\/www.mexicanguitarplayers.com\\\/\"},{\"@type\":\"ListItem\",\"position\":2,\"name\":\"Tienda\",\"item\":\"https:\\\/\\\/www.mexicanguitarplayers.com\\\/tienda\\\/\"},{\"@type\":\"ListItem\",\"position\":3,\"name\":\"BAFLE ELECTRO VOICE MOD. ETX-10P\"}]},{\"@type\":\"WebSite\",\"@id\":\"https:\\\/\\\/www.mexicanguitarplayers.com\\\/#website\",\"url\":\"https:\\\/\\\/www.mexicanguitarplayers.com\\\/\",\"name\":\"Mexican Guitar Players\",\"description\":\"Website\",\"publisher\":{\"@id\":\"https:\\\/\\\/www.mexicanguitarplayers.com\\\/#organization\"},\"potentialAction\":[{\"@type\":\"SearchAction\",\"target\":{\"@type\":\"EntryPoint\",\"urlTemplate\":\"https:\\\/\\\/www.mexicanguitarplayers.com\\\/?s={search_term_string}\"},\"query-input\":{\"@type\":\"PropertyValueSpecification\",\"valueRequired\":true,\"valueName\":\"search_term_string\"}}],\"inLanguage\":\"en-US\"},{\"@type\":\"Organization\",\"@id\":\"https:\\\/\\\/www.mexicanguitarplayers.com\\\/#organization\",\"name\":\"Mexican Guitar Players\",\"url\":\"https:\\\/\\\/www.mexicanguitarplayers.com\\\/\",\"logo\":{\"@type\":\"ImageObject\",\"inLanguage\":\"en-US\",\"@id\":\"https:\\\/\\\/www.mexicanguitarplayers.com\\\/#\\\/schema\\\/logo\\\/image\\\/\",\"url\":\"\",\"contentUrl\":\"\",\"caption\":\"Mexican Guitar Players\"},\"image\":{\"@id\":\"https:\\\/\\\/www.mexicanguitarplayers.com\\\/#\\\/schema\\\/logo\\\/image\\\/\"}}]}<\/script>\n<!-- \/ Yoast SEO plugin. -->","yoast_head_json":{"title":"BAFLE ELECTRO VOICE MOD. ETX-10P - Mexican Guitar Players","description":"Bafle activo de 2 v\u00edas, de 10\u201d pulgadas (SMX2100), driver de compresi\u00f3n de titanio de 1.25\u201d pulgadas (DH3-B), amplificador de potencia Clase D de 2000 watts conDSP FIR-Drive integrado, SPL m\u00e1ximo: 134 dB, rango de frecuencia: 85 Hz - 20 kHz, consumo de energ\u00eda: 100 - 240 V~, 50 - 60 Hz, cobertura nominal: 90\u00b0 x 60\u00b0,frecuencia de crossover: 1,700 Hz, conectores: 2 XLR\/TRS combo jack y 1 XLR linkoutput, material del gabinete: contrachapado de 18 mm, 13 capas con recubrimiento EVCoat, rejilla 16AWG de acero con pintura en polvo, 8 puntos de suspensi\u00f3n M10, dimensiones: 526 x 330 x 365 mm, peso: 20.3 kg.","robots":{"index":"index","follow":"follow","max-snippet":"max-snippet:-1","max-image-preview":"max-image-preview:large","max-video-preview":"max-video-preview:-1"},"canonical":"https:\/\/www.mexicanguitarplayers.com\/en\/tienda\/sin categor\u00eda\/bafle-electro-voice-mod-etx-10p\/","og_locale":"en_US","og_type":"article","og_title":"BAFLE ELECTRO VOICE MOD. ETX-10P - Mexican Guitar Players","og_description":"Bafle activo de 2 v\u00edas, de 10\u201d pulgadas (SMX2100), driver de compresi\u00f3n de titanio de 1.25\u201d pulgadas (DH3-B), amplificador de potencia Clase D de 2000 watts conDSP FIR-Drive integrado, SPL m\u00e1ximo: 134 dB, rango de frecuencia: 85 Hz - 20 kHz, consumo de energ\u00eda: 100 - 240 V~, 50 - 60 Hz, cobertura nominal: 90\u00b0 x 60\u00b0,frecuencia de crossover: 1,700 Hz, conectores: 2 XLR\/TRS combo jack y 1 XLR linkoutput, material del gabinete: contrachapado de 18 mm, 13 capas con recubrimiento EVCoat, rejilla 16AWG de acero con pintura en polvo, 8 puntos de suspensi\u00f3n M10, dimensiones: 526 x 330 x 365 mm, peso: 20.3 kg.","og_url":"https:\/\/www.mexicanguitarplayers.com\/en\/tienda\/sin categor\u00eda\/bafle-electro-voice-mod-etx-10p\/","og_site_name":"Mexican Guitar Players","article_modified_time":"2026-02-17T07:15:50+00:00","twitter_card":"summary_large_image","twitter_misc":{"Est. reading time":"2 minutes"},"schema":{"@context":"https:\/\/schema.org","@graph":[{"@type":["WebPage","ItemPage"],"@id":"https:\/\/www.mexicanguitarplayers.com\/tienda\/sin categor\u00eda\/bafle-electro-voice-mod-etx-10p\/","url":"https:\/\/www.mexicanguitarplayers.com\/tienda\/sin categor\u00eda\/bafle-electro-voice-mod-etx-10p\/","name":"BAFLE ELECTRO VOICE MOD. ETX-10P - Mexican Guitar Players","isPartOf":{"@id":"https:\/\/www.mexicanguitarplayers.com\/#website"},"primaryImageOfPage":{"@id":"https:\/\/www.mexicanguitarplayers.com\/tienda\/sin categor\u00eda\/bafle-electro-voice-mod-etx-10p\/#primaryimage"},"image":{"@id":"https:\/\/www.mexicanguitarplayers.com\/tienda\/sin categor\u00eda\/bafle-electro-voice-mod-etx-10p\/#primaryimage"},"thumbnailUrl":"https:\/\/www.mexicanguitarplayers.com\/wp-content\/uploads\/2025\/04\/IAEVOETX10P.jpg","datePublished":"2025-04-09T03:59:20+00:00","dateModified":"2026-02-17T07:15:50+00:00","description":"Bafle activo de 2 v\u00edas, de 10\u201d pulgadas (SMX2100), driver de compresi\u00f3n de titanio de 1.25\u201d pulgadas (DH3-B), amplificador de potencia Clase D de 2000 watts conDSP FIR-Drive integrado, SPL m\u00e1ximo: 134 dB, rango de frecuencia: 85 Hz - 20 kHz, consumo de energ\u00eda: 100 - 240 V~, 50 - 60 Hz, cobertura nominal: 90\u00b0 x 60\u00b0,frecuencia de crossover: 1,700 Hz, conectores: 2 XLR\/TRS combo jack y 1 XLR linkoutput, material del gabinete: contrachapado de 18 mm, 13 capas con recubrimiento EVCoat, rejilla 16AWG de acero con pintura en polvo, 8 puntos de suspensi\u00f3n M10, dimensiones: 526 x 330 x 365 mm, peso: 20.3 kg.","breadcrumb":{"@id":"https:\/\/www.mexicanguitarplayers.com\/tienda\/sin categor\u00eda\/bafle-electro-voice-mod-etx-10p\/#breadcrumb"},"inLanguage":"en-US","potentialAction":[{"@type":"ReadAction","target":["https:\/\/www.mexicanguitarplayers.com\/tienda\/sin categor\u00eda\/bafle-electro-voice-mod-etx-10p\/"]}]},{"@type":"ImageObject","inLanguage":"en-US","@id":"https:\/\/www.mexicanguitarplayers.com\/tienda\/sin categor\u00eda\/bafle-electro-voice-mod-etx-10p\/#primaryimage","url":"https:\/\/www.mexicanguitarplayers.com\/wp-content\/uploads\/2025\/04\/IAEVOETX10P.jpg","contentUrl":"https:\/\/www.mexicanguitarplayers.com\/wp-content\/uploads\/2025\/04\/IAEVOETX10P.jpg","width":1200,"height":1200},{"@type":"BreadcrumbList","@id":"https:\/\/www.mexicanguitarplayers.com\/tienda\/sin categor\u00eda\/bafle-electro-voice-mod-etx-10p\/#breadcrumb","itemListElement":[{"@type":"ListItem","position":1,"name":"Portada","item":"https:\/\/www.mexicanguitarplayers.com\/"},{"@type":"ListItem","position":2,"name":"Tienda","item":"https:\/\/www.mexicanguitarplayers.com\/tienda\/"},{"@type":"ListItem","position":3,"name":"BAFLE ELECTRO VOICE MOD. ETX-10P"}]},{"@type":"WebSite","@id":"https:\/\/www.mexicanguitarplayers.com\/#website","url":"https:\/\/www.mexicanguitarplayers.com\/","name":"Mexican Guitar Players","description":"Website","publisher":{"@id":"https:\/\/www.mexicanguitarplayers.com\/#organization"},"potentialAction":[{"@type":"SearchAction","target":{"@type":"EntryPoint","urlTemplate":"https:\/\/www.mexicanguitarplayers.com\/?s={search_term_string}"},"query-input":{"@type":"PropertyValueSpecification","valueRequired":true,"valueName":"search_term_string"}}],"inLanguage":"en-US"},{"@type":"Organization","@id":"https:\/\/www.mexicanguitarplayers.com\/#organization","name":"Mexican Guitar Players","url":"https:\/\/www.mexicanguitarplayers.com\/","logo":{"@type":"ImageObject","inLanguage":"en-US","@id":"https:\/\/www.mexicanguitarplayers.com\/#\/schema\/logo\/image\/","url":"","contentUrl":"","caption":"Mexican Guitar Players"},"image":{"@id":"https:\/\/www.mexicanguitarplayers.com\/#\/schema\/logo\/image\/"}}]}},"brands":[{"id":535,"name":"ELECTROVOICE","slug":"electrovoice"}],"_links":{"self":[{"href":"https:\/\/www.mexicanguitarplayers.com\/en\/wp-json\/wp\/v2\/product\/34944","targetHints":{"allow":["GET"]}}],"collection":[{"href":"https:\/\/www.mexicanguitarplayers.com\/en\/wp-json\/wp\/v2\/product"}],"about":[{"href":"https:\/\/www.mexicanguitarplayers.com\/en\/wp-json\/wp\/v2\/types\/product"}],"replies":[{"embeddable":true,"href":"https:\/\/www.mexicanguitarplayers.com\/en\/wp-json\/wp\/v2\/comments?post=34944"}],"wp:featuredmedia":[{"embeddable":true,"href":"https:\/\/www.mexicanguitarplayers.com\/en\/wp-json\/wp\/v2\/media\/34941"}],"wp:attachment":[{"href":"https:\/\/www.mexicanguitarplayers.com\/en\/wp-json\/wp\/v2\/media?parent=34944"}],"wp:term":[{"taxonomy":"pwb-brand","embeddable":true,"href":"https:\/\/www.mexicanguitarplayers.com\/en\/wp-json\/wp\/v2\/pwb-brand?post=34944"},{"taxonomy":"product_brand","embeddable":true,"href":"https:\/\/www.mexicanguitarplayers.com\/en\/wp-json\/wp\/v2\/product_brand?post=34944"},{"taxonomy":"product_cat","embeddable":true,"href":"https:\/\/www.mexicanguitarplayers.com\/en\/wp-json\/wp\/v2\/product_cat?post=34944"},{"taxonomy":"product_tag","embeddable":true,"href":"https:\/\/www.mexicanguitarplayers.com\/en\/wp-json\/wp\/v2\/product_tag?post=34944"}],"curies":[{"name":"wp","href":"https:\/\/api.w.org\/{rel}","templated":true}]}}