{"id":34958,"date":"2025-04-08T21:59:42","date_gmt":"2025-04-09T03:59:42","guid":{"rendered":"https:\/\/www.mexicanguitarplayers.com\/tienda\/sin categor\u00eda\/driver-eighteen-2-mod-nd2060\/"},"modified":"2026-01-14T07:17:03","modified_gmt":"2026-01-14T13:17:03","slug":"driver-eighteen-2-mod-nd2060","status":"publish","type":"product","link":"https:\/\/www.mexicanguitarplayers.com\/en\/tienda\/audio\/bafles-y-bocinas\/bocinas-y-componentes\/agudos\/driver-eighteen-2-mod-nd2060\/","title":{"rendered":"DRIVER EIGHTEEN 2    MOD. ND2060"},"content":{"rendered":"<div style=\"text-align: justify\">\n<div>\n<h3>Los mejores agudos.<\/h3>\n<\/div>\n<div>El driver de compresi\u00f3n de alta frecuencia de 2&#8243; pulgadas ND2060, se ha dise\u00f1ado para aplicaciones de sistemas de sonido de alto nivel. Su diafragma de titanio se produce internamente en Eighteen Sound y se ha desarrollado para garantizar una respuesta transitoria sin igual. El ensamblaje del diafragma se realiza al unir el primero directamente a la c\u00fapula de titanio en su borde de doblez superior. En comparaci\u00f3n con un embobinador con una usual junta recta, el dise\u00f1o del driver asegura una transferencia de energ\u00eda de frecuencia extendida para una linealidad de respuesta mejorada y una confiabilidad sin igual. Esta caracter\u00edstica facilita el control de movimiento adecuado del domo en condiciones de trabajo reales. Se utiliza un embobinador de Nomex tratado patentado que muestra un valor 30% m\u00e1s alto de alargamiento por tracci\u00f3n a una temperatura operativa de trabajo (200\u00b0C) en comparaci\u00f3n con Kapton. Adem\u00e1s, este material embobinador tambi\u00e9n es adecuado para su uso en entornos con mayor contenido de humedad. La gran innovaci\u00f3n en ND2060 consiste en su arquitectura magn\u00e9tica. Mediante el uso cuidadoso de piezas elementales de imanes de neodimio, los ingenieros de Eighteen Sound, han desarrollado un poderoso conjunto de imanes de neodimio que puede alcanzar los 19 kg en el entrehierro en estructuras compactas y ligeras. La estructura del motor, a lo largo del plug de fase precisamente coherente con 3 ranuras circunferenciales y anillo de cobre en la pieza polar, reduce los efectos de inductancia y distorsi\u00f3n. Los cuatro conductos de aire de la placa superior, han sido dise\u00f1ados para actuar como una c\u00e1mara de carga para el diafragma, implementando distorsiones mid-band y figuras de respuesta. La junta t\u00f3rica dise\u00f1ada a medida, crea un sello herm\u00e9tico entre la placa y la cubierta, que asegura la carga de la c\u00e1mara de aire. La excelente disipaci\u00f3n de calor y el intercambio t\u00e9rmico est\u00e1n garantizados por el contacto directo entre la estructura magn\u00e9tica y la cubierta de aluminio, lo que conduce a un menor valor de compresi\u00f3n de potencia. Debido al uso cada vez mayor de sistemas de audio de alta potencia en eventos al aire libre o en entornos marinos, la capacidad de este altavoz de funcionar correctamente en condiciones clim\u00e1ticas adversas, es una caracter\u00edstica clave de la filosof\u00eda de Eighteen Sound. Por lo tanto, se ha aplicado un tratamiento especial al im\u00e1n y las placas superior y posterior de la estructura magn\u00e9tica que hacen al driver m\u00e1s resistente a los efectos corrosivos de las sales y la oxidaci\u00f3n. Este tratamiento es m\u00e1s efectivo que cualquier otro tratamiento usado por otros fabricantes.<\/div>\n<div>\n<h4>Quick look<\/h4>\n<\/div>\n<ul style=\"margin: 0px 0px 0px 25px\">\n<li style=\"list-style-type: circle;margin: 5px\">Di\u00e1metro de la garganta.<\/li>\n<li style=\"list-style-type: circle;margin: 5px\">Impedance.<\/li>\n<li style=\"list-style-type: circle;margin: 5px\">Resistencia DC.<\/li>\n<li style=\"list-style-type: circle;margin: 5px\">Impedancia m\u00ednima.<\/li>\n<li style=\"list-style-type: circle;margin: 5px\">Le (a 1 kHz).<\/li>\n<li style=\"list-style-type: circle;margin: 5px\">Power.<\/li>\n<li style=\"list-style-type: circle;margin: 5px\">Sensitivity.<\/li>\n<li style=\"list-style-type: circle;margin: 5px\">Rango de frecuencia.<\/li>\n<li style=\"list-style-type: circle;margin: 5px\">Frecuencia de crossover recomendada.<\/li>\n<li style=\"list-style-type: circle;margin: 5px\">Material del diafragma.<\/li>\n<li style=\"list-style-type: circle;margin: 5px\">Di\u00e1metro de la bobina de altavoz.<\/li>\n<li style=\"list-style-type: circle;margin: 5px\">Material de la bobina de altavoz.<\/li>\n<li style=\"list-style-type: circle;margin: 5px\">Material magn\u00e9tico.<\/li>\n<li style=\"list-style-type: circle;margin: 5px\">Densidad de flujo.<\/li>\n<li style=\"list-style-type: circle;margin: 5px\">Factor BL.<\/li>\n<li style=\"list-style-type: circle;margin: 5px\">Polaridad.<\/li>\n<li style=\"list-style-type: circle;margin: 5px\">Di\u00e1metro total.<\/li>\n<li style=\"list-style-type: circle;margin: 5px\">Profundidad total.<\/li>\n<li style=\"list-style-type: circle;margin: 5px\">Peso neto.<\/li>\n<\/ul>\n<div>\n<div style=\"font-weight: bold\">Di\u00e1metro de la garganta.<\/div>\n<div>\n<p>2&#8243; pulgadas (50 mm).<\/p>\n<\/div>\n<div style=\"font-weight: bold\">Impedance.<\/div>\n<div>\n<p>8 ohms.<\/p>\n<\/div>\n<div style=\"font-weight: bold\">Resistencia DC.<\/div>\n<div>\n<p>6.2 ohms.<\/p>\n<\/div>\n<div style=\"font-weight: bold\">Impedancia m\u00ednima.<\/div>\n<div>\n<p>8 ohms a 3500 Hz.<\/p>\n<\/div>\n<div style=\"font-weight: bold\">Le (a 1 kHz).<\/div>\n<div>\n<p>124 \u00b5H.<\/p>\n<\/div>\n<div style=\"font-weight: bold\">Power.<\/div>\n<div>\n<p>AES: 100 Watts por encima de los 1.2 kHz. PROGRAMA: 200 Watts por encima de los 1.2 kHz.<\/p>\n<\/div>\n<div style=\"font-weight: bold\">Sensitivity.<\/div>\n<div>\n<p>109 dB.<\/p>\n<\/div>\n<div style=\"font-weight: bold\">Rango de frecuencia.<\/div>\n<div>\n<p>500 Hz &#8211; 20 kHz.<\/p>\n<\/div>\n<div style=\"font-weight: bold\">Frecuencia de crossover recomendada.<\/div>\n<div>\n<p>800 Hz (12 dB \/ pendiente octava).<\/p>\n<\/div>\n<div style=\"font-weight: bold\">Material del diafragma.<\/div>\n<div>\n<p>Titanio.<\/p>\n<\/div>\n<div style=\"font-weight: bold\">Di\u00e1metro de la bobina de altavoz.<\/div>\n<div>\n<p>3&#8243; pulgadas (75 mm).<\/p>\n<\/div>\n<div style=\"font-weight: bold\">Material de la bobina de altavoz.<\/div>\n<div>\n<p>Borde de aluminio de cuerda.<\/p>\n<\/div>\n<div style=\"font-weight: bold\">Material magn\u00e9tico.<\/div>\n<div>\n<p>Neodimio.<\/p>\n<\/div>\n<div style=\"font-weight: bold\">Densidad de flujo.<\/div>\n<div>\n<p>1.9 T.<\/p>\n<\/div>\n<div style=\"font-weight: bold\">Factor BL.<\/div>\n<div>\n<p>13.5 N\/A.<\/p>\n<\/div>\n<div style=\"font-weight: bold\">Polaridad.<\/div>\n<div>\n<p>La tensi\u00f3n positiva en la terminal roja da una presi\u00f3n positiva en la garganta.<\/p>\n<\/div>\n<div style=\"font-weight: bold\">Di\u00e1metro total.<\/div>\n<div>\n<p>5.22&#8243; pulgadas (132.5 mm).<\/p>\n<\/div>\n<div style=\"font-weight: bold\">Profundidad total.<\/div>\n<div>\n<p>3.9&#8243; pulgadas (99 mm).<\/p>\n<\/div>\n<div style=\"font-weight: bold\">Peso neto.<\/div>\n<div>\n<p>3.6 Kg.<\/p>\n<\/div>\n<\/div>\n<\/div>","protected":false},"excerpt":{"rendered":"<p>Driver HF de neodimio para altas frecuencias, sensibilidad: 109 dB, garganta de salida de 2\u201d pulgadas (50 mm), bobina m\u00f3vil de aluminio de 3\u201d pulgadas, impedancia: 8 ohms, potencia AES: 100W por encima de los 1.2 kHz, potencia programa: 200W por encima de los 1.2 kHz, rango de frecuencia: 500 Hz &#8211;  20 kHz, estructura magn\u00e9tica de neodimio, montaje de diafragma de titanio puro, excelente intercambio t\u00e9rmico, bobina m\u00f3vil de 3\u201d pulgadas, peso: 3.6 kg.&hellip; <a class=\"kt-excerpt-readmore more-link\" href=\"https:\/\/www.mexicanguitarplayers.com\/en\/tienda\/audio\/bafles-y-bocinas\/bocinas-y-componentes\/agudos\/driver-eighteen-2-mod-nd2060\/\">Read more<\/a><\/p>","protected":false},"featured_media":34954,"comment_status":"open","ping_status":"closed","template":"","meta":{"kt_blocks_editor_width":""},"pwb-brand":[533],"product_brand":[],"product_cat":[530,213,221,474],"product_tag":[],"class_list":{"0":"post-34958","1":"product","2":"type-product","3":"status-publish","4":"has-post-thumbnail","6":"pwb-brand-eighteen-sound","7":"product_cat-agudos","8":"product_cat-audio","9":"product_cat-bafles-y-bocinas","10":"product_cat-bocinas-y-componentes","11":"product_shipping_class-0-5-kg","13":"first","14":"instock","15":"taxable","16":"shipping-taxable","17":"purchasable","18":"product-type-simple"},"yoast_head":"<!-- This site is optimized with the Yoast SEO plugin v27.3 - https:\/\/yoast.com\/product\/yoast-seo-wordpress\/ -->\n<title>DRIVER EIGHTEEN 2  MOD. ND2060 - Mexican Guitar Players<\/title>\n<meta name=\"description\" content=\"Driver HF de neodimio para altas frecuencias, sensibilidad: 109 dB, garganta de salida de 2\u201d pulgadas (50 mm), bobina m\u00f3vil de aluminio de 3\u201d pulgadas, impedancia: 8 ohms, potencia AES: 100W por encima de los 1.2 kHz, potencia programa: 200W por encima de los 1.2 kHz, rango de frecuencia: 500 Hz - 20 kHz, estructura magn\u00e9tica de neodimio, montaje de diafragma de titanio puro, excelente intercambio t\u00e9rmico, bobina m\u00f3vil de 3\u201d pulgadas, peso: 3.6 kg.\" \/>\n<meta name=\"robots\" content=\"index, follow, max-snippet:-1, max-image-preview:large, max-video-preview:-1\" \/>\n<link rel=\"canonical\" href=\"https:\/\/www.mexicanguitarplayers.com\/en\/tienda\/sin%20categor\u00eda\/driver-eighteen-2-mod-nd2060\/\" \/>\n<meta property=\"og:locale\" content=\"en_US\" \/>\n<meta property=\"og:type\" content=\"article\" \/>\n<meta property=\"og:title\" content=\"DRIVER EIGHTEEN 2  MOD. ND2060 - Mexican Guitar Players\" \/>\n<meta property=\"og:description\" content=\"Driver HF de neodimio para altas frecuencias, sensibilidad: 109 dB, garganta de salida de 2\u201d pulgadas (50 mm), bobina m\u00f3vil de aluminio de 3\u201d pulgadas, impedancia: 8 ohms, potencia AES: 100W por encima de los 1.2 kHz, potencia programa: 200W por encima de los 1.2 kHz, rango de frecuencia: 500 Hz - 20 kHz, estructura magn\u00e9tica de neodimio, montaje de diafragma de titanio puro, excelente intercambio t\u00e9rmico, bobina m\u00f3vil de 3\u201d pulgadas, peso: 3.6 kg.\" \/>\n<meta property=\"og:url\" content=\"https:\/\/www.mexicanguitarplayers.com\/en\/tienda\/sin categor\u00eda\/driver-eighteen-2-mod-nd2060\/\" \/>\n<meta property=\"og:site_name\" content=\"Mexican Guitar Players\" \/>\n<meta property=\"article:modified_time\" content=\"2026-01-14T13:17:03+00:00\" \/>\n<meta name=\"twitter:card\" content=\"summary_large_image\" \/>\n<meta name=\"twitter:label1\" content=\"Est. reading time\" \/>\n\t<meta name=\"twitter:data1\" content=\"3 minutes\" \/>\n<script type=\"application\/ld+json\" class=\"yoast-schema-graph\">{\"@context\":\"https:\\\/\\\/schema.org\",\"@graph\":[{\"@type\":[\"WebPage\",\"ItemPage\"],\"@id\":\"https:\\\/\\\/www.mexicanguitarplayers.com\\\/tienda\\\/sin categor\u00eda\\\/driver-eighteen-2-mod-nd2060\\\/\",\"url\":\"https:\\\/\\\/www.mexicanguitarplayers.com\\\/tienda\\\/sin categor\u00eda\\\/driver-eighteen-2-mod-nd2060\\\/\",\"name\":\"DRIVER EIGHTEEN 2 MOD. ND2060 - Mexican Guitar Players\",\"isPartOf\":{\"@id\":\"https:\\\/\\\/www.mexicanguitarplayers.com\\\/#website\"},\"primaryImageOfPage\":{\"@id\":\"https:\\\/\\\/www.mexicanguitarplayers.com\\\/tienda\\\/sin categor\u00eda\\\/driver-eighteen-2-mod-nd2060\\\/#primaryimage\"},\"image\":{\"@id\":\"https:\\\/\\\/www.mexicanguitarplayers.com\\\/tienda\\\/sin categor\u00eda\\\/driver-eighteen-2-mod-nd2060\\\/#primaryimage\"},\"thumbnailUrl\":\"https:\\\/\\\/www.mexicanguitarplayers.com\\\/wp-content\\\/uploads\\\/2025\\\/04\\\/IAEIGND2060.jpg\",\"datePublished\":\"2025-04-09T03:59:42+00:00\",\"dateModified\":\"2026-01-14T13:17:03+00:00\",\"description\":\"Driver HF de neodimio para altas frecuencias, sensibilidad: 109 dB, garganta de salida de 2\u201d pulgadas (50 mm), bobina m\u00f3vil de aluminio de 3\u201d pulgadas, impedancia: 8 ohms, potencia AES: 100W por encima de los 1.2 kHz, potencia programa: 200W por encima de los 1.2 kHz, rango de frecuencia: 500 Hz - 20 kHz, estructura magn\u00e9tica de neodimio, montaje de diafragma de titanio puro, excelente intercambio t\u00e9rmico, bobina m\u00f3vil de 3\u201d pulgadas, peso: 3.6 kg.\",\"breadcrumb\":{\"@id\":\"https:\\\/\\\/www.mexicanguitarplayers.com\\\/tienda\\\/sin categor\u00eda\\\/driver-eighteen-2-mod-nd2060\\\/#breadcrumb\"},\"inLanguage\":\"en-US\",\"potentialAction\":[{\"@type\":\"ReadAction\",\"target\":[\"https:\\\/\\\/www.mexicanguitarplayers.com\\\/tienda\\\/sin categor\u00eda\\\/driver-eighteen-2-mod-nd2060\\\/\"]}]},{\"@type\":\"ImageObject\",\"inLanguage\":\"en-US\",\"@id\":\"https:\\\/\\\/www.mexicanguitarplayers.com\\\/tienda\\\/sin categor\u00eda\\\/driver-eighteen-2-mod-nd2060\\\/#primaryimage\",\"url\":\"https:\\\/\\\/www.mexicanguitarplayers.com\\\/wp-content\\\/uploads\\\/2025\\\/04\\\/IAEIGND2060.jpg\",\"contentUrl\":\"https:\\\/\\\/www.mexicanguitarplayers.com\\\/wp-content\\\/uploads\\\/2025\\\/04\\\/IAEIGND2060.jpg\",\"width\":1200,\"height\":1200},{\"@type\":\"BreadcrumbList\",\"@id\":\"https:\\\/\\\/www.mexicanguitarplayers.com\\\/tienda\\\/sin categor\u00eda\\\/driver-eighteen-2-mod-nd2060\\\/#breadcrumb\",\"itemListElement\":[{\"@type\":\"ListItem\",\"position\":1,\"name\":\"Portada\",\"item\":\"https:\\\/\\\/www.mexicanguitarplayers.com\\\/\"},{\"@type\":\"ListItem\",\"position\":2,\"name\":\"Tienda\",\"item\":\"https:\\\/\\\/www.mexicanguitarplayers.com\\\/tienda\\\/\"},{\"@type\":\"ListItem\",\"position\":3,\"name\":\"DRIVER EIGHTEEN 2 MOD. ND2060\"}]},{\"@type\":\"WebSite\",\"@id\":\"https:\\\/\\\/www.mexicanguitarplayers.com\\\/#website\",\"url\":\"https:\\\/\\\/www.mexicanguitarplayers.com\\\/\",\"name\":\"Mexican Guitar Players\",\"description\":\"Website\",\"publisher\":{\"@id\":\"https:\\\/\\\/www.mexicanguitarplayers.com\\\/#organization\"},\"potentialAction\":[{\"@type\":\"SearchAction\",\"target\":{\"@type\":\"EntryPoint\",\"urlTemplate\":\"https:\\\/\\\/www.mexicanguitarplayers.com\\\/?s={search_term_string}\"},\"query-input\":{\"@type\":\"PropertyValueSpecification\",\"valueRequired\":true,\"valueName\":\"search_term_string\"}}],\"inLanguage\":\"en-US\"},{\"@type\":\"Organization\",\"@id\":\"https:\\\/\\\/www.mexicanguitarplayers.com\\\/#organization\",\"name\":\"Mexican Guitar Players\",\"url\":\"https:\\\/\\\/www.mexicanguitarplayers.com\\\/\",\"logo\":{\"@type\":\"ImageObject\",\"inLanguage\":\"en-US\",\"@id\":\"https:\\\/\\\/www.mexicanguitarplayers.com\\\/#\\\/schema\\\/logo\\\/image\\\/\",\"url\":\"\",\"contentUrl\":\"\",\"caption\":\"Mexican Guitar Players\"},\"image\":{\"@id\":\"https:\\\/\\\/www.mexicanguitarplayers.com\\\/#\\\/schema\\\/logo\\\/image\\\/\"}}]}<\/script>\n<!-- \/ Yoast SEO plugin. -->","yoast_head_json":{"title":"DRIVER EIGHTEEN 2  MOD. ND2060 - Mexican Guitar Players","description":"Driver HF de neodimio para altas frecuencias, sensibilidad: 109 dB, garganta de salida de 2\u201d pulgadas (50 mm), bobina m\u00f3vil de aluminio de 3\u201d pulgadas, impedancia: 8 ohms, potencia AES: 100W por encima de los 1.2 kHz, potencia programa: 200W por encima de los 1.2 kHz, rango de frecuencia: 500 Hz - 20 kHz, estructura magn\u00e9tica de neodimio, montaje de diafragma de titanio puro, excelente intercambio t\u00e9rmico, bobina m\u00f3vil de 3\u201d pulgadas, peso: 3.6 kg.","robots":{"index":"index","follow":"follow","max-snippet":"max-snippet:-1","max-image-preview":"max-image-preview:large","max-video-preview":"max-video-preview:-1"},"canonical":"https:\/\/www.mexicanguitarplayers.com\/en\/tienda\/sin categor\u00eda\/driver-eighteen-2-mod-nd2060\/","og_locale":"en_US","og_type":"article","og_title":"DRIVER EIGHTEEN 2  MOD. ND2060 - Mexican Guitar Players","og_description":"Driver HF de neodimio para altas frecuencias, sensibilidad: 109 dB, garganta de salida de 2\u201d pulgadas (50 mm), bobina m\u00f3vil de aluminio de 3\u201d pulgadas, impedancia: 8 ohms, potencia AES: 100W por encima de los 1.2 kHz, potencia programa: 200W por encima de los 1.2 kHz, rango de frecuencia: 500 Hz - 20 kHz, estructura magn\u00e9tica de neodimio, montaje de diafragma de titanio puro, excelente intercambio t\u00e9rmico, bobina m\u00f3vil de 3\u201d pulgadas, peso: 3.6 kg.","og_url":"https:\/\/www.mexicanguitarplayers.com\/en\/tienda\/sin categor\u00eda\/driver-eighteen-2-mod-nd2060\/","og_site_name":"Mexican Guitar Players","article_modified_time":"2026-01-14T13:17:03+00:00","twitter_card":"summary_large_image","twitter_misc":{"Est. reading time":"3 minutes"},"schema":{"@context":"https:\/\/schema.org","@graph":[{"@type":["WebPage","ItemPage"],"@id":"https:\/\/www.mexicanguitarplayers.com\/tienda\/sin categor\u00eda\/driver-eighteen-2-mod-nd2060\/","url":"https:\/\/www.mexicanguitarplayers.com\/tienda\/sin categor\u00eda\/driver-eighteen-2-mod-nd2060\/","name":"DRIVER EIGHTEEN 2 MOD. ND2060 - Mexican Guitar Players","isPartOf":{"@id":"https:\/\/www.mexicanguitarplayers.com\/#website"},"primaryImageOfPage":{"@id":"https:\/\/www.mexicanguitarplayers.com\/tienda\/sin categor\u00eda\/driver-eighteen-2-mod-nd2060\/#primaryimage"},"image":{"@id":"https:\/\/www.mexicanguitarplayers.com\/tienda\/sin categor\u00eda\/driver-eighteen-2-mod-nd2060\/#primaryimage"},"thumbnailUrl":"https:\/\/www.mexicanguitarplayers.com\/wp-content\/uploads\/2025\/04\/IAEIGND2060.jpg","datePublished":"2025-04-09T03:59:42+00:00","dateModified":"2026-01-14T13:17:03+00:00","description":"Driver HF de neodimio para altas frecuencias, sensibilidad: 109 dB, garganta de salida de 2\u201d pulgadas (50 mm), bobina m\u00f3vil de aluminio de 3\u201d pulgadas, impedancia: 8 ohms, potencia AES: 100W por encima de los 1.2 kHz, potencia programa: 200W por encima de los 1.2 kHz, rango de frecuencia: 500 Hz - 20 kHz, estructura magn\u00e9tica de neodimio, montaje de diafragma de titanio puro, excelente intercambio t\u00e9rmico, bobina m\u00f3vil de 3\u201d pulgadas, peso: 3.6 kg.","breadcrumb":{"@id":"https:\/\/www.mexicanguitarplayers.com\/tienda\/sin categor\u00eda\/driver-eighteen-2-mod-nd2060\/#breadcrumb"},"inLanguage":"en-US","potentialAction":[{"@type":"ReadAction","target":["https:\/\/www.mexicanguitarplayers.com\/tienda\/sin categor\u00eda\/driver-eighteen-2-mod-nd2060\/"]}]},{"@type":"ImageObject","inLanguage":"en-US","@id":"https:\/\/www.mexicanguitarplayers.com\/tienda\/sin categor\u00eda\/driver-eighteen-2-mod-nd2060\/#primaryimage","url":"https:\/\/www.mexicanguitarplayers.com\/wp-content\/uploads\/2025\/04\/IAEIGND2060.jpg","contentUrl":"https:\/\/www.mexicanguitarplayers.com\/wp-content\/uploads\/2025\/04\/IAEIGND2060.jpg","width":1200,"height":1200},{"@type":"BreadcrumbList","@id":"https:\/\/www.mexicanguitarplayers.com\/tienda\/sin categor\u00eda\/driver-eighteen-2-mod-nd2060\/#breadcrumb","itemListElement":[{"@type":"ListItem","position":1,"name":"Portada","item":"https:\/\/www.mexicanguitarplayers.com\/"},{"@type":"ListItem","position":2,"name":"Tienda","item":"https:\/\/www.mexicanguitarplayers.com\/tienda\/"},{"@type":"ListItem","position":3,"name":"DRIVER EIGHTEEN 2 MOD. ND2060"}]},{"@type":"WebSite","@id":"https:\/\/www.mexicanguitarplayers.com\/#website","url":"https:\/\/www.mexicanguitarplayers.com\/","name":"Mexican Guitar Players","description":"Website","publisher":{"@id":"https:\/\/www.mexicanguitarplayers.com\/#organization"},"potentialAction":[{"@type":"SearchAction","target":{"@type":"EntryPoint","urlTemplate":"https:\/\/www.mexicanguitarplayers.com\/?s={search_term_string}"},"query-input":{"@type":"PropertyValueSpecification","valueRequired":true,"valueName":"search_term_string"}}],"inLanguage":"en-US"},{"@type":"Organization","@id":"https:\/\/www.mexicanguitarplayers.com\/#organization","name":"Mexican Guitar Players","url":"https:\/\/www.mexicanguitarplayers.com\/","logo":{"@type":"ImageObject","inLanguage":"en-US","@id":"https:\/\/www.mexicanguitarplayers.com\/#\/schema\/logo\/image\/","url":"","contentUrl":"","caption":"Mexican Guitar Players"},"image":{"@id":"https:\/\/www.mexicanguitarplayers.com\/#\/schema\/logo\/image\/"}}]}},"brands":[{"id":533,"name":"EIGHTEEN SOUND","slug":"eighteen-sound"}],"_links":{"self":[{"href":"https:\/\/www.mexicanguitarplayers.com\/en\/wp-json\/wp\/v2\/product\/34958","targetHints":{"allow":["GET"]}}],"collection":[{"href":"https:\/\/www.mexicanguitarplayers.com\/en\/wp-json\/wp\/v2\/product"}],"about":[{"href":"https:\/\/www.mexicanguitarplayers.com\/en\/wp-json\/wp\/v2\/types\/product"}],"replies":[{"embeddable":true,"href":"https:\/\/www.mexicanguitarplayers.com\/en\/wp-json\/wp\/v2\/comments?post=34958"}],"wp:featuredmedia":[{"embeddable":true,"href":"https:\/\/www.mexicanguitarplayers.com\/en\/wp-json\/wp\/v2\/media\/34954"}],"wp:attachment":[{"href":"https:\/\/www.mexicanguitarplayers.com\/en\/wp-json\/wp\/v2\/media?parent=34958"}],"wp:term":[{"taxonomy":"pwb-brand","embeddable":true,"href":"https:\/\/www.mexicanguitarplayers.com\/en\/wp-json\/wp\/v2\/pwb-brand?post=34958"},{"taxonomy":"product_brand","embeddable":true,"href":"https:\/\/www.mexicanguitarplayers.com\/en\/wp-json\/wp\/v2\/product_brand?post=34958"},{"taxonomy":"product_cat","embeddable":true,"href":"https:\/\/www.mexicanguitarplayers.com\/en\/wp-json\/wp\/v2\/product_cat?post=34958"},{"taxonomy":"product_tag","embeddable":true,"href":"https:\/\/www.mexicanguitarplayers.com\/en\/wp-json\/wp\/v2\/product_tag?post=34958"}],"curies":[{"name":"wp","href":"https:\/\/api.w.org\/{rel}","templated":true}]}}