{"id":34965,"date":"2025-04-08T21:59:51","date_gmt":"2025-04-09T03:59:51","guid":{"rendered":"https:\/\/www.mexicanguitarplayers.com\/tienda\/sin categor\u00eda\/pedal-source-audio-mercury-flanger\/"},"modified":"2026-05-01T07:21:37","modified_gmt":"2026-05-01T13:21:37","slug":"pedal-source-audio-mercury-flanger","status":"publish","type":"product","link":"https:\/\/www.mexicanguitarplayers.com\/en\/tienda\/cuerdas\/efectos\/efectos-individuales\/pedal-source-audio-mercury-flanger\/","title":{"rendered":"PEDAL SOURCE AUDIO MERCURY FLANGER"},"content":{"rendered":"<div style=\"text-align: justify\">\n<div>\n<h3>Los mejores efectos para tu guitarra.<\/h3>\n<\/div>\n<div>Abandona rastros de vapor en el cielo con este poderoso pedal flanger est\u00e9reo. El Mercury Flanger tiene tres intensos tipos de efectos. Modo Classic que ofrece un efecto profundo y dram\u00e1tico al estilo de los primeros flangers. El Mercury Thru-Zero (alias \u201cTape Flange\u201d) proporciona de forma espectacular el efecto twist distinguible que se produce cuando las se\u00f1ales secas y moduladas alcanzan su punto de intersecci\u00f3n. Finalmente el Shadow Flanger ofrece un tono liso altamente resonante pero sedoso, con un motor de reacci\u00f3n \u201cwhoosh\u201d que todos los fan\u00e1ticos del flanger anhelan. El Mercury tambi\u00e9n incluye un control Delay integrado para explorar aquel espacio c\u00f3smico entre chorus y flanger. Fuera de su caja, el Mercury Flanger ofrece un tremendo rango tonal, pero debajo de la carcasa reside la gran potencia y flexibilidad de este din\u00e1mico stompbox. Cada pedal de la l\u00ednea One Series es compatible con la app Neuro Mobile (una descarga gratuita para iOS y Andriod). Vincula el Mercury a la app Neuro y accede a la librer\u00eda gratuita de Source Audio de algoritmos adicionales de phaser, flanger y chorus, cada uno puede ser descargado directamente a tu pedal. La app Neuro tambi\u00e9n ofrece un extenso set de par\u00e1metros ajustables que incluyen Wet\/Dry, Mix, nivel de Salida, Tr\u00e9molo, un ecualizador param\u00e9trico, retenci\u00f3n Low, enrutamiento avanzado de se\u00f1al y m\u00e1s. Adem\u00e1s, cada pedal One Series es totalmente compatible con MIDI cuando se combina con el Neuro Hub (anteriormente Soundblox Hub), d\u00e1ndote el poder de guardar hasta 128 preajustes. <\/div>\n<div>\n<h4>Quick look<\/h4>\n<\/div>\n<ul style=\"margin: 0px 0px 0px 25px\">\n<li style=\"list-style-type: circle;margin: 5px\">Efecto.<\/li>\n<li style=\"list-style-type: circle;margin: 5px\">Tres tipos de efectos.<\/li>\n<li style=\"list-style-type: circle;margin: 5px\">Neuro Mobile.<\/li>\n<li style=\"list-style-type: circle;margin: 5px\">Preajustes.<\/li>\n<li style=\"list-style-type: circle;margin: 5px\">Requerimientos de energ\u00eda.<\/li>\n<li style=\"list-style-type: circle;margin: 5px\">Accessories included.<\/li>\n<li style=\"list-style-type: circle;margin: 5px\">Energy consumption.<\/li>\n<li style=\"list-style-type: circle;margin: 5px\">USB port.<\/li>\n<li style=\"list-style-type: circle;margin: 5px\">Case.<\/li>\n<li style=\"list-style-type: circle;margin: 5px\">Dimensions.<\/li>\n<\/ul>\n<div>\n<div style=\"font-weight: bold\">Efecto.<\/div>\n<div>\n<p>Flanger est\u00e9reo.<\/p>\n<\/div>\n<div style=\"font-weight: bold\">Tres tipos de efectos.<\/div>\n<div>\n<p>Classic: Efecto profundo y dram\u00e1tico al estilo de los primeros flangers. Mercury Thru-Zero: Proporciona el efecto twist que se produce cuando las se\u00f1ales secas y moduladas alcanzan su punto de intersecci\u00f3n. Shadow Flanger: Ofrece un tono liso altamente resonante pero sedoso, con un motor de reacci\u00f3n \u201cwhoosh\u201d.<\/p>\n<\/div>\n<div style=\"font-weight: bold\">Neuro Mobile.<\/div>\n<div>\n<p>Compatible con la app Neuro Mobile.<\/p>\n<\/div>\n<div style=\"font-weight: bold\">Preajustes.<\/div>\n<div>\n<p>Modo Preajuste para guardar un preajuste diferente en cada posici\u00f3n del switch de palanca, entradas y salidas est\u00e9reo.<\/p>\n<\/div>\n<div style=\"font-weight: bold\">Requerimientos de energ\u00eda.<\/div>\n<div>\n<p>Incluye adaptador de corriente de 9V DC (300 mA \/ Tip negativo).<\/p>\n<\/div>\n<div style=\"font-weight: bold\">Accessories included.<\/div>\n<div>\n<p>Cable 1\/8\u201d a 1\/4&#8243; para conexi\u00f3n a aplicaci\u00f3n Neuro Mobile.<\/p>\n<\/div>\n<div style=\"font-weight: bold\">Energy consumption.<\/div>\n<div>\n<p>150 mA.<\/p>\n<\/div>\n<div style=\"font-weight: bold\">USB port.<\/div>\n<div>\n<p>Puedes conectarlo a PC o Mac para actualizaci\u00f3n de firmware.<\/p>\n<\/div>\n<div style=\"font-weight: bold\">Case.<\/div>\n<div>\n<p>Robusta carcasa de aluminio cepillado anodizado.<\/p>\n<\/div>\n<div style=\"font-weight: bold\">Dimensions.<\/div>\n<div>\n<p>114.3 x 69.8 x 50.8 mm (incluyendo perillas).<\/p>\n<\/div>\n<\/div>\n<div>\n<h4>Characteristics<\/h4>\n<\/div>\n<div>\n<ul style=\"margin: 0px 0px 0px 25px\">\n<li style=\"list-style-type: circle;margin: 5px\">Bypass universal.<\/li>\n<li style=\"list-style-type: circle;margin: 5px\">Control de expresi\u00f3n.<\/li>\n<li style=\"list-style-type: circle;margin: 5px\">Controlador de efectos universal inal\u00e1mbrico.<\/li>\n<li style=\"list-style-type: circle;margin: 5px\">Tap tempo.<\/li>\n<li style=\"list-style-type: circle;margin: 5px\">Switch externo de tap tempo.<\/li>\n<\/ul>\n<\/div>\n<\/div>","protected":false},"excerpt":{"rendered":"<p>Pedal flanger est\u00e9reo para guitarra, tres tipos de efectos: Classic &#8211; efecto profundo y dram\u00e1tico al estilo de los primeros flangers, Mercury Thru-Zero &#8211; proporciona el efecto twist que se produce cuando las se\u00f1ales secas y moduladas alcanzan su punto de intersecci\u00f3n y Shadow Flanger &#8211; ofrece un tono liso altamente resonante pero sedoso, con un motor de reacci\u00f3n \u201cwhoosh\u201d, compatible con la app Neuro Mobile, 3 preajustes: Modo Preajuste para guardar un preajuste diferente en cada posici\u00f3n del switch de palanca, entradas y salidas est\u00e9reo, bypass universal, control de expresi\u00f3n, controlador de efectos universal inal\u00e1mbrico, tap tempo, switch externo de tap tempo, dimensiones: 114.3 x 69.8 x 50.8 mm (incluyendo perillas).&hellip; <a class=\"kt-excerpt-readmore more-link\" href=\"https:\/\/www.mexicanguitarplayers.com\/en\/tienda\/cuerdas\/efectos\/efectos-individuales\/pedal-source-audio-mercury-flanger\/\">Read more<\/a><\/p>","protected":false},"featured_media":34964,"comment_status":"open","ping_status":"closed","template":"","meta":{"kt_blocks_editor_width":""},"pwb-brand":[608],"product_brand":[],"product_cat":[224,241,504],"product_tag":[],"class_list":{"0":"post-34965","1":"product","2":"type-product","3":"status-publish","4":"has-post-thumbnail","6":"pwb-brand-source-audio","7":"product_cat-cuerdas","8":"product_cat-efectos","9":"product_cat-efectos-individuales","10":"product_shipping_class-0-5-kg","12":"first","13":"instock","14":"taxable","15":"shipping-taxable","16":"purchasable","17":"product-type-simple"},"yoast_head":"<!-- This site is optimized with the Yoast SEO plugin v27.5 - https:\/\/yoast.com\/product\/yoast-seo-wordpress\/ -->\n<title>PEDAL SOURCE AUDIO MERCURY FLANGER - Mexican Guitar Players<\/title>\n<meta name=\"description\" content=\"Pedal flanger est\u00e9reo para guitarra, tres tipos de efectos: Classic - efecto profundo y dram\u00e1tico al estilo de los primeros flangers, Mercury Thru-Zero - proporciona el efecto twist que se produce cuando las se\u00f1ales secas y moduladas alcanzan su punto de intersecci\u00f3n y Shadow Flanger - ofrece un tono liso altamente resonante pero sedoso, con un motor de reacci\u00f3n \u201cwhoosh\u201d, compatible con la app Neuro Mobile, 3 preajustes: Modo Preajuste para guardar un preajuste diferente en cada posici\u00f3n del switch de palanca, entradas y salidas est\u00e9reo, bypass universal, control de expresi\u00f3n, controlador de efectos universal inal\u00e1mbrico, tap tempo, switch externo de tap tempo, dimensiones: 114.3 x 69.8 x 50.8 mm (incluyendo perillas).\" \/>\n<meta name=\"robots\" content=\"index, follow, max-snippet:-1, max-image-preview:large, max-video-preview:-1\" \/>\n<link rel=\"canonical\" href=\"https:\/\/www.mexicanguitarplayers.com\/en\/tienda\/sin%20categor\u00eda\/pedal-source-audio-mercury-flanger\/\" \/>\n<meta property=\"og:locale\" content=\"en_US\" \/>\n<meta property=\"og:type\" content=\"article\" \/>\n<meta property=\"og:title\" content=\"PEDAL SOURCE AUDIO MERCURY FLANGER - Mexican Guitar Players\" \/>\n<meta property=\"og:description\" content=\"Pedal flanger est\u00e9reo para guitarra, tres tipos de efectos: Classic - efecto profundo y dram\u00e1tico al estilo de los primeros flangers, Mercury Thru-Zero - proporciona el efecto twist que se produce cuando las se\u00f1ales secas y moduladas alcanzan su punto de intersecci\u00f3n y Shadow Flanger - ofrece un tono liso altamente resonante pero sedoso, con un motor de reacci\u00f3n \u201cwhoosh\u201d, compatible con la app Neuro Mobile, 3 preajustes: Modo Preajuste para guardar un preajuste diferente en cada posici\u00f3n del switch de palanca, entradas y salidas est\u00e9reo, bypass universal, control de expresi\u00f3n, controlador de efectos universal inal\u00e1mbrico, tap tempo, switch externo de tap tempo, dimensiones: 114.3 x 69.8 x 50.8 mm (incluyendo perillas).\" \/>\n<meta property=\"og:url\" content=\"https:\/\/www.mexicanguitarplayers.com\/en\/tienda\/sin categor\u00eda\/pedal-source-audio-mercury-flanger\/\" \/>\n<meta property=\"og:site_name\" content=\"Mexican Guitar Players\" \/>\n<meta property=\"article:modified_time\" content=\"2026-05-01T13:21:37+00:00\" \/>\n<meta name=\"twitter:card\" content=\"summary_large_image\" \/>\n<meta name=\"twitter:label1\" content=\"Est. reading time\" \/>\n\t<meta name=\"twitter:data1\" content=\"2 minutes\" \/>\n<script type=\"application\/ld+json\" class=\"yoast-schema-graph\">{\"@context\":\"https:\\\/\\\/schema.org\",\"@graph\":[{\"@type\":[\"WebPage\",\"ItemPage\"],\"@id\":\"https:\\\/\\\/www.mexicanguitarplayers.com\\\/tienda\\\/sin categor\u00eda\\\/pedal-source-audio-mercury-flanger\\\/\",\"url\":\"https:\\\/\\\/www.mexicanguitarplayers.com\\\/tienda\\\/sin categor\u00eda\\\/pedal-source-audio-mercury-flanger\\\/\",\"name\":\"PEDAL SOURCE AUDIO MERCURY FLANGER - Mexican Guitar Players\",\"isPartOf\":{\"@id\":\"https:\\\/\\\/www.mexicanguitarplayers.com\\\/#website\"},\"primaryImageOfPage\":{\"@id\":\"https:\\\/\\\/www.mexicanguitarplayers.com\\\/tienda\\\/sin categor\u00eda\\\/pedal-source-audio-mercury-flanger\\\/#primaryimage\"},\"image\":{\"@id\":\"https:\\\/\\\/www.mexicanguitarplayers.com\\\/tienda\\\/sin categor\u00eda\\\/pedal-source-audio-mercury-flanger\\\/#primaryimage\"},\"thumbnailUrl\":\"https:\\\/\\\/www.mexicanguitarplayers.com\\\/wp-content\\\/uploads\\\/2025\\\/04\\\/VASIOSA240.jpg\",\"datePublished\":\"2025-04-09T03:59:51+00:00\",\"dateModified\":\"2026-05-01T13:21:37+00:00\",\"description\":\"Pedal flanger est\u00e9reo para guitarra, tres tipos de efectos: Classic - efecto profundo y dram\u00e1tico al estilo de los primeros flangers, Mercury Thru-Zero - proporciona el efecto twist que se produce cuando las se\u00f1ales secas y moduladas alcanzan su punto de intersecci\u00f3n y Shadow Flanger - ofrece un tono liso altamente resonante pero sedoso, con un motor de reacci\u00f3n \u201cwhoosh\u201d, compatible con la app Neuro Mobile, 3 preajustes: Modo Preajuste para guardar un preajuste diferente en cada posici\u00f3n del switch de palanca, entradas y salidas est\u00e9reo, bypass universal, control de expresi\u00f3n, controlador de efectos universal inal\u00e1mbrico, tap tempo, switch externo de tap tempo, dimensiones: 114.3 x 69.8 x 50.8 mm (incluyendo perillas).\",\"breadcrumb\":{\"@id\":\"https:\\\/\\\/www.mexicanguitarplayers.com\\\/tienda\\\/sin categor\u00eda\\\/pedal-source-audio-mercury-flanger\\\/#breadcrumb\"},\"inLanguage\":\"en-US\",\"potentialAction\":[{\"@type\":\"ReadAction\",\"target\":[\"https:\\\/\\\/www.mexicanguitarplayers.com\\\/tienda\\\/sin categor\u00eda\\\/pedal-source-audio-mercury-flanger\\\/\"]}]},{\"@type\":\"ImageObject\",\"inLanguage\":\"en-US\",\"@id\":\"https:\\\/\\\/www.mexicanguitarplayers.com\\\/tienda\\\/sin categor\u00eda\\\/pedal-source-audio-mercury-flanger\\\/#primaryimage\",\"url\":\"https:\\\/\\\/www.mexicanguitarplayers.com\\\/wp-content\\\/uploads\\\/2025\\\/04\\\/VASIOSA240.jpg\",\"contentUrl\":\"https:\\\/\\\/www.mexicanguitarplayers.com\\\/wp-content\\\/uploads\\\/2025\\\/04\\\/VASIOSA240.jpg\",\"width\":800,\"height\":1600},{\"@type\":\"BreadcrumbList\",\"@id\":\"https:\\\/\\\/www.mexicanguitarplayers.com\\\/tienda\\\/sin categor\u00eda\\\/pedal-source-audio-mercury-flanger\\\/#breadcrumb\",\"itemListElement\":[{\"@type\":\"ListItem\",\"position\":1,\"name\":\"Portada\",\"item\":\"https:\\\/\\\/www.mexicanguitarplayers.com\\\/\"},{\"@type\":\"ListItem\",\"position\":2,\"name\":\"Tienda\",\"item\":\"https:\\\/\\\/www.mexicanguitarplayers.com\\\/tienda\\\/\"},{\"@type\":\"ListItem\",\"position\":3,\"name\":\"PEDAL SOURCE AUDIO MERCURY FLANGER\"}]},{\"@type\":\"WebSite\",\"@id\":\"https:\\\/\\\/www.mexicanguitarplayers.com\\\/#website\",\"url\":\"https:\\\/\\\/www.mexicanguitarplayers.com\\\/\",\"name\":\"Mexican Guitar Players\",\"description\":\"Website\",\"publisher\":{\"@id\":\"https:\\\/\\\/www.mexicanguitarplayers.com\\\/#organization\"},\"potentialAction\":[{\"@type\":\"SearchAction\",\"target\":{\"@type\":\"EntryPoint\",\"urlTemplate\":\"https:\\\/\\\/www.mexicanguitarplayers.com\\\/?s={search_term_string}\"},\"query-input\":{\"@type\":\"PropertyValueSpecification\",\"valueRequired\":true,\"valueName\":\"search_term_string\"}}],\"inLanguage\":\"en-US\"},{\"@type\":\"Organization\",\"@id\":\"https:\\\/\\\/www.mexicanguitarplayers.com\\\/#organization\",\"name\":\"Mexican Guitar Players\",\"url\":\"https:\\\/\\\/www.mexicanguitarplayers.com\\\/\",\"logo\":{\"@type\":\"ImageObject\",\"inLanguage\":\"en-US\",\"@id\":\"https:\\\/\\\/www.mexicanguitarplayers.com\\\/#\\\/schema\\\/logo\\\/image\\\/\",\"url\":\"\",\"contentUrl\":\"\",\"caption\":\"Mexican Guitar Players\"},\"image\":{\"@id\":\"https:\\\/\\\/www.mexicanguitarplayers.com\\\/#\\\/schema\\\/logo\\\/image\\\/\"}}]}<\/script>\n<!-- \/ Yoast SEO plugin. -->","yoast_head_json":{"title":"PEDAL SOURCE AUDIO MERCURY FLANGER - Mexican Guitar Players","description":"Pedal flanger est\u00e9reo para guitarra, tres tipos de efectos: Classic - efecto profundo y dram\u00e1tico al estilo de los primeros flangers, Mercury Thru-Zero - proporciona el efecto twist que se produce cuando las se\u00f1ales secas y moduladas alcanzan su punto de intersecci\u00f3n y Shadow Flanger - ofrece un tono liso altamente resonante pero sedoso, con un motor de reacci\u00f3n \u201cwhoosh\u201d, compatible con la app Neuro Mobile, 3 preajustes: Modo Preajuste para guardar un preajuste diferente en cada posici\u00f3n del switch de palanca, entradas y salidas est\u00e9reo, bypass universal, control de expresi\u00f3n, controlador de efectos universal inal\u00e1mbrico, tap tempo, switch externo de tap tempo, dimensiones: 114.3 x 69.8 x 50.8 mm (incluyendo perillas).","robots":{"index":"index","follow":"follow","max-snippet":"max-snippet:-1","max-image-preview":"max-image-preview:large","max-video-preview":"max-video-preview:-1"},"canonical":"https:\/\/www.mexicanguitarplayers.com\/en\/tienda\/sin categor\u00eda\/pedal-source-audio-mercury-flanger\/","og_locale":"en_US","og_type":"article","og_title":"PEDAL SOURCE AUDIO MERCURY FLANGER - Mexican Guitar Players","og_description":"Pedal flanger est\u00e9reo para guitarra, tres tipos de efectos: Classic - efecto profundo y dram\u00e1tico al estilo de los primeros flangers, Mercury Thru-Zero - proporciona el efecto twist que se produce cuando las se\u00f1ales secas y moduladas alcanzan su punto de intersecci\u00f3n y Shadow Flanger - ofrece un tono liso altamente resonante pero sedoso, con un motor de reacci\u00f3n \u201cwhoosh\u201d, compatible con la app Neuro Mobile, 3 preajustes: Modo Preajuste para guardar un preajuste diferente en cada posici\u00f3n del switch de palanca, entradas y salidas est\u00e9reo, bypass universal, control de expresi\u00f3n, controlador de efectos universal inal\u00e1mbrico, tap tempo, switch externo de tap tempo, dimensiones: 114.3 x 69.8 x 50.8 mm (incluyendo perillas).","og_url":"https:\/\/www.mexicanguitarplayers.com\/en\/tienda\/sin categor\u00eda\/pedal-source-audio-mercury-flanger\/","og_site_name":"Mexican Guitar Players","article_modified_time":"2026-05-01T13:21:37+00:00","twitter_card":"summary_large_image","twitter_misc":{"Est. reading time":"2 minutes"},"schema":{"@context":"https:\/\/schema.org","@graph":[{"@type":["WebPage","ItemPage"],"@id":"https:\/\/www.mexicanguitarplayers.com\/tienda\/sin categor\u00eda\/pedal-source-audio-mercury-flanger\/","url":"https:\/\/www.mexicanguitarplayers.com\/tienda\/sin categor\u00eda\/pedal-source-audio-mercury-flanger\/","name":"PEDAL SOURCE AUDIO MERCURY FLANGER - Mexican Guitar Players","isPartOf":{"@id":"https:\/\/www.mexicanguitarplayers.com\/#website"},"primaryImageOfPage":{"@id":"https:\/\/www.mexicanguitarplayers.com\/tienda\/sin categor\u00eda\/pedal-source-audio-mercury-flanger\/#primaryimage"},"image":{"@id":"https:\/\/www.mexicanguitarplayers.com\/tienda\/sin categor\u00eda\/pedal-source-audio-mercury-flanger\/#primaryimage"},"thumbnailUrl":"https:\/\/www.mexicanguitarplayers.com\/wp-content\/uploads\/2025\/04\/VASIOSA240.jpg","datePublished":"2025-04-09T03:59:51+00:00","dateModified":"2026-05-01T13:21:37+00:00","description":"Pedal flanger est\u00e9reo para guitarra, tres tipos de efectos: Classic - efecto profundo y dram\u00e1tico al estilo de los primeros flangers, Mercury Thru-Zero - proporciona el efecto twist que se produce cuando las se\u00f1ales secas y moduladas alcanzan su punto de intersecci\u00f3n y Shadow Flanger - ofrece un tono liso altamente resonante pero sedoso, con un motor de reacci\u00f3n \u201cwhoosh\u201d, compatible con la app Neuro Mobile, 3 preajustes: Modo Preajuste para guardar un preajuste diferente en cada posici\u00f3n del switch de palanca, entradas y salidas est\u00e9reo, bypass universal, control de expresi\u00f3n, controlador de efectos universal inal\u00e1mbrico, tap tempo, switch externo de tap tempo, dimensiones: 114.3 x 69.8 x 50.8 mm (incluyendo perillas).","breadcrumb":{"@id":"https:\/\/www.mexicanguitarplayers.com\/tienda\/sin categor\u00eda\/pedal-source-audio-mercury-flanger\/#breadcrumb"},"inLanguage":"en-US","potentialAction":[{"@type":"ReadAction","target":["https:\/\/www.mexicanguitarplayers.com\/tienda\/sin categor\u00eda\/pedal-source-audio-mercury-flanger\/"]}]},{"@type":"ImageObject","inLanguage":"en-US","@id":"https:\/\/www.mexicanguitarplayers.com\/tienda\/sin categor\u00eda\/pedal-source-audio-mercury-flanger\/#primaryimage","url":"https:\/\/www.mexicanguitarplayers.com\/wp-content\/uploads\/2025\/04\/VASIOSA240.jpg","contentUrl":"https:\/\/www.mexicanguitarplayers.com\/wp-content\/uploads\/2025\/04\/VASIOSA240.jpg","width":800,"height":1600},{"@type":"BreadcrumbList","@id":"https:\/\/www.mexicanguitarplayers.com\/tienda\/sin categor\u00eda\/pedal-source-audio-mercury-flanger\/#breadcrumb","itemListElement":[{"@type":"ListItem","position":1,"name":"Portada","item":"https:\/\/www.mexicanguitarplayers.com\/"},{"@type":"ListItem","position":2,"name":"Tienda","item":"https:\/\/www.mexicanguitarplayers.com\/tienda\/"},{"@type":"ListItem","position":3,"name":"PEDAL SOURCE AUDIO MERCURY FLANGER"}]},{"@type":"WebSite","@id":"https:\/\/www.mexicanguitarplayers.com\/#website","url":"https:\/\/www.mexicanguitarplayers.com\/","name":"Mexican Guitar Players","description":"Website","publisher":{"@id":"https:\/\/www.mexicanguitarplayers.com\/#organization"},"potentialAction":[{"@type":"SearchAction","target":{"@type":"EntryPoint","urlTemplate":"https:\/\/www.mexicanguitarplayers.com\/?s={search_term_string}"},"query-input":{"@type":"PropertyValueSpecification","valueRequired":true,"valueName":"search_term_string"}}],"inLanguage":"en-US"},{"@type":"Organization","@id":"https:\/\/www.mexicanguitarplayers.com\/#organization","name":"Mexican Guitar Players","url":"https:\/\/www.mexicanguitarplayers.com\/","logo":{"@type":"ImageObject","inLanguage":"en-US","@id":"https:\/\/www.mexicanguitarplayers.com\/#\/schema\/logo\/image\/","url":"","contentUrl":"","caption":"Mexican Guitar Players"},"image":{"@id":"https:\/\/www.mexicanguitarplayers.com\/#\/schema\/logo\/image\/"}}]}},"brands":[{"id":608,"name":"AUDIO SOURCE","slug":"source-audio"}],"_links":{"self":[{"href":"https:\/\/www.mexicanguitarplayers.com\/en\/wp-json\/wp\/v2\/product\/34965","targetHints":{"allow":["GET"]}}],"collection":[{"href":"https:\/\/www.mexicanguitarplayers.com\/en\/wp-json\/wp\/v2\/product"}],"about":[{"href":"https:\/\/www.mexicanguitarplayers.com\/en\/wp-json\/wp\/v2\/types\/product"}],"replies":[{"embeddable":true,"href":"https:\/\/www.mexicanguitarplayers.com\/en\/wp-json\/wp\/v2\/comments?post=34965"}],"wp:featuredmedia":[{"embeddable":true,"href":"https:\/\/www.mexicanguitarplayers.com\/en\/wp-json\/wp\/v2\/media\/34964"}],"wp:attachment":[{"href":"https:\/\/www.mexicanguitarplayers.com\/en\/wp-json\/wp\/v2\/media?parent=34965"}],"wp:term":[{"taxonomy":"pwb-brand","embeddable":true,"href":"https:\/\/www.mexicanguitarplayers.com\/en\/wp-json\/wp\/v2\/pwb-brand?post=34965"},{"taxonomy":"product_brand","embeddable":true,"href":"https:\/\/www.mexicanguitarplayers.com\/en\/wp-json\/wp\/v2\/product_brand?post=34965"},{"taxonomy":"product_cat","embeddable":true,"href":"https:\/\/www.mexicanguitarplayers.com\/en\/wp-json\/wp\/v2\/product_cat?post=34965"},{"taxonomy":"product_tag","embeddable":true,"href":"https:\/\/www.mexicanguitarplayers.com\/en\/wp-json\/wp\/v2\/product_tag?post=34965"}],"curies":[{"name":"wp","href":"https:\/\/api.w.org\/{rel}","templated":true}]}}