{"id":34979,"date":"2025-04-08T22:00:09","date_gmt":"2025-04-09T04:00:09","guid":{"rendered":"https:\/\/www.mexicanguitarplayers.com\/tienda\/sin categor\u00eda\/tambor-sonor-p-bateria-mod-pl12-1209tt-v\/"},"modified":"2026-04-10T04:29:05","modified_gmt":"2026-04-10T10:29:05","slug":"tambor-sonor-p-bateria-mod-pl12-1209tt-v","status":"publish","type":"product","link":"https:\/\/www.mexicanguitarplayers.com\/en\/tienda\/percusiones\/baterias\/tambores-sueltos\/toms\/tambor-sonor-p-bateria-mod-pl12-1209tt-v\/","title":{"rendered":"TAMBOR SONOR P\/BATERIA MOD PL12 1209TT V"},"content":{"rendered":"<div style=\"text-align: justify\">\n<div>\n<h3>A\u00f1ade poder a tu Prolite.<\/h3>\n<\/div>\n<div>Tom de aire de 12&#8243; pulgadas, de la serie Prolite de Sonor. La herencia de m\u00e1s de 135 a\u00f1os de experiencia fabricando bater\u00eda, juntan la pasi\u00f3n, el conocimiento y la creatividad del equipo internacional de ingenieros de dise\u00f1o de Sonor, bateristas profesionales, distribuidores y minoristas. Utilizando s\u00f3lo las mejores selecciones de madera como recursos ecol\u00f3gicos, componentes de precisi\u00f3n met\u00e1licos y un proceso de lacado superior, cada tambor es una obra de arte. Fabricado y montado con cuidado para satisfacer las demandas y obtener los mejores tambores profesionales, ProLite combina tonos superiores, dise\u00f1o de vanguardia, funcionalidad y precisi\u00f3n para entregar las herramientas perfectas para tus inspiraciones musicales. El complemento perfecto para tu concierto, sin importar el estilo que ejecutes.<\/div>\n<div>\n<h4>Quick look<\/h4>\n<\/div>\n<ul style=\"margin: 0px 0px 0px 25px\">\n<li style=\"list-style-type: circle;margin: 5px\">Sonido ProLite.<\/li>\n<li style=\"list-style-type: circle;margin: 5px\">Proceso de laminaci\u00f3n cruzada de libre tensi\u00f3n.<\/li>\n<li style=\"list-style-type: circle;margin: 5px\">Medici\u00f3n \u00f3ptima de las conchas.<\/li>\n<li style=\"list-style-type: circle;margin: 5px\">Aros en\u00e9rgicos. Limpieza y ajuste de ataque n\u00edtido.<\/li>\n<li style=\"list-style-type: circle;margin: 5px\">Resonancia ac\u00fastica total.<\/li>\n<li style=\"list-style-type: circle;margin: 5px\">Sistema avanzado de proyecci\u00f3n.<\/li>\n<\/ul>\n<div>\n<div style=\"font-weight: bold\">Sonido ProLite.<\/div>\n<div>\n<p>El n\u00facleo de la serie ProLite es el espectro de sonido proporcionado por sus extremadamente delgadas conchas de arce con anillo de refuerzo. Esto proporciona un sonido inconfundiblemente abierto y un amplio rango de sinton\u00eda para pr\u00e1cticamente todos los estilos de m\u00fasica. Las conchas se caracterizan por tenerr un tono suave y c\u00e1lido que resalta los tonos m\u00e1s bajos y procura el equilibrio en los rangos medio y agudo, sin sacrificar la potencia y la proyecci\u00f3n.<\/p>\n<\/div>\n<div style=\"font-weight: bold\">Proceso de laminaci\u00f3n cruzada de libre tensi\u00f3n.<\/div>\n<div>\n<p>El proceso de laminaci\u00f3n cruzada de libre tensi\u00f3n ofrece una estabilidad superior, una resistencia mejorada y un tono espectacular en las conchas. Este proceso es el resultado de a\u00f1os de investigaci\u00f3n de los artesanos de Sonor.<\/p>\n<\/div>\n<div style=\"font-weight: bold\">Medici\u00f3n \u00f3ptima de las conchas.<\/div>\n<div>\n<p>Sonor implementa una medici\u00f3n de contacto optimizado en las conchas para obtener un tono mejorado. Esto significa que el parche tiene el menor contacto posible con la madera.<\/p>\n<\/div>\n<div style=\"font-weight: bold\">Aros en\u00e9rgicos. Limpieza y ajuste de ataque n\u00edtido.<\/div>\n<div>\n<p>Aros de 2.3 mm que dan energ\u00eda en la tarola, toms de aire y de piso. Para tarolas de 14\u201d pulgadas tambi\u00e9n hay aros die-cast disponibles.<\/p>\n<\/div>\n<div style=\"font-weight: bold\">Resonancia ac\u00fastica total.<\/div>\n<div>\n<p>El sistema de libre vibraci\u00f3n (TAR: Resonancia Ac\u00fastica Total) con APS, provee m\u00e1xima resonancia y sostenido Realzado por una resonancia ac\u00fastica total y el m\u00e1s avanzado sistema de proyecci\u00f3n, hace que tu tambor disfrute de libertad sonora y mec\u00e1nicamente se mantenga estable, lo que resulta en un tono hermoso y con una proyecci\u00f3n sin igual.<\/p>\n<\/div>\n<div style=\"font-weight: bold\">Sistema avanzado de proyecci\u00f3n.<\/div>\n<div>\n<p>El sistema patentado de proyecci\u00f3n avanzada (APS) evita el contacto directo entre la madera y el metal y apoya la resonancia del tambor.<\/p>\n<\/div>\n<\/div>\n<\/div>","protected":false},"excerpt":{"rendered":"<p>Tom de aire Sonor, serie Prolite, medidas: 12\u201d x 9\u201d pulgadas, proceso de laminaci\u00f3n cruzada de libre tensi\u00f3n, medici\u00f3n \u00f3ptima de las conchas, aros en\u00e9rgicos, limpieza y ajuste de ataque n\u00edtido, resonancia ac\u00fastica total.&hellip; <a class=\"kt-excerpt-readmore more-link\" href=\"https:\/\/www.mexicanguitarplayers.com\/en\/tienda\/percusiones\/baterias\/tambores-sueltos\/toms\/tambor-sonor-p-bateria-mod-pl12-1209tt-v\/\">Read more<\/a><\/p>","protected":false},"featured_media":34978,"comment_status":"open","ping_status":"closed","template":"","meta":{"kt_blocks_editor_width":""},"pwb-brand":[321],"product_brand":[],"product_cat":[209,208,263,266],"product_tag":[],"class_list":{"0":"post-34979","1":"product","2":"type-product","3":"status-publish","4":"has-post-thumbnail","6":"pwb-brand-sonor","7":"product_cat-baterias","8":"product_cat-percusiones","9":"product_cat-tambores-sueltos","10":"product_cat-toms","11":"product_shipping_class-5-10-kg","13":"first","14":"outofstock","15":"taxable","16":"shipping-taxable","17":"purchasable","18":"product-type-simple"},"yoast_head":"<!-- This site is optimized with the Yoast SEO plugin v27.6 - https:\/\/yoast.com\/product\/yoast-seo-wordpress\/ -->\n<title>TAMBOR SONOR P\/BATERIA MOD PL12 1209TT V - Mexican Guitar Players<\/title>\n<meta name=\"description\" content=\"Tom de aire Sonor, serie Prolite, medidas: 12\u201d x 9\u201d pulgadas, proceso de laminaci\u00f3n cruzada de libre tensi\u00f3n, medici\u00f3n \u00f3ptima de las conchas, aros en\u00e9rgicos, limpieza y ajuste de ataque n\u00edtido, resonancia ac\u00fastica total.\" \/>\n<meta name=\"robots\" content=\"index, follow, max-snippet:-1, max-image-preview:large, max-video-preview:-1\" \/>\n<link rel=\"canonical\" href=\"https:\/\/www.mexicanguitarplayers.com\/en\/tienda\/sin%20categor\u00eda\/tambor-sonor-p-bateria-mod-pl12-1209tt-v\/\" \/>\n<meta property=\"og:locale\" content=\"en_US\" \/>\n<meta property=\"og:type\" content=\"article\" \/>\n<meta property=\"og:title\" content=\"TAMBOR SONOR P\/BATERIA MOD PL12 1209TT V - Mexican Guitar Players\" \/>\n<meta property=\"og:description\" content=\"Tom de aire Sonor, serie Prolite, medidas: 12\u201d x 9\u201d pulgadas, proceso de laminaci\u00f3n cruzada de libre tensi\u00f3n, medici\u00f3n \u00f3ptima de las conchas, aros en\u00e9rgicos, limpieza y ajuste de ataque n\u00edtido, resonancia ac\u00fastica total.\" \/>\n<meta property=\"og:url\" content=\"https:\/\/www.mexicanguitarplayers.com\/en\/tienda\/sin categor\u00eda\/tambor-sonor-p-bateria-mod-pl12-1209tt-v\/\" \/>\n<meta property=\"og:site_name\" content=\"Mexican Guitar Players\" \/>\n<meta property=\"article:modified_time\" content=\"2026-04-10T10:29:05+00:00\" \/>\n<meta name=\"twitter:card\" content=\"summary_large_image\" \/>\n<meta name=\"twitter:label1\" content=\"Est. reading time\" \/>\n\t<meta name=\"twitter:data1\" content=\"2 minutes\" \/>\n<script type=\"application\/ld+json\" class=\"yoast-schema-graph\">{\"@context\":\"https:\\\/\\\/schema.org\",\"@graph\":[{\"@type\":[\"WebPage\",\"ItemPage\"],\"@id\":\"https:\\\/\\\/www.mexicanguitarplayers.com\\\/tienda\\\/sin categor\u00eda\\\/tambor-sonor-p-bateria-mod-pl12-1209tt-v\\\/\",\"url\":\"https:\\\/\\\/www.mexicanguitarplayers.com\\\/tienda\\\/sin categor\u00eda\\\/tambor-sonor-p-bateria-mod-pl12-1209tt-v\\\/\",\"name\":\"TAMBOR SONOR P\\\/BATERIA MOD PL12 1209TT V - Mexican Guitar Players\",\"isPartOf\":{\"@id\":\"https:\\\/\\\/www.mexicanguitarplayers.com\\\/#website\"},\"primaryImageOfPage\":{\"@id\":\"https:\\\/\\\/www.mexicanguitarplayers.com\\\/tienda\\\/sin categor\u00eda\\\/tambor-sonor-p-bateria-mod-pl12-1209tt-v\\\/#primaryimage\"},\"image\":{\"@id\":\"https:\\\/\\\/www.mexicanguitarplayers.com\\\/tienda\\\/sin categor\u00eda\\\/tambor-sonor-p-bateria-mod-pl12-1209tt-v\\\/#primaryimage\"},\"thumbnailUrl\":\"https:\\\/\\\/www.mexicanguitarplayers.com\\\/wp-content\\\/uploads\\\/2025\\\/04\\\/IPSORP121209TV.jpg\",\"datePublished\":\"2025-04-09T04:00:09+00:00\",\"dateModified\":\"2026-04-10T10:29:05+00:00\",\"description\":\"Tom de aire Sonor, serie Prolite, medidas: 12\u201d x 9\u201d pulgadas, proceso de laminaci\u00f3n cruzada de libre tensi\u00f3n, medici\u00f3n \u00f3ptima de las conchas, aros en\u00e9rgicos, limpieza y ajuste de ataque n\u00edtido, resonancia ac\u00fastica total.\",\"breadcrumb\":{\"@id\":\"https:\\\/\\\/www.mexicanguitarplayers.com\\\/tienda\\\/sin categor\u00eda\\\/tambor-sonor-p-bateria-mod-pl12-1209tt-v\\\/#breadcrumb\"},\"inLanguage\":\"en-US\",\"potentialAction\":[{\"@type\":\"ReadAction\",\"target\":[\"https:\\\/\\\/www.mexicanguitarplayers.com\\\/tienda\\\/sin categor\u00eda\\\/tambor-sonor-p-bateria-mod-pl12-1209tt-v\\\/\"]}]},{\"@type\":\"ImageObject\",\"inLanguage\":\"en-US\",\"@id\":\"https:\\\/\\\/www.mexicanguitarplayers.com\\\/tienda\\\/sin categor\u00eda\\\/tambor-sonor-p-bateria-mod-pl12-1209tt-v\\\/#primaryimage\",\"url\":\"https:\\\/\\\/www.mexicanguitarplayers.com\\\/wp-content\\\/uploads\\\/2025\\\/04\\\/IPSORP121209TV.jpg\",\"contentUrl\":\"https:\\\/\\\/www.mexicanguitarplayers.com\\\/wp-content\\\/uploads\\\/2025\\\/04\\\/IPSORP121209TV.jpg\",\"width\":1200,\"height\":1200},{\"@type\":\"BreadcrumbList\",\"@id\":\"https:\\\/\\\/www.mexicanguitarplayers.com\\\/tienda\\\/sin categor\u00eda\\\/tambor-sonor-p-bateria-mod-pl12-1209tt-v\\\/#breadcrumb\",\"itemListElement\":[{\"@type\":\"ListItem\",\"position\":1,\"name\":\"Portada\",\"item\":\"https:\\\/\\\/www.mexicanguitarplayers.com\\\/\"},{\"@type\":\"ListItem\",\"position\":2,\"name\":\"Tienda\",\"item\":\"https:\\\/\\\/www.mexicanguitarplayers.com\\\/tienda\\\/\"},{\"@type\":\"ListItem\",\"position\":3,\"name\":\"TAMBOR SONOR P\\\/BATERIA MOD PL12 1209TT V\"}]},{\"@type\":\"WebSite\",\"@id\":\"https:\\\/\\\/www.mexicanguitarplayers.com\\\/#website\",\"url\":\"https:\\\/\\\/www.mexicanguitarplayers.com\\\/\",\"name\":\"Mexican Guitar Players\",\"description\":\"Website\",\"publisher\":{\"@id\":\"https:\\\/\\\/www.mexicanguitarplayers.com\\\/#organization\"},\"potentialAction\":[{\"@type\":\"SearchAction\",\"target\":{\"@type\":\"EntryPoint\",\"urlTemplate\":\"https:\\\/\\\/www.mexicanguitarplayers.com\\\/?s={search_term_string}\"},\"query-input\":{\"@type\":\"PropertyValueSpecification\",\"valueRequired\":true,\"valueName\":\"search_term_string\"}}],\"inLanguage\":\"en-US\"},{\"@type\":\"Organization\",\"@id\":\"https:\\\/\\\/www.mexicanguitarplayers.com\\\/#organization\",\"name\":\"Mexican Guitar Players\",\"url\":\"https:\\\/\\\/www.mexicanguitarplayers.com\\\/\",\"logo\":{\"@type\":\"ImageObject\",\"inLanguage\":\"en-US\",\"@id\":\"https:\\\/\\\/www.mexicanguitarplayers.com\\\/#\\\/schema\\\/logo\\\/image\\\/\",\"url\":\"\",\"contentUrl\":\"\",\"caption\":\"Mexican Guitar Players\"},\"image\":{\"@id\":\"https:\\\/\\\/www.mexicanguitarplayers.com\\\/#\\\/schema\\\/logo\\\/image\\\/\"}}]}<\/script>\n<!-- \/ Yoast SEO plugin. -->","yoast_head_json":{"title":"TAMBOR SONOR P\/BATERIA MOD PL12 1209TT V - Mexican Guitar Players","description":"Tom de aire Sonor, serie Prolite, medidas: 12\u201d x 9\u201d pulgadas, proceso de laminaci\u00f3n cruzada de libre tensi\u00f3n, medici\u00f3n \u00f3ptima de las conchas, aros en\u00e9rgicos, limpieza y ajuste de ataque n\u00edtido, resonancia ac\u00fastica total.","robots":{"index":"index","follow":"follow","max-snippet":"max-snippet:-1","max-image-preview":"max-image-preview:large","max-video-preview":"max-video-preview:-1"},"canonical":"https:\/\/www.mexicanguitarplayers.com\/en\/tienda\/sin categor\u00eda\/tambor-sonor-p-bateria-mod-pl12-1209tt-v\/","og_locale":"en_US","og_type":"article","og_title":"TAMBOR SONOR P\/BATERIA MOD PL12 1209TT V - Mexican Guitar Players","og_description":"Tom de aire Sonor, serie Prolite, medidas: 12\u201d x 9\u201d pulgadas, proceso de laminaci\u00f3n cruzada de libre tensi\u00f3n, medici\u00f3n \u00f3ptima de las conchas, aros en\u00e9rgicos, limpieza y ajuste de ataque n\u00edtido, resonancia ac\u00fastica total.","og_url":"https:\/\/www.mexicanguitarplayers.com\/en\/tienda\/sin categor\u00eda\/tambor-sonor-p-bateria-mod-pl12-1209tt-v\/","og_site_name":"Mexican Guitar Players","article_modified_time":"2026-04-10T10:29:05+00:00","twitter_card":"summary_large_image","twitter_misc":{"Est. reading time":"2 minutes"},"schema":{"@context":"https:\/\/schema.org","@graph":[{"@type":["WebPage","ItemPage"],"@id":"https:\/\/www.mexicanguitarplayers.com\/tienda\/sin categor\u00eda\/tambor-sonor-p-bateria-mod-pl12-1209tt-v\/","url":"https:\/\/www.mexicanguitarplayers.com\/tienda\/sin categor\u00eda\/tambor-sonor-p-bateria-mod-pl12-1209tt-v\/","name":"TAMBOR SONOR P\/BATERIA MOD PL12 1209TT V - Mexican Guitar Players","isPartOf":{"@id":"https:\/\/www.mexicanguitarplayers.com\/#website"},"primaryImageOfPage":{"@id":"https:\/\/www.mexicanguitarplayers.com\/tienda\/sin categor\u00eda\/tambor-sonor-p-bateria-mod-pl12-1209tt-v\/#primaryimage"},"image":{"@id":"https:\/\/www.mexicanguitarplayers.com\/tienda\/sin categor\u00eda\/tambor-sonor-p-bateria-mod-pl12-1209tt-v\/#primaryimage"},"thumbnailUrl":"https:\/\/www.mexicanguitarplayers.com\/wp-content\/uploads\/2025\/04\/IPSORP121209TV.jpg","datePublished":"2025-04-09T04:00:09+00:00","dateModified":"2026-04-10T10:29:05+00:00","description":"Tom de aire Sonor, serie Prolite, medidas: 12\u201d x 9\u201d pulgadas, proceso de laminaci\u00f3n cruzada de libre tensi\u00f3n, medici\u00f3n \u00f3ptima de las conchas, aros en\u00e9rgicos, limpieza y ajuste de ataque n\u00edtido, resonancia ac\u00fastica total.","breadcrumb":{"@id":"https:\/\/www.mexicanguitarplayers.com\/tienda\/sin categor\u00eda\/tambor-sonor-p-bateria-mod-pl12-1209tt-v\/#breadcrumb"},"inLanguage":"en-US","potentialAction":[{"@type":"ReadAction","target":["https:\/\/www.mexicanguitarplayers.com\/tienda\/sin categor\u00eda\/tambor-sonor-p-bateria-mod-pl12-1209tt-v\/"]}]},{"@type":"ImageObject","inLanguage":"en-US","@id":"https:\/\/www.mexicanguitarplayers.com\/tienda\/sin categor\u00eda\/tambor-sonor-p-bateria-mod-pl12-1209tt-v\/#primaryimage","url":"https:\/\/www.mexicanguitarplayers.com\/wp-content\/uploads\/2025\/04\/IPSORP121209TV.jpg","contentUrl":"https:\/\/www.mexicanguitarplayers.com\/wp-content\/uploads\/2025\/04\/IPSORP121209TV.jpg","width":1200,"height":1200},{"@type":"BreadcrumbList","@id":"https:\/\/www.mexicanguitarplayers.com\/tienda\/sin categor\u00eda\/tambor-sonor-p-bateria-mod-pl12-1209tt-v\/#breadcrumb","itemListElement":[{"@type":"ListItem","position":1,"name":"Portada","item":"https:\/\/www.mexicanguitarplayers.com\/"},{"@type":"ListItem","position":2,"name":"Tienda","item":"https:\/\/www.mexicanguitarplayers.com\/tienda\/"},{"@type":"ListItem","position":3,"name":"TAMBOR SONOR P\/BATERIA MOD PL12 1209TT V"}]},{"@type":"WebSite","@id":"https:\/\/www.mexicanguitarplayers.com\/#website","url":"https:\/\/www.mexicanguitarplayers.com\/","name":"Mexican Guitar Players","description":"Website","publisher":{"@id":"https:\/\/www.mexicanguitarplayers.com\/#organization"},"potentialAction":[{"@type":"SearchAction","target":{"@type":"EntryPoint","urlTemplate":"https:\/\/www.mexicanguitarplayers.com\/?s={search_term_string}"},"query-input":{"@type":"PropertyValueSpecification","valueRequired":true,"valueName":"search_term_string"}}],"inLanguage":"en-US"},{"@type":"Organization","@id":"https:\/\/www.mexicanguitarplayers.com\/#organization","name":"Mexican Guitar Players","url":"https:\/\/www.mexicanguitarplayers.com\/","logo":{"@type":"ImageObject","inLanguage":"en-US","@id":"https:\/\/www.mexicanguitarplayers.com\/#\/schema\/logo\/image\/","url":"","contentUrl":"","caption":"Mexican Guitar Players"},"image":{"@id":"https:\/\/www.mexicanguitarplayers.com\/#\/schema\/logo\/image\/"}}]}},"brands":[{"id":321,"name":"SOUND","slug":"sonor"}],"_links":{"self":[{"href":"https:\/\/www.mexicanguitarplayers.com\/en\/wp-json\/wp\/v2\/product\/34979","targetHints":{"allow":["GET"]}}],"collection":[{"href":"https:\/\/www.mexicanguitarplayers.com\/en\/wp-json\/wp\/v2\/product"}],"about":[{"href":"https:\/\/www.mexicanguitarplayers.com\/en\/wp-json\/wp\/v2\/types\/product"}],"replies":[{"embeddable":true,"href":"https:\/\/www.mexicanguitarplayers.com\/en\/wp-json\/wp\/v2\/comments?post=34979"}],"wp:featuredmedia":[{"embeddable":true,"href":"https:\/\/www.mexicanguitarplayers.com\/en\/wp-json\/wp\/v2\/media\/34978"}],"wp:attachment":[{"href":"https:\/\/www.mexicanguitarplayers.com\/en\/wp-json\/wp\/v2\/media?parent=34979"}],"wp:term":[{"taxonomy":"pwb-brand","embeddable":true,"href":"https:\/\/www.mexicanguitarplayers.com\/en\/wp-json\/wp\/v2\/pwb-brand?post=34979"},{"taxonomy":"product_brand","embeddable":true,"href":"https:\/\/www.mexicanguitarplayers.com\/en\/wp-json\/wp\/v2\/product_brand?post=34979"},{"taxonomy":"product_cat","embeddable":true,"href":"https:\/\/www.mexicanguitarplayers.com\/en\/wp-json\/wp\/v2\/product_cat?post=34979"},{"taxonomy":"product_tag","embeddable":true,"href":"https:\/\/www.mexicanguitarplayers.com\/en\/wp-json\/wp\/v2\/product_tag?post=34979"}],"curies":[{"name":"wp","href":"https:\/\/api.w.org\/{rel}","templated":true}]}}