{"id":35008,"date":"2025-04-08T22:00:52","date_gmt":"2025-04-09T04:00:52","guid":{"rendered":"https:\/\/www.mexicanguitarplayers.com\/tienda\/sin categor\u00eda\/convertidor-a-r-t-mod-cleanboxpro\/"},"modified":"2026-04-10T04:29:02","modified_gmt":"2026-04-10T10:29:02","slug":"convertidor-a-r-t-mod-cleanboxpro","status":"publish","type":"product","link":"https:\/\/www.mexicanguitarplayers.com\/en\/tienda\/accesorios\/para-audio\/cajas-directas\/convertidor-a-r-t-mod-cleanboxpro\/","title":{"rendered":"CONVERTIDOR A.R.T. MOD. CLEANBOXPRO"},"content":{"rendered":"<div style=\"text-align: justify\">\n<div>\n<h3>Minimiza el ruido inducido en tus grabaciones y shows.<\/h3>\n<\/div>\n<div>CLEANBoxPro proporciona dos canales de conversi\u00f3n de nivel no balanceado a balanceado y dos canales de conversi\u00f3n de nivel balanceado a desbalanceado en una unidad robusta, compacta y port\u00e1til. Las l\u00edneas balanceadas ofrecen una mayor inmunidad tanto al ruido el\u00e9ctrico externo como al zumbido. Dado que un sistema equilibrado minimiza el ruido inducido, es el m\u00e9todo preferido para conectar equipos de audio, especialmente cuando se utilizan cables de gran longitud. Una secci\u00f3n de CLEANBoxPro  convierte dos canales de se\u00f1ales de entradas desbalanceadas de nivel de l\u00ednea profesional. Tiene dos entradas Jack RCA y una entrada jack mini phone est\u00e9reo conectadas en paralelo. La salida balanceada alimenta dos conectores XLR macho. La otra secci\u00f3n del CLEANBoxPro convierte dos canales de se\u00f1ales de entrada balanceada de nivel de l\u00ednea en dos canales de se\u00f1ales de salida desbalanceada del consumidor. Tiene dos conectores de entrada XLR hembra. La salida desbalanceada alimenta dos conectores RCA y un conector mini phone est\u00e9reo conectados en paralelo. Cada secci\u00f3n tiene dos controles de nivel est\u00e9reo para optimizar los niveles de se\u00f1al. Un indicador LED se enciende cuando se aplica energ\u00eda. Este producto es ideal para estudios de grabaci\u00f3n caseros o profesionales, sonido en vivo, PA e instalaciones permanentes, DJ, AV y alta fidelidad, podcasting y broadcasting y se puede utilizar con mezcladoras, procesadores de audio, computadoras port\u00e1tiles, tarjetas de sonido de computadora, reproductores de CD\/DVD, m\u00e1quinas de videojuegos, reproductores y grabadoras de MP3, monitores amplificador y estaciones de trabajo de audio digital.<\/div>\n<div>\n<h4>Quick look<\/h4>\n<\/div>\n<ul style=\"margin: 0px 0px 0px 25px\">\n<li style=\"list-style-type: circle;margin: 5px\">Frequency response.<\/li>\n<li style=\"list-style-type: circle;margin: 5px\">Distorsi\u00f3n arm\u00f3nica total.<\/li>\n<li style=\"list-style-type: circle;margin: 5px\">Signal to noise ratio.<\/li>\n<li style=\"list-style-type: circle;margin: 5px\">Input impedance.<\/li>\n<li style=\"list-style-type: circle;margin: 5px\">Ganancia m\u00e1xima.<\/li>\n<li style=\"list-style-type: circle;margin: 5px\">Nivel de entrada m\u00e1ximo.<\/li>\n<li style=\"list-style-type: circle;margin: 5px\">Nivel de salida m\u00e1ximo.<\/li>\n<li style=\"list-style-type: circle;margin: 5px\">Output impedance.<\/li>\n<li style=\"list-style-type: circle;margin: 5px\">Energy.<\/li>\n<li style=\"list-style-type: circle;margin: 5px\">Dimensions.<\/li>\n<li style=\"list-style-type: circle;margin: 5px\">Weight.<\/li>\n<\/ul>\n<div>\n<div style=\"font-weight: bold\">Frequency response.<\/div>\n<div>\n<p>20 Hz a 20 kHz, \u00b11 dB.<\/p>\n<\/div>\n<div style=\"font-weight: bold\">Distorsi\u00f3n arm\u00f3nica total.<\/div>\n<div>\n<p>&lt;0.1% @ 1 kHz.<\/p>\n<\/div>\n<div style=\"font-weight: bold\">Signal to noise ratio.<\/div>\n<div>\n<p>&gt; 90 dB.<\/p>\n<\/div>\n<div style=\"font-weight: bold\">Input impedance.<\/div>\n<div>\n<p>Balanceada: 20 kilo-ohms. Desbalanceada: 100 ohms.<\/p>\n<\/div>\n<div style=\"font-weight: bold\">Ganancia m\u00e1xima.<\/div>\n<div>\n<p>Balanceado a desbalanceado: -6 dB. Desbalanceado a balanceado: +21 dB.<\/p>\n<\/div>\n<div style=\"font-weight: bold\">Nivel de entrada m\u00e1ximo.<\/div>\n<div>\n<p>+21 dBu.<\/p>\n<\/div>\n<div style=\"font-weight: bold\">Nivel de salida m\u00e1ximo.<\/div>\n<div>\n<p>Balanceado: +21dBu. Desbalanceado: +15dBu.<\/p>\n<\/div>\n<div style=\"font-weight: bold\">Output impedance.<\/div>\n<div>\n<p>Balanceado: 100 ohms. Desbalanceado: 300 ohms.<\/p>\n<\/div>\n<div style=\"font-weight: bold\">Energy.<\/div>\n<div>\n<p>7.5-12 V AC\/DC, &lt;150 mA.<\/p>\n<\/div>\n<div style=\"font-weight: bold\">Dimensions.<\/div>\n<div>\n<p>47 x 117 x 109 mm.<\/p>\n<\/div>\n<div style=\"font-weight: bold\">Weight.<\/div>\n<div>\n<p>0.50 kg.<\/p>\n<\/div>\n<\/div>\n<\/div>","protected":false},"excerpt":{"rendered":"<p>Convertidor de audio, conectores XLR para entradas y salidas balanceadas, jacks RCA phono y mini phone 1\/8\u201d para entradas y salidas desbalanceadas, control de nivel de salida est\u00e9reo desbalanceado, control de nivel de salida est\u00e9reo balanceado, carcasa de aluminio extruido resistente, switch On\/Off iluminado, incluye fuente de alimentaci\u00f3n externa para funcionar con red AC, circuito de bajo ruido y baja distorsi\u00f3n, se puede utilizar en estudios de grabaci\u00f3n caseros o profesionales, sonido en vivo, PA e instalaciones permanentes, DJ, AV y alta fidelidad, podcasting y broadcasting y se puede utilizar con mezcladoras, procesadores de audio, computadoras port\u00e1tiles, tarjetas de sonido de computadora, reproductores de CD\/DVD, m\u00e1quinas de videojuegos, reproductores y grabadoras de MP3, monitores amplificador y estaciones de trabajo de audio digital, dimensiones: 47 x 117 x 109 mm, peso: 0.50 kg.&hellip; <a class=\"kt-excerpt-readmore more-link\" href=\"https:\/\/www.mexicanguitarplayers.com\/en\/tienda\/accesorios\/para-audio\/cajas-directas\/convertidor-a-r-t-mod-cleanboxpro\/\">Read more<\/a><\/p>","protected":false},"featured_media":35004,"comment_status":"open","ping_status":"closed","template":"","meta":{"kt_blocks_editor_width":""},"pwb-brand":[531],"product_brand":[],"product_cat":[85,509,410],"product_tag":[],"class_list":{"0":"post-35008","1":"product","2":"type-product","3":"status-publish","4":"has-post-thumbnail","6":"pwb-brand-a-r-t","7":"product_cat-accesorios","8":"product_cat-cajas-directas","9":"product_cat-para-audio","10":"product_shipping_class-0-5-kg","12":"first","13":"outofstock","14":"taxable","15":"shipping-taxable","16":"purchasable","17":"product-type-simple"},"yoast_head":"<!-- This site is optimized with the Yoast SEO plugin v27.6 - https:\/\/yoast.com\/product\/yoast-seo-wordpress\/ -->\n<title>CONVERTIDOR A.R.T. MOD. CLEANBOXPRO - Mexican Guitar Players<\/title>\n<meta name=\"description\" content=\"Convertidor de audio, conectores XLR para entradas y salidas balanceadas, jacks RCA phono y mini phone 1\/8\u201d para entradas y salidas desbalanceadas, control de nivel de salida est\u00e9reo desbalanceado, control de nivel de salida est\u00e9reo balanceado, carcasa de aluminio extruido resistente, switch On\/Off iluminado, incluye fuente de alimentaci\u00f3n externa para funcionar con red AC, circuito de bajo ruido y baja distorsi\u00f3n, se puede utilizar en estudios de grabaci\u00f3n caseros o profesionales, sonido en vivo, PA e instalaciones permanentes, DJ, AV y alta fidelidad, podcasting y broadcasting y se puede utilizar con mezcladoras, procesadores de audio, computadoras port\u00e1tiles, tarjetas de sonido de computadora, reproductores de CD\/DVD, m\u00e1quinas de videojuegos, reproductores y grabadoras de MP3, monitores amplificador y estaciones de trabajo de audio digital, dimensiones: 47 x 117 x 109 mm, peso: 0.50 kg.\" \/>\n<meta name=\"robots\" content=\"index, follow, max-snippet:-1, max-image-preview:large, max-video-preview:-1\" \/>\n<link rel=\"canonical\" href=\"https:\/\/www.mexicanguitarplayers.com\/en\/tienda\/sin%20categor\u00eda\/convertidor-a-r-t-mod-cleanboxpro\/\" \/>\n<meta property=\"og:locale\" content=\"en_US\" \/>\n<meta property=\"og:type\" content=\"article\" \/>\n<meta property=\"og:title\" content=\"CONVERTIDOR A.R.T. MOD. CLEANBOXPRO - Mexican Guitar Players\" \/>\n<meta property=\"og:description\" content=\"Convertidor de audio, conectores XLR para entradas y salidas balanceadas, jacks RCA phono y mini phone 1\/8\u201d para entradas y salidas desbalanceadas, control de nivel de salida est\u00e9reo desbalanceado, control de nivel de salida est\u00e9reo balanceado, carcasa de aluminio extruido resistente, switch On\/Off iluminado, incluye fuente de alimentaci\u00f3n externa para funcionar con red AC, circuito de bajo ruido y baja distorsi\u00f3n, se puede utilizar en estudios de grabaci\u00f3n caseros o profesionales, sonido en vivo, PA e instalaciones permanentes, DJ, AV y alta fidelidad, podcasting y broadcasting y se puede utilizar con mezcladoras, procesadores de audio, computadoras port\u00e1tiles, tarjetas de sonido de computadora, reproductores de CD\/DVD, m\u00e1quinas de videojuegos, reproductores y grabadoras de MP3, monitores amplificador y estaciones de trabajo de audio digital, dimensiones: 47 x 117 x 109 mm, peso: 0.50 kg.\" \/>\n<meta property=\"og:url\" content=\"https:\/\/www.mexicanguitarplayers.com\/en\/tienda\/sin categor\u00eda\/convertidor-a-r-t-mod-cleanboxpro\/\" \/>\n<meta property=\"og:site_name\" content=\"Mexican Guitar Players\" \/>\n<meta property=\"article:modified_time\" content=\"2026-04-10T10:29:02+00:00\" \/>\n<meta name=\"twitter:card\" content=\"summary_large_image\" \/>\n<meta name=\"twitter:label1\" content=\"Est. reading time\" \/>\n\t<meta name=\"twitter:data1\" content=\"2 minutes\" \/>\n<script type=\"application\/ld+json\" class=\"yoast-schema-graph\">{\"@context\":\"https:\\\/\\\/schema.org\",\"@graph\":[{\"@type\":[\"WebPage\",\"ItemPage\"],\"@id\":\"https:\\\/\\\/www.mexicanguitarplayers.com\\\/tienda\\\/sin categor\u00eda\\\/convertidor-a-r-t-mod-cleanboxpro\\\/\",\"url\":\"https:\\\/\\\/www.mexicanguitarplayers.com\\\/tienda\\\/sin categor\u00eda\\\/convertidor-a-r-t-mod-cleanboxpro\\\/\",\"name\":\"CONVERTIDOR A.R.T. MOD. CLEANBOXPRO - Mexican Guitar Players\",\"isPartOf\":{\"@id\":\"https:\\\/\\\/www.mexicanguitarplayers.com\\\/#website\"},\"primaryImageOfPage\":{\"@id\":\"https:\\\/\\\/www.mexicanguitarplayers.com\\\/tienda\\\/sin categor\u00eda\\\/convertidor-a-r-t-mod-cleanboxpro\\\/#primaryimage\"},\"image\":{\"@id\":\"https:\\\/\\\/www.mexicanguitarplayers.com\\\/tienda\\\/sin categor\u00eda\\\/convertidor-a-r-t-mod-cleanboxpro\\\/#primaryimage\"},\"thumbnailUrl\":\"https:\\\/\\\/www.mexicanguitarplayers.com\\\/wp-content\\\/uploads\\\/2025\\\/04\\\/IAARTCLEANBOXP.jpg\",\"datePublished\":\"2025-04-09T04:00:52+00:00\",\"dateModified\":\"2026-04-10T10:29:02+00:00\",\"description\":\"Convertidor de audio, conectores XLR para entradas y salidas balanceadas, jacks RCA phono y mini phone 1\\\/8\u201d para entradas y salidas desbalanceadas, control de nivel de salida est\u00e9reo desbalanceado, control de nivel de salida est\u00e9reo balanceado, carcasa de aluminio extruido resistente, switch On\\\/Off iluminado, incluye fuente de alimentaci\u00f3n externa para funcionar con red AC, circuito de bajo ruido y baja distorsi\u00f3n, se puede utilizar en estudios de grabaci\u00f3n caseros o profesionales, sonido en vivo, PA e instalaciones permanentes, DJ, AV y alta fidelidad, podcasting y broadcasting y se puede utilizar con mezcladoras, procesadores de audio, computadoras port\u00e1tiles, tarjetas de sonido de computadora, reproductores de CD\\\/DVD, m\u00e1quinas de videojuegos, reproductores y grabadoras de MP3, monitores amplificador y estaciones de trabajo de audio digital, dimensiones: 47 x 117 x 109 mm, peso: 0.50 kg.\",\"breadcrumb\":{\"@id\":\"https:\\\/\\\/www.mexicanguitarplayers.com\\\/tienda\\\/sin categor\u00eda\\\/convertidor-a-r-t-mod-cleanboxpro\\\/#breadcrumb\"},\"inLanguage\":\"en-US\",\"potentialAction\":[{\"@type\":\"ReadAction\",\"target\":[\"https:\\\/\\\/www.mexicanguitarplayers.com\\\/tienda\\\/sin categor\u00eda\\\/convertidor-a-r-t-mod-cleanboxpro\\\/\"]}]},{\"@type\":\"ImageObject\",\"inLanguage\":\"en-US\",\"@id\":\"https:\\\/\\\/www.mexicanguitarplayers.com\\\/tienda\\\/sin categor\u00eda\\\/convertidor-a-r-t-mod-cleanboxpro\\\/#primaryimage\",\"url\":\"https:\\\/\\\/www.mexicanguitarplayers.com\\\/wp-content\\\/uploads\\\/2025\\\/04\\\/IAARTCLEANBOXP.jpg\",\"contentUrl\":\"https:\\\/\\\/www.mexicanguitarplayers.com\\\/wp-content\\\/uploads\\\/2025\\\/04\\\/IAARTCLEANBOXP.jpg\",\"width\":1200,\"height\":1200},{\"@type\":\"BreadcrumbList\",\"@id\":\"https:\\\/\\\/www.mexicanguitarplayers.com\\\/tienda\\\/sin categor\u00eda\\\/convertidor-a-r-t-mod-cleanboxpro\\\/#breadcrumb\",\"itemListElement\":[{\"@type\":\"ListItem\",\"position\":1,\"name\":\"Portada\",\"item\":\"https:\\\/\\\/www.mexicanguitarplayers.com\\\/\"},{\"@type\":\"ListItem\",\"position\":2,\"name\":\"Tienda\",\"item\":\"https:\\\/\\\/www.mexicanguitarplayers.com\\\/tienda\\\/\"},{\"@type\":\"ListItem\",\"position\":3,\"name\":\"CONVERTIDOR A.R.T. MOD. CLEANBOXPRO\"}]},{\"@type\":\"WebSite\",\"@id\":\"https:\\\/\\\/www.mexicanguitarplayers.com\\\/#website\",\"url\":\"https:\\\/\\\/www.mexicanguitarplayers.com\\\/\",\"name\":\"Mexican Guitar Players\",\"description\":\"Website\",\"publisher\":{\"@id\":\"https:\\\/\\\/www.mexicanguitarplayers.com\\\/#organization\"},\"potentialAction\":[{\"@type\":\"SearchAction\",\"target\":{\"@type\":\"EntryPoint\",\"urlTemplate\":\"https:\\\/\\\/www.mexicanguitarplayers.com\\\/?s={search_term_string}\"},\"query-input\":{\"@type\":\"PropertyValueSpecification\",\"valueRequired\":true,\"valueName\":\"search_term_string\"}}],\"inLanguage\":\"en-US\"},{\"@type\":\"Organization\",\"@id\":\"https:\\\/\\\/www.mexicanguitarplayers.com\\\/#organization\",\"name\":\"Mexican Guitar Players\",\"url\":\"https:\\\/\\\/www.mexicanguitarplayers.com\\\/\",\"logo\":{\"@type\":\"ImageObject\",\"inLanguage\":\"en-US\",\"@id\":\"https:\\\/\\\/www.mexicanguitarplayers.com\\\/#\\\/schema\\\/logo\\\/image\\\/\",\"url\":\"\",\"contentUrl\":\"\",\"caption\":\"Mexican Guitar Players\"},\"image\":{\"@id\":\"https:\\\/\\\/www.mexicanguitarplayers.com\\\/#\\\/schema\\\/logo\\\/image\\\/\"}}]}<\/script>\n<!-- \/ Yoast SEO plugin. -->","yoast_head_json":{"title":"CONVERTIDOR A.R.T. MOD. CLEANBOXPRO - Mexican Guitar Players","description":"Convertidor de audio, conectores XLR para entradas y salidas balanceadas, jacks RCA phono y mini phone 1\/8\u201d para entradas y salidas desbalanceadas, control de nivel de salida est\u00e9reo desbalanceado, control de nivel de salida est\u00e9reo balanceado, carcasa de aluminio extruido resistente, switch On\/Off iluminado, incluye fuente de alimentaci\u00f3n externa para funcionar con red AC, circuito de bajo ruido y baja distorsi\u00f3n, se puede utilizar en estudios de grabaci\u00f3n caseros o profesionales, sonido en vivo, PA e instalaciones permanentes, DJ, AV y alta fidelidad, podcasting y broadcasting y se puede utilizar con mezcladoras, procesadores de audio, computadoras port\u00e1tiles, tarjetas de sonido de computadora, reproductores de CD\/DVD, m\u00e1quinas de videojuegos, reproductores y grabadoras de MP3, monitores amplificador y estaciones de trabajo de audio digital, dimensiones: 47 x 117 x 109 mm, peso: 0.50 kg.","robots":{"index":"index","follow":"follow","max-snippet":"max-snippet:-1","max-image-preview":"max-image-preview:large","max-video-preview":"max-video-preview:-1"},"canonical":"https:\/\/www.mexicanguitarplayers.com\/en\/tienda\/sin categor\u00eda\/convertidor-a-r-t-mod-cleanboxpro\/","og_locale":"en_US","og_type":"article","og_title":"CONVERTIDOR A.R.T. MOD. CLEANBOXPRO - Mexican Guitar Players","og_description":"Convertidor de audio, conectores XLR para entradas y salidas balanceadas, jacks RCA phono y mini phone 1\/8\u201d para entradas y salidas desbalanceadas, control de nivel de salida est\u00e9reo desbalanceado, control de nivel de salida est\u00e9reo balanceado, carcasa de aluminio extruido resistente, switch On\/Off iluminado, incluye fuente de alimentaci\u00f3n externa para funcionar con red AC, circuito de bajo ruido y baja distorsi\u00f3n, se puede utilizar en estudios de grabaci\u00f3n caseros o profesionales, sonido en vivo, PA e instalaciones permanentes, DJ, AV y alta fidelidad, podcasting y broadcasting y se puede utilizar con mezcladoras, procesadores de audio, computadoras port\u00e1tiles, tarjetas de sonido de computadora, reproductores de CD\/DVD, m\u00e1quinas de videojuegos, reproductores y grabadoras de MP3, monitores amplificador y estaciones de trabajo de audio digital, dimensiones: 47 x 117 x 109 mm, peso: 0.50 kg.","og_url":"https:\/\/www.mexicanguitarplayers.com\/en\/tienda\/sin categor\u00eda\/convertidor-a-r-t-mod-cleanboxpro\/","og_site_name":"Mexican Guitar Players","article_modified_time":"2026-04-10T10:29:02+00:00","twitter_card":"summary_large_image","twitter_misc":{"Est. reading time":"2 minutes"},"schema":{"@context":"https:\/\/schema.org","@graph":[{"@type":["WebPage","ItemPage"],"@id":"https:\/\/www.mexicanguitarplayers.com\/tienda\/sin categor\u00eda\/convertidor-a-r-t-mod-cleanboxpro\/","url":"https:\/\/www.mexicanguitarplayers.com\/tienda\/sin categor\u00eda\/convertidor-a-r-t-mod-cleanboxpro\/","name":"CONVERTIDOR A.R.T. MOD. CLEANBOXPRO - Mexican Guitar Players","isPartOf":{"@id":"https:\/\/www.mexicanguitarplayers.com\/#website"},"primaryImageOfPage":{"@id":"https:\/\/www.mexicanguitarplayers.com\/tienda\/sin categor\u00eda\/convertidor-a-r-t-mod-cleanboxpro\/#primaryimage"},"image":{"@id":"https:\/\/www.mexicanguitarplayers.com\/tienda\/sin categor\u00eda\/convertidor-a-r-t-mod-cleanboxpro\/#primaryimage"},"thumbnailUrl":"https:\/\/www.mexicanguitarplayers.com\/wp-content\/uploads\/2025\/04\/IAARTCLEANBOXP.jpg","datePublished":"2025-04-09T04:00:52+00:00","dateModified":"2026-04-10T10:29:02+00:00","description":"Convertidor de audio, conectores XLR para entradas y salidas balanceadas, jacks RCA phono y mini phone 1\/8\u201d para entradas y salidas desbalanceadas, control de nivel de salida est\u00e9reo desbalanceado, control de nivel de salida est\u00e9reo balanceado, carcasa de aluminio extruido resistente, switch On\/Off iluminado, incluye fuente de alimentaci\u00f3n externa para funcionar con red AC, circuito de bajo ruido y baja distorsi\u00f3n, se puede utilizar en estudios de grabaci\u00f3n caseros o profesionales, sonido en vivo, PA e instalaciones permanentes, DJ, AV y alta fidelidad, podcasting y broadcasting y se puede utilizar con mezcladoras, procesadores de audio, computadoras port\u00e1tiles, tarjetas de sonido de computadora, reproductores de CD\/DVD, m\u00e1quinas de videojuegos, reproductores y grabadoras de MP3, monitores amplificador y estaciones de trabajo de audio digital, dimensiones: 47 x 117 x 109 mm, peso: 0.50 kg.","breadcrumb":{"@id":"https:\/\/www.mexicanguitarplayers.com\/tienda\/sin categor\u00eda\/convertidor-a-r-t-mod-cleanboxpro\/#breadcrumb"},"inLanguage":"en-US","potentialAction":[{"@type":"ReadAction","target":["https:\/\/www.mexicanguitarplayers.com\/tienda\/sin categor\u00eda\/convertidor-a-r-t-mod-cleanboxpro\/"]}]},{"@type":"ImageObject","inLanguage":"en-US","@id":"https:\/\/www.mexicanguitarplayers.com\/tienda\/sin categor\u00eda\/convertidor-a-r-t-mod-cleanboxpro\/#primaryimage","url":"https:\/\/www.mexicanguitarplayers.com\/wp-content\/uploads\/2025\/04\/IAARTCLEANBOXP.jpg","contentUrl":"https:\/\/www.mexicanguitarplayers.com\/wp-content\/uploads\/2025\/04\/IAARTCLEANBOXP.jpg","width":1200,"height":1200},{"@type":"BreadcrumbList","@id":"https:\/\/www.mexicanguitarplayers.com\/tienda\/sin categor\u00eda\/convertidor-a-r-t-mod-cleanboxpro\/#breadcrumb","itemListElement":[{"@type":"ListItem","position":1,"name":"Portada","item":"https:\/\/www.mexicanguitarplayers.com\/"},{"@type":"ListItem","position":2,"name":"Tienda","item":"https:\/\/www.mexicanguitarplayers.com\/tienda\/"},{"@type":"ListItem","position":3,"name":"CONVERTIDOR A.R.T. MOD. CLEANBOXPRO"}]},{"@type":"WebSite","@id":"https:\/\/www.mexicanguitarplayers.com\/#website","url":"https:\/\/www.mexicanguitarplayers.com\/","name":"Mexican Guitar Players","description":"Website","publisher":{"@id":"https:\/\/www.mexicanguitarplayers.com\/#organization"},"potentialAction":[{"@type":"SearchAction","target":{"@type":"EntryPoint","urlTemplate":"https:\/\/www.mexicanguitarplayers.com\/?s={search_term_string}"},"query-input":{"@type":"PropertyValueSpecification","valueRequired":true,"valueName":"search_term_string"}}],"inLanguage":"en-US"},{"@type":"Organization","@id":"https:\/\/www.mexicanguitarplayers.com\/#organization","name":"Mexican Guitar Players","url":"https:\/\/www.mexicanguitarplayers.com\/","logo":{"@type":"ImageObject","inLanguage":"en-US","@id":"https:\/\/www.mexicanguitarplayers.com\/#\/schema\/logo\/image\/","url":"","contentUrl":"","caption":"Mexican Guitar Players"},"image":{"@id":"https:\/\/www.mexicanguitarplayers.com\/#\/schema\/logo\/image\/"}}]}},"brands":[{"id":531,"name":"ART","slug":"a-r-t"}],"_links":{"self":[{"href":"https:\/\/www.mexicanguitarplayers.com\/en\/wp-json\/wp\/v2\/product\/35008","targetHints":{"allow":["GET"]}}],"collection":[{"href":"https:\/\/www.mexicanguitarplayers.com\/en\/wp-json\/wp\/v2\/product"}],"about":[{"href":"https:\/\/www.mexicanguitarplayers.com\/en\/wp-json\/wp\/v2\/types\/product"}],"replies":[{"embeddable":true,"href":"https:\/\/www.mexicanguitarplayers.com\/en\/wp-json\/wp\/v2\/comments?post=35008"}],"wp:featuredmedia":[{"embeddable":true,"href":"https:\/\/www.mexicanguitarplayers.com\/en\/wp-json\/wp\/v2\/media\/35004"}],"wp:attachment":[{"href":"https:\/\/www.mexicanguitarplayers.com\/en\/wp-json\/wp\/v2\/media?parent=35008"}],"wp:term":[{"taxonomy":"pwb-brand","embeddable":true,"href":"https:\/\/www.mexicanguitarplayers.com\/en\/wp-json\/wp\/v2\/pwb-brand?post=35008"},{"taxonomy":"product_brand","embeddable":true,"href":"https:\/\/www.mexicanguitarplayers.com\/en\/wp-json\/wp\/v2\/product_brand?post=35008"},{"taxonomy":"product_cat","embeddable":true,"href":"https:\/\/www.mexicanguitarplayers.com\/en\/wp-json\/wp\/v2\/product_cat?post=35008"},{"taxonomy":"product_tag","embeddable":true,"href":"https:\/\/www.mexicanguitarplayers.com\/en\/wp-json\/wp\/v2\/product_tag?post=35008"}],"curies":[{"name":"wp","href":"https:\/\/api.w.org\/{rel}","templated":true}]}}