{"id":35036,"date":"2025-04-08T22:01:31","date_gmt":"2025-04-09T04:01:31","guid":{"rendered":"https:\/\/www.mexicanguitarplayers.com\/tienda\/sin categor\u00eda\/pastilla-sd-media-sls-1-lipstick-for-strat-rwrp\/"},"modified":"2026-05-01T07:21:34","modified_gmt":"2026-05-01T13:21:34","slug":"pastilla-sd-media-sls-1-lipstick-for-strat-rwrp","status":"publish","type":"product","link":"https:\/\/www.mexicanguitarplayers.com\/en\/tienda\/accesorios\/para-guitarras\/pastillas-para-guitarra-electrica\/pastilla-sd-media-sls-1-lipstick-for-strat-rwrp\/","title":{"rendered":"PASTILLA SD MEDIA SLS-1 LIPSTICK FOR STRAT RWRP"},"content":{"rendered":"<div style=\"text-align: justify\">\n<div>\n<h3>Lipstick Tube Strat<\/h3>\n<\/div>\n<div>Los mismos materiales, construcci\u00f3n y tono que nuestro reemplazo Danelectro pero modificado como una pastilla Stratocaster de tama\u00f1o est\u00e1ndar.<\/div>\n<div>\n<h4>Characteristics<\/h4>\n<\/div>\n<div>\n<ul style=\"margin: 0px 0px 0px 25px\">\n<li style=\"list-style-type: circle;margin: 5px\">RCD<\/li>\n<li style=\"list-style-type: circle;margin: 5px\">Im\u00e1n<\/li>\n<li style=\"list-style-type: circle;margin: 5px\">Cable<\/li>\n<li style=\"list-style-type: circle;margin: 5px\">Kind<\/li>\n<\/ul>\n<\/div>\n<\/div>","protected":false},"excerpt":{"rendered":"<p>El Lipstick Tube para Stratocaster est\u00e1 modificado para ser un complemento para cualquier ranura Stratocaster de tama\u00f1o est\u00e1ndar. El tono es n\u00edtido y tintineante y es ideal para todo tipo de ritmos de tonos limpios. La pastilla de la posici\u00f3n media tiene bobinado inverso, polaridad inversa, lo que le dar\u00e1 una operaci\u00f3n de cancelaci\u00f3n de zumbidos cuando se combina con las pastillas del m\u00e1stil o del puente en las posiciones 2 y 4. Construido a mano en Santa B\u00e1rbara, CA, el Lipstick Tube utiliza un im\u00e1n de barra Alnico 5 y una cubierta de aspecto cl\u00e1sico Lipstick Tube de estilo Danelectro que se ha reducido ligeramente en tama\u00f1o para adaptarse a una ranura Strat, viene con cable conductor blindado de 2 conductores y est\u00e1 encapsulado en cera al vac\u00edo para un funcionamiento sin chirridos.&hellip; <a class=\"kt-excerpt-readmore more-link\" href=\"https:\/\/www.mexicanguitarplayers.com\/en\/tienda\/accesorios\/para-guitarras\/pastillas-para-guitarra-electrica\/pastilla-sd-media-sls-1-lipstick-for-strat-rwrp\/\">Read more<\/a><\/p>","protected":false},"featured_media":35033,"comment_status":"open","ping_status":"closed","template":"","meta":{"kt_blocks_editor_width":""},"pwb-brand":[502],"product_brand":[],"product_cat":[85,336,353],"product_tag":[],"class_list":{"0":"post-35036","1":"product","2":"type-product","3":"status-publish","4":"has-post-thumbnail","6":"pwb-brand-seymour-duncan","7":"product_cat-accesorios","8":"product_cat-para-guitarras","9":"product_cat-pastillas-para-guitarra-electrica","10":"product_shipping_class-0-5-kg","12":"first","13":"instock","14":"taxable","15":"shipping-taxable","16":"purchasable","17":"product-type-simple"},"yoast_head":"<!-- This site is optimized with the Yoast SEO plugin v27.5 - https:\/\/yoast.com\/product\/yoast-seo-wordpress\/ -->\n<title>PASTILLA SD MEDIA SLS-1 LIPSTICK FOR STRAT RWRP - Mexican Guitar Players<\/title>\n<meta name=\"description\" content=\"El Lipstick Tube para Stratocaster est\u00e1 modificado para ser un complemento para cualquier ranura Stratocaster de tama\u00f1o est\u00e1ndar. El tono es n\u00edtido y tintineante y es ideal para todo tipo de ritmos de tonos limpios. La pastilla de la posici\u00f3n media tiene bobinado inverso, polaridad inversa, lo que le dar\u00e1 una operaci\u00f3n de cancelaci\u00f3n de zumbidos cuando se combina con las pastillas del m\u00e1stil o del puente en las posiciones 2 y 4. Construido a mano en Santa B\u00e1rbara, CA, el Lipstick Tube utiliza un im\u00e1n de barra Alnico 5 y una cubierta de aspecto cl\u00e1sico Lipstick Tube de estilo Danelectro que se ha reducido ligeramente en tama\u00f1o para adaptarse a una ranura Strat, viene con cable conductor blindado de 2 conductores y est\u00e1 encapsulado en cera al vac\u00edo para un funcionamiento sin chirridos.\" \/>\n<meta name=\"robots\" content=\"index, follow, max-snippet:-1, max-image-preview:large, max-video-preview:-1\" \/>\n<link rel=\"canonical\" href=\"https:\/\/www.mexicanguitarplayers.com\/en\/tienda\/sin%20categor\u00eda\/pastilla-sd-media-sls-1-lipstick-for-strat-rwrp\/\" \/>\n<meta property=\"og:locale\" content=\"en_US\" \/>\n<meta property=\"og:type\" content=\"article\" \/>\n<meta property=\"og:title\" content=\"PASTILLA SD MEDIA SLS-1 LIPSTICK FOR STRAT RWRP - Mexican Guitar Players\" \/>\n<meta property=\"og:description\" content=\"El Lipstick Tube para Stratocaster est\u00e1 modificado para ser un complemento para cualquier ranura Stratocaster de tama\u00f1o est\u00e1ndar. El tono es n\u00edtido y tintineante y es ideal para todo tipo de ritmos de tonos limpios. La pastilla de la posici\u00f3n media tiene bobinado inverso, polaridad inversa, lo que le dar\u00e1 una operaci\u00f3n de cancelaci\u00f3n de zumbidos cuando se combina con las pastillas del m\u00e1stil o del puente en las posiciones 2 y 4. Construido a mano en Santa B\u00e1rbara, CA, el Lipstick Tube utiliza un im\u00e1n de barra Alnico 5 y una cubierta de aspecto cl\u00e1sico Lipstick Tube de estilo Danelectro que se ha reducido ligeramente en tama\u00f1o para adaptarse a una ranura Strat, viene con cable conductor blindado de 2 conductores y est\u00e1 encapsulado en cera al vac\u00edo para un funcionamiento sin chirridos.\" \/>\n<meta property=\"og:url\" content=\"https:\/\/www.mexicanguitarplayers.com\/en\/tienda\/sin categor\u00eda\/pastilla-sd-media-sls-1-lipstick-for-strat-rwrp\/\" \/>\n<meta property=\"og:site_name\" content=\"Mexican Guitar Players\" \/>\n<meta property=\"article:modified_time\" content=\"2026-05-01T13:21:34+00:00\" \/>\n<meta name=\"twitter:card\" content=\"summary_large_image\" \/>\n<script type=\"application\/ld+json\" class=\"yoast-schema-graph\">{\"@context\":\"https:\\\/\\\/schema.org\",\"@graph\":[{\"@type\":[\"WebPage\",\"ItemPage\"],\"@id\":\"https:\\\/\\\/www.mexicanguitarplayers.com\\\/tienda\\\/sin categor\u00eda\\\/pastilla-sd-media-sls-1-lipstick-for-strat-rwrp\\\/\",\"url\":\"https:\\\/\\\/www.mexicanguitarplayers.com\\\/tienda\\\/sin categor\u00eda\\\/pastilla-sd-media-sls-1-lipstick-for-strat-rwrp\\\/\",\"name\":\"PASTILLA SD MEDIA SLS-1 LIPSTICK FOR STRAT RWRP - Mexican Guitar Players\",\"isPartOf\":{\"@id\":\"https:\\\/\\\/www.mexicanguitarplayers.com\\\/#website\"},\"primaryImageOfPage\":{\"@id\":\"https:\\\/\\\/www.mexicanguitarplayers.com\\\/tienda\\\/sin categor\u00eda\\\/pastilla-sd-media-sls-1-lipstick-for-strat-rwrp\\\/#primaryimage\"},\"image\":{\"@id\":\"https:\\\/\\\/www.mexicanguitarplayers.com\\\/tienda\\\/sin categor\u00eda\\\/pastilla-sd-media-sls-1-lipstick-for-strat-rwrp\\\/#primaryimage\"},\"thumbnailUrl\":\"https:\\\/\\\/www.mexicanguitarplayers.com\\\/wp-content\\\/uploads\\\/2025\\\/04\\\/RASEOSLS1LIPRW.jpg\",\"datePublished\":\"2025-04-09T04:01:31+00:00\",\"dateModified\":\"2026-05-01T13:21:34+00:00\",\"description\":\"El Lipstick Tube para Stratocaster est\u00e1 modificado para ser un complemento para cualquier ranura Stratocaster de tama\u00f1o est\u00e1ndar. El tono es n\u00edtido y tintineante y es ideal para todo tipo de ritmos de tonos limpios. La pastilla de la posici\u00f3n media tiene bobinado inverso, polaridad inversa, lo que le dar\u00e1 una operaci\u00f3n de cancelaci\u00f3n de zumbidos cuando se combina con las pastillas del m\u00e1stil o del puente en las posiciones 2 y 4. Construido a mano en Santa B\u00e1rbara, CA, el Lipstick Tube utiliza un im\u00e1n de barra Alnico 5 y una cubierta de aspecto cl\u00e1sico Lipstick Tube de estilo Danelectro que se ha reducido ligeramente en tama\u00f1o para adaptarse a una ranura Strat, viene con cable conductor blindado de 2 conductores y est\u00e1 encapsulado en cera al vac\u00edo para un funcionamiento sin chirridos.\",\"breadcrumb\":{\"@id\":\"https:\\\/\\\/www.mexicanguitarplayers.com\\\/tienda\\\/sin categor\u00eda\\\/pastilla-sd-media-sls-1-lipstick-for-strat-rwrp\\\/#breadcrumb\"},\"inLanguage\":\"en-US\",\"potentialAction\":[{\"@type\":\"ReadAction\",\"target\":[\"https:\\\/\\\/www.mexicanguitarplayers.com\\\/tienda\\\/sin categor\u00eda\\\/pastilla-sd-media-sls-1-lipstick-for-strat-rwrp\\\/\"]}]},{\"@type\":\"ImageObject\",\"inLanguage\":\"en-US\",\"@id\":\"https:\\\/\\\/www.mexicanguitarplayers.com\\\/tienda\\\/sin categor\u00eda\\\/pastilla-sd-media-sls-1-lipstick-for-strat-rwrp\\\/#primaryimage\",\"url\":\"https:\\\/\\\/www.mexicanguitarplayers.com\\\/wp-content\\\/uploads\\\/2025\\\/04\\\/RASEOSLS1LIPRW.jpg\",\"contentUrl\":\"https:\\\/\\\/www.mexicanguitarplayers.com\\\/wp-content\\\/uploads\\\/2025\\\/04\\\/RASEOSLS1LIPRW.jpg\",\"width\":1200,\"height\":1200},{\"@type\":\"BreadcrumbList\",\"@id\":\"https:\\\/\\\/www.mexicanguitarplayers.com\\\/tienda\\\/sin categor\u00eda\\\/pastilla-sd-media-sls-1-lipstick-for-strat-rwrp\\\/#breadcrumb\",\"itemListElement\":[{\"@type\":\"ListItem\",\"position\":1,\"name\":\"Portada\",\"item\":\"https:\\\/\\\/www.mexicanguitarplayers.com\\\/\"},{\"@type\":\"ListItem\",\"position\":2,\"name\":\"Tienda\",\"item\":\"https:\\\/\\\/www.mexicanguitarplayers.com\\\/tienda\\\/\"},{\"@type\":\"ListItem\",\"position\":3,\"name\":\"PASTILLA SD MEDIA SLS-1 LIPSTICK FOR STRAT RWRP\"}]},{\"@type\":\"WebSite\",\"@id\":\"https:\\\/\\\/www.mexicanguitarplayers.com\\\/#website\",\"url\":\"https:\\\/\\\/www.mexicanguitarplayers.com\\\/\",\"name\":\"Mexican Guitar Players\",\"description\":\"Website\",\"publisher\":{\"@id\":\"https:\\\/\\\/www.mexicanguitarplayers.com\\\/#organization\"},\"potentialAction\":[{\"@type\":\"SearchAction\",\"target\":{\"@type\":\"EntryPoint\",\"urlTemplate\":\"https:\\\/\\\/www.mexicanguitarplayers.com\\\/?s={search_term_string}\"},\"query-input\":{\"@type\":\"PropertyValueSpecification\",\"valueRequired\":true,\"valueName\":\"search_term_string\"}}],\"inLanguage\":\"en-US\"},{\"@type\":\"Organization\",\"@id\":\"https:\\\/\\\/www.mexicanguitarplayers.com\\\/#organization\",\"name\":\"Mexican Guitar Players\",\"url\":\"https:\\\/\\\/www.mexicanguitarplayers.com\\\/\",\"logo\":{\"@type\":\"ImageObject\",\"inLanguage\":\"en-US\",\"@id\":\"https:\\\/\\\/www.mexicanguitarplayers.com\\\/#\\\/schema\\\/logo\\\/image\\\/\",\"url\":\"\",\"contentUrl\":\"\",\"caption\":\"Mexican Guitar Players\"},\"image\":{\"@id\":\"https:\\\/\\\/www.mexicanguitarplayers.com\\\/#\\\/schema\\\/logo\\\/image\\\/\"}}]}<\/script>\n<!-- \/ Yoast SEO plugin. -->","yoast_head_json":{"title":"PASTILLA SD MEDIA SLS-1 LIPSTICK FOR STRAT RWRP - Mexican Guitar Players","description":"El Lipstick Tube para Stratocaster est\u00e1 modificado para ser un complemento para cualquier ranura Stratocaster de tama\u00f1o est\u00e1ndar. El tono es n\u00edtido y tintineante y es ideal para todo tipo de ritmos de tonos limpios. La pastilla de la posici\u00f3n media tiene bobinado inverso, polaridad inversa, lo que le dar\u00e1 una operaci\u00f3n de cancelaci\u00f3n de zumbidos cuando se combina con las pastillas del m\u00e1stil o del puente en las posiciones 2 y 4. Construido a mano en Santa B\u00e1rbara, CA, el Lipstick Tube utiliza un im\u00e1n de barra Alnico 5 y una cubierta de aspecto cl\u00e1sico Lipstick Tube de estilo Danelectro que se ha reducido ligeramente en tama\u00f1o para adaptarse a una ranura Strat, viene con cable conductor blindado de 2 conductores y est\u00e1 encapsulado en cera al vac\u00edo para un funcionamiento sin chirridos.","robots":{"index":"index","follow":"follow","max-snippet":"max-snippet:-1","max-image-preview":"max-image-preview:large","max-video-preview":"max-video-preview:-1"},"canonical":"https:\/\/www.mexicanguitarplayers.com\/en\/tienda\/sin categor\u00eda\/pastilla-sd-media-sls-1-lipstick-for-strat-rwrp\/","og_locale":"en_US","og_type":"article","og_title":"PASTILLA SD MEDIA SLS-1 LIPSTICK FOR STRAT RWRP - Mexican Guitar Players","og_description":"El Lipstick Tube para Stratocaster est\u00e1 modificado para ser un complemento para cualquier ranura Stratocaster de tama\u00f1o est\u00e1ndar. El tono es n\u00edtido y tintineante y es ideal para todo tipo de ritmos de tonos limpios. La pastilla de la posici\u00f3n media tiene bobinado inverso, polaridad inversa, lo que le dar\u00e1 una operaci\u00f3n de cancelaci\u00f3n de zumbidos cuando se combina con las pastillas del m\u00e1stil o del puente en las posiciones 2 y 4. Construido a mano en Santa B\u00e1rbara, CA, el Lipstick Tube utiliza un im\u00e1n de barra Alnico 5 y una cubierta de aspecto cl\u00e1sico Lipstick Tube de estilo Danelectro que se ha reducido ligeramente en tama\u00f1o para adaptarse a una ranura Strat, viene con cable conductor blindado de 2 conductores y est\u00e1 encapsulado en cera al vac\u00edo para un funcionamiento sin chirridos.","og_url":"https:\/\/www.mexicanguitarplayers.com\/en\/tienda\/sin categor\u00eda\/pastilla-sd-media-sls-1-lipstick-for-strat-rwrp\/","og_site_name":"Mexican Guitar Players","article_modified_time":"2026-05-01T13:21:34+00:00","twitter_card":"summary_large_image","schema":{"@context":"https:\/\/schema.org","@graph":[{"@type":["WebPage","ItemPage"],"@id":"https:\/\/www.mexicanguitarplayers.com\/tienda\/sin categor\u00eda\/pastilla-sd-media-sls-1-lipstick-for-strat-rwrp\/","url":"https:\/\/www.mexicanguitarplayers.com\/tienda\/sin categor\u00eda\/pastilla-sd-media-sls-1-lipstick-for-strat-rwrp\/","name":"PASTILLA SD MEDIA SLS-1 LIPSTICK FOR STRAT RWRP - Mexican Guitar Players","isPartOf":{"@id":"https:\/\/www.mexicanguitarplayers.com\/#website"},"primaryImageOfPage":{"@id":"https:\/\/www.mexicanguitarplayers.com\/tienda\/sin categor\u00eda\/pastilla-sd-media-sls-1-lipstick-for-strat-rwrp\/#primaryimage"},"image":{"@id":"https:\/\/www.mexicanguitarplayers.com\/tienda\/sin categor\u00eda\/pastilla-sd-media-sls-1-lipstick-for-strat-rwrp\/#primaryimage"},"thumbnailUrl":"https:\/\/www.mexicanguitarplayers.com\/wp-content\/uploads\/2025\/04\/RASEOSLS1LIPRW.jpg","datePublished":"2025-04-09T04:01:31+00:00","dateModified":"2026-05-01T13:21:34+00:00","description":"El Lipstick Tube para Stratocaster est\u00e1 modificado para ser un complemento para cualquier ranura Stratocaster de tama\u00f1o est\u00e1ndar. El tono es n\u00edtido y tintineante y es ideal para todo tipo de ritmos de tonos limpios. La pastilla de la posici\u00f3n media tiene bobinado inverso, polaridad inversa, lo que le dar\u00e1 una operaci\u00f3n de cancelaci\u00f3n de zumbidos cuando se combina con las pastillas del m\u00e1stil o del puente en las posiciones 2 y 4. Construido a mano en Santa B\u00e1rbara, CA, el Lipstick Tube utiliza un im\u00e1n de barra Alnico 5 y una cubierta de aspecto cl\u00e1sico Lipstick Tube de estilo Danelectro que se ha reducido ligeramente en tama\u00f1o para adaptarse a una ranura Strat, viene con cable conductor blindado de 2 conductores y est\u00e1 encapsulado en cera al vac\u00edo para un funcionamiento sin chirridos.","breadcrumb":{"@id":"https:\/\/www.mexicanguitarplayers.com\/tienda\/sin categor\u00eda\/pastilla-sd-media-sls-1-lipstick-for-strat-rwrp\/#breadcrumb"},"inLanguage":"en-US","potentialAction":[{"@type":"ReadAction","target":["https:\/\/www.mexicanguitarplayers.com\/tienda\/sin categor\u00eda\/pastilla-sd-media-sls-1-lipstick-for-strat-rwrp\/"]}]},{"@type":"ImageObject","inLanguage":"en-US","@id":"https:\/\/www.mexicanguitarplayers.com\/tienda\/sin categor\u00eda\/pastilla-sd-media-sls-1-lipstick-for-strat-rwrp\/#primaryimage","url":"https:\/\/www.mexicanguitarplayers.com\/wp-content\/uploads\/2025\/04\/RASEOSLS1LIPRW.jpg","contentUrl":"https:\/\/www.mexicanguitarplayers.com\/wp-content\/uploads\/2025\/04\/RASEOSLS1LIPRW.jpg","width":1200,"height":1200},{"@type":"BreadcrumbList","@id":"https:\/\/www.mexicanguitarplayers.com\/tienda\/sin categor\u00eda\/pastilla-sd-media-sls-1-lipstick-for-strat-rwrp\/#breadcrumb","itemListElement":[{"@type":"ListItem","position":1,"name":"Portada","item":"https:\/\/www.mexicanguitarplayers.com\/"},{"@type":"ListItem","position":2,"name":"Tienda","item":"https:\/\/www.mexicanguitarplayers.com\/tienda\/"},{"@type":"ListItem","position":3,"name":"PASTILLA SD MEDIA SLS-1 LIPSTICK FOR STRAT RWRP"}]},{"@type":"WebSite","@id":"https:\/\/www.mexicanguitarplayers.com\/#website","url":"https:\/\/www.mexicanguitarplayers.com\/","name":"Mexican Guitar Players","description":"Website","publisher":{"@id":"https:\/\/www.mexicanguitarplayers.com\/#organization"},"potentialAction":[{"@type":"SearchAction","target":{"@type":"EntryPoint","urlTemplate":"https:\/\/www.mexicanguitarplayers.com\/?s={search_term_string}"},"query-input":{"@type":"PropertyValueSpecification","valueRequired":true,"valueName":"search_term_string"}}],"inLanguage":"en-US"},{"@type":"Organization","@id":"https:\/\/www.mexicanguitarplayers.com\/#organization","name":"Mexican Guitar Players","url":"https:\/\/www.mexicanguitarplayers.com\/","logo":{"@type":"ImageObject","inLanguage":"en-US","@id":"https:\/\/www.mexicanguitarplayers.com\/#\/schema\/logo\/image\/","url":"","contentUrl":"","caption":"Mexican Guitar Players"},"image":{"@id":"https:\/\/www.mexicanguitarplayers.com\/#\/schema\/logo\/image\/"}}]}},"brands":[{"id":502,"name":"SEYMOUR DUNCAN","slug":"seymour-duncan"}],"_links":{"self":[{"href":"https:\/\/www.mexicanguitarplayers.com\/en\/wp-json\/wp\/v2\/product\/35036","targetHints":{"allow":["GET"]}}],"collection":[{"href":"https:\/\/www.mexicanguitarplayers.com\/en\/wp-json\/wp\/v2\/product"}],"about":[{"href":"https:\/\/www.mexicanguitarplayers.com\/en\/wp-json\/wp\/v2\/types\/product"}],"replies":[{"embeddable":true,"href":"https:\/\/www.mexicanguitarplayers.com\/en\/wp-json\/wp\/v2\/comments?post=35036"}],"wp:featuredmedia":[{"embeddable":true,"href":"https:\/\/www.mexicanguitarplayers.com\/en\/wp-json\/wp\/v2\/media\/35033"}],"wp:attachment":[{"href":"https:\/\/www.mexicanguitarplayers.com\/en\/wp-json\/wp\/v2\/media?parent=35036"}],"wp:term":[{"taxonomy":"pwb-brand","embeddable":true,"href":"https:\/\/www.mexicanguitarplayers.com\/en\/wp-json\/wp\/v2\/pwb-brand?post=35036"},{"taxonomy":"product_brand","embeddable":true,"href":"https:\/\/www.mexicanguitarplayers.com\/en\/wp-json\/wp\/v2\/product_brand?post=35036"},{"taxonomy":"product_cat","embeddable":true,"href":"https:\/\/www.mexicanguitarplayers.com\/en\/wp-json\/wp\/v2\/product_cat?post=35036"},{"taxonomy":"product_tag","embeddable":true,"href":"https:\/\/www.mexicanguitarplayers.com\/en\/wp-json\/wp\/v2\/product_tag?post=35036"}],"curies":[{"name":"wp","href":"https:\/\/api.w.org\/{rel}","templated":true}]}}