{"id":35090,"date":"2025-04-08T22:03:14","date_gmt":"2025-04-09T04:03:14","guid":{"rendered":"https:\/\/www.mexicanguitarplayers.com\/tienda\/sin categor\u00eda\/amplificador-ashdown-original-evo-300\/"},"modified":"2026-04-10T04:28:55","modified_gmt":"2026-04-10T10:28:55","slug":"amplificador-ashdown-original-evo-300","status":"publish","type":"product","link":"https:\/\/www.mexicanguitarplayers.com\/en\/tienda\/audio\/amplificadores-audio\/amplificadores-de-potencia\/amplificador-ashdown-original-evo-300\/","title":{"rendered":"AMPLIFICADOR ASHDOWN ORIGINAL-EVO-300"},"content":{"rendered":"<div style=\"text-align: justify\">\n<div>\n<h3>AMPLIFICADOR ASHDOWN ORIGINAL-EVO-300<\/h3>\n<\/div>\n<div>Con una potencia de salida de 300 vatios, OriginAL EVO est\u00e1 preparado para ofrecer tonos de graves robustos y autoritarios, asegurando que su presencia se sienta en el escenario y en el estudio. Sin embargo, la caracter\u00edstica m\u00e1s destacada de este cabezal amplificador compacto es su inquebrantable compromiso con la simplicidad y el brillo tonal.   El ecualizador de 5 bandas proporciona un control preciso sobre las frecuencias graves, medias y agudas, lo que le permite esculpir su sonido con una precisi\u00f3n incomparable. Las perillas dedicadas de medios altos y medios bajos mejoran a\u00fan m\u00e1s su capacidad para afinar su tono, asegurando que su bajo suene exactamente como lo imagina  Adem\u00e1s de su versatilidad tonal, el OriginAL EVO incorpora comodidades modernas que lo convierten en el mejor amigo del m\u00fasico. El bucle de efectos frontal y la salida XLR DI agilizan la gesti\u00f3n del sonido y le proporcionan las herramientas que necesita para una interpretaci\u00f3n profesional. El panel trasero cuenta con una salida de auriculares para sesiones de pr\u00e1ctica silenciosas y m\u00faltiples salidas de altavoces, lo que ofrece la flexibilidad de adaptar la configuraci\u00f3n de su equipo a cualquier situaci\u00f3n musical. Lo que distingue al OriginAL EVO, adem\u00e1s de su rendimiento estelar, es su dise\u00f1o robusto. Construido para soportar los rigores de la carretera, cuenta con pintura resistente a rayones y un chasis de acero y aleaci\u00f3n que puede soportar las condiciones de turismo m\u00e1s duras. El amplificador viene con una garant\u00eda de 5 a\u00f1os, lo que brinda tranquilidad a los m\u00fasicos en movimiento. Adem\u00e1s, cuenta con voltaje de protecci\u00f3n autom\u00e1tica para m\u00fasicos en gira mundial y cuenta con un ventilador adaptable con temperatura controlada, lo que lo hace igualmente adecuado para uso en estudio y escenario. <\/div>\n<div>\n<h4>Characteristics<\/h4>\n<\/div>\n<div>\n<ul style=\"margin: 0px 0px 0px 25px\">\n<li style=\"list-style-type: circle;margin: 5px\">Potencia de salida<\/li>\n<li style=\"list-style-type: circle;margin: 5px\">Requisitos de energ\u00eda<\/li>\n<li style=\"list-style-type: circle;margin: 5px\">Salidas de altavoz<\/li>\n<li style=\"list-style-type: circle;margin: 5px\">Respuesta de frecuencia<\/li>\n<li style=\"list-style-type: circle;margin: 5px\">Entrada de instrumento alta<\/li>\n<li style=\"list-style-type: circle;margin: 5px\">Entrada de instrumento baja<\/li>\n<li style=\"list-style-type: circle;margin: 5px\">Entrada de l\u00ednea<\/li>\n<li style=\"list-style-type: circle;margin: 5px\">Salida DI<\/li>\n<li style=\"list-style-type: circle;margin: 5px\">Impedancia<\/li>\n<li style=\"list-style-type: circle;margin: 5px\">Se\u00f1al a ruido<\/li>\n<li style=\"list-style-type: circle;margin: 5px\">EQ<\/li>\n<li style=\"list-style-type: circle;margin: 5px\">Env\u00edo de efectos<\/li>\n<li style=\"list-style-type: circle;margin: 5px\">Retorno de efectos<\/li>\n<li style=\"list-style-type: circle;margin: 5px\">Distorsi\u00f3n<\/li>\n<li style=\"list-style-type: circle;margin: 5px\">Alto x ancho x profundidad<\/li>\n<li style=\"list-style-type: circle;margin: 5px\">Weight<\/li>\n<\/ul>\n<\/div>\n<\/div>","protected":false},"excerpt":{"rendered":"<p>Eleve su forma de tocar el bajo con el Ashdown OriginAL EVO Mini Bass Head, un amplificador elegante y potente que ofrece 300 vatios de excelencia en graves puros y port\u00e1tiles. Con su ecualizador de 5 bandas, comodidades modernas como un bucle de efectos y salida XLR DI, y un dise\u00f1o robusto, este cabezal de amplificador es el mejor compa\u00f1ero para los bajistas.&hellip; <a class=\"kt-excerpt-readmore more-link\" href=\"https:\/\/www.mexicanguitarplayers.com\/en\/tienda\/audio\/amplificadores-audio\/amplificadores-de-potencia\/amplificador-ashdown-original-evo-300\/\">Read more<\/a><\/p>","protected":false},"featured_media":35086,"comment_status":"open","ping_status":"closed","template":"","meta":{"kt_blocks_editor_width":""},"pwb-brand":[257],"product_brand":[],"product_cat":[219,220,213],"product_tag":[],"class_list":{"0":"post-35090","1":"product","2":"type-product","3":"status-publish","4":"has-post-thumbnail","6":"pwb-brand-ashdown","7":"product_cat-amplificadores-audio","8":"product_cat-amplificadores-de-potencia","9":"product_cat-audio","10":"product_shipping_class-0-5-kg","12":"first","13":"outofstock","14":"taxable","15":"shipping-taxable","16":"purchasable","17":"product-type-simple"},"yoast_head":"<!-- This site is optimized with the Yoast SEO plugin v27.6 - https:\/\/yoast.com\/product\/yoast-seo-wordpress\/ -->\n<title>AMPLIFICADOR ASHDOWN ORIGINAL-EVO-300 - Mexican Guitar Players<\/title>\n<meta name=\"description\" content=\"Eleve su forma de tocar el bajo con el Ashdown OriginAL EVO Mini Bass Head, un amplificador elegante y potente que ofrece 300 vatios de excelencia en graves puros y port\u00e1tiles. Con su ecualizador de 5 bandas, comodidades modernas como un bucle de efectos y salida XLR DI, y un dise\u00f1o robusto, este cabezal de amplificador es el mejor compa\u00f1ero para los bajistas.\" \/>\n<meta name=\"robots\" content=\"index, follow, max-snippet:-1, max-image-preview:large, max-video-preview:-1\" \/>\n<link rel=\"canonical\" href=\"https:\/\/www.mexicanguitarplayers.com\/en\/tienda\/sin%20categor\u00eda\/amplificador-ashdown-original-evo-300\/\" \/>\n<meta property=\"og:locale\" content=\"en_US\" \/>\n<meta property=\"og:type\" content=\"article\" \/>\n<meta property=\"og:title\" content=\"AMPLIFICADOR ASHDOWN ORIGINAL-EVO-300 - Mexican Guitar Players\" \/>\n<meta property=\"og:description\" content=\"Eleve su forma de tocar el bajo con el Ashdown OriginAL EVO Mini Bass Head, un amplificador elegante y potente que ofrece 300 vatios de excelencia en graves puros y port\u00e1tiles. Con su ecualizador de 5 bandas, comodidades modernas como un bucle de efectos y salida XLR DI, y un dise\u00f1o robusto, este cabezal de amplificador es el mejor compa\u00f1ero para los bajistas.\" \/>\n<meta property=\"og:url\" content=\"https:\/\/www.mexicanguitarplayers.com\/en\/tienda\/sin categor\u00eda\/amplificador-ashdown-original-evo-300\/\" \/>\n<meta property=\"og:site_name\" content=\"Mexican Guitar Players\" \/>\n<meta property=\"article:modified_time\" content=\"2026-04-10T10:28:55+00:00\" \/>\n<meta name=\"twitter:card\" content=\"summary_large_image\" \/>\n<meta name=\"twitter:label1\" content=\"Est. reading time\" \/>\n\t<meta name=\"twitter:data1\" content=\"2 minutes\" \/>\n<script type=\"application\/ld+json\" class=\"yoast-schema-graph\">{\"@context\":\"https:\\\/\\\/schema.org\",\"@graph\":[{\"@type\":[\"WebPage\",\"ItemPage\"],\"@id\":\"https:\\\/\\\/www.mexicanguitarplayers.com\\\/tienda\\\/sin categor\u00eda\\\/amplificador-ashdown-original-evo-300\\\/\",\"url\":\"https:\\\/\\\/www.mexicanguitarplayers.com\\\/tienda\\\/sin categor\u00eda\\\/amplificador-ashdown-original-evo-300\\\/\",\"name\":\"AMPLIFICADOR ASHDOWN ORIGINAL-EVO-300 - Mexican Guitar Players\",\"isPartOf\":{\"@id\":\"https:\\\/\\\/www.mexicanguitarplayers.com\\\/#website\"},\"primaryImageOfPage\":{\"@id\":\"https:\\\/\\\/www.mexicanguitarplayers.com\\\/tienda\\\/sin categor\u00eda\\\/amplificador-ashdown-original-evo-300\\\/#primaryimage\"},\"image\":{\"@id\":\"https:\\\/\\\/www.mexicanguitarplayers.com\\\/tienda\\\/sin categor\u00eda\\\/amplificador-ashdown-original-evo-300\\\/#primaryimage\"},\"thumbnailUrl\":\"https:\\\/\\\/www.mexicanguitarplayers.com\\\/wp-content\\\/uploads\\\/2025\\\/04\\\/ICASOORGEV300.jpg\",\"datePublished\":\"2025-04-09T04:03:14+00:00\",\"dateModified\":\"2026-04-10T10:28:55+00:00\",\"description\":\"Eleve su forma de tocar el bajo con el Ashdown OriginAL EVO Mini Bass Head, un amplificador elegante y potente que ofrece 300 vatios de excelencia en graves puros y port\u00e1tiles. Con su ecualizador de 5 bandas, comodidades modernas como un bucle de efectos y salida XLR DI, y un dise\u00f1o robusto, este cabezal de amplificador es el mejor compa\u00f1ero para los bajistas.\",\"breadcrumb\":{\"@id\":\"https:\\\/\\\/www.mexicanguitarplayers.com\\\/tienda\\\/sin categor\u00eda\\\/amplificador-ashdown-original-evo-300\\\/#breadcrumb\"},\"inLanguage\":\"en-US\",\"potentialAction\":[{\"@type\":\"ReadAction\",\"target\":[\"https:\\\/\\\/www.mexicanguitarplayers.com\\\/tienda\\\/sin categor\u00eda\\\/amplificador-ashdown-original-evo-300\\\/\"]}]},{\"@type\":\"ImageObject\",\"inLanguage\":\"en-US\",\"@id\":\"https:\\\/\\\/www.mexicanguitarplayers.com\\\/tienda\\\/sin categor\u00eda\\\/amplificador-ashdown-original-evo-300\\\/#primaryimage\",\"url\":\"https:\\\/\\\/www.mexicanguitarplayers.com\\\/wp-content\\\/uploads\\\/2025\\\/04\\\/ICASOORGEV300.jpg\",\"contentUrl\":\"https:\\\/\\\/www.mexicanguitarplayers.com\\\/wp-content\\\/uploads\\\/2025\\\/04\\\/ICASOORGEV300.jpg\",\"width\":1200,\"height\":1200},{\"@type\":\"BreadcrumbList\",\"@id\":\"https:\\\/\\\/www.mexicanguitarplayers.com\\\/tienda\\\/sin categor\u00eda\\\/amplificador-ashdown-original-evo-300\\\/#breadcrumb\",\"itemListElement\":[{\"@type\":\"ListItem\",\"position\":1,\"name\":\"Portada\",\"item\":\"https:\\\/\\\/www.mexicanguitarplayers.com\\\/\"},{\"@type\":\"ListItem\",\"position\":2,\"name\":\"Tienda\",\"item\":\"https:\\\/\\\/www.mexicanguitarplayers.com\\\/tienda\\\/\"},{\"@type\":\"ListItem\",\"position\":3,\"name\":\"AMPLIFICADOR ASHDOWN ORIGINAL-EVO-300\"}]},{\"@type\":\"WebSite\",\"@id\":\"https:\\\/\\\/www.mexicanguitarplayers.com\\\/#website\",\"url\":\"https:\\\/\\\/www.mexicanguitarplayers.com\\\/\",\"name\":\"Mexican Guitar Players\",\"description\":\"Website\",\"publisher\":{\"@id\":\"https:\\\/\\\/www.mexicanguitarplayers.com\\\/#organization\"},\"potentialAction\":[{\"@type\":\"SearchAction\",\"target\":{\"@type\":\"EntryPoint\",\"urlTemplate\":\"https:\\\/\\\/www.mexicanguitarplayers.com\\\/?s={search_term_string}\"},\"query-input\":{\"@type\":\"PropertyValueSpecification\",\"valueRequired\":true,\"valueName\":\"search_term_string\"}}],\"inLanguage\":\"en-US\"},{\"@type\":\"Organization\",\"@id\":\"https:\\\/\\\/www.mexicanguitarplayers.com\\\/#organization\",\"name\":\"Mexican Guitar Players\",\"url\":\"https:\\\/\\\/www.mexicanguitarplayers.com\\\/\",\"logo\":{\"@type\":\"ImageObject\",\"inLanguage\":\"en-US\",\"@id\":\"https:\\\/\\\/www.mexicanguitarplayers.com\\\/#\\\/schema\\\/logo\\\/image\\\/\",\"url\":\"\",\"contentUrl\":\"\",\"caption\":\"Mexican Guitar Players\"},\"image\":{\"@id\":\"https:\\\/\\\/www.mexicanguitarplayers.com\\\/#\\\/schema\\\/logo\\\/image\\\/\"}}]}<\/script>\n<!-- \/ Yoast SEO plugin. -->","yoast_head_json":{"title":"AMPLIFICADOR ASHDOWN ORIGINAL-EVO-300 - Mexican Guitar Players","description":"Eleve su forma de tocar el bajo con el Ashdown OriginAL EVO Mini Bass Head, un amplificador elegante y potente que ofrece 300 vatios de excelencia en graves puros y port\u00e1tiles. Con su ecualizador de 5 bandas, comodidades modernas como un bucle de efectos y salida XLR DI, y un dise\u00f1o robusto, este cabezal de amplificador es el mejor compa\u00f1ero para los bajistas.","robots":{"index":"index","follow":"follow","max-snippet":"max-snippet:-1","max-image-preview":"max-image-preview:large","max-video-preview":"max-video-preview:-1"},"canonical":"https:\/\/www.mexicanguitarplayers.com\/en\/tienda\/sin categor\u00eda\/amplificador-ashdown-original-evo-300\/","og_locale":"en_US","og_type":"article","og_title":"AMPLIFICADOR ASHDOWN ORIGINAL-EVO-300 - Mexican Guitar Players","og_description":"Eleve su forma de tocar el bajo con el Ashdown OriginAL EVO Mini Bass Head, un amplificador elegante y potente que ofrece 300 vatios de excelencia en graves puros y port\u00e1tiles. Con su ecualizador de 5 bandas, comodidades modernas como un bucle de efectos y salida XLR DI, y un dise\u00f1o robusto, este cabezal de amplificador es el mejor compa\u00f1ero para los bajistas.","og_url":"https:\/\/www.mexicanguitarplayers.com\/en\/tienda\/sin categor\u00eda\/amplificador-ashdown-original-evo-300\/","og_site_name":"Mexican Guitar Players","article_modified_time":"2026-04-10T10:28:55+00:00","twitter_card":"summary_large_image","twitter_misc":{"Est. reading time":"2 minutes"},"schema":{"@context":"https:\/\/schema.org","@graph":[{"@type":["WebPage","ItemPage"],"@id":"https:\/\/www.mexicanguitarplayers.com\/tienda\/sin categor\u00eda\/amplificador-ashdown-original-evo-300\/","url":"https:\/\/www.mexicanguitarplayers.com\/tienda\/sin categor\u00eda\/amplificador-ashdown-original-evo-300\/","name":"AMPLIFICADOR ASHDOWN ORIGINAL-EVO-300 - Mexican Guitar Players","isPartOf":{"@id":"https:\/\/www.mexicanguitarplayers.com\/#website"},"primaryImageOfPage":{"@id":"https:\/\/www.mexicanguitarplayers.com\/tienda\/sin categor\u00eda\/amplificador-ashdown-original-evo-300\/#primaryimage"},"image":{"@id":"https:\/\/www.mexicanguitarplayers.com\/tienda\/sin categor\u00eda\/amplificador-ashdown-original-evo-300\/#primaryimage"},"thumbnailUrl":"https:\/\/www.mexicanguitarplayers.com\/wp-content\/uploads\/2025\/04\/ICASOORGEV300.jpg","datePublished":"2025-04-09T04:03:14+00:00","dateModified":"2026-04-10T10:28:55+00:00","description":"Eleve su forma de tocar el bajo con el Ashdown OriginAL EVO Mini Bass Head, un amplificador elegante y potente que ofrece 300 vatios de excelencia en graves puros y port\u00e1tiles. Con su ecualizador de 5 bandas, comodidades modernas como un bucle de efectos y salida XLR DI, y un dise\u00f1o robusto, este cabezal de amplificador es el mejor compa\u00f1ero para los bajistas.","breadcrumb":{"@id":"https:\/\/www.mexicanguitarplayers.com\/tienda\/sin categor\u00eda\/amplificador-ashdown-original-evo-300\/#breadcrumb"},"inLanguage":"en-US","potentialAction":[{"@type":"ReadAction","target":["https:\/\/www.mexicanguitarplayers.com\/tienda\/sin categor\u00eda\/amplificador-ashdown-original-evo-300\/"]}]},{"@type":"ImageObject","inLanguage":"en-US","@id":"https:\/\/www.mexicanguitarplayers.com\/tienda\/sin categor\u00eda\/amplificador-ashdown-original-evo-300\/#primaryimage","url":"https:\/\/www.mexicanguitarplayers.com\/wp-content\/uploads\/2025\/04\/ICASOORGEV300.jpg","contentUrl":"https:\/\/www.mexicanguitarplayers.com\/wp-content\/uploads\/2025\/04\/ICASOORGEV300.jpg","width":1200,"height":1200},{"@type":"BreadcrumbList","@id":"https:\/\/www.mexicanguitarplayers.com\/tienda\/sin categor\u00eda\/amplificador-ashdown-original-evo-300\/#breadcrumb","itemListElement":[{"@type":"ListItem","position":1,"name":"Portada","item":"https:\/\/www.mexicanguitarplayers.com\/"},{"@type":"ListItem","position":2,"name":"Tienda","item":"https:\/\/www.mexicanguitarplayers.com\/tienda\/"},{"@type":"ListItem","position":3,"name":"AMPLIFICADOR ASHDOWN ORIGINAL-EVO-300"}]},{"@type":"WebSite","@id":"https:\/\/www.mexicanguitarplayers.com\/#website","url":"https:\/\/www.mexicanguitarplayers.com\/","name":"Mexican Guitar Players","description":"Website","publisher":{"@id":"https:\/\/www.mexicanguitarplayers.com\/#organization"},"potentialAction":[{"@type":"SearchAction","target":{"@type":"EntryPoint","urlTemplate":"https:\/\/www.mexicanguitarplayers.com\/?s={search_term_string}"},"query-input":{"@type":"PropertyValueSpecification","valueRequired":true,"valueName":"search_term_string"}}],"inLanguage":"en-US"},{"@type":"Organization","@id":"https:\/\/www.mexicanguitarplayers.com\/#organization","name":"Mexican Guitar Players","url":"https:\/\/www.mexicanguitarplayers.com\/","logo":{"@type":"ImageObject","inLanguage":"en-US","@id":"https:\/\/www.mexicanguitarplayers.com\/#\/schema\/logo\/image\/","url":"","contentUrl":"","caption":"Mexican Guitar Players"},"image":{"@id":"https:\/\/www.mexicanguitarplayers.com\/#\/schema\/logo\/image\/"}}]}},"brands":[{"id":257,"name":"ASHDOWN","slug":"ashdown"}],"_links":{"self":[{"href":"https:\/\/www.mexicanguitarplayers.com\/en\/wp-json\/wp\/v2\/product\/35090","targetHints":{"allow":["GET"]}}],"collection":[{"href":"https:\/\/www.mexicanguitarplayers.com\/en\/wp-json\/wp\/v2\/product"}],"about":[{"href":"https:\/\/www.mexicanguitarplayers.com\/en\/wp-json\/wp\/v2\/types\/product"}],"replies":[{"embeddable":true,"href":"https:\/\/www.mexicanguitarplayers.com\/en\/wp-json\/wp\/v2\/comments?post=35090"}],"wp:featuredmedia":[{"embeddable":true,"href":"https:\/\/www.mexicanguitarplayers.com\/en\/wp-json\/wp\/v2\/media\/35086"}],"wp:attachment":[{"href":"https:\/\/www.mexicanguitarplayers.com\/en\/wp-json\/wp\/v2\/media?parent=35090"}],"wp:term":[{"taxonomy":"pwb-brand","embeddable":true,"href":"https:\/\/www.mexicanguitarplayers.com\/en\/wp-json\/wp\/v2\/pwb-brand?post=35090"},{"taxonomy":"product_brand","embeddable":true,"href":"https:\/\/www.mexicanguitarplayers.com\/en\/wp-json\/wp\/v2\/product_brand?post=35090"},{"taxonomy":"product_cat","embeddable":true,"href":"https:\/\/www.mexicanguitarplayers.com\/en\/wp-json\/wp\/v2\/product_cat?post=35090"},{"taxonomy":"product_tag","embeddable":true,"href":"https:\/\/www.mexicanguitarplayers.com\/en\/wp-json\/wp\/v2\/product_tag?post=35090"}],"curies":[{"name":"wp","href":"https:\/\/api.w.org\/{rel}","templated":true}]}}