{"id":35103,"date":"2025-04-08T22:03:32","date_gmt":"2025-04-09T04:03:32","guid":{"rendered":"https:\/\/www.mexicanguitarplayers.com\/tienda\/sin categor\u00eda\/bajo-sgr-by-schecter-electrico-c-4-bass\/"},"modified":"2026-05-01T07:21:30","modified_gmt":"2026-05-01T13:21:30","slug":"bajo-sgr-by-schecter-electrico-c-4-bass","status":"publish","type":"product","link":"https:\/\/www.mexicanguitarplayers.com\/en\/tienda\/cuerdas\/bajos\/electricos\/electricos-pasivos\/bajo-sgr-by-schecter-electrico-c-4-bass\/","title":{"rendered":"BAJO SGR BY SCHECTER ELECTRICO  C-4 BASS"},"content":{"rendered":"<div style=\"text-align: justify\">\n<div>\n<h3>Poderoso y asequible.<\/h3>\n<\/div>\n<div>La serie SGR est\u00e1 dise\u00f1ada para todos aquellos bajistas que desean obtener el gran sonido Schecter a un precio asequible. Estos bajos son sencillos, al punto de entregar el tono y el poder que esos bajistas buscan.<\/div>\n<div>\n<h4>Quick look<\/h4>\n<\/div>\n<ul style=\"margin: 0px 0px 0px 25px\">\n<li style=\"list-style-type: circle;margin: 5px\">Kind.<\/li>\n<li style=\"list-style-type: circle;margin: 5px\">Cuerpo.<\/li>\n<li style=\"list-style-type: circle;margin: 5px\">Top.<\/li>\n<li style=\"list-style-type: circle;margin: 5px\">Arm.<\/li>\n<li style=\"list-style-type: circle;margin: 5px\">Diapason.<\/li>\n<li style=\"list-style-type: circle;margin: 5px\">Scale.<\/li>\n<li style=\"list-style-type: circle;margin: 5px\">Scale.<\/li>\n<li style=\"list-style-type: circle;margin: 5px\">Frets<\/li>\n<li style=\"list-style-type: circle;margin: 5px\">Radio del diapas\u00f3n.<\/li>\n<li style=\"list-style-type: circle;margin: 5px\">Forma del brazo.<\/li>\n<li style=\"list-style-type: circle;margin: 5px\">Espesor.<\/li>\n<li style=\"list-style-type: circle;margin: 5px\">Nut.<\/li>\n<li style=\"list-style-type: circle;margin: 5px\">Ancho de la cejuela.<\/li>\n<li style=\"list-style-type: circle;margin: 5px\">Soul.<\/li>\n<li style=\"list-style-type: circle;margin: 5px\">Pastillas.<\/li>\n<li style=\"list-style-type: circle;margin: 5px\">Controls<\/li>\n<li style=\"list-style-type: circle;margin: 5px\">Hardware.<\/li>\n<li style=\"list-style-type: circle;margin: 5px\">Bridge.<\/li>\n<li style=\"list-style-type: circle;margin: 5px\">Machinery.<\/li>\n<li style=\"list-style-type: circle;margin: 5px\">Perillas.<\/li>\n<li style=\"list-style-type: circle;margin: 5px\">Construcci\u00f3n.<\/li>\n<li style=\"list-style-type: circle;margin: 5px\">Accessories included.<\/li>\n<\/ul>\n<div>\n<div style=\"font-weight: bold\">Kind.<\/div>\n<div>\n<p>Bajo el\u00e9ctrico de 4 cuerdas.<\/p>\n<\/div>\n<div style=\"font-weight: bold\">Cuerpo.<\/div>\n<div>\n<p>Tilo.<\/p>\n<\/div>\n<div style=\"font-weight: bold\">Top.<\/div>\n<div>\n<p>Arched.<\/p>\n<\/div>\n<div style=\"font-weight: bold\">Arm.<\/div>\n<div>\n<p>Maple.<\/p>\n<\/div>\n<div style=\"font-weight: bold\">Diapason.<\/div>\n<div>\n<p>Rosewood.<\/p>\n<\/div>\n<div style=\"font-weight: bold\">Scale.<\/div>\n<div>\n<p>Puntos de pearloid con cruz g\u00f3tica en el traste 12.<\/p>\n<\/div>\n<div style=\"font-weight: bold\">Scale.<\/div>\n<div>\n<p>35\u201d (889 mm).<\/p>\n<\/div>\n<div style=\"font-weight: bold\">Frets<\/div>\n<div>\n<p>24 frets.<\/p>\n<\/div>\n<div style=\"font-weight: bold\">Radio del diapas\u00f3n.<\/div>\n<div>\n<p>16\u201d (406 mm).<\/p>\n<\/div>\n<div style=\"font-weight: bold\">Forma del brazo.<\/div>\n<div>\n<p>C thin.<\/p>\n<\/div>\n<div style=\"font-weight: bold\">Espesor.<\/div>\n<div>\n<p>At the 1st fret: .787 \u201d(20mm) and at the 12th fret: .866\u201d (22mm).<\/p>\n<\/div>\n<div style=\"font-weight: bold\">Nut.<\/div>\n<div>\n<p>Grafito.<\/p>\n<\/div>\n<div style=\"font-weight: bold\">Ancho de la cejuela.<\/div>\n<div>\n<p>1.496\u201d (38 mm).<\/p>\n<\/div>\n<div style=\"font-weight: bold\">Soul.<\/div>\n<div>\n<p>2-way adjustable web with 5\/32 \u201d(4 mm) Allen nut.<\/p>\n<\/div>\n<div style=\"font-weight: bold\">Pastillas.<\/div>\n<div>\n<p>Puente: Schecter Diamond Bass. Brazo: Schecter Diamond Bass.<\/p>\n<\/div>\n<div style=\"font-weight: bold\">Controls<\/div>\n<div>\n<p>2 vol\u00famenes y 1 tono.<\/p>\n<\/div>\n<div style=\"font-weight: bold\">Hardware.<\/div>\n<div>\n<p>Cromado negro.<\/p>\n<\/div>\n<div style=\"font-weight: bold\">Bridge.<\/div>\n<div>\n<p>Diamond Bass.<\/p>\n<\/div>\n<div style=\"font-weight: bold\">Machinery.<\/div>\n<div>\n<p>Schecter.<\/p>\n<\/div>\n<div style=\"font-weight: bold\">Perillas.<\/div>\n<div>\n<p>Perillas de metal moleteado con tornillo de ajuste.<\/p>\n<\/div>\n<div style=\"font-weight: bold\">Construcci\u00f3n.<\/div>\n<div>\n<p>Bolt-on.<\/p>\n<\/div>\n<div style=\"font-weight: bold\">Accessories included.<\/div>\n<div>\n<p>Incluye funda.<\/p>\n<\/div>\n<\/div>\n<\/div>","protected":false},"excerpt":{"rendered":"<p>Bajo el\u00e9ctrico de 4 cuerdas, cuerpo de tilo, tapa arqueada, brazo de maple, diapas\u00f3n de palo de rosa, incrustaciones: puntos de pearloid con cruz g\u00f3tica en el traste 12, escala 35\u201d (889 mm), 24 trastes, radio del diapas\u00f3n: 16\u201d (406 mm), forma del brazo: C delgado, espesor en el primer traste: .787\u201d (20 mm) y en el traste 12: .866\u201d (22 mm), cejuela de grafito de 1.496\u201d (38 mm) de ancho, alma ajustable de 2 v\u00edas con tuerca Allen de 5\/32\u201d (4 mm), pastilla del puente: Schecter Diamond Bass, pastilla del brazo: Schecter Diamond Bass, controles: 2 vol\u00famenes y 1 tono, hardware cromado negro, puente Diamond Bass, maquinaria Schecter, perillas de metal moleteado con tornillo de ajuste, construcci\u00f3n bolt-on, incluye funda.&hellip; <a class=\"kt-excerpt-readmore more-link\" href=\"https:\/\/www.mexicanguitarplayers.com\/en\/tienda\/cuerdas\/bajos\/electricos\/electricos-pasivos\/bajo-sgr-by-schecter-electrico-c-4-bass\/\">Read more<\/a><\/p>","protected":false},"featured_media":35102,"comment_status":"open","ping_status":"closed","template":"","meta":{"kt_blocks_editor_width":""},"pwb-brand":[372],"product_brand":[],"product_cat":[317,224,318,319],"product_tag":[],"class_list":{"0":"post-35103","1":"product","2":"type-product","3":"status-publish","4":"has-post-thumbnail","6":"pwb-brand-sgr-by-schecter","7":"product_cat-bajos","8":"product_cat-cuerdas","9":"product_cat-electricos","10":"product_cat-electricos-pasivos","11":"product_shipping_class-5-10-kg","13":"first","14":"instock","15":"taxable","16":"shipping-taxable","17":"purchasable","18":"product-type-simple"},"yoast_head":"<!-- This site is optimized with the Yoast SEO plugin v27.5 - https:\/\/yoast.com\/product\/yoast-seo-wordpress\/ -->\n<title>BAJO SGR BY SCHECTER ELECTRICO C-4 BASS - Mexican Guitar Players<\/title>\n<meta name=\"description\" content=\"Bajo el\u00e9ctrico de 4 cuerdas, cuerpo de tilo, tapa arqueada, brazo de maple, diapas\u00f3n de palo de rosa, incrustaciones: puntos de pearloid con cruz g\u00f3tica en el traste 12, escala 35\u201d (889 mm), 24 trastes, radio del diapas\u00f3n: 16\u201d (406 mm), forma del brazo: C delgado, espesor en el primer traste: .787\u201d (20 mm) y en el traste 12: .866\u201d (22 mm), cejuela de grafito de 1.496\u201d (38 mm) de ancho, alma ajustable de 2 v\u00edas con tuerca Allen de 5\/32\u201d (4 mm), pastilla del puente: Schecter Diamond Bass, pastilla del brazo: Schecter Diamond Bass, controles: 2 vol\u00famenes y 1 tono, hardware cromado negro, puente Diamond Bass, maquinaria Schecter, perillas de metal moleteado con tornillo de ajuste, construcci\u00f3n bolt-on, incluye funda.\" \/>\n<meta name=\"robots\" content=\"index, follow, max-snippet:-1, max-image-preview:large, max-video-preview:-1\" \/>\n<link rel=\"canonical\" href=\"https:\/\/www.mexicanguitarplayers.com\/en\/tienda\/sin%20categor\u00eda\/bajo-sgr-by-schecter-electrico-c-4-bass\/\" \/>\n<meta property=\"og:locale\" content=\"en_US\" \/>\n<meta property=\"og:type\" content=\"article\" \/>\n<meta property=\"og:title\" content=\"BAJO SGR BY SCHECTER ELECTRICO C-4 BASS - Mexican Guitar Players\" \/>\n<meta property=\"og:description\" content=\"Bajo el\u00e9ctrico de 4 cuerdas, cuerpo de tilo, tapa arqueada, brazo de maple, diapas\u00f3n de palo de rosa, incrustaciones: puntos de pearloid con cruz g\u00f3tica en el traste 12, escala 35\u201d (889 mm), 24 trastes, radio del diapas\u00f3n: 16\u201d (406 mm), forma del brazo: C delgado, espesor en el primer traste: .787\u201d (20 mm) y en el traste 12: .866\u201d (22 mm), cejuela de grafito de 1.496\u201d (38 mm) de ancho, alma ajustable de 2 v\u00edas con tuerca Allen de 5\/32\u201d (4 mm), pastilla del puente: Schecter Diamond Bass, pastilla del brazo: Schecter Diamond Bass, controles: 2 vol\u00famenes y 1 tono, hardware cromado negro, puente Diamond Bass, maquinaria Schecter, perillas de metal moleteado con tornillo de ajuste, construcci\u00f3n bolt-on, incluye funda.\" \/>\n<meta property=\"og:url\" content=\"https:\/\/www.mexicanguitarplayers.com\/en\/tienda\/sin categor\u00eda\/bajo-sgr-by-schecter-electrico-c-4-bass\/\" \/>\n<meta property=\"og:site_name\" content=\"Mexican Guitar Players\" \/>\n<meta property=\"article:modified_time\" content=\"2026-05-01T13:21:30+00:00\" \/>\n<meta name=\"twitter:card\" content=\"summary_large_image\" \/>\n<meta name=\"twitter:label1\" content=\"Est. reading time\" \/>\n\t<meta name=\"twitter:data1\" content=\"1 minute\" \/>\n<script type=\"application\/ld+json\" class=\"yoast-schema-graph\">{\"@context\":\"https:\\\/\\\/schema.org\",\"@graph\":[{\"@type\":[\"WebPage\",\"ItemPage\"],\"@id\":\"https:\\\/\\\/www.mexicanguitarplayers.com\\\/tienda\\\/sin categor\u00eda\\\/bajo-sgr-by-schecter-electrico-c-4-bass\\\/\",\"url\":\"https:\\\/\\\/www.mexicanguitarplayers.com\\\/tienda\\\/sin categor\u00eda\\\/bajo-sgr-by-schecter-electrico-c-4-bass\\\/\",\"name\":\"BAJO SGR BY SCHECTER ELECTRICO C-4 BASS - Mexican Guitar Players\",\"isPartOf\":{\"@id\":\"https:\\\/\\\/www.mexicanguitarplayers.com\\\/#website\"},\"primaryImageOfPage\":{\"@id\":\"https:\\\/\\\/www.mexicanguitarplayers.com\\\/tienda\\\/sin categor\u00eda\\\/bajo-sgr-by-schecter-electrico-c-4-bass\\\/#primaryimage\"},\"image\":{\"@id\":\"https:\\\/\\\/www.mexicanguitarplayers.com\\\/tienda\\\/sin categor\u00eda\\\/bajo-sgr-by-schecter-electrico-c-4-bass\\\/#primaryimage\"},\"thumbnailUrl\":\"https:\\\/\\\/www.mexicanguitarplayers.com\\\/wp-content\\\/uploads\\\/2025\\\/04\\\/ISSGRC4BASS.jpg\",\"datePublished\":\"2025-04-09T04:03:32+00:00\",\"dateModified\":\"2026-05-01T13:21:30+00:00\",\"description\":\"Bajo el\u00e9ctrico de 4 cuerdas, cuerpo de tilo, tapa arqueada, brazo de maple, diapas\u00f3n de palo de rosa, incrustaciones: puntos de pearloid con cruz g\u00f3tica en el traste 12, escala 35\u201d (889 mm), 24 trastes, radio del diapas\u00f3n: 16\u201d (406 mm), forma del brazo: C delgado, espesor en el primer traste: .787\u201d (20 mm) y en el traste 12: .866\u201d (22 mm), cejuela de grafito de 1.496\u201d (38 mm) de ancho, alma ajustable de 2 v\u00edas con tuerca Allen de 5\\\/32\u201d (4 mm), pastilla del puente: Schecter Diamond Bass, pastilla del brazo: Schecter Diamond Bass, controles: 2 vol\u00famenes y 1 tono, hardware cromado negro, puente Diamond Bass, maquinaria Schecter, perillas de metal moleteado con tornillo de ajuste, construcci\u00f3n bolt-on, incluye funda.\",\"breadcrumb\":{\"@id\":\"https:\\\/\\\/www.mexicanguitarplayers.com\\\/tienda\\\/sin categor\u00eda\\\/bajo-sgr-by-schecter-electrico-c-4-bass\\\/#breadcrumb\"},\"inLanguage\":\"en-US\",\"potentialAction\":[{\"@type\":\"ReadAction\",\"target\":[\"https:\\\/\\\/www.mexicanguitarplayers.com\\\/tienda\\\/sin categor\u00eda\\\/bajo-sgr-by-schecter-electrico-c-4-bass\\\/\"]}]},{\"@type\":\"ImageObject\",\"inLanguage\":\"en-US\",\"@id\":\"https:\\\/\\\/www.mexicanguitarplayers.com\\\/tienda\\\/sin categor\u00eda\\\/bajo-sgr-by-schecter-electrico-c-4-bass\\\/#primaryimage\",\"url\":\"https:\\\/\\\/www.mexicanguitarplayers.com\\\/wp-content\\\/uploads\\\/2025\\\/04\\\/ISSGRC4BASS.jpg\",\"contentUrl\":\"https:\\\/\\\/www.mexicanguitarplayers.com\\\/wp-content\\\/uploads\\\/2025\\\/04\\\/ISSGRC4BASS.jpg\",\"width\":800,\"height\":1600},{\"@type\":\"BreadcrumbList\",\"@id\":\"https:\\\/\\\/www.mexicanguitarplayers.com\\\/tienda\\\/sin categor\u00eda\\\/bajo-sgr-by-schecter-electrico-c-4-bass\\\/#breadcrumb\",\"itemListElement\":[{\"@type\":\"ListItem\",\"position\":1,\"name\":\"Portada\",\"item\":\"https:\\\/\\\/www.mexicanguitarplayers.com\\\/\"},{\"@type\":\"ListItem\",\"position\":2,\"name\":\"Tienda\",\"item\":\"https:\\\/\\\/www.mexicanguitarplayers.com\\\/tienda\\\/\"},{\"@type\":\"ListItem\",\"position\":3,\"name\":\"BAJO SGR BY SCHECTER ELECTRICO C-4 BASS\"}]},{\"@type\":\"WebSite\",\"@id\":\"https:\\\/\\\/www.mexicanguitarplayers.com\\\/#website\",\"url\":\"https:\\\/\\\/www.mexicanguitarplayers.com\\\/\",\"name\":\"Mexican Guitar Players\",\"description\":\"Website\",\"publisher\":{\"@id\":\"https:\\\/\\\/www.mexicanguitarplayers.com\\\/#organization\"},\"potentialAction\":[{\"@type\":\"SearchAction\",\"target\":{\"@type\":\"EntryPoint\",\"urlTemplate\":\"https:\\\/\\\/www.mexicanguitarplayers.com\\\/?s={search_term_string}\"},\"query-input\":{\"@type\":\"PropertyValueSpecification\",\"valueRequired\":true,\"valueName\":\"search_term_string\"}}],\"inLanguage\":\"en-US\"},{\"@type\":\"Organization\",\"@id\":\"https:\\\/\\\/www.mexicanguitarplayers.com\\\/#organization\",\"name\":\"Mexican Guitar Players\",\"url\":\"https:\\\/\\\/www.mexicanguitarplayers.com\\\/\",\"logo\":{\"@type\":\"ImageObject\",\"inLanguage\":\"en-US\",\"@id\":\"https:\\\/\\\/www.mexicanguitarplayers.com\\\/#\\\/schema\\\/logo\\\/image\\\/\",\"url\":\"\",\"contentUrl\":\"\",\"caption\":\"Mexican Guitar Players\"},\"image\":{\"@id\":\"https:\\\/\\\/www.mexicanguitarplayers.com\\\/#\\\/schema\\\/logo\\\/image\\\/\"}}]}<\/script>\n<!-- \/ Yoast SEO plugin. -->","yoast_head_json":{"title":"BAJO SGR BY SCHECTER ELECTRICO C-4 BASS - Mexican Guitar Players","description":"Bajo el\u00e9ctrico de 4 cuerdas, cuerpo de tilo, tapa arqueada, brazo de maple, diapas\u00f3n de palo de rosa, incrustaciones: puntos de pearloid con cruz g\u00f3tica en el traste 12, escala 35\u201d (889 mm), 24 trastes, radio del diapas\u00f3n: 16\u201d (406 mm), forma del brazo: C delgado, espesor en el primer traste: .787\u201d (20 mm) y en el traste 12: .866\u201d (22 mm), cejuela de grafito de 1.496\u201d (38 mm) de ancho, alma ajustable de 2 v\u00edas con tuerca Allen de 5\/32\u201d (4 mm), pastilla del puente: Schecter Diamond Bass, pastilla del brazo: Schecter Diamond Bass, controles: 2 vol\u00famenes y 1 tono, hardware cromado negro, puente Diamond Bass, maquinaria Schecter, perillas de metal moleteado con tornillo de ajuste, construcci\u00f3n bolt-on, incluye funda.","robots":{"index":"index","follow":"follow","max-snippet":"max-snippet:-1","max-image-preview":"max-image-preview:large","max-video-preview":"max-video-preview:-1"},"canonical":"https:\/\/www.mexicanguitarplayers.com\/en\/tienda\/sin categor\u00eda\/bajo-sgr-by-schecter-electrico-c-4-bass\/","og_locale":"en_US","og_type":"article","og_title":"BAJO SGR BY SCHECTER ELECTRICO C-4 BASS - Mexican Guitar Players","og_description":"Bajo el\u00e9ctrico de 4 cuerdas, cuerpo de tilo, tapa arqueada, brazo de maple, diapas\u00f3n de palo de rosa, incrustaciones: puntos de pearloid con cruz g\u00f3tica en el traste 12, escala 35\u201d (889 mm), 24 trastes, radio del diapas\u00f3n: 16\u201d (406 mm), forma del brazo: C delgado, espesor en el primer traste: .787\u201d (20 mm) y en el traste 12: .866\u201d (22 mm), cejuela de grafito de 1.496\u201d (38 mm) de ancho, alma ajustable de 2 v\u00edas con tuerca Allen de 5\/32\u201d (4 mm), pastilla del puente: Schecter Diamond Bass, pastilla del brazo: Schecter Diamond Bass, controles: 2 vol\u00famenes y 1 tono, hardware cromado negro, puente Diamond Bass, maquinaria Schecter, perillas de metal moleteado con tornillo de ajuste, construcci\u00f3n bolt-on, incluye funda.","og_url":"https:\/\/www.mexicanguitarplayers.com\/en\/tienda\/sin categor\u00eda\/bajo-sgr-by-schecter-electrico-c-4-bass\/","og_site_name":"Mexican Guitar Players","article_modified_time":"2026-05-01T13:21:30+00:00","twitter_card":"summary_large_image","twitter_misc":{"Est. reading time":"1 minute"},"schema":{"@context":"https:\/\/schema.org","@graph":[{"@type":["WebPage","ItemPage"],"@id":"https:\/\/www.mexicanguitarplayers.com\/tienda\/sin categor\u00eda\/bajo-sgr-by-schecter-electrico-c-4-bass\/","url":"https:\/\/www.mexicanguitarplayers.com\/tienda\/sin categor\u00eda\/bajo-sgr-by-schecter-electrico-c-4-bass\/","name":"BAJO SGR BY SCHECTER ELECTRICO C-4 BASS - Mexican Guitar Players","isPartOf":{"@id":"https:\/\/www.mexicanguitarplayers.com\/#website"},"primaryImageOfPage":{"@id":"https:\/\/www.mexicanguitarplayers.com\/tienda\/sin categor\u00eda\/bajo-sgr-by-schecter-electrico-c-4-bass\/#primaryimage"},"image":{"@id":"https:\/\/www.mexicanguitarplayers.com\/tienda\/sin categor\u00eda\/bajo-sgr-by-schecter-electrico-c-4-bass\/#primaryimage"},"thumbnailUrl":"https:\/\/www.mexicanguitarplayers.com\/wp-content\/uploads\/2025\/04\/ISSGRC4BASS.jpg","datePublished":"2025-04-09T04:03:32+00:00","dateModified":"2026-05-01T13:21:30+00:00","description":"Bajo el\u00e9ctrico de 4 cuerdas, cuerpo de tilo, tapa arqueada, brazo de maple, diapas\u00f3n de palo de rosa, incrustaciones: puntos de pearloid con cruz g\u00f3tica en el traste 12, escala 35\u201d (889 mm), 24 trastes, radio del diapas\u00f3n: 16\u201d (406 mm), forma del brazo: C delgado, espesor en el primer traste: .787\u201d (20 mm) y en el traste 12: .866\u201d (22 mm), cejuela de grafito de 1.496\u201d (38 mm) de ancho, alma ajustable de 2 v\u00edas con tuerca Allen de 5\/32\u201d (4 mm), pastilla del puente: Schecter Diamond Bass, pastilla del brazo: Schecter Diamond Bass, controles: 2 vol\u00famenes y 1 tono, hardware cromado negro, puente Diamond Bass, maquinaria Schecter, perillas de metal moleteado con tornillo de ajuste, construcci\u00f3n bolt-on, incluye funda.","breadcrumb":{"@id":"https:\/\/www.mexicanguitarplayers.com\/tienda\/sin categor\u00eda\/bajo-sgr-by-schecter-electrico-c-4-bass\/#breadcrumb"},"inLanguage":"en-US","potentialAction":[{"@type":"ReadAction","target":["https:\/\/www.mexicanguitarplayers.com\/tienda\/sin categor\u00eda\/bajo-sgr-by-schecter-electrico-c-4-bass\/"]}]},{"@type":"ImageObject","inLanguage":"en-US","@id":"https:\/\/www.mexicanguitarplayers.com\/tienda\/sin categor\u00eda\/bajo-sgr-by-schecter-electrico-c-4-bass\/#primaryimage","url":"https:\/\/www.mexicanguitarplayers.com\/wp-content\/uploads\/2025\/04\/ISSGRC4BASS.jpg","contentUrl":"https:\/\/www.mexicanguitarplayers.com\/wp-content\/uploads\/2025\/04\/ISSGRC4BASS.jpg","width":800,"height":1600},{"@type":"BreadcrumbList","@id":"https:\/\/www.mexicanguitarplayers.com\/tienda\/sin categor\u00eda\/bajo-sgr-by-schecter-electrico-c-4-bass\/#breadcrumb","itemListElement":[{"@type":"ListItem","position":1,"name":"Portada","item":"https:\/\/www.mexicanguitarplayers.com\/"},{"@type":"ListItem","position":2,"name":"Tienda","item":"https:\/\/www.mexicanguitarplayers.com\/tienda\/"},{"@type":"ListItem","position":3,"name":"BAJO SGR BY SCHECTER ELECTRICO C-4 BASS"}]},{"@type":"WebSite","@id":"https:\/\/www.mexicanguitarplayers.com\/#website","url":"https:\/\/www.mexicanguitarplayers.com\/","name":"Mexican Guitar Players","description":"Website","publisher":{"@id":"https:\/\/www.mexicanguitarplayers.com\/#organization"},"potentialAction":[{"@type":"SearchAction","target":{"@type":"EntryPoint","urlTemplate":"https:\/\/www.mexicanguitarplayers.com\/?s={search_term_string}"},"query-input":{"@type":"PropertyValueSpecification","valueRequired":true,"valueName":"search_term_string"}}],"inLanguage":"en-US"},{"@type":"Organization","@id":"https:\/\/www.mexicanguitarplayers.com\/#organization","name":"Mexican Guitar Players","url":"https:\/\/www.mexicanguitarplayers.com\/","logo":{"@type":"ImageObject","inLanguage":"en-US","@id":"https:\/\/www.mexicanguitarplayers.com\/#\/schema\/logo\/image\/","url":"","contentUrl":"","caption":"Mexican Guitar Players"},"image":{"@id":"https:\/\/www.mexicanguitarplayers.com\/#\/schema\/logo\/image\/"}}]}},"brands":[{"id":372,"name":"SGR BY SCHECTER","slug":"sgr-by-schecter"}],"_links":{"self":[{"href":"https:\/\/www.mexicanguitarplayers.com\/en\/wp-json\/wp\/v2\/product\/35103","targetHints":{"allow":["GET"]}}],"collection":[{"href":"https:\/\/www.mexicanguitarplayers.com\/en\/wp-json\/wp\/v2\/product"}],"about":[{"href":"https:\/\/www.mexicanguitarplayers.com\/en\/wp-json\/wp\/v2\/types\/product"}],"replies":[{"embeddable":true,"href":"https:\/\/www.mexicanguitarplayers.com\/en\/wp-json\/wp\/v2\/comments?post=35103"}],"wp:featuredmedia":[{"embeddable":true,"href":"https:\/\/www.mexicanguitarplayers.com\/en\/wp-json\/wp\/v2\/media\/35102"}],"wp:attachment":[{"href":"https:\/\/www.mexicanguitarplayers.com\/en\/wp-json\/wp\/v2\/media?parent=35103"}],"wp:term":[{"taxonomy":"pwb-brand","embeddable":true,"href":"https:\/\/www.mexicanguitarplayers.com\/en\/wp-json\/wp\/v2\/pwb-brand?post=35103"},{"taxonomy":"product_brand","embeddable":true,"href":"https:\/\/www.mexicanguitarplayers.com\/en\/wp-json\/wp\/v2\/product_brand?post=35103"},{"taxonomy":"product_cat","embeddable":true,"href":"https:\/\/www.mexicanguitarplayers.com\/en\/wp-json\/wp\/v2\/product_cat?post=35103"},{"taxonomy":"product_tag","embeddable":true,"href":"https:\/\/www.mexicanguitarplayers.com\/en\/wp-json\/wp\/v2\/product_tag?post=35103"}],"curies":[{"name":"wp","href":"https:\/\/api.w.org\/{rel}","templated":true}]}}