{"id":35145,"date":"2025-04-08T22:04:20","date_gmt":"2025-04-09T04:04:20","guid":{"rendered":"https:\/\/www.mexicanguitarplayers.com\/tienda\/sin categor\u00eda\/pastilla-dimarzio-humbucker-p-puente-dark-matter2-2\/"},"modified":"2026-04-10T04:28:50","modified_gmt":"2026-04-10T10:28:50","slug":"pastilla-dimarzio-humbucker-p-puente-dark-matter2-2","status":"publish","type":"product","link":"https:\/\/www.mexicanguitarplayers.com\/en\/tienda\/accesorios\/para-guitarras\/pastillas-para-guitarra-electrica\/pastilla-dimarzio-humbucker-p-puente-dark-matter2-2\/","title":{"rendered":"DIMARZIO HUMBUCKER PICKUP FOR BRIDGE DARK MATTER2"},"content":{"rendered":"<div style=\"text-align: justify\">\n<div>\n<h3>El cl\u00e1sico sonido de Steve Vai.<\/h3>\n<\/div>\n<div>Nos encanta trabajar con Steve Vai. Como artista est\u00e1 en constante evoluci\u00f3n y expandiendo los l\u00edmites con su interpretaci\u00f3n, composici\u00f3n e instrumentos. Entonces, cuando se acerc\u00f3 a nosotros sobre las pastillas para una nueva encarnaci\u00f3n de su firma JEM, desarrollamos los modelos Dark Matter 2 para brazo, puente y centro. Estas pastillas est\u00e1n espec\u00edficamente ecualizadas para que coincidan con el aura org\u00e1nica y terrenal de la nueva guitarra. Las pastillas de alto rendimiento a veces pueden tener anomal\u00edas en el registro alto, lo que significa que tienen algunos bordes afilados. Si bien son definitivamente de alto rendimiento como las otras pastillas de Steve, las nuevas pastillas Dark Matter 2 est\u00e1n dise\u00f1adas con una ligera suavidad en el extremo superior. Los modelos de brazo y puente Dark Matter 2 cuentan con una rejilla personalizada cortada con l\u00e1ser con patrones de engranajes entrelazados. La pastilla Dark Matter 2 central es una single-coil en n\u00edquel satinado. La pastilla Dark Matter 2 para brazo est\u00e1 disponible \u00fanicamente en espaciado F. Dark Matter 2 representa un cambio de direcci\u00f3n para Steve Vai hacia un sonido m\u00e1s org\u00e1nico y suave con agudos m\u00e1s suaves y menos potencia bruta. El modelo de puente tiene un enfoque muy moderno que combina claridad y calidez al tiempo que evita el barro y la estridencia. Brilla con todo, desde un limpio pr\u00edstino hasta overdrive masivo.<\/div>\n<div>\n<h4>Quick look<\/h4>\n<\/div>\n<ul style=\"margin: 0px 0px 0px 25px\">\n<li style=\"list-style-type: circle;margin: 5px\">Modelo.<\/li>\n<li style=\"list-style-type: circle;margin: 5px\">Posici\u00f3n.<\/li>\n<li style=\"list-style-type: circle;margin: 5px\">Espaciado.<\/li>\n<li style=\"list-style-type: circle;margin: 5px\">Alambrado.<\/li>\n<li style=\"list-style-type: circle;margin: 5px\">Im\u00e1n.<\/li>\n<li style=\"list-style-type: circle;margin: 5px\">Resistencia.<\/li>\n<\/ul>\n<div>\n<div style=\"font-weight: bold\">Modelo.<\/div>\n<div>\n<p>Dark Matter 2.<\/p>\n<\/div>\n<div style=\"font-weight: bold\">Posici\u00f3n.<\/div>\n<div>\n<p>Bridge.<\/p>\n<\/div>\n<div style=\"font-weight: bold\">Espaciado.<\/div>\n<div>\n<p>F-Spaced.<\/p>\n<\/div>\n<div style=\"font-weight: bold\">Alambrado.<\/div>\n<div>\n<p>4 conductores.<\/p>\n<\/div>\n<div style=\"font-weight: bold\">Im\u00e1n.<\/div>\n<div>\n<p>Cer\u00e1mica.<\/p>\n<\/div>\n<div style=\"font-weight: bold\">Resistencia.<\/div>\n<div>\n<p>9.19 kilo-ohms.<\/p>\n<\/div>\n<\/div>\n<\/div>","protected":false},"excerpt":{"rendered":"<p>Pastilla humbucker para guitarra el\u00e9ctrica de 6 cuerdas, modelo Dark Matter 2, posici\u00f3n: puente, alambrado: 4 conductores, im\u00e1n: cer\u00e1mica, resistencia: 9.19 kilo-ohms, espaciado: F-Spaced, sonido m\u00e1s org\u00e1nico y suave con agudos m\u00e1s suaves y menos potencia bruta.&hellip; <a class=\"kt-excerpt-readmore more-link\" href=\"https:\/\/www.mexicanguitarplayers.com\/en\/tienda\/accesorios\/para-guitarras\/pastillas-para-guitarra-electrica\/pastilla-dimarzio-humbucker-p-puente-dark-matter2-2\/\">Read more<\/a><\/p>","protected":false},"featured_media":35143,"comment_status":"open","ping_status":"closed","template":"","meta":{"kt_blocks_editor_width":""},"pwb-brand":[355],"product_brand":[],"product_cat":[85,336,353],"product_tag":[],"class_list":{"0":"post-35145","1":"product","2":"type-product","3":"status-publish","4":"has-post-thumbnail","6":"pwb-brand-dimarzio","7":"product_cat-accesorios","8":"product_cat-para-guitarras","9":"product_cat-pastillas-para-guitarra-electrica","10":"product_shipping_class-0-5-kg","12":"first","13":"outofstock","14":"taxable","15":"shipping-taxable","16":"purchasable","17":"product-type-simple"},"yoast_head":"<!-- This site is optimized with the Yoast SEO plugin v27.5 - https:\/\/yoast.com\/product\/yoast-seo-wordpress\/ -->\n<title>PASTILLA DIMARZIO HUMBUCKER P\/PUENTE DARK MATTER2 - Mexican Guitar Players<\/title>\n<meta name=\"description\" content=\"Pastilla humbucker para guitarra el\u00e9ctrica de 6 cuerdas, modelo Dark Matter 2, posici\u00f3n: puente, alambrado: 4 conductores, im\u00e1n: cer\u00e1mica, resistencia: 9.19 kilo-ohms, espaciado: F-Spaced, sonido m\u00e1s org\u00e1nico y suave con agudos m\u00e1s suaves y menos potencia bruta.\" \/>\n<meta name=\"robots\" content=\"index, follow, max-snippet:-1, max-image-preview:large, max-video-preview:-1\" \/>\n<link rel=\"canonical\" href=\"https:\/\/www.mexicanguitarplayers.com\/en\/tienda\/sin%20categor\u00eda\/pastilla-dimarzio-humbucker-p-puente-dark-matter2-2\/\" \/>\n<meta property=\"og:locale\" content=\"en_US\" \/>\n<meta property=\"og:type\" content=\"article\" \/>\n<meta property=\"og:title\" content=\"PASTILLA DIMARZIO HUMBUCKER P\/PUENTE DARK MATTER2 - Mexican Guitar Players\" \/>\n<meta property=\"og:description\" content=\"Pastilla humbucker para guitarra el\u00e9ctrica de 6 cuerdas, modelo Dark Matter 2, posici\u00f3n: puente, alambrado: 4 conductores, im\u00e1n: cer\u00e1mica, resistencia: 9.19 kilo-ohms, espaciado: F-Spaced, sonido m\u00e1s org\u00e1nico y suave con agudos m\u00e1s suaves y menos potencia bruta.\" \/>\n<meta property=\"og:url\" content=\"https:\/\/www.mexicanguitarplayers.com\/en\/tienda\/sin categor\u00eda\/pastilla-dimarzio-humbucker-p-puente-dark-matter2-2\/\" \/>\n<meta property=\"og:site_name\" content=\"Mexican Guitar Players\" \/>\n<meta property=\"article:modified_time\" content=\"2026-04-10T10:28:50+00:00\" \/>\n<meta name=\"twitter:card\" content=\"summary_large_image\" \/>\n<meta name=\"twitter:label1\" content=\"Est. reading time\" \/>\n\t<meta name=\"twitter:data1\" content=\"1 minute\" \/>\n<script type=\"application\/ld+json\" class=\"yoast-schema-graph\">{\"@context\":\"https:\\\/\\\/schema.org\",\"@graph\":[{\"@type\":[\"WebPage\",\"ItemPage\"],\"@id\":\"https:\\\/\\\/www.mexicanguitarplayers.com\\\/tienda\\\/sin categor\u00eda\\\/pastilla-dimarzio-humbucker-p-puente-dark-matter2-2\\\/\",\"url\":\"https:\\\/\\\/www.mexicanguitarplayers.com\\\/tienda\\\/sin categor\u00eda\\\/pastilla-dimarzio-humbucker-p-puente-dark-matter2-2\\\/\",\"name\":\"PASTILLA DIMARZIO HUMBUCKER P\\\/PUENTE DARK MATTER2 - Mexican Guitar Players\",\"isPartOf\":{\"@id\":\"https:\\\/\\\/www.mexicanguitarplayers.com\\\/#website\"},\"primaryImageOfPage\":{\"@id\":\"https:\\\/\\\/www.mexicanguitarplayers.com\\\/tienda\\\/sin categor\u00eda\\\/pastilla-dimarzio-humbucker-p-puente-dark-matter2-2\\\/#primaryimage\"},\"image\":{\"@id\":\"https:\\\/\\\/www.mexicanguitarplayers.com\\\/tienda\\\/sin categor\u00eda\\\/pastilla-dimarzio-humbucker-p-puente-dark-matter2-2\\\/#primaryimage\"},\"thumbnailUrl\":\"https:\\\/\\\/www.mexicanguitarplayers.com\\\/wp-content\\\/uploads\\\/2025\\\/04\\\/RADIMDP268FSP.jpg\",\"datePublished\":\"2025-04-09T04:04:20+00:00\",\"dateModified\":\"2026-04-10T10:28:50+00:00\",\"description\":\"Pastilla humbucker para guitarra el\u00e9ctrica de 6 cuerdas, modelo Dark Matter 2, posici\u00f3n: puente, alambrado: 4 conductores, im\u00e1n: cer\u00e1mica, resistencia: 9.19 kilo-ohms, espaciado: F-Spaced, sonido m\u00e1s org\u00e1nico y suave con agudos m\u00e1s suaves y menos potencia bruta.\",\"breadcrumb\":{\"@id\":\"https:\\\/\\\/www.mexicanguitarplayers.com\\\/tienda\\\/sin categor\u00eda\\\/pastilla-dimarzio-humbucker-p-puente-dark-matter2-2\\\/#breadcrumb\"},\"inLanguage\":\"en-US\",\"potentialAction\":[{\"@type\":\"ReadAction\",\"target\":[\"https:\\\/\\\/www.mexicanguitarplayers.com\\\/tienda\\\/sin categor\u00eda\\\/pastilla-dimarzio-humbucker-p-puente-dark-matter2-2\\\/\"]}]},{\"@type\":\"ImageObject\",\"inLanguage\":\"en-US\",\"@id\":\"https:\\\/\\\/www.mexicanguitarplayers.com\\\/tienda\\\/sin categor\u00eda\\\/pastilla-dimarzio-humbucker-p-puente-dark-matter2-2\\\/#primaryimage\",\"url\":\"https:\\\/\\\/www.mexicanguitarplayers.com\\\/wp-content\\\/uploads\\\/2025\\\/04\\\/RADIMDP268FSP.jpg\",\"contentUrl\":\"https:\\\/\\\/www.mexicanguitarplayers.com\\\/wp-content\\\/uploads\\\/2025\\\/04\\\/RADIMDP268FSP.jpg\",\"width\":1600,\"height\":800},{\"@type\":\"BreadcrumbList\",\"@id\":\"https:\\\/\\\/www.mexicanguitarplayers.com\\\/tienda\\\/sin categor\u00eda\\\/pastilla-dimarzio-humbucker-p-puente-dark-matter2-2\\\/#breadcrumb\",\"itemListElement\":[{\"@type\":\"ListItem\",\"position\":1,\"name\":\"Portada\",\"item\":\"https:\\\/\\\/www.mexicanguitarplayers.com\\\/\"},{\"@type\":\"ListItem\",\"position\":2,\"name\":\"Tienda\",\"item\":\"https:\\\/\\\/www.mexicanguitarplayers.com\\\/tienda\\\/\"},{\"@type\":\"ListItem\",\"position\":3,\"name\":\"PASTILLA DIMARZIO HUMBUCKER P\\\/PUENTE DARK MATTER2\"}]},{\"@type\":\"WebSite\",\"@id\":\"https:\\\/\\\/www.mexicanguitarplayers.com\\\/#website\",\"url\":\"https:\\\/\\\/www.mexicanguitarplayers.com\\\/\",\"name\":\"Mexican Guitar Players\",\"description\":\"Website\",\"publisher\":{\"@id\":\"https:\\\/\\\/www.mexicanguitarplayers.com\\\/#organization\"},\"potentialAction\":[{\"@type\":\"SearchAction\",\"target\":{\"@type\":\"EntryPoint\",\"urlTemplate\":\"https:\\\/\\\/www.mexicanguitarplayers.com\\\/?s={search_term_string}\"},\"query-input\":{\"@type\":\"PropertyValueSpecification\",\"valueRequired\":true,\"valueName\":\"search_term_string\"}}],\"inLanguage\":\"en-US\"},{\"@type\":\"Organization\",\"@id\":\"https:\\\/\\\/www.mexicanguitarplayers.com\\\/#organization\",\"name\":\"Mexican Guitar Players\",\"url\":\"https:\\\/\\\/www.mexicanguitarplayers.com\\\/\",\"logo\":{\"@type\":\"ImageObject\",\"inLanguage\":\"en-US\",\"@id\":\"https:\\\/\\\/www.mexicanguitarplayers.com\\\/#\\\/schema\\\/logo\\\/image\\\/\",\"url\":\"\",\"contentUrl\":\"\",\"caption\":\"Mexican Guitar Players\"},\"image\":{\"@id\":\"https:\\\/\\\/www.mexicanguitarplayers.com\\\/#\\\/schema\\\/logo\\\/image\\\/\"}}]}<\/script>\n<!-- \/ Yoast SEO plugin. -->","yoast_head_json":{"title":"PASTILLA DIMARZIO HUMBUCKER P\/PUENTE DARK MATTER2 - Mexican Guitar Players","description":"Pastilla humbucker para guitarra el\u00e9ctrica de 6 cuerdas, modelo Dark Matter 2, posici\u00f3n: puente, alambrado: 4 conductores, im\u00e1n: cer\u00e1mica, resistencia: 9.19 kilo-ohms, espaciado: F-Spaced, sonido m\u00e1s org\u00e1nico y suave con agudos m\u00e1s suaves y menos potencia bruta.","robots":{"index":"index","follow":"follow","max-snippet":"max-snippet:-1","max-image-preview":"max-image-preview:large","max-video-preview":"max-video-preview:-1"},"canonical":"https:\/\/www.mexicanguitarplayers.com\/en\/tienda\/sin categor\u00eda\/pastilla-dimarzio-humbucker-p-puente-dark-matter2-2\/","og_locale":"en_US","og_type":"article","og_title":"PASTILLA DIMARZIO HUMBUCKER P\/PUENTE DARK MATTER2 - Mexican Guitar Players","og_description":"Pastilla humbucker para guitarra el\u00e9ctrica de 6 cuerdas, modelo Dark Matter 2, posici\u00f3n: puente, alambrado: 4 conductores, im\u00e1n: cer\u00e1mica, resistencia: 9.19 kilo-ohms, espaciado: F-Spaced, sonido m\u00e1s org\u00e1nico y suave con agudos m\u00e1s suaves y menos potencia bruta.","og_url":"https:\/\/www.mexicanguitarplayers.com\/en\/tienda\/sin categor\u00eda\/pastilla-dimarzio-humbucker-p-puente-dark-matter2-2\/","og_site_name":"Mexican Guitar Players","article_modified_time":"2026-04-10T10:28:50+00:00","twitter_card":"summary_large_image","twitter_misc":{"Est. reading time":"1 minute"},"schema":{"@context":"https:\/\/schema.org","@graph":[{"@type":["WebPage","ItemPage"],"@id":"https:\/\/www.mexicanguitarplayers.com\/tienda\/sin categor\u00eda\/pastilla-dimarzio-humbucker-p-puente-dark-matter2-2\/","url":"https:\/\/www.mexicanguitarplayers.com\/tienda\/sin categor\u00eda\/pastilla-dimarzio-humbucker-p-puente-dark-matter2-2\/","name":"PASTILLA DIMARZIO HUMBUCKER P\/PUENTE DARK MATTER2 - Mexican Guitar Players","isPartOf":{"@id":"https:\/\/www.mexicanguitarplayers.com\/#website"},"primaryImageOfPage":{"@id":"https:\/\/www.mexicanguitarplayers.com\/tienda\/sin categor\u00eda\/pastilla-dimarzio-humbucker-p-puente-dark-matter2-2\/#primaryimage"},"image":{"@id":"https:\/\/www.mexicanguitarplayers.com\/tienda\/sin categor\u00eda\/pastilla-dimarzio-humbucker-p-puente-dark-matter2-2\/#primaryimage"},"thumbnailUrl":"https:\/\/www.mexicanguitarplayers.com\/wp-content\/uploads\/2025\/04\/RADIMDP268FSP.jpg","datePublished":"2025-04-09T04:04:20+00:00","dateModified":"2026-04-10T10:28:50+00:00","description":"Pastilla humbucker para guitarra el\u00e9ctrica de 6 cuerdas, modelo Dark Matter 2, posici\u00f3n: puente, alambrado: 4 conductores, im\u00e1n: cer\u00e1mica, resistencia: 9.19 kilo-ohms, espaciado: F-Spaced, sonido m\u00e1s org\u00e1nico y suave con agudos m\u00e1s suaves y menos potencia bruta.","breadcrumb":{"@id":"https:\/\/www.mexicanguitarplayers.com\/tienda\/sin categor\u00eda\/pastilla-dimarzio-humbucker-p-puente-dark-matter2-2\/#breadcrumb"},"inLanguage":"en-US","potentialAction":[{"@type":"ReadAction","target":["https:\/\/www.mexicanguitarplayers.com\/tienda\/sin categor\u00eda\/pastilla-dimarzio-humbucker-p-puente-dark-matter2-2\/"]}]},{"@type":"ImageObject","inLanguage":"en-US","@id":"https:\/\/www.mexicanguitarplayers.com\/tienda\/sin categor\u00eda\/pastilla-dimarzio-humbucker-p-puente-dark-matter2-2\/#primaryimage","url":"https:\/\/www.mexicanguitarplayers.com\/wp-content\/uploads\/2025\/04\/RADIMDP268FSP.jpg","contentUrl":"https:\/\/www.mexicanguitarplayers.com\/wp-content\/uploads\/2025\/04\/RADIMDP268FSP.jpg","width":1600,"height":800},{"@type":"BreadcrumbList","@id":"https:\/\/www.mexicanguitarplayers.com\/tienda\/sin categor\u00eda\/pastilla-dimarzio-humbucker-p-puente-dark-matter2-2\/#breadcrumb","itemListElement":[{"@type":"ListItem","position":1,"name":"Portada","item":"https:\/\/www.mexicanguitarplayers.com\/"},{"@type":"ListItem","position":2,"name":"Tienda","item":"https:\/\/www.mexicanguitarplayers.com\/tienda\/"},{"@type":"ListItem","position":3,"name":"PASTILLA DIMARZIO HUMBUCKER P\/PUENTE DARK MATTER2"}]},{"@type":"WebSite","@id":"https:\/\/www.mexicanguitarplayers.com\/#website","url":"https:\/\/www.mexicanguitarplayers.com\/","name":"Mexican Guitar Players","description":"Website","publisher":{"@id":"https:\/\/www.mexicanguitarplayers.com\/#organization"},"potentialAction":[{"@type":"SearchAction","target":{"@type":"EntryPoint","urlTemplate":"https:\/\/www.mexicanguitarplayers.com\/?s={search_term_string}"},"query-input":{"@type":"PropertyValueSpecification","valueRequired":true,"valueName":"search_term_string"}}],"inLanguage":"en-US"},{"@type":"Organization","@id":"https:\/\/www.mexicanguitarplayers.com\/#organization","name":"Mexican Guitar Players","url":"https:\/\/www.mexicanguitarplayers.com\/","logo":{"@type":"ImageObject","inLanguage":"en-US","@id":"https:\/\/www.mexicanguitarplayers.com\/#\/schema\/logo\/image\/","url":"","contentUrl":"","caption":"Mexican Guitar Players"},"image":{"@id":"https:\/\/www.mexicanguitarplayers.com\/#\/schema\/logo\/image\/"}}]}},"brands":[{"id":355,"name":"DIMARZIO","slug":"dimarzio"}],"_links":{"self":[{"href":"https:\/\/www.mexicanguitarplayers.com\/en\/wp-json\/wp\/v2\/product\/35145","targetHints":{"allow":["GET"]}}],"collection":[{"href":"https:\/\/www.mexicanguitarplayers.com\/en\/wp-json\/wp\/v2\/product"}],"about":[{"href":"https:\/\/www.mexicanguitarplayers.com\/en\/wp-json\/wp\/v2\/types\/product"}],"replies":[{"embeddable":true,"href":"https:\/\/www.mexicanguitarplayers.com\/en\/wp-json\/wp\/v2\/comments?post=35145"}],"wp:featuredmedia":[{"embeddable":true,"href":"https:\/\/www.mexicanguitarplayers.com\/en\/wp-json\/wp\/v2\/media\/35143"}],"wp:attachment":[{"href":"https:\/\/www.mexicanguitarplayers.com\/en\/wp-json\/wp\/v2\/media?parent=35145"}],"wp:term":[{"taxonomy":"pwb-brand","embeddable":true,"href":"https:\/\/www.mexicanguitarplayers.com\/en\/wp-json\/wp\/v2\/pwb-brand?post=35145"},{"taxonomy":"product_brand","embeddable":true,"href":"https:\/\/www.mexicanguitarplayers.com\/en\/wp-json\/wp\/v2\/product_brand?post=35145"},{"taxonomy":"product_cat","embeddable":true,"href":"https:\/\/www.mexicanguitarplayers.com\/en\/wp-json\/wp\/v2\/product_cat?post=35145"},{"taxonomy":"product_tag","embeddable":true,"href":"https:\/\/www.mexicanguitarplayers.com\/en\/wp-json\/wp\/v2\/product_tag?post=35145"}],"curies":[{"name":"wp","href":"https:\/\/api.w.org\/{rel}","templated":true}]}}