{"id":35155,"date":"2025-04-08T22:04:32","date_gmt":"2025-04-09T04:04:32","guid":{"rendered":"https:\/\/www.mexicanguitarplayers.com\/tienda\/sin categor\u00eda\/estuche-skb-p-saxofon-tenor-1skb-sc350\/"},"modified":"2026-04-10T04:28:48","modified_gmt":"2026-04-10T10:28:48","slug":"estuche-skb-p-saxofon-tenor-1skb-sc350","status":"publish","type":"product","link":"https:\/\/www.mexicanguitarplayers.com\/en\/tienda\/accesorios\/estuches-y-fundas\/para-alientos-estuches-y-fundas\/estuche-skb-p-saxofon-tenor-1skb-sc350\/","title":{"rendered":"ESTUCHE SKB P\/SAXOFON TENOR 1SKB-SC350"},"content":{"rendered":"<div style=\"text-align: justify\">\n<div>\n<h3>La mejor protecci\u00f3n para tu instrumento.<\/h3>\n<\/div>\n<div>La funda 1SKB-350 Tenor Sax Soft utiliza los mismos interiores con protecci\u00f3n de EPS con forro de felpa que sus contrapartes r\u00edgidas, pero est\u00e1 envuelto en Nylon Denier 600. El estilo de funda blanda incluye dobles cierres para trabajo pesado y una bolsa externa para el almacenamiento de accesorios. Su c\u00f3moda asa de transporte y una correa acolchad ajustable para el hombro hacen de esta funda una alternativa liviana a un estuche r\u00edgido.<\/div>\n<div>\n<h4>Characteristics<\/h4>\n<\/div>\n<div>\n<ul style=\"margin: 0px 0px 0px 25px\">\n<li style=\"list-style-type: circle;margin: 5px\">Interior forrado de felpa protectora de EPS.<\/li>\n<li style=\"list-style-type: circle;margin: 5px\">Durable nylon denier 600 exterior.<\/li>\n<li style=\"list-style-type: circle;margin: 5px\">Resistentes cierres dobles.<\/li>\n<li style=\"list-style-type: circle;margin: 5px\">Bolsa externa para almacenamiento de accesorios.<\/li>\n<li style=\"list-style-type: circle;margin: 5px\">Bolsillos interiores de malla para accesorios.<\/li>\n<li style=\"list-style-type: circle;margin: 5px\">Correa de hombro ajustable.<\/li>\n<li style=\"list-style-type: circle;margin: 5px\">Se adapta a la mayor\u00eda de los saxofones tenor contempor\u00e1neos.<\/li>\n<\/ul>\n<\/div>\n<\/div>","protected":false},"excerpt":{"rendered":"<p>Estuche para saxof\u00f3n tenor, interior forrado de felpa protectora de EPS, durable nylon denier 600 exterior, resistentes cierres dobles y bolsa externa para almacenamiento de accesorios, bolsillos interiores de malla para accesorios, correa de hombro ajustable, se adapta a la mayor\u00eda de los saxofones tenor contempor\u00e1neos.&hellip; <a class=\"kt-excerpt-readmore more-link\" href=\"https:\/\/www.mexicanguitarplayers.com\/en\/tienda\/accesorios\/estuches-y-fundas\/para-alientos-estuches-y-fundas\/estuche-skb-p-saxofon-tenor-1skb-sc350\/\">Read more<\/a><\/p>","protected":false},"featured_media":35152,"comment_status":"open","ping_status":"closed","template":"","meta":{"kt_blocks_editor_width":""},"pwb-brand":[609],"product_brand":[],"product_cat":[85,517,607],"product_tag":[],"class_list":{"0":"post-35155","1":"product","2":"type-product","3":"status-publish","4":"has-post-thumbnail","6":"pwb-brand-skb","7":"product_cat-accesorios","8":"product_cat-estuches-y-fundas","9":"product_cat-para-alientos-estuches-y-fundas","10":"product_shipping_class-0-5-kg","12":"first","13":"outofstock","14":"taxable","15":"shipping-taxable","16":"purchasable","17":"product-type-simple"},"yoast_head":"<!-- This site is optimized with the Yoast SEO plugin v27.5 - https:\/\/yoast.com\/product\/yoast-seo-wordpress\/ -->\n<title>ESTUCHE SKB P\/SAXOFON TENOR 1SKB-SC350 - Mexican Guitar Players<\/title>\n<meta name=\"description\" content=\"Estuche para saxof\u00f3n tenor, interior forrado de felpa protectora de EPS, durable nylon denier 600 exterior, resistentes cierres dobles y bolsa externa para almacenamiento de accesorios, bolsillos interiores de malla para accesorios, correa de hombro ajustable, se adapta a la mayor\u00eda de los saxofones tenor contempor\u00e1neos.\" \/>\n<meta name=\"robots\" content=\"index, follow, max-snippet:-1, max-image-preview:large, max-video-preview:-1\" \/>\n<link rel=\"canonical\" href=\"https:\/\/www.mexicanguitarplayers.com\/en\/tienda\/sin%20categor\u00eda\/estuche-skb-p-saxofon-tenor-1skb-sc350\/\" \/>\n<meta property=\"og:locale\" content=\"en_US\" \/>\n<meta property=\"og:type\" content=\"article\" \/>\n<meta property=\"og:title\" content=\"ESTUCHE SKB P\/SAXOFON TENOR 1SKB-SC350 - Mexican Guitar Players\" \/>\n<meta property=\"og:description\" content=\"Estuche para saxof\u00f3n tenor, interior forrado de felpa protectora de EPS, durable nylon denier 600 exterior, resistentes cierres dobles y bolsa externa para almacenamiento de accesorios, bolsillos interiores de malla para accesorios, correa de hombro ajustable, se adapta a la mayor\u00eda de los saxofones tenor contempor\u00e1neos.\" \/>\n<meta property=\"og:url\" content=\"https:\/\/www.mexicanguitarplayers.com\/en\/tienda\/sin categor\u00eda\/estuche-skb-p-saxofon-tenor-1skb-sc350\/\" \/>\n<meta property=\"og:site_name\" content=\"Mexican Guitar Players\" \/>\n<meta property=\"article:modified_time\" content=\"2026-04-10T10:28:48+00:00\" \/>\n<meta name=\"twitter:card\" content=\"summary_large_image\" \/>\n<meta name=\"twitter:label1\" content=\"Est. reading time\" \/>\n\t<meta name=\"twitter:data1\" content=\"1 minute\" \/>\n<script type=\"application\/ld+json\" class=\"yoast-schema-graph\">{\"@context\":\"https:\\\/\\\/schema.org\",\"@graph\":[{\"@type\":[\"WebPage\",\"ItemPage\"],\"@id\":\"https:\\\/\\\/www.mexicanguitarplayers.com\\\/tienda\\\/sin categor\u00eda\\\/estuche-skb-p-saxofon-tenor-1skb-sc350\\\/\",\"url\":\"https:\\\/\\\/www.mexicanguitarplayers.com\\\/tienda\\\/sin categor\u00eda\\\/estuche-skb-p-saxofon-tenor-1skb-sc350\\\/\",\"name\":\"ESTUCHE SKB P\\\/SAXOFON TENOR 1SKB-SC350 - Mexican Guitar Players\",\"isPartOf\":{\"@id\":\"https:\\\/\\\/www.mexicanguitarplayers.com\\\/#website\"},\"primaryImageOfPage\":{\"@id\":\"https:\\\/\\\/www.mexicanguitarplayers.com\\\/tienda\\\/sin categor\u00eda\\\/estuche-skb-p-saxofon-tenor-1skb-sc350\\\/#primaryimage\"},\"image\":{\"@id\":\"https:\\\/\\\/www.mexicanguitarplayers.com\\\/tienda\\\/sin categor\u00eda\\\/estuche-skb-p-saxofon-tenor-1skb-sc350\\\/#primaryimage\"},\"thumbnailUrl\":\"https:\\\/\\\/www.mexicanguitarplayers.com\\\/wp-content\\\/uploads\\\/2025\\\/04\\\/VASKB1SKBSC350.jpg\",\"datePublished\":\"2025-04-09T04:04:32+00:00\",\"dateModified\":\"2026-04-10T10:28:48+00:00\",\"description\":\"Estuche para saxof\u00f3n tenor, interior forrado de felpa protectora de EPS, durable nylon denier 600 exterior, resistentes cierres dobles y bolsa externa para almacenamiento de accesorios, bolsillos interiores de malla para accesorios, correa de hombro ajustable, se adapta a la mayor\u00eda de los saxofones tenor contempor\u00e1neos.\",\"breadcrumb\":{\"@id\":\"https:\\\/\\\/www.mexicanguitarplayers.com\\\/tienda\\\/sin categor\u00eda\\\/estuche-skb-p-saxofon-tenor-1skb-sc350\\\/#breadcrumb\"},\"inLanguage\":\"en-US\",\"potentialAction\":[{\"@type\":\"ReadAction\",\"target\":[\"https:\\\/\\\/www.mexicanguitarplayers.com\\\/tienda\\\/sin categor\u00eda\\\/estuche-skb-p-saxofon-tenor-1skb-sc350\\\/\"]}]},{\"@type\":\"ImageObject\",\"inLanguage\":\"en-US\",\"@id\":\"https:\\\/\\\/www.mexicanguitarplayers.com\\\/tienda\\\/sin categor\u00eda\\\/estuche-skb-p-saxofon-tenor-1skb-sc350\\\/#primaryimage\",\"url\":\"https:\\\/\\\/www.mexicanguitarplayers.com\\\/wp-content\\\/uploads\\\/2025\\\/04\\\/VASKB1SKBSC350.jpg\",\"contentUrl\":\"https:\\\/\\\/www.mexicanguitarplayers.com\\\/wp-content\\\/uploads\\\/2025\\\/04\\\/VASKB1SKBSC350.jpg\",\"width\":1200,\"height\":1200},{\"@type\":\"BreadcrumbList\",\"@id\":\"https:\\\/\\\/www.mexicanguitarplayers.com\\\/tienda\\\/sin categor\u00eda\\\/estuche-skb-p-saxofon-tenor-1skb-sc350\\\/#breadcrumb\",\"itemListElement\":[{\"@type\":\"ListItem\",\"position\":1,\"name\":\"Portada\",\"item\":\"https:\\\/\\\/www.mexicanguitarplayers.com\\\/\"},{\"@type\":\"ListItem\",\"position\":2,\"name\":\"Tienda\",\"item\":\"https:\\\/\\\/www.mexicanguitarplayers.com\\\/tienda\\\/\"},{\"@type\":\"ListItem\",\"position\":3,\"name\":\"ESTUCHE SKB P\\\/SAXOFON TENOR 1SKB-SC350\"}]},{\"@type\":\"WebSite\",\"@id\":\"https:\\\/\\\/www.mexicanguitarplayers.com\\\/#website\",\"url\":\"https:\\\/\\\/www.mexicanguitarplayers.com\\\/\",\"name\":\"Mexican Guitar Players\",\"description\":\"Website\",\"publisher\":{\"@id\":\"https:\\\/\\\/www.mexicanguitarplayers.com\\\/#organization\"},\"potentialAction\":[{\"@type\":\"SearchAction\",\"target\":{\"@type\":\"EntryPoint\",\"urlTemplate\":\"https:\\\/\\\/www.mexicanguitarplayers.com\\\/?s={search_term_string}\"},\"query-input\":{\"@type\":\"PropertyValueSpecification\",\"valueRequired\":true,\"valueName\":\"search_term_string\"}}],\"inLanguage\":\"en-US\"},{\"@type\":\"Organization\",\"@id\":\"https:\\\/\\\/www.mexicanguitarplayers.com\\\/#organization\",\"name\":\"Mexican Guitar Players\",\"url\":\"https:\\\/\\\/www.mexicanguitarplayers.com\\\/\",\"logo\":{\"@type\":\"ImageObject\",\"inLanguage\":\"en-US\",\"@id\":\"https:\\\/\\\/www.mexicanguitarplayers.com\\\/#\\\/schema\\\/logo\\\/image\\\/\",\"url\":\"\",\"contentUrl\":\"\",\"caption\":\"Mexican Guitar Players\"},\"image\":{\"@id\":\"https:\\\/\\\/www.mexicanguitarplayers.com\\\/#\\\/schema\\\/logo\\\/image\\\/\"}}]}<\/script>\n<!-- \/ Yoast SEO plugin. -->","yoast_head_json":{"title":"ESTUCHE SKB P\/SAXOFON TENOR 1SKB-SC350 - Mexican Guitar Players","description":"Estuche para saxof\u00f3n tenor, interior forrado de felpa protectora de EPS, durable nylon denier 600 exterior, resistentes cierres dobles y bolsa externa para almacenamiento de accesorios, bolsillos interiores de malla para accesorios, correa de hombro ajustable, se adapta a la mayor\u00eda de los saxofones tenor contempor\u00e1neos.","robots":{"index":"index","follow":"follow","max-snippet":"max-snippet:-1","max-image-preview":"max-image-preview:large","max-video-preview":"max-video-preview:-1"},"canonical":"https:\/\/www.mexicanguitarplayers.com\/en\/tienda\/sin categor\u00eda\/estuche-skb-p-saxofon-tenor-1skb-sc350\/","og_locale":"en_US","og_type":"article","og_title":"ESTUCHE SKB P\/SAXOFON TENOR 1SKB-SC350 - Mexican Guitar Players","og_description":"Estuche para saxof\u00f3n tenor, interior forrado de felpa protectora de EPS, durable nylon denier 600 exterior, resistentes cierres dobles y bolsa externa para almacenamiento de accesorios, bolsillos interiores de malla para accesorios, correa de hombro ajustable, se adapta a la mayor\u00eda de los saxofones tenor contempor\u00e1neos.","og_url":"https:\/\/www.mexicanguitarplayers.com\/en\/tienda\/sin categor\u00eda\/estuche-skb-p-saxofon-tenor-1skb-sc350\/","og_site_name":"Mexican Guitar Players","article_modified_time":"2026-04-10T10:28:48+00:00","twitter_card":"summary_large_image","twitter_misc":{"Est. reading time":"1 minute"},"schema":{"@context":"https:\/\/schema.org","@graph":[{"@type":["WebPage","ItemPage"],"@id":"https:\/\/www.mexicanguitarplayers.com\/tienda\/sin categor\u00eda\/estuche-skb-p-saxofon-tenor-1skb-sc350\/","url":"https:\/\/www.mexicanguitarplayers.com\/tienda\/sin categor\u00eda\/estuche-skb-p-saxofon-tenor-1skb-sc350\/","name":"ESTUCHE SKB P\/SAXOFON TENOR 1SKB-SC350 - Mexican Guitar Players","isPartOf":{"@id":"https:\/\/www.mexicanguitarplayers.com\/#website"},"primaryImageOfPage":{"@id":"https:\/\/www.mexicanguitarplayers.com\/tienda\/sin categor\u00eda\/estuche-skb-p-saxofon-tenor-1skb-sc350\/#primaryimage"},"image":{"@id":"https:\/\/www.mexicanguitarplayers.com\/tienda\/sin categor\u00eda\/estuche-skb-p-saxofon-tenor-1skb-sc350\/#primaryimage"},"thumbnailUrl":"https:\/\/www.mexicanguitarplayers.com\/wp-content\/uploads\/2025\/04\/VASKB1SKBSC350.jpg","datePublished":"2025-04-09T04:04:32+00:00","dateModified":"2026-04-10T10:28:48+00:00","description":"Estuche para saxof\u00f3n tenor, interior forrado de felpa protectora de EPS, durable nylon denier 600 exterior, resistentes cierres dobles y bolsa externa para almacenamiento de accesorios, bolsillos interiores de malla para accesorios, correa de hombro ajustable, se adapta a la mayor\u00eda de los saxofones tenor contempor\u00e1neos.","breadcrumb":{"@id":"https:\/\/www.mexicanguitarplayers.com\/tienda\/sin categor\u00eda\/estuche-skb-p-saxofon-tenor-1skb-sc350\/#breadcrumb"},"inLanguage":"en-US","potentialAction":[{"@type":"ReadAction","target":["https:\/\/www.mexicanguitarplayers.com\/tienda\/sin categor\u00eda\/estuche-skb-p-saxofon-tenor-1skb-sc350\/"]}]},{"@type":"ImageObject","inLanguage":"en-US","@id":"https:\/\/www.mexicanguitarplayers.com\/tienda\/sin categor\u00eda\/estuche-skb-p-saxofon-tenor-1skb-sc350\/#primaryimage","url":"https:\/\/www.mexicanguitarplayers.com\/wp-content\/uploads\/2025\/04\/VASKB1SKBSC350.jpg","contentUrl":"https:\/\/www.mexicanguitarplayers.com\/wp-content\/uploads\/2025\/04\/VASKB1SKBSC350.jpg","width":1200,"height":1200},{"@type":"BreadcrumbList","@id":"https:\/\/www.mexicanguitarplayers.com\/tienda\/sin categor\u00eda\/estuche-skb-p-saxofon-tenor-1skb-sc350\/#breadcrumb","itemListElement":[{"@type":"ListItem","position":1,"name":"Portada","item":"https:\/\/www.mexicanguitarplayers.com\/"},{"@type":"ListItem","position":2,"name":"Tienda","item":"https:\/\/www.mexicanguitarplayers.com\/tienda\/"},{"@type":"ListItem","position":3,"name":"ESTUCHE SKB P\/SAXOFON TENOR 1SKB-SC350"}]},{"@type":"WebSite","@id":"https:\/\/www.mexicanguitarplayers.com\/#website","url":"https:\/\/www.mexicanguitarplayers.com\/","name":"Mexican Guitar Players","description":"Website","publisher":{"@id":"https:\/\/www.mexicanguitarplayers.com\/#organization"},"potentialAction":[{"@type":"SearchAction","target":{"@type":"EntryPoint","urlTemplate":"https:\/\/www.mexicanguitarplayers.com\/?s={search_term_string}"},"query-input":{"@type":"PropertyValueSpecification","valueRequired":true,"valueName":"search_term_string"}}],"inLanguage":"en-US"},{"@type":"Organization","@id":"https:\/\/www.mexicanguitarplayers.com\/#organization","name":"Mexican Guitar Players","url":"https:\/\/www.mexicanguitarplayers.com\/","logo":{"@type":"ImageObject","inLanguage":"en-US","@id":"https:\/\/www.mexicanguitarplayers.com\/#\/schema\/logo\/image\/","url":"","contentUrl":"","caption":"Mexican Guitar Players"},"image":{"@id":"https:\/\/www.mexicanguitarplayers.com\/#\/schema\/logo\/image\/"}}]}},"brands":[{"id":609,"name":"SKB","slug":"skb"}],"_links":{"self":[{"href":"https:\/\/www.mexicanguitarplayers.com\/en\/wp-json\/wp\/v2\/product\/35155","targetHints":{"allow":["GET"]}}],"collection":[{"href":"https:\/\/www.mexicanguitarplayers.com\/en\/wp-json\/wp\/v2\/product"}],"about":[{"href":"https:\/\/www.mexicanguitarplayers.com\/en\/wp-json\/wp\/v2\/types\/product"}],"replies":[{"embeddable":true,"href":"https:\/\/www.mexicanguitarplayers.com\/en\/wp-json\/wp\/v2\/comments?post=35155"}],"wp:featuredmedia":[{"embeddable":true,"href":"https:\/\/www.mexicanguitarplayers.com\/en\/wp-json\/wp\/v2\/media\/35152"}],"wp:attachment":[{"href":"https:\/\/www.mexicanguitarplayers.com\/en\/wp-json\/wp\/v2\/media?parent=35155"}],"wp:term":[{"taxonomy":"pwb-brand","embeddable":true,"href":"https:\/\/www.mexicanguitarplayers.com\/en\/wp-json\/wp\/v2\/pwb-brand?post=35155"},{"taxonomy":"product_brand","embeddable":true,"href":"https:\/\/www.mexicanguitarplayers.com\/en\/wp-json\/wp\/v2\/product_brand?post=35155"},{"taxonomy":"product_cat","embeddable":true,"href":"https:\/\/www.mexicanguitarplayers.com\/en\/wp-json\/wp\/v2\/product_cat?post=35155"},{"taxonomy":"product_tag","embeddable":true,"href":"https:\/\/www.mexicanguitarplayers.com\/en\/wp-json\/wp\/v2\/product_tag?post=35155"}],"curies":[{"name":"wp","href":"https:\/\/api.w.org\/{rel}","templated":true}]}}