{"id":35173,"date":"2025-04-08T22:04:56","date_gmt":"2025-04-09T04:04:56","guid":{"rendered":"https:\/\/www.mexicanguitarplayers.com\/tienda\/sin categor\u00eda\/bafle-ashdown-p-bajo-mod-rm-115t-evoiii\/"},"modified":"2026-05-01T07:21:27","modified_gmt":"2026-05-01T13:21:27","slug":"bafle-ashdown-p-bajo-mod-rm-115t-evoiii","status":"publish","type":"product","link":"https:\/\/www.mexicanguitarplayers.com\/en\/tienda\/audio\/bafles-y-bocinas\/bafles\/bafles-pasivos\/bafle-ashdown-p-bajo-mod-rm-115t-evoiii\/","title":{"rendered":"BAFLE ASHDOWN P\/BAJO MOD. RM-115T-EVOIII"},"content":{"rendered":"<div style=\"text-align: justify\">\n<div>\n<h3>BAFLE ASHDOWN PARA BAJO RM-115T-EVO III<\/h3>\n<\/div>\n<div>Presentamos el Gabinete Ashdown Rootmaster EVO III 115T 1&#215;15&#8243;, un amplificador compacto y potente para bajo que desaf\u00eda la convenci\u00f3n. Con un peso de solo 14 kg (30 libras), ofrece 300 vatios de excelencia auditiva con precisi\u00f3n y claridad. El altavoz especialmente dise\u00f1ado de 15&#8243; y el tweeter ajustable te permiten afinar tu sonido, lo que lo hace perfecto para uso en escenarios y estudios. Con una construcci\u00f3n ligera, asa superior y conectores genuinos Neutrik, est\u00e1 dise\u00f1ado para conveniencia y confiabilidad. Adem\u00e1s, el acabado Buffalo Tolex y las esquinas met\u00e1licas a\u00f1aden un toque de estilo a tu configuraci\u00f3n.<\/div>\n<div>\n<h4>Characteristics<\/h4>\n<\/div>\n<div>\n<ul style=\"margin: 0px 0px 0px 25px\">\n<li style=\"list-style-type: circle;margin: 5px\">Manejo de energ\u00eda<\/li>\n<li style=\"list-style-type: circle;margin: 5px\">300 vatios<\/li>\n<li style=\"list-style-type: circle;margin: 5px\">Salidas de altavoz<\/li>\n<li style=\"list-style-type: circle;margin: 5px\">Impedancia<\/li>\n<li style=\"list-style-type: circle;margin: 5px\">Alto x ancho x profundidad (mm) <\/li>\n<li style=\"list-style-type: circle;margin: 5px\">PESO<\/li>\n<\/ul>\n<\/div>\n<\/div>","protected":false},"excerpt":{"rendered":"<p>Presentamos el gabinete de amplificador de bajo Ashdown Rootmaster EVO III 115T 1&#215;15\u201d, un poderoso equipo que desaf\u00eda la convenci\u00f3n con sus 300 watts de potencia y su altavoz de 15\u201d m\u00e1s tweeter ajustable, ofreciendo precisi\u00f3n y claridad tanto en escenario como en estudio. Con tan solo 14 kg de peso, su dise\u00f1o compacto es f\u00e1cilmente transportable gracias al asa montada en la parte superior, mientras que sus conectores Neutrik garantizan una conexi\u00f3n confiable. Con salidas de altavoz jack o Speakon y una impedancia de 8 ohmios, se integra sin problemas en cualquier configuraci\u00f3n, mientras que su acabado en Buffalo Tolex y esquinas met\u00e1licas a\u00f1aden un toque de estilo a su durabilidad. Dimensiones: 508mm x 463mm x 343mm; Peso: 15.1 kg.&hellip; <a class=\"kt-excerpt-readmore more-link\" href=\"https:\/\/www.mexicanguitarplayers.com\/en\/tienda\/audio\/bafles-y-bocinas\/bafles\/bafles-pasivos\/bafle-ashdown-p-bajo-mod-rm-115t-evoiii\/\">Read more<\/a><\/p>","protected":false},"featured_media":35169,"comment_status":"open","ping_status":"closed","template":"","meta":{"kt_blocks_editor_width":""},"pwb-brand":[257],"product_brand":[],"product_cat":[213,222,223,221],"product_tag":[],"class_list":{"0":"post-35173","1":"product","2":"type-product","3":"status-publish","4":"has-post-thumbnail","6":"pwb-brand-ashdown","7":"product_cat-audio","8":"product_cat-bafles","9":"product_cat-bafles-pasivos","10":"product_cat-bafles-y-bocinas","11":"product_shipping_class-15-20-kg","13":"first","14":"instock","15":"taxable","16":"shipping-taxable","17":"purchasable","18":"product-type-simple"},"yoast_head":"<!-- This site is optimized with the Yoast SEO plugin v27.5 - https:\/\/yoast.com\/product\/yoast-seo-wordpress\/ -->\n<title>BAFLE ASHDOWN P\/BAJO MOD. RM-115T-EVOIII - Mexican Guitar Players<\/title>\n<meta name=\"description\" content=\"Presentamos el gabinete de amplificador de bajo Ashdown Rootmaster EVO III 115T 1x15\u201d, un poderoso equipo que desaf\u00eda la convenci\u00f3n con sus 300 watts de potencia y su altavoz de 15\u201d m\u00e1s tweeter ajustable, ofreciendo precisi\u00f3n y claridad tanto en escenario como en estudio. Con tan solo 14 kg de peso, su dise\u00f1o compacto es f\u00e1cilmente transportable gracias al asa montada en la parte superior, mientras que sus conectores Neutrik garantizan una conexi\u00f3n confiable. Con salidas de altavoz jack o Speakon y una impedancia de 8 ohmios, se integra sin problemas en cualquier configuraci\u00f3n, mientras que su acabado en Buffalo Tolex y esquinas met\u00e1licas a\u00f1aden un toque de estilo a su durabilidad. Dimensiones: 508mm x 463mm x 343mm; Peso: 15.1 kg.\" \/>\n<meta name=\"robots\" content=\"index, follow, max-snippet:-1, max-image-preview:large, max-video-preview:-1\" \/>\n<link rel=\"canonical\" href=\"https:\/\/www.mexicanguitarplayers.com\/en\/tienda\/sin%20categor\u00eda\/bafle-ashdown-p-bajo-mod-rm-115t-evoiii\/\" \/>\n<meta property=\"og:locale\" content=\"en_US\" \/>\n<meta property=\"og:type\" content=\"article\" \/>\n<meta property=\"og:title\" content=\"BAFLE ASHDOWN P\/BAJO MOD. RM-115T-EVOIII - Mexican Guitar Players\" \/>\n<meta property=\"og:description\" content=\"Presentamos el gabinete de amplificador de bajo Ashdown Rootmaster EVO III 115T 1x15\u201d, un poderoso equipo que desaf\u00eda la convenci\u00f3n con sus 300 watts de potencia y su altavoz de 15\u201d m\u00e1s tweeter ajustable, ofreciendo precisi\u00f3n y claridad tanto en escenario como en estudio. Con tan solo 14 kg de peso, su dise\u00f1o compacto es f\u00e1cilmente transportable gracias al asa montada en la parte superior, mientras que sus conectores Neutrik garantizan una conexi\u00f3n confiable. Con salidas de altavoz jack o Speakon y una impedancia de 8 ohmios, se integra sin problemas en cualquier configuraci\u00f3n, mientras que su acabado en Buffalo Tolex y esquinas met\u00e1licas a\u00f1aden un toque de estilo a su durabilidad. Dimensiones: 508mm x 463mm x 343mm; Peso: 15.1 kg.\" \/>\n<meta property=\"og:url\" content=\"https:\/\/www.mexicanguitarplayers.com\/en\/tienda\/sin categor\u00eda\/bafle-ashdown-p-bajo-mod-rm-115t-evoiii\/\" \/>\n<meta property=\"og:site_name\" content=\"Mexican Guitar Players\" \/>\n<meta property=\"article:modified_time\" content=\"2026-05-01T13:21:27+00:00\" \/>\n<meta name=\"twitter:card\" content=\"summary_large_image\" \/>\n<meta name=\"twitter:label1\" content=\"Est. reading time\" \/>\n\t<meta name=\"twitter:data1\" content=\"1 minute\" \/>\n<script type=\"application\/ld+json\" class=\"yoast-schema-graph\">{\"@context\":\"https:\\\/\\\/schema.org\",\"@graph\":[{\"@type\":[\"WebPage\",\"ItemPage\"],\"@id\":\"https:\\\/\\\/www.mexicanguitarplayers.com\\\/tienda\\\/sin categor\u00eda\\\/bafle-ashdown-p-bajo-mod-rm-115t-evoiii\\\/\",\"url\":\"https:\\\/\\\/www.mexicanguitarplayers.com\\\/tienda\\\/sin categor\u00eda\\\/bafle-ashdown-p-bajo-mod-rm-115t-evoiii\\\/\",\"name\":\"BAFLE ASHDOWN P\\\/BAJO MOD. RM-115T-EVOIII - Mexican Guitar Players\",\"isPartOf\":{\"@id\":\"https:\\\/\\\/www.mexicanguitarplayers.com\\\/#website\"},\"primaryImageOfPage\":{\"@id\":\"https:\\\/\\\/www.mexicanguitarplayers.com\\\/tienda\\\/sin categor\u00eda\\\/bafle-ashdown-p-bajo-mod-rm-115t-evoiii\\\/#primaryimage\"},\"image\":{\"@id\":\"https:\\\/\\\/www.mexicanguitarplayers.com\\\/tienda\\\/sin categor\u00eda\\\/bafle-ashdown-p-bajo-mod-rm-115t-evoiii\\\/#primaryimage\"},\"thumbnailUrl\":\"https:\\\/\\\/www.mexicanguitarplayers.com\\\/wp-content\\\/uploads\\\/2025\\\/04\\\/ICASORM115TEV3.jpg\",\"datePublished\":\"2025-04-09T04:04:56+00:00\",\"dateModified\":\"2026-05-01T13:21:27+00:00\",\"description\":\"Presentamos el gabinete de amplificador de bajo Ashdown Rootmaster EVO III 115T 1x15\u201d, un poderoso equipo que desaf\u00eda la convenci\u00f3n con sus 300 watts de potencia y su altavoz de 15\u201d m\u00e1s tweeter ajustable, ofreciendo precisi\u00f3n y claridad tanto en escenario como en estudio. Con tan solo 14 kg de peso, su dise\u00f1o compacto es f\u00e1cilmente transportable gracias al asa montada en la parte superior, mientras que sus conectores Neutrik garantizan una conexi\u00f3n confiable. Con salidas de altavoz jack o Speakon y una impedancia de 8 ohmios, se integra sin problemas en cualquier configuraci\u00f3n, mientras que su acabado en Buffalo Tolex y esquinas met\u00e1licas a\u00f1aden un toque de estilo a su durabilidad. Dimensiones: 508mm x 463mm x 343mm; Peso: 15.1 kg.\",\"breadcrumb\":{\"@id\":\"https:\\\/\\\/www.mexicanguitarplayers.com\\\/tienda\\\/sin categor\u00eda\\\/bafle-ashdown-p-bajo-mod-rm-115t-evoiii\\\/#breadcrumb\"},\"inLanguage\":\"en-US\",\"potentialAction\":[{\"@type\":\"ReadAction\",\"target\":[\"https:\\\/\\\/www.mexicanguitarplayers.com\\\/tienda\\\/sin categor\u00eda\\\/bafle-ashdown-p-bajo-mod-rm-115t-evoiii\\\/\"]}]},{\"@type\":\"ImageObject\",\"inLanguage\":\"en-US\",\"@id\":\"https:\\\/\\\/www.mexicanguitarplayers.com\\\/tienda\\\/sin categor\u00eda\\\/bafle-ashdown-p-bajo-mod-rm-115t-evoiii\\\/#primaryimage\",\"url\":\"https:\\\/\\\/www.mexicanguitarplayers.com\\\/wp-content\\\/uploads\\\/2025\\\/04\\\/ICASORM115TEV3.jpg\",\"contentUrl\":\"https:\\\/\\\/www.mexicanguitarplayers.com\\\/wp-content\\\/uploads\\\/2025\\\/04\\\/ICASORM115TEV3.jpg\",\"width\":1200,\"height\":1200},{\"@type\":\"BreadcrumbList\",\"@id\":\"https:\\\/\\\/www.mexicanguitarplayers.com\\\/tienda\\\/sin categor\u00eda\\\/bafle-ashdown-p-bajo-mod-rm-115t-evoiii\\\/#breadcrumb\",\"itemListElement\":[{\"@type\":\"ListItem\",\"position\":1,\"name\":\"Portada\",\"item\":\"https:\\\/\\\/www.mexicanguitarplayers.com\\\/\"},{\"@type\":\"ListItem\",\"position\":2,\"name\":\"Tienda\",\"item\":\"https:\\\/\\\/www.mexicanguitarplayers.com\\\/tienda\\\/\"},{\"@type\":\"ListItem\",\"position\":3,\"name\":\"BAFLE ASHDOWN P\\\/BAJO MOD. RM-115T-EVOIII\"}]},{\"@type\":\"WebSite\",\"@id\":\"https:\\\/\\\/www.mexicanguitarplayers.com\\\/#website\",\"url\":\"https:\\\/\\\/www.mexicanguitarplayers.com\\\/\",\"name\":\"Mexican Guitar Players\",\"description\":\"Website\",\"publisher\":{\"@id\":\"https:\\\/\\\/www.mexicanguitarplayers.com\\\/#organization\"},\"potentialAction\":[{\"@type\":\"SearchAction\",\"target\":{\"@type\":\"EntryPoint\",\"urlTemplate\":\"https:\\\/\\\/www.mexicanguitarplayers.com\\\/?s={search_term_string}\"},\"query-input\":{\"@type\":\"PropertyValueSpecification\",\"valueRequired\":true,\"valueName\":\"search_term_string\"}}],\"inLanguage\":\"en-US\"},{\"@type\":\"Organization\",\"@id\":\"https:\\\/\\\/www.mexicanguitarplayers.com\\\/#organization\",\"name\":\"Mexican Guitar Players\",\"url\":\"https:\\\/\\\/www.mexicanguitarplayers.com\\\/\",\"logo\":{\"@type\":\"ImageObject\",\"inLanguage\":\"en-US\",\"@id\":\"https:\\\/\\\/www.mexicanguitarplayers.com\\\/#\\\/schema\\\/logo\\\/image\\\/\",\"url\":\"\",\"contentUrl\":\"\",\"caption\":\"Mexican Guitar Players\"},\"image\":{\"@id\":\"https:\\\/\\\/www.mexicanguitarplayers.com\\\/#\\\/schema\\\/logo\\\/image\\\/\"}}]}<\/script>\n<!-- \/ Yoast SEO plugin. -->","yoast_head_json":{"title":"BAFLE ASHDOWN P\/BAJO MOD. RM-115T-EVOIII - Mexican Guitar Players","description":"Presentamos el gabinete de amplificador de bajo Ashdown Rootmaster EVO III 115T 1x15\u201d, un poderoso equipo que desaf\u00eda la convenci\u00f3n con sus 300 watts de potencia y su altavoz de 15\u201d m\u00e1s tweeter ajustable, ofreciendo precisi\u00f3n y claridad tanto en escenario como en estudio. Con tan solo 14 kg de peso, su dise\u00f1o compacto es f\u00e1cilmente transportable gracias al asa montada en la parte superior, mientras que sus conectores Neutrik garantizan una conexi\u00f3n confiable. Con salidas de altavoz jack o Speakon y una impedancia de 8 ohmios, se integra sin problemas en cualquier configuraci\u00f3n, mientras que su acabado en Buffalo Tolex y esquinas met\u00e1licas a\u00f1aden un toque de estilo a su durabilidad. Dimensiones: 508mm x 463mm x 343mm; Peso: 15.1 kg.","robots":{"index":"index","follow":"follow","max-snippet":"max-snippet:-1","max-image-preview":"max-image-preview:large","max-video-preview":"max-video-preview:-1"},"canonical":"https:\/\/www.mexicanguitarplayers.com\/en\/tienda\/sin categor\u00eda\/bafle-ashdown-p-bajo-mod-rm-115t-evoiii\/","og_locale":"en_US","og_type":"article","og_title":"BAFLE ASHDOWN P\/BAJO MOD. RM-115T-EVOIII - Mexican Guitar Players","og_description":"Presentamos el gabinete de amplificador de bajo Ashdown Rootmaster EVO III 115T 1x15\u201d, un poderoso equipo que desaf\u00eda la convenci\u00f3n con sus 300 watts de potencia y su altavoz de 15\u201d m\u00e1s tweeter ajustable, ofreciendo precisi\u00f3n y claridad tanto en escenario como en estudio. Con tan solo 14 kg de peso, su dise\u00f1o compacto es f\u00e1cilmente transportable gracias al asa montada en la parte superior, mientras que sus conectores Neutrik garantizan una conexi\u00f3n confiable. Con salidas de altavoz jack o Speakon y una impedancia de 8 ohmios, se integra sin problemas en cualquier configuraci\u00f3n, mientras que su acabado en Buffalo Tolex y esquinas met\u00e1licas a\u00f1aden un toque de estilo a su durabilidad. Dimensiones: 508mm x 463mm x 343mm; Peso: 15.1 kg.","og_url":"https:\/\/www.mexicanguitarplayers.com\/en\/tienda\/sin categor\u00eda\/bafle-ashdown-p-bajo-mod-rm-115t-evoiii\/","og_site_name":"Mexican Guitar Players","article_modified_time":"2026-05-01T13:21:27+00:00","twitter_card":"summary_large_image","twitter_misc":{"Est. reading time":"1 minute"},"schema":{"@context":"https:\/\/schema.org","@graph":[{"@type":["WebPage","ItemPage"],"@id":"https:\/\/www.mexicanguitarplayers.com\/tienda\/sin categor\u00eda\/bafle-ashdown-p-bajo-mod-rm-115t-evoiii\/","url":"https:\/\/www.mexicanguitarplayers.com\/tienda\/sin categor\u00eda\/bafle-ashdown-p-bajo-mod-rm-115t-evoiii\/","name":"BAFLE ASHDOWN P\/BAJO MOD. RM-115T-EVOIII - Mexican Guitar Players","isPartOf":{"@id":"https:\/\/www.mexicanguitarplayers.com\/#website"},"primaryImageOfPage":{"@id":"https:\/\/www.mexicanguitarplayers.com\/tienda\/sin categor\u00eda\/bafle-ashdown-p-bajo-mod-rm-115t-evoiii\/#primaryimage"},"image":{"@id":"https:\/\/www.mexicanguitarplayers.com\/tienda\/sin categor\u00eda\/bafle-ashdown-p-bajo-mod-rm-115t-evoiii\/#primaryimage"},"thumbnailUrl":"https:\/\/www.mexicanguitarplayers.com\/wp-content\/uploads\/2025\/04\/ICASORM115TEV3.jpg","datePublished":"2025-04-09T04:04:56+00:00","dateModified":"2026-05-01T13:21:27+00:00","description":"Presentamos el gabinete de amplificador de bajo Ashdown Rootmaster EVO III 115T 1x15\u201d, un poderoso equipo que desaf\u00eda la convenci\u00f3n con sus 300 watts de potencia y su altavoz de 15\u201d m\u00e1s tweeter ajustable, ofreciendo precisi\u00f3n y claridad tanto en escenario como en estudio. Con tan solo 14 kg de peso, su dise\u00f1o compacto es f\u00e1cilmente transportable gracias al asa montada en la parte superior, mientras que sus conectores Neutrik garantizan una conexi\u00f3n confiable. Con salidas de altavoz jack o Speakon y una impedancia de 8 ohmios, se integra sin problemas en cualquier configuraci\u00f3n, mientras que su acabado en Buffalo Tolex y esquinas met\u00e1licas a\u00f1aden un toque de estilo a su durabilidad. Dimensiones: 508mm x 463mm x 343mm; Peso: 15.1 kg.","breadcrumb":{"@id":"https:\/\/www.mexicanguitarplayers.com\/tienda\/sin categor\u00eda\/bafle-ashdown-p-bajo-mod-rm-115t-evoiii\/#breadcrumb"},"inLanguage":"en-US","potentialAction":[{"@type":"ReadAction","target":["https:\/\/www.mexicanguitarplayers.com\/tienda\/sin categor\u00eda\/bafle-ashdown-p-bajo-mod-rm-115t-evoiii\/"]}]},{"@type":"ImageObject","inLanguage":"en-US","@id":"https:\/\/www.mexicanguitarplayers.com\/tienda\/sin categor\u00eda\/bafle-ashdown-p-bajo-mod-rm-115t-evoiii\/#primaryimage","url":"https:\/\/www.mexicanguitarplayers.com\/wp-content\/uploads\/2025\/04\/ICASORM115TEV3.jpg","contentUrl":"https:\/\/www.mexicanguitarplayers.com\/wp-content\/uploads\/2025\/04\/ICASORM115TEV3.jpg","width":1200,"height":1200},{"@type":"BreadcrumbList","@id":"https:\/\/www.mexicanguitarplayers.com\/tienda\/sin categor\u00eda\/bafle-ashdown-p-bajo-mod-rm-115t-evoiii\/#breadcrumb","itemListElement":[{"@type":"ListItem","position":1,"name":"Portada","item":"https:\/\/www.mexicanguitarplayers.com\/"},{"@type":"ListItem","position":2,"name":"Tienda","item":"https:\/\/www.mexicanguitarplayers.com\/tienda\/"},{"@type":"ListItem","position":3,"name":"BAFLE ASHDOWN P\/BAJO MOD. RM-115T-EVOIII"}]},{"@type":"WebSite","@id":"https:\/\/www.mexicanguitarplayers.com\/#website","url":"https:\/\/www.mexicanguitarplayers.com\/","name":"Mexican Guitar Players","description":"Website","publisher":{"@id":"https:\/\/www.mexicanguitarplayers.com\/#organization"},"potentialAction":[{"@type":"SearchAction","target":{"@type":"EntryPoint","urlTemplate":"https:\/\/www.mexicanguitarplayers.com\/?s={search_term_string}"},"query-input":{"@type":"PropertyValueSpecification","valueRequired":true,"valueName":"search_term_string"}}],"inLanguage":"en-US"},{"@type":"Organization","@id":"https:\/\/www.mexicanguitarplayers.com\/#organization","name":"Mexican Guitar Players","url":"https:\/\/www.mexicanguitarplayers.com\/","logo":{"@type":"ImageObject","inLanguage":"en-US","@id":"https:\/\/www.mexicanguitarplayers.com\/#\/schema\/logo\/image\/","url":"","contentUrl":"","caption":"Mexican Guitar Players"},"image":{"@id":"https:\/\/www.mexicanguitarplayers.com\/#\/schema\/logo\/image\/"}}]}},"brands":[{"id":257,"name":"ASHDOWN","slug":"ashdown"}],"_links":{"self":[{"href":"https:\/\/www.mexicanguitarplayers.com\/en\/wp-json\/wp\/v2\/product\/35173","targetHints":{"allow":["GET"]}}],"collection":[{"href":"https:\/\/www.mexicanguitarplayers.com\/en\/wp-json\/wp\/v2\/product"}],"about":[{"href":"https:\/\/www.mexicanguitarplayers.com\/en\/wp-json\/wp\/v2\/types\/product"}],"replies":[{"embeddable":true,"href":"https:\/\/www.mexicanguitarplayers.com\/en\/wp-json\/wp\/v2\/comments?post=35173"}],"wp:featuredmedia":[{"embeddable":true,"href":"https:\/\/www.mexicanguitarplayers.com\/en\/wp-json\/wp\/v2\/media\/35169"}],"wp:attachment":[{"href":"https:\/\/www.mexicanguitarplayers.com\/en\/wp-json\/wp\/v2\/media?parent=35173"}],"wp:term":[{"taxonomy":"pwb-brand","embeddable":true,"href":"https:\/\/www.mexicanguitarplayers.com\/en\/wp-json\/wp\/v2\/pwb-brand?post=35173"},{"taxonomy":"product_brand","embeddable":true,"href":"https:\/\/www.mexicanguitarplayers.com\/en\/wp-json\/wp\/v2\/product_brand?post=35173"},{"taxonomy":"product_cat","embeddable":true,"href":"https:\/\/www.mexicanguitarplayers.com\/en\/wp-json\/wp\/v2\/product_cat?post=35173"},{"taxonomy":"product_tag","embeddable":true,"href":"https:\/\/www.mexicanguitarplayers.com\/en\/wp-json\/wp\/v2\/product_tag?post=35173"}],"curies":[{"name":"wp","href":"https:\/\/api.w.org\/{rel}","templated":true}]}}