{"id":35241,"date":"2025-04-08T22:07:07","date_gmt":"2025-04-09T04:07:07","guid":{"rendered":"https:\/\/www.mexicanguitarplayers.com\/tienda\/sin categor\u00eda\/pedal-nux-nch-2-rivulet-chorus\/"},"modified":"2026-04-10T04:28:40","modified_gmt":"2026-04-10T10:28:40","slug":"pedal-nux-nch-2-rivulet-chorus","status":"publish","type":"product","link":"https:\/\/www.mexicanguitarplayers.com\/en\/tienda\/cuerdas\/efectos\/efectos-individuales\/pedal-nux-nch-2-rivulet-chorus\/","title":{"rendered":"PEDAL NUX NCH-2 RIVULET CHORUS"},"content":{"rendered":"<div style=\"text-align: justify\">\n<div>\n<h3>Un r\u00edo cristalino: Fluido y transparente.<\/h3>\n<\/div>\n<div>El chorus anal\u00f3gico de la vieja escuela siempre ha sido c\u00e1lido, pero ten\u00eda hambre de finalizaci\u00f3n din\u00e1mica. El DSP de tecnolog\u00eda moderna de NUX produce una combinaci\u00f3n perfecta de ambos mundos: anal\u00f3gico y digital. Para lograr todos los objetivos de Rivulet Chorus, nuestros ingenieros tuvieron que desarrollar un algoritmo que imita los principios de los chips BBD, el componente clave de los efectos Chorus an\u00e1logos. La baja frecuencia de Rivulet activada proporcion\u00f3 el tono tradicional del chorus anal\u00f3gico que los o\u00eddos exigentes han llegado a esperar de un verdadero pedal de chorus anal\u00f3gico. La capacidad de tono din\u00e1mico y eliminaci\u00f3n de ruido coloca a Rivulet en una categor\u00eda completamente separada de los pedales anal\u00f3gicos baratos. Los chips BBD de calidad en gran masa se han vuelto incre\u00edblemente raros, por lo que este m\u00e9todo no es pr\u00e1ctico para hacer un dispositivo de chorus anal\u00f3gico asequible. Usando la tecnolog\u00eda DSP, Nux puede ofrecer un mini pedal con una gran variedad de tonos de chorus contrastantes. Seleccionamos 3 elementos esenciales, cada uno con una vez que se puede actualizar, con actualizaciones de firmware gratuitas r\u00e1pidas y f\u00e1ciles de utilizar.<\/div>\n<div>\n<h4>Quick look<\/h4>\n<\/div>\n<ul style=\"margin: 0px 0px 0px 25px\">\n<li style=\"list-style-type: circle;margin: 5px\">Chorus moderno.<\/li>\n<li style=\"list-style-type: circle;margin: 5px\">Chorus 70&#8217;s.<\/li>\n<li style=\"list-style-type: circle;margin: 5px\">Chorus 80&#8217;s.<\/li>\n<li style=\"list-style-type: circle;margin: 5px\">Actualizaciones gratuitas de firmware.<\/li>\n<li style=\"list-style-type: circle;margin: 5px\">Input impedance.<\/li>\n<li style=\"list-style-type: circle;margin: 5px\">Output impedance.<\/li>\n<li style=\"list-style-type: circle;margin: 5px\">Energy.<\/li>\n<li style=\"list-style-type: circle;margin: 5px\">Dimensions.<\/li>\n<li style=\"list-style-type: circle;margin: 5px\">Weight.<\/li>\n<\/ul>\n<div>\n<div style=\"font-weight: bold\">Chorus moderno.<\/div>\n<div>\n<p>El pedal Rivulet viene cargado de f\u00e1brica con el tributo de Nux al cl\u00e1sico Modern Chorus, el conocido pedal amarillo con 5 botones. Hemos consolidado los controles eliminando las perillas de graves y agudos, ahora configuradas internamente en la posici\u00f3n media y hemos eliminado por completo la necesidad del filtro de graves, que ahora se corrige autom\u00e1ticamente a trav\u00e9s de los avances del modelado de sonido DSP.<\/p>\n<\/div>\n<div style=\"font-weight: bold\">Chorus 70&#8217;s.<\/div>\n<div>\n<p>El primer pedal de efecto de chorus lleg\u00f3 a la escena en 1976. Antes de eso, solo estaba disponible como efecto incorporado en un amplificador de jazz cl\u00e1sico. Rivulet replica exactamente la caracter\u00edstica de este pedal, esa calidez especial de una rica atm\u00f3sfera de jazz, un punto culminante inmediatamente reconocible para el tono de cualquier m\u00fasico.<\/p>\n<\/div>\n<div style=\"font-weight: bold\">Chorus 80&#8217;s.<\/div>\n<div>\n<p>El original cl\u00e1sico solo ven\u00eda con par\u00e1metros de control de velocidad y profundidad, s\u00f3lo 2 perillas peque\u00f1as, sin embargo, fue reconocido como uno de los mejores efectos choris de la d\u00e9cada de 1980. La configuraci\u00f3n de 3 perillas de Rivult proporciona el beneficio adicional de un ajuste de relaci\u00f3n de se\u00f1al dry\/wet.<\/p>\n<\/div>\n<div style=\"font-weight: bold\">Actualizaciones gratuitas de firmware.<\/div>\n<div>\n<p>True-Bypass o Bypass-buffered. Rendimiento del sistema: Super-Low Noise, 96kHz \/ 24bit, el convertidor AD\/DA, el DSP de 32 bits flotante, cero latencia, rango din\u00e1mico de m\u00e1s de 100 dB. Perillas luminosas. Chasis s\u00f3lido y ligero de aluminio fundido. Potencia regular de pedal de 9V con baja corriente de 75 mA.<\/p>\n<\/div>\n<div style=\"font-weight: bold\">Input impedance.<\/div>\n<div>\n<p>1 milli-ohm.<\/p>\n<\/div>\n<div style=\"font-weight: bold\">Output impedance.<\/div>\n<div>\n<p>1 kilo-ohm.<\/p>\n<\/div>\n<div style=\"font-weight: bold\">Energy.<\/div>\n<div>\n<p>Adaptador 9V DC est\u00e1ndar (centro negativo) &gt;100 mA (no incluido).<\/p>\n<\/div>\n<div style=\"font-weight: bold\">Dimensions.<\/div>\n<div>\n<p>94 x 51 x 53 mm.<\/p>\n<\/div>\n<div style=\"font-weight: bold\">Weight.<\/div>\n<div>\n<p>174 g.<\/p>\n<\/div>\n<\/div>\n<\/div>","protected":false},"excerpt":{"rendered":"<p>Pedal chorus anal\u00f3gico que cuenta con 3 tipos de chorus: moderno, 70&#8217;s y 80&#8217;s, actualizaciones gratuitas de firmware, True-Bypass o Bypass-buffered, DSP de 32 bits flotante, cero latencia, rango din\u00e1mico de m\u00e1s de 100 dB, perillas luminosas, chasis s\u00f3lido y ligero de aluminio fundido, dimensiones: 94 x 51 x 53 mm, peso: 174 g.&hellip; <a class=\"kt-excerpt-readmore more-link\" href=\"https:\/\/www.mexicanguitarplayers.com\/en\/tienda\/cuerdas\/efectos\/efectos-individuales\/pedal-nux-nch-2-rivulet-chorus\/\">Read more<\/a><\/p>","protected":false},"featured_media":35238,"comment_status":"open","ping_status":"closed","template":"","meta":{"kt_blocks_editor_width":""},"pwb-brand":[177],"product_brand":[],"product_cat":[224,241,504],"product_tag":[],"class_list":{"0":"post-35241","1":"product","2":"type-product","3":"status-publish","4":"has-post-thumbnail","6":"pwb-brand-nux","7":"product_cat-cuerdas","8":"product_cat-efectos","9":"product_cat-efectos-individuales","10":"product_shipping_class-0-5-kg","12":"first","13":"outofstock","14":"taxable","15":"shipping-taxable","16":"purchasable","17":"product-type-simple"},"yoast_head":"<!-- This site is optimized with the Yoast SEO plugin v27.5 - https:\/\/yoast.com\/product\/yoast-seo-wordpress\/ -->\n<title>PEDAL NUX NCH-2 RIVULET CHORUS - Mexican Guitar Players<\/title>\n<meta name=\"description\" content=\"Pedal chorus anal\u00f3gico que cuenta con 3 tipos de chorus: moderno, 70&#039;s y 80&#039;s, actualizaciones gratuitas de firmware, True-Bypass o Bypass-buffered, DSP de 32 bits flotante, cero latencia, rango din\u00e1mico de m\u00e1s de 100 dB, perillas luminosas, chasis s\u00f3lido y ligero de aluminio fundido, dimensiones: 94 x 51 x 53 mm, peso: 174 g.\" \/>\n<meta name=\"robots\" content=\"index, follow, max-snippet:-1, max-image-preview:large, max-video-preview:-1\" \/>\n<link rel=\"canonical\" href=\"https:\/\/www.mexicanguitarplayers.com\/en\/tienda\/sin%20categor\u00eda\/pedal-nux-nch-2-rivulet-chorus\/\" \/>\n<meta property=\"og:locale\" content=\"en_US\" \/>\n<meta property=\"og:type\" content=\"article\" \/>\n<meta property=\"og:title\" content=\"PEDAL NUX NCH-2 RIVULET CHORUS - Mexican Guitar Players\" \/>\n<meta property=\"og:description\" content=\"Pedal chorus anal\u00f3gico que cuenta con 3 tipos de chorus: moderno, 70&#039;s y 80&#039;s, actualizaciones gratuitas de firmware, True-Bypass o Bypass-buffered, DSP de 32 bits flotante, cero latencia, rango din\u00e1mico de m\u00e1s de 100 dB, perillas luminosas, chasis s\u00f3lido y ligero de aluminio fundido, dimensiones: 94 x 51 x 53 mm, peso: 174 g.\" \/>\n<meta property=\"og:url\" content=\"https:\/\/www.mexicanguitarplayers.com\/en\/tienda\/sin categor\u00eda\/pedal-nux-nch-2-rivulet-chorus\/\" \/>\n<meta property=\"og:site_name\" content=\"Mexican Guitar Players\" \/>\n<meta property=\"article:modified_time\" content=\"2026-04-10T10:28:40+00:00\" \/>\n<meta name=\"twitter:card\" content=\"summary_large_image\" \/>\n<meta name=\"twitter:label1\" content=\"Est. reading time\" \/>\n\t<meta name=\"twitter:data1\" content=\"3 minutes\" \/>\n<script type=\"application\/ld+json\" class=\"yoast-schema-graph\">{\"@context\":\"https:\\\/\\\/schema.org\",\"@graph\":[{\"@type\":[\"WebPage\",\"ItemPage\"],\"@id\":\"https:\\\/\\\/www.mexicanguitarplayers.com\\\/tienda\\\/sin categor\u00eda\\\/pedal-nux-nch-2-rivulet-chorus\\\/\",\"url\":\"https:\\\/\\\/www.mexicanguitarplayers.com\\\/tienda\\\/sin categor\u00eda\\\/pedal-nux-nch-2-rivulet-chorus\\\/\",\"name\":\"PEDAL NUX NCH-2 RIVULET CHORUS - Mexican Guitar Players\",\"isPartOf\":{\"@id\":\"https:\\\/\\\/www.mexicanguitarplayers.com\\\/#website\"},\"primaryImageOfPage\":{\"@id\":\"https:\\\/\\\/www.mexicanguitarplayers.com\\\/tienda\\\/sin categor\u00eda\\\/pedal-nux-nch-2-rivulet-chorus\\\/#primaryimage\"},\"image\":{\"@id\":\"https:\\\/\\\/www.mexicanguitarplayers.com\\\/tienda\\\/sin categor\u00eda\\\/pedal-nux-nch-2-rivulet-chorus\\\/#primaryimage\"},\"thumbnailUrl\":\"https:\\\/\\\/www.mexicanguitarplayers.com\\\/wp-content\\\/uploads\\\/2025\\\/04\\\/VANUXNCH2.jpg\",\"datePublished\":\"2025-04-09T04:07:07+00:00\",\"dateModified\":\"2026-04-10T10:28:40+00:00\",\"description\":\"Pedal chorus anal\u00f3gico que cuenta con 3 tipos de chorus: moderno, 70's y 80's, actualizaciones gratuitas de firmware, True-Bypass o Bypass-buffered, DSP de 32 bits flotante, cero latencia, rango din\u00e1mico de m\u00e1s de 100 dB, perillas luminosas, chasis s\u00f3lido y ligero de aluminio fundido, dimensiones: 94 x 51 x 53 mm, peso: 174 g.\",\"breadcrumb\":{\"@id\":\"https:\\\/\\\/www.mexicanguitarplayers.com\\\/tienda\\\/sin categor\u00eda\\\/pedal-nux-nch-2-rivulet-chorus\\\/#breadcrumb\"},\"inLanguage\":\"en-US\",\"potentialAction\":[{\"@type\":\"ReadAction\",\"target\":[\"https:\\\/\\\/www.mexicanguitarplayers.com\\\/tienda\\\/sin categor\u00eda\\\/pedal-nux-nch-2-rivulet-chorus\\\/\"]}]},{\"@type\":\"ImageObject\",\"inLanguage\":\"en-US\",\"@id\":\"https:\\\/\\\/www.mexicanguitarplayers.com\\\/tienda\\\/sin categor\u00eda\\\/pedal-nux-nch-2-rivulet-chorus\\\/#primaryimage\",\"url\":\"https:\\\/\\\/www.mexicanguitarplayers.com\\\/wp-content\\\/uploads\\\/2025\\\/04\\\/VANUXNCH2.jpg\",\"contentUrl\":\"https:\\\/\\\/www.mexicanguitarplayers.com\\\/wp-content\\\/uploads\\\/2025\\\/04\\\/VANUXNCH2.jpg\",\"width\":1200,\"height\":1200},{\"@type\":\"BreadcrumbList\",\"@id\":\"https:\\\/\\\/www.mexicanguitarplayers.com\\\/tienda\\\/sin categor\u00eda\\\/pedal-nux-nch-2-rivulet-chorus\\\/#breadcrumb\",\"itemListElement\":[{\"@type\":\"ListItem\",\"position\":1,\"name\":\"Portada\",\"item\":\"https:\\\/\\\/www.mexicanguitarplayers.com\\\/\"},{\"@type\":\"ListItem\",\"position\":2,\"name\":\"Tienda\",\"item\":\"https:\\\/\\\/www.mexicanguitarplayers.com\\\/tienda\\\/\"},{\"@type\":\"ListItem\",\"position\":3,\"name\":\"PEDAL NUX NCH-2 RIVULET CHORUS\"}]},{\"@type\":\"WebSite\",\"@id\":\"https:\\\/\\\/www.mexicanguitarplayers.com\\\/#website\",\"url\":\"https:\\\/\\\/www.mexicanguitarplayers.com\\\/\",\"name\":\"Mexican Guitar Players\",\"description\":\"Website\",\"publisher\":{\"@id\":\"https:\\\/\\\/www.mexicanguitarplayers.com\\\/#organization\"},\"potentialAction\":[{\"@type\":\"SearchAction\",\"target\":{\"@type\":\"EntryPoint\",\"urlTemplate\":\"https:\\\/\\\/www.mexicanguitarplayers.com\\\/?s={search_term_string}\"},\"query-input\":{\"@type\":\"PropertyValueSpecification\",\"valueRequired\":true,\"valueName\":\"search_term_string\"}}],\"inLanguage\":\"en-US\"},{\"@type\":\"Organization\",\"@id\":\"https:\\\/\\\/www.mexicanguitarplayers.com\\\/#organization\",\"name\":\"Mexican Guitar Players\",\"url\":\"https:\\\/\\\/www.mexicanguitarplayers.com\\\/\",\"logo\":{\"@type\":\"ImageObject\",\"inLanguage\":\"en-US\",\"@id\":\"https:\\\/\\\/www.mexicanguitarplayers.com\\\/#\\\/schema\\\/logo\\\/image\\\/\",\"url\":\"\",\"contentUrl\":\"\",\"caption\":\"Mexican Guitar Players\"},\"image\":{\"@id\":\"https:\\\/\\\/www.mexicanguitarplayers.com\\\/#\\\/schema\\\/logo\\\/image\\\/\"}}]}<\/script>\n<!-- \/ Yoast SEO plugin. -->","yoast_head_json":{"title":"PEDAL NUX NCH-2 RIVULET CHORUS - Mexican Guitar Players","description":"Pedal chorus anal\u00f3gico que cuenta con 3 tipos de chorus: moderno, 70's y 80's, actualizaciones gratuitas de firmware, True-Bypass o Bypass-buffered, DSP de 32 bits flotante, cero latencia, rango din\u00e1mico de m\u00e1s de 100 dB, perillas luminosas, chasis s\u00f3lido y ligero de aluminio fundido, dimensiones: 94 x 51 x 53 mm, peso: 174 g.","robots":{"index":"index","follow":"follow","max-snippet":"max-snippet:-1","max-image-preview":"max-image-preview:large","max-video-preview":"max-video-preview:-1"},"canonical":"https:\/\/www.mexicanguitarplayers.com\/en\/tienda\/sin categor\u00eda\/pedal-nux-nch-2-rivulet-chorus\/","og_locale":"en_US","og_type":"article","og_title":"PEDAL NUX NCH-2 RIVULET CHORUS - Mexican Guitar Players","og_description":"Pedal chorus anal\u00f3gico que cuenta con 3 tipos de chorus: moderno, 70's y 80's, actualizaciones gratuitas de firmware, True-Bypass o Bypass-buffered, DSP de 32 bits flotante, cero latencia, rango din\u00e1mico de m\u00e1s de 100 dB, perillas luminosas, chasis s\u00f3lido y ligero de aluminio fundido, dimensiones: 94 x 51 x 53 mm, peso: 174 g.","og_url":"https:\/\/www.mexicanguitarplayers.com\/en\/tienda\/sin categor\u00eda\/pedal-nux-nch-2-rivulet-chorus\/","og_site_name":"Mexican Guitar Players","article_modified_time":"2026-04-10T10:28:40+00:00","twitter_card":"summary_large_image","twitter_misc":{"Est. reading time":"3 minutes"},"schema":{"@context":"https:\/\/schema.org","@graph":[{"@type":["WebPage","ItemPage"],"@id":"https:\/\/www.mexicanguitarplayers.com\/tienda\/sin categor\u00eda\/pedal-nux-nch-2-rivulet-chorus\/","url":"https:\/\/www.mexicanguitarplayers.com\/tienda\/sin categor\u00eda\/pedal-nux-nch-2-rivulet-chorus\/","name":"PEDAL NUX NCH-2 RIVULET CHORUS - Mexican Guitar Players","isPartOf":{"@id":"https:\/\/www.mexicanguitarplayers.com\/#website"},"primaryImageOfPage":{"@id":"https:\/\/www.mexicanguitarplayers.com\/tienda\/sin categor\u00eda\/pedal-nux-nch-2-rivulet-chorus\/#primaryimage"},"image":{"@id":"https:\/\/www.mexicanguitarplayers.com\/tienda\/sin categor\u00eda\/pedal-nux-nch-2-rivulet-chorus\/#primaryimage"},"thumbnailUrl":"https:\/\/www.mexicanguitarplayers.com\/wp-content\/uploads\/2025\/04\/VANUXNCH2.jpg","datePublished":"2025-04-09T04:07:07+00:00","dateModified":"2026-04-10T10:28:40+00:00","description":"Pedal chorus anal\u00f3gico que cuenta con 3 tipos de chorus: moderno, 70's y 80's, actualizaciones gratuitas de firmware, True-Bypass o Bypass-buffered, DSP de 32 bits flotante, cero latencia, rango din\u00e1mico de m\u00e1s de 100 dB, perillas luminosas, chasis s\u00f3lido y ligero de aluminio fundido, dimensiones: 94 x 51 x 53 mm, peso: 174 g.","breadcrumb":{"@id":"https:\/\/www.mexicanguitarplayers.com\/tienda\/sin categor\u00eda\/pedal-nux-nch-2-rivulet-chorus\/#breadcrumb"},"inLanguage":"en-US","potentialAction":[{"@type":"ReadAction","target":["https:\/\/www.mexicanguitarplayers.com\/tienda\/sin categor\u00eda\/pedal-nux-nch-2-rivulet-chorus\/"]}]},{"@type":"ImageObject","inLanguage":"en-US","@id":"https:\/\/www.mexicanguitarplayers.com\/tienda\/sin categor\u00eda\/pedal-nux-nch-2-rivulet-chorus\/#primaryimage","url":"https:\/\/www.mexicanguitarplayers.com\/wp-content\/uploads\/2025\/04\/VANUXNCH2.jpg","contentUrl":"https:\/\/www.mexicanguitarplayers.com\/wp-content\/uploads\/2025\/04\/VANUXNCH2.jpg","width":1200,"height":1200},{"@type":"BreadcrumbList","@id":"https:\/\/www.mexicanguitarplayers.com\/tienda\/sin categor\u00eda\/pedal-nux-nch-2-rivulet-chorus\/#breadcrumb","itemListElement":[{"@type":"ListItem","position":1,"name":"Portada","item":"https:\/\/www.mexicanguitarplayers.com\/"},{"@type":"ListItem","position":2,"name":"Tienda","item":"https:\/\/www.mexicanguitarplayers.com\/tienda\/"},{"@type":"ListItem","position":3,"name":"PEDAL NUX NCH-2 RIVULET CHORUS"}]},{"@type":"WebSite","@id":"https:\/\/www.mexicanguitarplayers.com\/#website","url":"https:\/\/www.mexicanguitarplayers.com\/","name":"Mexican Guitar Players","description":"Website","publisher":{"@id":"https:\/\/www.mexicanguitarplayers.com\/#organization"},"potentialAction":[{"@type":"SearchAction","target":{"@type":"EntryPoint","urlTemplate":"https:\/\/www.mexicanguitarplayers.com\/?s={search_term_string}"},"query-input":{"@type":"PropertyValueSpecification","valueRequired":true,"valueName":"search_term_string"}}],"inLanguage":"en-US"},{"@type":"Organization","@id":"https:\/\/www.mexicanguitarplayers.com\/#organization","name":"Mexican Guitar Players","url":"https:\/\/www.mexicanguitarplayers.com\/","logo":{"@type":"ImageObject","inLanguage":"en-US","@id":"https:\/\/www.mexicanguitarplayers.com\/#\/schema\/logo\/image\/","url":"","contentUrl":"","caption":"Mexican Guitar Players"},"image":{"@id":"https:\/\/www.mexicanguitarplayers.com\/#\/schema\/logo\/image\/"}}]}},"brands":[{"id":177,"name":"NUX","slug":"nux"}],"_links":{"self":[{"href":"https:\/\/www.mexicanguitarplayers.com\/en\/wp-json\/wp\/v2\/product\/35241","targetHints":{"allow":["GET"]}}],"collection":[{"href":"https:\/\/www.mexicanguitarplayers.com\/en\/wp-json\/wp\/v2\/product"}],"about":[{"href":"https:\/\/www.mexicanguitarplayers.com\/en\/wp-json\/wp\/v2\/types\/product"}],"replies":[{"embeddable":true,"href":"https:\/\/www.mexicanguitarplayers.com\/en\/wp-json\/wp\/v2\/comments?post=35241"}],"wp:featuredmedia":[{"embeddable":true,"href":"https:\/\/www.mexicanguitarplayers.com\/en\/wp-json\/wp\/v2\/media\/35238"}],"wp:attachment":[{"href":"https:\/\/www.mexicanguitarplayers.com\/en\/wp-json\/wp\/v2\/media?parent=35241"}],"wp:term":[{"taxonomy":"pwb-brand","embeddable":true,"href":"https:\/\/www.mexicanguitarplayers.com\/en\/wp-json\/wp\/v2\/pwb-brand?post=35241"},{"taxonomy":"product_brand","embeddable":true,"href":"https:\/\/www.mexicanguitarplayers.com\/en\/wp-json\/wp\/v2\/product_brand?post=35241"},{"taxonomy":"product_cat","embeddable":true,"href":"https:\/\/www.mexicanguitarplayers.com\/en\/wp-json\/wp\/v2\/product_cat?post=35241"},{"taxonomy":"product_tag","embeddable":true,"href":"https:\/\/www.mexicanguitarplayers.com\/en\/wp-json\/wp\/v2\/product_tag?post=35241"}],"curies":[{"name":"wp","href":"https:\/\/api.w.org\/{rel}","templated":true}]}}