{"id":35247,"date":"2025-04-08T22:07:15","date_gmt":"2025-04-09T04:07:15","guid":{"rendered":"https:\/\/www.mexicanguitarplayers.com\/tienda\/sin categor\u00eda\/teclado-casio-portatil-ct-s200rd-c-el\/"},"modified":"2026-04-01T04:15:20","modified_gmt":"2026-04-01T10:15:20","slug":"teclado-casio-portatil-ct-s200rd-c-el","status":"publish","type":"product","link":"https:\/\/www.mexicanguitarplayers.com\/en\/tienda\/teclas\/teclados\/estandar\/teclado-casio-portatil-ct-s200rd-c-el\/","title":{"rendered":"TECLADO CASIO PORTATIL    CT-S200RD C\/EL"},"content":{"rendered":"<div style=\"text-align: justify\">\n<div>\n<h3>Dise\u00f1o port\u00e1til, delgado y elegante.<\/h3>\n<\/div>\n<div>Con el CT-S200, puedes disfrutar de la m\u00fasica en cualquier momento y lugar. Su tama\u00f1o compacto de 930 x 256 x 73 mm es un 30% m\u00e1s peque\u00f1o en volumen que los modelos CT-K2500 y CTK-2550, y su bater\u00eda alcalina cuenta con aproximadamente 16 horas de duraci\u00f3n. Llevarlo es muy sencillo, gracias a un mango en la parte superior del teclado y un peso de solo 3.3 kg. El dise\u00f1o incorpora bordes y esquinas redondeados, lo cual permite transportarlo con seguridad. El CT-S200 presenta una interfaz simple e intuitiva que ofrece un dise\u00f1o organizado con menos botones mediante una pantalla LCD de puntos completos y un selector. Tambi\u00e9n cuenta con un bot\u00f3n de inicio que permite a los usuarios volver a la pantalla original en cualquier momento, lo cual convierte a este producto en un teclado multifunci\u00f3n superior con una facilidad de uso mejorada. El uso de altavoces ovalados de 13 x 6 cm con imanes reforzados ofrece un sonido sorprendentemente genial para un instrumento tan compacto. Una funci\u00f3n adicional que optimiza el ecualizador en conjunto con el volumen proporciona un sonido equilibrado desde los tonos graves hasta los tonos altos, incluso a un volumen bajo. El CT-S200 incluye un modo que permite a los usuarios juntar frases de bater\u00eda, bajo y sintetizador para disfrutar f\u00e1cilmente de la m\u00fasica bailable, adem\u00e1s de 12 tipos de voces de m\u00fasica bailable que encajan muy bien con esta m\u00fasica. Solo presiona junto con el ritmo para agregar detalles a la reproducci\u00f3n com\u00fan y disfruta de la m\u00fasica bailable. Registra tus ajustes favoritos para recordar f\u00e1cilmente tonos y ritmos como los que aprendiste en la clase de m\u00fasica mientras practicas en casa. Las teclas est\u00e1n dise\u00f1adas en forma de caja, similar a las de un piano. El CT-S200 incluye un conector USB a host micro B que te permite disfrutar f\u00e1cilmente de la m\u00fasica, junto con tu dispositivo inteligente o computadora. Muestra 50 canciones de demostraci\u00f3n en la aplicaci\u00f3n o archivos MIDI descargados en el rollo de piano Chordana Play o en la pantalla de partitura musical para reproducir tus canciones favoritas en cualquier momento y lugar. Reproduce m\u00fasica sin leer una partitura musical presionando las teclas al ritmo con las barras a medida que bajan desde la parte superior de la pantalla. Registra tu puntuaci\u00f3n en la funci\u00f3n de puntaje de la aplicaci\u00f3n para que la pr\u00e1ctica sea algo divertido y observe c\u00f3mo mejora tu habilidad para tocar. Se necesita un cable USB y un adaptador (se venden por separado) para conectar un dispositivo inteligente al CT-S200. Vincula el teclado con la aplicaci\u00f3n Chordana Play descargada en tu dispositivo inteligente para aumentar la diversi\u00f3n. La funda blanda dedicada tiene el tama\u00f1o ideal para las series CT-S y LK-S250 y el dise\u00f1o plegable ofrece una mejor funcionalidad y m\u00e1s estilo. Desliza las correas de mochila y lleva tu teclado donde quiera que vayas. Tambi\u00e9n tiene espacio para atril y adaptador de CA.<\/div>\n<div>\n<h4>Quick look<\/h4>\n<\/div>\n<ul style=\"margin: 0px 0px 0px 25px\">\n<li style=\"list-style-type: circle;margin: 5px\">Teclado.<\/li>\n<li style=\"list-style-type: circle;margin: 5px\">Polifon\u00eda m\u00e1xima.<\/li>\n<li style=\"list-style-type: circle;margin: 5px\">Tonos.<\/li>\n<li style=\"list-style-type: circle;margin: 5px\">Efectos digitales.<\/li>\n<li style=\"list-style-type: circle;margin: 5px\">Metr\u00f3nomo.<\/li>\n<li style=\"list-style-type: circle;margin: 5px\">Banco de canciones.<\/li>\n<li style=\"list-style-type: circle;margin: 5px\">Acompa\u00f1amiento autom\u00e1tico.<\/li>\n<li style=\"list-style-type: circle;margin: 5px\">Modo de m\u00fasica de baile.<\/li>\n<li style=\"list-style-type: circle;margin: 5px\">Otras funciones.<\/li>\n<li style=\"list-style-type: circle;margin: 5px\">Funci\u00f3n de APLICACI\u00d3N.<\/li>\n<li style=\"list-style-type: circle;margin: 5px\">MIDI.<\/li>\n<li style=\"list-style-type: circle;margin: 5px\">Terminales de entrada y salida.<\/li>\n<li style=\"list-style-type: circle;margin: 5px\">Conector de alimentaci\u00f3n.<\/li>\n<li style=\"list-style-type: circle;margin: 5px\">Power supply.<\/li>\n<li style=\"list-style-type: circle;margin: 5px\">Bocinas.<\/li>\n<li style=\"list-style-type: circle;margin: 5px\">Power.<\/li>\n<li style=\"list-style-type: circle;margin: 5px\">Energy consumption.<\/li>\n<li style=\"list-style-type: circle;margin: 5px\">Dimensions.<\/li>\n<li style=\"list-style-type: circle;margin: 5px\">Weight.<\/li>\n<li style=\"list-style-type: circle;margin: 5px\">Accessories included.<\/li>\n<\/ul>\n<div>\n<div style=\"font-weight: bold\">Teclado.<\/div>\n<div>\n<p>61 teclas tama\u00f1o est\u00e1ndar.<\/p>\n<\/div>\n<div style=\"font-weight: bold\">Polifon\u00eda m\u00e1xima.<\/div>\n<div>\n<p>48 notas.<\/p>\n<\/div>\n<div style=\"font-weight: bold\">Tonos.<\/div>\n<div>\n<p>400 tonos integrados.<\/p>\n<\/div>\n<div style=\"font-weight: bold\">Efectos digitales.<\/div>\n<div>\n<p>Reverb: De 1 a 10, desactivado.<\/p>\n<\/div>\n<div style=\"font-weight: bold\">Metr\u00f3nomo.<\/div>\n<div>\n<p>Compases por medida: de 0 a 16. Intervalo de tempo: de 20 a 255.<\/p>\n<\/div>\n<div style=\"font-weight: bold\">Banco de canciones.<\/div>\n<div>\n<p>60 canciones integradas. Funci\u00f3n de desactivaci\u00f3n de parte: mano izquierda, mano derecha, ambas manos.<\/p>\n<\/div>\n<div style=\"font-weight: bold\">Acompa\u00f1amiento autom\u00e1tico.<\/div>\n<div>\n<p>77 ritmos integrados.<\/p>\n<\/div>\n<div style=\"font-weight: bold\">Modo de m\u00fasica de baile.<\/div>\n<div>\n<p>50 patrones incorporados. 12 voces de m\u00fasica bailable.<\/p>\n<\/div>\n<div style=\"font-weight: bold\">Otras funciones.<\/div>\n<div>\n<p>Transposici\u00f3n: \u00b11 octavas (de -12 a +12 semitonos). Ajuste de sonido: A4 = de 415,5 a 465,9 Hz (predeterminado inicial: 440 Hz). Preajuste con un bot\u00f3n: 77. Bot\u00f3n de tono sostenido. Pantalla LCD (contraste ajustable). Mi configuraci\u00f3n: 1.<\/p>\n<\/div>\n<div style=\"font-weight: bold\">Funci\u00f3n de APLICACI\u00d3N.<\/div>\n<div>\n<p>Chordana Play.<\/p>\n<\/div>\n<div style=\"font-weight: bold\">MIDI.<\/div>\n<div>\n<p>Recepci\u00f3n de timbres m\u00faltiples de 16, nivel 1 de GM est\u00e1ndar.<\/p>\n<\/div>\n<div style=\"font-weight: bold\">Terminales de entrada y salida.<\/div>\n<div>\n<p>Conector de aud\u00edfonos\/salida: Miniconector est\u00e9reo (3.5 mm). Conector de entrada de audio: Miniconector est\u00e9reo (3.5 mm) Puerto USB: micro B. Conector para pedal: Conector est\u00e1ndar (6.3 mm) (pedal sostenido, sostenuto, suave, inicio\/detenci\u00f3n).<\/p>\n<\/div>\n<div style=\"font-weight: bold\">Conector de alimentaci\u00f3n.<\/div>\n<div>\n<p>9.5V CC.<\/p>\n<\/div>\n<div style=\"font-weight: bold\">Power supply.<\/div>\n<div>\n<p>Funciona con un adaptador de Ca o 6 pilas alcalinas tama\u00f1o AA o pilas recargables de Ni-MH tama\u00f1o AA.<\/p>\n<\/div>\n<div style=\"font-weight: bold\">Bocinas.<\/div>\n<div>\n<p>2 bocinas de 13 x 6 cm (ovalado).<\/p>\n<\/div>\n<div style=\"font-weight: bold\">Power.<\/div>\n<div>\n<p>2W + 2W.<\/p>\n<\/div>\n<div style=\"font-weight: bold\">Energy consumption.<\/div>\n<div>\n<p>5.5 W.<\/p>\n<\/div>\n<div style=\"font-weight: bold\">Dimensions.<\/div>\n<div>\n<p>93 x 25.6 x 7.3 cm.<\/p>\n<\/div>\n<div style=\"font-weight: bold\">Weight.<\/div>\n<div>\n<p>3.3 kg.<\/p>\n<\/div>\n<div style=\"font-weight: bold\">Accessories included.<\/div>\n<div>\n<p>Adaptador de CA y soporte de partituras.<\/p>\n<\/div>\n<\/div>\n<\/div>","protected":false},"excerpt":{"rendered":"<p>Teclado est\u00e1ndar de 61 teclas, polifon\u00eda m\u00e1xima de 48 notas, 400 tonos integrados, reverb, metr\u00f3nomo, 60 canciones integradas, 77 ritmos integrados, 50 patrones y 12 voces de m\u00fasica de baile, transposici\u00f3n de teclas, pantalla LCD, funci\u00f3n de app Chordana Play, conector de aud\u00edfonos, Puerto USB micro B, conector est\u00e1ndar para pedal, funciona con adaptador de corriente o 6 pilas alcalinas tama\u00f1o AA o pilas recargables de Ni-MH tama\u00f1o AA, 2 bocinas de 13 x 6 cm, potencia de 2W + 2W, consumo de energ\u00eda: 5.5W, dimensiones: 93 x 25.6 x 7.3 mm, peso: 3.3 kg, incluye adaptador de corriente y soporte de partituras.&hellip; <a class=\"kt-excerpt-readmore more-link\" href=\"https:\/\/www.mexicanguitarplayers.com\/en\/tienda\/teclas\/teclados\/estandar\/teclado-casio-portatil-ct-s200rd-c-el\/\">Read more<\/a><\/p>","protected":false},"featured_media":35242,"comment_status":"open","ping_status":"closed","template":"","meta":{"kt_blocks_editor_width":""},"pwb-brand":[274],"product_brand":[],"product_cat":[381,380,376],"product_tag":[],"class_list":{"0":"post-35247","1":"product","2":"type-product","3":"status-publish","4":"has-post-thumbnail","6":"pwb-brand-casio","7":"product_cat-estandar","8":"product_cat-teclados","9":"product_cat-teclas","10":"product_shipping_class-0-5-kg","12":"first","13":"instock","14":"taxable","15":"shipping-taxable","16":"purchasable","17":"product-type-simple"},"yoast_head":"<!-- This site is optimized with the Yoast SEO plugin v27.3 - https:\/\/yoast.com\/product\/yoast-seo-wordpress\/ -->\n<title>TECLADO CASIO PORTATIL  CT-S200RD C\/EL - Mexican Guitar Players<\/title>\n<meta name=\"description\" content=\"Teclado est\u00e1ndar de 61 teclas, polifon\u00eda m\u00e1xima de 48 notas, 400 tonos integrados, reverb, metr\u00f3nomo, 60 canciones integradas, 77 ritmos integrados, 50 patrones y 12 voces de m\u00fasica de baile, transposici\u00f3n de teclas, pantalla LCD, funci\u00f3n de app Chordana Play, conector de aud\u00edfonos, Puerto USB micro B, conector est\u00e1ndar para pedal, funciona con adaptador de corriente o 6 pilas alcalinas tama\u00f1o AA o pilas recargables de Ni-MH tama\u00f1o AA, 2 bocinas de 13 x 6 cm, potencia de 2W + 2W, consumo de energ\u00eda: 5.5W, dimensiones: 93 x 25.6 x 7.3 mm, peso: 3.3 kg, incluye adaptador de corriente y soporte de partituras.\" \/>\n<meta name=\"robots\" content=\"index, follow, max-snippet:-1, max-image-preview:large, max-video-preview:-1\" \/>\n<link rel=\"canonical\" href=\"https:\/\/www.mexicanguitarplayers.com\/en\/tienda\/sin%20categor\u00eda\/teclado-casio-portatil-ct-s200rd-c-el\/\" \/>\n<meta property=\"og:locale\" content=\"en_US\" \/>\n<meta property=\"og:type\" content=\"article\" \/>\n<meta property=\"og:title\" content=\"TECLADO CASIO PORTATIL  CT-S200RD C\/EL - Mexican Guitar Players\" \/>\n<meta property=\"og:description\" content=\"Teclado est\u00e1ndar de 61 teclas, polifon\u00eda m\u00e1xima de 48 notas, 400 tonos integrados, reverb, metr\u00f3nomo, 60 canciones integradas, 77 ritmos integrados, 50 patrones y 12 voces de m\u00fasica de baile, transposici\u00f3n de teclas, pantalla LCD, funci\u00f3n de app Chordana Play, conector de aud\u00edfonos, Puerto USB micro B, conector est\u00e1ndar para pedal, funciona con adaptador de corriente o 6 pilas alcalinas tama\u00f1o AA o pilas recargables de Ni-MH tama\u00f1o AA, 2 bocinas de 13 x 6 cm, potencia de 2W + 2W, consumo de energ\u00eda: 5.5W, dimensiones: 93 x 25.6 x 7.3 mm, peso: 3.3 kg, incluye adaptador de corriente y soporte de partituras.\" \/>\n<meta property=\"og:url\" content=\"https:\/\/www.mexicanguitarplayers.com\/en\/tienda\/sin categor\u00eda\/teclado-casio-portatil-ct-s200rd-c-el\/\" \/>\n<meta property=\"og:site_name\" content=\"Mexican Guitar Players\" \/>\n<meta property=\"article:modified_time\" content=\"2026-04-01T10:15:20+00:00\" \/>\n<meta name=\"twitter:card\" content=\"summary_large_image\" \/>\n<meta name=\"twitter:label1\" content=\"Est. reading time\" \/>\n\t<meta name=\"twitter:data1\" content=\"4 minutes\" \/>\n<script type=\"application\/ld+json\" class=\"yoast-schema-graph\">{\"@context\":\"https:\\\/\\\/schema.org\",\"@graph\":[{\"@type\":[\"WebPage\",\"ItemPage\"],\"@id\":\"https:\\\/\\\/www.mexicanguitarplayers.com\\\/tienda\\\/sin categor\u00eda\\\/teclado-casio-portatil-ct-s200rd-c-el\\\/\",\"url\":\"https:\\\/\\\/www.mexicanguitarplayers.com\\\/tienda\\\/sin categor\u00eda\\\/teclado-casio-portatil-ct-s200rd-c-el\\\/\",\"name\":\"TECLADO CASIO PORTATIL CT-S200RD C\\\/EL - Mexican Guitar Players\",\"isPartOf\":{\"@id\":\"https:\\\/\\\/www.mexicanguitarplayers.com\\\/#website\"},\"primaryImageOfPage\":{\"@id\":\"https:\\\/\\\/www.mexicanguitarplayers.com\\\/tienda\\\/sin categor\u00eda\\\/teclado-casio-portatil-ct-s200rd-c-el\\\/#primaryimage\"},\"image\":{\"@id\":\"https:\\\/\\\/www.mexicanguitarplayers.com\\\/tienda\\\/sin categor\u00eda\\\/teclado-casio-portatil-ct-s200rd-c-el\\\/#primaryimage\"},\"thumbnailUrl\":\"https:\\\/\\\/www.mexicanguitarplayers.com\\\/wp-content\\\/uploads\\\/2025\\\/04\\\/ITCASCTS200RD.jpg\",\"datePublished\":\"2025-04-09T04:07:15+00:00\",\"dateModified\":\"2026-04-01T10:15:20+00:00\",\"description\":\"Teclado est\u00e1ndar de 61 teclas, polifon\u00eda m\u00e1xima de 48 notas, 400 tonos integrados, reverb, metr\u00f3nomo, 60 canciones integradas, 77 ritmos integrados, 50 patrones y 12 voces de m\u00fasica de baile, transposici\u00f3n de teclas, pantalla LCD, funci\u00f3n de app Chordana Play, conector de aud\u00edfonos, Puerto USB micro B, conector est\u00e1ndar para pedal, funciona con adaptador de corriente o 6 pilas alcalinas tama\u00f1o AA o pilas recargables de Ni-MH tama\u00f1o AA, 2 bocinas de 13 x 6 cm, potencia de 2W + 2W, consumo de energ\u00eda: 5.5W, dimensiones: 93 x 25.6 x 7.3 mm, peso: 3.3 kg, incluye adaptador de corriente y soporte de partituras.\",\"breadcrumb\":{\"@id\":\"https:\\\/\\\/www.mexicanguitarplayers.com\\\/tienda\\\/sin categor\u00eda\\\/teclado-casio-portatil-ct-s200rd-c-el\\\/#breadcrumb\"},\"inLanguage\":\"en-US\",\"potentialAction\":[{\"@type\":\"ReadAction\",\"target\":[\"https:\\\/\\\/www.mexicanguitarplayers.com\\\/tienda\\\/sin categor\u00eda\\\/teclado-casio-portatil-ct-s200rd-c-el\\\/\"]}]},{\"@type\":\"ImageObject\",\"inLanguage\":\"en-US\",\"@id\":\"https:\\\/\\\/www.mexicanguitarplayers.com\\\/tienda\\\/sin categor\u00eda\\\/teclado-casio-portatil-ct-s200rd-c-el\\\/#primaryimage\",\"url\":\"https:\\\/\\\/www.mexicanguitarplayers.com\\\/wp-content\\\/uploads\\\/2025\\\/04\\\/ITCASCTS200RD.jpg\",\"contentUrl\":\"https:\\\/\\\/www.mexicanguitarplayers.com\\\/wp-content\\\/uploads\\\/2025\\\/04\\\/ITCASCTS200RD.jpg\",\"width\":1600,\"height\":800},{\"@type\":\"BreadcrumbList\",\"@id\":\"https:\\\/\\\/www.mexicanguitarplayers.com\\\/tienda\\\/sin categor\u00eda\\\/teclado-casio-portatil-ct-s200rd-c-el\\\/#breadcrumb\",\"itemListElement\":[{\"@type\":\"ListItem\",\"position\":1,\"name\":\"Portada\",\"item\":\"https:\\\/\\\/www.mexicanguitarplayers.com\\\/\"},{\"@type\":\"ListItem\",\"position\":2,\"name\":\"Tienda\",\"item\":\"https:\\\/\\\/www.mexicanguitarplayers.com\\\/tienda\\\/\"},{\"@type\":\"ListItem\",\"position\":3,\"name\":\"TECLADO CASIO PORTATIL CT-S200RD C\\\/EL\"}]},{\"@type\":\"WebSite\",\"@id\":\"https:\\\/\\\/www.mexicanguitarplayers.com\\\/#website\",\"url\":\"https:\\\/\\\/www.mexicanguitarplayers.com\\\/\",\"name\":\"Mexican Guitar Players\",\"description\":\"Website\",\"publisher\":{\"@id\":\"https:\\\/\\\/www.mexicanguitarplayers.com\\\/#organization\"},\"potentialAction\":[{\"@type\":\"SearchAction\",\"target\":{\"@type\":\"EntryPoint\",\"urlTemplate\":\"https:\\\/\\\/www.mexicanguitarplayers.com\\\/?s={search_term_string}\"},\"query-input\":{\"@type\":\"PropertyValueSpecification\",\"valueRequired\":true,\"valueName\":\"search_term_string\"}}],\"inLanguage\":\"en-US\"},{\"@type\":\"Organization\",\"@id\":\"https:\\\/\\\/www.mexicanguitarplayers.com\\\/#organization\",\"name\":\"Mexican Guitar Players\",\"url\":\"https:\\\/\\\/www.mexicanguitarplayers.com\\\/\",\"logo\":{\"@type\":\"ImageObject\",\"inLanguage\":\"en-US\",\"@id\":\"https:\\\/\\\/www.mexicanguitarplayers.com\\\/#\\\/schema\\\/logo\\\/image\\\/\",\"url\":\"\",\"contentUrl\":\"\",\"caption\":\"Mexican Guitar Players\"},\"image\":{\"@id\":\"https:\\\/\\\/www.mexicanguitarplayers.com\\\/#\\\/schema\\\/logo\\\/image\\\/\"}}]}<\/script>\n<!-- \/ Yoast SEO plugin. -->","yoast_head_json":{"title":"TECLADO CASIO PORTATIL  CT-S200RD C\/EL - Mexican Guitar Players","description":"Teclado est\u00e1ndar de 61 teclas, polifon\u00eda m\u00e1xima de 48 notas, 400 tonos integrados, reverb, metr\u00f3nomo, 60 canciones integradas, 77 ritmos integrados, 50 patrones y 12 voces de m\u00fasica de baile, transposici\u00f3n de teclas, pantalla LCD, funci\u00f3n de app Chordana Play, conector de aud\u00edfonos, Puerto USB micro B, conector est\u00e1ndar para pedal, funciona con adaptador de corriente o 6 pilas alcalinas tama\u00f1o AA o pilas recargables de Ni-MH tama\u00f1o AA, 2 bocinas de 13 x 6 cm, potencia de 2W + 2W, consumo de energ\u00eda: 5.5W, dimensiones: 93 x 25.6 x 7.3 mm, peso: 3.3 kg, incluye adaptador de corriente y soporte de partituras.","robots":{"index":"index","follow":"follow","max-snippet":"max-snippet:-1","max-image-preview":"max-image-preview:large","max-video-preview":"max-video-preview:-1"},"canonical":"https:\/\/www.mexicanguitarplayers.com\/en\/tienda\/sin categor\u00eda\/teclado-casio-portatil-ct-s200rd-c-el\/","og_locale":"en_US","og_type":"article","og_title":"TECLADO CASIO PORTATIL  CT-S200RD C\/EL - Mexican Guitar Players","og_description":"Teclado est\u00e1ndar de 61 teclas, polifon\u00eda m\u00e1xima de 48 notas, 400 tonos integrados, reverb, metr\u00f3nomo, 60 canciones integradas, 77 ritmos integrados, 50 patrones y 12 voces de m\u00fasica de baile, transposici\u00f3n de teclas, pantalla LCD, funci\u00f3n de app Chordana Play, conector de aud\u00edfonos, Puerto USB micro B, conector est\u00e1ndar para pedal, funciona con adaptador de corriente o 6 pilas alcalinas tama\u00f1o AA o pilas recargables de Ni-MH tama\u00f1o AA, 2 bocinas de 13 x 6 cm, potencia de 2W + 2W, consumo de energ\u00eda: 5.5W, dimensiones: 93 x 25.6 x 7.3 mm, peso: 3.3 kg, incluye adaptador de corriente y soporte de partituras.","og_url":"https:\/\/www.mexicanguitarplayers.com\/en\/tienda\/sin categor\u00eda\/teclado-casio-portatil-ct-s200rd-c-el\/","og_site_name":"Mexican Guitar Players","article_modified_time":"2026-04-01T10:15:20+00:00","twitter_card":"summary_large_image","twitter_misc":{"Est. reading time":"4 minutes"},"schema":{"@context":"https:\/\/schema.org","@graph":[{"@type":["WebPage","ItemPage"],"@id":"https:\/\/www.mexicanguitarplayers.com\/tienda\/sin categor\u00eda\/teclado-casio-portatil-ct-s200rd-c-el\/","url":"https:\/\/www.mexicanguitarplayers.com\/tienda\/sin categor\u00eda\/teclado-casio-portatil-ct-s200rd-c-el\/","name":"TECLADO CASIO PORTATIL CT-S200RD C\/EL - Mexican Guitar Players","isPartOf":{"@id":"https:\/\/www.mexicanguitarplayers.com\/#website"},"primaryImageOfPage":{"@id":"https:\/\/www.mexicanguitarplayers.com\/tienda\/sin categor\u00eda\/teclado-casio-portatil-ct-s200rd-c-el\/#primaryimage"},"image":{"@id":"https:\/\/www.mexicanguitarplayers.com\/tienda\/sin categor\u00eda\/teclado-casio-portatil-ct-s200rd-c-el\/#primaryimage"},"thumbnailUrl":"https:\/\/www.mexicanguitarplayers.com\/wp-content\/uploads\/2025\/04\/ITCASCTS200RD.jpg","datePublished":"2025-04-09T04:07:15+00:00","dateModified":"2026-04-01T10:15:20+00:00","description":"Teclado est\u00e1ndar de 61 teclas, polifon\u00eda m\u00e1xima de 48 notas, 400 tonos integrados, reverb, metr\u00f3nomo, 60 canciones integradas, 77 ritmos integrados, 50 patrones y 12 voces de m\u00fasica de baile, transposici\u00f3n de teclas, pantalla LCD, funci\u00f3n de app Chordana Play, conector de aud\u00edfonos, Puerto USB micro B, conector est\u00e1ndar para pedal, funciona con adaptador de corriente o 6 pilas alcalinas tama\u00f1o AA o pilas recargables de Ni-MH tama\u00f1o AA, 2 bocinas de 13 x 6 cm, potencia de 2W + 2W, consumo de energ\u00eda: 5.5W, dimensiones: 93 x 25.6 x 7.3 mm, peso: 3.3 kg, incluye adaptador de corriente y soporte de partituras.","breadcrumb":{"@id":"https:\/\/www.mexicanguitarplayers.com\/tienda\/sin categor\u00eda\/teclado-casio-portatil-ct-s200rd-c-el\/#breadcrumb"},"inLanguage":"en-US","potentialAction":[{"@type":"ReadAction","target":["https:\/\/www.mexicanguitarplayers.com\/tienda\/sin categor\u00eda\/teclado-casio-portatil-ct-s200rd-c-el\/"]}]},{"@type":"ImageObject","inLanguage":"en-US","@id":"https:\/\/www.mexicanguitarplayers.com\/tienda\/sin categor\u00eda\/teclado-casio-portatil-ct-s200rd-c-el\/#primaryimage","url":"https:\/\/www.mexicanguitarplayers.com\/wp-content\/uploads\/2025\/04\/ITCASCTS200RD.jpg","contentUrl":"https:\/\/www.mexicanguitarplayers.com\/wp-content\/uploads\/2025\/04\/ITCASCTS200RD.jpg","width":1600,"height":800},{"@type":"BreadcrumbList","@id":"https:\/\/www.mexicanguitarplayers.com\/tienda\/sin categor\u00eda\/teclado-casio-portatil-ct-s200rd-c-el\/#breadcrumb","itemListElement":[{"@type":"ListItem","position":1,"name":"Portada","item":"https:\/\/www.mexicanguitarplayers.com\/"},{"@type":"ListItem","position":2,"name":"Tienda","item":"https:\/\/www.mexicanguitarplayers.com\/tienda\/"},{"@type":"ListItem","position":3,"name":"TECLADO CASIO PORTATIL CT-S200RD C\/EL"}]},{"@type":"WebSite","@id":"https:\/\/www.mexicanguitarplayers.com\/#website","url":"https:\/\/www.mexicanguitarplayers.com\/","name":"Mexican Guitar Players","description":"Website","publisher":{"@id":"https:\/\/www.mexicanguitarplayers.com\/#organization"},"potentialAction":[{"@type":"SearchAction","target":{"@type":"EntryPoint","urlTemplate":"https:\/\/www.mexicanguitarplayers.com\/?s={search_term_string}"},"query-input":{"@type":"PropertyValueSpecification","valueRequired":true,"valueName":"search_term_string"}}],"inLanguage":"en-US"},{"@type":"Organization","@id":"https:\/\/www.mexicanguitarplayers.com\/#organization","name":"Mexican Guitar Players","url":"https:\/\/www.mexicanguitarplayers.com\/","logo":{"@type":"ImageObject","inLanguage":"en-US","@id":"https:\/\/www.mexicanguitarplayers.com\/#\/schema\/logo\/image\/","url":"","contentUrl":"","caption":"Mexican Guitar Players"},"image":{"@id":"https:\/\/www.mexicanguitarplayers.com\/#\/schema\/logo\/image\/"}}]}},"brands":[{"id":274,"name":"CASIO","slug":"casio"}],"_links":{"self":[{"href":"https:\/\/www.mexicanguitarplayers.com\/en\/wp-json\/wp\/v2\/product\/35247","targetHints":{"allow":["GET"]}}],"collection":[{"href":"https:\/\/www.mexicanguitarplayers.com\/en\/wp-json\/wp\/v2\/product"}],"about":[{"href":"https:\/\/www.mexicanguitarplayers.com\/en\/wp-json\/wp\/v2\/types\/product"}],"replies":[{"embeddable":true,"href":"https:\/\/www.mexicanguitarplayers.com\/en\/wp-json\/wp\/v2\/comments?post=35247"}],"wp:featuredmedia":[{"embeddable":true,"href":"https:\/\/www.mexicanguitarplayers.com\/en\/wp-json\/wp\/v2\/media\/35242"}],"wp:attachment":[{"href":"https:\/\/www.mexicanguitarplayers.com\/en\/wp-json\/wp\/v2\/media?parent=35247"}],"wp:term":[{"taxonomy":"pwb-brand","embeddable":true,"href":"https:\/\/www.mexicanguitarplayers.com\/en\/wp-json\/wp\/v2\/pwb-brand?post=35247"},{"taxonomy":"product_brand","embeddable":true,"href":"https:\/\/www.mexicanguitarplayers.com\/en\/wp-json\/wp\/v2\/product_brand?post=35247"},{"taxonomy":"product_cat","embeddable":true,"href":"https:\/\/www.mexicanguitarplayers.com\/en\/wp-json\/wp\/v2\/product_cat?post=35247"},{"taxonomy":"product_tag","embeddable":true,"href":"https:\/\/www.mexicanguitarplayers.com\/en\/wp-json\/wp\/v2\/product_tag?post=35247"}],"curies":[{"name":"wp","href":"https:\/\/api.w.org\/{rel}","templated":true}]}}