{"id":35266,"date":"2025-04-08T22:07:41","date_gmt":"2025-04-09T04:07:41","guid":{"rendered":"https:\/\/www.mexicanguitarplayers.com\/tienda\/sin categor\u00eda\/microfono-behringer-mod-bc110\/"},"modified":"2026-05-01T07:21:23","modified_gmt":"2026-05-01T13:21:23","slug":"microfono-behringer-mod-bc110","status":"publish","type":"product","link":"https:\/\/www.mexicanguitarplayers.com\/en\/tienda\/audio\/microfonia\/microfonos-alambricos\/de-mano\/microfono-behringer-mod-bc110\/","title":{"rendered":"MICROFONO BEHRINGER MOD. BC110"},"content":{"rendered":"<div style=\"text-align: justify\">\n<div>\n<h3>Micr\u00f3fono de mano altamente compatible.<\/h3>\n<\/div>\n<div>El micr\u00f3fono din\u00e1mico BC110 est\u00e1 dise\u00f1ado para capturar tu voz con una sensibilidad excepcional y una gran respuesta de frecuencia (80 H&lt; &#8211; 16 kHz) con un patr\u00f3n de captaci\u00f3n cardioide para una excelente separaci\u00f3n de la fuente de sonido y rechazo de retroalimentaci\u00f3n. Una excelente opci\u00f3n para fiestas, canto, anuncios p\u00fablicos y m\u00e1s, nuestro micr\u00f3fono BC110 brinda un rendimiento incre\u00edble de alta calidad a un precio al alcance de todos los presupuestos. BC110 es lo suficientemente flexible para llegar m\u00e1s lejos con un cable extra largo de 3 metros. Las opciones de interfaz dual de 3.5 mm (1\/8&quot;) y los conectores de 6.3 mm (1\/4&quot;) brindan mayor flexibilidad para usar con una variedad de interfaces de audio, sistemas de karaoke, preamplificadores, mezcladoras y otros dispositivos port\u00e1tiles. El sencillo switch de mute incorporado en el micr\u00f3fono es s muy \u00fatil para aplicaciones en vivo. BC110 es un micr\u00f3fono din\u00e1mico, por lo que no requiere ninguna fuente de alimentaci\u00f3n externa para su funcionamiento, lo que lo hace ideal para aplicaciones de voz en vivo y grabaci\u00f3n de instrumentos amplificados. Es robusto, resistente a la humedad y puede lograr una alta ganancia antes de la retroalimentaci\u00f3n. Este micr\u00f3fono duradero y ultraligero viene con un filtro de viento esf\u00e9rico integrado y filtro anti pop.<\/div>\n<div>\n<h4>Quick look<\/h4>\n<\/div>\n<ul style=\"margin: 0px 0px 0px 25px\">\n<li style=\"list-style-type: circle;margin: 5px\">Kind.<\/li>\n<li style=\"list-style-type: circle;margin: 5px\">Frequency response.<\/li>\n<li style=\"list-style-type: circle;margin: 5px\">Impedance.<\/li>\n<li style=\"list-style-type: circle;margin: 5px\">Connector<\/li>\n<li style=\"list-style-type: circle;margin: 5px\">Directividad.<\/li>\n<li style=\"list-style-type: circle;margin: 5px\">Sensitivity.<\/li>\n<li style=\"list-style-type: circle;margin: 5px\">Weight.<\/li>\n<\/ul>\n<div>\n<div style=\"font-weight: bold\">Kind.<\/div>\n<div>\n<p>Din\u00e1mico.<\/p>\n<\/div>\n<div style=\"font-weight: bold\">Frequency response.<\/div>\n<div>\n<p>80 Hz a 16 kHz.<\/p>\n<\/div>\n<div style=\"font-weight: bold\">Impedance.<\/div>\n<div>\n<p>600 ohms \u00b1 20% a 1,000 Hz.<\/p>\n<\/div>\n<div style=\"font-weight: bold\">Connector<\/div>\n<div>\n<p>3.5 mm TS, adaptador para 6.3 mm.<\/p>\n<\/div>\n<div style=\"font-weight: bold\">Directividad.<\/div>\n<div>\n<p>Unidireccional.<\/p>\n<\/div>\n<div style=\"font-weight: bold\">Sensitivity.<\/div>\n<div>\n<p>-53 dB, \u00b1 3 dB @ 1,000 Hz (1V\/Pa) at 1 kHz.<\/p>\n<\/div>\n<div style=\"font-weight: bold\">Weight.<\/div>\n<div>\n<p>156 g \u00b1 10 g (con accesorios).<\/p>\n<\/div>\n<\/div>\n<\/div>","protected":false},"excerpt":{"rendered":"<p>Juego de micr\u00f3fono vocal din\u00e1mico todo en uno, cable adjunto y conector TS de 6.3 mm (1\/4\u201d), ideal para fiestas, canto, anuncios p\u00fablicos y m\u00e1s, respuesta de frecuencia ultra amplia para un sonido brillante y transparente, salida de se\u00f1al extremadamente alta que permite que la voz se corte, patr\u00f3n de captaci\u00f3n cardioide que minimiza el ruido de fondo y la retroalimentaci\u00f3n, el circuito de eliminaci\u00f3n de ruido incorporado elimina la distorsi\u00f3n de baja frecuencia, pr\u00e1ctico switch On\/Off para silenciar durante los descansos, filtro de viento esf\u00e9rico integrado y filtro de ruido pop, cable extra largo de 3 metros para una mayor movilidad, construcci\u00f3n ligera y duradera.&hellip; <a class=\"kt-excerpt-readmore more-link\" href=\"https:\/\/www.mexicanguitarplayers.com\/en\/tienda\/audio\/microfonia\/microfonos-alambricos\/de-mano\/microfono-behringer-mod-bc110\/\">Read more<\/a><\/p>","protected":false},"featured_media":35261,"comment_status":"open","ping_status":"closed","template":"","meta":{"kt_blocks_editor_width":""},"pwb-brand":[171],"product_brand":[],"product_cat":[213,218,214,215],"product_tag":[],"class_list":{"0":"post-35266","1":"product","2":"type-product","3":"status-publish","4":"has-post-thumbnail","6":"pwb-brand-behringer","7":"product_cat-audio","8":"product_cat-de-mano","9":"product_cat-microfonia","10":"product_cat-microfonos-alambricos","11":"product_shipping_class-0-5-kg","13":"first","14":"instock","15":"taxable","16":"shipping-taxable","17":"purchasable","18":"product-type-simple"},"yoast_head":"<!-- This site is optimized with the Yoast SEO plugin v27.5 - https:\/\/yoast.com\/product\/yoast-seo-wordpress\/ -->\n<title>MICROFONO BEHRINGER MOD. BC110 - Mexican Guitar Players<\/title>\n<meta name=\"description\" content=\"Juego de micr\u00f3fono vocal din\u00e1mico todo en uno, cable adjunto y conector TS de 6.3 mm (1\/4\u201d), ideal para fiestas, canto, anuncios p\u00fablicos y m\u00e1s, respuesta de frecuencia ultra amplia para un sonido brillante y transparente, salida de se\u00f1al extremadamente alta que permite que la voz se corte, patr\u00f3n de captaci\u00f3n cardioide que minimiza el ruido de fondo y la retroalimentaci\u00f3n, el circuito de eliminaci\u00f3n de ruido incorporado elimina la distorsi\u00f3n de baja frecuencia, pr\u00e1ctico switch On\/Off para silenciar durante los descansos, filtro de viento esf\u00e9rico integrado y filtro de ruido pop, cable extra largo de 3 metros para una mayor movilidad, construcci\u00f3n ligera y duradera.\" \/>\n<meta name=\"robots\" content=\"index, follow, max-snippet:-1, max-image-preview:large, max-video-preview:-1\" \/>\n<link rel=\"canonical\" href=\"https:\/\/www.mexicanguitarplayers.com\/en\/tienda\/sin%20categor\u00eda\/microfono-behringer-mod-bc110\/\" \/>\n<meta property=\"og:locale\" content=\"en_US\" \/>\n<meta property=\"og:type\" content=\"article\" \/>\n<meta property=\"og:title\" content=\"MICROFONO BEHRINGER MOD. BC110 - Mexican Guitar Players\" \/>\n<meta property=\"og:description\" content=\"Juego de micr\u00f3fono vocal din\u00e1mico todo en uno, cable adjunto y conector TS de 6.3 mm (1\/4\u201d), ideal para fiestas, canto, anuncios p\u00fablicos y m\u00e1s, respuesta de frecuencia ultra amplia para un sonido brillante y transparente, salida de se\u00f1al extremadamente alta que permite que la voz se corte, patr\u00f3n de captaci\u00f3n cardioide que minimiza el ruido de fondo y la retroalimentaci\u00f3n, el circuito de eliminaci\u00f3n de ruido incorporado elimina la distorsi\u00f3n de baja frecuencia, pr\u00e1ctico switch On\/Off para silenciar durante los descansos, filtro de viento esf\u00e9rico integrado y filtro de ruido pop, cable extra largo de 3 metros para una mayor movilidad, construcci\u00f3n ligera y duradera.\" \/>\n<meta property=\"og:url\" content=\"https:\/\/www.mexicanguitarplayers.com\/en\/tienda\/sin categor\u00eda\/microfono-behringer-mod-bc110\/\" \/>\n<meta property=\"og:site_name\" content=\"Mexican Guitar Players\" \/>\n<meta property=\"article:modified_time\" content=\"2026-05-01T13:21:23+00:00\" \/>\n<meta name=\"twitter:card\" content=\"summary_large_image\" \/>\n<meta name=\"twitter:label1\" content=\"Est. reading time\" \/>\n\t<meta name=\"twitter:data1\" content=\"1 minute\" \/>\n<script type=\"application\/ld+json\" class=\"yoast-schema-graph\">{\"@context\":\"https:\\\/\\\/schema.org\",\"@graph\":[{\"@type\":[\"WebPage\",\"ItemPage\"],\"@id\":\"https:\\\/\\\/www.mexicanguitarplayers.com\\\/tienda\\\/sin categor\u00eda\\\/microfono-behringer-mod-bc110\\\/\",\"url\":\"https:\\\/\\\/www.mexicanguitarplayers.com\\\/tienda\\\/sin categor\u00eda\\\/microfono-behringer-mod-bc110\\\/\",\"name\":\"MICROFONO BEHRINGER MOD. BC110 - Mexican Guitar Players\",\"isPartOf\":{\"@id\":\"https:\\\/\\\/www.mexicanguitarplayers.com\\\/#website\"},\"primaryImageOfPage\":{\"@id\":\"https:\\\/\\\/www.mexicanguitarplayers.com\\\/tienda\\\/sin categor\u00eda\\\/microfono-behringer-mod-bc110\\\/#primaryimage\"},\"image\":{\"@id\":\"https:\\\/\\\/www.mexicanguitarplayers.com\\\/tienda\\\/sin categor\u00eda\\\/microfono-behringer-mod-bc110\\\/#primaryimage\"},\"thumbnailUrl\":\"https:\\\/\\\/www.mexicanguitarplayers.com\\\/wp-content\\\/uploads\\\/2025\\\/04\\\/IABEHBC110.jpg\",\"datePublished\":\"2025-04-09T04:07:41+00:00\",\"dateModified\":\"2026-05-01T13:21:23+00:00\",\"description\":\"Juego de micr\u00f3fono vocal din\u00e1mico todo en uno, cable adjunto y conector TS de 6.3 mm (1\\\/4\u201d), ideal para fiestas, canto, anuncios p\u00fablicos y m\u00e1s, respuesta de frecuencia ultra amplia para un sonido brillante y transparente, salida de se\u00f1al extremadamente alta que permite que la voz se corte, patr\u00f3n de captaci\u00f3n cardioide que minimiza el ruido de fondo y la retroalimentaci\u00f3n, el circuito de eliminaci\u00f3n de ruido incorporado elimina la distorsi\u00f3n de baja frecuencia, pr\u00e1ctico switch On\\\/Off para silenciar durante los descansos, filtro de viento esf\u00e9rico integrado y filtro de ruido pop, cable extra largo de 3 metros para una mayor movilidad, construcci\u00f3n ligera y duradera.\",\"breadcrumb\":{\"@id\":\"https:\\\/\\\/www.mexicanguitarplayers.com\\\/tienda\\\/sin categor\u00eda\\\/microfono-behringer-mod-bc110\\\/#breadcrumb\"},\"inLanguage\":\"en-US\",\"potentialAction\":[{\"@type\":\"ReadAction\",\"target\":[\"https:\\\/\\\/www.mexicanguitarplayers.com\\\/tienda\\\/sin categor\u00eda\\\/microfono-behringer-mod-bc110\\\/\"]}]},{\"@type\":\"ImageObject\",\"inLanguage\":\"en-US\",\"@id\":\"https:\\\/\\\/www.mexicanguitarplayers.com\\\/tienda\\\/sin categor\u00eda\\\/microfono-behringer-mod-bc110\\\/#primaryimage\",\"url\":\"https:\\\/\\\/www.mexicanguitarplayers.com\\\/wp-content\\\/uploads\\\/2025\\\/04\\\/IABEHBC110.jpg\",\"contentUrl\":\"https:\\\/\\\/www.mexicanguitarplayers.com\\\/wp-content\\\/uploads\\\/2025\\\/04\\\/IABEHBC110.jpg\",\"width\":800,\"height\":1600},{\"@type\":\"BreadcrumbList\",\"@id\":\"https:\\\/\\\/www.mexicanguitarplayers.com\\\/tienda\\\/sin categor\u00eda\\\/microfono-behringer-mod-bc110\\\/#breadcrumb\",\"itemListElement\":[{\"@type\":\"ListItem\",\"position\":1,\"name\":\"Portada\",\"item\":\"https:\\\/\\\/www.mexicanguitarplayers.com\\\/\"},{\"@type\":\"ListItem\",\"position\":2,\"name\":\"Tienda\",\"item\":\"https:\\\/\\\/www.mexicanguitarplayers.com\\\/tienda\\\/\"},{\"@type\":\"ListItem\",\"position\":3,\"name\":\"MICROFONO BEHRINGER MOD. BC110\"}]},{\"@type\":\"WebSite\",\"@id\":\"https:\\\/\\\/www.mexicanguitarplayers.com\\\/#website\",\"url\":\"https:\\\/\\\/www.mexicanguitarplayers.com\\\/\",\"name\":\"Mexican Guitar Players\",\"description\":\"Website\",\"publisher\":{\"@id\":\"https:\\\/\\\/www.mexicanguitarplayers.com\\\/#organization\"},\"potentialAction\":[{\"@type\":\"SearchAction\",\"target\":{\"@type\":\"EntryPoint\",\"urlTemplate\":\"https:\\\/\\\/www.mexicanguitarplayers.com\\\/?s={search_term_string}\"},\"query-input\":{\"@type\":\"PropertyValueSpecification\",\"valueRequired\":true,\"valueName\":\"search_term_string\"}}],\"inLanguage\":\"en-US\"},{\"@type\":\"Organization\",\"@id\":\"https:\\\/\\\/www.mexicanguitarplayers.com\\\/#organization\",\"name\":\"Mexican Guitar Players\",\"url\":\"https:\\\/\\\/www.mexicanguitarplayers.com\\\/\",\"logo\":{\"@type\":\"ImageObject\",\"inLanguage\":\"en-US\",\"@id\":\"https:\\\/\\\/www.mexicanguitarplayers.com\\\/#\\\/schema\\\/logo\\\/image\\\/\",\"url\":\"\",\"contentUrl\":\"\",\"caption\":\"Mexican Guitar Players\"},\"image\":{\"@id\":\"https:\\\/\\\/www.mexicanguitarplayers.com\\\/#\\\/schema\\\/logo\\\/image\\\/\"}}]}<\/script>\n<!-- \/ Yoast SEO plugin. -->","yoast_head_json":{"title":"MICROFONO BEHRINGER MOD. BC110 - Mexican Guitar Players","description":"Juego de micr\u00f3fono vocal din\u00e1mico todo en uno, cable adjunto y conector TS de 6.3 mm (1\/4\u201d), ideal para fiestas, canto, anuncios p\u00fablicos y m\u00e1s, respuesta de frecuencia ultra amplia para un sonido brillante y transparente, salida de se\u00f1al extremadamente alta que permite que la voz se corte, patr\u00f3n de captaci\u00f3n cardioide que minimiza el ruido de fondo y la retroalimentaci\u00f3n, el circuito de eliminaci\u00f3n de ruido incorporado elimina la distorsi\u00f3n de baja frecuencia, pr\u00e1ctico switch On\/Off para silenciar durante los descansos, filtro de viento esf\u00e9rico integrado y filtro de ruido pop, cable extra largo de 3 metros para una mayor movilidad, construcci\u00f3n ligera y duradera.","robots":{"index":"index","follow":"follow","max-snippet":"max-snippet:-1","max-image-preview":"max-image-preview:large","max-video-preview":"max-video-preview:-1"},"canonical":"https:\/\/www.mexicanguitarplayers.com\/en\/tienda\/sin categor\u00eda\/microfono-behringer-mod-bc110\/","og_locale":"en_US","og_type":"article","og_title":"MICROFONO BEHRINGER MOD. BC110 - Mexican Guitar Players","og_description":"Juego de micr\u00f3fono vocal din\u00e1mico todo en uno, cable adjunto y conector TS de 6.3 mm (1\/4\u201d), ideal para fiestas, canto, anuncios p\u00fablicos y m\u00e1s, respuesta de frecuencia ultra amplia para un sonido brillante y transparente, salida de se\u00f1al extremadamente alta que permite que la voz se corte, patr\u00f3n de captaci\u00f3n cardioide que minimiza el ruido de fondo y la retroalimentaci\u00f3n, el circuito de eliminaci\u00f3n de ruido incorporado elimina la distorsi\u00f3n de baja frecuencia, pr\u00e1ctico switch On\/Off para silenciar durante los descansos, filtro de viento esf\u00e9rico integrado y filtro de ruido pop, cable extra largo de 3 metros para una mayor movilidad, construcci\u00f3n ligera y duradera.","og_url":"https:\/\/www.mexicanguitarplayers.com\/en\/tienda\/sin categor\u00eda\/microfono-behringer-mod-bc110\/","og_site_name":"Mexican Guitar Players","article_modified_time":"2026-05-01T13:21:23+00:00","twitter_card":"summary_large_image","twitter_misc":{"Est. reading time":"1 minute"},"schema":{"@context":"https:\/\/schema.org","@graph":[{"@type":["WebPage","ItemPage"],"@id":"https:\/\/www.mexicanguitarplayers.com\/tienda\/sin categor\u00eda\/microfono-behringer-mod-bc110\/","url":"https:\/\/www.mexicanguitarplayers.com\/tienda\/sin categor\u00eda\/microfono-behringer-mod-bc110\/","name":"MICROFONO BEHRINGER MOD. BC110 - Mexican Guitar Players","isPartOf":{"@id":"https:\/\/www.mexicanguitarplayers.com\/#website"},"primaryImageOfPage":{"@id":"https:\/\/www.mexicanguitarplayers.com\/tienda\/sin categor\u00eda\/microfono-behringer-mod-bc110\/#primaryimage"},"image":{"@id":"https:\/\/www.mexicanguitarplayers.com\/tienda\/sin categor\u00eda\/microfono-behringer-mod-bc110\/#primaryimage"},"thumbnailUrl":"https:\/\/www.mexicanguitarplayers.com\/wp-content\/uploads\/2025\/04\/IABEHBC110.jpg","datePublished":"2025-04-09T04:07:41+00:00","dateModified":"2026-05-01T13:21:23+00:00","description":"Juego de micr\u00f3fono vocal din\u00e1mico todo en uno, cable adjunto y conector TS de 6.3 mm (1\/4\u201d), ideal para fiestas, canto, anuncios p\u00fablicos y m\u00e1s, respuesta de frecuencia ultra amplia para un sonido brillante y transparente, salida de se\u00f1al extremadamente alta que permite que la voz se corte, patr\u00f3n de captaci\u00f3n cardioide que minimiza el ruido de fondo y la retroalimentaci\u00f3n, el circuito de eliminaci\u00f3n de ruido incorporado elimina la distorsi\u00f3n de baja frecuencia, pr\u00e1ctico switch On\/Off para silenciar durante los descansos, filtro de viento esf\u00e9rico integrado y filtro de ruido pop, cable extra largo de 3 metros para una mayor movilidad, construcci\u00f3n ligera y duradera.","breadcrumb":{"@id":"https:\/\/www.mexicanguitarplayers.com\/tienda\/sin categor\u00eda\/microfono-behringer-mod-bc110\/#breadcrumb"},"inLanguage":"en-US","potentialAction":[{"@type":"ReadAction","target":["https:\/\/www.mexicanguitarplayers.com\/tienda\/sin categor\u00eda\/microfono-behringer-mod-bc110\/"]}]},{"@type":"ImageObject","inLanguage":"en-US","@id":"https:\/\/www.mexicanguitarplayers.com\/tienda\/sin categor\u00eda\/microfono-behringer-mod-bc110\/#primaryimage","url":"https:\/\/www.mexicanguitarplayers.com\/wp-content\/uploads\/2025\/04\/IABEHBC110.jpg","contentUrl":"https:\/\/www.mexicanguitarplayers.com\/wp-content\/uploads\/2025\/04\/IABEHBC110.jpg","width":800,"height":1600},{"@type":"BreadcrumbList","@id":"https:\/\/www.mexicanguitarplayers.com\/tienda\/sin categor\u00eda\/microfono-behringer-mod-bc110\/#breadcrumb","itemListElement":[{"@type":"ListItem","position":1,"name":"Portada","item":"https:\/\/www.mexicanguitarplayers.com\/"},{"@type":"ListItem","position":2,"name":"Tienda","item":"https:\/\/www.mexicanguitarplayers.com\/tienda\/"},{"@type":"ListItem","position":3,"name":"MICROFONO BEHRINGER MOD. BC110"}]},{"@type":"WebSite","@id":"https:\/\/www.mexicanguitarplayers.com\/#website","url":"https:\/\/www.mexicanguitarplayers.com\/","name":"Mexican Guitar Players","description":"Website","publisher":{"@id":"https:\/\/www.mexicanguitarplayers.com\/#organization"},"potentialAction":[{"@type":"SearchAction","target":{"@type":"EntryPoint","urlTemplate":"https:\/\/www.mexicanguitarplayers.com\/?s={search_term_string}"},"query-input":{"@type":"PropertyValueSpecification","valueRequired":true,"valueName":"search_term_string"}}],"inLanguage":"en-US"},{"@type":"Organization","@id":"https:\/\/www.mexicanguitarplayers.com\/#organization","name":"Mexican Guitar Players","url":"https:\/\/www.mexicanguitarplayers.com\/","logo":{"@type":"ImageObject","inLanguage":"en-US","@id":"https:\/\/www.mexicanguitarplayers.com\/#\/schema\/logo\/image\/","url":"","contentUrl":"","caption":"Mexican Guitar Players"},"image":{"@id":"https:\/\/www.mexicanguitarplayers.com\/#\/schema\/logo\/image\/"}}]}},"brands":[{"id":171,"name":"BEHRINGER","slug":"behringer"}],"_links":{"self":[{"href":"https:\/\/www.mexicanguitarplayers.com\/en\/wp-json\/wp\/v2\/product\/35266","targetHints":{"allow":["GET"]}}],"collection":[{"href":"https:\/\/www.mexicanguitarplayers.com\/en\/wp-json\/wp\/v2\/product"}],"about":[{"href":"https:\/\/www.mexicanguitarplayers.com\/en\/wp-json\/wp\/v2\/types\/product"}],"replies":[{"embeddable":true,"href":"https:\/\/www.mexicanguitarplayers.com\/en\/wp-json\/wp\/v2\/comments?post=35266"}],"wp:featuredmedia":[{"embeddable":true,"href":"https:\/\/www.mexicanguitarplayers.com\/en\/wp-json\/wp\/v2\/media\/35261"}],"wp:attachment":[{"href":"https:\/\/www.mexicanguitarplayers.com\/en\/wp-json\/wp\/v2\/media?parent=35266"}],"wp:term":[{"taxonomy":"pwb-brand","embeddable":true,"href":"https:\/\/www.mexicanguitarplayers.com\/en\/wp-json\/wp\/v2\/pwb-brand?post=35266"},{"taxonomy":"product_brand","embeddable":true,"href":"https:\/\/www.mexicanguitarplayers.com\/en\/wp-json\/wp\/v2\/product_brand?post=35266"},{"taxonomy":"product_cat","embeddable":true,"href":"https:\/\/www.mexicanguitarplayers.com\/en\/wp-json\/wp\/v2\/product_cat?post=35266"},{"taxonomy":"product_tag","embeddable":true,"href":"https:\/\/www.mexicanguitarplayers.com\/en\/wp-json\/wp\/v2\/product_tag?post=35266"}],"curies":[{"name":"wp","href":"https:\/\/api.w.org\/{rel}","templated":true}]}}