{"id":35309,"date":"2025-04-08T22:09:08","date_gmt":"2025-04-09T04:09:08","guid":{"rendered":"https:\/\/www.mexicanguitarplayers.com\/tienda\/sin categor\u00eda\/caja-meinl-percusion-digital-mpds1-set\/"},"modified":"2026-05-01T07:21:20","modified_gmt":"2026-05-01T13:21:20","slug":"caja-meinl-percusion-digital-mpds1-set","status":"publish","type":"product","link":"https:\/\/www.mexicanguitarplayers.com\/en\/tienda\/accesorios\/para-bateria\/hardware-para-bateria\/pedales\/caja-meinl-percusion-digital-mpds1-set\/","title":{"rendered":"CAJA MEINL PERCUSION DIGITAL   MPDS1-SET"},"content":{"rendered":"<div style=\"text-align: justify\">\n<div>\n<h3>Un excelente set.<\/h3>\n<\/div>\n<div>El set Percussion Stomp Box de Meinl incluye todo lo que necesitas para cualquier situaci\u00f3n ac\u00fastica o &#8220;unplugged&#8221;. Es perfecto para shows ac\u00fasticos, sesiones de improvisaci\u00f3n o actuaciones callejeras.<\/div>\n<div>\n<h4>Quick look<\/h4>\n<\/div>\n<ul style=\"margin: 0px 0px 0px 25px\">\n<li style=\"list-style-type: circle;margin: 5px\">Accessories included.<\/li>\n<\/ul>\n<div>\n<div style=\"font-weight: bold\">Accessories included.<\/div>\n<div>\n<p>Un pedal digital MPDS1. Una caja de montaje MPSM. Un pedal TMBP. Un baquet\u00f3n BBB2.<\/p>\n<\/div>\n<\/div>\n<div>\n<h4>Characteristics<\/h4>\n<\/div>\n<div>\n<ul style=\"margin: 0px 0px 0px 25px\">\n<li style=\"list-style-type: circle;margin: 5px\">Set Percussion Stomp Box.<\/li>\n<li style=\"list-style-type: circle;margin: 5px\">Sensaci\u00f3n real de bombo en un paquete ordenado y port\u00e1til.<\/li>\n<li style=\"list-style-type: circle;margin: 5px\">Cambia f\u00e1cilmente entre 5 samples pre programados o carga uno propio.<\/li>\n<li style=\"list-style-type: circle;margin: 5px\">Ideal para solistas, percusionistas y m\u00fasicos en movimiento.<\/li>\n<li style=\"list-style-type: circle;margin: 5px\">Peso: 4780 g.<\/li>\n<\/ul>\n<\/div>\n<\/div>","protected":false},"excerpt":{"rendered":"<p>Set Percussion Stomp Box, incluye un pedal digital MPDS1, una caja de montaje MPSM, un pedal TMBP y un baquet\u00f3n BBB2, sensaci\u00f3n real de bombo en un paquete ordenado y port\u00e1til, cambia f\u00e1cilmente entre 5 samples pre programados o carga uno propio, ideal para solistas, percusionistas y m\u00fasicos en movimiento, peso: 4780 g.&hellip; <a class=\"kt-excerpt-readmore more-link\" href=\"https:\/\/www.mexicanguitarplayers.com\/en\/tienda\/accesorios\/para-bateria\/hardware-para-bateria\/pedales\/caja-meinl-percusion-digital-mpds1-set\/\">Read more<\/a><\/p>","protected":false},"featured_media":35304,"comment_status":"open","ping_status":"closed","template":"","meta":{"kt_blocks_editor_width":""},"pwb-brand":[290],"product_brand":[],"product_cat":[85,432,445],"product_tag":[],"class_list":{"0":"post-35309","1":"product","2":"type-product","3":"status-publish","4":"has-post-thumbnail","6":"pwb-brand-meinl","7":"product_cat-accesorios","8":"product_cat-para-percusion","9":"product_cat-pedales","10":"product_shipping_class-0-5-kg","12":"first","13":"instock","14":"taxable","15":"shipping-taxable","16":"purchasable","17":"product-type-simple"},"yoast_head":"<!-- This site is optimized with the Yoast SEO plugin v27.5 - https:\/\/yoast.com\/product\/yoast-seo-wordpress\/ -->\n<title>CAJA MEINL PERCUSION DIGITAL  MPDS1-SET - Mexican Guitar Players<\/title>\n<meta name=\"description\" content=\"Set Percussion Stomp Box, incluye un pedal digital MPDS1, una caja de montaje MPSM, un pedal TMBP y un baquet\u00f3n BBB2, sensaci\u00f3n real de bombo en un paquete ordenado y port\u00e1til, cambia f\u00e1cilmente entre 5 samples pre programados o carga uno propio, ideal para solistas, percusionistas y m\u00fasicos en movimiento, peso: 4780 g.\" \/>\n<meta name=\"robots\" content=\"index, follow, max-snippet:-1, max-image-preview:large, max-video-preview:-1\" \/>\n<link rel=\"canonical\" href=\"https:\/\/www.mexicanguitarplayers.com\/en\/tienda\/sin%20categor\u00eda\/caja-meinl-percusion-digital-mpds1-set\/\" \/>\n<meta property=\"og:locale\" content=\"en_US\" \/>\n<meta property=\"og:type\" content=\"article\" \/>\n<meta property=\"og:title\" content=\"CAJA MEINL PERCUSION DIGITAL  MPDS1-SET - Mexican Guitar Players\" \/>\n<meta property=\"og:description\" content=\"Set Percussion Stomp Box, incluye un pedal digital MPDS1, una caja de montaje MPSM, un pedal TMBP y un baquet\u00f3n BBB2, sensaci\u00f3n real de bombo en un paquete ordenado y port\u00e1til, cambia f\u00e1cilmente entre 5 samples pre programados o carga uno propio, ideal para solistas, percusionistas y m\u00fasicos en movimiento, peso: 4780 g.\" \/>\n<meta property=\"og:url\" content=\"https:\/\/www.mexicanguitarplayers.com\/en\/tienda\/sin categor\u00eda\/caja-meinl-percusion-digital-mpds1-set\/\" \/>\n<meta property=\"og:site_name\" content=\"Mexican Guitar Players\" \/>\n<meta property=\"article:modified_time\" content=\"2026-05-01T13:21:20+00:00\" \/>\n<meta name=\"twitter:card\" content=\"summary_large_image\" \/>\n<script type=\"application\/ld+json\" class=\"yoast-schema-graph\">{\"@context\":\"https:\\\/\\\/schema.org\",\"@graph\":[{\"@type\":[\"WebPage\",\"ItemPage\"],\"@id\":\"https:\\\/\\\/www.mexicanguitarplayers.com\\\/tienda\\\/sin categor\u00eda\\\/caja-meinl-percusion-digital-mpds1-set\\\/\",\"url\":\"https:\\\/\\\/www.mexicanguitarplayers.com\\\/tienda\\\/sin categor\u00eda\\\/caja-meinl-percusion-digital-mpds1-set\\\/\",\"name\":\"CAJA MEINL PERCUSION DIGITAL MPDS1-SET - Mexican Guitar Players\",\"isPartOf\":{\"@id\":\"https:\\\/\\\/www.mexicanguitarplayers.com\\\/#website\"},\"primaryImageOfPage\":{\"@id\":\"https:\\\/\\\/www.mexicanguitarplayers.com\\\/tienda\\\/sin categor\u00eda\\\/caja-meinl-percusion-digital-mpds1-set\\\/#primaryimage\"},\"image\":{\"@id\":\"https:\\\/\\\/www.mexicanguitarplayers.com\\\/tienda\\\/sin categor\u00eda\\\/caja-meinl-percusion-digital-mpds1-set\\\/#primaryimage\"},\"thumbnailUrl\":\"https:\\\/\\\/www.mexicanguitarplayers.com\\\/wp-content\\\/uploads\\\/2025\\\/04\\\/IPMEIMPDS1SET.jpg\",\"datePublished\":\"2025-04-09T04:09:08+00:00\",\"dateModified\":\"2026-05-01T13:21:20+00:00\",\"description\":\"Set Percussion Stomp Box, incluye un pedal digital MPDS1, una caja de montaje MPSM, un pedal TMBP y un baquet\u00f3n BBB2, sensaci\u00f3n real de bombo en un paquete ordenado y port\u00e1til, cambia f\u00e1cilmente entre 5 samples pre programados o carga uno propio, ideal para solistas, percusionistas y m\u00fasicos en movimiento, peso: 4780 g.\",\"breadcrumb\":{\"@id\":\"https:\\\/\\\/www.mexicanguitarplayers.com\\\/tienda\\\/sin categor\u00eda\\\/caja-meinl-percusion-digital-mpds1-set\\\/#breadcrumb\"},\"inLanguage\":\"en-US\",\"potentialAction\":[{\"@type\":\"ReadAction\",\"target\":[\"https:\\\/\\\/www.mexicanguitarplayers.com\\\/tienda\\\/sin categor\u00eda\\\/caja-meinl-percusion-digital-mpds1-set\\\/\"]}]},{\"@type\":\"ImageObject\",\"inLanguage\":\"en-US\",\"@id\":\"https:\\\/\\\/www.mexicanguitarplayers.com\\\/tienda\\\/sin categor\u00eda\\\/caja-meinl-percusion-digital-mpds1-set\\\/#primaryimage\",\"url\":\"https:\\\/\\\/www.mexicanguitarplayers.com\\\/wp-content\\\/uploads\\\/2025\\\/04\\\/IPMEIMPDS1SET.jpg\",\"contentUrl\":\"https:\\\/\\\/www.mexicanguitarplayers.com\\\/wp-content\\\/uploads\\\/2025\\\/04\\\/IPMEIMPDS1SET.jpg\",\"width\":1200,\"height\":1200},{\"@type\":\"BreadcrumbList\",\"@id\":\"https:\\\/\\\/www.mexicanguitarplayers.com\\\/tienda\\\/sin categor\u00eda\\\/caja-meinl-percusion-digital-mpds1-set\\\/#breadcrumb\",\"itemListElement\":[{\"@type\":\"ListItem\",\"position\":1,\"name\":\"Portada\",\"item\":\"https:\\\/\\\/www.mexicanguitarplayers.com\\\/\"},{\"@type\":\"ListItem\",\"position\":2,\"name\":\"Tienda\",\"item\":\"https:\\\/\\\/www.mexicanguitarplayers.com\\\/tienda\\\/\"},{\"@type\":\"ListItem\",\"position\":3,\"name\":\"CAJA MEINL PERCUSION DIGITAL MPDS1-SET\"}]},{\"@type\":\"WebSite\",\"@id\":\"https:\\\/\\\/www.mexicanguitarplayers.com\\\/#website\",\"url\":\"https:\\\/\\\/www.mexicanguitarplayers.com\\\/\",\"name\":\"Mexican Guitar Players\",\"description\":\"Website\",\"publisher\":{\"@id\":\"https:\\\/\\\/www.mexicanguitarplayers.com\\\/#organization\"},\"potentialAction\":[{\"@type\":\"SearchAction\",\"target\":{\"@type\":\"EntryPoint\",\"urlTemplate\":\"https:\\\/\\\/www.mexicanguitarplayers.com\\\/?s={search_term_string}\"},\"query-input\":{\"@type\":\"PropertyValueSpecification\",\"valueRequired\":true,\"valueName\":\"search_term_string\"}}],\"inLanguage\":\"en-US\"},{\"@type\":\"Organization\",\"@id\":\"https:\\\/\\\/www.mexicanguitarplayers.com\\\/#organization\",\"name\":\"Mexican Guitar Players\",\"url\":\"https:\\\/\\\/www.mexicanguitarplayers.com\\\/\",\"logo\":{\"@type\":\"ImageObject\",\"inLanguage\":\"en-US\",\"@id\":\"https:\\\/\\\/www.mexicanguitarplayers.com\\\/#\\\/schema\\\/logo\\\/image\\\/\",\"url\":\"\",\"contentUrl\":\"\",\"caption\":\"Mexican Guitar Players\"},\"image\":{\"@id\":\"https:\\\/\\\/www.mexicanguitarplayers.com\\\/#\\\/schema\\\/logo\\\/image\\\/\"}}]}<\/script>\n<!-- \/ Yoast SEO plugin. -->","yoast_head_json":{"title":"CAJA MEINL PERCUSION DIGITAL  MPDS1-SET - Mexican Guitar Players","description":"Set Percussion Stomp Box, incluye un pedal digital MPDS1, una caja de montaje MPSM, un pedal TMBP y un baquet\u00f3n BBB2, sensaci\u00f3n real de bombo en un paquete ordenado y port\u00e1til, cambia f\u00e1cilmente entre 5 samples pre programados o carga uno propio, ideal para solistas, percusionistas y m\u00fasicos en movimiento, peso: 4780 g.","robots":{"index":"index","follow":"follow","max-snippet":"max-snippet:-1","max-image-preview":"max-image-preview:large","max-video-preview":"max-video-preview:-1"},"canonical":"https:\/\/www.mexicanguitarplayers.com\/en\/tienda\/sin categor\u00eda\/caja-meinl-percusion-digital-mpds1-set\/","og_locale":"en_US","og_type":"article","og_title":"CAJA MEINL PERCUSION DIGITAL  MPDS1-SET - Mexican Guitar Players","og_description":"Set Percussion Stomp Box, incluye un pedal digital MPDS1, una caja de montaje MPSM, un pedal TMBP y un baquet\u00f3n BBB2, sensaci\u00f3n real de bombo en un paquete ordenado y port\u00e1til, cambia f\u00e1cilmente entre 5 samples pre programados o carga uno propio, ideal para solistas, percusionistas y m\u00fasicos en movimiento, peso: 4780 g.","og_url":"https:\/\/www.mexicanguitarplayers.com\/en\/tienda\/sin categor\u00eda\/caja-meinl-percusion-digital-mpds1-set\/","og_site_name":"Mexican Guitar Players","article_modified_time":"2026-05-01T13:21:20+00:00","twitter_card":"summary_large_image","schema":{"@context":"https:\/\/schema.org","@graph":[{"@type":["WebPage","ItemPage"],"@id":"https:\/\/www.mexicanguitarplayers.com\/tienda\/sin categor\u00eda\/caja-meinl-percusion-digital-mpds1-set\/","url":"https:\/\/www.mexicanguitarplayers.com\/tienda\/sin categor\u00eda\/caja-meinl-percusion-digital-mpds1-set\/","name":"CAJA MEINL PERCUSION DIGITAL MPDS1-SET - Mexican Guitar Players","isPartOf":{"@id":"https:\/\/www.mexicanguitarplayers.com\/#website"},"primaryImageOfPage":{"@id":"https:\/\/www.mexicanguitarplayers.com\/tienda\/sin categor\u00eda\/caja-meinl-percusion-digital-mpds1-set\/#primaryimage"},"image":{"@id":"https:\/\/www.mexicanguitarplayers.com\/tienda\/sin categor\u00eda\/caja-meinl-percusion-digital-mpds1-set\/#primaryimage"},"thumbnailUrl":"https:\/\/www.mexicanguitarplayers.com\/wp-content\/uploads\/2025\/04\/IPMEIMPDS1SET.jpg","datePublished":"2025-04-09T04:09:08+00:00","dateModified":"2026-05-01T13:21:20+00:00","description":"Set Percussion Stomp Box, incluye un pedal digital MPDS1, una caja de montaje MPSM, un pedal TMBP y un baquet\u00f3n BBB2, sensaci\u00f3n real de bombo en un paquete ordenado y port\u00e1til, cambia f\u00e1cilmente entre 5 samples pre programados o carga uno propio, ideal para solistas, percusionistas y m\u00fasicos en movimiento, peso: 4780 g.","breadcrumb":{"@id":"https:\/\/www.mexicanguitarplayers.com\/tienda\/sin categor\u00eda\/caja-meinl-percusion-digital-mpds1-set\/#breadcrumb"},"inLanguage":"en-US","potentialAction":[{"@type":"ReadAction","target":["https:\/\/www.mexicanguitarplayers.com\/tienda\/sin categor\u00eda\/caja-meinl-percusion-digital-mpds1-set\/"]}]},{"@type":"ImageObject","inLanguage":"en-US","@id":"https:\/\/www.mexicanguitarplayers.com\/tienda\/sin categor\u00eda\/caja-meinl-percusion-digital-mpds1-set\/#primaryimage","url":"https:\/\/www.mexicanguitarplayers.com\/wp-content\/uploads\/2025\/04\/IPMEIMPDS1SET.jpg","contentUrl":"https:\/\/www.mexicanguitarplayers.com\/wp-content\/uploads\/2025\/04\/IPMEIMPDS1SET.jpg","width":1200,"height":1200},{"@type":"BreadcrumbList","@id":"https:\/\/www.mexicanguitarplayers.com\/tienda\/sin categor\u00eda\/caja-meinl-percusion-digital-mpds1-set\/#breadcrumb","itemListElement":[{"@type":"ListItem","position":1,"name":"Portada","item":"https:\/\/www.mexicanguitarplayers.com\/"},{"@type":"ListItem","position":2,"name":"Tienda","item":"https:\/\/www.mexicanguitarplayers.com\/tienda\/"},{"@type":"ListItem","position":3,"name":"CAJA MEINL PERCUSION DIGITAL MPDS1-SET"}]},{"@type":"WebSite","@id":"https:\/\/www.mexicanguitarplayers.com\/#website","url":"https:\/\/www.mexicanguitarplayers.com\/","name":"Mexican Guitar Players","description":"Website","publisher":{"@id":"https:\/\/www.mexicanguitarplayers.com\/#organization"},"potentialAction":[{"@type":"SearchAction","target":{"@type":"EntryPoint","urlTemplate":"https:\/\/www.mexicanguitarplayers.com\/?s={search_term_string}"},"query-input":{"@type":"PropertyValueSpecification","valueRequired":true,"valueName":"search_term_string"}}],"inLanguage":"en-US"},{"@type":"Organization","@id":"https:\/\/www.mexicanguitarplayers.com\/#organization","name":"Mexican Guitar Players","url":"https:\/\/www.mexicanguitarplayers.com\/","logo":{"@type":"ImageObject","inLanguage":"en-US","@id":"https:\/\/www.mexicanguitarplayers.com\/#\/schema\/logo\/image\/","url":"","contentUrl":"","caption":"Mexican Guitar Players"},"image":{"@id":"https:\/\/www.mexicanguitarplayers.com\/#\/schema\/logo\/image\/"}}]}},"brands":[{"id":290,"name":"MEINL","slug":"meinl"}],"_links":{"self":[{"href":"https:\/\/www.mexicanguitarplayers.com\/en\/wp-json\/wp\/v2\/product\/35309","targetHints":{"allow":["GET"]}}],"collection":[{"href":"https:\/\/www.mexicanguitarplayers.com\/en\/wp-json\/wp\/v2\/product"}],"about":[{"href":"https:\/\/www.mexicanguitarplayers.com\/en\/wp-json\/wp\/v2\/types\/product"}],"replies":[{"embeddable":true,"href":"https:\/\/www.mexicanguitarplayers.com\/en\/wp-json\/wp\/v2\/comments?post=35309"}],"wp:featuredmedia":[{"embeddable":true,"href":"https:\/\/www.mexicanguitarplayers.com\/en\/wp-json\/wp\/v2\/media\/35304"}],"wp:attachment":[{"href":"https:\/\/www.mexicanguitarplayers.com\/en\/wp-json\/wp\/v2\/media?parent=35309"}],"wp:term":[{"taxonomy":"pwb-brand","embeddable":true,"href":"https:\/\/www.mexicanguitarplayers.com\/en\/wp-json\/wp\/v2\/pwb-brand?post=35309"},{"taxonomy":"product_brand","embeddable":true,"href":"https:\/\/www.mexicanguitarplayers.com\/en\/wp-json\/wp\/v2\/product_brand?post=35309"},{"taxonomy":"product_cat","embeddable":true,"href":"https:\/\/www.mexicanguitarplayers.com\/en\/wp-json\/wp\/v2\/product_cat?post=35309"},{"taxonomy":"product_tag","embeddable":true,"href":"https:\/\/www.mexicanguitarplayers.com\/en\/wp-json\/wp\/v2\/product_tag?post=35309"}],"curies":[{"name":"wp","href":"https:\/\/api.w.org\/{rel}","templated":true}]}}