{"id":35311,"date":"2025-04-08T22:09:10","date_gmt":"2025-04-09T04:09:10","guid":{"rendered":"https:\/\/www.mexicanguitarplayers.com\/tienda\/sin categor\u00eda\/castanuela-meinl-cfc-bk\/"},"modified":"2026-04-10T04:28:32","modified_gmt":"2026-04-10T10:28:32","slug":"castanuela-meinl-cfc-bk","status":"publish","type":"product","link":"https:\/\/www.mexicanguitarplayers.com\/en\/tienda\/percusiones\/percusiones-menores\/castanuelas\/castanuela-meinl-cfc-bk\/","title":{"rendered":"CASTA\u00d1UELA MEINL CFC-BK"},"content":{"rendered":"<div style=\"text-align: justify\">\n<div>\n<h3>CASTA\u00d1UELA MEINL CFC-BK<\/h3>\n<\/div>\n<div>A\u00f1ade un sonido de casta\u00f1uelas a tu interpretaci\u00f3n con un caj\u00f3n, djemb\u00e9 u otro instrumento de percusi\u00f3n manual. Las casta\u00f1uelas duales est\u00e1n montadas de forma segura en una base de roble Siam para proporcionar un destacado sonido tradicional de casta\u00f1uelas con el toque de tu pie. La correa es completamente ajustable y ultra resistente. Ideal para a\u00f1adir nuevas dimensiones de ritmo a cualquier actuaci\u00f3n ac\u00fastica.<\/div>\n<div>\n<h4>Characteristics<\/h4>\n<\/div>\n<div>\n<ul style=\"margin: 0px 0px 0px 25px\">\n<li style=\"list-style-type: circle;margin: 5px\">Material<\/li>\n<li style=\"list-style-type: circle;margin: 5px\">Color<\/li>\n<\/ul>\n<\/div>\n<\/div>","protected":false},"excerpt":{"rendered":"<p>Este par de casta\u00f1uelas de pl\u00e1stico montadas sobre una base de roble Siam ofrecen un sonido tradicional de casta\u00f1uelas con facilidad y comodidad. Su dise\u00f1o permite un montaje sencillo en cualquier superficie compatible, lo que los convierte en una excelente opci\u00f3n para a\u00f1adir un toque de ritmo aut\u00e9ntico a cualquier actuaci\u00f3n. El pl\u00e1stico duradero garantiza una larga vida \u00fatil, mientras que el elegante color negro complementa cualquier conjunto de percusi\u00f3n.&hellip; <a class=\"kt-excerpt-readmore more-link\" href=\"https:\/\/www.mexicanguitarplayers.com\/en\/tienda\/percusiones\/percusiones-menores\/castanuelas\/castanuela-meinl-cfc-bk\/\">Read more<\/a><\/p>","protected":false},"featured_media":35310,"comment_status":"open","ping_status":"closed","template":"","meta":{"kt_blocks_editor_width":""},"pwb-brand":[290],"product_brand":[],"product_cat":[459,208,276],"product_tag":[],"class_list":{"0":"post-35311","1":"product","2":"type-product","3":"status-publish","4":"has-post-thumbnail","6":"pwb-brand-meinl","7":"product_cat-castanuelas","8":"product_cat-percusiones","9":"product_cat-percusiones-menores","10":"product_shipping_class-0-5-kg","12":"first","13":"instock","14":"taxable","15":"shipping-taxable","16":"purchasable","17":"product-type-simple"},"yoast_head":"<!-- This site is optimized with the Yoast SEO plugin v27.5 - https:\/\/yoast.com\/product\/yoast-seo-wordpress\/ -->\n<title>CASTA\u00d1UELA MEINL CFC-BK - Mexican Guitar Players<\/title>\n<meta name=\"description\" content=\"Este par de casta\u00f1uelas de pl\u00e1stico montadas sobre una base de roble Siam ofrecen un sonido tradicional de casta\u00f1uelas con facilidad y comodidad. Su dise\u00f1o permite un montaje sencillo en cualquier superficie compatible, lo que los convierte en una excelente opci\u00f3n para a\u00f1adir un toque de ritmo aut\u00e9ntico a cualquier actuaci\u00f3n. El pl\u00e1stico duradero garantiza una larga vida \u00fatil, mientras que el elegante color negro complementa cualquier conjunto de percusi\u00f3n.\" \/>\n<meta name=\"robots\" content=\"index, follow, max-snippet:-1, max-image-preview:large, max-video-preview:-1\" \/>\n<link rel=\"canonical\" href=\"https:\/\/www.mexicanguitarplayers.com\/en\/tienda\/sin%20categor\u00eda\/castanuela-meinl-cfc-bk\/\" \/>\n<meta property=\"og:locale\" content=\"en_US\" \/>\n<meta property=\"og:type\" content=\"article\" \/>\n<meta property=\"og:title\" content=\"CASTA\u00d1UELA MEINL CFC-BK - Mexican Guitar Players\" \/>\n<meta property=\"og:description\" content=\"Este par de casta\u00f1uelas de pl\u00e1stico montadas sobre una base de roble Siam ofrecen un sonido tradicional de casta\u00f1uelas con facilidad y comodidad. Su dise\u00f1o permite un montaje sencillo en cualquier superficie compatible, lo que los convierte en una excelente opci\u00f3n para a\u00f1adir un toque de ritmo aut\u00e9ntico a cualquier actuaci\u00f3n. El pl\u00e1stico duradero garantiza una larga vida \u00fatil, mientras que el elegante color negro complementa cualquier conjunto de percusi\u00f3n.\" \/>\n<meta property=\"og:url\" content=\"https:\/\/www.mexicanguitarplayers.com\/en\/tienda\/sin categor\u00eda\/castanuela-meinl-cfc-bk\/\" \/>\n<meta property=\"og:site_name\" content=\"Mexican Guitar Players\" \/>\n<meta property=\"article:modified_time\" content=\"2026-04-10T10:28:32+00:00\" \/>\n<meta name=\"twitter:card\" content=\"summary_large_image\" \/>\n<script type=\"application\/ld+json\" class=\"yoast-schema-graph\">{\"@context\":\"https:\\\/\\\/schema.org\",\"@graph\":[{\"@type\":[\"WebPage\",\"ItemPage\"],\"@id\":\"https:\\\/\\\/www.mexicanguitarplayers.com\\\/tienda\\\/sin categor\u00eda\\\/castanuela-meinl-cfc-bk\\\/\",\"url\":\"https:\\\/\\\/www.mexicanguitarplayers.com\\\/tienda\\\/sin categor\u00eda\\\/castanuela-meinl-cfc-bk\\\/\",\"name\":\"CASTA\u00d1UELA MEINL CFC-BK - Mexican Guitar Players\",\"isPartOf\":{\"@id\":\"https:\\\/\\\/www.mexicanguitarplayers.com\\\/#website\"},\"primaryImageOfPage\":{\"@id\":\"https:\\\/\\\/www.mexicanguitarplayers.com\\\/tienda\\\/sin categor\u00eda\\\/castanuela-meinl-cfc-bk\\\/#primaryimage\"},\"image\":{\"@id\":\"https:\\\/\\\/www.mexicanguitarplayers.com\\\/tienda\\\/sin categor\u00eda\\\/castanuela-meinl-cfc-bk\\\/#primaryimage\"},\"thumbnailUrl\":\"https:\\\/\\\/www.mexicanguitarplayers.com\\\/wp-content\\\/uploads\\\/2025\\\/04\\\/RAMEICFCBK.jpg\",\"datePublished\":\"2025-04-09T04:09:10+00:00\",\"dateModified\":\"2026-04-10T10:28:32+00:00\",\"description\":\"Este par de casta\u00f1uelas de pl\u00e1stico montadas sobre una base de roble Siam ofrecen un sonido tradicional de casta\u00f1uelas con facilidad y comodidad. Su dise\u00f1o permite un montaje sencillo en cualquier superficie compatible, lo que los convierte en una excelente opci\u00f3n para a\u00f1adir un toque de ritmo aut\u00e9ntico a cualquier actuaci\u00f3n. El pl\u00e1stico duradero garantiza una larga vida \u00fatil, mientras que el elegante color negro complementa cualquier conjunto de percusi\u00f3n.\",\"breadcrumb\":{\"@id\":\"https:\\\/\\\/www.mexicanguitarplayers.com\\\/tienda\\\/sin categor\u00eda\\\/castanuela-meinl-cfc-bk\\\/#breadcrumb\"},\"inLanguage\":\"en-US\",\"potentialAction\":[{\"@type\":\"ReadAction\",\"target\":[\"https:\\\/\\\/www.mexicanguitarplayers.com\\\/tienda\\\/sin categor\u00eda\\\/castanuela-meinl-cfc-bk\\\/\"]}]},{\"@type\":\"ImageObject\",\"inLanguage\":\"en-US\",\"@id\":\"https:\\\/\\\/www.mexicanguitarplayers.com\\\/tienda\\\/sin categor\u00eda\\\/castanuela-meinl-cfc-bk\\\/#primaryimage\",\"url\":\"https:\\\/\\\/www.mexicanguitarplayers.com\\\/wp-content\\\/uploads\\\/2025\\\/04\\\/RAMEICFCBK.jpg\",\"contentUrl\":\"https:\\\/\\\/www.mexicanguitarplayers.com\\\/wp-content\\\/uploads\\\/2025\\\/04\\\/RAMEICFCBK.jpg\",\"width\":1200,\"height\":1200},{\"@type\":\"BreadcrumbList\",\"@id\":\"https:\\\/\\\/www.mexicanguitarplayers.com\\\/tienda\\\/sin categor\u00eda\\\/castanuela-meinl-cfc-bk\\\/#breadcrumb\",\"itemListElement\":[{\"@type\":\"ListItem\",\"position\":1,\"name\":\"Portada\",\"item\":\"https:\\\/\\\/www.mexicanguitarplayers.com\\\/\"},{\"@type\":\"ListItem\",\"position\":2,\"name\":\"Tienda\",\"item\":\"https:\\\/\\\/www.mexicanguitarplayers.com\\\/tienda\\\/\"},{\"@type\":\"ListItem\",\"position\":3,\"name\":\"CASTA\u00d1UELA MEINL CFC-BK\"}]},{\"@type\":\"WebSite\",\"@id\":\"https:\\\/\\\/www.mexicanguitarplayers.com\\\/#website\",\"url\":\"https:\\\/\\\/www.mexicanguitarplayers.com\\\/\",\"name\":\"Mexican Guitar Players\",\"description\":\"Website\",\"publisher\":{\"@id\":\"https:\\\/\\\/www.mexicanguitarplayers.com\\\/#organization\"},\"potentialAction\":[{\"@type\":\"SearchAction\",\"target\":{\"@type\":\"EntryPoint\",\"urlTemplate\":\"https:\\\/\\\/www.mexicanguitarplayers.com\\\/?s={search_term_string}\"},\"query-input\":{\"@type\":\"PropertyValueSpecification\",\"valueRequired\":true,\"valueName\":\"search_term_string\"}}],\"inLanguage\":\"en-US\"},{\"@type\":\"Organization\",\"@id\":\"https:\\\/\\\/www.mexicanguitarplayers.com\\\/#organization\",\"name\":\"Mexican Guitar Players\",\"url\":\"https:\\\/\\\/www.mexicanguitarplayers.com\\\/\",\"logo\":{\"@type\":\"ImageObject\",\"inLanguage\":\"en-US\",\"@id\":\"https:\\\/\\\/www.mexicanguitarplayers.com\\\/#\\\/schema\\\/logo\\\/image\\\/\",\"url\":\"\",\"contentUrl\":\"\",\"caption\":\"Mexican Guitar Players\"},\"image\":{\"@id\":\"https:\\\/\\\/www.mexicanguitarplayers.com\\\/#\\\/schema\\\/logo\\\/image\\\/\"}}]}<\/script>\n<!-- \/ Yoast SEO plugin. -->","yoast_head_json":{"title":"CASTA\u00d1UELA MEINL CFC-BK - Mexican Guitar Players","description":"Este par de casta\u00f1uelas de pl\u00e1stico montadas sobre una base de roble Siam ofrecen un sonido tradicional de casta\u00f1uelas con facilidad y comodidad. Su dise\u00f1o permite un montaje sencillo en cualquier superficie compatible, lo que los convierte en una excelente opci\u00f3n para a\u00f1adir un toque de ritmo aut\u00e9ntico a cualquier actuaci\u00f3n. El pl\u00e1stico duradero garantiza una larga vida \u00fatil, mientras que el elegante color negro complementa cualquier conjunto de percusi\u00f3n.","robots":{"index":"index","follow":"follow","max-snippet":"max-snippet:-1","max-image-preview":"max-image-preview:large","max-video-preview":"max-video-preview:-1"},"canonical":"https:\/\/www.mexicanguitarplayers.com\/en\/tienda\/sin categor\u00eda\/castanuela-meinl-cfc-bk\/","og_locale":"en_US","og_type":"article","og_title":"CASTA\u00d1UELA MEINL CFC-BK - Mexican Guitar Players","og_description":"Este par de casta\u00f1uelas de pl\u00e1stico montadas sobre una base de roble Siam ofrecen un sonido tradicional de casta\u00f1uelas con facilidad y comodidad. Su dise\u00f1o permite un montaje sencillo en cualquier superficie compatible, lo que los convierte en una excelente opci\u00f3n para a\u00f1adir un toque de ritmo aut\u00e9ntico a cualquier actuaci\u00f3n. El pl\u00e1stico duradero garantiza una larga vida \u00fatil, mientras que el elegante color negro complementa cualquier conjunto de percusi\u00f3n.","og_url":"https:\/\/www.mexicanguitarplayers.com\/en\/tienda\/sin categor\u00eda\/castanuela-meinl-cfc-bk\/","og_site_name":"Mexican Guitar Players","article_modified_time":"2026-04-10T10:28:32+00:00","twitter_card":"summary_large_image","schema":{"@context":"https:\/\/schema.org","@graph":[{"@type":["WebPage","ItemPage"],"@id":"https:\/\/www.mexicanguitarplayers.com\/tienda\/sin categor\u00eda\/castanuela-meinl-cfc-bk\/","url":"https:\/\/www.mexicanguitarplayers.com\/tienda\/sin categor\u00eda\/castanuela-meinl-cfc-bk\/","name":"CASTA\u00d1UELA MEINL CFC-BK - Mexican Guitar Players","isPartOf":{"@id":"https:\/\/www.mexicanguitarplayers.com\/#website"},"primaryImageOfPage":{"@id":"https:\/\/www.mexicanguitarplayers.com\/tienda\/sin categor\u00eda\/castanuela-meinl-cfc-bk\/#primaryimage"},"image":{"@id":"https:\/\/www.mexicanguitarplayers.com\/tienda\/sin categor\u00eda\/castanuela-meinl-cfc-bk\/#primaryimage"},"thumbnailUrl":"https:\/\/www.mexicanguitarplayers.com\/wp-content\/uploads\/2025\/04\/RAMEICFCBK.jpg","datePublished":"2025-04-09T04:09:10+00:00","dateModified":"2026-04-10T10:28:32+00:00","description":"Este par de casta\u00f1uelas de pl\u00e1stico montadas sobre una base de roble Siam ofrecen un sonido tradicional de casta\u00f1uelas con facilidad y comodidad. Su dise\u00f1o permite un montaje sencillo en cualquier superficie compatible, lo que los convierte en una excelente opci\u00f3n para a\u00f1adir un toque de ritmo aut\u00e9ntico a cualquier actuaci\u00f3n. El pl\u00e1stico duradero garantiza una larga vida \u00fatil, mientras que el elegante color negro complementa cualquier conjunto de percusi\u00f3n.","breadcrumb":{"@id":"https:\/\/www.mexicanguitarplayers.com\/tienda\/sin categor\u00eda\/castanuela-meinl-cfc-bk\/#breadcrumb"},"inLanguage":"en-US","potentialAction":[{"@type":"ReadAction","target":["https:\/\/www.mexicanguitarplayers.com\/tienda\/sin categor\u00eda\/castanuela-meinl-cfc-bk\/"]}]},{"@type":"ImageObject","inLanguage":"en-US","@id":"https:\/\/www.mexicanguitarplayers.com\/tienda\/sin categor\u00eda\/castanuela-meinl-cfc-bk\/#primaryimage","url":"https:\/\/www.mexicanguitarplayers.com\/wp-content\/uploads\/2025\/04\/RAMEICFCBK.jpg","contentUrl":"https:\/\/www.mexicanguitarplayers.com\/wp-content\/uploads\/2025\/04\/RAMEICFCBK.jpg","width":1200,"height":1200},{"@type":"BreadcrumbList","@id":"https:\/\/www.mexicanguitarplayers.com\/tienda\/sin categor\u00eda\/castanuela-meinl-cfc-bk\/#breadcrumb","itemListElement":[{"@type":"ListItem","position":1,"name":"Portada","item":"https:\/\/www.mexicanguitarplayers.com\/"},{"@type":"ListItem","position":2,"name":"Tienda","item":"https:\/\/www.mexicanguitarplayers.com\/tienda\/"},{"@type":"ListItem","position":3,"name":"CASTA\u00d1UELA MEINL CFC-BK"}]},{"@type":"WebSite","@id":"https:\/\/www.mexicanguitarplayers.com\/#website","url":"https:\/\/www.mexicanguitarplayers.com\/","name":"Mexican Guitar Players","description":"Website","publisher":{"@id":"https:\/\/www.mexicanguitarplayers.com\/#organization"},"potentialAction":[{"@type":"SearchAction","target":{"@type":"EntryPoint","urlTemplate":"https:\/\/www.mexicanguitarplayers.com\/?s={search_term_string}"},"query-input":{"@type":"PropertyValueSpecification","valueRequired":true,"valueName":"search_term_string"}}],"inLanguage":"en-US"},{"@type":"Organization","@id":"https:\/\/www.mexicanguitarplayers.com\/#organization","name":"Mexican Guitar Players","url":"https:\/\/www.mexicanguitarplayers.com\/","logo":{"@type":"ImageObject","inLanguage":"en-US","@id":"https:\/\/www.mexicanguitarplayers.com\/#\/schema\/logo\/image\/","url":"","contentUrl":"","caption":"Mexican Guitar Players"},"image":{"@id":"https:\/\/www.mexicanguitarplayers.com\/#\/schema\/logo\/image\/"}}]}},"brands":[{"id":290,"name":"MEINL","slug":"meinl"}],"_links":{"self":[{"href":"https:\/\/www.mexicanguitarplayers.com\/en\/wp-json\/wp\/v2\/product\/35311","targetHints":{"allow":["GET"]}}],"collection":[{"href":"https:\/\/www.mexicanguitarplayers.com\/en\/wp-json\/wp\/v2\/product"}],"about":[{"href":"https:\/\/www.mexicanguitarplayers.com\/en\/wp-json\/wp\/v2\/types\/product"}],"replies":[{"embeddable":true,"href":"https:\/\/www.mexicanguitarplayers.com\/en\/wp-json\/wp\/v2\/comments?post=35311"}],"wp:featuredmedia":[{"embeddable":true,"href":"https:\/\/www.mexicanguitarplayers.com\/en\/wp-json\/wp\/v2\/media\/35310"}],"wp:attachment":[{"href":"https:\/\/www.mexicanguitarplayers.com\/en\/wp-json\/wp\/v2\/media?parent=35311"}],"wp:term":[{"taxonomy":"pwb-brand","embeddable":true,"href":"https:\/\/www.mexicanguitarplayers.com\/en\/wp-json\/wp\/v2\/pwb-brand?post=35311"},{"taxonomy":"product_brand","embeddable":true,"href":"https:\/\/www.mexicanguitarplayers.com\/en\/wp-json\/wp\/v2\/product_brand?post=35311"},{"taxonomy":"product_cat","embeddable":true,"href":"https:\/\/www.mexicanguitarplayers.com\/en\/wp-json\/wp\/v2\/product_cat?post=35311"},{"taxonomy":"product_tag","embeddable":true,"href":"https:\/\/www.mexicanguitarplayers.com\/en\/wp-json\/wp\/v2\/product_tag?post=35311"}],"curies":[{"name":"wp","href":"https:\/\/api.w.org\/{rel}","templated":true}]}}