{"id":35336,"date":"2025-04-08T22:09:48","date_gmt":"2025-04-09T04:09:48","guid":{"rendered":"https:\/\/www.mexicanguitarplayers.com\/tienda\/sin categor\u00eda\/estuche-skb-p-guit-acustica-1skb-17\/"},"modified":"2026-04-10T04:28:28","modified_gmt":"2026-04-10T10:28:28","slug":"estuche-skb-p-guit-acustica-1skb-17","status":"publish","type":"product","link":"https:\/\/www.mexicanguitarplayers.com\/en\/tienda\/accesorios\/estuches-y-fundas\/para-guitarra\/para-guitarra-acustica\/estuche-skb-p-guit-acustica-1skb-17\/","title":{"rendered":"ESTUCHE SKB P\/GUIT. ACUSTICA 1SKB-17"},"content":{"rendered":"<div style=\"text-align: justify\">\n<div>\n<h3>Cuerdas a salvo.<\/h3>\n<\/div>\n<div>Dise\u00f1ado para adaptarse a las guitarras con forma roundback, este estuche incorpora una carcasa de estireno de caucho modificado de ingenier\u00eda propia e interior de espuma r\u00edgida EPS que acomoda la guitarra de forma segura para absorber los golpes. El parachoques moldeado ofrece una m\u00e1xima protecci\u00f3n para la cenefa de aluminio. El estuche cuenta con seguros de liberaci\u00f3n patentados de fibra de vidrio reforzados con nylon que incluyen pestillos de bloqueo TSA. El seguro TSA permite bloquear el estuche y aun as\u00ed pueda ser inspeccionado para la seguridad a\u00e9rea. El logotipo TSA notifica a los inspectores TSA que los seguros no necesitan ser rotos por alg\u00fan control de seguridad. Cuenta tambi\u00e9n con un asa ergon\u00f3mica acolchada de caucho para un c\u00f3modo transporte con pies moldeados y pozos de apilamiento para mayor comodidad cuando se transportan m\u00faltiples estuches.<\/div>\n<div>\n<h4>Quick look<\/h4>\n<\/div>\n<ul style=\"margin: 0px 0px 0px 25px\">\n<li style=\"list-style-type: circle;margin: 5px\">Largo interior.<\/li>\n<li style=\"list-style-type: circle;margin: 5px\">Largo exterior.<\/li>\n<li style=\"list-style-type: circle;margin: 5px\">Ancho exterior.<\/li>\n<li style=\"list-style-type: circle;margin: 5px\">Profundidad exterior.<\/li>\n<li style=\"list-style-type: circle;margin: 5px\">Longitud del cuerpo del instrumento.<\/li>\n<li style=\"list-style-type: circle;margin: 5px\">Profundidad del cuerpo del instrumento.<\/li>\n<li style=\"list-style-type: circle;margin: 5px\">Parte ancha del instrumento.<\/li>\n<li style=\"list-style-type: circle;margin: 5px\">Parte angosta del instrumento.<\/li>\n<li style=\"list-style-type: circle;margin: 5px\">Profundidad en la tapa.<\/li>\n<li style=\"list-style-type: circle;margin: 5px\">Profundidad en la base.<\/li>\n<li style=\"list-style-type: circle;margin: 5px\">Weight.<\/li>\n<\/ul>\n<div>\n<div style=\"font-weight: bold\">Largo interior.<\/div>\n<div>\n<p>107.95 cm.<\/p>\n<\/div>\n<div style=\"font-weight: bold\">Largo exterior.<\/div>\n<div>\n<p>113.67 cm.<\/p>\n<\/div>\n<div style=\"font-weight: bold\">Ancho exterior.<\/div>\n<div>\n<p>50.17 cm.<\/p>\n<\/div>\n<div style=\"font-weight: bold\">Profundidad exterior.<\/div>\n<div>\n<p>17.78 cm.<\/p>\n<\/div>\n<div style=\"font-weight: bold\">Longitud del cuerpo del instrumento.<\/div>\n<div>\n<p>50.17 cm.<\/p>\n<\/div>\n<div style=\"font-weight: bold\">Profundidad del cuerpo del instrumento.<\/div>\n<div>\n<p>11.43 cm.<\/p>\n<\/div>\n<div style=\"font-weight: bold\">Parte ancha del instrumento.<\/div>\n<div>\n<p>40.01 cm.<\/p>\n<\/div>\n<div style=\"font-weight: bold\">Parte angosta del instrumento.<\/div>\n<div>\n<p>29.21 cm.<\/p>\n<\/div>\n<div style=\"font-weight: bold\">Profundidad en la tapa.<\/div>\n<div>\n<p>4.45 cm.<\/p>\n<\/div>\n<div style=\"font-weight: bold\">Profundidad en la base.<\/div>\n<div>\n<p>9.53 cm.<\/p>\n<\/div>\n<div style=\"font-weight: bold\">Weight.<\/div>\n<div>\n<p>4.31 kg.<\/p>\n<\/div>\n<\/div>\n<div>\n<h4>Characteristics<\/h4>\n<\/div>\n<div>\n<ul style=\"margin: 0px 0px 0px 25px\">\n<li style=\"list-style-type: circle;margin: 5px\">Carcasa de estireno de caucho modificado de ingenier\u00eda propia.<\/li>\n<li style=\"list-style-type: circle;margin: 5px\">Interior de espuma r\u00edgida EPS.<\/li>\n<li style=\"list-style-type: circle;margin: 5px\">Seguros de liberaci\u00f3n patentados de fibra de vidrio reforzados con nylon.<\/li>\n<li style=\"list-style-type: circle;margin: 5px\">Pestillos de bloqueo TSA.<\/li>\n<li style=\"list-style-type: circle;margin: 5px\">Cenefa protegida.<\/li>\n<li style=\"list-style-type: circle;margin: 5px\">Asa ergon\u00f3mica indestructible de caucho acolchado.<\/li>\n<li style=\"list-style-type: circle;margin: 5px\">Soporte para el brazo de longitud completa.<\/li>\n<li style=\"list-style-type: circle;margin: 5px\">Pies moldeados por inyecci\u00f3n.<\/li>\n<li style=\"list-style-type: circle;margin: 5px\">Compartimento para accesorios.<\/li>\n<\/ul>\n<\/div>\n<\/div>","protected":false},"excerpt":{"rendered":"<p>Estuche para guitarra ac\u00fastica, carcasa de estireno de caucho modificado de ingenier\u00eda propia, interior de espuma r\u00edgida EPS, seguros de liberaci\u00f3n patentados de fibra de vidrio reforzados con nylon, pestillos de bloqueo TSA, cenefa protegida, asa ergon\u00f3mica indestructible de caucho acolchado, soporte para el brazo de longitud completa, pies moldeados por inyecci\u00f3n, compartimento para accesorios, largo interior: 107.95 cm, largo exterior: 113.67 cm, ancho exterior: 50.17 cm, profundidad exterior: 17.78 cm, longitud del cuerpo del instrumento: 50.17 cm, profundidad del cuerpo del instrumento: 11.43 cm, parte ancha del instrumento: 40.01 cm, parte angosta del instrumento: 29.21 cm, profundidad en la tapa: 4.45 cm, profundidad en la base: 9.53 cm, peso: 4.31 kg.&hellip; <a class=\"kt-excerpt-readmore more-link\" href=\"https:\/\/www.mexicanguitarplayers.com\/en\/tienda\/accesorios\/estuches-y-fundas\/para-guitarra\/para-guitarra-acustica\/estuche-skb-p-guit-acustica-1skb-17\/\">Read more<\/a><\/p>","protected":false},"featured_media":35332,"comment_status":"open","ping_status":"closed","template":"","meta":{"kt_blocks_editor_width":""},"pwb-brand":[609],"product_brand":[],"product_cat":[85,517,566,569],"product_tag":[],"class_list":{"0":"post-35336","1":"product","2":"type-product","3":"status-publish","4":"has-post-thumbnail","6":"pwb-brand-skb","7":"product_cat-accesorios","8":"product_cat-estuches-y-fundas","9":"product_cat-para-guitarra","10":"product_cat-para-guitarra-acustica","11":"product_shipping_class-5-10-kg","13":"first","14":"outofstock","15":"taxable","16":"shipping-taxable","17":"purchasable","18":"product-type-simple"},"yoast_head":"<!-- This site is optimized with the Yoast SEO plugin v27.5 - https:\/\/yoast.com\/product\/yoast-seo-wordpress\/ -->\n<title>ESTUCHE SKB P\/GUIT. ACUSTICA 1SKB-17 - Mexican Guitar Players<\/title>\n<meta name=\"description\" content=\"Estuche para guitarra ac\u00fastica, carcasa de estireno de caucho modificado de ingenier\u00eda propia, interior de espuma r\u00edgida EPS, seguros de liberaci\u00f3n patentados de fibra de vidrio reforzados con nylon, pestillos de bloqueo TSA, cenefa protegida, asa ergon\u00f3mica indestructible de caucho acolchado, soporte para el brazo de longitud completa, pies moldeados por inyecci\u00f3n, compartimento para accesorios, largo interior: 107.95 cm, largo exterior: 113.67 cm, ancho exterior: 50.17 cm, profundidad exterior: 17.78 cm, longitud del cuerpo del instrumento: 50.17 cm, profundidad del cuerpo del instrumento: 11.43 cm, parte ancha del instrumento: 40.01 cm, parte angosta del instrumento: 29.21 cm, profundidad en la tapa: 4.45 cm, profundidad en la base: 9.53 cm, peso: 4.31 kg.\" \/>\n<meta name=\"robots\" content=\"index, follow, max-snippet:-1, max-image-preview:large, max-video-preview:-1\" \/>\n<link rel=\"canonical\" href=\"https:\/\/www.mexicanguitarplayers.com\/en\/tienda\/sin%20categor\u00eda\/estuche-skb-p-guit-acustica-1skb-17\/\" \/>\n<meta property=\"og:locale\" content=\"en_US\" \/>\n<meta property=\"og:type\" content=\"article\" \/>\n<meta property=\"og:title\" content=\"ESTUCHE SKB P\/GUIT. ACUSTICA 1SKB-17 - Mexican Guitar Players\" \/>\n<meta property=\"og:description\" content=\"Estuche para guitarra ac\u00fastica, carcasa de estireno de caucho modificado de ingenier\u00eda propia, interior de espuma r\u00edgida EPS, seguros de liberaci\u00f3n patentados de fibra de vidrio reforzados con nylon, pestillos de bloqueo TSA, cenefa protegida, asa ergon\u00f3mica indestructible de caucho acolchado, soporte para el brazo de longitud completa, pies moldeados por inyecci\u00f3n, compartimento para accesorios, largo interior: 107.95 cm, largo exterior: 113.67 cm, ancho exterior: 50.17 cm, profundidad exterior: 17.78 cm, longitud del cuerpo del instrumento: 50.17 cm, profundidad del cuerpo del instrumento: 11.43 cm, parte ancha del instrumento: 40.01 cm, parte angosta del instrumento: 29.21 cm, profundidad en la tapa: 4.45 cm, profundidad en la base: 9.53 cm, peso: 4.31 kg.\" \/>\n<meta property=\"og:url\" content=\"https:\/\/www.mexicanguitarplayers.com\/en\/tienda\/sin categor\u00eda\/estuche-skb-p-guit-acustica-1skb-17\/\" \/>\n<meta property=\"og:site_name\" content=\"Mexican Guitar Players\" \/>\n<meta property=\"article:modified_time\" content=\"2026-04-10T10:28:28+00:00\" \/>\n<meta name=\"twitter:card\" content=\"summary_large_image\" \/>\n<meta name=\"twitter:label1\" content=\"Est. reading time\" \/>\n\t<meta name=\"twitter:data1\" content=\"1 minute\" \/>\n<script type=\"application\/ld+json\" class=\"yoast-schema-graph\">{\"@context\":\"https:\\\/\\\/schema.org\",\"@graph\":[{\"@type\":[\"WebPage\",\"ItemPage\"],\"@id\":\"https:\\\/\\\/www.mexicanguitarplayers.com\\\/tienda\\\/sin categor\u00eda\\\/estuche-skb-p-guit-acustica-1skb-17\\\/\",\"url\":\"https:\\\/\\\/www.mexicanguitarplayers.com\\\/tienda\\\/sin categor\u00eda\\\/estuche-skb-p-guit-acustica-1skb-17\\\/\",\"name\":\"ESTUCHE SKB P\\\/GUIT. ACUSTICA 1SKB-17 - Mexican Guitar Players\",\"isPartOf\":{\"@id\":\"https:\\\/\\\/www.mexicanguitarplayers.com\\\/#website\"},\"primaryImageOfPage\":{\"@id\":\"https:\\\/\\\/www.mexicanguitarplayers.com\\\/tienda\\\/sin categor\u00eda\\\/estuche-skb-p-guit-acustica-1skb-17\\\/#primaryimage\"},\"image\":{\"@id\":\"https:\\\/\\\/www.mexicanguitarplayers.com\\\/tienda\\\/sin categor\u00eda\\\/estuche-skb-p-guit-acustica-1skb-17\\\/#primaryimage\"},\"thumbnailUrl\":\"https:\\\/\\\/www.mexicanguitarplayers.com\\\/wp-content\\\/uploads\\\/2025\\\/04\\\/VASKB1SKB17.png\",\"datePublished\":\"2025-04-09T04:09:48+00:00\",\"dateModified\":\"2026-04-10T10:28:28+00:00\",\"description\":\"Estuche para guitarra ac\u00fastica, carcasa de estireno de caucho modificado de ingenier\u00eda propia, interior de espuma r\u00edgida EPS, seguros de liberaci\u00f3n patentados de fibra de vidrio reforzados con nylon, pestillos de bloqueo TSA, cenefa protegida, asa ergon\u00f3mica indestructible de caucho acolchado, soporte para el brazo de longitud completa, pies moldeados por inyecci\u00f3n, compartimento para accesorios, largo interior: 107.95 cm, largo exterior: 113.67 cm, ancho exterior: 50.17 cm, profundidad exterior: 17.78 cm, longitud del cuerpo del instrumento: 50.17 cm, profundidad del cuerpo del instrumento: 11.43 cm, parte ancha del instrumento: 40.01 cm, parte angosta del instrumento: 29.21 cm, profundidad en la tapa: 4.45 cm, profundidad en la base: 9.53 cm, peso: 4.31 kg.\",\"breadcrumb\":{\"@id\":\"https:\\\/\\\/www.mexicanguitarplayers.com\\\/tienda\\\/sin categor\u00eda\\\/estuche-skb-p-guit-acustica-1skb-17\\\/#breadcrumb\"},\"inLanguage\":\"en-US\",\"potentialAction\":[{\"@type\":\"ReadAction\",\"target\":[\"https:\\\/\\\/www.mexicanguitarplayers.com\\\/tienda\\\/sin categor\u00eda\\\/estuche-skb-p-guit-acustica-1skb-17\\\/\"]}]},{\"@type\":\"ImageObject\",\"inLanguage\":\"en-US\",\"@id\":\"https:\\\/\\\/www.mexicanguitarplayers.com\\\/tienda\\\/sin categor\u00eda\\\/estuche-skb-p-guit-acustica-1skb-17\\\/#primaryimage\",\"url\":\"https:\\\/\\\/www.mexicanguitarplayers.com\\\/wp-content\\\/uploads\\\/2025\\\/04\\\/VASKB1SKB17.png\",\"contentUrl\":\"https:\\\/\\\/www.mexicanguitarplayers.com\\\/wp-content\\\/uploads\\\/2025\\\/04\\\/VASKB1SKB17.png\",\"width\":1200,\"height\":1200},{\"@type\":\"BreadcrumbList\",\"@id\":\"https:\\\/\\\/www.mexicanguitarplayers.com\\\/tienda\\\/sin categor\u00eda\\\/estuche-skb-p-guit-acustica-1skb-17\\\/#breadcrumb\",\"itemListElement\":[{\"@type\":\"ListItem\",\"position\":1,\"name\":\"Portada\",\"item\":\"https:\\\/\\\/www.mexicanguitarplayers.com\\\/\"},{\"@type\":\"ListItem\",\"position\":2,\"name\":\"Tienda\",\"item\":\"https:\\\/\\\/www.mexicanguitarplayers.com\\\/tienda\\\/\"},{\"@type\":\"ListItem\",\"position\":3,\"name\":\"ESTUCHE SKB P\\\/GUIT. ACUSTICA 1SKB-17\"}]},{\"@type\":\"WebSite\",\"@id\":\"https:\\\/\\\/www.mexicanguitarplayers.com\\\/#website\",\"url\":\"https:\\\/\\\/www.mexicanguitarplayers.com\\\/\",\"name\":\"Mexican Guitar Players\",\"description\":\"Website\",\"publisher\":{\"@id\":\"https:\\\/\\\/www.mexicanguitarplayers.com\\\/#organization\"},\"potentialAction\":[{\"@type\":\"SearchAction\",\"target\":{\"@type\":\"EntryPoint\",\"urlTemplate\":\"https:\\\/\\\/www.mexicanguitarplayers.com\\\/?s={search_term_string}\"},\"query-input\":{\"@type\":\"PropertyValueSpecification\",\"valueRequired\":true,\"valueName\":\"search_term_string\"}}],\"inLanguage\":\"en-US\"},{\"@type\":\"Organization\",\"@id\":\"https:\\\/\\\/www.mexicanguitarplayers.com\\\/#organization\",\"name\":\"Mexican Guitar Players\",\"url\":\"https:\\\/\\\/www.mexicanguitarplayers.com\\\/\",\"logo\":{\"@type\":\"ImageObject\",\"inLanguage\":\"en-US\",\"@id\":\"https:\\\/\\\/www.mexicanguitarplayers.com\\\/#\\\/schema\\\/logo\\\/image\\\/\",\"url\":\"\",\"contentUrl\":\"\",\"caption\":\"Mexican Guitar Players\"},\"image\":{\"@id\":\"https:\\\/\\\/www.mexicanguitarplayers.com\\\/#\\\/schema\\\/logo\\\/image\\\/\"}}]}<\/script>\n<!-- \/ Yoast SEO plugin. -->","yoast_head_json":{"title":"ESTUCHE SKB P\/GUIT. ACUSTICA 1SKB-17 - Mexican Guitar Players","description":"Acoustic Guitar Case, In-house engineered rubber modified styrene shell, EPS rigid foam interior, patented nylon-reinforced fiberglass release latches, TSA locking latches, protected valance, ergonomic indestructible rubber-padded handle, music stand full-length tonearm, injection-molded feet, accessory compartment, interior length: 42&quot;, exterior length: 45&quot;, exterior width: 20&quot;, exterior depth: 7&quot;, body length: 20&quot;, neck depth instrument body: 11.43 cm, wide part of instrument: 40.01 cm, narrow part of instrument: 29.21 cm, depth at top: 4.45 cm, depth at base: 9.53 cm, weight: 4.31 kg.","robots":{"index":"index","follow":"follow","max-snippet":"max-snippet:-1","max-image-preview":"max-image-preview:large","max-video-preview":"max-video-preview:-1"},"canonical":"https:\/\/www.mexicanguitarplayers.com\/en\/tienda\/sin categor\u00eda\/estuche-skb-p-guit-acustica-1skb-17\/","og_locale":"en_US","og_type":"article","og_title":"ESTUCHE SKB P\/GUIT. ACUSTICA 1SKB-17 - Mexican Guitar Players","og_description":"Estuche para guitarra ac\u00fastica, carcasa de estireno de caucho modificado de ingenier\u00eda propia, interior de espuma r\u00edgida EPS, seguros de liberaci\u00f3n patentados de fibra de vidrio reforzados con nylon, pestillos de bloqueo TSA, cenefa protegida, asa ergon\u00f3mica indestructible de caucho acolchado, soporte para el brazo de longitud completa, pies moldeados por inyecci\u00f3n, compartimento para accesorios, largo interior: 107.95 cm, largo exterior: 113.67 cm, ancho exterior: 50.17 cm, profundidad exterior: 17.78 cm, longitud del cuerpo del instrumento: 50.17 cm, profundidad del cuerpo del instrumento: 11.43 cm, parte ancha del instrumento: 40.01 cm, parte angosta del instrumento: 29.21 cm, profundidad en la tapa: 4.45 cm, profundidad en la base: 9.53 cm, peso: 4.31 kg.","og_url":"https:\/\/www.mexicanguitarplayers.com\/en\/tienda\/sin categor\u00eda\/estuche-skb-p-guit-acustica-1skb-17\/","og_site_name":"Mexican Guitar Players","article_modified_time":"2026-04-10T10:28:28+00:00","twitter_card":"summary_large_image","twitter_misc":{"Est. reading time":"1 minute"},"schema":{"@context":"https:\/\/schema.org","@graph":[{"@type":["WebPage","ItemPage"],"@id":"https:\/\/www.mexicanguitarplayers.com\/tienda\/sin categor\u00eda\/estuche-skb-p-guit-acustica-1skb-17\/","url":"https:\/\/www.mexicanguitarplayers.com\/tienda\/sin categor\u00eda\/estuche-skb-p-guit-acustica-1skb-17\/","name":"ESTUCHE SKB P\/GUIT. ACUSTICA 1SKB-17 - Mexican Guitar Players","isPartOf":{"@id":"https:\/\/www.mexicanguitarplayers.com\/#website"},"primaryImageOfPage":{"@id":"https:\/\/www.mexicanguitarplayers.com\/tienda\/sin categor\u00eda\/estuche-skb-p-guit-acustica-1skb-17\/#primaryimage"},"image":{"@id":"https:\/\/www.mexicanguitarplayers.com\/tienda\/sin categor\u00eda\/estuche-skb-p-guit-acustica-1skb-17\/#primaryimage"},"thumbnailUrl":"https:\/\/www.mexicanguitarplayers.com\/wp-content\/uploads\/2025\/04\/VASKB1SKB17.png","datePublished":"2025-04-09T04:09:48+00:00","dateModified":"2026-04-10T10:28:28+00:00","description":"Acoustic Guitar Case, In-house engineered rubber modified styrene shell, EPS rigid foam interior, patented nylon-reinforced fiberglass release latches, TSA locking latches, protected valance, ergonomic indestructible rubber-padded handle, music stand full-length tonearm, injection-molded feet, accessory compartment, interior length: 42&quot;, exterior length: 45&quot;, exterior width: 20&quot;, exterior depth: 7&quot;, body length: 20&quot;, neck depth instrument body: 11.43 cm, wide part of instrument: 40.01 cm, narrow part of instrument: 29.21 cm, depth at top: 4.45 cm, depth at base: 9.53 cm, weight: 4.31 kg.","breadcrumb":{"@id":"https:\/\/www.mexicanguitarplayers.com\/tienda\/sin categor\u00eda\/estuche-skb-p-guit-acustica-1skb-17\/#breadcrumb"},"inLanguage":"en-US","potentialAction":[{"@type":"ReadAction","target":["https:\/\/www.mexicanguitarplayers.com\/tienda\/sin categor\u00eda\/estuche-skb-p-guit-acustica-1skb-17\/"]}]},{"@type":"ImageObject","inLanguage":"en-US","@id":"https:\/\/www.mexicanguitarplayers.com\/tienda\/sin categor\u00eda\/estuche-skb-p-guit-acustica-1skb-17\/#primaryimage","url":"https:\/\/www.mexicanguitarplayers.com\/wp-content\/uploads\/2025\/04\/VASKB1SKB17.png","contentUrl":"https:\/\/www.mexicanguitarplayers.com\/wp-content\/uploads\/2025\/04\/VASKB1SKB17.png","width":1200,"height":1200},{"@type":"BreadcrumbList","@id":"https:\/\/www.mexicanguitarplayers.com\/tienda\/sin categor\u00eda\/estuche-skb-p-guit-acustica-1skb-17\/#breadcrumb","itemListElement":[{"@type":"ListItem","position":1,"name":"Portada","item":"https:\/\/www.mexicanguitarplayers.com\/"},{"@type":"ListItem","position":2,"name":"Tienda","item":"https:\/\/www.mexicanguitarplayers.com\/tienda\/"},{"@type":"ListItem","position":3,"name":"ESTUCHE SKB P\/GUIT. ACUSTICA 1SKB-17"}]},{"@type":"WebSite","@id":"https:\/\/www.mexicanguitarplayers.com\/#website","url":"https:\/\/www.mexicanguitarplayers.com\/","name":"Mexican Guitar Players","description":"Website","publisher":{"@id":"https:\/\/www.mexicanguitarplayers.com\/#organization"},"potentialAction":[{"@type":"SearchAction","target":{"@type":"EntryPoint","urlTemplate":"https:\/\/www.mexicanguitarplayers.com\/?s={search_term_string}"},"query-input":{"@type":"PropertyValueSpecification","valueRequired":true,"valueName":"search_term_string"}}],"inLanguage":"en-US"},{"@type":"Organization","@id":"https:\/\/www.mexicanguitarplayers.com\/#organization","name":"Mexican Guitar Players","url":"https:\/\/www.mexicanguitarplayers.com\/","logo":{"@type":"ImageObject","inLanguage":"en-US","@id":"https:\/\/www.mexicanguitarplayers.com\/#\/schema\/logo\/image\/","url":"","contentUrl":"","caption":"Mexican Guitar Players"},"image":{"@id":"https:\/\/www.mexicanguitarplayers.com\/#\/schema\/logo\/image\/"}}]}},"brands":[{"id":609,"name":"SKB","slug":"skb"}],"_links":{"self":[{"href":"https:\/\/www.mexicanguitarplayers.com\/en\/wp-json\/wp\/v2\/product\/35336","targetHints":{"allow":["GET"]}}],"collection":[{"href":"https:\/\/www.mexicanguitarplayers.com\/en\/wp-json\/wp\/v2\/product"}],"about":[{"href":"https:\/\/www.mexicanguitarplayers.com\/en\/wp-json\/wp\/v2\/types\/product"}],"replies":[{"embeddable":true,"href":"https:\/\/www.mexicanguitarplayers.com\/en\/wp-json\/wp\/v2\/comments?post=35336"}],"wp:featuredmedia":[{"embeddable":true,"href":"https:\/\/www.mexicanguitarplayers.com\/en\/wp-json\/wp\/v2\/media\/35332"}],"wp:attachment":[{"href":"https:\/\/www.mexicanguitarplayers.com\/en\/wp-json\/wp\/v2\/media?parent=35336"}],"wp:term":[{"taxonomy":"pwb-brand","embeddable":true,"href":"https:\/\/www.mexicanguitarplayers.com\/en\/wp-json\/wp\/v2\/pwb-brand?post=35336"},{"taxonomy":"product_brand","embeddable":true,"href":"https:\/\/www.mexicanguitarplayers.com\/en\/wp-json\/wp\/v2\/product_brand?post=35336"},{"taxonomy":"product_cat","embeddable":true,"href":"https:\/\/www.mexicanguitarplayers.com\/en\/wp-json\/wp\/v2\/product_cat?post=35336"},{"taxonomy":"product_tag","embeddable":true,"href":"https:\/\/www.mexicanguitarplayers.com\/en\/wp-json\/wp\/v2\/product_tag?post=35336"}],"curies":[{"name":"wp","href":"https:\/\/api.w.org\/{rel}","templated":true}]}}