{"id":35338,"date":"2025-04-08T22:09:50","date_gmt":"2025-04-09T04:09:50","guid":{"rendered":"https:\/\/www.mexicanguitarplayers.com\/tienda\/sin categor\u00eda\/soporte-proel-p-microfono-mod-rsm-210\/"},"modified":"2026-04-10T04:28:27","modified_gmt":"2026-04-10T10:28:27","slug":"soporte-proel-p-microfono-mod-rsm-210","status":"publish","type":"product","link":"https:\/\/www.mexicanguitarplayers.com\/en\/tienda\/accesorios\/stands\/para-microfono\/soporte-proel-p-microfono-mod-rsm-210\/","title":{"rendered":"SOPORTE PROEL P\/MICROFONO MOD. RSM-210"},"content":{"rendered":"<div style=\"text-align: justify\">\n<div>\n<h3>La mejor tecnolog\u00eda italiana en soportes profesionales.<\/h3>\n<\/div>\n<div>Los soportes Proel est\u00e1n dise\u00f1ados para darte practicidad, resistencia y seguridad. Este soporte te permite agregar un micr\u00f3fono o un boom a cualquier stand de micr\u00f3fono optimizando espacio. La mejor tecnolog\u00eda Italiana a tu alcance.<\/div>\n<div>\n<h4>Quick look<\/h4>\n<\/div>\n<ul style=\"margin: 0px 0px 0px 25px\">\n<li style=\"list-style-type: circle;margin: 5px\">Altura.<\/li>\n<li style=\"list-style-type: circle;margin: 5px\">Weight.<\/li>\n<li style=\"list-style-type: circle;margin: 5px\">Boom.<\/li>\n<\/ul>\n<div>\n<div style=\"font-weight: bold\">Altura.<\/div>\n<div>\n<p>470 mm.<\/p>\n<\/div>\n<div style=\"font-weight: bold\">Weight.<\/div>\n<div>\n<p>1.1 Kg.<\/p>\n<\/div>\n<div style=\"font-weight: bold\">Boom.<\/div>\n<div>\n<p>550 mm.<\/p>\n<\/div>\n<\/div>\n<div>\n<h4>Characteristics<\/h4>\n<\/div>\n<div>\n<ul style=\"margin: 0px 0px 0px 25px\">\n<li style=\"list-style-type: circle;margin: 5px\">Este soporte permite agregar un boom a cualquier stand de micr\u00f3fono.<\/li>\n<\/ul>\n<\/div>\n<\/div>","protected":false},"excerpt":{"rendered":"<p>Soporte Proel para micr\u00f3fono. Modelo: RSM210. Brazo totalmente ajustable, compatible con todos los soportes PROEL para micr\u00f3fono. Altura: 470 mm. Peso: 1.1 Kg.Boom: 550 mm.&hellip; <a class=\"kt-excerpt-readmore more-link\" href=\"https:\/\/www.mexicanguitarplayers.com\/en\/tienda\/accesorios\/stands\/para-microfono\/soporte-proel-p-microfono-mod-rsm-210\/\">Read more<\/a><\/p>","protected":false},"featured_media":35337,"comment_status":"open","ping_status":"closed","template":"","meta":{"kt_blocks_editor_width":""},"pwb-brand":[252],"product_brand":[],"product_cat":[85,464,416],"product_tag":[],"class_list":{"0":"post-35338","1":"product","2":"type-product","3":"status-publish","4":"has-post-thumbnail","6":"pwb-brand-proel","7":"product_cat-accesorios","8":"product_cat-para-microfono","9":"product_cat-stands","10":"product_shipping_class-0-5-kg","12":"first","13":"outofstock","14":"taxable","15":"shipping-taxable","16":"purchasable","17":"product-type-simple"},"yoast_head":"<!-- This site is optimized with the Yoast SEO plugin v27.5 - https:\/\/yoast.com\/product\/yoast-seo-wordpress\/ -->\n<title>SOPORTE PROEL P\/MICROFONO MOD. RSM-210 - Mexican Guitar Players<\/title>\n<meta name=\"description\" content=\"Soporte Proel para micr\u00f3fono. Modelo: RSM210. Brazo totalmente ajustable, compatible con todos los soportes PROEL para micr\u00f3fono. Altura: 470 mm. Peso: 1.1 Kg.Boom: 550 mm.\" \/>\n<meta name=\"robots\" content=\"index, follow, max-snippet:-1, max-image-preview:large, max-video-preview:-1\" \/>\n<link rel=\"canonical\" href=\"https:\/\/www.mexicanguitarplayers.com\/en\/tienda\/sin%20categor\u00eda\/soporte-proel-p-microfono-mod-rsm-210\/\" \/>\n<meta property=\"og:locale\" content=\"en_US\" \/>\n<meta property=\"og:type\" content=\"article\" \/>\n<meta property=\"og:title\" content=\"SOPORTE PROEL P\/MICROFONO MOD. RSM-210 - Mexican Guitar Players\" \/>\n<meta property=\"og:description\" content=\"Soporte Proel para micr\u00f3fono. Modelo: RSM210. Brazo totalmente ajustable, compatible con todos los soportes PROEL para micr\u00f3fono. Altura: 470 mm. Peso: 1.1 Kg.Boom: 550 mm.\" \/>\n<meta property=\"og:url\" content=\"https:\/\/www.mexicanguitarplayers.com\/en\/tienda\/sin categor\u00eda\/soporte-proel-p-microfono-mod-rsm-210\/\" \/>\n<meta property=\"og:site_name\" content=\"Mexican Guitar Players\" \/>\n<meta property=\"article:modified_time\" content=\"2026-04-10T10:28:27+00:00\" \/>\n<meta name=\"twitter:card\" content=\"summary_large_image\" \/>\n<script type=\"application\/ld+json\" class=\"yoast-schema-graph\">{\"@context\":\"https:\\\/\\\/schema.org\",\"@graph\":[{\"@type\":[\"WebPage\",\"ItemPage\"],\"@id\":\"https:\\\/\\\/www.mexicanguitarplayers.com\\\/tienda\\\/sin categor\u00eda\\\/soporte-proel-p-microfono-mod-rsm-210\\\/\",\"url\":\"https:\\\/\\\/www.mexicanguitarplayers.com\\\/tienda\\\/sin categor\u00eda\\\/soporte-proel-p-microfono-mod-rsm-210\\\/\",\"name\":\"SOPORTE PROEL P\\\/MICROFONO MOD. RSM-210 - Mexican Guitar Players\",\"isPartOf\":{\"@id\":\"https:\\\/\\\/www.mexicanguitarplayers.com\\\/#website\"},\"primaryImageOfPage\":{\"@id\":\"https:\\\/\\\/www.mexicanguitarplayers.com\\\/tienda\\\/sin categor\u00eda\\\/soporte-proel-p-microfono-mod-rsm-210\\\/#primaryimage\"},\"image\":{\"@id\":\"https:\\\/\\\/www.mexicanguitarplayers.com\\\/tienda\\\/sin categor\u00eda\\\/soporte-proel-p-microfono-mod-rsm-210\\\/#primaryimage\"},\"thumbnailUrl\":\"https:\\\/\\\/www.mexicanguitarplayers.com\\\/wp-content\\\/uploads\\\/2025\\\/04\\\/VAPRERSM210.jpg\",\"datePublished\":\"2025-04-09T04:09:50+00:00\",\"dateModified\":\"2026-04-10T10:28:27+00:00\",\"description\":\"Soporte Proel para micr\u00f3fono. Modelo: RSM210. Brazo totalmente ajustable, compatible con todos los soportes PROEL para micr\u00f3fono. Altura: 470 mm. Peso: 1.1 Kg.Boom: 550 mm.\",\"breadcrumb\":{\"@id\":\"https:\\\/\\\/www.mexicanguitarplayers.com\\\/tienda\\\/sin categor\u00eda\\\/soporte-proel-p-microfono-mod-rsm-210\\\/#breadcrumb\"},\"inLanguage\":\"en-US\",\"potentialAction\":[{\"@type\":\"ReadAction\",\"target\":[\"https:\\\/\\\/www.mexicanguitarplayers.com\\\/tienda\\\/sin categor\u00eda\\\/soporte-proel-p-microfono-mod-rsm-210\\\/\"]}]},{\"@type\":\"ImageObject\",\"inLanguage\":\"en-US\",\"@id\":\"https:\\\/\\\/www.mexicanguitarplayers.com\\\/tienda\\\/sin categor\u00eda\\\/soporte-proel-p-microfono-mod-rsm-210\\\/#primaryimage\",\"url\":\"https:\\\/\\\/www.mexicanguitarplayers.com\\\/wp-content\\\/uploads\\\/2025\\\/04\\\/VAPRERSM210.jpg\",\"contentUrl\":\"https:\\\/\\\/www.mexicanguitarplayers.com\\\/wp-content\\\/uploads\\\/2025\\\/04\\\/VAPRERSM210.jpg\",\"width\":1200,\"height\":1200},{\"@type\":\"BreadcrumbList\",\"@id\":\"https:\\\/\\\/www.mexicanguitarplayers.com\\\/tienda\\\/sin categor\u00eda\\\/soporte-proel-p-microfono-mod-rsm-210\\\/#breadcrumb\",\"itemListElement\":[{\"@type\":\"ListItem\",\"position\":1,\"name\":\"Portada\",\"item\":\"https:\\\/\\\/www.mexicanguitarplayers.com\\\/\"},{\"@type\":\"ListItem\",\"position\":2,\"name\":\"Tienda\",\"item\":\"https:\\\/\\\/www.mexicanguitarplayers.com\\\/tienda\\\/\"},{\"@type\":\"ListItem\",\"position\":3,\"name\":\"SOPORTE PROEL P\\\/MICROFONO MOD. RSM-210\"}]},{\"@type\":\"WebSite\",\"@id\":\"https:\\\/\\\/www.mexicanguitarplayers.com\\\/#website\",\"url\":\"https:\\\/\\\/www.mexicanguitarplayers.com\\\/\",\"name\":\"Mexican Guitar Players\",\"description\":\"Website\",\"publisher\":{\"@id\":\"https:\\\/\\\/www.mexicanguitarplayers.com\\\/#organization\"},\"potentialAction\":[{\"@type\":\"SearchAction\",\"target\":{\"@type\":\"EntryPoint\",\"urlTemplate\":\"https:\\\/\\\/www.mexicanguitarplayers.com\\\/?s={search_term_string}\"},\"query-input\":{\"@type\":\"PropertyValueSpecification\",\"valueRequired\":true,\"valueName\":\"search_term_string\"}}],\"inLanguage\":\"en-US\"},{\"@type\":\"Organization\",\"@id\":\"https:\\\/\\\/www.mexicanguitarplayers.com\\\/#organization\",\"name\":\"Mexican Guitar Players\",\"url\":\"https:\\\/\\\/www.mexicanguitarplayers.com\\\/\",\"logo\":{\"@type\":\"ImageObject\",\"inLanguage\":\"en-US\",\"@id\":\"https:\\\/\\\/www.mexicanguitarplayers.com\\\/#\\\/schema\\\/logo\\\/image\\\/\",\"url\":\"\",\"contentUrl\":\"\",\"caption\":\"Mexican Guitar Players\"},\"image\":{\"@id\":\"https:\\\/\\\/www.mexicanguitarplayers.com\\\/#\\\/schema\\\/logo\\\/image\\\/\"}}]}<\/script>\n<!-- \/ Yoast SEO plugin. -->","yoast_head_json":{"title":"SOPORTE PROEL P\/MICROFONO MOD. RSM-210 - Mexican Guitar Players","description":"Soporte Proel para micr\u00f3fono. Modelo: RSM210. Brazo totalmente ajustable, compatible con todos los soportes PROEL para micr\u00f3fono. Altura: 470 mm. Peso: 1.1 Kg.Boom: 550 mm.","robots":{"index":"index","follow":"follow","max-snippet":"max-snippet:-1","max-image-preview":"max-image-preview:large","max-video-preview":"max-video-preview:-1"},"canonical":"https:\/\/www.mexicanguitarplayers.com\/en\/tienda\/sin categor\u00eda\/soporte-proel-p-microfono-mod-rsm-210\/","og_locale":"en_US","og_type":"article","og_title":"SOPORTE PROEL P\/MICROFONO MOD. RSM-210 - Mexican Guitar Players","og_description":"Soporte Proel para micr\u00f3fono. Modelo: RSM210. Brazo totalmente ajustable, compatible con todos los soportes PROEL para micr\u00f3fono. Altura: 470 mm. Peso: 1.1 Kg.Boom: 550 mm.","og_url":"https:\/\/www.mexicanguitarplayers.com\/en\/tienda\/sin categor\u00eda\/soporte-proel-p-microfono-mod-rsm-210\/","og_site_name":"Mexican Guitar Players","article_modified_time":"2026-04-10T10:28:27+00:00","twitter_card":"summary_large_image","schema":{"@context":"https:\/\/schema.org","@graph":[{"@type":["WebPage","ItemPage"],"@id":"https:\/\/www.mexicanguitarplayers.com\/tienda\/sin categor\u00eda\/soporte-proel-p-microfono-mod-rsm-210\/","url":"https:\/\/www.mexicanguitarplayers.com\/tienda\/sin categor\u00eda\/soporte-proel-p-microfono-mod-rsm-210\/","name":"SOPORTE PROEL P\/MICROFONO MOD. RSM-210 - Mexican Guitar Players","isPartOf":{"@id":"https:\/\/www.mexicanguitarplayers.com\/#website"},"primaryImageOfPage":{"@id":"https:\/\/www.mexicanguitarplayers.com\/tienda\/sin categor\u00eda\/soporte-proel-p-microfono-mod-rsm-210\/#primaryimage"},"image":{"@id":"https:\/\/www.mexicanguitarplayers.com\/tienda\/sin categor\u00eda\/soporte-proel-p-microfono-mod-rsm-210\/#primaryimage"},"thumbnailUrl":"https:\/\/www.mexicanguitarplayers.com\/wp-content\/uploads\/2025\/04\/VAPRERSM210.jpg","datePublished":"2025-04-09T04:09:50+00:00","dateModified":"2026-04-10T10:28:27+00:00","description":"Soporte Proel para micr\u00f3fono. Modelo: RSM210. Brazo totalmente ajustable, compatible con todos los soportes PROEL para micr\u00f3fono. Altura: 470 mm. Peso: 1.1 Kg.Boom: 550 mm.","breadcrumb":{"@id":"https:\/\/www.mexicanguitarplayers.com\/tienda\/sin categor\u00eda\/soporte-proel-p-microfono-mod-rsm-210\/#breadcrumb"},"inLanguage":"en-US","potentialAction":[{"@type":"ReadAction","target":["https:\/\/www.mexicanguitarplayers.com\/tienda\/sin categor\u00eda\/soporte-proel-p-microfono-mod-rsm-210\/"]}]},{"@type":"ImageObject","inLanguage":"en-US","@id":"https:\/\/www.mexicanguitarplayers.com\/tienda\/sin categor\u00eda\/soporte-proel-p-microfono-mod-rsm-210\/#primaryimage","url":"https:\/\/www.mexicanguitarplayers.com\/wp-content\/uploads\/2025\/04\/VAPRERSM210.jpg","contentUrl":"https:\/\/www.mexicanguitarplayers.com\/wp-content\/uploads\/2025\/04\/VAPRERSM210.jpg","width":1200,"height":1200},{"@type":"BreadcrumbList","@id":"https:\/\/www.mexicanguitarplayers.com\/tienda\/sin categor\u00eda\/soporte-proel-p-microfono-mod-rsm-210\/#breadcrumb","itemListElement":[{"@type":"ListItem","position":1,"name":"Portada","item":"https:\/\/www.mexicanguitarplayers.com\/"},{"@type":"ListItem","position":2,"name":"Tienda","item":"https:\/\/www.mexicanguitarplayers.com\/tienda\/"},{"@type":"ListItem","position":3,"name":"SOPORTE PROEL P\/MICROFONO MOD. RSM-210"}]},{"@type":"WebSite","@id":"https:\/\/www.mexicanguitarplayers.com\/#website","url":"https:\/\/www.mexicanguitarplayers.com\/","name":"Mexican Guitar Players","description":"Website","publisher":{"@id":"https:\/\/www.mexicanguitarplayers.com\/#organization"},"potentialAction":[{"@type":"SearchAction","target":{"@type":"EntryPoint","urlTemplate":"https:\/\/www.mexicanguitarplayers.com\/?s={search_term_string}"},"query-input":{"@type":"PropertyValueSpecification","valueRequired":true,"valueName":"search_term_string"}}],"inLanguage":"en-US"},{"@type":"Organization","@id":"https:\/\/www.mexicanguitarplayers.com\/#organization","name":"Mexican Guitar Players","url":"https:\/\/www.mexicanguitarplayers.com\/","logo":{"@type":"ImageObject","inLanguage":"en-US","@id":"https:\/\/www.mexicanguitarplayers.com\/#\/schema\/logo\/image\/","url":"","contentUrl":"","caption":"Mexican Guitar Players"},"image":{"@id":"https:\/\/www.mexicanguitarplayers.com\/#\/schema\/logo\/image\/"}}]}},"brands":[{"id":252,"name":"PROEL","slug":"proel"}],"_links":{"self":[{"href":"https:\/\/www.mexicanguitarplayers.com\/en\/wp-json\/wp\/v2\/product\/35338","targetHints":{"allow":["GET"]}}],"collection":[{"href":"https:\/\/www.mexicanguitarplayers.com\/en\/wp-json\/wp\/v2\/product"}],"about":[{"href":"https:\/\/www.mexicanguitarplayers.com\/en\/wp-json\/wp\/v2\/types\/product"}],"replies":[{"embeddable":true,"href":"https:\/\/www.mexicanguitarplayers.com\/en\/wp-json\/wp\/v2\/comments?post=35338"}],"wp:featuredmedia":[{"embeddable":true,"href":"https:\/\/www.mexicanguitarplayers.com\/en\/wp-json\/wp\/v2\/media\/35337"}],"wp:attachment":[{"href":"https:\/\/www.mexicanguitarplayers.com\/en\/wp-json\/wp\/v2\/media?parent=35338"}],"wp:term":[{"taxonomy":"pwb-brand","embeddable":true,"href":"https:\/\/www.mexicanguitarplayers.com\/en\/wp-json\/wp\/v2\/pwb-brand?post=35338"},{"taxonomy":"product_brand","embeddable":true,"href":"https:\/\/www.mexicanguitarplayers.com\/en\/wp-json\/wp\/v2\/product_brand?post=35338"},{"taxonomy":"product_cat","embeddable":true,"href":"https:\/\/www.mexicanguitarplayers.com\/en\/wp-json\/wp\/v2\/product_cat?post=35338"},{"taxonomy":"product_tag","embeddable":true,"href":"https:\/\/www.mexicanguitarplayers.com\/en\/wp-json\/wp\/v2\/product_tag?post=35338"}],"curies":[{"name":"wp","href":"https:\/\/api.w.org\/{rel}","templated":true}]}}